{"id":15734,"date":"2023-07-15T07:42:45","date_gmt":"2023-07-15T07:42:45","guid":{"rendered":"https:\/\/www.ticketswhales.com\/2-hours-kayak-los-haitises\/"},"modified":"2023-07-15T07:42:45","modified_gmt":"2023-07-15T07:42:45","slug":"2-hours-kayak-los-haitises","status":"publish","type":"page","link":"https:\/\/www.boattoursamana.com\/fi\/2-tunnin-kajakki-los-haitises","title":{"rendered":"2 tuntia kajakki Los Haitises"},"content":{"rendered":"<p>Retki Los Haitisesin kansallispuistoon alkaen Sabana de la Marista tai Ca\u00f1o Hondo -hotelleista. Mangrovemelonta Los Haitisesin kansallispuistossa paikallisen oppaan kanssa. Vierailu mangroveilla Ca\u00f1o Hondo -joella sek\u00e4 yleiskatsaus San Lorenzon lahdelle Los Haitisesin kansallispuistossa, Sabana de la Mar Ca\u00f1o Hondon alueella. Jos olet kiinnostunut vierailemaan my\u00f6s luolissa, varaa 4 tunnin melonta <a href=\"https:\/\/www.boattoursamana.com\/fi\/tours-excursions\/melonta\/melonta-los-haitisesissa-retkella-opas-kano-hondosta-4-tuntia\/\">matka t\u00e4nne.<\/a><br \/>\nn<\/p>\n<ul>\nn \t<\/p>\n<li style=\"font-weight: 400;\"><span style=\"font-weight: 400;\">Oppaassa annetaan ohjeita ja valvontaa<\/span><\/li>\n<p>n \t<\/p>\n<li>Kajakit ja melat saatavilla Doble kahdelle hengelle ja Simple yhdelle hengelle.<\/li>\n<p>n<\/ul>\n<p>n&nbsp;<br \/>\nn<br \/>\nnAseta t\u00e4m\u00e4 kiertue retkeilyreitill\u00e4 ja opi Los Haitisesin kansallispuiston historiasta paikallisten kanssa.<br \/>\nn<br \/>\nn&nbsp;<br \/>\nn<br \/>\nn<strong>Valitse p\u00e4iv\u00e4m\u00e4\u00e4r\u00e4 kiertueelle\u00a0<\/strong><\/p>\n<p>&nbsp;<\/p>\n<div class=\"vc_row wpb_row vc_row-fluid\" ><div class=\"wpb_column vc_column_container vc_col-sm-12\"><div class=\"vc_column-inner\"><div class=\"wpb_wrapper\"><div class=\"vc_btn3-container vc_btn3-inline\" ><a class=\"vc_general vc_btn3 vc_btn3-size-md vc_btn3-shape-rounded vc_btn3-style-modern vc_btn3-color-green\" href=\"https:\/\/bookingadventures.tours\/booking.php?tour_id=76244158e4bf48f84872b711d82fa754\" title=\"\" rel=\"noopener\">VARAA NYT<\/a><\/div><div class=\"mkdf-section-title-holder\" style=\"text-align: left\">\n\t<div class=\"mkdf-st-inner\">\n\t\t\t\t\t<h5 class=\"mkdf-st-subtitle\" >\n\t\t\t\tKajakit ja paikallinen opas\t\t\t<\/h5>\n\t\t\t\t\t\t\t<h3 class=\"mkdf-st-title\" >\n\t\t\t\tMelonta Los Haitisesin kansallispuistossa Ca\u00f1o Hondon oppaan kanssa 2 tuntia\t\t\t<\/h3>\n\t\t\t\t\t<\/div>\n<\/div><\/div><\/div><\/div><\/div><div class=\"vc_row wpb_row vc_row-fluid\" ><div class=\"wpb_column vc_column_container vc_col-sm-12\"><div class=\"vc_column-inner\"><div class=\"wpb_wrapper\"><div class=\"vc_empty_space\"   style=\"height: 32px\"><span class=\"vc_empty_space_inner\"><\/span><\/div><\/div><\/div><\/div><\/div><div class=\"vc_row wpb_row vc_row-fluid\" ><div class=\"wpb_column vc_column_container vc_col-sm-12\"><div class=\"vc_column-inner\"><div class=\"wpb_wrapper\">\n\t<div class=\"wpb_text_column wpb_content_element\" >\n\t\t<div class=\"wpb_wrapper\">\n\t\t\t<p>\nn<\/p>\n<h4><b><i>Yleiskatsaus <\/i><\/b><\/h4>\n<p>nKajakilla mangroveja Los Haitisesin kansallispuistossa paikallisen oppaan kanssa 2 tuntia. Vierailu mangroveilla Cano Hondo -joella sek\u00e4 yleiskatsaus San Lorenzon lahdelle Los Haitisesin kansallispuistossa, Sabana de la mar Cano Hondon alueella. Jos pid\u00e4t pidemp\u00e4\u00e4n: <a href=\"https:\/\/www.boattoursamana.com\/fi\/tours-excursions\/melonta\/melonta-los-haitisesissa-retkella-opas-kano-hondosta-4-tuntia\/\"><strong>4 tunnin melonta Los Haitisesissa.<\/strong><\/a><br \/>\nn<\/p>\n<ul>\nn \t<\/p>\n<li style=\"font-weight: 400;\"><span style=\"font-weight: 400;\">Oppaassa annetaan ohjeita ja valvontaa<\/span><\/li>\n<p>n \t<\/p>\n<li>Kajakit ja melat saatavilla Doble kahdelle hengelle ja Simple yhdelle hengelle.<\/li>\n<p>n<\/ul>\n<p>n&nbsp;<br \/>\nn<\/p>\n<h4><b>Sis\u00e4llytykset ja poissulkemiset<\/b><\/h4>\n<p>n&nbsp;<br \/>\nn<br \/>\nn<b>Sis\u00e4llytykset<\/b><br \/>\nn<br \/>\nn&nbsp;<br \/>\nn<\/p>\n<ol>\nn \t<\/p>\n<li style=\"font-weight: 400;\">Melontaretki<\/li>\n<p>n \t<\/p>\n<li style=\"font-weight: 400;\"><span style=\"font-weight: 400;\">Kaikki verot, maksut ja k\u00e4sittelykulut<\/span><\/li>\n<p>n \t<\/p>\n<li style=\"font-weight: 400;\"><span style=\"font-weight: 400;\">Paikalliset verot<\/span><\/li>\n<p>n \t<\/p>\n<li style=\"font-weight: 400;\"><span style=\"font-weight: 400;\">Paikallinen opas<\/span><\/li>\n<p>n<\/ol>\n<p>n<b> Poikkeukset<\/b><br \/>\nn<\/p>\n<ol>\nn \t<\/p>\n<li style=\"font-weight: 400;\"><span style=\"font-weight: 400;\">Juomarahat<\/span><\/li>\n<p>n \t<\/p>\n<li style=\"font-weight: 400;\"><span style=\"font-weight: 400;\">Siirto<\/span><\/li>\n<p>n \t<\/p>\n<li>Lounas ei sis\u00e4lly hintaan<\/li>\n<p>n \t<\/p>\n<li>Luolat eiv\u00e4t sis\u00e4lly hintaan<\/li>\n<p>n \t<\/p>\n<li style=\"font-weight: 400;\"><span style=\"font-weight: 400;\">Alkoholijuomat<\/span><\/li>\n<p>n<\/ol>\n<p>n&nbsp;<br \/>\nn<\/p>\n<h4><em><strong>L\u00e4ht\u00f6 &amp; paluu<\/strong><\/em><\/h4>\n<p>n<span style=\"font-weight: 400;\">Matkustaja saa tapaamispaikan varausprosessin j\u00e4lkeen. Kierrokset alkavat ja p\u00e4\u00e4ttyv\u00e4t kohtaamispaikoissamme.<\/span><br \/>\nn<br \/>\nn&nbsp;<br \/>\nn<\/p>\n<h4><b><i>Mit\u00e4 odottaa?<\/i><\/b><\/h4>\n<p>n&nbsp;<br \/>\nn<br \/>\nn<em><strong>Hanki liput<\/strong><\/em> vierailemaan 2 tuntia melomalla Ca\u00f1o Hondo -joen mets\u00e4ss\u00e4 (mangrovemets\u00e4ss\u00e4) paikallisten matkaoppaiden kanssa.<br \/>\nn<br \/>\nnKun saamme kaikentyyppiset turvallisuutesi edellytt\u00e4m\u00e4t varusteet (pelastusliivit jne.), toiminta alkaa melonta Ca\u00f1o Hondo port Riverist\u00e4.<br \/>\nn<br \/>\nn<span style=\"font-weight: 400;\">\"Booking Adventuresin\" j\u00e4rjest\u00e4m\u00e4 kierros alkaa matkanjohtajan kanssa sovitusta tapaamispaikasta. <\/span>Matkusta kajakeilla ja kulje mangrovesuiden l\u00e4pi, muinaisten merirosvoluolien ohi ja suojeltuihin metsiin t\u00e4ll\u00e4 vieh\u00e4tt\u00e4v\u00e4ll\u00e4 luonnonsuojelualueella, joka alkaa Cano Hondo Hotels -alueelta tai Sabana de la Marista,<br \/>\nn<\/p>\n<div class=\"body-description secondary\">\nn<br \/>\nnTule Booking Adventuresin kanssa ja aloita lintujen t\u00e4ytt\u00e4mien mangrovemetsien, rehev\u00e4n kasvillisuuden kumpuilevien kukkuloiden ja <em><strong>Los Haitisesin kansallispuisto<\/strong><\/em>. Kajakkiretkelle Cano Hondo -joesta, Sabana de la Marista. Mangrovemetsien ja maan l\u00e4pi avoimella San Lorenzon lahdella, josta voit kuvata karua mets\u00e4maisemaa. Katso veteen havaitaksesi <em><strong>Manaatit<\/strong><\/em>, \u00e4yri\u00e4iset ja <em><strong>delfiinej\u00e4.<\/strong><\/em><br \/>\nn<br \/>\nnJos pid\u00e4t t\u00e4st\u00e4 matkasta pidemp\u00e4\u00e4n, meill\u00e4 on toinen vaihtoehto: <a href=\"https:\/\/www.boattoursamana.com\/fi\/tours-excursions\/melonta\/melonta-los-haitisesissa-retkella-opas-kano-hondosta-4-tuntia\/\"><em><strong>Melonta Los Haitisesissa 4 tuntia<\/strong><\/em><\/a><br \/>\nn<br \/>\nnKiertue p\u00e4\u00e4ttyy l\u00e4ht\u00f6pisteeseen Los Haitisesin kansallispuistossa. Suosittelemme t\u00e4t\u00e4 matkaa klo 6.00, jos haluat n\u00e4hd\u00e4 <em><strong>Manaatit<\/strong><\/em>, \u00e4yri\u00e4iset ja <em><strong>delfiinej\u00e4.<\/strong><\/em><br \/>\nn<br \/>\nn<\/div>\n<p>n<em><strong>6:00 AM<\/strong><\/em> on aikaisin, joten Los Haitisesin kansallispuistossa ei ole viel\u00e4 veneit\u00e4.<br \/>\nn<\/p>\n<h4><em><strong>Mit\u00e4 kannattaa ottaa mukaan?<\/strong><\/em><\/h4>\n<p>n<\/p>\n<ul>\nn \t<\/p>\n<li style=\"font-weight: 400;\"><span style=\"font-weight: 400;\">Kamera<\/span><\/li>\n<p>n \t<\/p>\n<li style=\"font-weight: 400;\"><span style=\"font-weight: 400;\">Hylkiv\u00e4 silmut<\/span><\/li>\n<p>n \t<\/p>\n<li style=\"font-weight: 400;\"><span style=\"font-weight: 400;\">aurinkovoide<\/span><\/li>\n<p>n \t<\/p>\n<li style=\"font-weight: 400;\"><span style=\"font-weight: 400;\">Hattu<\/span><\/li>\n<p>n \t<\/p>\n<li style=\"font-weight: 400;\"><span style=\"font-weight: 400;\">Mukavat housut<\/span><\/li>\n<p>n \t<\/p>\n<li style=\"font-weight: 400;\"><span style=\"font-weight: 400;\">Sandaalit\u00a0<\/span><\/li>\n<p>n \t<\/p>\n<li style=\"font-weight: 400;\"><span style=\"font-weight: 400;\">Uima-asu<\/span><\/li>\n<p>n<\/ul>\n<p>n&nbsp;<br \/>\nn<\/p>\n<h4><b><i>Hotellin nouto <\/i><\/b><\/h4>\n<p>n<span style=\"font-weight: 400;\">Hotellin noutoa ei tarjota t\u00e4ll\u00e4 kiertueella. <\/span><br \/>\nn<br \/>\nn&nbsp;<br \/>\nn<br \/>\nn<b>Huom:<\/b><span style=\"font-weight: 400;\"> jos varaus tehd\u00e4\u00e4n 24 tunnin kuluessa kiertueen\/retken l\u00e4ht\u00f6ajasta, voimme j\u00e4rjest\u00e4\u00e4 hotellin nouto lis\u00e4maksusta. Kun ostoksesi on tehty, l\u00e4het\u00e4mme sinulle t\u00e4ydelliset yhteystiedot (puhelinnumero, s\u00e4hk\u00f6postiosoite jne.) paikalliselle matkanjohtajallemme noutoj\u00e4rjestelyjen j\u00e4rjest\u00e4miseksi.<\/span><br \/>\nn<\/p>\n<h4><b><i>Lis\u00e4tietoja Vahvistus <\/i><\/b><\/h4>\n<p>n<\/p>\n<ol>\nn \t<\/p>\n<li>Liput ovat kuitti maksettuasi t\u00e4m\u00e4n Tour. Voit n\u00e4ytt\u00e4\u00e4 maksun puhelimellasi.<\/li>\n<p>n \t<\/p>\n<li style=\"font-weight: 400;\"><span style=\"font-weight: 400;\">Kokouspaikka saadaan varausprosessin j\u00e4lkeen.<\/span><\/li>\n<p>n \t<\/p>\n<li style=\"font-weight: 400;\"><span style=\"font-weight: 400;\">Lasten mukana on oltava aikuinen.<\/span><\/li>\n<p>n \t<\/p>\n<li style=\"font-weight: 400;\"><span style=\"font-weight: 400;\"> Ei esteet\u00f6n py\u00f6r\u00e4tuolilla <\/span><\/li>\n<p>n \t<\/p>\n<li style=\"font-weight: 400;\"><span style=\"font-weight: 400;\">Pikkulasten on istuttava syliss\u00e4 <\/span><\/li>\n<p>n \t<\/p>\n<li style=\"font-weight: 400;\"><span style=\"font-weight: 400;\">Ei suositella matkustajille, joilla on selk\u00e4vaivoja<\/span><\/li>\n<p>n \t<\/p>\n<li style=\"font-weight: 400;\"><span style=\"font-weight: 400;\">Ei suositella raskaana oleville matkustajille <\/span><\/li>\n<p>n \t<\/p>\n<li style=\"font-weight: 400;\"><span style=\"font-weight: 400;\"> Ei syd\u00e4nongelmia tai muita vakavia sairauksia <\/span><\/li>\n<p>n \t<\/p>\n<li style=\"font-weight: 400;\"><span style=\"font-weight: 400;\">Useimmat matkustajat voivat osallistua<\/span><\/li>\n<p>n<\/ol>\n<p>n<\/p>\n<h4><b><i>Peruutusehdot<\/i><\/b><\/h4>\n<p>nLue peruutusk\u00e4yt\u00e4nt\u00f6mme, jos haluat t\u00e4yden hyvityksen.\u00a0<a href=\"https:\/\/www.boattoursamana.com\/fi\/online-varaukset\/\" target=\"_blank\" rel=\"noopener\" data-saferedirecturl=\"https:\/\/www.google.com\/url?q=https:\/\/www.boattoursamana.com\/online-booking\/&amp;source=gmail&amp;ust=1672532492004000&amp;usg=AOvVaw3ylqI1cdbIPTimEqEWneyd\">Klikkaa t\u00e4st\u00e4<\/a>. Varat menetet\u00e4\u00e4n, jos varaus peruutetaan samana matkap\u00e4iv\u00e4n\u00e4.<\/p>\n\n\t\t<\/div>\n\t<\/div>\n<div class=\"vc_btn3-container vc_btn3-inline\" ><a class=\"vc_general vc_btn3 vc_btn3-size-md vc_btn3-shape-rounded vc_btn3-style-modern vc_btn3-color-green\" href=\"https:\/\/bookingadventures.tours\/booking.php?tour_id=76244158e4bf48f84872b711d82fa754\" title=\"\" rel=\"noopener\">VARAA NYT<\/a><\/div><\/div><\/div><\/div><\/div><div class=\"vc_row wpb_row vc_row-fluid\" ><div class=\"wpb_column vc_column_container vc_col-sm-12\"><div class=\"vc_column-inner\"><div class=\"wpb_wrapper\"><div class=\"vc_empty_space\"   style=\"height: 32px\"><span class=\"vc_empty_space_inner\"><\/span><\/div>\n\t<div class=\"wpb_text_column wpb_content_element\" >\n\t\t<div class=\"wpb_wrapper\">\n\t\t\t<p>\nn<\/p>\n<h4>Ota yhteytt\u00e4?<\/h4>\n<p>n<\/p>\n<h5><em><strong>Seikkailujen varaaminen<\/strong><\/em><\/h5>\n<p>n<em><strong>Paikalliset<\/strong> ja <strong>Kansalliset<\/strong> Matkaoppaat &amp; vieraspalvelut<\/em><br \/>\nn<br \/>\nn<span class=\"text-turquoise\">Varaukset:<\/span> Retket ja retket Dom. Rep.<br \/>\nn<br \/>\nn<img decoding=\"async\" class=\"emoji\" draggable=\"false\" src=\"https:\/\/s.w.org\/images\/core\/emoji\/11.2.0\/svg\/1f4de.svg\" alt=\" \" title=\"\"> Puh \/ Whatsapp\u00a0 <a href=\"tel:+1-809-720-6035\">+1-809-720-6035<\/a>.<br \/>\nn<br \/>\nn<img decoding=\"async\" class=\"emoji\" draggable=\"false\" src=\"https:\/\/s.w.org\/images\/core\/emoji\/11.2.0\/svg\/1f4e9.svg\" alt=\" \" title=\"\"> <a href=\"mailto:info@bookingadventures.com.do\">info@bookingadventures.com.do<\/a><br \/>\nn<br \/>\nn<strong>Olemme joustavia Asetukset Yksityiset matkat Whatsappilla: <a href=\"tel:+18097206035\">+18097206035.<\/a><\/strong><\/p>\n\n\t\t<\/div>\n\t<\/div>\n<div class=\"vc_empty_space\"   style=\"height: 32px\"><span class=\"vc_empty_space_inner\"><\/span><\/div><\/div><\/div><\/div><\/div><div class=\"vc_row wpb_row vc_row-fluid\" ><div class=\"wpb_column vc_column_container vc_col-sm-12\"><div class=\"vc_column-inner\"><div class=\"wpb_wrapper\"><div class=\"vc_btn3-container vc_btn3-inline\" ><a class=\"vc_general vc_btn3 vc_btn3-size-md vc_btn3-shape-rounded vc_btn3-style-modern vc_btn3-color-green\" href=\"https:\/\/bookingadventures.tours\/booking.php?tour_id=76244158e4bf48f84872b711d82fa754\" title=\"\" rel=\"noopener\">VARAA NYT<\/a><\/div><\/div><\/div><\/div><\/div><div class=\"vc_row wpb_row vc_row-fluid\" ><div class=\"wpb_column vc_column_container vc_col-sm-12\"><div class=\"vc_column-inner\"><div class=\"wpb_wrapper\"><\/div><\/div><\/div><\/div>","protected":false},"excerpt":{"rendered":"<p>Excursion to Los Haitises National Park starting from Sabana de la Mar or Ca\u00f1o Hondo Hotels. Kayaking Mangroves in Los Haitises National Park with a local tour guide. Visiting Mangroves in Ca\u00f1o Hondo River plus an Overview of the San Lorenzo Bay in Los Haitises National park, Sabana de la Mar Ca\u00f1o Hondo area. If you are interested in visit also the caves please book 4 Hours Kayaking trip here. n n The guide provides instruction and Supervision n Kayaks [&hellip;]<\/p>\n","protected":false},"author":2,"featured_media":0,"parent":0,"menu_order":0,"comment_status":"open","ping_status":"closed","template":"","meta":{"footnotes":""},"class_list":["post-15734","page","type-page","status-publish","hentry"],"_links":{"self":[{"href":"https:\/\/www.boattoursamana.com\/fi\/wp-json\/wp\/v2\/pages\/15734","targetHints":{"allow":["GET"]}}],"collection":[{"href":"https:\/\/www.boattoursamana.com\/fi\/wp-json\/wp\/v2\/pages"}],"about":[{"href":"https:\/\/www.boattoursamana.com\/fi\/wp-json\/wp\/v2\/types\/page"}],"author":[{"embeddable":true,"href":"https:\/\/www.boattoursamana.com\/fi\/wp-json\/wp\/v2\/users\/2"}],"replies":[{"embeddable":true,"href":"https:\/\/www.boattoursamana.com\/fi\/wp-json\/wp\/v2\/comments?post=15734"}],"version-history":[{"count":0,"href":"https:\/\/www.boattoursamana.com\/fi\/wp-json\/wp\/v2\/pages\/15734\/revisions"}],"wp:attachment":[{"href":"https:\/\/www.boattoursamana.com\/fi\/wp-json\/wp\/v2\/media?parent=15734"}],"curies":[{"name":"wp","href":"https:\/\/api.w.org\/{rel}","templated":true}]}}