{"id":15736,"date":"2023-07-15T07:42:45","date_gmt":"2023-07-15T07:42:45","guid":{"rendered":"https:\/\/www.ticketswhales.com\/private-el-limon-waterfalls-horse-riding-and-swimming\/"},"modified":"2023-07-15T07:42:45","modified_gmt":"2023-07-15T07:42:45","slug":"private-el-limon-waterfalls-horse-riding-and-swimming","status":"publish","type":"page","link":"https:\/\/www.boattoursamana.com\/fi\/yksityinen-el-limonin-vesiputouksia-ratsastusta-ja-uintia","title":{"rendered":"Yksityinen El Lim\u00f3nin vesiputoukset (ratsastus ja uinti)"},"content":{"rendered":"<p><strong>Valitse p\u00e4iv\u00e4m\u00e4\u00e4r\u00e4 kiertueelle\u00a0<\/strong><\/p>\n<p>&nbsp;<\/p>\n<div class=\"vc_row wpb_row vc_row-fluid\" ><div class=\"wpb_column vc_column_container vc_col-sm-12\"><div class=\"vc_column-inner\"><div class=\"wpb_wrapper\"><div class=\"mkdf-section-title-holder\" style=\"text-align: left\">\n\t<div class=\"mkdf-st-inner\">\n\t\t\t\t\t<h5 class=\"mkdf-st-subtitle\" >\n\t\t\t\tNormaali matka, mutta yksityinen\t\t\t<\/h5>\n\t\t\t\t\t\t\t<h3 class=\"mkdf-st-title\" >\n\t\t\t\tEl Lim\u00f3nin vesiputousten kierros (ratsastus ja uinti) + lounas\t\t\t<\/h3>\n\t\t\t\t\t<\/div>\n<\/div><\/div><\/div><\/div><\/div><div class=\"vc_row wpb_row vc_row-fluid\" ><div class=\"wpb_column vc_column_container vc_col-sm-12\"><div class=\"vc_column-inner\"><div class=\"wpb_wrapper\"><div class=\"vc_btn3-container vc_btn3-inline\" ><button class=\"vc_general vc_btn3 vc_btn3-size-md vc_btn3-shape-rounded vc_btn3-style-modern vc_btn3-color-green\">VARAA NYT<\/button><\/div>\n\t<div class=\"wpb_text_column wpb_content_element\" >\n\t\t<div class=\"wpb_wrapper\">\n\t\t\t<p>\nn<\/p>\n<h4><b><i>Yleiskatsaus <\/i><\/b><\/h4>\n<p>nT\u00e4m\u00e4 on yksityinen kiertue <strong>Vesiputoukset El Lim\u00f3n<\/strong> ratsastuksen tai patikoinnin kanssa. Vierailu kaakaossa ja kahvimets\u00e4ss\u00e4 Coconuts Palms Canopyn alla. Kun saavut vesiputouksille, voit uida ja asettaa ajan paikallisoppaasi kanssa. Nautittuaan tyypillisen lounaan El Lim\u00f3nin yhteis\u00f6ss\u00e4.<br \/>\nn<br \/>\nnOpi paikallisten kanssa ja hanki turvallinen matka. Hanki lippusi tarjouksessa jo t\u00e4n\u00e4\u00e4n.<br \/>\nn<\/p>\n<ul>\nn \t<\/p>\n<li style=\"font-weight: 400;\"><span style=\"font-weight: 400;\">Sis\u00e4lt\u00e4\u00e4 lounaan\u00a0<\/span><\/li>\n<p>n \t<\/p>\n<li>Hevoset Ratsastus tai vaellus<\/li>\n<p>n \t<\/p>\n<li style=\"font-weight: 400;\"><span style=\"font-weight: 400;\">Oppaassa annetaan ohjeita ja Valvonta<\/span><\/li>\n<p>n \t<\/p>\n<li>Kansallispuiston maksut<\/li>\n<p>n<\/ul>\n<p>n&nbsp;<br \/>\nn<\/p>\n<h4><b>Sis\u00e4llytykset ja poissulkemiset<\/b><\/h4>\n<p>n&nbsp;<br \/>\nn<br \/>\nn<b>Sis\u00e4llytykset<\/b><br \/>\nn<\/p>\n<ol>\nn \t<\/p>\n<li style=\"font-weight: 400;\"><span style=\"font-weight: 400;\">Lounasbuffet El Lim\u00f3nissa<\/span><\/li>\n<p>n \t<\/p>\n<li style=\"font-weight: 400;\"><span style=\"font-weight: 400;\">Patikointi tai hevoset Ratsastus Tour<\/span><\/li>\n<p>n \t<\/p>\n<li style=\"font-weight: 400;\"><span style=\"font-weight: 400;\">Kaikki verot, maksut ja k\u00e4sittelykulut<\/span><\/li>\n<p>n \t<\/p>\n<li style=\"font-weight: 400;\"><span style=\"font-weight: 400;\">Paikalliset verot<\/span><\/li>\n<p>n \t<\/p>\n<li style=\"font-weight: 400;\"><span style=\"font-weight: 400;\">Juomat<\/span><\/li>\n<p>n \t<\/p>\n<li style=\"font-weight: 400;\"><span style=\"font-weight: 400;\">Kaikki toiminnot<\/span><\/li>\n<p>n \t<\/p>\n<li style=\"font-weight: 400;\"><span style=\"font-weight: 400;\">Paikallinen opas<\/span><\/li>\n<p>n<\/ol>\n<p>n<b> Poikkeukset<\/b><br \/>\nn<\/p>\n<ol>\nn \t<\/p>\n<li style=\"font-weight: 400;\"><span style=\"font-weight: 400;\">Juomarahat<\/span><\/li>\n<p>n \t<\/p>\n<li style=\"font-weight: 400;\"><span style=\"font-weight: 400;\">Siirto<\/span><\/li>\n<p>n \t<\/p>\n<li style=\"font-weight: 400;\"><span style=\"font-weight: 400;\">Alkoholijuomat<\/span><\/li>\n<p>n \t<\/p>\n<li>Ruokaa rannalla<\/li>\n<p>n<\/ol>\n<p>n&nbsp;<br \/>\nn<\/p>\n<h4><em><strong>L\u00e4ht\u00f6 &amp; paluu<\/strong><\/em><\/h4>\n<p>n<span style=\"font-weight: 400;\">Matkustaja saa tapaamispaikan varausprosessin j\u00e4lkeen. Kierrokset alkavat ja p\u00e4\u00e4ttyv\u00e4t kohtaamispaikoissamme.<\/span><br \/>\nn<br \/>\nn&nbsp;<br \/>\nn<\/p>\n<h4><b><i>Mit\u00e4 odottaa?<\/i><\/b><\/h4>\n<p>n&nbsp;<br \/>\nn<br \/>\nn<em><strong>Hanki liput<\/strong><\/em> vieraillessaan The Waterfalls El Lim\u00f3nissa Saman\u00e1ssa sek\u00e4 upealla lounaalla El Lim\u00f3n -ravintolassa.<br \/>\nn<br \/>\nn<span style=\"font-weight: 400;\">\"Booking Adventuresin\" j\u00e4rjest\u00e4m\u00e4 kierros alkaa matkanjohtajan kanssa sovitusta tapaamispaikasta.<\/span><br \/>\nn<br \/>\nnParhaat yksityiset matkat El Limonin vesiputouksille paikallisen oppaan kanssa. Varaa ratsastusretki Mets\u00e4\u00e4n kiert\u00e4m\u00e4ll\u00e4 Lim\u00f3n-joen reunaa ja vierailemalla kaakao- ja kahviviljelmill\u00e4 kookospalmujen varjojen alla.<br \/>\nn<br \/>\nnPys\u00e4hdy ensin Pieness\u00e4 vesiputouksessa, jossa yleens\u00e4 ei ole paljon ihmisi\u00e4 ja voit uida ymp\u00e4riins\u00e4. Sen j\u00e4lkeen jatkamme suurelle vesiputoukselle, jossa viivymme tunnin tai enemm\u00e4nkin, jos haluat.<br \/>\nn<br \/>\nnHevosten tuominen takaisin ravintolaan, jossa nautimme tyypillisen lounaan rannalla. Frite kalaa tostoneilla ja salaatilla tai voit saada muita vaihtoehtoja valikosta lis\u00e4maksusta.<br \/>\nn<br \/>\nnLounas El Lim\u00f3n -yhteis\u00f6n ravintolassa ja voit j\u00e4\u00e4d\u00e4 niin kauan kuin haluat uida. Jos olet vegaani, voimme my\u00f6s tarjota sinulle ruokaa.<br \/>\nn<br \/>\nn&nbsp;<br \/>\nn<\/p>\n<h4><em><strong>Mit\u00e4 kannattaa ottaa mukaan?<\/strong><\/em><\/h4>\n<p>n<\/p>\n<ul>\nn \t<\/p>\n<li style=\"font-weight: 400;\"><span style=\"font-weight: 400;\">Kamera<\/span><\/li>\n<p>n \t<\/p>\n<li style=\"font-weight: 400;\"><span style=\"font-weight: 400;\">Hylkiv\u00e4 silmut<\/span><\/li>\n<p>n \t<\/p>\n<li style=\"font-weight: 400;\"><span style=\"font-weight: 400;\">aurinkovoide<\/span><\/li>\n<p>n \t<\/p>\n<li style=\"font-weight: 400;\"><span style=\"font-weight: 400;\">Hattu<\/span><\/li>\n<p>n \t<\/p>\n<li style=\"font-weight: 400;\"><span style=\"font-weight: 400;\">Mukavat housut<\/span><\/li>\n<p>n \t<\/p>\n<li style=\"font-weight: 400;\"><span style=\"font-weight: 400;\">Vaelluskeng\u00e4t mets\u00e4\u00e4n<\/span><\/li>\n<p>n \t<\/p>\n<li style=\"font-weight: 400;\"><span style=\"font-weight: 400;\">Uima-asu<\/span><\/li>\n<p>n<\/ul>\n<p>n&nbsp;<br \/>\nn<\/p>\n<h4><b><i>Hotellin nouto <\/i><\/b><\/h4>\n<p>n<span style=\"font-weight: 400;\">Hotellin noutoa ei tarjota t\u00e4ll\u00e4 kiertueella. <\/span><br \/>\nn<br \/>\nn&nbsp;<br \/>\nn<br \/>\nn<b>Huom:<\/b><span style=\"font-weight: 400;\"> jos varaus tehd\u00e4\u00e4n 24 tunnin kuluessa kiertueen\/retken l\u00e4ht\u00f6ajasta, voimme j\u00e4rjest\u00e4\u00e4 hotellin nouto lis\u00e4maksusta. Kun ostoksesi on tehty, l\u00e4het\u00e4mme sinulle t\u00e4ydelliset yhteystiedot (puhelinnumero, s\u00e4hk\u00f6postiosoite jne.) paikalliselle matkanjohtajallemme noutoj\u00e4rjestelyjen j\u00e4rjest\u00e4miseksi.<\/span><br \/>\nn<\/p>\n<h4><b><i>Lis\u00e4tietoja Vahvistus <\/i><\/b><\/h4>\n<p>n<\/p>\n<ol>\nn \t<\/p>\n<li>Liput ovat kuitti maksettuasi t\u00e4m\u00e4n Tour. Voit n\u00e4ytt\u00e4\u00e4 maksun puhelimellasi.<\/li>\n<p>n \t<\/p>\n<li style=\"font-weight: 400;\"><span style=\"font-weight: 400;\">Kokouspaikka saadaan varausprosessin j\u00e4lkeen.<\/span><\/li>\n<p>n \t<\/p>\n<li style=\"font-weight: 400;\"><span style=\"font-weight: 400;\">Lasten mukana on oltava aikuinen.<\/span><\/li>\n<p>n \t<\/p>\n<li style=\"font-weight: 400;\"><span style=\"font-weight: 400;\"> Ei esteet\u00f6n py\u00f6r\u00e4tuolilla <\/span><\/li>\n<p>n \t<\/p>\n<li style=\"font-weight: 400;\"><span style=\"font-weight: 400;\">Pikkulasten on istuttava syliss\u00e4 <\/span><\/li>\n<p>n \t<\/p>\n<li style=\"font-weight: 400;\"><span style=\"font-weight: 400;\">Ei suositella matkustajille, joilla on selk\u00e4vaivoja<\/span><\/li>\n<p>n \t<\/p>\n<li style=\"font-weight: 400;\"><span style=\"font-weight: 400;\">Ei suositella raskaana oleville matkustajille <\/span><\/li>\n<p>n \t<\/p>\n<li style=\"font-weight: 400;\"><span style=\"font-weight: 400;\"> Ei syd\u00e4nongelmia tai muita vakavia sairauksia <\/span><\/li>\n<p>n \t<\/p>\n<li style=\"font-weight: 400;\"><span style=\"font-weight: 400;\">Useimmat matkustajat voivat osallistua<\/span><\/li>\n<p>n<\/ol>\n<p>n<\/p>\n<h4><b><i>Peruutusehdot<\/i><\/b><\/h4>\n<p>nLue peruutusk\u00e4yt\u00e4nt\u00f6mme, jos haluat t\u00e4yden hyvityksen.\u00a0<a href=\"https:\/\/www.boattoursamana.com\/fi\/online-varaukset\/\" target=\"_blank\" rel=\"noopener\" data-saferedirecturl=\"https:\/\/www.google.com\/url?q=https:\/\/www.boattoursamana.com\/online-booking\/&amp;source=gmail&amp;ust=1672532492004000&amp;usg=AOvVaw3ylqI1cdbIPTimEqEWneyd\">Klikkaa t\u00e4st\u00e4<\/a>. Varat menetet\u00e4\u00e4n, jos varaus peruutetaan samana matkap\u00e4iv\u00e4n\u00e4.<\/p>\n\n\t\t<\/div>\n\t<\/div>\n<\/div><\/div><\/div><\/div><div class=\"vc_row wpb_row vc_row-fluid\" ><div class=\"wpb_column vc_column_container vc_col-sm-12\"><div class=\"vc_column-inner\"><div class=\"wpb_wrapper\"><div class=\"vc_empty_space\"   style=\"height: 32px\"><span class=\"vc_empty_space_inner\"><\/span><\/div>\n\t<div class=\"wpb_text_column wpb_content_element\" >\n\t\t<div class=\"wpb_wrapper\">\n\t\t\t<p>\nn<\/p>\n<h4>Ota yhteytt\u00e4?<\/h4>\n<p>n<\/p>\n<h5><em><strong>Seikkailujen varaaminen<\/strong><\/em><\/h5>\n<p>n<em><strong>Paikalliset<\/strong> ja <strong>Kansalliset<\/strong> Matkaoppaat &amp; vieraspalvelut<\/em><br \/>\nn<br \/>\nn<span class=\"text-turquoise\">Varaukset:<\/span> Retket ja retket Dom. Rep.<br \/>\nn<br \/>\nn<img decoding=\"async\" class=\"emoji\" draggable=\"false\" src=\"https:\/\/s.w.org\/images\/core\/emoji\/11.2.0\/svg\/1f4de.svg\" alt=\" \" title=\"\"> Puh \/ Whatsapp\u00a0 <a href=\"tel:+1-809-720-6035\">+1-809-720-6035<\/a>.<br \/>\nn<br \/>\nn<img decoding=\"async\" class=\"emoji\" draggable=\"false\" src=\"https:\/\/s.w.org\/images\/core\/emoji\/11.2.0\/svg\/1f4e9.svg\" alt=\" \" title=\"\"> <a href=\"mailto:info@bookingadventures.com.do\">info@bookingadventures.com.do<\/a><br \/>\nn<br \/>\nn<strong>Olemme joustavia Asetukset Yksityiset matkat Whatsappilla: <a href=\"tel:+18097206035\">+18097206035.<\/a><\/strong><\/p>\n\n\t\t<\/div>\n\t<\/div>\n<div class=\"vc_empty_space\"   style=\"height: 32px\"><span class=\"vc_empty_space_inner\"><\/span><\/div><\/div><\/div><\/div><\/div><div class=\"vc_row wpb_row vc_row-fluid\" ><div class=\"wpb_column vc_column_container vc_col-sm-12\"><div class=\"vc_column-inner\"><div class=\"wpb_wrapper\"><div class=\"vc_btn3-container vc_btn3-inline\" ><button class=\"vc_general vc_btn3 vc_btn3-size-md vc_btn3-shape-rounded vc_btn3-style-modern vc_btn3-color-green\">VARAA NYT<\/button><\/div><\/div><\/div><\/div><\/div>","protected":false},"excerpt":{"rendered":"<p>Valitse p\u00e4iv\u00e4m\u00e4\u00e4r\u00e4 kiertueelle\u00a0 &nbsp;<\/p>","protected":false},"author":2,"featured_media":0,"parent":0,"menu_order":0,"comment_status":"open","ping_status":"closed","template":"","meta":{"footnotes":""},"class_list":["post-15736","page","type-page","status-publish","hentry"],"_links":{"self":[{"href":"https:\/\/www.boattoursamana.com\/fi\/wp-json\/wp\/v2\/pages\/15736","targetHints":{"allow":["GET"]}}],"collection":[{"href":"https:\/\/www.boattoursamana.com\/fi\/wp-json\/wp\/v2\/pages"}],"about":[{"href":"https:\/\/www.boattoursamana.com\/fi\/wp-json\/wp\/v2\/types\/page"}],"author":[{"embeddable":true,"href":"https:\/\/www.boattoursamana.com\/fi\/wp-json\/wp\/v2\/users\/2"}],"replies":[{"embeddable":true,"href":"https:\/\/www.boattoursamana.com\/fi\/wp-json\/wp\/v2\/comments?post=15736"}],"version-history":[{"count":0,"href":"https:\/\/www.boattoursamana.com\/fi\/wp-json\/wp\/v2\/pages\/15736\/revisions"}],"wp:attachment":[{"href":"https:\/\/www.boattoursamana.com\/fi\/wp-json\/wp\/v2\/media?parent=15736"}],"curies":[{"name":"wp","href":"https:\/\/api.w.org\/{rel}","templated":true}]}}