{"id":15755,"date":"2023-07-15T07:43:13","date_gmt":"2023-07-15T07:43:13","guid":{"rendered":"https:\/\/www.ticketswhales.com\/samana-cayo-levantado-bacardi-island-and-whale-watching-from-miches-in-catamaran\/"},"modified":"2023-07-15T07:43:13","modified_gmt":"2023-07-15T07:43:13","slug":"samana-cayo-levantado-bacardi-island-and-whale-watching-from-miches-in-catamaran","status":"publish","type":"page","link":"https:\/\/www.boattoursamana.com\/fi\/samana-cayo-levantado-bacardi-saari-ja-valas-vahdit-katsovat-miches-in-catamaran-2","title":{"rendered":"Saman\u00e1 Cayo Levantado (Bacardin saari) ja valasbongaus Michesist\u00e4 katamaraanilla"},"content":{"rendered":"<p><span style=\"vertical-align: inherit;\"><span style=\"vertical-align: inherit;\">Whale Miches Tours &amp; Excursiones. <\/span><span style=\"vertical-align: inherit;\">Varaa sus boletos para el avistamiento de ballenas en la Bah\u00eda de Saman\u00e1, comenzando desde Miches y visitando Cayo Levantado, tambi\u00e9n conocida como Isla Bacard\u00ed para una aventura con pase de un d\u00eda.<\/span><\/span><br \/>\nn<br \/>\nn&nbsp;<br \/>\nn<br \/>\nn<em><strong><span style=\"vertical-align: inherit;\"><span style=\"vertical-align: inherit;\">Seleccione la fecha de la excursi\u00f3n:<\/span><\/span><\/strong><\/em><\/p>\n<p>&nbsp;<\/p>\n<div class=\"vc_row wpb_row vc_row-fluid\" ><div class=\"wpb_column vc_column_container vc_col-sm-12\"><div class=\"vc_column-inner\"><div class=\"wpb_wrapper\">\n\t<div class=\"wpb_text_column wpb_content_element\" >\n\t\t<div class=\"wpb_wrapper\">\n\t\t\t<p><span style=\"vertical-align: inherit;\"><span style=\"vertical-align: inherit;\"><\/p>\n\n\t\t<\/div>\n\t<\/div>\n<\/div><\/div><\/div><\/div><div class=\"vc_row wpb_row vc_row-fluid\" ><\/div><div class=\"wpb_column vc_column_container vc_col-sm-12\"><div class=\"vc_column-inner\"><div class=\"wpb_wrapper\"><\/div><\/div><\/div><div class=\"vc_row wpb_row vc_row-fluid\" ><\/div><div class=\"wpb_column vc_column_container vc_col-sm-12\"><div class=\"vc_column-inner\"><div class=\"wpb_wrapper\"><div class=\"vc_btn3-container vc_btn3-inline\" ><button class=\"vc_general vc_btn3 vc_btn3-size-md vc_btn3-shape-rounded vc_btn3-style-modern vc_btn3-color-green\">VARAA NYT<\/button><\/div><\/div><\/div><\/div><div class=\"mkdf-section-title-holder\" style=\"text-align: left\">\n\t<div class=\"mkdf-st-inner\">\n\t\t\t\t\t\t\t<h3 class=\"mkdf-st-title\" >\n\t\t\t\tCayo Levantado + Avistamiento de ballenas de Miches en catamar\u00e1n\t\t\t<\/h3>\n\t\t\t\t\t<\/div>\n<\/div><div class=\"vc_empty_space\"   style=\"height: 32px\"><span class=\"vc_empty_space_inner\"><\/span><\/div>\n\t<div class=\"wpb_text_column wpb_content_element\" >\n\t\t<div class=\"wpb_wrapper\">\n\t\t\t<p>\u00a0<\/span><\/span><br \/>\nn<\/p>\n<div class=\"vc_empty_space\"><\/div>\n<p>n<\/p>\n<div class=\"wpb_text_column wpb_content_element\">\nn<\/p>\n<div class=\"wpb_wrapper\">\nn<\/p>\n<div class=\"vc_row wpb_row vc_row-fluid\">\nn<\/p>\n<div class=\"wpb_column vc_column_container vc_col-sm-12\">\nn<\/p>\n<div class=\"vc_column-inner\">\nn<\/p>\n<div class=\"wpb_wrapper\">\nn<\/p>\n<div class=\"wpb_text_column wpb_content_element\">\nn<\/p>\n<div class=\"wpb_wrapper\">\nn<\/p>\n<div class=\"vc_row wpb_row vc_row-fluid\">\nn<\/p>\n<div class=\"wpb_column vc_column_container vc_col-sm-12\">\nn<\/p>\n<div class=\"vc_column-inner\">\nn<\/p>\n<div class=\"wpb_wrapper\">\nn<\/p>\n<div class=\"wpb_text_column wpb_content_element\">\nn<\/p>\n<div class=\"wpb_wrapper\">\nn<\/p>\n<h4><a id=\"overview\" class=\"aal_anchor\" href=\"https:\/\/www.boattoursamana.com\/fi\/kiertue\/samana-cayo-levantado-bacardi-saari-ja-valas-vahdit-katsovat-miches-in-catamaran-2\/#overview\" aria-hidden=\"true\"><\/a><b><i>Yleiskatsaus<\/i><\/b><\/h4>\n<p>nValaiden katselu Samanan lahdella alkaen Michesin satamasta katamaraanilla. T\u00e4m\u00e4 matka alkaa klo 9.00 ja p\u00e4\u00e4ttyy klo 17.00. Tapaaminen ennen satamassamme Michesiss\u00e4. Katamaraanimme tai veneemme keskeytt\u00e4misen j\u00e4lkeen vierailla valaiden luona heid\u00e4n omassa elinymp\u00e4rist\u00f6ss\u00e4\u00e4n.<br \/>\nn<br \/>\nnKlo 9.00-12.00 Valaiden tarkkailuobservatorio ja T\u00e4m\u00e4n valasmatkan j\u00e4lkeen vierailemme Bacardin saarella \/ Cayo Levantadossa. Bacardin saarella tarjoillaan lounasbuffet tyypillisest\u00e4 dominikaanisesta tyylist\u00e4. Lounaan p\u00e4\u00e4tytty\u00e4 voit uida klo 16.30 asti. Kierros p\u00e4\u00e4ttyy klo 17.00 samassa satamassa, josta se alkaa.<br \/>\nn<br \/>\nnHuomaa: T\u00e4m\u00e4 kiertue ei ole yksityinen.<strong>\u00a0Yksityist\u00e4 kierrosta varten ota yhteytt\u00e4.<\/strong><br \/>\nn<\/p>\n<ul>\nn \t<\/p>\n<li>Whale Watching matka<\/li>\n<p>n \t<\/p>\n<li>P\u00e4\u00e4symaksut observatorioon<\/li>\n<p>n \t<\/p>\n<li>Sis\u00e4lt\u00e4\u00e4 buffetlounaan rannalla<\/li>\n<p>n \t<\/p>\n<li>Veneen siirto<\/li>\n<p>n \t<\/p>\n<li>Kapteeni antaa ohjeita ja valvoo<\/li>\n<p>n \t<\/p>\n<li>Matkaopas<\/li>\n<p>n<\/ul>\n<p>n&nbsp;<br \/>\nn<\/p>\n<h4><a id=\"inclusions-exclusions\" class=\"aal_anchor\" href=\"https:\/\/www.boattoursamana.com\/fi\/kiertue\/samana-cayo-levantado-bacardi-saari-ja-valas-vahdit-katsovat-miches-in-catamaran-2\/#inclusions-exclusions\" aria-hidden=\"true\"><\/a><b>Sis\u00e4llytykset ja poissulkemiset<\/b><\/h4>\n<p>n&nbsp;<br \/>\nn<br \/>\nn<b>Sis\u00e4llytykset<\/b><br \/>\nn<br \/>\nn&nbsp;<br \/>\nn<\/p>\n<ol>\nn \t<\/p>\n<li>Lounasbuffet rannalla<\/li>\n<p>n \t<\/p>\n<li>Valaan katselu<\/li>\n<p>n \t<\/p>\n<li>Matkaopas<\/li>\n<p>n \t<\/p>\n<li>Katamaraani tai veneretki<\/li>\n<p>n \t<\/p>\n<li>Kaikki verot, maksut ja k\u00e4sittelykulut<\/li>\n<p>n \t<\/p>\n<li>Paikalliset verot<\/li>\n<p>n \t<\/p>\n<li>Juomat<\/li>\n<p>n \t<\/p>\n<li>Alkoholijuomat<\/li>\n<p>n<\/ol>\n<p>n<b>Poikkeukset<\/b><br \/>\nn<\/p>\n<ol>\nn \t<\/p>\n<li>Juomarahat<\/li>\n<p>n \t<\/p>\n<li>Siirtoauto<\/li>\n<p>n<\/ol>\n<p>n&nbsp;<br \/>\nn<\/p>\n<h4><a id=\"departure-return\" class=\"aal_anchor\" href=\"https:\/\/www.boattoursamana.com\/fi\/kiertue\/samana-cayo-levantado-bacardi-saari-ja-valas-vahdit-katsovat-miches-in-catamaran-2\/#departure-return\" aria-hidden=\"true\"><\/a><em><strong>L\u00e4ht\u00f6 &amp; paluu<\/strong><\/em><\/h4>\n<p>nMatkustaja saa kohtaamispaikan Varausprosessin j\u00e4lkeen. Retket alkavat ja p\u00e4\u00e4ttyv\u00e4t kohtaamispisteiss\u00e4mme.<br \/>\nn<br \/>\nn&nbsp;<br \/>\nn<\/p>\n<h4><a id=\"what-to-expect\" class=\"aal_anchor\" href=\"https:\/\/www.boattoursamana.com\/fi\/kiertue\/samana-cayo-levantado-bacardi-saari-ja-valas-vahdit-katsovat-miches-in-catamaran-2\/#what-to-expect\" aria-hidden=\"true\"><\/a><b><i>Mit\u00e4 odottaa?<\/i><\/b><\/h4>\n<p>n&nbsp;<br \/>\nn<br \/>\nn<em><strong>Hanki liput<\/strong><\/em>\u00a0p\u00e4iv\u00e4n valaanbongausretkelle Saman\u00e1-lahdella, joka alkaa Michesist\u00e4 katamaraanilla, jossa on paikallisia juomia sek\u00e4 ihana lounas ja aikaa rannalla.<br \/>\nn<br \/>\nn&quot;Booking Adventuresin&quot; j\u00e4rjest\u00e4m\u00e4 valaiden katselup\u00e4iv\u00e4passi alkaa matkaoppaan kanssa sovitusta kohtaamispaikasta. Lounas rannalla ja voit j\u00e4\u00e4d\u00e4 niin kauan kuin haluat uimaan. Jos olet vegaani, voimme my\u00f6s tarjota sinulle ruokaa.<br \/>\nn<br \/>\nn<strong>Aikataulu:<\/strong><br \/>\nn<br \/>\n8.45\u201317.00<br \/>\nn<br \/>\nn&nbsp;<br \/>\nn<\/p>\n<h4><a id=\"what-you-should-bring\" class=\"aal_anchor\" href=\"https:\/\/www.boattoursamana.com\/fi\/kiertue\/samana-cayo-levantado-bacardi-saari-ja-valas-vahdit-katsovat-miches-in-catamaran-2\/#what-you-should-bring\" aria-hidden=\"true\"><\/a><em><strong>Mit\u00e4 kannattaa ottaa mukaan?<\/strong><\/em><\/h4>\n<p>n<\/p>\n<ul>\nn \t<\/p>\n<li>Kamera<\/li>\n<p>n \t<\/p>\n<li>Hylkiv\u00e4 silmut<\/li>\n<p>n \t<\/p>\n<li>Aurinkovoide<\/li>\n<p>n \t<\/p>\n<li>Hattu<\/li>\n<p>n \t<\/p>\n<li>Mukavat housut<\/li>\n<p>n \t<\/p>\n<li>Sandaalit rannalle<\/li>\n<p>n \t<\/p>\n<li>Uima-asu<\/li>\n<p>n \t<\/p>\n<li>K\u00e4teist\u00e4 matkamuistoja varten<\/li>\n<p>n<\/ul>\n<p>n&nbsp;<br \/>\nn<\/p>\n<h4><a id=\"hotel-pickup\" class=\"aal_anchor\" href=\"https:\/\/www.boattoursamana.com\/fi\/kiertue\/samana-cayo-levantado-bacardi-saari-ja-valas-vahdit-katsovat-miches-in-catamaran-2\/#hotel-pickup\" aria-hidden=\"true\"><\/a><b><i>Hotellin nouto<\/i><\/b><\/h4>\n<p>nHotellin noutoa ei tarjota t\u00e4lle kiertueelle.<br \/>\nn<br \/>\nn&nbsp;<br \/>\nn<br \/>\nn<b>Huom:<\/b>\u00a0jos varaus tehd\u00e4\u00e4n 24 tunnin kuluessa kiertueen\/retken l\u00e4ht\u00f6ajasta, voimme j\u00e4rjest\u00e4\u00e4 hotellin nouto lis\u00e4maksusta. Kun ostoksesi on tehty, l\u00e4het\u00e4mme sinulle t\u00e4ydelliset yhteystiedot (puhelinnumero, s\u00e4hk\u00f6postiosoite jne.) paikalliselle matkanjohtajallemme noutoj\u00e4rjestelyjen j\u00e4rjest\u00e4miseksi.<br \/>\nn<\/p>\n<h4><a id=\"additional-info-confirmation\" class=\"aal_anchor\" href=\"https:\/\/www.boattoursamana.com\/fi\/kiertue\/samana-cayo-levantado-bacardi-saari-ja-valas-vahdit-katsovat-miches-in-catamaran-2\/#additional-info-confirmation\" aria-hidden=\"true\"><\/a><b><i>Lis\u00e4tietoja Vahvistus<\/i><\/b><\/h4>\n<p>n<\/p>\n<ol>\nn \t<\/p>\n<li>Liput ovat kuitti maksettuasi t\u00e4m\u00e4n Tour. Voit n\u00e4ytt\u00e4\u00e4 maksun puhelimellasi.<\/li>\n<p>n \t<\/p>\n<li>Kokouspaikka saadaan varausprosessin j\u00e4lkeen.<\/li>\n<p>n \t<\/p>\n<li>Lasten mukana on oltava aikuinen.<\/li>\n<p>n \t<\/p>\n<li>esteet\u00f6n py\u00f6r\u00e4tuolilla<\/li>\n<p>n \t<\/p>\n<li>Pikkulasten on istuttava syliss\u00e4<\/li>\n<p>n \t<\/p>\n<li>Useimmat matkustajat voivat osallistua<\/li>\n<p>n<\/ol>\n<p>n<\/p>\n<h4><a id=\"cancellation-policy\" class=\"aal_anchor\" href=\"https:\/\/www.boattoursamana.com\/fi\/kiertue\/samana-cayo-levantado-bacardi-saari-ja-valas-vahdit-katsovat-miches-in-catamaran-2\/#cancellation-policy\" aria-hidden=\"true\"><\/a><b><i>Peruutusehdot<\/i><\/b><\/h4>\n<p>Jos haluat t\u00e4yden hyvityksen, peruuntuminen on teht\u00e4v\u00e4 v\u00e4hint\u00e4\u00e4n 24 tuntia ennen kokemuksen alkamisp\u00e4iv\u00e4\u00e4.<br \/>\nn<br \/>\nn\n<\/div>\n<p>n\n<\/p><\/div>\n<p>n\n<\/p><\/div>\n<p>n\n<\/p><\/div>\n<p>n\n<\/p><\/div>\n<p>n\n<\/p><\/div>\n<p>n\n<\/p><\/div>\n<p>n\n<\/p><\/div>\n<p>n\n<\/p><\/div>\n<p>n\n<\/p><\/div>\n<p>n\n<\/p><\/div>\n<p>n\n<\/p><\/div>\n<p>n<\/p>\n<div class=\"vc_row wpb_row vc_row-fluid\">\nn<\/p>\n<div class=\"wpb_column vc_column_container vc_col-sm-12\">\nn<\/p>\n<div class=\"vc_column-inner\">\nn<\/p>\n<div class=\"wpb_wrapper\">\nn<\/p>\n<div class=\"vc_empty_space\"><\/div>\n<p>n<\/p>\n<div class=\"wpb_text_column wpb_content_element\">\nn<\/p>\n<div class=\"wpb_wrapper\">\nn<\/p>\n<h4><a id=\"contact-us\" class=\"aal_anchor\" href=\"https:\/\/www.boattoursamana.com\/fi\/kiertue\/samana-cayo-levantado-bacardi-saari-ja-valas-vahdit-katsovat-miches-in-catamaran-2\/#contact-us\" aria-hidden=\"true\"><\/a>Ota yhteytt\u00e4?<\/h4>\n<p>n<\/p>\n<h5><\/h5>\n<p>n<em><strong>Paikalliset<\/strong>\u00a0ja\u00a0<strong>Kansalliset<\/strong>\u00a0Matkaoppaat &amp; vieraspalvelut<\/em><br \/>\nn<br \/>\nn<span class=\"text-turquoise\">Varaukset:<\/span>\u00a0Retket ja retket Dom. Rep.<br \/>\nn<br \/>\nn<img decoding=\"async\" class=\"emoji\" title=\"Samana Cayo Levantado (Bacardin saari) ja valasbongaus Michesist\u00e4 katamaraanilla 1.\" draggable=\"false\" src=\"https:\/\/s.w.org\/images\/core\/emoji\/11.2.0\/svg\/1f4de.svg\" alt=\" \" \/> Puh \/ Whatsapp <strong><a href=\"tel:+1 (829) 318-9463\">+1 (829) 318-9463.<\/a><\/strong><br \/>\nn<br \/>\nn<img decoding=\"async\" class=\"emoji\" title=\"Samana Cayo Levantado (Bacardin saari) ja valaiden katselu Michesist\u00e4 katamaraani 2:lla.\" draggable=\"false\" src=\"https:\/\/s.w.org\/images\/core\/emoji\/11.2.0\/svg\/1f4e9.svg\" alt=\" \" \/>\u00a0<a href=\"mailto:reservabatour@gmail.com\">reservabatour@gmail.com<\/a><br \/>\nn<br \/>\nn<strong>Olemme joustavia Asetukset Yksityiset matkat Whatsappilla:\u00a0<a href=\"tel:+1 (829) 318-9463\">+1 (829) 318-9463.<\/a><\/strong><br \/>\nn<br \/>\nn<\/div>\n<p>n\n<\/p><\/div>\n<p>n\n<\/p><\/div>\n<p>n\n<\/p><\/div>\n<p>n\n<\/p><\/div>\n<p>n\n<\/p><\/div>\n<p>n\n<\/p><\/div>\n<p>n\n<\/p><\/div>\n<p>n<\/p>\n\n\t\t<\/div>\n\t<\/div>\n<div class=\"vc_row wpb_row vc_row-fluid\" ><div class=\"wpb_column vc_column_container vc_col-sm-12\"><div class=\"vc_column-inner\"><div class=\"wpb_wrapper\"><div class=\"vc_btn3-container vc_btn3-inline\" ><button class=\"vc_general vc_btn3 vc_btn3-size-md vc_btn3-shape-rounded vc_btn3-style-modern vc_btn3-color-green\">VARAA NYT<\/button><\/div><\/div><\/div><\/div><\/div>","protected":false},"excerpt":{"rendered":"<p>Whale Miches Tours &amp; Excursiones. Reserve sus boletos para el avistamiento de ballenas en la Bah\u00eda de Saman\u00e1, comenzando desde Miches y visitando Cayo Levantado, tambi\u00e9n conocida como Isla Bacard\u00ed para una aventura con pase de un d\u00eda. n n&nbsp; n nSeleccione la fecha de la excursi\u00f3n: &nbsp;<\/p>","protected":false},"author":2,"featured_media":0,"parent":0,"menu_order":0,"comment_status":"open","ping_status":"closed","template":"","meta":{"footnotes":""},"class_list":["post-15755","page","type-page","status-publish","hentry"],"_links":{"self":[{"href":"https:\/\/www.boattoursamana.com\/fi\/wp-json\/wp\/v2\/pages\/15755","targetHints":{"allow":["GET"]}}],"collection":[{"href":"https:\/\/www.boattoursamana.com\/fi\/wp-json\/wp\/v2\/pages"}],"about":[{"href":"https:\/\/www.boattoursamana.com\/fi\/wp-json\/wp\/v2\/types\/page"}],"author":[{"embeddable":true,"href":"https:\/\/www.boattoursamana.com\/fi\/wp-json\/wp\/v2\/users\/2"}],"replies":[{"embeddable":true,"href":"https:\/\/www.boattoursamana.com\/fi\/wp-json\/wp\/v2\/comments?post=15755"}],"version-history":[{"count":0,"href":"https:\/\/www.boattoursamana.com\/fi\/wp-json\/wp\/v2\/pages\/15755\/revisions"}],"wp:attachment":[{"href":"https:\/\/www.boattoursamana.com\/fi\/wp-json\/wp\/v2\/media?parent=15755"}],"curies":[{"name":"wp","href":"https:\/\/api.w.org\/{rel}","templated":true}]}}