{"id":15758,"date":"2023-07-15T07:43:13","date_gmt":"2023-07-15T07:43:13","guid":{"rendered":"https:\/\/www.ticketswhales.com\/los-haitises-tour-from-santo-domingo-samana-or-sabana-de-la-mar-full-day-trip\/"},"modified":"2023-07-15T07:43:13","modified_gmt":"2023-07-15T07:43:13","slug":"los-haitises-tour-from-santo-domingo-samana-or-sabana-de-la-mar-full-day-trip","status":"publish","type":"page","link":"https:\/\/www.boattoursamana.com\/fi\/los-haitises-tour-from-santo-domingo-samana-or-sabana-de-la-mar-kokopaivaretki-2","title":{"rendered":"Los Haitisesin kierros Santo Domingosta, Samanasta tai Sabana de la Marista. Kokop\u00e4iv\u00e4retki."},"content":{"rendered":"<p>T\u00e4m\u00e4 retki Santo Domingosta Los Haitisesin kansallispuistoon sis\u00e4lt\u00e4\u00e4 lounaan ja kuljetuksen vierailulle t\u00e4rkeimpiin luoliin, tutustumisen kahteen eri mangrove-ekosysteemiin ja tietysti kalastuslintujen tarkkailun.<br \/>\nn<br \/>\nnMatka Los Haitisesin kansallispuistoon luonnontieteilij\u00e4n oppaan kanssa. Vierailu Los Haitisesin kansallispuiston lahdilla, mangroveilla, kasvillisuudella, linnustolla, luolilla, kuvakirjoituksilla ja Sabana de la Marin historiallisilla alueilla Los Haitisesin kansallispuistossa.<br \/>\nn<br \/>\nn&nbsp;<br \/>\nn<br \/>\nn<strong>Valitse kiertueen p\u00e4iv\u00e4m\u00e4\u00e4r\u00e4:\u00a0<\/strong><\/p>\n<p>&nbsp;<\/p>\n<div class=\"vc_row wpb_row vc_row-fluid\" ><div class=\"wpb_column vc_column_container vc_col-sm-12\"><div class=\"vc_column-inner\"><div class=\"wpb_wrapper\"><div class=\"mkdf-section-title-holder\" style=\"text-align: left\">\n\t<div class=\"mkdf-st-inner\">\n\t\t\t\t\t<h5 class=\"mkdf-st-subtitle\" >\n\t\t\t\tKuljetus ja lounas sis\u00e4ltyv\u00e4t hintaan\t\t\t<\/h5>\n\t\t\t\t\t\t\t<h3 class=\"mkdf-st-title\" >\n\t\t\t\tLos Haitisesin kansallispuiston retki Santo Domingosta. koko p\u00e4iv\u00e4n retki.\t\t\t<\/h3>\n\t\t\t\t\t<\/div>\n<\/div><\/div><\/div><\/div><\/div><div class=\"vc_row wpb_row vc_row-fluid\" ><div class=\"wpb_column vc_column_container vc_col-sm-12\"><div class=\"vc_column-inner\"><div class=\"wpb_wrapper\"><div class=\"vc_btn3-container vc_btn3-inline\" ><button class=\"vc_general vc_btn3 vc_btn3-size-md vc_btn3-shape-rounded vc_btn3-style-modern vc_btn3-color-green\">VARAA NYT<\/button><\/div>\n\t<div class=\"wpb_text_column wpb_content_element\" >\n\t\t<div class=\"wpb_wrapper\">\n\t\t\t<p>\nn<\/p>\n<h3><\/h3>\n<p>n<\/p>\n<h4><b><i>Yleiskatsaus <\/i><\/b><\/h4>\n<p>nLos Haitisesin kansallispuiston retki Santo Domingosta. Kokop\u00e4iv\u00e4retki. L\u00e4ht\u00f6 hotelliltasi Santo Domingossa, Boca Chicassa tai Juan Doliossa. Ajamme Samanan lahdelle, jossa vene tai katamaraani vie meid\u00e4t Los Haitisesin kansallispuistoon. Vierailu mangrovemetsiss\u00e4, luolissa, piktografioissa ja Los Haitisesin kansallispuiston kauneimmissa paikoissa paikallisen oppaan johdolla.<br \/>\nn<br \/>\nT\u00e4m\u00e4n kokemuksen j\u00e4lkeen palaat takaisin Santo Domingoon, josta noudamme sinut.<br \/>\nn<\/p>\n<ul>\nn \t<\/p>\n<li style=\"font-weight: 400;\">Maksut sis\u00e4ltyv\u00e4t<\/li>\n<p>n \t<\/p>\n<li>Lounas<\/li>\n<p>n \t<\/p>\n<li>V\u00e4lipalat<\/li>\n<p>n \t<\/p>\n<li style=\"font-weight: 400;\">Paikallinen matkaopas englanniksi tai ranskaksi<\/li>\n<p>n \t<\/p>\n<li>Kuljetus<\/li>\n<p>n \t<\/p>\n<li>Venematka<\/li>\n<p>n<\/ul>\n<p>n&nbsp;<br \/>\nn<\/p>\n<h4><b>Sis\u00e4llytykset ja poissulkemiset<\/b><\/h4>\n<p>n&nbsp;<br \/>\nn<br \/>\nn<b>Sis\u00e4llytykset<\/b><br \/>\nn<\/p>\n<ol>\nn \t<\/p>\n<li style=\"font-weight: 400;\">Los Haitisesin kierros + luolat ja piktografiat<\/li>\n<p>n \t<\/p>\n<li>Lounas<\/li>\n<p>n \t<\/p>\n<li style=\"font-weight: 400;\"><span style=\"font-weight: 400;\">Kaikki verot, maksut ja k\u00e4sittelykulut<\/span><\/li>\n<p>n \t<\/p>\n<li style=\"font-weight: 400;\"><span style=\"font-weight: 400;\">Paikalliset verot<\/span><\/li>\n<p>n \t<\/p>\n<li style=\"font-weight: 400;\"><span style=\"font-weight: 400;\">Juomat<\/span><\/li>\n<p>n \t<\/p>\n<li>V\u00e4lipalat<\/li>\n<p>n \t<\/p>\n<li style=\"font-weight: 400;\"><span style=\"font-weight: 400;\">Kaikki toiminnot<\/span><\/li>\n<p>n \t<\/p>\n<li style=\"font-weight: 400;\"><span style=\"font-weight: 400;\">Paikallinen opas<\/span><\/li>\n<p>n<\/ol>\n<p>n<b> Poikkeukset<\/b><br \/>\nn<\/p>\n<ol>\nn \t<\/p>\n<li style=\"font-weight: 400;\"><span style=\"font-weight: 400;\">Juomarahat<\/span><\/li>\n<p>n \t<\/p>\n<li style=\"font-weight: 400;\"><span style=\"font-weight: 400;\">Alkoholijuomat<\/span><\/li>\n<p>n<\/ol>\n<p>n<\/p>\n<h4><strong>Yksityinen <em>Retki &amp; retki <\/em>Hinnoittelu Santo Domingosta:<\/strong><\/h4>\n<p>n<strong><em>*10-vuotiaat ja sit\u00e4 nuoremmat lapset matkustavat ilmaiseksi. (v\u00e4hint\u00e4\u00e4n 2 aikuista)<br \/>\nn<\/em><\/strong><br \/>\nn<\/p>\n<ul>\nn \t<\/p>\n<li><strong><em>2 henkil\u00f6\u00e4 yksityinen Tour &amp; Excursion: USD $210 per henkil\u00f6<\/em><\/strong><strong><em><br \/>\nn<\/em><\/strong><\/li>\n<p>n \t<\/p>\n<li><strong><em>3 henkil\u00f6\u00e4 yksityinen Tour &amp; Excursion: USD $160 per henkil\u00f6<\/em><\/strong><\/li>\n<p>n \t<\/p>\n<li><strong><em>4 henkil\u00f6\u00e4 yksityinen Tour &amp; Excursion: USD $130 per henkil\u00f6<\/em><\/strong><\/li>\n<p>n \t<\/p>\n<li><strong><em>5 henkil\u00f6\u00e4 yksityinen Tour &amp; Excursion: USD $105 per henkil\u00f6<\/em><\/strong><\/li>\n<p>n \t<\/p>\n<li><strong><em>6 henkil\u00f6\u00e4 yksityinen Tour &amp; Excursion: USD $100 per henkil\u00f6<\/em><\/strong><\/li>\n<p>n \t<\/p>\n<li><strong><em>7 henkil\u00f6\u00e4 yksityinen Tour &amp; Excursion: USD $90 per henkil\u00f6<\/em><\/strong><\/li>\n<p>n \t<\/p>\n<li><strong><em>8 henkil\u00f6\u00e4 yksityinen Tour &amp; Excursion: USD $80 per henkil\u00f6<\/em><\/strong><\/li>\n<p>n \t<\/p>\n<li><strong><em>9 tai useampi henkil\u00f6 Retki &amp; retki: <a href=\"https:\/\/www.boattoursamana.com\/fi\/contact-us\/\">Ota yhteytt\u00e4<\/a><\/em><\/strong><\/li>\n<p>n<\/ul>\n<p>n<strong><em>*Excursion alku asetettuna ajankohtana.\u00a0\u00a0<\/em><\/strong><br \/>\nn<\/p>\n<h4><em><strong>L\u00e4ht\u00f6 &amp; paluu<\/strong><\/em><\/h4>\n<p>n<span style=\"font-weight: 400;\">Matkustaja saa tapaamispaikan varausprosessin j\u00e4lkeen. Kierrokset alkavat ja p\u00e4\u00e4ttyv\u00e4t tapaamispaikoissa.<\/span><br \/>\nn<\/p>\n<h4><\/h4>\n<p>n<\/p>\n<h4><\/h4>\n<p>n<\/p>\n<h3>Los Haitisesin kansallispuisto Santo Domingosta k\u00e4sin<\/h3>\n<p>n<\/p>\n<h4><b><i>Mit\u00e4 odottaa?<\/i><\/b><\/h4>\n<p>n<em><strong>Hanki liput<\/strong><\/em> Los Haitisesin kansallispuistokierrokselle Santo Domingosta. Kokop\u00e4iv\u00e4retki. L\u00e4ht\u00f6 Santo Domingosta mukavalla kuljetuksella Saman\u00e1 lahdelle. kuljetus satamaan veneen tai katamaraanin kyydiss\u00e4 paikallisen matkanjohtajan kanssa k\u00e4ymme Los Haitisesissa, Sabana de la Marin puolella k\u00e4ym\u00e4\u00e4n yhdess\u00e4 Dominikaanisen tasavallan kauneimmista kansallispuistoista. <strong>Los<em>\u00a0Haitisen kansallispuisto<\/em>.<\/strong><br \/>\nn<br \/>\nnKierros, jonka j\u00e4rjest\u00e4\u00e4 \"Booking Adventures\", alkaa matkanjohtajan kanssa sovitusta tapaamispaikasta. Tule Booking Adventuresin mukaan ja l\u00e4hde tarkistamaan lintujen t\u00e4ytt\u00e4mi\u00e4 mangroveja, vehre\u00e4n kasvillisuuden kumpuilevia kukkuloita ja luolia, joissa on <em><strong>Los Haitisesin kansallispuisto<\/strong><\/em>. Vierailu saarella, jossa on lintuja. Pesim\u00e4kaudella voimme jopa n\u00e4hd\u00e4 Pelecanosin poikasia pesiss\u00e4. Tutustuminen kalliosaariin ja vierailu luoliin, joissa on alkuper\u00e4iskansojen kuvakirjoituksia ja kivikirjoituksia.<br \/>\nn<br \/>\nnMangrovesien l\u00e4pi ja laskeudu avoimelle San Lorenzon lahdelle, Sabana de la Mariin, josta voit kuvata karua mets\u00e4maisemaa. Katso veteen n\u00e4hd\u00e4ksesi <em><strong>Manaatit<\/strong><\/em>, \u00e4yri\u00e4iset ja <em><strong>delfiinej\u00e4.<\/strong><\/em><br \/>\nn<\/p>\n<div class=\"body-description secondary\">\nn<br \/>\nnKansallispuiston nimi tulee sen alkuper\u00e4isasukkaiden, taino-intiaanien, mukaan. Heid\u00e4n kielell\u00e4\u00e4n \"Haitises\" tarkoittaa yl\u00e4nk\u00f6\u00e4 tai kukkuloita, mik\u00e4 viittaa rannikon jyrkkiin geologisiin muodostelmiin, joissa on kalkkikivi\u00e4. Seikkaile syvemm\u00e4lle puistoon tutkimaan Cueva San Gabrielin kaltaisia luolia, <em><strong>Cueva de la Arena, <\/strong><\/em>ja <strong><em>Cueva de la L\u00ednea.<\/em><\/strong><br \/>\nn<br \/>\nnTaino-intiaanit ja my\u00f6hemmin merirosvot k\u00e4yttiv\u00e4t n\u00e4it\u00e4 suojelualueella sijaitsevia luolia suojana. Etsi intiaanien piirroksia, jotka koristavat joitakin seini\u00e4. Los Haitisesin kansallispuistoon tutustumisen j\u00e4lkeen palaamme takaisin Samanaan tai Sabana de la Mariin lounaalle.<br \/>\nn<br \/>\nnMeill\u00e4 on tyypillinen lounas, Jos olet vegaani, ei h\u00e4t\u00e4\u00e4, meill\u00e4 on my\u00f6s ruokaa sinulle!<br \/>\nn<br \/>\nnLounaan j\u00e4lkeen palaamme takaisin Santo Domingoon!!!<br \/>\nn<br \/>\nn<\/div>\n<p>nJos haluat t\u00e4m\u00e4n matkan pidemm\u00e4ksi tai lyhyemm\u00e4ksi, meill\u00e4 on n\u00e4m\u00e4 vaihtoehdot:<br \/>\nn<\/p>\n<ol>\nn \t<\/p>\n<li><a href=\"https:\/\/www.boattoursamana.com\/fi\/kiertue\/the-haitises-national-park-tour-from-samana-port\/\">Vain Los Haitises Saman\u00e1n satamasta.<\/a><\/li>\n<p>n \t<\/p>\n<li><a href=\"https:\/\/www.boattoursamana.com\/fi\/kiertue\/los-haitises-kansallispuisto-lounas-cano-hondossa-samana-satamasta-2\/\">Los Haitises + Ca\u00f1o Hondo Saman\u00e1n satamasta.<\/a><\/li>\n<p>n<\/ol>\n<p>n&nbsp;<br \/>\nn<\/p>\n<h4><em><strong>Mit\u00e4 kannattaa ottaa mukaan?<\/strong><\/em><\/h4>\n<p>n<\/p>\n<ul>\nn \t<\/p>\n<li style=\"font-weight: 400;\"><span style=\"font-weight: 400;\">Kamera<\/span><\/li>\n<p>n \t<\/p>\n<li style=\"font-weight: 400;\"><span style=\"font-weight: 400;\">Hylkiv\u00e4 silmut<\/span><\/li>\n<p>n \t<\/p>\n<li style=\"font-weight: 400;\"><span style=\"font-weight: 400;\">Aurinkovoide<\/span><\/li>\n<p>n \t<\/p>\n<li style=\"font-weight: 400;\"><span style=\"font-weight: 400;\">Hattu<\/span><\/li>\n<p>n \t<\/p>\n<li style=\"font-weight: 400;\"><span style=\"font-weight: 400;\">Mukavat housut<\/span><\/li>\n<p>n \t<\/p>\n<li style=\"font-weight: 400;\"><span style=\"font-weight: 400;\">Vaelluskeng\u00e4t mets\u00e4\u00e4n<\/span><\/li>\n<p>n \t<\/p>\n<li style=\"font-weight: 400;\"><span style=\"font-weight: 400;\">Sandaalit kev\u00e4\u00e4n alueille.<\/span><\/li>\n<p>n \t<\/p>\n<li style=\"font-weight: 400;\"><span style=\"font-weight: 400;\">Uima-asu<\/span><\/li>\n<p>n<\/ul>\n<p>n&nbsp;<br \/>\nn<\/p>\n<h4><b><i>Hotellin nouto <\/i><\/b><\/h4>\n<p>n<span style=\"font-weight: 400;\">Hotellin noutoa ei tarjota t\u00e4ll\u00e4 kiertueella. <\/span><br \/>\nn<br \/>\nn&nbsp;<br \/>\nn<br \/>\nn<b>Huom:<\/b><span style=\"font-weight: 400;\"> Jos varaus tehd\u00e4\u00e4n 24 tunnin kuluessa kiertueen\/retken l\u00e4ht\u00f6ajasta, voimme j\u00e4rjest\u00e4\u00e4 hotellin noutoj\u00e4rjestelyj\u00e4 lis\u00e4maksusta. Kun ostoksesi on tehty, l\u00e4het\u00e4mme sinulle t\u00e4ydelliset yhteystiedot (puhelinnumero, s\u00e4hk\u00f6postiosoite jne.) paikalliselle matkaoppaallemme noutoj\u00e4rjestelyjen j\u00e4rjest\u00e4miseksi.<\/span><br \/>\nn<\/p>\n<h4><b><i>Lis\u00e4tietoja Vahvistus <\/i><\/b><\/h4>\n<p>n<\/p>\n<ol>\nn \t<\/p>\n<li>Liput ovat kuitti maksettuasi t\u00e4m\u00e4n Tour. Voit n\u00e4ytt\u00e4\u00e4 maksun puhelimellasi.<\/li>\n<p>n \t<\/p>\n<li style=\"font-weight: 400;\"><span style=\"font-weight: 400;\">Kokouspaikka saadaan varausprosessin j\u00e4lkeen.<\/span><\/li>\n<p>n \t<\/p>\n<li style=\"font-weight: 400;\"><span style=\"font-weight: 400;\">Lasten mukana on oltava aikuinen.<\/span><\/li>\n<p>n \t<\/p>\n<li style=\"font-weight: 400;\"><span style=\"font-weight: 400;\"> Ei esteet\u00f6n py\u00f6r\u00e4tuolilla <\/span><\/li>\n<p>n \t<\/p>\n<li style=\"font-weight: 400;\"><span style=\"font-weight: 400;\">Pikkulasten on istuttava syliss\u00e4 <\/span><\/li>\n<p>n \t<\/p>\n<li style=\"font-weight: 400;\"><span style=\"font-weight: 400;\">Ei suositella matkustajille, joilla on selk\u00e4vaivoja<\/span><\/li>\n<p>n \t<\/p>\n<li style=\"font-weight: 400;\"><span style=\"font-weight: 400;\">Ei suositella raskaana oleville matkustajille <\/span><\/li>\n<p>n \t<\/p>\n<li style=\"font-weight: 400;\"><span style=\"font-weight: 400;\"> Ei syd\u00e4nongelmia tai muita vakavia sairauksia <\/span><\/li>\n<p>n \t<\/p>\n<li style=\"font-weight: 400;\"><span style=\"font-weight: 400;\">Useimmat matkustajat voivat osallistua<\/span><\/li>\n<p>n<\/ol>\n<p>n<\/p>\n<h4><b><i>Peruutusehdot<\/i><\/b><\/h4>\n<p>nLue peruutusk\u00e4yt\u00e4nt\u00f6mme, jos haluat t\u00e4yden hyvityksen.\u00a0<a href=\"https:\/\/www.boattoursamana.com\/fi\/online-varaukset\/\" target=\"_blank\" rel=\"noopener\" data-saferedirecturl=\"https:\/\/www.google.com\/url?q=https:\/\/www.boattoursamana.com\/online-booking\/&amp;source=gmail&amp;ust=1672449202351000&amp;usg=AOvVaw1yAeVAPktmaVCqDujgUn90\">Klikkaa t\u00e4st\u00e4<\/a>. Varat menetet\u00e4\u00e4n, jos varaus peruutetaan samana matkap\u00e4iv\u00e4n\u00e4.<\/p>\n\n\t\t<\/div>\n\t<\/div>\n<div class=\"vc_btn3-container vc_btn3-inline\" ><button class=\"vc_general vc_btn3 vc_btn3-size-md vc_btn3-shape-rounded vc_btn3-style-modern vc_btn3-color-green\">VARAA NYT<\/button><\/div><\/div><\/div><\/div><\/div><div class=\"vc_row wpb_row vc_row-fluid\" ><div class=\"wpb_column vc_column_container vc_col-sm-12\"><div class=\"vc_column-inner\"><div class=\"wpb_wrapper\">\n\t<div class=\"wpb_video_widget wpb_content_element vc_clearfix   vc_video-aspect-ratio-169 vc_video-el-width-100 vc_video-align-left\" >\n\t\t<div class=\"wpb_wrapper\">\n\t\t\t\n\t\t\t<div class=\"wpb_video_wrapper\"><iframe loading=\"lazy\" title=\"Los Haitisesin kansallispuisto, matkat ja retket Samanasta tai Sabana de la Marista. Varaa t\u00e4\u00e4lt\u00e4:\" src=\"https:\/\/player.vimeo.com\/video\/346508015?dnt=1&amp;app_id=122963\" width=\"1100\" height=\"619\" frameborder=\"0\" allow=\"autoplay; fullscreen; picture-in-picture\" allowfullscreen><\/iframe><\/div>\n\t\t<\/div>\n\t<\/div>\n<\/div><\/div><\/div><\/div><div class=\"vc_row wpb_row vc_row-fluid\" ><div class=\"wpb_column vc_column_container vc_col-sm-12\"><div class=\"vc_column-inner\"><div class=\"wpb_wrapper\"><div class=\"vc_empty_space\"   style=\"height: 32px\"><span class=\"vc_empty_space_inner\"><\/span><\/div>\n\t<div class=\"wpb_text_column wpb_content_element\" >\n\t\t<div class=\"wpb_wrapper\">\n\t\t\t<p>\nn<\/p>\n<h4>Ota yhteytt\u00e4?<\/h4>\n<p>n<\/p>\n<h5>Seikkailujen varaaminen<\/h5>\n<p>n<em><strong>Paikalliset<\/strong>\u00a0ja\u00a0<strong>Kansalliset<\/strong>\u00a0Matkaoppaat &amp; vieraspalvelut<\/em><br \/>\nn<br \/>\nn<span class=\"text-turquoise\">Varaukset:<\/span>\u00a0Retket ja retket Dom. Rep.<br \/>\nn<br \/>\nn<img decoding=\"async\" class=\"emoji\" draggable=\"false\" src=\"https:\/\/s.w.org\/images\/core\/emoji\/11.2.0\/svg\/1f4de.svg\" alt=\" \" title=\"\">\u00a0Puh \/ Whatsapp\u00a0\u00a0<a href=\"tel:+1-809-720-6035\">+1-809-720-6035<\/a>.<br \/>\nn<br \/>\nn<img decoding=\"async\" class=\"emoji\" draggable=\"false\" src=\"https:\/\/s.w.org\/images\/core\/emoji\/11.2.0\/svg\/1f4e9.svg\" alt=\" \" title=\"\">\u00a0<a href=\"mailto:info@bookingadventures.com.do\">info@bookingadventures.com.do<\/a><br \/>\nn<br \/>\nn<strong>Olemme joustavia Asetukset Yksityiset matkat Whatsappilla:\u00a0<a href=\"tel:+18097206035\">+18097206035.<\/a><\/strong><\/p>\n\n\t\t<\/div>\n\t<\/div>\n<div class=\"vc_empty_space\"   style=\"height: 32px\"><span class=\"vc_empty_space_inner\"><\/span><\/div><\/div><\/div><\/div><\/div><div class=\"vc_row wpb_row vc_row-fluid\" ><div class=\"wpb_column vc_column_container vc_col-sm-12\"><div class=\"vc_column-inner\"><div class=\"wpb_wrapper\"><div class=\"vc_btn3-container vc_btn3-inline\" ><button class=\"vc_general vc_btn3 vc_btn3-size-md vc_btn3-shape-rounded vc_btn3-style-modern vc_btn3-color-green\">VARAA NYT<\/button><\/div><\/div><\/div><\/div><\/div>","protected":false},"excerpt":{"rendered":"<p>This excursion from Santo Domingo to Los Haitises National Park includes Lunch and Transportation for a visit to the main caves, an exploration of 2 different mangroves ecosystems and of course fishing bird watching. n nTrip to Los Haitises National Park with a naturalist Tour guide. Visiting the Cays in Los Haitises National Park, Mangroves, Vegetation, Birding, Caves, Pictographs and the historical areas of Sabana de la Mar in Los Haitises National Park. n n&nbsp; n nPlease Select the date [&hellip;]<\/p>\n","protected":false},"author":2,"featured_media":0,"parent":0,"menu_order":0,"comment_status":"open","ping_status":"closed","template":"","meta":{"footnotes":""},"class_list":["post-15758","page","type-page","status-publish","hentry"],"_links":{"self":[{"href":"https:\/\/www.boattoursamana.com\/fi\/wp-json\/wp\/v2\/pages\/15758","targetHints":{"allow":["GET"]}}],"collection":[{"href":"https:\/\/www.boattoursamana.com\/fi\/wp-json\/wp\/v2\/pages"}],"about":[{"href":"https:\/\/www.boattoursamana.com\/fi\/wp-json\/wp\/v2\/types\/page"}],"author":[{"embeddable":true,"href":"https:\/\/www.boattoursamana.com\/fi\/wp-json\/wp\/v2\/users\/2"}],"replies":[{"embeddable":true,"href":"https:\/\/www.boattoursamana.com\/fi\/wp-json\/wp\/v2\/comments?post=15758"}],"version-history":[{"count":0,"href":"https:\/\/www.boattoursamana.com\/fi\/wp-json\/wp\/v2\/pages\/15758\/revisions"}],"wp:attachment":[{"href":"https:\/\/www.boattoursamana.com\/fi\/wp-json\/wp\/v2\/media?parent=15758"}],"curies":[{"name":"wp","href":"https:\/\/api.w.org\/{rel}","templated":true}]}}