{"id":15764,"date":"2023-07-15T07:43:13","date_gmt":"2023-07-15T07:43:13","guid":{"rendered":"https:\/\/www.ticketswhales.com\/half-day-whale-watching-samana-in-catamaran-morning\/"},"modified":"2023-07-15T07:43:13","modified_gmt":"2023-07-15T07:43:13","slug":"half-day-whale-watching-samana-in-catamaran-morning","status":"publish","type":"page","link":"https:\/\/www.boattoursamana.com\/fi\/puoli-paivaa-valaiden-katselu-samana-katamaraani-aamulla","title":{"rendered":"Puoli p\u00e4iv\u00e4\u00e4 valaiden katselua Samanassa katamaraanilla - Aamup\u00e4iv\u00e4"},"content":{"rendered":"<p>Puolip\u00e4iv\u00e4inen valaiden katselu Samana Bay, Dominikaaninen tasavalta. Valasbongaus Samanan satamasta mukavalla katamaraanilla. Varaa aamu- tai iltap\u00e4iv\u00e4retki valaiden tarkkailua varten. Varaa nyt t\u00e4m\u00e4 retki Samanan lahdella hyv\u00e4\u00e4 valaanbongausretkikokemusta varten.<br \/>\nn<br \/>\nn<strong>Hinta ei sis\u00e4ll\u00e4 lounasta. Jos haluatte kaikki sis\u00e4ltyv\u00e4t ota:\u00a0 <a href=\"https:\/\/www.boattoursamana.com\/fi\/tours-excursions\/tours-and-excursions\/samana-whale-watching-cayo-levantado\/\">Klikkaa t\u00e4st\u00e4\u00a0<\/a><\/strong><br \/>\nn<br \/>\nn&nbsp;<\/p>\n<p>&nbsp;<\/p>\n<div class=\"vc_row wpb_row vc_row-fluid\" ><div class=\"wpb_column vc_column_container vc_col-sm-12\"><div class=\"vc_column-inner\"><div class=\"wpb_wrapper\"><div class=\"mkdf-section-title-holder\" style=\"text-align: left\">\n\t<div class=\"mkdf-st-inner\">\n\t\t\t\t\t<h5 class=\"mkdf-st-subtitle\" >\n\t\t\t\tAamup\u00e4iv\u00e4 tai iltap\u00e4iv\u00e4\t\t\t<\/h5>\n\t\t\t\t\t\t\t<h3 class=\"mkdf-st-title\" >\n\t\t\t\tPuoli p\u00e4iv\u00e4\u00e4 Whale Watching Samana katamaraanilla\t\t\t<\/h3>\n\t\t\t\t\t<\/div>\n<\/div><div class=\"vc_empty_space\"   style=\"height: 32px\"><span class=\"vc_empty_space_inner\"><\/span><\/div><div class=\"vc_message_box vc_message_box-standard vc_message_box-rounded vc_color-info\" ><div class=\"vc_message_box-icon\"><i class=\"fas fa-info-circle\"><\/i><\/div><p><strong>Hinta ei sis\u00e4ll\u00e4 lounasta. jos haluatte kaikki sis\u00e4lt\u00e4\u00e4, olkaa hyv\u00e4:\u00a0 <a href=\"https:\/\/www.boattoursamana.com\/fi\/tours-excursions\/tours-and-excursions\/samana-whale-watching-cayo-levantado\/\">Klikkaa t\u00e4st\u00e4\u00a0<\/a><\/strong><\/p>\n<\/div><div class=\"vc_empty_space\"   style=\"height: 32px\"><span class=\"vc_empty_space_inner\"><\/span><\/div><\/div><\/div><\/div><\/div><div class=\"vc_row wpb_row vc_row-fluid\" ><div class=\"wpb_column vc_column_container vc_col-sm-12\"><div class=\"vc_column-inner\"><div class=\"wpb_wrapper\"><div class=\"vc_btn3-container vc_btn3-inline\" ><button class=\"vc_general vc_btn3 vc_btn3-size-md vc_btn3-shape-rounded vc_btn3-style-modern vc_btn3-color-green\">VARAA NYT<\/button><\/div>\n\t<div class=\"wpb_text_column wpb_content_element\" >\n\t\t<div class=\"wpb_wrapper\">\n\t\t\t<p>\nn<\/p>\n<div class=\"vc_row wpb_row vc_row-fluid\">\nn<\/p>\n<div class=\"wpb_column vc_column_container vc_col-sm-12\">\nn<\/p>\n<div class=\"vc_column-inner\">\nn<\/p>\n<div class=\"wpb_wrapper\">\nn<\/p>\n<div class=\"wpb_text_column wpb_content_element\">\nn<\/p>\n<div class=\"wpb_wrapper\">\nn<\/p>\n<div class=\"vc_row wpb_row vc_row-fluid\">\nn<\/p>\n<div class=\"wpb_column vc_column_container vc_col-sm-12\">\nn<\/p>\n<div class=\"vc_column-inner\">\nn<\/p>\n<div class=\"wpb_wrapper\">\nn<\/p>\n<div class=\"wpb_text_column wpb_content_element\">\nn<\/p>\n<div class=\"wpb_wrapper\">\nn<\/p>\n<h4><b><i>Yleiskatsaus<img decoding=\"async\" class=\"emoji\" draggable=\"false\" src=\"https:\/\/s.w.org\/images\/core\/emoji\/12.0.0-1\/svg\/1f433.svg\" alt=\" \" title=\"\"><\/i><\/b><\/h4>\n<p>Sen j\u00e4lkeen keskeytt\u00e4\u00e4 meid\u00e4n Boat vierailla valaita omassa elinymp\u00e4rist\u00f6ss\u00e4\u00e4n.  Kapteenimme on koulutettu varmistamaan, ett\u00e4 n\u00e4et valaita.<br \/>\nn<br \/>\nnKlo 9.00\u201312.00 Tai Yksityinen v\u00e4hint\u00e4\u00e4n 4 henkil\u00f6\u00e4 klo 13.00\u201315.30. Valaiden katseluobservatorio ja T\u00e4m\u00e4n Whale Whatchig -matkan j\u00e4lkeen tulemme takaisin Samanan p\u00e4\u00e4satamaan.<br \/>\nn<br \/>\nn<strong>Huom:<\/strong> T\u00e4m\u00e4 kierros ei ole yksityinen. Jos haluat j\u00e4rjest\u00e4\u00e4 yksityisen kierroksen, ota yhteytt\u00e4!<br \/>\nn<\/p>\n<ul>\nn \t<\/p>\n<li>Whale Watching matka<\/li>\n<p>n \t<\/p>\n<li>Boat Catamarn Siirto<\/li>\n<p>n \t<\/p>\n<li>Kapteeni antaa ohjeita ja valvoo<\/li>\n<p>n \t<\/p>\n<li>Matkaopas<\/li>\n<p>n<\/ul>\n<p>n&nbsp;<br \/>\nn<\/p>\n<h4><b>Sis\u00e4llytykset ja poissulkemiset<\/b><\/h4>\n<p>n&nbsp;<br \/>\nn<br \/>\nn<b>Sis\u00e4llytykset<\/b><br \/>\nn<\/p>\n<ol>\nn \t<\/p>\n<li>Matkaopas<\/li>\n<p>n \t<\/p>\n<li>Katamaraani tai veneretki<\/li>\n<p>n \t<\/p>\n<li>Kaikki verot, maksut ja k\u00e4sittelykulut<\/li>\n<p>n \t<\/p>\n<li>Paikalliset verot<\/li>\n<p>n<\/ol>\n<p>n<b>Poikkeukset<\/b><br \/>\nn<\/p>\n<ol>\nn \t<\/p>\n<li>Juomarahat<\/li>\n<p>n \t<\/p>\n<li>Siirtoauto<\/li>\n<p>n \t<\/p>\n<li>Alkoholijuomat<\/li>\n<p>n \t<\/p>\n<li>Juomat<\/li>\n<p>n \t<\/p>\n<li>Dramamiinitabletit (valinnainen)<\/li>\n<p>n \t<\/p>\n<li>P\u00e4\u00e4symaksut pyh\u00e4kk\u00f6\u00f6n. (Rannekoru)<\/li>\n<p>n<\/ol>\n<p>n&nbsp;<br \/>\nn<\/p>\n<h4><em><strong>L\u00e4ht\u00f6 &amp; paluu<\/strong><\/em><\/h4>\n<p>nMatkustaja saa kohtaamispaikan Varausprosessin j\u00e4lkeen. Retket alkavat ja p\u00e4\u00e4ttyv\u00e4t kohtaamispisteiss\u00e4mme.<br \/>\nn<\/p>\n<h3>Puolen p\u00e4iv\u00e4n valaiden katselu Samana katamaraanilla<\/h3>\n<p>n<\/p>\n<h4><b><i>Mit\u00e4 odottaa?<\/i><\/b><\/h4>\n<p>n&nbsp;<br \/>\nn<br \/>\nn<em><strong>Hanki liput<\/strong><\/em> puolen p\u00e4iv\u00e4n retkelle Valasbongausretkelle Saman\u00e1n lahdella.<br \/>\nn<br \/>\nn&quot;Booking Adventuresin&quot; j\u00e4rjest\u00e4m\u00e4 puolip\u00e4iv\u00e4inen valaiden katselumatka alkaa matkaoppaan kanssa sovitusta kohtaamispaikasta. Lounas rannalla on <strong>ei<\/strong> sis\u00e4ltyy t\u00e4h\u00e4n kiertueeseen.<br \/>\nn<br \/>\nn&nbsp;<br \/>\nn<br \/>\nn<strong>Aikataulu:<\/strong><br \/>\nn<br \/>\nklo 9.00\u201312.30<br \/>\nn<br \/>\nn1: 00-15:30. (Se on useimmiten yksityinen matka v\u00e4hint\u00e4\u00e4n 4 henkil\u00f6\u00e4 tai ota yhteytt\u00e4).<br \/>\nn<br \/>\nn<\/div>\n<p>nAika voi muuttua sen mukaan, kuinka monta valasta n\u00e4emme.<br \/>\nn<\/p>\n<div class=\"wpb_wrapper\">\nn<br \/>\nn&nbsp;<br \/>\nn<\/p>\n<h4><em><strong>Mit\u00e4 kannattaa ottaa mukaan?<\/strong><\/em><\/h4>\n<p>n<\/p>\n<ul>\nn \t<\/p>\n<li>Kamera<\/li>\n<p>n \t<\/p>\n<li>Hylkiv\u00e4 silmut<\/li>\n<p>n \t<\/p>\n<li>aurinkovoide<\/li>\n<p>n \t<\/p>\n<li>Hattu<\/li>\n<p>n \t<\/p>\n<li>Mukavat housut<\/li>\n<p>n \t<\/p>\n<li>Uima-asu<\/li>\n<p>n \t<\/p>\n<li>K\u00e4teist\u00e4 matkamuistoja varten<\/li>\n<p>n<\/ul>\n<p>n&nbsp;<br \/>\nn<\/p>\n<h4><b><i>Hotellin nouto<\/i><\/b><\/h4>\n<p>nHotellin noutoa ei tarjota t\u00e4lle kiertueelle.<br \/>\nn<br \/>\nn&nbsp;<br \/>\nn<br \/>\nn<b>Huom:<\/b>\u00a0jos varaus tehd\u00e4\u00e4n 24 tunnin kuluessa kiertueen\/retken l\u00e4ht\u00f6ajasta, voimme j\u00e4rjest\u00e4\u00e4 hotellin nouto lis\u00e4maksusta. Kun ostoksesi on tehty, l\u00e4het\u00e4mme sinulle t\u00e4ydelliset yhteystiedot (puhelinnumero, s\u00e4hk\u00f6postiosoite jne.) paikalliselle matkanjohtajallemme noutoj\u00e4rjestelyjen j\u00e4rjest\u00e4miseksi.<br \/>\nn<\/p>\n<h4><b><i>Lis\u00e4tietoja Vahvistus<\/i><\/b><\/h4>\n<p>n<\/p>\n<ol>\nn \t<\/p>\n<li>Liput ovat kuitti maksettuasi t\u00e4m\u00e4n Tour. Voit n\u00e4ytt\u00e4\u00e4 maksun puhelimellasi.<\/li>\n<p>n \t<\/p>\n<li>Kokouspaikka saadaan varausprosessin j\u00e4lkeen.<\/li>\n<p>n \t<\/p>\n<li>Lasten mukana on oltava aikuinen.<\/li>\n<p>n \t<\/p>\n<li>esteet\u00f6n py\u00f6r\u00e4tuolilla<\/li>\n<p>n \t<\/p>\n<li>Pikkulasten on istuttava syliss\u00e4<\/li>\n<p>n \t<\/p>\n<li>Useimmat matkustajat voivat osallistua<\/li>\n<p>n<\/ol>\n<p>n<\/p>\n<h4><b><i>Peruutusehdot<\/i><\/b><\/h4>\n<p>nLue peruutusk\u00e4yt\u00e4nt\u00f6mme, jos haluat t\u00e4yden hyvityksen.\u00a0<a href=\"https:\/\/www.boattoursamana.com\/fi\/online-varaukset\/\" target=\"_blank\" rel=\"noopener\" data-saferedirecturl=\"https:\/\/www.google.com\/url?q=https:\/\/www.boattoursamana.com\/online-booking\/&amp;source=gmail&amp;ust=1672449202351000&amp;usg=AOvVaw1yAeVAPktmaVCqDujgUn90\">Klikkaa t\u00e4st\u00e4<\/a>. Varat menetet\u00e4\u00e4n, jos varaus peruutetaan samana matkap\u00e4iv\u00e4n\u00e4.<br \/>\nn<br \/>\nn<\/div>\n<p>n\n<\/p><\/div>\n<p>n\n<\/p><\/div>\n<p>n\n<\/p><\/div>\n<p>n\n<\/p><\/div>\n<p>n\n<\/p><\/div>\n<p>n\n<\/p><\/div>\n<p>n\n<\/p><\/div>\n<p>n\n<\/p><\/div>\n<p>n\n<\/p><\/div>\n<p>n\n<\/p><\/div>\n<p>n\n<\/p><\/div>\n<p>n<\/p>\n<div class=\"vc_row wpb_row vc_row-fluid\">\nn<\/p>\n<div class=\"wpb_column vc_column_container vc_col-sm-12\">\nn<\/p>\n<div class=\"vc_column-inner\">\nn<\/p>\n<div class=\"wpb_wrapper\">\nn<\/p>\n<div class=\"vc_empty_space\"><\/div>\n<p>n<\/p>\n<div class=\"wpb_text_column wpb_content_element\">\nn<\/p>\n<div class=\"wpb_wrapper\">\nn<\/p>\n<h4>Ota yhteytt\u00e4?<\/h4>\n<p>n<\/p>\n<h5><b><i>KIERTUE VALAITA SAMANA<\/i><\/b><\/h5>\n<p>n<em><strong>Paikalliset<\/strong>\u00a0ja\u00a0<strong>Kansalliset<\/strong>\u00a0Matkaoppaat &amp; vieraspalvelut<\/em><br \/>\nn<br \/>\nn<span class=\"text-turquoise\">Varaukset:<\/span>\u00a0Retket ja retket Dom. Rep.<br \/>\nn<br \/>\nn<img decoding=\"async\" class=\"emoji\" draggable=\"false\" src=\"https:\/\/s.w.org\/images\/core\/emoji\/11.2.0\/svg\/1f4de.svg\" alt=\" \" title=\"\">\u00a0Puh \/ Whatsapp\u00a0\u00a0<a href=\"tel:+1-809-720-6035\">+1-809-720-6035<\/a>.<br \/>\nn<br \/>\nn<img decoding=\"async\" class=\"emoji\" draggable=\"false\" src=\"https:\/\/s.w.org\/images\/core\/emoji\/11.2.0\/svg\/1f4e9.svg\" alt=\" \" title=\"\">\u00a0<a href=\"mailto:info@bookingadventures.com.do\">info@bookingadventures.com.do<\/a><br \/>\nn<br \/>\nn<strong>Olemme joustavia Asetukset Yksityiset matkat Whatsappilla:\u00a0<a href=\"tel:+18097206035\">+18097206035.<\/a><\/strong><br \/>\nn<br \/>\nn<\/div>\n<p>n\n<\/p><\/div>\n<p>n\n<\/p><\/div>\n<p>n\n<\/p><\/div>\n<p>n\n<\/p><\/div>\n<p>n\n<\/p><\/div>\n<p>n<\/p>\n\n\t\t<\/div>\n\t<\/div>\n<div class=\"vc_message_box vc_message_box-standard vc_message_box-rounded vc_color-info\" ><div class=\"vc_message_box-icon\"><i class=\"fas fa-info-circle\"><\/i><\/div><p><strong>Hinta ei sis\u00e4ll\u00e4 lounasta. jos haluatte kaikki sis\u00e4lt\u00e4\u00e4, olkaa hyv\u00e4:\u00a0 <a href=\"https:\/\/www.boattoursamana.com\/fi\/tours-excursions\/tours-and-excursions\/samana-whale-watching-cayo-levantado\/\">Klikkaa t\u00e4st\u00e4\u00a0<\/a><\/strong><\/p>\n<\/div><\/div><\/div><\/div><\/div><div class=\"vc_row wpb_row vc_row-fluid\" ><div class=\"wpb_column vc_column_container vc_col-sm-12\"><div class=\"vc_column-inner\"><div class=\"wpb_wrapper\"><div class=\"vc_btn3-container vc_btn3-inline\" ><button class=\"vc_general vc_btn3 vc_btn3-size-md vc_btn3-shape-rounded vc_btn3-style-modern vc_btn3-color-green\">VARAA NYT<\/button><\/div><\/div><\/div><\/div><\/div>","protected":false},"excerpt":{"rendered":"<p>Half-Day Whale Watching Samana Bay, Dominican Republic. Whale Watching from Saman\u00e1 port in a comfortable Catamaran. Book in the Morning or Afternoon trips for Whale watching. Book Now this excursion in Samana bay for a Good whale watching trip experience. n nPrice do not include Lunch. If you will like all include please:\u00a0 Click here\u00a0 n n&nbsp; &nbsp;<\/p>","protected":false},"author":2,"featured_media":0,"parent":0,"menu_order":0,"comment_status":"open","ping_status":"closed","template":"","meta":{"footnotes":""},"class_list":["post-15764","page","type-page","status-publish","hentry"],"_links":{"self":[{"href":"https:\/\/www.boattoursamana.com\/fi\/wp-json\/wp\/v2\/pages\/15764","targetHints":{"allow":["GET"]}}],"collection":[{"href":"https:\/\/www.boattoursamana.com\/fi\/wp-json\/wp\/v2\/pages"}],"about":[{"href":"https:\/\/www.boattoursamana.com\/fi\/wp-json\/wp\/v2\/types\/page"}],"author":[{"embeddable":true,"href":"https:\/\/www.boattoursamana.com\/fi\/wp-json\/wp\/v2\/users\/2"}],"replies":[{"embeddable":true,"href":"https:\/\/www.boattoursamana.com\/fi\/wp-json\/wp\/v2\/comments?post=15764"}],"version-history":[{"count":0,"href":"https:\/\/www.boattoursamana.com\/fi\/wp-json\/wp\/v2\/pages\/15764\/revisions"}],"wp:attachment":[{"href":"https:\/\/www.boattoursamana.com\/fi\/wp-json\/wp\/v2\/media?parent=15764"}],"curies":[{"name":"wp","href":"https:\/\/api.w.org\/{rel}","templated":true}]}}