{"id":15765,"date":"2023-07-15T07:43:13","date_gmt":"2023-07-15T07:43:13","guid":{"rendered":"https:\/\/www.ticketswhales.com\/day-pass-cano-hondo-natural-pools-lunch-included\/"},"modified":"2023-07-15T07:43:13","modified_gmt":"2023-07-15T07:43:13","slug":"day-pass-cano-hondo-natural-pools-lunch-included","status":"publish","type":"page","link":"https:\/\/www.boattoursamana.com\/fi\/paivapassi-cano-hondo-natural-pools-lounas-sisaltyy-hintaan","title":{"rendered":"P\u00e4iv\u00e4passi Ca\u00f1o Hondo - Luonnonaltaat ja lounas sis\u00e4ltyv\u00e4t hintaan."},"content":{"rendered":"<p>Osta p\u00e4iv\u00e4lippu luonnonuima-altaisiin Ca\u00f1o Hondo -hotellista Los Haitisesin kansallispuistossa, Sabana de la maaliskuussa. Lounas sis\u00e4ltyy hintaan.<br \/>\nn<br \/>\nnJos haluat lis\u00e4tietoja, ota meihin yhteytt\u00e4.<\/p>\n<p>&nbsp;<\/p>\n<div class=\"vc_row wpb_row vc_row-fluid\" ><div class=\"wpb_column vc_column_container vc_col-sm-12\"><div class=\"vc_column-inner\"><div class=\"wpb_wrapper\"><div class=\"vc_message_box vc_message_box-standard vc_message_box-rounded vc_color-info\" ><div class=\"vc_message_box-icon\"><i class=\"fas fa-info-circle\"><\/i><\/div><p>Varaa edulliset hinnat Cano Hondo -huoneista <a href=\"http:\/\/dominican-republic-hotels.com\/hotel\/cano-hondo-hotel-eco-lodge\/\" rel=\"noopener\">Klikkaa t\u00e4st\u00e4.<\/a><\/p>\n<\/div><div class=\"vc_btn3-container vc_btn3-inline\" ><button class=\"vc_general vc_btn3 vc_btn3-size-md vc_btn3-shape-rounded vc_btn3-style-modern vc_btn3-color-green\">VARAA NYT<\/button><\/div>\n\t<div class=\"wpb_text_column wpb_content_element\" >\n\t\t<div class=\"wpb_wrapper\">\n\t\t\t<p>\nn<\/p>\n<div class=\"vc_row wpb_row vc_row-fluid\">\nn<\/p>\n<div class=\"wpb_column vc_column_container vc_col-sm-12\">\nn<\/p>\n<div class=\"vc_column-inner\">\nn<\/p>\n<div class=\"wpb_wrapper\">\nn<\/p>\n<div class=\"wpb_text_column wpb_content_element\">\nn<\/p>\n<div class=\"wpb_wrapper\">\nn<\/p>\n<h2 class=\"mkdf-single-product-title\">P\u00e4iv\u00e4lippu Ca\u00f1o Hondo \u2013 Luonnonaltaat ja lounas sis\u00e4ltyy hintaan<\/h2>\n<p>n<\/p>\n<h4><b><i>Kuvaus<\/i><\/b><\/h4>\n<p>nCa\u00f1o Hondo -p\u00e4iv\u00e4lippu luonnonmukaisiin ulkouima-altaihimme, johon sis\u00e4ltyy buffetlounas. Joka p\u00e4iv\u00e4 klo 8.30-17.00.<br \/>\nn<\/p>\n<div class=\"wpb_text_column wpb_content_element\">\nn<\/p>\n<div class=\"wpb_wrapper\">\nn<br \/>\nnUima-altaat ovat t\u00e4ysin biologisia, eiv\u00e4tk\u00e4 ne tarvitse klooria tai kemikaaleja, jotka kehitt\u00e4v\u00e4t oman luonnollisen ekologiansa ja tasapainoisen ekosysteemins\u00e4 tietyll\u00e4 tavalla suunniteltuna ja rakennettuna. Kun tasapaino on saavutettu, vesi on luonnostaan kirkasta kuin vuoristoj\u00e4rvess\u00e4.<br \/>\nn<br \/>\nn<\/div>\n<p>n\n<\/p><\/div>\n<p>n<\/p>\n<div class=\"wpb_text_column wpb_content_element\">\nn<\/p>\n<div class=\"wpb_wrapper\">\nn<br \/>\nn<strong>Nauti Natural Eco -altaista, jotka sulautuvat kauniisti rauhalliseen ja alkuper\u00e4iseen maisemaan Los Haitisesin kansallispuistossa Sabana de la Marissa. <\/strong><br \/>\nn<\/p>\n<p style=\"text-align: center;\"><strong>Viet\u00e4 ihana p\u00e4iv\u00e4 perheesi tai yst\u00e4viesi kanssa.<\/strong><\/p>\n<p>n<br \/>\nn\n<\/div>\n<p>n\n<\/p><\/div>\n<p>n&nbsp;<br \/>\nn<\/p>\n<h3><b>Sis\u00e4llytt\u00e4minen y Poissulkemiset<\/b><\/h3>\n<p>n<b>Sis\u00e4llytykset<\/b><br \/>\nn<\/p>\n<ol>\nn \t<\/p>\n<li>Lounas - Buffet<\/li>\n<p>n \t<\/p>\n<li>Sis\u00e4\u00e4np\u00e4\u00e4sy luonnollisiin uima-altaisiin<\/li>\n<p>n<\/ol>\n<p>n<b>Poikkeukset (ei sis\u00e4lly)<\/b><br \/>\nn<\/p>\n<ol>\nn \t<\/p>\n<li>Kuljetus<\/li>\n<p>n \t<\/p>\n<li>Alkoholijuomat<\/li>\n<p>n<\/ol>\n<p>n&nbsp;<br \/>\nn<\/p>\n<h4><em><strong>Miksi ostaa lippu?<\/strong><\/em><\/h4>\n<p>nTee p\u00f6yt\u00e4varaus etuk\u00e4teen, jotta voit vakiinnuttaa ravintolamme tilan ja valmistaa lounasbuffetin sinulle. Varauksenteon j\u00e4lkeen edustajamme ottavat sinuun yhteytt\u00e4 ja antavat sinuun lis\u00e4tietoa \u2013 miten p\u00e4\u00e4set paikanp\u00e4\u00e4llemme, mik\u00e4 on Lounasbuffetin menu ja vastaa kaikkiin kysymyksiisi.<br \/>\nn<br \/>\nn<strong>Huomautus: Ilmainen alle 3-vuotiaille lapsille. 4-10-vuotiaat lapset maksavat vain puoleen hintaan.<\/strong><br \/>\nn<\/p>\n<h2 style=\"text-align: center;\"><strong>Kivenn\u00e4isvesiuima-altaat on suunniteltu ja rakennettu kiinnitt\u00e4en huomiota yksityiskohtiin ja luovuuteen.<\/strong><\/h2>\n<p>n<strong>Aika:<\/strong><br \/>\nn<br \/>\nklo 8.30-17.00<br \/>\nn<br \/>\nn&nbsp;<br \/>\nn<\/p>\n<h4><em><strong>Mit\u00e4 sinun pit\u00e4isi ottaa mukaasi?<\/strong><\/em><\/h4>\n<p>n<\/p>\n<ul>\nn \t<\/p>\n<li>Camara<\/li>\n<p>n \t<\/p>\n<li>\u00a0Hylkiv\u00e4<\/li>\n<p>n \t<\/p>\n<li>aurinkovoide<\/li>\n<p>n<\/ul>\n<p>n&nbsp;<br \/>\nn<\/p>\n<h4><i>Kuljetus: <\/i><\/h4>\n<p>nKuljetus ei sis\u00e4lly hintaan.<br \/>\nn<br \/>\nn<b>Huomautus: Jos haluat siirt\u00e4\u00e4, ota meihin yhteytt\u00e4.<\/b><br \/>\nn<\/p>\n<h4><b><i>Peruutusehdot<\/i><\/b><\/h4>\n<p>nJos haluat t\u00e4yden hyvityksen, lue peruutusk\u00e4yt\u00e4nt\u00f6mme verkkosivuston alatunnisteessa.<br \/>\nn<br \/>\nn\n<\/div>\n<p>n\n<\/p><\/div>\n<p>n\n<\/p><\/div>\n<p>n\n<\/p><\/div>\n<p>n\n<\/p><\/div>\n<p>n\n<\/p><\/div>\n<p>n<\/p>\n<div class=\"vc_row wpb_row vc_row-fluid\">\nn<\/p>\n<div class=\"wpb_column vc_column_container vc_col-sm-12\">\nn<\/p>\n<div class=\"vc_column-inner\">\nn<\/p>\n<div class=\"wpb_wrapper\">\nn<\/p>\n<div class=\"wpb_text_column wpb_content_element\">\nn<\/p>\n<div class=\"wpb_wrapper\">\nn<br \/>\nn&nbsp;<br \/>\nn<\/p>\n<h3 style=\"text-align: center;\">Voit my\u00f6s nauttia lukuisista aktiviteeteista ja retkist\u00e4 paikallisen oppaan avulla.<\/h3>\n<p>n<strong>Luettelo toimista:<\/strong><br \/>\nnZip-vuori<br \/>\nnRock sein\u00e4kiipeily\u00e4<br \/>\nnRatsastus<br \/>\nnOhjetut tai itseohjatut vaellukset Los Haitisesissa<br \/>\nnKajakkimelonta Los Haitisesissa<br \/>\nnOpastettuja veneretki\u00e4 Los Haitisesiin<br \/>\nnvalaiden katselu (15.1.\u201320.3.)<br \/>\nnOpastettu lintujen tarkkailu<br \/>\nnCayo Levantado\/Bacardi-saari<br \/>\nnLuonto ja luonto<br \/>\nnWaterfalls El Limon, Samana<br \/>\nn<br \/>\nn<strong>Jos haluat lis\u00e4tietoja aktiviteeteista ja retkist\u00e4, ota meihin yhteytt\u00e4. My\u00f6s sin\u00e4 voit <a href=\"http:\/\/haitises.com\/\" rel=\"noopener\">Varaa t\u00e4st\u00e4.<\/a><\/strong><br \/>\nn<\/p>\n<h4><b><i>Peruutusehdot<\/i><\/b><\/h4>\n<p>nLue peruutusk\u00e4yt\u00e4nt\u00f6mme, jos haluat t\u00e4yden hyvityksen.\u00a0<a href=\"https:\/\/www.boattoursamana.com\/fi\/online-varaukset\/\" target=\"_blank\" rel=\"noopener\" data-saferedirecturl=\"https:\/\/www.google.com\/url?q=https:\/\/www.boattoursamana.com\/online-booking\/&amp;source=gmail&amp;ust=1672449202351000&amp;usg=AOvVaw1yAeVAPktmaVCqDujgUn90\">Klikkaa t\u00e4st\u00e4<\/a>. Varat menetet\u00e4\u00e4n, jos varaus peruutetaan samana matkap\u00e4iv\u00e4n\u00e4.<br \/>\nn<br \/>\nn<\/div>\n<p>n\n<\/p><\/div>\n<p>n\n<\/p><\/div>\n<p>n\n<\/p><\/div>\n<p>n\n<\/p><\/div>\n<p>n\n<\/p><\/div>\n<p>n<\/p>\n\n\t\t<\/div>\n\t<\/div>\n<\/div><\/div><\/div><\/div><div class=\"vc_row wpb_row vc_row-fluid\" ><div class=\"wpb_column vc_column_container vc_col-sm-12\"><div class=\"vc_column-inner\"><div class=\"wpb_wrapper\"><div class=\"vc_btn3-container vc_btn3-inline\" ><button class=\"vc_general vc_btn3 vc_btn3-size-md vc_btn3-shape-rounded vc_btn3-style-modern vc_btn3-color-green\">VARAA NYT<\/button><\/div><\/div><\/div><\/div><\/div>","protected":false},"excerpt":{"rendered":"<p>Buy a Day Pass Ticket Natural Swimming Pools at Ca\u00f1o Hondo Hotel in the Los Haitises National Park, Sabana de la Mar. Lunch is included. n nFor more information, please contact us. &nbsp;<\/p>","protected":false},"author":2,"featured_media":0,"parent":0,"menu_order":0,"comment_status":"open","ping_status":"closed","template":"","meta":{"footnotes":""},"class_list":["post-15765","page","type-page","status-publish","hentry"],"_links":{"self":[{"href":"https:\/\/www.boattoursamana.com\/fi\/wp-json\/wp\/v2\/pages\/15765","targetHints":{"allow":["GET"]}}],"collection":[{"href":"https:\/\/www.boattoursamana.com\/fi\/wp-json\/wp\/v2\/pages"}],"about":[{"href":"https:\/\/www.boattoursamana.com\/fi\/wp-json\/wp\/v2\/types\/page"}],"author":[{"embeddable":true,"href":"https:\/\/www.boattoursamana.com\/fi\/wp-json\/wp\/v2\/users\/2"}],"replies":[{"embeddable":true,"href":"https:\/\/www.boattoursamana.com\/fi\/wp-json\/wp\/v2\/comments?post=15765"}],"version-history":[{"count":0,"href":"https:\/\/www.boattoursamana.com\/fi\/wp-json\/wp\/v2\/pages\/15765\/revisions"}],"wp:attachment":[{"href":"https:\/\/www.boattoursamana.com\/fi\/wp-json\/wp\/v2\/media?parent=15765"}],"curies":[{"name":"wp","href":"https:\/\/api.w.org\/{rel}","templated":true}]}}