{"id":15772,"date":"2023-07-15T07:43:40","date_gmt":"2023-07-15T07:43:40","guid":{"rendered":"https:\/\/www.ticketswhales.com\/catalina-island-altos-de-chavon-from-punta-cana-snorkeling-with-catamaran-party\/"},"modified":"2023-07-15T07:43:40","modified_gmt":"2023-07-15T07:43:40","slug":"catalina-island-altos-de-chavon-from-punta-cana-snorkeling-with-catamaran-party","status":"publish","type":"page","link":"https:\/\/www.boattoursamana.com\/fi\/catalina-island-altos-de-chavon-from-punta-cana-snorklausta-katamaraanilla-party-2","title":{"rendered":"Catalinan saari &amp; Altos de Chavon Punta Canasta (snorklausta katamaraanilla)"},"content":{"rendered":"<p>Pikkuruinen Catalinan saari (Isla Catalina), vain 1,5 mailia (2,4 kilometri\u00e4) Dominikaanisen tasavallan mantereesta, on idyllinen hiekkapilkku turkoosissa Karibianmeress\u00e4. Catalina on tunnettu runsaslukuisista koralliriutoistaan, ja se on rauhallinen lepopaikka niille, jotka haluavat paeta vilkasta Punta Canaa ja La Romanaa.<br \/>\nn<br \/>\nnVaraa p\u00e4iv\u00e4retki kanssamme. Catalina Island juhlakatamaraanissa snorklauksen kanssa!<br \/>\nn<br \/>\nn&nbsp;<br \/>\nn<br \/>\nnValitse retken p\u00e4iv\u00e4m\u00e4\u00e4r\u00e4:<\/p>\n<p>&nbsp;<\/p>\n<div class=\"vc_row wpb_row vc_row-fluid\" ><div class=\"wpb_column vc_column_container vc_col-sm-12\"><div class=\"vc_column-inner\"><div class=\"wpb_wrapper\"><div class=\"mkdf-section-title-holder\" style=\"text-align: left\">\n\t<div class=\"mkdf-st-inner\">\n\t\t\t\t\t<h5 class=\"mkdf-st-subtitle\" >\n\t\t\t\tPuolen p\u00e4iv\u00e4n kokemus\t\t\t<\/h5>\n\t\t\t\t\t\t\t<h3 class=\"mkdf-st-title\" >\n\t\t\t\tCatalinan saari ja snorklaus katamaraanilla Punta Canasta k\u00e4sin\t\t\t<\/h3>\n\t\t\t\t\t<\/div>\n<\/div><div class=\"vc_btn3-container vc_btn3-inline\" ><button class=\"vc_general vc_btn3 vc_btn3-size-md vc_btn3-shape-rounded vc_btn3-style-modern vc_btn3-color-green\">VARAA NYT<\/button><\/div><\/div><\/div><\/div><\/div><div class=\"vc_row wpb_row vc_row-fluid\" ><div class=\"wpb_column vc_column_container vc_col-sm-12\"><div class=\"vc_column-inner\"><div class=\"wpb_wrapper\">\n\t<div class=\"wpb_text_column wpb_content_element\" >\n\t\t<div class=\"wpb_wrapper\">\n\t\t\t<p>\nn<\/p>\n<div class=\"vc_row wpb_row vc_row-fluid\">\nn<\/p>\n<div class=\"wpb_column vc_column_container vc_col-sm-12\">\nn<\/p>\n<div class=\"vc_column-inner\">\nn<\/p>\n<div class=\"wpb_wrapper\">\nn<\/p>\n<div class=\"wpb_text_column wpb_content_element\">\nn<\/p>\n<div class=\"wpb_wrapper\">\nn<\/p>\n<div class=\"vc_row wpb_row vc_row-fluid\">\nn<\/p>\n<div class=\"wpb_column vc_column_container vc_col-sm-12\">\nn<\/p>\n<div class=\"vc_column-inner\">\nn<\/p>\n<div class=\"wpb_wrapper\">\nn<\/p>\n<div class=\"wpb_text_column wpb_content_element\">\nn<\/p>\n<div class=\"wpb_wrapper\">\nn<\/p>\n<h4><b><i>Yleiskatsaus<\/i><\/b><\/h4>\n<p>nNautimme katamaraanikierroksesta kristallinkirkkaiden vesien halki Catalinan saarelle, joka on Dominikaanisen tasavallan tunnetuin snorklausalue.<br \/>\nn<br \/>\nP\u00e4iv\u00e4si alkaa noutamisella hotellisi p\u00e4\u00e4aulasta tai m\u00e4\u00e4r\u00e4tyst\u00e4 tapaamispaikasta. Sitten jatkamme Catalinan saarelle nauttimaan virkist\u00e4v\u00e4st\u00e4 kylvyst\u00e4 ja juomista, kun taas kuka tahansa voi suorittaa 2 erilaista snorklausta ohjaajan kanssa, ja sen j\u00e4lkeen sy\u00f6mme herkullisen lounasbuffetin rannalla ja otamme joitakin Salsan ja Bachatan luokkia, samalla kun valmistamme herkullisia juomia. Kun olet kyll\u00e4stynyt laiskotteluun rannalla, nappaa snorklausv\u00e4lineet ja ihaile Catalinan vedenalaista maailmaa.<br \/>\nn<br \/>\nMeri, joka on niin uskomattoman kirkas, ja rannan valkoinen hiekka odottavat sinua. Rentoudu aurinkotuolilla tai snorklaamalla kaikki sis\u00e4ltyy sinulle. Nautit, jossa n\u00e4et perinteit\u00e4 meid\u00e4n musiikkia ja tanssia.<br \/>\nn<br \/>\nn T\u00e4m\u00e4n j\u00e4lkeen menemme Altos de Chavonin karjalle ja joelle!<br \/>\nn<br \/>\nn<strong>Huom:<\/strong> T\u00e4m\u00e4 kierros ei ole yksityinen. Jos haluat j\u00e4rjest\u00e4\u00e4 yksityisen kierroksen, ota yhteytt\u00e4!<br \/>\nn<\/p>\n<ul>\nn \t<\/p>\n<li>\nn<\/p>\n<div class=\"py-1 inclusions-exclusions-item d-flex\" lang=\"en-x-mtfrom-en\">\nn<\/p>\n<div class=\"d-inline-block inclusions-exclusions-text\">Yksityinen kuljetus<\/div>\n<p>n\n<\/p><\/div>\n<\/li>\n<p>n \t<\/p>\n<li>Luonnollinen uima-allas StarFish Watching varten<\/li>\n<p>n \t<\/p>\n<li>Snorklaus<\/li>\n<p>n \t<\/p>\n<li>Lounas<\/li>\n<p>n \t<\/p>\n<li>Vene Katamaraani Siirto<\/li>\n<p>n \t<\/p>\n<li>Kapteeni antaa ohjeita ja valvoo<\/li>\n<p>n \t<\/p>\n<li>Matkaopas<\/li>\n<p>n<\/ul>\n<p>n&nbsp;<br \/>\nn<\/p>\n<h4><b>Sis\u00e4llytykset ja poissulkemiset<\/b><\/h4>\n<p>n<b>Sis\u00e4llytykset<\/b><br \/>\nn<\/p>\n<ol>\nn \t<\/p>\n<li>Matkaopas<\/li>\n<p>n \t<\/p>\n<li>snorklaus<\/li>\n<p>n \t<\/p>\n<li>Lounas<\/li>\n<p>n \t<\/p>\n<li>Nouto hotelleista<\/li>\n<p>n \t<\/p>\n<li>Katamaraani tai veneretki<\/li>\n<p>n \t<\/p>\n<li>Kaikki verot, maksut ja k\u00e4sittelykulut<\/li>\n<p>n \t<\/p>\n<li>Paikalliset verot<\/li>\n<p>n \t<\/p>\n<li>Juomat<\/li>\n<p>n<\/ol>\n<p>n<b>Poikkeukset<\/b><br \/>\nn<\/p>\n<ol>\nn \t<\/p>\n<li>Juomarahat<\/li>\n<p>n \t<\/p>\n<li>Kuvat<\/li>\n<p>n<\/ol>\n<p>n<\/p>\n<h4><em><strong>L\u00e4ht\u00f6 &amp; paluu<\/strong><\/em><\/h4>\n<p>nMatkustaja saa kohtaamispaikan Varausprosessin j\u00e4lkeen. Retket alkavat ja p\u00e4\u00e4ttyv\u00e4t kohtaamispisteiss\u00e4mme.<br \/>\nn<\/p>\n<h3>Catalinan saari ja snorklaus katamaraanilla Punta Canasta - puolip\u00e4iv\u00e4inen kokemus.<\/h3>\n<p>n<\/p>\n<h4><b><i>Mit\u00e4 odottaa?<\/i><\/b><\/h4>\n<p>nCatalina Island Excursion Punta Canasta aikana vierailla on mahdollisuus snorklata Catalinan eloisissa koralliriutoissa, uida vilkkaassa kalaparvessa nauttien upeasta Karibian vedenalaisesta el\u00e4imist\u00f6st\u00e4.<br \/>\nn<br \/>\nAloitamme snorklausretken aamulla kohti La Romanaa. Ajon aikana ohitamme sokeriruokopeltoja, kun oppaasi antaa mielenkiintoista tietoa alueen historiasta, yleisest\u00e4 kulttuurista ja maan romminvalmistustekniikoista. Saavuttuamme La Romanaan nousemme katamaraanillemme ja l\u00e4hdemme kohti Catalinaa. Ensimm\u00e4inen pys\u00e4hdyspaikkamme saarella on \"The Wall\", majesteettinen korallisein\u00e4, joka ulottuu saarelta Karibianmerelle.<br \/>\nn<br \/>\nSnorklauksen j\u00e4lkeen jatkat polkua Catalinan kauniille rannalle, joka on eksklusiivinen paikka. Saavuttuaan sinne vieraat p\u00e4\u00e4sev\u00e4t 2 kilometrin pituiselle valkoiselle hiekkarannalle ja kristallinkirkkaaseen veteen, rantabaariin, jossa on juomia ja herkullinen dominikaaninen lounasbuffet grilliruoalla. Nousemme katamaraaniin noin klo 15.30 palataksemme Punta Canaan uskomattoman snorklaus- ja rentoutumisp\u00e4iv\u00e4n j\u00e4lkeen Catalinan saarella. SaariPunta Canasta l\u00e4htev\u00e4n Catalinan saaren retken aikana vierailla on mahdollisuus snorklata Catalinan elinvoimaisilla koralliriutoilla, uida vilkkaiden kalaparvien keskell\u00e4 nauttien upeasta Karibian vedenalaisesta el\u00e4imist\u00f6st\u00e4.<br \/>\nn<br \/>\nnAloitamme snorklausretken aamulla kohti La Romanaa. Ajon aikana ohitamme sokeriruokopellot, sill\u00e4 oppaasi tarjoaa mielenkiintoista tietoa alueen historiasta, yleiskulttuurista ja romminvalmistustekniikoista. Saavuttuamme La Romanaan nousemme katamaraaniin ja l\u00e4hdemme kohti Catalinaa.<br \/>\nn<br \/>\nEnsimm\u00e4inen pys\u00e4hdyspaikkamme saarella on \"The Wall\", majesteettinen korallisein\u00e4, joka ulottuu saarelta Karibianmerelle. Snorklauksen j\u00e4lkeen jatkamme matkaa Catalinan kauniille rannalle, joka on eksklusiivinen paikka. Saavuttuaan sinne vieraat p\u00e4\u00e4sev\u00e4t 2 kilometrin pituiselle valkoiselle hiekkarannalle ja kristallinkirkkaaseen veteen, rantabaariin, jossa on juomia, ja herkulliseen dominikaaniseen lounasbuffetiin, jossa on grilliruokaa. Nousemme katamaraaniin noin klo 15.30 palataksemme Punta Canaan uskomattoman snorklaus- ja rentoutumisp\u00e4iv\u00e4n j\u00e4lkeen Catalinan saarella.<br \/>\nn<\/p>\n<div class=\"a-text--first-content _for-copy-large l-hide-for-large\">\nn<br \/>\nnAnna<strong>\u00a0Catalinan saaren karibialainen paratiisi valloittaa sinut\u00a0<\/strong>ja tutkia vieh\u00e4tt\u00e4v\u00e4\u00e4\u00a0<strong>Altos de Chav\u00f3n<\/strong>\u00a0t\u00e4ll\u00e4 unohtumattomalla p\u00e4iv\u00e4retkell\u00e4 La Romanasta.<br \/>\nn<br \/>\nn<\/div>\n<p>n<\/p>\n<div id=\"o-slider--activity-detail__container\" class=\"o-slider js-module-slider is-photos\"><\/div>\n<p>n<\/p>\n<div id=\"l-768-calendar-anchor\"><\/div>\n<p>n<\/p>\n<div id=\"new-fading-text\" class=\"new-fading-text _loaded u-no-before show-hidden-elements\">\nn<\/p>\n<div class=\"o-activity-description\">\nn<\/p>\n<h2>Catalinan saari ja Altos de Chav\u00f3nin p\u00e4iv\u00e4retki<\/h2>\n<p>n Kun sinut on noudettu hotelliltasi aamulla, l\u00e4hdet seikkailuun ja teet ensimm\u00e4isen pys\u00e4hdysesi\u00a0<strong>Altos de Chav\u00f3n<\/strong>. Sinulla on 40 minuuttia aikaa tutkia t\u00e4t\u00e4<strong>\u00a0V\u00e4limeren tyyliin rakennetun kyl\u00e4n kaunis uudelleenluominen<\/strong>\u00a0ja ihailla sen vieress\u00e4 virtaavan Chav\u00f3n-joen n\u00e4kymi\u00e4. Todella lumoavaa!<br \/>\nn<\/p>\n<p class=\"new-fading-text__hidden-element\">Kierroksen jatkuessa teid\u00e4t vied\u00e4\u00e4n laiturille, joka sijaitsee\u00a0<strong>Salado-joki\u00a0<\/strong>jossa sinun\u00a0<strong>katamaraani\u00a0<\/strong>odottaa sinua purjehtimaan Isla Catalinalle. Noin 40 minuuttia kest\u00e4v\u00e4n risteilyn aikana nautit juomia aluksella ja ihailet samalla maisemia.\u00a0<strong>kimaltelevan Karibianmeren l\u00e4vist\u00e4v\u00e4 sinisyys<\/strong>.<\/p>\n<p>n<\/p>\n<p class=\"new-fading-text__hidden-element\">L\u00e4hestyess\u00e4si m\u00e4\u00e4r\u00e4np\u00e4\u00e4t\u00e4si suuntaat suoraan koralliriutalle, joka tunnetaan nimell\u00e4 La Pared eli Sein\u00e4, jossa sinulla on mahdollisuus tutustua\u00a0<strong>viilenty\u00e4 virkist\u00e4v\u00e4ll\u00e4 uinnilla meress\u00e4 ja snorklata uskomattoman meriel\u00e4imist\u00f6n keskell\u00e4.<\/strong>. Viet\u00e4 40 minuuttia tutkimalla vedenalaista el\u00e4m\u00e4\u00e4, ennen kuin palaat katamaraanille ja ankkuroit Catalina Islandin laituriin.<\/p>\n<p>n<\/p>\n<p class=\"new-fading-text__hidden-element\">Kun jalat ovat kuivalla maalla, teid\u00e4t vied\u00e4\u00e4n pieneen ravintolaan, josta on upeat merin\u00e4k\u00f6alat, ja siell\u00e4 teille tarjotaan\u00a0<strong>herkullinen buffet-lounas<\/strong>. Sen j\u00e4lkeen sinulla on kolme tuntia vapaa-aikaa, jonka aikana voit ottaa kaiken irti kaikesta.\u00a0<strong>paratiisi valkoiset hiekkarannat<\/strong>. Halusitpa sitten rentoutua ja ottaa aurinkoa tai kokeilla jotain hauskaa aktiviteettia, kuten melontasurffausta, nautit unohtumattomasta iltap\u00e4iv\u00e4st\u00e4.<\/p>\n<p>n<\/p>\n<p class=\"new-fading-text__hidden-element\">P\u00e4iv\u00e4n p\u00e4\u00e4tteeksi palaat katamaraanille ja purjehdit takaisin La Romanaan, josta sinut vied\u00e4\u00e4n hotellillesi.<\/p>\n<p>n<br \/>\nn\n<\/div>\n<p>n\n<\/p><\/div>\n<p>n&nbsp;<br \/>\nn<br \/>\nn<strong>Aikataulu:<\/strong><br \/>\nn<br \/>\nklo 7.00 \u2013 16.30<br \/>\nn<br \/>\nn&nbsp;<br \/>\nn<br \/>\nn<\/div>\n<p>nAika voi muuttua hotellien l\u00e4ht\u00f6ajan mukaan.<br \/>\nn<\/p>\n<div class=\"wpb_wrapper\">\nn<br \/>\nn&nbsp;<br \/>\nn<\/p>\n<h4><em><strong>Mit\u00e4 kannattaa ottaa mukaan?<\/strong><\/em><\/h4>\n<p>n<\/p>\n<ul>\nn \t<\/p>\n<li>Kamera<\/li>\n<p>n \t<\/p>\n<li>Hylkiv\u00e4 silmut<\/li>\n<p>n \t<\/p>\n<li>aurinkovoide<\/li>\n<p>n \t<\/p>\n<li>Hattu<\/li>\n<p>n \t<\/p>\n<li>Mukavat housut<\/li>\n<p>n \t<\/p>\n<li>Uima-asu<\/li>\n<p>n \t<\/p>\n<li>K\u00e4teist\u00e4 matkamuistoja varten<\/li>\n<p>n<\/ul>\n<p>n&nbsp;<br \/>\nn<\/p>\n<h4><b><i>Hotellin nouto<\/i><\/b><\/h4>\n<p>nHotellin nouto tarjotaan t\u00e4lle kiertueelle. Voimme asettaa sen Whatsappin kautta. La Romana, Punta Cana, Bavaro ja Bayahibe Hotelsilta.<br \/>\nn<br \/>\nn&nbsp;<br \/>\nn<br \/>\nn<b>Huom:<\/b> jos varaus tehd\u00e4\u00e4n 24 tunnin sis\u00e4ll\u00e4 retken\/retken l\u00e4ht\u00f6ajasta, voimme j\u00e4rjest\u00e4\u00e4 nouto hotellilta. Kun ostoksesi on tehty, l\u00e4het\u00e4mme sinulle t\u00e4ydelliset yhteystiedot (puhelinnumero, s\u00e4hk\u00f6postiosoite jne.) paikalliselle matkaoppaallemme noutoj\u00e4rjestelyjen j\u00e4rjest\u00e4miseksi.<br \/>\nn<\/p>\n<h4><b><i>Lis\u00e4tietoja Vahvistus<\/i><\/b><\/h4>\n<p>n<\/p>\n<ol>\nn \t<\/p>\n<li>Liput ovat kuitti maksettuasi t\u00e4m\u00e4n Tour. Voit n\u00e4ytt\u00e4\u00e4 maksun puhelimellasi.<\/li>\n<p>n \t<\/p>\n<li>Kokouspaikka saadaan varausprosessin j\u00e4lkeen.<\/li>\n<p>n \t<\/p>\n<li>Lasten mukana on oltava aikuinen.<\/li>\n<p>n \t<\/p>\n<li>esteet\u00f6n py\u00f6r\u00e4tuolilla<\/li>\n<p>n \t<\/p>\n<li>Pikkulasten on istuttava syliss\u00e4<\/li>\n<p>n \t<\/p>\n<li>Useimmat matkustajat voivat osallistua<\/li>\n<p>n<\/ol>\n<p>n<\/p>\n<h4><b><i>Peruutusehdot<\/i><\/b><\/h4>\n<p>nLue peruutusk\u00e4yt\u00e4nt\u00f6mme, jos haluat t\u00e4yden hyvityksen.\u00a0<a href=\"https:\/\/www.boattoursamana.com\/fi\/online-varaukset\/\" target=\"_blank\" rel=\"noopener\" data-saferedirecturl=\"https:\/\/www.google.com\/url?q=https:\/\/www.boattoursamana.com\/online-booking\/&amp;source=gmail&amp;ust=1672532492004000&amp;usg=AOvVaw3ylqI1cdbIPTimEqEWneyd\">Klikkaa t\u00e4st\u00e4<\/a>. Varat menetet\u00e4\u00e4n, jos varaus peruutetaan samana matkap\u00e4iv\u00e4n\u00e4.<br \/>\nn<br \/>\nn<\/div>\n<p>n\n<\/p><\/div>\n<p>n\n<\/p><\/div>\n<p>n\n<\/p><\/div>\n<p>n\n<\/p><\/div>\n<p>n\n<\/p><\/div>\n<p>n\n<\/p><\/div>\n<p>n\n<\/p><\/div>\n<p>n\n<\/p><\/div>\n<p>n\n<\/p><\/div>\n<p>n\n<\/p><\/div>\n<p>n\n<\/p><\/div>\n<p>n<\/p>\n<div class=\"vc_row wpb_row vc_row-fluid\">\nn<\/p>\n<div class=\"wpb_column vc_column_container vc_col-sm-12\">\nn<\/p>\n<div class=\"vc_column-inner\">\nn<\/p>\n<div class=\"wpb_wrapper\">\nn<\/p>\n<div class=\"vc_empty_space\"><\/div>\n<p>n<\/p>\n<div class=\"wpb_text_column wpb_content_element\">\nn<\/p>\n<div class=\"wpb_wrapper\">\nn<\/p>\n<h4>Ota yhteytt\u00e4?<\/h4>\n<p>n<\/p>\n<h5><b><i>Seikkailujen varaaminen<\/i><\/b><\/h5>\n<p>n<em><strong>Paikalliset<\/strong>\u00a0ja\u00a0<strong>Kansalliset<\/strong>\u00a0Matkaoppaat &amp; vieraspalvelut<\/em><br \/>\nn<br \/>\nn<span class=\"text-turquoise\">Varaukset:<\/span>\u00a0Retket ja retket Dom. Rep.<br \/>\nn<br \/>\nn<img decoding=\"async\" class=\"emoji\" src=\"https:\/\/s.w.org\/images\/core\/emoji\/11.2.0\/svg\/1f4de.svg\" alt=\" \" title=\"\">\u00a0Puh \/ Whatsapp\u00a0\u00a0<a href=\"tel:+1-809-720-6035\">+1-809-720-6035<\/a>.<br \/>\nn<br \/>\nn<img decoding=\"async\" class=\"emoji\" src=\"https:\/\/s.w.org\/images\/core\/emoji\/11.2.0\/svg\/1f4e9.svg\" alt=\" \" title=\"\">\u00a0<a href=\"mailto:info@bookingadventures.com.do\">info@bookingadventures.com.do<\/a><br \/>\nn<br \/>\nn<strong>Olemme joustavia Asetukset Yksityiset matkat Whatsappilla:\u00a0<a href=\"tel:+18097206035\">+18097206035.<\/a><\/strong><br \/>\nn<br \/>\nn<\/div>\n<p>n\n<\/p><\/div>\n<p>n\n<\/p><\/div>\n<p>n\n<\/p><\/div>\n<p>n\n<\/p><\/div>\n<p>n\n<\/p><\/div>\n<p>n<\/p>\n\n\t\t<\/div>\n\t<\/div>\n<div class=\"vc_btn3-container vc_btn3-inline\" ><button class=\"vc_general vc_btn3 vc_btn3-size-md vc_btn3-shape-rounded vc_btn3-style-modern vc_btn3-color-green\">VARAA NYT<\/button><\/div><\/div><\/div><\/div><\/div><div class=\"vc_row wpb_row vc_row-fluid\" ><div class=\"wpb_column vc_column_container vc_col-sm-12\"><div class=\"vc_column-inner\"><div class=\"wpb_wrapper\"><\/div><\/div><\/div><\/div>","protected":false},"excerpt":{"rendered":"<p>Tiny Catalina Island (Isla Catalina), just 1.5 miles (2.4 kilometers) off the Dominican Republic\u2019s mainland, is an idyllic sandy speck in the turquoise Caribbean waters. Known for its well-populated coral reefs, Catalina is a peaceful respite for those looking to escape bustling Punta Cana and La Romana. n nBook a day trip with us. Catalina Island in a Party Catamaran with Snorkeling! n n&nbsp; n nPlease Select the date for The Excursion: &nbsp;<\/p>","protected":false},"author":2,"featured_media":0,"parent":0,"menu_order":0,"comment_status":"open","ping_status":"closed","template":"","meta":{"footnotes":""},"class_list":["post-15772","page","type-page","status-publish","hentry"],"_links":{"self":[{"href":"https:\/\/www.boattoursamana.com\/fi\/wp-json\/wp\/v2\/pages\/15772","targetHints":{"allow":["GET"]}}],"collection":[{"href":"https:\/\/www.boattoursamana.com\/fi\/wp-json\/wp\/v2\/pages"}],"about":[{"href":"https:\/\/www.boattoursamana.com\/fi\/wp-json\/wp\/v2\/types\/page"}],"author":[{"embeddable":true,"href":"https:\/\/www.boattoursamana.com\/fi\/wp-json\/wp\/v2\/users\/2"}],"replies":[{"embeddable":true,"href":"https:\/\/www.boattoursamana.com\/fi\/wp-json\/wp\/v2\/comments?post=15772"}],"version-history":[{"count":0,"href":"https:\/\/www.boattoursamana.com\/fi\/wp-json\/wp\/v2\/pages\/15772\/revisions"}],"wp:attachment":[{"href":"https:\/\/www.boattoursamana.com\/fi\/wp-json\/wp\/v2\/media?parent=15772"}],"curies":[{"name":"wp","href":"https:\/\/api.w.org\/{rel}","templated":true}]}}