{"id":15778,"date":"2023-07-15T07:43:40","date_gmt":"2023-07-15T07:43:40","guid":{"rendered":"https:\/\/www.ticketswhales.com\/punta-cana-samana-whale-watching-cayo-levantado-bacardi-island-limon-waterfalls\/"},"modified":"2023-07-15T07:43:40","modified_gmt":"2023-07-15T07:43:40","slug":"punta-cana-samana-whale-watching-cayo-levantado-bacardi-island-limon-waterfalls","status":"publish","type":"page","link":"https:\/\/www.boattoursamana.com\/fi\/punta-cana-samana-valaiden-katselu-cayo-levantado-bacardi-saari-limon-vesiputouksia","title":{"rendered":"Punta Cana: Cayo Levantado (Bacardi-saari) + Lim\u00f3nin vesiputoukset."},"content":{"rendered":"<p>Punta Canan hotelleista nautimme it\u00e4maisen vuorijonon kauniista maisemista ajaessamme Punta Canasta pohjoiseen ennen kuin saavumme pieneen Michesin kalastajakyl\u00e4\u00e4n Samana Bayn etel\u00e4rannalle. Siell\u00e4 voit nauttia nopean aamiaisen ennen kuin nouset veneeseen Samanaan. Risteilemme syv\u00e4lle lahteen valaskatseluun. Saavumme ensin Cayo Levantadoon, joka tunnetaan my\u00f6s nimell\u00e4 Bacardi Island, koska se muistuttaa l\u00e4heisesti Bacardi Rumin kuuluisia mainoksia aikoinaan k\u00e4ytt\u00e4mi\u00e4 rantoja. Cayo Levantado on trooppinen keidas \u2013 pieni saari keskell\u00e4 merta, jossa on turkoosi vesi ja valkoinen hiekka. T\u00e4m\u00e4n j\u00e4lkeen safari Samana-yhteis\u00f6ss\u00e4 vesiputouksille. Vesiputouksissa el Limon valmistautuu ratsastukseen tai patikointiin. T\u00e4m\u00e4 on ainutlaatuinen t\u00e4ydellinen seikkailu.<br \/>\nn<br \/>\nn<span style=\"vertical-align: inherit;\"><span style=\"vertical-align: inherit;\">Este tour ha ha incluido la parada en la <\/span><\/span><strong><span style=\"vertical-align: inherit;\"><span style=\"vertical-align: inherit;\">Cascada de Lim\u00f3n<\/span><\/span><\/strong><span style=\"vertical-align: inherit;\"><span style=\"vertical-align: inherit;\"> . <\/span><span style=\"vertical-align: inherit;\">Para reservar el mismo viaje y no ir a las cascadas por favor <\/span><\/span><a href=\"https:\/\/www.boattoursamana.com\/fi\/Tours-Excursions\/tours-excursions-samana-bay-dominican-republic\/whale-watching-2020-in-punta-cana-to-samana-bay-cayo-levantado-bacardi-island-from-hotels\/\"><span style=\"vertical-align: inherit;\"><span style=\"vertical-align: inherit;\">HAGA CLIC AQU\u00cd.<\/span><\/span><\/a><br \/>\nn<br \/>\nn&nbsp;<br \/>\nn<br \/>\nn<em><strong><span style=\"vertical-align: inherit;\"><span style=\"vertical-align: inherit;\">Seleccione la fecha de la excursi\u00f3n:<\/span><\/span><\/strong><\/em><\/p>\n<p>&nbsp;<\/p>\n<div class=\"wpb_column vc_column_container vc_col-sm-12\"><div class=\"vc_column-inner\"><div class=\"wpb_wrapper\"><div class=\"vc_btn3-container vc_btn3-inline\" ><button class=\"vc_general vc_btn3 vc_btn3-size-md vc_btn3-shape-rounded vc_btn3-style-modern vc_btn3-color-green\">VARAA NYT<\/button><\/div>\n\t<div class=\"wpb_text_column wpb_content_element\" >\n\t\t<div class=\"wpb_wrapper\">\n\t\t\t<p>\nn<\/p>\n<div class=\"vc_row wpb_row vc_row-fluid\">\nn<\/p>\n<div class=\"wpb_column vc_column_container vc_col-sm-12\">\nn<\/p>\n<div class=\"vc_column-inner\">\nn<\/p>\n<div class=\"wpb_wrapper\">\nn<\/p>\n<div class=\"mkdf-section-title-holder\">\nn<\/p>\n<div class=\"mkdf-st-inner\">\nn<\/p>\n<h5 class=\"mkdf-st-subtitle\">Cayo Levantado (Bacardi-saari) + Limonin vesiputoukset Punta Canan hotelleista.<\/h5>\n<p>n<\/p>\n<h3 class=\"mkdf-st-title\">Valaiden katselu 2023 Punta Canassa Samana Baylle<\/h3>\n<p>n\n<\/p><\/div>\n<p>n\n<\/p><\/div>\n<p>n\n<\/p><\/div>\n<p>n\n<\/p><\/div>\n<p>n\n<\/p><\/div>\n<p>n\n<\/p><\/div>\n<p>n<\/p>\n<div class=\"vc_row wpb_row vc_row-fluid\"><\/div>\n<p>n<\/p>\n<div class=\"wpb_column vc_column_container vc_col-sm-12\">\nn<\/p>\n<div class=\"vc_column-inner\">\nn<\/p>\n<div class=\"wpb_wrapper\"><\/div>\n<p>n\n<\/p><\/div>\n<p>n\n<\/p><\/div>\n<p>n<\/p>\n<div class=\"wpb_text_column wpb_content_element\">\nn<\/p>\n<div class=\"wpb_wrapper\"><\/div>\n<p>n\n<\/p><\/div>\n<p>n<\/p>\n<div class=\"vc_row wpb_row vc_row-fluid\">\nn<\/p>\n<div class=\"wpb_column vc_column_container vc_col-sm-12\">\nn<\/p>\n<div class=\"vc_column-inner\">\nn<\/p>\n<div class=\"wpb_wrapper\">\nn<\/p>\n<div class=\"wpb_text_column wpb_content_element\">\nn<\/p>\n<div class=\"wpb_wrapper\">\nn<\/p>\n<div class=\"vc_row wpb_row vc_row-fluid\">\nn<\/p>\n<div class=\"wpb_column vc_column_container vc_col-sm-12\">\nn<\/p>\n<div class=\"vc_column-inner\">\nn<\/p>\n<div class=\"wpb_wrapper\">\nn<\/p>\n<div class=\"wpb_text_column wpb_content_element\">\nn<\/p>\n<div class=\"wpb_wrapper\">\nn<\/p>\n<h4><b><i>Yleiskatsaus <\/i><\/b><\/h4>\n<p>Whale Punta Cana, valaiden katselu Saman\u00e1 Baylla ja vierailu Cayo Levantadolla sek\u00e4 safari El limonin vesiputouksille t\u00e4m\u00e4n kokop\u00e4iv\u00e4retken aikana Punta Canan hotelleista. Matkusta Saman\u00e1 Bayhin mukavassa, ilmastoidussa linja-autossa ja siirry sitten Michesiss\u00e4 katamaraaniveneeseen. Risteile avoimille vesille etsim\u00e4\u00e4n ryh\u00e4valaslaumoja, jotka k\u00e4yv\u00e4t alueella lis\u00e4\u00e4ntym\u00e4ss\u00e4 ja synnytt\u00e4m\u00e4ss\u00e4 vasojaan. Opi n\u00e4iden merinis\u00e4kk\u00e4iden k\u00e4ytt\u00e4ytymisest\u00e4 ja biologiasta asiantuntevalta luonnontieteilij\u00e4oppaaltasi. Jatka Cayo Levantadolle \/ Bacardin saarelle lounaalle rannalla ja pulahda taivaansinisiin vesiin t\u00e4m\u00e4n safariretken j\u00e4lkeen el Limonin vesiputouksille, jossa ratsastetaan hevosilla kookosp\u00e4hkin\u00e4mets\u00e4n \u00e4\u00e4rell\u00e4, ennen kuin palaat Punta Canaan.<br \/>\nn<br \/>\nn&nbsp;<br \/>\nn<br \/>\nn<strong>Huom:<\/strong>\u00a0T\u00e4m\u00e4 kierros ei ole yksityinen. T\u00e4m\u00e4 kiertue on sis\u00e4lt\u00e4nyt pys\u00e4hdyksen\u00a0<strong>Limonin vesiputous<\/strong>. Jos haluat varata saman matkan ja ei mene vesiputouksia ota\u00a0<a href=\"https:\/\/www.boattoursamana.com\/fi\/Tours-Excursions\/tours-excursions-samana-bay-dominican-republic\/whale-watching-2020-in-punta-cana-to-samana-bay-cayo-levantado-bacardi-island-from-hotels\/\" data-mil=\"9912\">KLIKKAA T\u00c4ST\u00c4.<\/a><br \/>\nn<\/p>\n<ul>\nn \t<\/p>\n<li>Whale Watching matka<\/li>\n<p>n \t<\/p>\n<li>Bacardin saari \/ Cayo Levantado<\/li>\n<p>n \t<\/p>\n<li>P\u00e4\u00e4symaksut observatorioon<\/li>\n<p>n \t<\/p>\n<li>Samana Safari<\/li>\n<p>n \t<\/p>\n<li>El Limon vesiputoukset Hevoset Ratsastus<\/li>\n<p>n \t<\/p>\n<li>Sis\u00e4lt\u00e4\u00e4 buffetlounaan rannalla<\/li>\n<p>n \t<\/p>\n<li>Veneen siirto<\/li>\n<p>n \t<\/p>\n<li>Kapteeni antaa ohjeita ja valvoo<\/li>\n<p>n \t<\/p>\n<li>Matkaopas<\/li>\n<p>n<\/ul>\n<p>n&nbsp;<br \/>\nn<\/p>\n<h4><b>Sis\u00e4llytykset ja poissulkemiset<\/b><\/h4>\n<p>n&nbsp;<br \/>\nn<br \/>\nn<b>Sis\u00e4llytykset<\/b><br \/>\nn<br \/>\nn&nbsp;<br \/>\nn<\/p>\n<ol>\nn \t<\/p>\n<li>Lounasbuffet rannalla<\/li>\n<p>n \t<\/p>\n<li>Kuljetus hotelleista<\/li>\n<p>n \t<\/p>\n<li>Matkaopas<\/li>\n<p>n \t<\/p>\n<li>Katamaraani tai veneretki<\/li>\n<p>n \t<\/p>\n<li>Kaikki verot, maksut ja k\u00e4sittelykulut<\/li>\n<p>n \t<\/p>\n<li>Paikalliset verot<\/li>\n<p>n \t<\/p>\n<li>Juomat<\/li>\n<p>n<\/ol>\n<p>n<b>Poikkeukset<\/b><br \/>\nn<\/p>\n<ol>\nn \t<\/p>\n<li>Juomarahat<\/li>\n<p>n<\/ol>\n<p>n&nbsp;<br \/>\nn<\/p>\n<h4><em><strong>L\u00e4ht\u00f6 &amp; paluu<\/strong><\/em><\/h4>\n<p>nHotellin nouto tarjotaan t\u00e4lle kiertueelle. Muistiinpanoihin kirjoita vain hotellin nimi noutaaksesi sinut. Noudamme kaikista Punta Canan hotelleista.<br \/>\nn<br \/>\nn&nbsp;<br \/>\nn<\/p>\n<h3>Samana Whale Watching + Cayo Levantado (Bacardi-saari) + Limonin vesiputoukset Punta Canan hotelleista.<\/h3>\n<p>n<\/p>\n<h4><b><i>Mit\u00e4 odottaa?<\/i><\/b><\/h4>\n<p>P\u00e4\u00e4set l\u00e4helle Dominikaanisen tasavallan lempe\u00e4\u00e4 meren j\u00e4ttil\u00e4ist\u00e4 t\u00e4ll\u00e4 12 tunnin pituisella ryh\u00e4valaiden tarkkailuretkell\u00e4 S\u00e1mana Baylla. Viet\u00e4 unohtumaton p\u00e4iv\u00e4 tarkkailemalla tuhansia valaita, jotka saapuvat saarelle vuosittain parveilemaan, ruokailemaan ja leikkim\u00e4\u00e4n sen l\u00e4mpimiss\u00e4 trooppisissa vesiss\u00e4. Tarkkaillessasi n\u00e4it\u00e4 kauniita otuksia saat ainutlaatuisia n\u00e4kemyksi\u00e4 asiantuntevalta valaidenbongausoppaaltasi. P\u00e4\u00e4t\u00e4 p\u00e4iv\u00e4 lounaalla ja rantael\u00e4myksell\u00e4 kauniilla Cayo Levantadon saarella. My\u00f6s edestakainen hotellikuljetus sis\u00e4ltyy hintaan.<br \/>\nn<br \/>\nnKlo 9.00-12.00 Valaiden tarkkailuobservatorio ja T\u00e4m\u00e4n valasmatkan j\u00e4lkeen vierailemme Bacardin saarella \/ Cayo Levantadossa. Bacardin saarella tarjotaan tyypilliseen Dominikaaniseen tyyliin perustuva lounasbuffet (riisi, pavut, kala, salaatit\u2026). Lounaan p\u00e4\u00e4tytty\u00e4 voit uida ja valmistautua El limonin vesiputouksille klo 16.30 asti. Kierros p\u00e4\u00e4ttyy klo 17.00 samassa satamassa, josta se l\u00e4htee katamaraanillamme ja bussilla takaisin Punta Cana Hotelsille.<br \/>\nn<br \/>\nn<strong>Aikataulu:<\/strong><br \/>\nn<br \/>\nn6:00 \u2013 7:00 Asiakkaiden nouto eri hotelleista<br \/>\nn07:00 L\u00e4ht\u00f6 Las Canitakselle Sabana de la maaliskuussa<br \/>\nn08:15 Saapuminen yksityislaituriin<br \/>\n08:15 - 8:40 Aamiaisaika (voileipi\u00e4, muffinsseja, teet\u00e4, kahvia, mehuja).<br \/>\n8:45 Laivaan nousu ja matkan aloittaminen Samanan ryh\u00e4valaiden suojelualueelle.<br \/>\n11:00 Valaiden etsiminen 45 minuutin ajan - t\u00e4m\u00e4 on hallituksen s\u00e4\u00e4nt\u00f6jen mukainen ajoitus.<br \/>\nn11:45 Suuntaa Cayo Levantadoon Samana Bayssa<br \/>\n12:30 Saapuminen Cayo Levantadoon<br \/>\nn13:00 Lounasaika (lounasbuffet, tyypillinen dominikaaninen)*<br \/>\nKlo 13:45 \u2013 15:30 Vapaa-aika Cayo Levantadossa<br \/>\n15:00 - 15:45 Laivalla takaisin Michesiin.<br \/>\n17:00 Saapuminen Michesiin ja l\u00e4ht\u00f6 Punta Canan hotelleille<br \/>\nKlo 19.30 \u2013 20.00 Saapuminen Punta Canan hotelleihin<br \/>\nn<br \/>\nn<strong>*Lounasmenu (tyypillinen dominikaaninen)<br \/>\nn<\/strong>Riisi\u00e4, grillattua kanaa tai grillattua kalaa, salaattia, vihanneksia, tuoreita hedelmi\u00e4.<br \/>\nn<br \/>\nn<strong>*Asiakkaat, jotka haluavat lis\u00e4t\u00e4 pys\u00e4hdyksen El Limonin vesiputouksella valaiden katselun j\u00e4lkeen, siirtyv\u00e4t vesiputoukselle ja saavat v\u00e4hemm\u00e4n aikaa Cayo Levantadossa.<\/strong><br \/>\nn<br \/>\nnT\u00e4m\u00e4 kiertue sis\u00e4lt\u00e4\u00e4 pys\u00e4hdyksen klo\u00a0<strong>Limonin vesiputous<\/strong>. Jos haluat varata saman matkan ja ei mene vesiputouksia ota\u00a0<a href=\"https:\/\/www.boattoursamana.com\/fi\/Tours-Excursions\/tours-excursions-samana-bay-dominican-republic\/whale-watching-2020-in-punta-cana-to-samana-bay-cayo-levantado-bacardi-island-from-hotels\/\" data-mil=\"9912\">KLIKKAA T\u00c4ST\u00c4.<\/a><br \/>\nn<br \/>\nn&nbsp;<br \/>\nn<\/p>\n<h4><em><strong>Mit\u00e4 kannattaa ottaa mukaan?<\/strong><\/em><\/h4>\n<p>n<\/p>\n<ul>\nn \t<\/p>\n<li>Kamera<\/li>\n<p>n \t<\/p>\n<li>Hylkiv\u00e4 silmut<\/li>\n<p>n \t<\/p>\n<li>aurinkovoide<\/li>\n<p>n \t<\/p>\n<li>Hattu<\/li>\n<p>n \t<\/p>\n<li>Mukavat housut<\/li>\n<p>n \t<\/p>\n<li>Sandaalit rannalle<\/li>\n<p>n \t<\/p>\n<li>Uima-asu<\/li>\n<p>n \t<\/p>\n<li>K\u00e4teist\u00e4 matkamuistoja ja juomarahaa varten<\/li>\n<p>n<\/ul>\n<p>n&nbsp;<br \/>\nn<\/p>\n<h4><b><i>Hotellin nouto<\/i><\/b><\/h4>\n<p>nHotellin nouto tarjotaan t\u00e4lle kiertueelle. Muistiinpanoihin kirjoita vain hotellin nimi noutaaksesi sinut. Noudamme kaikista Punta Canan hotelleista.<br \/>\nn<br \/>\nn&nbsp;<br \/>\nn<br \/>\nn<b>Huom:<\/b>\u00a0jos varaus tehd\u00e4\u00e4n 24 tunnin kuluessa matkan\/retken l\u00e4ht\u00f6ajasta, voimme j\u00e4rjest\u00e4\u00e4 nouto hotellilta. Kun ostoksesi on tehty, l\u00e4het\u00e4mme sinulle t\u00e4ydelliset yhteystiedot (puhelinnumero, s\u00e4hk\u00f6postiosoite jne.) paikalliselle matkaoppaallemme noutoj\u00e4rjestelyjen j\u00e4rjest\u00e4miseksi.<br \/>\nn<\/p>\n<h4><b><i>Lis\u00e4tietoja Vahvistus<\/i><\/b><\/h4>\n<p>n<\/p>\n<ol>\nn \t<\/p>\n<li>Liput ovat kuitti maksettuasi t\u00e4m\u00e4n Tour. Voit n\u00e4ytt\u00e4\u00e4 maksun puhelimellasi.<\/li>\n<p>n \t<\/p>\n<li>Kokouspaikka saadaan varausprosessin j\u00e4lkeen.<\/li>\n<p>n \t<\/p>\n<li>Lasten mukana on oltava aikuinen.<\/li>\n<p>n \t<\/p>\n<li>esteet\u00f6n py\u00f6r\u00e4tuolilla<\/li>\n<p>n \t<\/p>\n<li>Pikkulasten on istuttava syliss\u00e4<\/li>\n<p>n \t<\/p>\n<li>Useimmat matkustajat voivat osallistua<\/li>\n<p>n<\/ol>\n<p>n<\/p>\n<h4><b><i>Peruutusehdot<\/i><\/b><\/h4>\n<p>nJos haluat t\u00e4yden hyvityksen, peruuta v\u00e4hint\u00e4\u00e4n 7 p\u00e4iv\u00e4\u00e4 ennen kokemuksen alkamisp\u00e4iv\u00e4\u00e4.<a href=\"https:\/\/www.boattoursamana.com\/fi\/online-varaukset\/\"> Klikkaa t\u00e4st\u00e4<\/a> n\u00e4hd\u00e4 politiikkaa.<br \/>\nn<br \/>\nn<\/div>\n<p>n\n<\/p><\/div>\n<p>n\n<\/p><\/div>\n<p>n\n<\/p><\/div>\n<p>n\n<\/p><\/div>\n<p>n\n<\/p><\/div>\n<p>n\n<\/p><\/div>\n<p>n\n<\/p><\/div>\n<p>n\n<\/p><\/div>\n<p>n\n<\/p><\/div>\n<p>n\n<\/p><\/div>\n<p>n\n<\/p><\/div>\n<p>n<\/p>\n<div class=\"vc_row wpb_row vc_row-fluid\">\nn<\/p>\n<div class=\"wpb_column vc_column_container vc_col-sm-12\">\nn<\/p>\n<div class=\"vc_column-inner\">\nn<\/p>\n<div class=\"wpb_wrapper\">\nn<\/p>\n<div class=\"vc_empty_space\"><\/div>\n<p>n<\/p>\n<div class=\"wpb_text_column wpb_content_element\">\nn<\/p>\n<div class=\"wpb_wrapper\">\nn<\/p>\n<h4>Ota yhteytt\u00e4?<\/h4>\n<p>n<\/p>\n<h5><b><i>KIERTUE VALAITA SAMANA<\/i><\/b><\/h5>\n<p>n<em><strong>Paikalliset<\/strong>\u00a0ja\u00a0<strong>Kansalliset<\/strong>\u00a0Matkaoppaat &amp; vieraspalvelut<\/em><br \/>\nn<br \/>\nn<span class=\"text-turquoise\">Varaukset:<\/span>\u00a0\u00a0Tours y Excursiones en Dom. Reps.<br \/>\nn<br \/>\nn Puh \/ Whatsapp\u00a0\u00a0\u00a0<a href=\"tel:+1-809-720-6035\">+ 1-809-720-6035<\/a>\u00a0.<br \/>\nn<br \/>\nn \u00a0<a href=\"mailto:info@bookingadventures.com.do\">info@bookingadventures.com.do<\/a><br \/>\nn<br \/>\nn<strong>Somos tours privados de configuraci\u00f3n flexible por Whatsapp:\u00a0\u00a0<a href=\"tel:+18097206035\">+18097206035.<\/a><\/strong><br \/>\nn<br \/>\nn<\/div>\n<p>n\n<\/p><\/div>\n<p>n\n<\/p><\/div>\n<p>n\n<\/p><\/div>\n<p>n\n<\/p><\/div>\n<p>n\n<\/p><\/div>\n<p>n<\/p>\n\n\t\t<\/div>\n\t<\/div>\n<\/div><\/div><\/div><div class=\"vc_row wpb_row vc_row-fluid\" ><div class=\"wpb_column vc_column_container vc_col-sm-12\"><div class=\"vc_column-inner\"><div class=\"wpb_wrapper\"><div class=\"vc_btn3-container vc_btn3-inline\" ><button class=\"vc_general vc_btn3 vc_btn3-size-md vc_btn3-shape-rounded vc_btn3-style-modern vc_btn3-color-green\">VARAA NYT<\/button><\/div><\/div><\/div><\/div><\/div>","protected":false},"excerpt":{"rendered":"<p>From the Punta Cana hotels, we&#8217;ll enjoy the beautiful landscapes of the Oriental Mountain Range as we drive north of Punta Cana before arriving in the small fishing village of Miches at the southern shores of Samana Bay. There you will enjoy a quick breakfast prior to boarding the boat to Samana. We&#8217;ll cruise deep into the bay to whale watch. We will first reach Cayo Levantado, also known as Bacardi Island because of its close resemblance to the beaches [&hellip;]<\/p>\n","protected":false},"author":2,"featured_media":0,"parent":0,"menu_order":0,"comment_status":"open","ping_status":"closed","template":"","meta":{"footnotes":""},"class_list":["post-15778","page","type-page","status-publish","hentry"],"_links":{"self":[{"href":"https:\/\/www.boattoursamana.com\/fi\/wp-json\/wp\/v2\/pages\/15778","targetHints":{"allow":["GET"]}}],"collection":[{"href":"https:\/\/www.boattoursamana.com\/fi\/wp-json\/wp\/v2\/pages"}],"about":[{"href":"https:\/\/www.boattoursamana.com\/fi\/wp-json\/wp\/v2\/types\/page"}],"author":[{"embeddable":true,"href":"https:\/\/www.boattoursamana.com\/fi\/wp-json\/wp\/v2\/users\/2"}],"replies":[{"embeddable":true,"href":"https:\/\/www.boattoursamana.com\/fi\/wp-json\/wp\/v2\/comments?post=15778"}],"version-history":[{"count":0,"href":"https:\/\/www.boattoursamana.com\/fi\/wp-json\/wp\/v2\/pages\/15778\/revisions"}],"wp:attachment":[{"href":"https:\/\/www.boattoursamana.com\/fi\/wp-json\/wp\/v2\/media?parent=15778"}],"curies":[{"name":"wp","href":"https:\/\/api.w.org\/{rel}","templated":true}]}}