{"id":15798,"date":"2023-07-15T07:43:59","date_gmt":"2023-07-15T07:43:59","guid":{"rendered":"https:\/\/www.ticketswhales.com\/bahia-de-las-aguilas-beach-day-trip-by-boat-day-pass-pedernales\/"},"modified":"2023-07-15T07:43:59","modified_gmt":"2023-07-15T07:43:59","slug":"bahia-de-las-aguilas-beach-day-trip-by-boat-day-pass-pedernales","status":"publish","type":"page","link":"https:\/\/www.boattoursamana.com\/fi\/bahia-de-las-aguilas-ranta-paivaretki-veneella-paiva-pass-pedernales-2","title":{"rendered":"Bah\u00eda de las Aguilas: Rantap\u00e4iv\u00e4retki veneell\u00e4 - P\u00e4iv\u00e4passi - Pedernales"},"content":{"rendered":"<p><span style=\"vertical-align: inherit;\"><span style=\"vertical-align: inherit;\">Compre un boleto de un d\u00eda a Bah\u00eda las \u00c1guilas desde las \u00e1reas de Pedernales. <\/span><span style=\"vertical-align: inherit;\">Disfruta de un d\u00eda de playa y deja fluir el \u00e1nimo, lejos de las zonas tur\u00edsticas y de todo el estr\u00e9s. <\/span><span style=\"vertical-align: inherit;\">Ven y descubre el Parque Nacional Jaragua y Bah\u00eda de las \u00c1guilas. <\/span><span style=\"vertical-align: inherit;\">Conduzca por una hermosa carretera con impresionantes vistas del peque\u00f1o puerto y el pueblo pesquero de Cabo Rojo. <\/span><span style=\"vertical-align: inherit;\">Las Cuevasissa p\u00e4\u00e4set boteilla, jotka viev\u00e4t sinut 15 minuutin matkan aikana yhteen maailman kauneimmista luonnonpuistoista (playas naturales m\u00e1s hermosas del mundo). <\/span><span style=\"vertical-align: inherit;\">Las arenas de la Bah\u00eda de las \u00c1guilas son v\u00edrgenes y la bah\u00eda cubre 8 km. <\/span><span style=\"vertical-align: inherit;\">Kokeilkaa poikkeuksellista maisemaa, jossa kiteiset vedet loistavat v\u00e4ris\u00e4vyiss\u00e4, jotka vaihtelevat turkoosin ja horisontissa loistavan taivaanrannan taivaansinisen s\u00e4vyjen v\u00e4lill\u00e4. <\/span><span style=\"vertical-align: inherit;\">El almuerzo se sirve en la playa, nadar o bucear y explorar este para\u00edso natural virgen.<\/span><\/span><br \/>\nn<br \/>\nn&nbsp;<br \/>\nn<br \/>\nn<strong><span style=\"vertical-align: inherit;\"><span style=\"vertical-align: inherit;\">Seleccione el d\u00eda para este viaje:<\/span><\/span><\/strong><\/p>\n<p>&nbsp;<\/p>\n<div class=\"vc_row wpb_row vc_row-fluid\" ><div class=\"wpb_column vc_column_container vc_col-sm-12\"><div class=\"vc_column-inner\"><div class=\"wpb_wrapper\"><div class=\"mkdf-section-title-holder\" style=\"text-align: left\">\n\t<div class=\"mkdf-st-inner\">\n\t\t\t\t\t<h5 class=\"mkdf-st-subtitle\" >\n\t\t\t\tP\u00e4iv\u00e4passi - Snorklaus &amp; lounas\t\t\t<\/h5>\n\t\t\t\t\t\t\t<h3 class=\"mkdf-st-title\" >\n\t\t\t\tBah\u00eda de las Aguilas: Rantap\u00e4iv\u00e4retki veneell\u00e4\t\t\t<\/h3>\n\t\t\t\t\t<\/div>\n<\/div><\/div><\/div><\/div><\/div><div class=\"vc_row wpb_row vc_row-fluid\" ><div class=\"wpb_column vc_column_container vc_col-sm-12\"><div class=\"vc_column-inner\"><div class=\"wpb_wrapper\">\n\t<div class=\"wpb_text_column wpb_content_element\" >\n\t\t<div class=\"wpb_wrapper\">\n\t\t\t<p>\nn<\/p>\n<h4><b><i>Yleiskatsaus<\/i><\/b><\/h4>\n<p>Nauti p\u00e4iv\u00e4st\u00e4 rannalla ja anna mielesi virrata kaukana turistikohteista ja kaikesta stressist\u00e4. Tule tutustumaan Jaraguan kansallispuistoon ja Bahia de las \u00c1guilasiin. Aja kaunista tiet\u00e4 pitkin, jolta avautuvat henke\u00e4salpaavat n\u00e4kym\u00e4t pieneen satamaan ja kalastajakyl\u00e4\u00e4n Cabo Rojoon. Las Cuevasissa nouset veneeseen, joka vie sinut 15 minuutin ajomatkalle yhdelle maailman kauneimmista luonnonrannoista. Bah\u00eda de las Aguilasin hiekka on koskematonta, ja lahden pituus on 8 km. Koe poikkeuksellinen rannikkomaisema, jossa kristallinkirkas vesi loistaa turkoosista opaalinsiniseen, joka sulaa horisonttiin. Lounas tarjoillaan rannalla, mene uimaan tai snorklaamaan ja tutustu t\u00e4h\u00e4n koskemattomaan luonnonparatiisiin.<br \/>\nn<br \/>\nn&nbsp;<br \/>\nn<\/p>\n<ul>\nn \t<\/p>\n<li>Paikallinen opas, jolla on turvallisuuskokemusta alueelta.<\/li>\n<p>n \t<\/p>\n<li>Yksityinen kuljetus<\/li>\n<p>n \t<\/p>\n<li>Maksut sis\u00e4ltyv\u00e4t<\/li>\n<p>n \t<\/p>\n<li>Lounas<\/li>\n<p>n \t<\/p>\n<li>Paikallinen matkaopas espanjaksi, englanniksi tai ranskaksi.<\/li>\n<p>n \t<\/p>\n<li>Vaellus<\/li>\n<p>n \t<\/p>\n<li>Snorklaus<\/li>\n<p>n<\/ul>\n<p>n<\/p>\n<h4><b>Sis\u00e4llytykset ja poissulkemiset<\/b><\/h4>\n<p>n&nbsp;<br \/>\nn<br \/>\nn<b>Sis\u00e4llytykset<\/b><br \/>\nn<\/p>\n<ol>\nn \t<\/p>\n<li>Paikallinen opas, jolla on turvallisuuskokemusta alueelta.<\/li>\n<p>n \t<\/p>\n<li>Yksityinen kuljetus pienille ryhmille<\/li>\n<p>n \t<\/p>\n<li>Kaikki verot, maksut ja k\u00e4sittelykulut<\/li>\n<p>n \t<\/p>\n<li>Paikalliset verot<\/li>\n<p>n \t<\/p>\n<li>Lounas<\/li>\n<p>n \t<\/p>\n<li>Vaellus<\/li>\n<p>n \t<\/p>\n<li>Luonnolliset altaat<\/li>\n<p>n \t<\/p>\n<li>Snorklaus<\/li>\n<p>n \t<\/p>\n<li>Kaikki toiminnot<\/li>\n<p>n<\/ol>\n<p>n<b>Poikkeukset<\/b><br \/>\nn<\/p>\n<ol>\nn \t<\/p>\n<li>Juomarahat<\/li>\n<p>n \t<\/p>\n<li>Kaikki juomat<\/li>\n<p>n<\/ol>\n<p>n<\/p>\n<h4><em><strong>L\u00e4ht\u00f6 &amp; paluu<\/strong><\/em><\/h4>\n<p>nMatkustaja saa tapaamispaikan varausprosessin j\u00e4lkeen. Kierrokset alkavat ja p\u00e4\u00e4ttyv\u00e4t tapaamispaikoissa.<br \/>\nn<\/p>\n<h2 class=\"styles__heading___mD4_3\" data-radium=\"true\">Bah\u00eda de las Aguilas: Rantap\u00e4iv\u00e4retki veneell\u00e4 -P\u00e4iv\u00e4passi - Snorklausta ja lounas<\/h2>\n<p>n<\/p>\n<h4><em>Mit\u00e4 odottaa?<\/em><\/h4>\n<p>nPlaya de las Aguilas on nimetty alkuper\u00e4iskansojen kotkan mukaan. Retki tehd\u00e4\u00e4n yksityisell\u00e4 kuljetuksella Bahia de las Aguilasista, jossa voit tutustua t\u00e4m\u00e4n aphrodisiac-rannan luonnonihmeisiin hyvin erilaisella ja kest\u00e4v\u00e4ll\u00e4 tavalla. Viet\u00e4 p\u00e4iv\u00e4 luontoretkell\u00e4 maan etel\u00e4osassa, jossa tutustut Bahia de las Aguilasiin, yhteen Dominikaanisen tasavallan kauneimmista rannoista, josta saavumme pikaveneell\u00e4 t\u00e4lle paratiisimaiselle rannalle, joka on t\u00e4ysin ymp\u00e4rist\u00f6lains\u00e4\u00e4d\u00e4nn\u00f6n suojelema alue. Viet\u00e4 rentouttavaa aikaa Bahia de las Aguilasissa, joka on asumaton luonnonsuojelualue ja kansallispuisto, ja nauti grillityylinen lounas luolissa.<br \/>\nn<br \/>\nnTyyni meri ja kevyt tuuli est\u00e4v\u00e4t sinua k\u00e4rsim\u00e4st\u00e4 liikaa auringosta ja kuumuudesta. Tule tutkimusmatkailijaksi p\u00e4iv\u00e4ksi ja l\u00f6yd\u00e4 ekologinen, luonnollinen ja t\u00e4ysin koskematon paratiisi. Voit tarkkailla yli 130 lintulajia, joista 76 el\u00e4\u00e4 lahdella pysyv\u00e4sti, 10 on endeemisi\u00e4 ja 47 muuttolintuja.<br \/>\nn<br \/>\nn08.30 - L\u00e4ht\u00f6 kokouspaikalta<br \/>\nn08.45 - L\u00e4ht\u00f6 veneell\u00e4 La Cuevan kyl\u00e4st\u00e4 Bahia de las Aguilasiin.<br \/>\nn12.30 - Tyypillinen lounas rannalla<br \/>\nn03.00 - Paluu La Cuevaan<br \/>\nn05.30 - Saapuminen kokouspaikkaan<br \/>\nn<\/p>\n<h4><em><strong>Mit\u00e4 kannattaa ottaa mukaan?<\/strong><\/em><\/h4>\n<p>n<\/p>\n<ul>\nn \t<\/p>\n<li>Kamera<\/li>\n<p>n \t<\/p>\n<li>Hylkiv\u00e4 silmut<\/li>\n<p>n \t<\/p>\n<li>Aurinkovoide<\/li>\n<p>n \t<\/p>\n<li>Vesi<\/li>\n<p>n \t<\/p>\n<li>Hattu<\/li>\n<p>n \t<\/p>\n<li>Mukavat housut<\/li>\n<p>n \t<\/p>\n<li>Vaelluskeng\u00e4t mets\u00e4\u00e4n<\/li>\n<p>n \t<\/p>\n<li>Sandaalit kev\u00e4\u00e4n alueille.<\/li>\n<p>n \t<\/p>\n<li>Uima-asu<\/li>\n<p>n<\/ul>\n<p>n&nbsp;<br \/>\nn<\/p>\n<h4><b><i>Hotellin nouto<\/i><\/b><\/h4>\n<p>nHotellista nouto tarjotaan t\u00e4ll\u00e4 kiertueella lis\u00e4maksusta.<br \/>\nn<br \/>\nn<b>Huom:<\/b> Jos varaus tehd\u00e4\u00e4n 24 tunnin kuluessa matkan\/retken l\u00e4ht\u00f6ajasta, voimme j\u00e4rjest\u00e4\u00e4 noudon hotellista. Me vain noudamme Pedernalesin alueelta. Kun ostoksesi on tehty, l\u00e4het\u00e4mme sinulle t\u00e4ydelliset yhteystiedot (puhelinnumero, s\u00e4hk\u00f6postiosoite jne.), jotta paikallinen matkaoppaamme voi j\u00e4rjest\u00e4\u00e4 noutoj\u00e4rjestelyt.<br \/>\nn<\/p>\n<h4><b><i>Lis\u00e4tietoja Vahvistus<\/i><\/b><\/h4>\n<p>n<\/p>\n<ol>\nn \t<\/p>\n<li>Liput ovat kuitti, kun olet maksanut t\u00e4st\u00e4 kiertueesta. Voit n\u00e4ytt\u00e4\u00e4 maksun puhelimellasi.<\/li>\n<p>n \t<\/p>\n<li>Kokouspaikka saadaan varausprosessin j\u00e4lkeen.<\/li>\n<p>n \t<\/p>\n<li>Lasten mukana on oltava aikuinen.<\/li>\n<p>n \t<\/p>\n<li>Ei esteet\u00f6n py\u00f6r\u00e4tuolilla<\/li>\n<p>n \t<\/p>\n<li>Pikkulasten on istuttava syliss\u00e4<\/li>\n<p>n \t<\/p>\n<li>Ei suositella matkustajille, joilla on selk\u00e4vaivoja<\/li>\n<p>n \t<\/p>\n<li>Ei suositella raskaana oleville matkustajille<\/li>\n<p>n \t<\/p>\n<li>Ei syd\u00e4nongelmia tai muita vakavia sairauksia<\/li>\n<p>n \t<\/p>\n<li>Useimmat matkustajat voivat osallistua<\/li>\n<p>n<\/ol>\n<p>n<\/p>\n<h4><b><i>Peruutusehdot<\/i><\/b><\/h4>\n<p>nLue peruutusk\u00e4yt\u00e4nt\u00f6mme, jos haluat t\u00e4yden hyvityksen.\u00a0<a href=\"https:\/\/www.boattoursamana.com\/fi\/online-varaukset\/\" target=\"_blank\" rel=\"noopener\" data-saferedirecturl=\"https:\/\/www.google.com\/url?q=https:\/\/www.boattoursamana.com\/online-booking\/&amp;source=gmail&amp;ust=1672449202351000&amp;usg=AOvVaw1yAeVAPktmaVCqDujgUn90\">Klikkaa t\u00e4st\u00e4<\/a>. Varat menetet\u00e4\u00e4n, jos varaus peruutetaan samana matkap\u00e4iv\u00e4n\u00e4.<\/p>\n\n\t\t<\/div>\n\t<\/div>\n<\/div><\/div><\/div><\/div>","protected":false},"excerpt":{"rendered":"<p>Compre un boleto de un d\u00eda a Bah\u00eda las \u00c1guilas desde las \u00e1reas de Pedernales. Disfruta de un d\u00eda de playa y deja fluir el \u00e1nimo, lejos de las zonas tur\u00edsticas y de todo el estr\u00e9s. Ven y descubre el Parque Nacional Jaragua y Bah\u00eda de las \u00c1guilas. Conduzca por una hermosa carretera con impresionantes vistas del peque\u00f1o puerto y el pueblo pesquero de Cabo Rojo. En Las Cuevas, abordar\u00e1 un bote que lo llevar\u00e1 en un viaje de 15 [&hellip;]<\/p>\n","protected":false},"author":2,"featured_media":0,"parent":0,"menu_order":0,"comment_status":"open","ping_status":"closed","template":"","meta":{"footnotes":""},"class_list":["post-15798","page","type-page","status-publish","hentry"],"_links":{"self":[{"href":"https:\/\/www.boattoursamana.com\/fi\/wp-json\/wp\/v2\/pages\/15798","targetHints":{"allow":["GET"]}}],"collection":[{"href":"https:\/\/www.boattoursamana.com\/fi\/wp-json\/wp\/v2\/pages"}],"about":[{"href":"https:\/\/www.boattoursamana.com\/fi\/wp-json\/wp\/v2\/types\/page"}],"author":[{"embeddable":true,"href":"https:\/\/www.boattoursamana.com\/fi\/wp-json\/wp\/v2\/users\/2"}],"replies":[{"embeddable":true,"href":"https:\/\/www.boattoursamana.com\/fi\/wp-json\/wp\/v2\/comments?post=15798"}],"version-history":[{"count":0,"href":"https:\/\/www.boattoursamana.com\/fi\/wp-json\/wp\/v2\/pages\/15798\/revisions"}],"wp:attachment":[{"href":"https:\/\/www.boattoursamana.com\/fi\/wp-json\/wp\/v2\/media?parent=15798"}],"curies":[{"name":"wp","href":"https:\/\/api.w.org\/{rel}","templated":true}]}}