{"id":15814,"date":"2023-07-15T07:44:18","date_gmt":"2023-07-15T07:44:18","guid":{"rendered":"https:\/\/www.ticketswhales.com\/jarabacoa-buggy-with-baiguate-waterfall\/"},"modified":"2023-07-15T07:44:18","modified_gmt":"2023-07-15T07:44:18","slug":"jarabacoa-buggy-with-baiguate-waterfall","status":"publish","type":"page","link":"https:\/\/www.boattoursamana.com\/fi\/jarabacoa-buggy-jossa-on-baiguate-vesiputous","title":{"rendered":"Jarabacoa buggia Baiguate vesiputouksen kanssa"},"content":{"rendered":"<p><span style=\"font-weight: 400;\"><span style=\"vertical-align: inherit;\"><span style=\"vertical-align: inherit;\">\u00danase a nosotros y viaje con un experto local de Jarabacoa y obtenga la experiencia \u00fanica de visitar los mejores lugares de la capital del ecoturismo a partir de Jarabacoa, este tour lo llevar\u00e1 a conocer el hermoso paisaje del rancho monta\u00f1oso m\u00e1s grande de la Rep\u00fablica Dominicana. <\/span><span style=\"vertical-align: inherit;\">Mientras conduce por los diferentes lugares, sentir\u00e1 el aire de la monta\u00f1a y disfrutar\u00e1 de la belleza del campo.\u00a0<\/span><\/span><\/span><br \/>\nn<br \/>\nn<strong><span style=\"vertical-align: inherit;\"><span style=\"vertical-align: inherit;\">Seleccione la fecha para el Tour:\u00a0<\/span><\/span><\/strong><\/p>\n<p>&nbsp;<\/p>\n<div class=\"vc_row wpb_row vc_row-fluid\" ><div class=\"wpb_column vc_column_container vc_col-sm-12\"><div class=\"vc_column-inner\"><div class=\"wpb_wrapper\">\n\t<div class=\"wpb_text_column wpb_content_element\" >\n\t\t<div class=\"wpb_wrapper\">\n\t\t\t<p>Jarabacoa ja Jimenoa ja Baiguate vesiputouksetBuggyn kanssa<\/p>\n\n\t\t<\/div>\n\t<\/div>\n<div class=\"vc_btn3-container vc_btn3-inline\" ><button class=\"vc_general vc_btn3 vc_btn3-size-md vc_btn3-shape-rounded vc_btn3-style-modern vc_btn3-color-green\">VARAA NYT<\/button><\/div><\/div><\/div><\/div><\/div><div class=\"vc_row wpb_row vc_row-fluid\" ><div class=\"wpb_column vc_column_container vc_col-sm-12\"><div class=\"vc_column-inner\"><div class=\"wpb_wrapper\">\n\t<div class=\"wpb_text_column wpb_content_element\" >\n\t\t<div class=\"wpb_wrapper\">\n\t\t\t<p>\nn<\/p>\n<h3 class=\"ui_header h1 attractions-product-info-ProductTitle__title--1qM0o\">Jarabacoa Buggy &amp; Baiguate vesiputous<\/h3>\n<p>n<\/p>\n<h4><b><i>Yleiskatsaus <\/i><\/b><\/h4>\n<p>n<span style=\"font-weight: 400;\">Liity meihin ja matkustaa paikallisen asiantuntijan Jarabacoa ja saada ainutlaatuinen kokemus vierailevat parhaat paikat p\u00e4\u00e4kaupungin ekoturismin alkaen Jarabacoa, t\u00e4m\u00e4 kiertue vie sinut ymp\u00e4ri n\u00e4hd\u00e4 kaunis maisema suurin vuori ranch Dominikaanisen tasavallan. Ajaessasi eri paikoissa tunnet vuoristoilman ja nautit maaseudun kauneudesta.\u00a0<\/span><br \/>\nn<br \/>\nn<span style=\"font-weight: 400;\">P\u00e4\u00e4semme t\u00e4m\u00e4n kiertueen eri paikkoihin. Sinulla on seuraavat vaihtoehdot: Py\u00f6r\u00e4ily, ratsastus, safari, nelipy\u00f6r\u00e4ily tai buggy. Osta lippusi verkossa nyt ja pidet\u00e4\u00e4n hauskaa oppimalla Jarabacoasta ja Dominikaanisen tasavallan kulttuurista, kun matkustat kaupungin parhaisiin paikkoihin.<\/span><br \/>\nn<br \/>\nn<span style=\"font-weight: 400;\">Jarabacoa on ikuisen kev\u00e4tloman kaupunki s\u00e4\u00e4n vuoksi ja La Vegan maakunnan toiseksi t\u00e4rkein kunta. Historian mukaan Jarabacoa tarkoittaa \"paikka paljon vett\u00e4\", 27. syyskuuta 1858, Jarabacoa aloitti el\u00e4m\u00e4ns\u00e4 kunnan, kategoria saatu j\u00e4lkeen uran, joka tuli alussa 19th century. Matkusta kanssamme ja tutustu Dominikaanisen tasavallan pohjoisen alueen vuoristoon, luontoon, kulttuuriin ja ihmisiin.\u00a0<\/span><br \/>\nn<\/p>\n<ul>\nn \t<\/p>\n<li style=\"font-weight: 400;\">Maksut sis\u00e4ltyv\u00e4t<\/li>\n<p>n \t<\/p>\n<li>Lounas<\/li>\n<p>n \t<\/p>\n<li>V\u00e4lipalat<\/li>\n<p>n \t<\/p>\n<li style=\"font-weight: 400;\">Paikallinen matkaopas englanniksi<\/li>\n<p>n<\/ul>\n<p>n<\/p>\n<h4><b>Sis\u00e4llytykset ja poissulkemiset<\/b><\/h4>\n<p>n<b>Sis\u00e4llytykset<\/b><br \/>\nn<\/p>\n<ol>\nn \t<\/p>\n<li>Lounas<\/li>\n<p>n \t<\/p>\n<li style=\"font-weight: 400;\"><span style=\"font-weight: 400;\">Kaikki verot, maksut ja k\u00e4sittelykulut<\/span><\/li>\n<p>n \t<\/p>\n<li style=\"font-weight: 400;\"><span style=\"font-weight: 400;\">Paikalliset verot<\/span><\/li>\n<p>n \t<\/p>\n<li style=\"font-weight: 400;\"><span style=\"font-weight: 400;\">Juomat<\/span><\/li>\n<p>n \t<\/p>\n<li>V\u00e4lipalat<\/li>\n<p>n \t<\/p>\n<li style=\"font-weight: 400;\"><span style=\"font-weight: 400;\">Kaikki toiminnot<\/span><\/li>\n<p>n \t<\/p>\n<li style=\"font-weight: 400;\"><span style=\"font-weight: 400;\">Paikallinen opas<\/span><\/li>\n<p>n<\/ol>\n<p>n<b> Poikkeukset<\/b><br \/>\nn<\/p>\n<ol>\nn \t<\/p>\n<li style=\"font-weight: 400;\"><span style=\"font-weight: 400;\">Juomarahat<\/span><\/li>\n<p>n \t<\/p>\n<li>kuljetus ( Aseta ottamalla yhteytt\u00e4 meihin)<\/li>\n<p>n \t<\/p>\n<li style=\"font-weight: 400;\"><span style=\"font-weight: 400;\">Alkoholijuomat<\/span><\/li>\n<p>n<\/ol>\n<p>n<\/p>\n<h4><em><strong>L\u00e4ht\u00f6 &amp; paluu<\/strong><\/em><\/h4>\n<p>n<span style=\"font-weight: 400;\">Matkustaja saa tapaamispaikan varausprosessin j\u00e4lkeen. Kierrokset alkavat ja p\u00e4\u00e4ttyv\u00e4t tapaamispaikoissa.<\/span><br \/>\nn<\/p>\n<h3 class=\"ui_header h1 attractions-product-info-ProductTitle__title--1qM0o\">Jarabacoa buggy &amp; Baiguate vesiputous<\/h3>\n<p>n<\/p>\n<h4><b><i>Mit\u00e4 odottaa?<\/i><\/b><\/h4>\n<p>n<span style=\"font-weight: 400;\">Hanki lippu Baiguaten vesiputouksille Jarabacoa Cityst\u00e4 Buggyll\u00e4.\u00a0<\/span><br \/>\nn<br \/>\nn<span style=\"font-weight: 400;\">Kun puhumme buggeista, tarkoitamme maastoajoneuvoa, joka tarjoaa turvallisuutta ja helppok\u00e4ytt\u00f6isyytt\u00e4 ja antaa k\u00e4ytt\u00e4j\u00e4lleen samalla paremman kosketuksen maastoon ja ymp\u00e4r\u00f6iv\u00e4\u00e4n luontoon ajon aikana. Tunne tuulahdus, aurinko, sade, n\u00e4e maisema vierell\u00e4si mukavassa ja turvallisessa laitteessa, joka on suunniteltu nauttimaan mets\u00e4- ja maastoradasta.<\/span><br \/>\nn<br \/>\nn<span style=\"font-weight: 400;\">T\u00e4m\u00e4 retki alkaa tapaamispaikasta, joka sinun on vahvistettava matkatoimistoltamme tai matkaoppaaltasi ennen kuin l\u00e4hdet mihink\u00e4\u00e4n paikkaan. Kun tapaat oppaasi, saatte debriefin retkest\u00e4 ja kaikesta, mik\u00e4 liittyy p\u00e4iv\u00e4\u00e4nne.<\/span><br \/>\nn<br \/>\nn<span style=\"font-weight: 400;\">Kun kaikki ovat valmiita, aloitamme ratsastuksen Jarabacoa Townin maaseutualueille, ja kun ajamme buggia, maan pohjoisosan keskiosien kuoppaiset tiet ja vuoristoilma n\u00e4ytt\u00e4v\u00e4t sinulle kauneuden ja luonnon t\u00e4m\u00e4n seikkailun kautta.<\/span><br \/>\nn<br \/>\nn<span style=\"font-weight: 400;\">T\u00e4ll\u00e4 matkalla vierailet muun muassa La Confluenciassa, jossa Jimenoa- ja Yaque Del Norte -joet kohtaavat, Cieneguitassa ja Monte Arribassa.\u00a0<\/span><br \/>\nn<br \/>\nn<span style=\"font-weight: 400;\">Ratsastettuamme noin 30 kilometri\u00e4 suuntaamme Baiguate-vesiputoukselle 10 minuutin vaellukselle ja uimaan luonnonaltaissa.\u00a0<\/span><br \/>\nn<br \/>\nn<span style=\"font-weight: 400;\">T\u00e4m\u00e4n matkan aikana voit k\u00e4yd\u00e4 uimassa noin 1 tunnin ajan ja pit\u00e4\u00e4 tauon maistellaksesi tuoreita hedelmi\u00e4, jotka ker\u00e4t\u00e4\u00e4n p\u00e4ivitt\u00e4in Jarabacoan viljelij\u00f6iden mailta. Baiguaten putous on 82 metri\u00e4 korkea, ja se on t\u00e4ydellinen paikka rentoutua hieman ennen paluuta kaupunkiin.\u00a0\u00a0<\/span><br \/>\nn<br \/>\nn<span style=\"font-weight: 400;\">T\u00e4m\u00e4n matkan aikana voit k\u00e4yd\u00e4 uimassa noin 1 tunnin ajan ja pit\u00e4\u00e4 tauon maistellaksesi tuoreita hedelmi\u00e4, jotka ker\u00e4t\u00e4\u00e4n p\u00e4ivitt\u00e4in Jarabacoan viljelij\u00f6iden mailta. Baiguaten putous on 82 metri\u00e4 korkea, ja se on t\u00e4ydellinen paikka rentoutua hieman ennen paluuta kaupunkiin.\u00a0\u00a0<\/span><br \/>\nn<br \/>\nn<span style=\"font-weight: 400;\">My\u00f6hemmin Baiguaten vesiputouksen j\u00e4lkeen suuntaamme Ivon'siin maistamaan parasta paikallista j\u00e4\u00e4tel\u00f6n makua, jonka paikallinen asiantuntija on tehnyt, ja k\u00e4velemme Duarte Central Parkiin matkasi viimeiseen osaan, t\u00e4m\u00e4 on 6 tunnin retki, joka antaa sinulle mahdollisuuden valvoa Jarabacoa, t\u00e4m\u00e4 retki p\u00e4\u00e4ttyy samaan paikkaan kuin se alkoi.<\/span><br \/>\nn<br \/>\nn<span style=\"font-weight: 400;\">Huomautus: N\u00e4ill\u00e4 kierroksilla on mukana virkamiesten ekologiset oppaat. Varaa ajoissa, koska puistossa ei ole liikaa asiantuntijoita.<\/span><br \/>\nn<\/p>\n<h4><em><strong>Mit\u00e4 kannattaa ottaa mukaan?<\/strong><\/em><\/h4>\n<p>n<\/p>\n<ul>\nn \t<\/p>\n<li style=\"font-weight: 400;\"><span style=\"font-weight: 400;\">Kamera<\/span><\/li>\n<p>n \t<\/p>\n<li style=\"font-weight: 400;\"><span style=\"font-weight: 400;\">Hylkiv\u00e4 silmut<\/span><\/li>\n<p>n \t<\/p>\n<li style=\"font-weight: 400;\"><span style=\"font-weight: 400;\">Aurinkovoide<\/span><\/li>\n<p>n \t<\/p>\n<li style=\"font-weight: 400;\"><span style=\"font-weight: 400;\">Hattu<\/span><\/li>\n<p>n \t<\/p>\n<li style=\"font-weight: 400;\"><span style=\"font-weight: 400;\">Mukavat housut<\/span><\/li>\n<p>n \t<\/p>\n<li style=\"font-weight: 400;\"><span style=\"font-weight: 400;\">Vaelluskeng\u00e4t mets\u00e4\u00e4n<\/span><\/li>\n<p>n \t<\/p>\n<li style=\"font-weight: 400;\"><span style=\"font-weight: 400;\">Sandaalit kev\u00e4\u00e4n alueille.<\/span><\/li>\n<p>n \t<\/p>\n<li style=\"font-weight: 400;\"><span style=\"font-weight: 400;\">Uima-asu<\/span><\/li>\n<p>n<\/ul>\n<p>n<\/p>\n<h4><b><i>Hotellin nouto <\/i><\/b><\/h4>\n<p>n<span style=\"font-weight: 400;\">Hotellin noutoa ei tarjota t\u00e4ll\u00e4 kiertueella. Asetamme Nouto ottamalla yhteytt\u00e4 meihin Whatsappilla.<\/span><br \/>\nn<br \/>\nn<b>Huom:<\/b><span style=\"font-weight: 400;\"> Jos varaus tehd\u00e4\u00e4n 24 tunnin kuluessa kiertueen\/retken l\u00e4ht\u00f6ajasta, voimme j\u00e4rjest\u00e4\u00e4 hotellin noutoj\u00e4rjestelyj\u00e4 lis\u00e4maksusta. Kun ostoksesi on tehty, l\u00e4het\u00e4mme sinulle t\u00e4ydelliset yhteystiedot (puhelinnumero, s\u00e4hk\u00f6postiosoite jne.) paikalliselle matkaoppaallemme noutoj\u00e4rjestelyjen j\u00e4rjest\u00e4miseksi.<\/span><br \/>\nn<\/p>\n<h4><b><i>Lis\u00e4tietoja Vahvistus <\/i><\/b><\/h4>\n<p>n<\/p>\n<ol>\nn \t<\/p>\n<li>Liput ovat kuitti, kun olet maksanut t\u00e4st\u00e4 kiertueesta. Voit n\u00e4ytt\u00e4\u00e4 maksun puhelimellasi.<\/li>\n<p>n \t<\/p>\n<li style=\"font-weight: 400;\"><span style=\"font-weight: 400;\">Kokouspaikka saadaan varausprosessin j\u00e4lkeen.<\/span><\/li>\n<p>n \t<\/p>\n<li style=\"font-weight: 400;\"><span style=\"font-weight: 400;\">Lasten mukana on oltava aikuinen.<\/span><\/li>\n<p>n \t<\/p>\n<li style=\"font-weight: 400;\"><span style=\"font-weight: 400;\"> Ei esteet\u00f6n py\u00f6r\u00e4tuolilla <\/span><\/li>\n<p>n \t<\/p>\n<li style=\"font-weight: 400;\"><span style=\"font-weight: 400;\">Pikkulasten on istuttava syliss\u00e4 <\/span><\/li>\n<p>n \t<\/p>\n<li style=\"font-weight: 400;\"><span style=\"font-weight: 400;\">Ei suositella matkustajille, joilla on selk\u00e4vaivoja<\/span><\/li>\n<p>n \t<\/p>\n<li style=\"font-weight: 400;\"><span style=\"font-weight: 400;\">Ei suositella raskaana oleville matkustajille <\/span><\/li>\n<p>n \t<\/p>\n<li style=\"font-weight: 400;\"><span style=\"font-weight: 400;\"> Ei syd\u00e4nongelmia tai muita vakavia sairauksia <\/span><\/li>\n<p>n \t<\/p>\n<li style=\"font-weight: 400;\"><span style=\"font-weight: 400;\">Useimmat matkustajat voivat osallistua<\/span><\/li>\n<p>n<\/ol>\n<p>n<\/p>\n<h4><b><i>Peruutusehdot<\/i><\/b><\/h4>\n<p>nLue peruutusk\u00e4yt\u00e4nt\u00f6mme, jos haluat t\u00e4yden hyvityksen.\u00a0<a href=\"https:\/\/www.boattoursamana.com\/fi\/online-varaukset\/\" target=\"_blank\" rel=\"noopener\" data-saferedirecturl=\"https:\/\/www.google.com\/url?q=https:\/\/www.boattoursamana.com\/online-booking\/&amp;source=gmail&amp;ust=1672449202351000&amp;usg=AOvVaw1yAeVAPktmaVCqDujgUn90\">Klikkaa t\u00e4st\u00e4<\/a>. Varat menetet\u00e4\u00e4n, jos varaus peruutetaan samana matkap\u00e4iv\u00e4n\u00e4.<\/p>\n\n\t\t<\/div>\n\t<\/div>\n<div class=\"vc_btn3-container vc_btn3-inline\" ><button class=\"vc_general vc_btn3 vc_btn3-size-md vc_btn3-shape-rounded vc_btn3-style-modern vc_btn3-color-green\">VARAA NYT<\/button><\/div><\/div><\/div><\/div><\/div><div class=\"vc_row wpb_row vc_row-fluid\" ><div class=\"wpb_column vc_column_container vc_col-sm-12\"><div class=\"vc_column-inner\"><div class=\"wpb_wrapper\">\n\t<div class=\"wpb_video_widget wpb_content_element vc_clearfix   vc_video-aspect-ratio-169 vc_video-el-width-100 vc_video-align-left\" >\n\t\t<div class=\"wpb_wrapper\">\n\t\t\t<h2 class=\"wpb_heading wpb_video_heading\">Jarabacoa City Video:<\/h2>\n\t\t\t<div class=\"wpb_video_wrapper\"><iframe loading=\"lazy\" title=\"Jarabacoa | Puro Turismo de Monta\u00f1a\" width=\"1100\" height=\"619\" src=\"https:\/\/www.youtube.com\/embed\/FRHfK4RS39A?feature=oembed\" frameborder=\"0\" allow=\"accelerometer; autoplay; clipboard-write; encrypted-media; gyroscope; picture-in-picture; web-share\" allowfullscreen><\/iframe><\/div>\n\t\t<\/div>\n\t<\/div>\n<\/div><\/div><\/div><\/div><div class=\"vc_row wpb_row vc_row-fluid\" ><\/div><div class=\"wpb_column vc_column_container vc_col-sm-12\"><div class=\"vc_column-inner\"><div class=\"wpb_wrapper\"><\/div><\/div><\/div><div class=\"vc_empty_space\"   style=\"height: 32px\"><span class=\"vc_empty_space_inner\"><\/span><\/div><div class=\"vc_empty_space\"   style=\"height: 32px\"><span class=\"vc_empty_space_inner\"><\/span><\/div><div class=\"vc_row wpb_row vc_row-fluid\" ><div class=\"wpb_column vc_column_container vc_col-sm-12\"><div class=\"vc_column-inner\"><div class=\"wpb_wrapper\"><div class=\"vc_btn3-container vc_btn3-inline\" ><button class=\"vc_general vc_btn3 vc_btn3-size-md vc_btn3-shape-rounded vc_btn3-style-modern vc_btn3-color-green\">VARAA NYT<\/button><\/div><\/div><\/div><\/div><\/div>","protected":false},"excerpt":{"rendered":"<p>\u00danase a nosotros y viaje con un experto local de Jarabacoa y obtenga la experiencia \u00fanica de visitar los mejores lugares de la capital del ecoturismo a partr de Jarabacoa, este tour lo llevar\u00e1 a conocer el hermoso paisaje del m\u00e1sblica grand Dominica de la\u00f1oso. Mientras conduce por los diferentes lugares, sentir\u00e1 el aire de la monta\u00f1a y disfrutar\u00e1 de la belleza del campo. n n Selectione la fecha para el Tour:\u00a0 &nbsp;<\/p>","protected":false},"author":2,"featured_media":0,"parent":0,"menu_order":0,"comment_status":"open","ping_status":"closed","template":"","meta":{"footnotes":""},"class_list":["post-15814","page","type-page","status-publish","hentry"],"_links":{"self":[{"href":"https:\/\/www.boattoursamana.com\/fi\/wp-json\/wp\/v2\/pages\/15814","targetHints":{"allow":["GET"]}}],"collection":[{"href":"https:\/\/www.boattoursamana.com\/fi\/wp-json\/wp\/v2\/pages"}],"about":[{"href":"https:\/\/www.boattoursamana.com\/fi\/wp-json\/wp\/v2\/types\/page"}],"author":[{"embeddable":true,"href":"https:\/\/www.boattoursamana.com\/fi\/wp-json\/wp\/v2\/users\/2"}],"replies":[{"embeddable":true,"href":"https:\/\/www.boattoursamana.com\/fi\/wp-json\/wp\/v2\/comments?post=15814"}],"version-history":[{"count":0,"href":"https:\/\/www.boattoursamana.com\/fi\/wp-json\/wp\/v2\/pages\/15814\/revisions"}],"wp:attachment":[{"href":"https:\/\/www.boattoursamana.com\/fi\/wp-json\/wp\/v2\/media?parent=15814"}],"curies":[{"name":"wp","href":"https:\/\/api.w.org\/{rel}","templated":true}]}}