{"id":15816,"date":"2023-07-15T07:44:18","date_gmt":"2023-07-15T07:44:18","guid":{"rendered":"https:\/\/www.ticketswhales.com\/27-waterfalls-from-punta-cana-private-or-small-group-trip\/"},"modified":"2023-07-15T07:44:18","modified_gmt":"2023-07-15T07:44:18","slug":"27-waterfalls-from-punta-cana-private-or-small-group-trip","status":"publish","type":"page","link":"https:\/\/www.boattoursamana.com\/fi\/27-vesiputouksia-punta-cana-yksityinen-tai-pienryhmamatka","title":{"rendered":"27 vesiputousta Punta Canasta - Yksityinen tai pienryhm\u00e4matka"},"content":{"rendered":"<p><span style=\"vertical-align: inherit;\"><span style=\"vertical-align: inherit;\">Esta excursi\u00f3n desde Punta Cana a 27 cascadas de Damajagua en Puerto Plata, Almuerzo y Excursi\u00f3n por las 27 cascadas, caminata y salto al r\u00edo.<\/span><\/span><br \/>\nn<br \/>\nn<span style=\"vertical-align: inherit;\"><span style=\"vertical-align: inherit;\">Viaje Ecol\u00f3gico a las 27 cascadas de Puerto Plata. <\/span><span style=\"vertical-align: inherit;\">Obtenga sus boletos para una excursi\u00f3n de d\u00eda completo desde el \u00e1rea de Punta Cana a la Cascada 27 desde Damajagua. <\/span><span style=\"vertical-align: inherit;\">Boletos de ingreso con almuerzo y excursi\u00f3n Incluyen saltos y nado en las cascadas m\u00e1s hermosas de Rep\u00fablica Dominicana. <\/span><span style=\"vertical-align: inherit;\">Caminata y nataci\u00f3n con equipo de seguridad para tener la mejor experiencia!<\/span><\/span><br \/>\nn<br \/>\nn&nbsp;<br \/>\nn<br \/>\nn<strong><span style=\"vertical-align: inherit;\"><span style=\"vertical-align: inherit;\">Seleccione la fecha para el Tour:\u00a0<\/span><\/span><\/strong><\/p>\n<p>&nbsp;<\/p>\n<div class=\"vc_row wpb_row vc_row-fluid\" ><div class=\"wpb_column vc_column_container vc_col-sm-12\"><div class=\"vc_column-inner\"><div class=\"wpb_wrapper\"><div class=\"vc_btn3-container vc_btn3-inline\" ><button class=\"vc_general vc_btn3 vc_btn3-size-md vc_btn3-shape-rounded vc_btn3-style-modern vc_btn3-color-green\">VARAA NYT<\/button><\/div>\n\t<div class=\"wpb_text_column wpb_content_element\" >\n\t\t<div class=\"wpb_wrapper\">\n\t\t\t<p>27 vesiputousta Punta Canasta - Yksityinen tai pienryhm\u00e4matka Lounas ja kuljetus sis\u00e4ltyv\u00e4t hintaan.<\/p>\n\n\t\t<\/div>\n\t<\/div>\n<\/div><\/div><\/div><\/div><div class=\"vc_row wpb_row vc_row-fluid\" ><div class=\"wpb_column vc_column_container vc_col-sm-12\"><div class=\"vc_column-inner\"><div class=\"wpb_wrapper\">\n\t<div class=\"wpb_text_column wpb_content_element\" >\n\t\t<div class=\"wpb_wrapper\">\n\t\t\t<p>\nn<\/p>\n<h3 class=\"ui_header h1 attractions-product-info-ProductTitle__title--1qM0o\">27 vesiputousta Punta Canasta - Yksityinen tai pienryhm\u00e4matka<\/h3>\n<p>n<\/p>\n<h4><b><i>Yleiskatsaus <\/i><\/b><\/h4>\n<p>nGet your Tickets for a Full Day excursion starting from Punta Cana to the 27 Waterfall from Damajagua. Entrance tickets with Lunch and Excursion Include jumping and swimming in the most beautiful waterfalls of the Dominican Republic. Hiking and Swimming with safety equipment to have the best experience ever!!<br \/>\nn<br \/>\nnAfter this experience, you will get back to Punta Cana in the Location where you meet with the Tour Guide or Hotel.<br \/>\nn<\/p>\n<ul>\nn \t<\/p>\n<li style=\"font-weight: 400;\">Maksut sis\u00e4ltyv\u00e4t<\/li>\n<p>n \t<\/p>\n<li>Lounas<\/li>\n<p>n \t<\/p>\n<li>V\u00e4lipalat<\/li>\n<p>n \t<\/p>\n<li style=\"font-weight: 400;\">Paikallinen matkaopas englanniksi<\/li>\n<p>n<\/ul>\n<p>n&nbsp;<br \/>\nn<\/p>\n<h4><b>Sis\u00e4llytykset ja poissulkemiset<\/b><\/h4>\n<p>n&nbsp;<br \/>\nn<br \/>\nn<b>Sis\u00e4llytykset<\/b><br \/>\nn<\/p>\n<ol>\nn \t<\/p>\n<li style=\"font-weight: 400;\">27 Damajaguan vesiputoukset<\/li>\n<p>n \t<\/p>\n<li>Lounas<\/li>\n<p>n \t<\/p>\n<li style=\"font-weight: 400;\"><span style=\"font-weight: 400;\">Kaikki verot, maksut ja k\u00e4sittelykulut<\/span><\/li>\n<p>n \t<\/p>\n<li style=\"font-weight: 400;\"><span style=\"font-weight: 400;\">Paikalliset verot<\/span><\/li>\n<p>n \t<\/p>\n<li style=\"font-weight: 400;\"><span style=\"font-weight: 400;\">Juomat<\/span><\/li>\n<p>n \t<\/p>\n<li>V\u00e4lipalat<\/li>\n<p>n \t<\/p>\n<li style=\"font-weight: 400;\"><span style=\"font-weight: 400;\">Kaikki toiminnot<\/span><\/li>\n<p>n \t<\/p>\n<li style=\"font-weight: 400;\"><span style=\"font-weight: 400;\">Paikallinen opas<\/span><\/li>\n<p>n \t<\/p>\n<li>Kuljetus<\/li>\n<p>n<\/ol>\n<p>n<b> Poikkeukset<\/b><br \/>\nn<\/p>\n<ol>\nn \t<\/p>\n<li style=\"font-weight: 400;\"><span style=\"font-weight: 400;\">Juomarahat<\/span><\/li>\n<p>n \t<\/p>\n<li style=\"font-weight: 400;\"><span style=\"font-weight: 400;\">Alkoholijuomat<\/span><\/li>\n<p>n<\/ol>\n<p>n&nbsp;<br \/>\nn<\/p>\n<h4><em><strong>L\u00e4ht\u00f6 &amp; paluu<\/strong><\/em><\/h4>\n<p>n<span style=\"font-weight: 400;\">Matkustaja noudetaan Punta Canan tai Bavaron hotelleista. Kierrokset alkavat ja p\u00e4\u00e4ttyv\u00e4t tapaamispaikoissanne.<\/span><br \/>\nn<\/p>\n<h4><\/h4>\n<p>n<\/p>\n<h3 class=\"ui_header h1 attractions-product-info-ProductTitle__title--1qM0o\">27 Damajaguan vesiputoukset -kierros Punta Canasta.<\/h3>\n<p>n<\/p>\n<h4><b><i>Mit\u00e4 odottaa?<\/i><\/b><\/h4>\n<p>n<\/p>\n<div class=\"apd_content_block\" data-tab=\"TABS_OVERVIEW\">\nn<\/p>\n<div class=\"ui_card section attractions-product-details-Overview__sectionMargin--uHktd attractions-product-details-Overview__cleanslateOverrideDT--39Ov7\"><strong>Huom:<\/strong> Matka yhteen suuntaan Punta Canasta Puerto Plataan kest\u00e4\u00e4 noin 5 tuntia. L\u00e4hdemme Punta Canasta noin klo 5:00 aamulla. Takaisin Punta Canaan noin klo 21:00.<\/div>\n<p>n\n<\/p><\/div>\n<p>n<\/p>\n<div data-tab=\"TABS_WHAT_TO_EXPECT\">\nn<\/p>\n<div class=\"ui_card attractions-card-CollapsibleProductDetailsCard__cardContainer--3r2wk attractions-card-CollapsibleProductDetailsCard__cleanslateOverrideDT--2AJh0\">\nn<\/p>\n<div class=\"attractions-card-CollapsibleCard__header--IDA3r\">\nn<\/p>\n<div class=\"attractions-card-CollapsibleCard__headerSection--3gTKb\"><\/div>\n<p>n\n<\/p><\/div>\n<p>n<\/p>\n<div class=\"attractions-card-CollapsibleCard__content--2Ws8q\">\nn<\/p>\n<div class=\"attractions-card-CollapsibleCard__contentWrap--374jk attractions-card-CollapsibleCard__titleUnderline--1uHze\">\nn<\/p>\n<div>Tutustu syrj\u00e4isiin Damajaguan vesiputouksiin, jotka ovat piilossa Dominikaanisen tasavallan pohjoisen k\u00e4yt\u00e4v\u00e4n kukkuloilla, t\u00e4ll\u00e4 kokop\u00e4iv\u00e4retkell\u00e4 Puerto Platasta. Tutustu paikallisen oppaan kanssa kahteenkymmeneen seitsem\u00e4\u00e4n koskematonta putousta, jotka putoavat kalkkikivien yli. Saat lyhyen turvallisuustiedotuksen ja voit sitten hyp\u00e4t\u00e4, uida ja liukua luonnon vesiliukum\u00e4ki\u00e4 pitkin.<\/div>\n<p>n<\/p>\n<div><\/div>\n<p>n<\/p>\n<div>Lounas ja juomat sis\u00e4ltyv\u00e4t hintaan. Kohtalainen 40 minuutin yl\u00e4m\u00e4kivaellus kauniin viidakkomaiseman halki vie sinut 12. vesiputoukselle, tai jos olet erinomaisessa fyysisess\u00e4 kunnossa, voit vaeltaa 27 vesiputouksen huipulle asti (noin 70 minuuttia) ja kokea kaiken.<\/div>\n<p>n<\/p>\n<div class=\"attractions-card-CollapsibleProductDetailsCard__cardContent--23ext\">\nn<\/p>\n<div class=\"common-text-ReadMore__readMore--3Iu8c common-text-ReadMore__variantFadeOut--1tInd\">\nn<\/p>\n<div class=\"common-text-ReadMore__content--2X4LR\">\nn<\/p>\n<div class=\"ui_columns is-desktop\">\nn<\/p>\n<div><\/div>\n<p>n<\/p>\n<div class=\"ui_column\">Kummassakin tapauksessa todellinen hauskuus alkaa, kun suuntaamme takaisin jokea alasp\u00e4in ja hypp\u00e4\u00e4t, liukastelet ja uit tiesi l\u00e4pi upeiden vesiputousten, kanjonien ja taivaansinisten altaiden, joista nouset esiin hassu virne kasvoillasi ja uskomattomat muistot vaalittavaksi! Retkill\u00e4 hyp\u00e4t\u00e4\u00e4n jopa 8 metrin (25 jalan) korkeuteen, mutta \u00e4l\u00e4 huoli, isoilla on toinenkin tie alas, jos et halua hyp\u00e4t\u00e4.<\/div>\n<p>n<\/p>\n<div><\/div>\n<p>n<\/p>\n<div class=\"ui_column\">Kun olet k\u00e4vellyt 15 minuuttia takaisin perusleiriin ja vaihtanut kuivat vaatteet p\u00e4\u00e4llesi, nauti herkullinen ja monipuolinen dominikaaninen buffetlounas, joka sis\u00e4lt\u00e4\u00e4 muun muassa grillattua kanaa ja sianlihaa, pataruokia, riisi\u00e4, pastaa ja salaatteja.<\/div>\n<p>n<\/p>\n<div><\/div>\n<p>n<\/p>\n<div class=\"ui_column\">Paikalliset rommijuomat, limsat ja vesi sis\u00e4ltyv\u00e4t hintaan (olutta on saatavilla, mutta se ei sis\u00e4lly hintaan). Aterian j\u00e4lkeen hyv\u00e4stele paikalliset oppaat, ja paras kokemuksesi j\u00e4\u00e4 mieleen ja valokuviin tai videoihin loppuel\u00e4m\u00e4ksesi.<\/div>\n<p>n<\/p>\n<div class=\"ui_column\">T\u00e4m\u00e4n j\u00e4lkeen ajamme takaisin Punta Canaan.<\/div>\n<p>n\n<\/p><\/div>\n<p>n\n<\/p><\/div>\n<p>n\n<\/p><\/div>\n<p>n\n<\/p><\/div>\n<p>n\n<\/p><\/div>\n<p>n\n<\/p><\/div>\n<p>n\n<\/p><\/div>\n<p>n\n<\/p><\/div>\n<p>n<\/p>\n<h4><em><strong>Mit\u00e4 kannattaa ottaa mukaan?<\/strong><\/em><\/h4>\n<p>n<\/p>\n<ul>\nn \t<\/p>\n<li style=\"font-weight: 400;\"><span style=\"font-weight: 400;\">Kamera<\/span><\/li>\n<p>n \t<\/p>\n<li style=\"font-weight: 400;\"><span style=\"font-weight: 400;\">Hylkiv\u00e4 silmut<\/span><\/li>\n<p>n \t<\/p>\n<li style=\"font-weight: 400;\"><span style=\"font-weight: 400;\">Aurinkovoide<\/span><\/li>\n<p>n \t<\/p>\n<li style=\"font-weight: 400;\"><span style=\"font-weight: 400;\">Hattu<\/span><\/li>\n<p>n \t<\/p>\n<li style=\"font-weight: 400;\"><span style=\"font-weight: 400;\">Mukavat housut<\/span><\/li>\n<p>n \t<\/p>\n<li style=\"font-weight: 400;\"><span style=\"font-weight: 400;\">Vaelluskeng\u00e4t mets\u00e4\u00e4n<\/span><\/li>\n<p>n \t<\/p>\n<li style=\"font-weight: 400;\"><span style=\"font-weight: 400;\">Sandaalit kev\u00e4\u00e4n alueille.<\/span><\/li>\n<p>n \t<\/p>\n<li style=\"font-weight: 400;\"><span style=\"font-weight: 400;\">Uima-asu<\/span><\/li>\n<p>n<\/ul>\n<p>n&nbsp;<br \/>\nn<\/p>\n<h4><b><i>Hotellin nouto <\/i><\/b><\/h4>\n<p>n<span style=\"font-weight: 400;\">Hotellin nouto on tarjolla t\u00e4lle kiertueelle. Asetamme Pick up yhteytt\u00e4 meihin Whatsapp.<\/span><br \/>\nn<br \/>\nn&nbsp;<br \/>\nn<br \/>\nn<b>Huom:<\/b><span style=\"font-weight: 400;\"> Jos varaus tehd\u00e4\u00e4n 24 tunnin kuluessa matkan\/retken l\u00e4ht\u00f6ajasta, voimme j\u00e4rjest\u00e4\u00e4 noudon hotellista. Kun ostoksesi on tehty, l\u00e4het\u00e4mme sinulle t\u00e4ydelliset yhteystiedot (puhelinnumero, s\u00e4hk\u00f6postiosoite jne.) paikalliselle matkaoppaallemme noutoj\u00e4rjestelyjen j\u00e4rjest\u00e4miseksi.<\/span><br \/>\nn<\/p>\n<h4><b><i>Lis\u00e4tietoja Vahvistus <\/i><\/b><\/h4>\n<p>n<\/p>\n<ol>\nn \t<\/p>\n<li>Liput ovat kuitti, kun olet maksanut t\u00e4st\u00e4 kiertueesta. Voit n\u00e4ytt\u00e4\u00e4 maksun puhelimellasi.<\/li>\n<p>n \t<\/p>\n<li style=\"font-weight: 400;\"><span style=\"font-weight: 400;\">Kokouspaikka saadaan varausprosessin j\u00e4lkeen.<\/span><\/li>\n<p>n \t<\/p>\n<li style=\"font-weight: 400;\"><span style=\"font-weight: 400;\">Lasten mukana on oltava aikuinen.<\/span><\/li>\n<p>n \t<\/p>\n<li style=\"font-weight: 400;\"><span style=\"font-weight: 400;\"> Ei esteet\u00f6n py\u00f6r\u00e4tuolilla <\/span><\/li>\n<p>n \t<\/p>\n<li style=\"font-weight: 400;\"><span style=\"font-weight: 400;\">Pikkulasten on istuttava syliss\u00e4 <\/span><\/li>\n<p>n \t<\/p>\n<li style=\"font-weight: 400;\"><span style=\"font-weight: 400;\">Ei suositella matkustajille, joilla on selk\u00e4vaivoja<\/span><\/li>\n<p>n \t<\/p>\n<li style=\"font-weight: 400;\"><span style=\"font-weight: 400;\">Ei suositella raskaana oleville matkustajille <\/span><\/li>\n<p>n \t<\/p>\n<li style=\"font-weight: 400;\"><span style=\"font-weight: 400;\"> Ei syd\u00e4nongelmia tai muita vakavia sairauksia <\/span><\/li>\n<p>n \t<\/p>\n<li style=\"font-weight: 400;\"><span style=\"font-weight: 400;\">Useimmat matkustajat voivat osallistua<\/span><\/li>\n<p>n<\/ol>\n<p>n<\/p>\n<h4><b><i>Peruutusehdot<\/i><\/b><\/h4>\n<p>nLue peruutusk\u00e4yt\u00e4nt\u00f6mme, jos haluat t\u00e4yden hyvityksen.\u00a0<a href=\"https:\/\/www.boattoursamana.com\/fi\/online-varaukset\/\" target=\"_blank\" rel=\"noopener\" data-saferedirecturl=\"https:\/\/www.google.com\/url?q=https:\/\/www.boattoursamana.com\/online-booking\/&amp;source=gmail&amp;ust=1672449202351000&amp;usg=AOvVaw1yAeVAPktmaVCqDujgUn90\">Klikkaa t\u00e4st\u00e4<\/a>. Varat menetet\u00e4\u00e4n, jos varaus peruutetaan samana matkap\u00e4iv\u00e4n\u00e4.<\/p>\n\n\t\t<\/div>\n\t<\/div>\n<div class=\"vc_btn3-container vc_btn3-inline\" ><button class=\"vc_general vc_btn3 vc_btn3-size-md vc_btn3-shape-rounded vc_btn3-style-modern vc_btn3-color-green\">VARAA NYT<\/button><\/div><\/div><\/div><\/div><\/div><div class=\"vc_row wpb_row vc_row-fluid\" ><div class=\"wpb_column vc_column_container vc_col-sm-12\"><div class=\"vc_column-inner\"><div class=\"wpb_wrapper\">\n\t<div class=\"wpb_video_widget wpb_content_element vc_clearfix   vc_video-aspect-ratio-169 vc_video-el-width-100 vc_video-align-left\" >\n\t\t<div class=\"wpb_wrapper\">\n\t\t\t<h2 class=\"wpb_heading wpb_video_heading\">27 Damajaguan vesiputoukset Retki Puerto Platasta:<\/h2>\n\t\t\t<div class=\"wpb_video_wrapper\"><iframe loading=\"lazy\" title=\"27 Damajaguan vesiputoukset Booking Adventures &amp; Travel Dominikaaninen tasavalta\" width=\"1100\" height=\"619\" src=\"https:\/\/www.youtube.com\/embed\/AVNh_we_RQE?start=17&feature=oembed\" frameborder=\"0\" allow=\"accelerometer; autoplay; clipboard-write; encrypted-media; gyroscope; picture-in-picture; web-share\" allowfullscreen><\/iframe><\/div>\n\t\t<\/div>\n\t<\/div>\n<\/div><\/div><\/div><\/div><div class=\"vc_row wpb_row vc_row-fluid\" ><\/div><div class=\"wpb_column vc_column_container vc_col-sm-12\"><div class=\"vc_column-inner\"><div class=\"wpb_wrapper\"><\/div><\/div><\/div><div class=\"vc_empty_space\"   style=\"height: 32px\"><span class=\"vc_empty_space_inner\"><\/span><\/div><div class=\"vc_empty_space\"   style=\"height: 32px\"><span class=\"vc_empty_space_inner\"><\/span><\/div><div class=\"vc_row wpb_row vc_row-fluid\" ><div class=\"wpb_column vc_column_container vc_col-sm-12\"><div class=\"vc_column-inner\"><div class=\"wpb_wrapper\"><div class=\"vc_btn3-container vc_btn3-inline\" ><button class=\"vc_general vc_btn3 vc_btn3-size-md vc_btn3-shape-rounded vc_btn3-style-modern vc_btn3-color-green\">VARAA NYT<\/button><\/div><\/div><\/div><\/div><\/div>","protected":false},"excerpt":{"rendered":"<p>Esta excursi\u00f3n desde Punta Cana a 27 cascadas de Damajagua en Puerto Plata, Almuerzo y Excursi\u00f3n por las 27 cascadas, caminata y salto al r\u00edo. n nViaje Ecol\u00f3gico a las 27 cascadas de Puerto Plata. Obtenga sus boletos para una excursi\u00f3n de d\u00eda completo desde el \u00e1rea de Punta Cana a la Cascada 27 desde Damajagua. Boletos de ingreso con almuerzo y excursi\u00f3n Incluyen saltos y nado en las cascadas m\u00e1s hermosas de Rep\u00fablica Dominicana. Caminata y nataci\u00f3n con equipo [&hellip;]<\/p>\n","protected":false},"author":2,"featured_media":0,"parent":0,"menu_order":0,"comment_status":"open","ping_status":"closed","template":"","meta":{"footnotes":""},"class_list":["post-15816","page","type-page","status-publish","hentry"],"_links":{"self":[{"href":"https:\/\/www.boattoursamana.com\/fi\/wp-json\/wp\/v2\/pages\/15816","targetHints":{"allow":["GET"]}}],"collection":[{"href":"https:\/\/www.boattoursamana.com\/fi\/wp-json\/wp\/v2\/pages"}],"about":[{"href":"https:\/\/www.boattoursamana.com\/fi\/wp-json\/wp\/v2\/types\/page"}],"author":[{"embeddable":true,"href":"https:\/\/www.boattoursamana.com\/fi\/wp-json\/wp\/v2\/users\/2"}],"replies":[{"embeddable":true,"href":"https:\/\/www.boattoursamana.com\/fi\/wp-json\/wp\/v2\/comments?post=15816"}],"version-history":[{"count":0,"href":"https:\/\/www.boattoursamana.com\/fi\/wp-json\/wp\/v2\/pages\/15816\/revisions"}],"wp:attachment":[{"href":"https:\/\/www.boattoursamana.com\/fi\/wp-json\/wp\/v2\/media?parent=15816"}],"curies":[{"name":"wp","href":"https:\/\/api.w.org\/{rel}","templated":true}]}}