{"id":15830,"date":"2023-07-15T07:44:42","date_gmt":"2023-07-15T07:44:42","guid":{"rendered":"https:\/\/www.ticketswhales.com\/las-galeras-las-7-playas-escondidas-de-samana-the-7-hidden-beaches-in-samana\/"},"modified":"2023-07-15T07:44:42","modified_gmt":"2023-07-15T07:44:42","slug":"las-galeras-las-7-playas-escondidas-de-samana-the-7-hidden-beaches-in-samana","status":"publish","type":"page","link":"https:\/\/www.boattoursamana.com\/fi\/las-galeras-las-7-playas-escondidas-de-samana-samanan-7-piilotettua-rantaa","title":{"rendered":"Las Galeras: Las 7 Playas Escondidas de Saman\u00e1 - Saman\u00e1n 7 piilotettua rantaa: Las 7 Playas Escondidas de Saman\u00e1 - The 7 Hidden Beaches in Saman\u00e1"},"content":{"rendered":"<p><span style=\"vertical-align: inherit;\"><span style=\"vertical-align: inherit;\">Si est\u00e1 visitando Saman\u00e1 y le gustar\u00eda tener una verdadera experiencia local haciendo senderismo, un viaje en barco m\u00e1s un almuerzo en la playa de Rinc\u00f3n, este es el viaje que necesita hacer. <\/span><span style=\"vertical-align: inherit;\">Vieraile las 7 playas escondidas de Saman\u00e1 en el \u00e1rea de Las Galeras, donde tambi\u00e9n puede visitar una cueva y tomar excelentes videos o fotos para recuerdos incre\u00edbles.<\/span><\/span><br \/>\nn<br \/>\nn<strong><span style=\"vertical-align: inherit;\"><span style=\"vertical-align: inherit;\">Seleccione la fecha para el Tour:\u00a0<\/span><\/span><\/strong><\/p>\n<p>&nbsp;<\/p>\n<div class=\"vc_row wpb_row vc_row-fluid\" ><div class=\"wpb_column vc_column_container vc_col-sm-12\"><div class=\"vc_column-inner\"><div class=\"wpb_wrapper\"><div class=\"mkdf-section-title-holder\" style=\"text-align: left\">\n\t<div class=\"mkdf-st-inner\">\n\t\t\t\t\t<h5 class=\"mkdf-st-subtitle\" >\n\t\t\t\tLounas, veneajelu ja yksityinen kuljetus hotellilta.\t\t\t<\/h5>\n\t\t\t\t\t\t\t<h3 class=\"mkdf-st-title\" >\n\t\t\t\tPlaya Rinc\u00f3n, Playa Fronton + Playa Madame Beach, Saman\u00e1 - Dominikaaninen tasavalta.\t\t\t<\/h3>\n\t\t\t\t\t<\/div>\n<\/div>\n\t<div class=\"wpb_text_column wpb_content_element\" >\n\t\t<div class=\"wpb_wrapper\">\n\t\t\t<p>\nn<\/p>\n<h3>Playa Calet\u00f3n, Playa Escondida, Playa Colorado, Playa del Amor, Playa La Vaca, Playa la Playita Playa Brem\u00e1n.<\/h3>\n<p>n<\/p>\n<h4><b><i>Yleiskatsaus <\/i><\/b><\/h4>\n<p>nYksi kauneimmista retkist\u00e4 Samanan niemimaalla.<br \/>\nn<br \/>\nn<span class=\"Y2IQFc\" lang=\"en\">Saman\u00e1n 7 piilotettua rantaa sijaitsevat Saman\u00e1n niemimaalla ja s\u00e4ilytt\u00e4v\u00e4t kauniita historian salaisuuksia, ja tiet\u00e4en n\u00e4m\u00e4 paikat edist\u00e4mme my\u00f6s paikallista taloutta, joka on elint\u00e4rke\u00e4 ihmisten toimeentulon kannalta.<\/span><br \/>\nn<br \/>\nnSiirry ainutlaatuiseen tunnelmaan vierailemalla veneess\u00e4 7 rannalla, my\u00f6s patikoimalla yhdess\u00e4 pieness\u00e4 luolassa rannikolla. Joillekin rannoille p\u00e4\u00e4see vain veneell\u00e4, jota ymp\u00e4r\u00f6i koralliriutta, jonka ymp\u00e4rill\u00e4 voit snorklata, uida kalojen kanssa ja tutustua sen koralliin sek\u00e4 rentoutua ja nauttia upeista maisemista. Rentoutuminen, uinti ja sitten l\u00e4ht\u00f6 Playa coloradoon, joka on toinen ja eristetty t\u00e4ydellinen snorklausranta, jossa voit my\u00f6s vierailla luolassa ja ottaa upeita videoita tai valokuvia upeita muistoja varten.<br \/>\nn<br \/>\nnSin\u00e4 sy\u00f6t lounaan varpaat hiekassa Merenguen ja Bachatan soinnoissa &quot;El Paraisossa&quot; - viimeisess\u00e4 ravintolassa ennen viidakkoa - jossa sinulle tarjoillaan t\u00e4ydellinen ateria, johon kuuluu kalaruokia, paikallisten juomien ja cocktailien kera. Paluumatkalla pys\u00e4hdymme El Rincon Beachill\u00e4, josta l\u00f6yd\u00e4t luonnonhelmen, jota pidet\u00e4\u00e4n yhten\u00e4 maan kauneimmista rannoista. Valkoinen, hieno hiekka, turkoosi meri ja metrin korkuiset palmut puhuvat puolestaan.<br \/>\nn<br \/>\nn&nbsp;<br \/>\nn<\/p>\n<ul>\nn \t<\/p>\n<li><span style=\"font-weight: 400;\">Paikallinen opas, jolla on turvallisuuskokemusta alueelta.<\/span><\/li>\n<p>n \t<\/p>\n<li style=\"font-weight: 400;\">Maksut sis\u00e4ltyv\u00e4t<\/li>\n<p>n \t<\/p>\n<li>Lounas rannalla<\/li>\n<p>n \t<\/p>\n<li>Veneajelu<\/li>\n<p>n \t<\/p>\n<li style=\"font-weight: 400;\">Paikallinen matkaopas espanjaksi, englanniksi tai ranskaksi.<\/li>\n<p>n \t<\/p>\n<li>Vaellus<\/li>\n<p>n \t<\/p>\n<li>uinti<\/li>\n<p>n<\/ul>\n<p>n&nbsp;<br \/>\nn<\/p>\n<h4><b>Sis\u00e4llytykset ja poissulkemiset<\/b><\/h4>\n<p>n&nbsp;<br \/>\nn<br \/>\nn<b>Sis\u00e4llytykset<\/b><br \/>\nn<\/p>\n<ol>\nn \t<\/p>\n<li><span style=\"font-weight: 400;\">Paikallinen opas, jolla on turvallisuuskokemusta alueelta.<\/span><\/li>\n<p>n \t<\/p>\n<li style=\"font-weight: 400;\">El Rinconin ranta<\/li>\n<p>n \t<\/p>\n<li>Colorado Beach<\/li>\n<p>n \t<\/p>\n<li>La Playitan ranta<\/li>\n<p>n \t<\/p>\n<li>La Vacan ranta<\/li>\n<p>n \t<\/p>\n<li>Breman Beach<\/li>\n<p>n \t<\/p>\n<li>Mariano Beach<\/li>\n<p>n \t<\/p>\n<li>Caleton Beach<\/li>\n<p>n \t<\/p>\n<li style=\"font-weight: 400;\"><span style=\"font-weight: 400;\">Kaikki verot, maksut ja k\u00e4sittelykulut<\/span><\/li>\n<p>n \t<\/p>\n<li style=\"font-weight: 400;\"><span style=\"font-weight: 400;\">Paikalliset verot<\/span><\/li>\n<p>n \t<\/p>\n<li>Lounas rannalla<\/li>\n<p>n \t<\/p>\n<li>Vaellus<\/li>\n<p>n \t<\/p>\n<li style=\"font-weight: 400;\"><span style=\"font-weight: 400;\">Kaikki toiminnot<\/span><\/li>\n<p>n<\/ol>\n<p>n<b> Poikkeukset<\/b><br \/>\nn<\/p>\n<ol>\nn \t<\/p>\n<li style=\"font-weight: 400;\"><span style=\"font-weight: 400;\">Juomarahat<\/span><\/li>\n<p>n<\/ol>\n<p>n<\/p>\n<h4><em><strong>L\u00e4ht\u00f6 &amp; paluu<\/strong><\/em><\/h4>\n<p>n<span style=\"font-weight: 400;\">Matkustaja saa tapaamispaikan varausprosessin j\u00e4lkeen. Kierrokset alkavat ja p\u00e4\u00e4ttyv\u00e4t tapaamispaikoissa.<\/span><br \/>\nn<\/p>\n<h3>Playa Calet\u00f3n, Playa Escondida, Playa Colorado, Playa del Amor, Playa La Vaca, Playa la Playita Playa Brem\u00e1n.<\/h3>\n<p>n<\/p>\n<h4><b><i>Mit\u00e4 odottaa?<\/i><\/b><\/h4>\n<p>n<em><strong>Hanki liput<\/strong><\/em> 7 ainutlaatuisinta rantaa Dominikaanisessa tasavallassa.  L\u00e4ht\u00f6matka kokouspaikka on Las Galerasin alueella vaellus ja uinti yhdess\u00e4 p\u00e4iv\u00e4ss\u00e4 7 rantaa plus el Rinconin ranta.  Ensin k\u00e4ymme Duarten luolassa, patikoimassa ja katsomassa kauneinta luolaa Las Galerasissa. T\u00e4m\u00e4 luola on 900 metri\u00e4, jossa on 2 eri sis\u00e4\u00e4nk\u00e4ynti\u00e4, jotta v\u00e4ltyt\u00e4\u00e4n toistamasta samoja maisemia.<br \/>\nn<br \/>\nn Luolassa k\u00e4ynnin j\u00e4lkeen palaamme pikaveneell\u00e4 vierailemaan Playa Caletoniin, joka on yksi Samanan maineikkaimmista rannoista kirkkaiden vesien vuoksi. Ensin uimme ja nautimme t\u00e4st\u00e4 rannasta jatkaaksemme matkaamme Playa del Amorissa.<br \/>\nn<br \/>\nn<strong>playa 7<\/strong><br \/>\nn<br \/>\nnPlaya Rinc\u00f3n on koskematon valkoista hiekkaa oleva kaistale, joka ulottuu noin 2,5 mailia (4 kilometri\u00e4) pitkin rannikon kehittym\u00e4t\u00f6nt\u00e4 osaa. Kookospalmujen reunustama ja molemmista p\u00e4ist\u00e4 vuoren- ja kallionhuippujen ymp\u00e4r\u00f6im\u00e4 syrj\u00e4inen ranta tuntuu todelliselta utopialta, joka on erill\u00e4\u00e4n sivilisaatiosta.<br \/>\nn<br \/>\nnEl Rinconin rannan j\u00e4lkeen palaamme pikaveneell\u00e4 Las Galerasin kohtaamispaikkaan!<br \/>\nn<br \/>\nn&quot;Booking Adventuresin&quot; j\u00e4rjest\u00e4m\u00e4 kiertue alkaa matkaoppaamme asettamasta kohtaamispaikasta. Tule Booking Adventuresin kanssa ja lounaa rannalla ja nauti 7 upeimmasta rannasta Samanassa, Dominikaanisessa tasavallassa.<br \/>\nn<\/p>\n<div class=\"body-description secondary\">\nn<br \/>\nn&nbsp;<br \/>\nn<br \/>\nn<\/div>\n<p>n<\/p>\n<h4><em><strong>Mit\u00e4 kannattaa ottaa mukaan?<\/strong><\/em><\/h4>\n<p>n<\/p>\n<ul>\nn \t<\/p>\n<li style=\"font-weight: 400;\"><span style=\"font-weight: 400;\">Kamera<\/span><\/li>\n<p>n \t<\/p>\n<li style=\"font-weight: 400;\"><span style=\"font-weight: 400;\">Hylkiv\u00e4 silmut<\/span><\/li>\n<p>n \t<\/p>\n<li style=\"font-weight: 400;\"><span style=\"font-weight: 400;\">Aurinkovoide<\/span><\/li>\n<p>n \t<\/p>\n<li>Vesi<\/li>\n<p>n \t<\/p>\n<li style=\"font-weight: 400;\"><span style=\"font-weight: 400;\">Hattu<\/span><\/li>\n<p>n \t<\/p>\n<li style=\"font-weight: 400;\"><span style=\"font-weight: 400;\">Mukavat housut<\/span><\/li>\n<p>n \t<\/p>\n<li style=\"font-weight: 400;\"><span style=\"font-weight: 400;\">Vaelluskeng\u00e4t mets\u00e4\u00e4n<\/span><\/li>\n<p>n \t<\/p>\n<li style=\"font-weight: 400;\"><span style=\"font-weight: 400;\">Sandaalit kev\u00e4\u00e4n alueille.<\/span><\/li>\n<p>n \t<\/p>\n<li style=\"font-weight: 400;\"><span style=\"font-weight: 400;\">Uima-asu<\/span><\/li>\n<p>n<\/ul>\n<p>n&nbsp;<br \/>\nn<\/p>\n<h4><b><i>Hotellin nouto <\/i><\/b><\/h4>\n<p>n<span style=\"font-weight: 400;\">Hotellin nouto ei sis\u00e4lly t\u00e4h\u00e4n retkeen. <\/span><br \/>\nn<br \/>\nn&nbsp;<br \/>\nn<br \/>\nn<b>Huom:<\/b><span style=\"font-weight: 400;\"> Jos varaus tehd\u00e4\u00e4n 24 tunnin sis\u00e4ll\u00e4 retken\/retken l\u00e4ht\u00f6ajasta, voimme j\u00e4rjest\u00e4\u00e4 nouto hotellista lis\u00e4maksusta. Me vain noudamme sen Samanan alueelta. Kun ostoksesi on tehty, l\u00e4het\u00e4mme sinulle t\u00e4ydelliset yhteystiedot (puhelinnumero, s\u00e4hk\u00f6postiosoite jne.), jotta paikallinen matkaoppaamme voi j\u00e4rjest\u00e4\u00e4 noutoj\u00e4rjestelyt.<\/span><br \/>\nn<\/p>\n<h4><b><i>Lis\u00e4tietoja Vahvistus <\/i><\/b><\/h4>\n<p>n<\/p>\n<ol>\nn \t<\/p>\n<li>Liput ovat kuitti maksettuasi t\u00e4m\u00e4n Tour. Voit n\u00e4ytt\u00e4\u00e4 maksun puhelimellasi.<\/li>\n<p>n \t<\/p>\n<li style=\"font-weight: 400;\"><span style=\"font-weight: 400;\">Kokouspaikka saadaan varausprosessin j\u00e4lkeen.<\/span><\/li>\n<p>n \t<\/p>\n<li style=\"font-weight: 400;\"><span style=\"font-weight: 400;\">Lasten mukana on oltava aikuinen.<\/span><\/li>\n<p>n \t<\/p>\n<li style=\"font-weight: 400;\"><span style=\"font-weight: 400;\"> Ei esteet\u00f6n py\u00f6r\u00e4tuolilla <\/span><\/li>\n<p>n \t<\/p>\n<li style=\"font-weight: 400;\"><span style=\"font-weight: 400;\">Pikkulasten on istuttava syliss\u00e4 <\/span><\/li>\n<p>n \t<\/p>\n<li style=\"font-weight: 400;\"><span style=\"font-weight: 400;\">Ei suositella matkustajille, joilla on selk\u00e4vaivoja<\/span><\/li>\n<p>n \t<\/p>\n<li style=\"font-weight: 400;\"><span style=\"font-weight: 400;\">Ei suositella raskaana oleville matkustajille <\/span><\/li>\n<p>n \t<\/p>\n<li style=\"font-weight: 400;\"><span style=\"font-weight: 400;\"> Ei syd\u00e4nongelmia tai muita vakavia sairauksia <\/span><\/li>\n<p>n \t<\/p>\n<li style=\"font-weight: 400;\"><span style=\"font-weight: 400;\">Useimmat matkustajat voivat osallistua<\/span><\/li>\n<p>n<\/ol>\n<p>n<\/p>\n<h4><b><i>Peruutusehdot<\/i><\/b><\/h4>\n<p>nLue peruutusk\u00e4yt\u00e4nt\u00f6mme, jos haluat t\u00e4yden hyvityksen.\u00a0<a href=\"https:\/\/www.boattoursamana.com\/fi\/online-varaukset\/\" target=\"_blank\" rel=\"noopener\" data-saferedirecturl=\"https:\/\/www.google.com\/url?q=https:\/\/www.boattoursamana.com\/online-booking\/&amp;source=gmail&amp;ust=1672449202351000&amp;usg=AOvVaw1yAeVAPktmaVCqDujgUn90\">Klikkaa t\u00e4st\u00e4<\/a>. Varat menetet\u00e4\u00e4n, jos varaus peruutetaan samana matkap\u00e4iv\u00e4n\u00e4.<\/p>\n\n\t\t<\/div>\n\t<\/div>\n<\/div><\/div><\/div><\/div><div class=\"vc_row wpb_row vc_row-fluid\" ><div class=\"wpb_column vc_column_container vc_col-sm-12\"><div class=\"vc_column-inner\"><div class=\"wpb_wrapper\">\n\t<div class=\"wpb_video_widget wpb_content_element vc_clearfix   vc_video-aspect-ratio-169 vc_video-el-width-100 vc_video-align-left\" >\n\t\t<div class=\"wpb_wrapper\">\n\t\t\t<h2 class=\"wpb_heading wpb_video_heading\">Boca del diablo ja Frontonin ranta<\/h2>\n\t\t\t<div class=\"wpb_video_wrapper\"><iframe loading=\"lazy\" title=\"Saman\u00e1 Peninsula, Dominikaaninen tasavalta (DJI Phantom 4 4K)\" width=\"1100\" height=\"619\" src=\"https:\/\/www.youtube.com\/embed\/DYDXVm8Q_iM?feature=oembed\" frameborder=\"0\" allow=\"accelerometer; autoplay; clipboard-write; encrypted-media; gyroscope; picture-in-picture; web-share\" allowfullscreen><\/iframe><\/div>\n\t\t<\/div>\n\t<\/div>\n<\/div><\/div><\/div><\/div><div class=\"vc_row wpb_row vc_row-fluid\" ><\/div><div class=\"wpb_column vc_column_container vc_col-sm-12\"><div class=\"vc_column-inner\"><div class=\"wpb_wrapper\"><\/div><\/div><\/div><div class=\"vc_empty_space\"   style=\"height: 32px\"><span class=\"vc_empty_space_inner\"><\/span><\/div>\n\t<div class=\"wpb_text_column wpb_content_element\" >\n\t\t<div class=\"wpb_wrapper\">\n\t\t\t<p>\nn<br \/>\nn Olen tekstilohko. Napsauta Muokkaa-painiketta muuttaaksesi t\u00e4t\u00e4 teksti\u00e4. Lorem ipsum dolor sit amet, consectetur adipiscing elit. Ut elit tellus, luctus eic ullamcorper mattis, pulvinar dapibus leo.<br \/>\nn<br \/>\nn<\/p>\n\n\t\t<\/div>\n\t<\/div>\n<div class=\"vc_empty_space\"   style=\"height: 32px\"><span class=\"vc_empty_space_inner\"><\/span><\/div>","protected":false},"excerpt":{"rendered":"<p>Si est\u00e1 visitando Saman\u00e1 y le gustar\u00eda tener una verdadera experiencia local haciendo senderismo, un viaje en barco m\u00e1s un almuerzo en la playa de Rinc\u00f3n, este es el viaje que necesita hacer. Visite las 7 playas escondidas de Saman\u00e1 en el Area de Las Galeras, donde tambi\u00e9n puede vierailija una cueva y tomar excelentes videos tai valokuvas para recuerdos incre\u00edbles. n n Selectione la fecha para el Tour:\u00a0 &nbsp;<\/p>","protected":false},"author":2,"featured_media":0,"parent":0,"menu_order":0,"comment_status":"open","ping_status":"closed","template":"","meta":{"footnotes":""},"class_list":["post-15830","page","type-page","status-publish","hentry"],"_links":{"self":[{"href":"https:\/\/www.boattoursamana.com\/fi\/wp-json\/wp\/v2\/pages\/15830","targetHints":{"allow":["GET"]}}],"collection":[{"href":"https:\/\/www.boattoursamana.com\/fi\/wp-json\/wp\/v2\/pages"}],"about":[{"href":"https:\/\/www.boattoursamana.com\/fi\/wp-json\/wp\/v2\/types\/page"}],"author":[{"embeddable":true,"href":"https:\/\/www.boattoursamana.com\/fi\/wp-json\/wp\/v2\/users\/2"}],"replies":[{"embeddable":true,"href":"https:\/\/www.boattoursamana.com\/fi\/wp-json\/wp\/v2\/comments?post=15830"}],"version-history":[{"count":0,"href":"https:\/\/www.boattoursamana.com\/fi\/wp-json\/wp\/v2\/pages\/15830\/revisions"}],"wp:attachment":[{"href":"https:\/\/www.boattoursamana.com\/fi\/wp-json\/wp\/v2\/media?parent=15830"}],"curies":[{"name":"wp","href":"https:\/\/api.w.org\/{rel}","templated":true}]}}