{"id":15853,"date":"2023-07-15T07:45:08","date_gmt":"2023-07-15T07:45:08","guid":{"rendered":"https:\/\/www.ticketswhales.com\/private-speed-boat-lancha-samana-bay\/"},"modified":"2023-07-15T07:45:08","modified_gmt":"2023-07-15T07:45:08","slug":"private-speed-boat-lancha-samana-bay","status":"publish","type":"page","link":"https:\/\/www.boattoursamana.com\/fi\/yksityinen-pikavene-lancha-samana-bay-2","title":{"rendered":"Yksityinen pikavene (Lancha) Saman\u00e1n lahti"},"content":{"rendered":"<p>Yksityinen pikavene (Lancha) Samana Bay Vuokraa t\u00e4m\u00e4 upea pikavene koko p\u00e4iv\u00e4ksi jopa 5 hengelle vierailemaan <a href=\"https:\/\/www.boattoursamana.com\/fi\/kohteet\/los-haitises-kansallispuiston-liput-matkat\/\" target=\"_blank\" rel=\"noopener\" data-saferedirecturl=\"https:\/\/www.google.com\/url?q=https:\/\/www.boattoursamana.com\/destinations\/los-haitises-national-park-tickets-tours\/&amp;source=gmail&amp;ust=1637749313206000&amp;usg=AOvVaw2iM1LFDbYv-Gthna0qZt2n\">Haitises<\/a> ja Cayo Levantado. My\u00f6s valaiden katselukaudella voit k\u00e4ytt\u00e4\u00e4 venett\u00e4 n\u00e4hd\u00e4ksesi valaita Samanan lahdella.<\/p>\n<p>&nbsp;<\/p>\n<div class=\"vc_row wpb_row vc_row-fluid\" ><div class=\"wpb_column vc_column_container vc_col-sm-12\"><div class=\"vc_column-inner\"><div class=\"wpb_wrapper\"><div class=\"vc_btn3-container vc_btn3-inline\" ><button class=\"vc_general vc_btn3 vc_btn3-size-md vc_btn3-shape-rounded vc_btn3-style-modern vc_btn3-color-green\">VARAA NYT<\/button><\/div>\n\t<div class=\"wpb_text_column wpb_content_element\" >\n\t\t<div class=\"wpb_wrapper\">\n\t\t\t<p>\nn<\/p>\n<div class=\"custom-left\">\nn<\/p>\n<div class=\"row\">\nn<\/p>\n<div class=\"col-md-12 cust-clas\">\nn<\/p>\n<div class=\"product-header alignleft\">\nn<br \/>\nnSAMANA VENE \u2013 VUOKRAUS<br \/>\nn<br \/>\nnYKSITYISKOKOONP\u00c4IV\u00c4N PERUSRAPORTTI SAMANA BAY<br \/>\nn<br \/>\nn8 TUNNIN MATKA MAANANTAISTA SUUNNUNTAI<br \/>\nn<br \/>\nn<\/div>\n<p>n\n<\/p><\/div>\n<p>n\n<\/p><\/div>\n<p>n\n<\/p><\/div>\n<p>n<\/p>\n<div class=\"custom-left para-p\">\nn<\/p>\n<div class=\"info_content_label\">\nn<br \/>\nn<label>Tiedot:<\/label><br \/>\nn<br \/>\nnVuokraa t\u00e4m\u00e4 upea pikavene koko p\u00e4iv\u00e4ksi jopa 5 hengen vierailemiseen <a href=\"https:\/\/www.boattoursamana.com\/fi\/kohteet\/los-haitises-kansallispuiston-liput-matkat\/\" target=\"_blank\" rel=\"noopener\" data-saferedirecturl=\"https:\/\/www.google.com\/url?q=https:\/\/www.boattoursamana.com\/destinations\/los-haitises-national-park-tickets-tours\/&amp;source=gmail&amp;ust=1637749313206000&amp;usg=AOvVaw2iM1LFDbYv-Gthna0qZt2n\">Haitises<\/a> ja Cayo Levantado. My\u00f6s valaiden katselukaudella voit k\u00e4ytt\u00e4\u00e4 venett\u00e4 n\u00e4hd\u00e4ksesi valaita Samanan lahdella.<br \/>\nn<br \/>\nnSis\u00e4lt\u00e4\u00e4 miehist\u00f6n, polttoaineen ja j\u00e4\u00e4j\u00e4\u00e4hdyttimen.<br \/>\nn<br \/>\nLis\u00e4hintaan saatavilla nFood Options:<br \/>\nn<br \/>\nn<strong>Perinteisen buffetlounaan tiedot, $15 USD pp:<\/strong><br \/>\nn<br \/>\nn-vihersalaatti<br \/>\nn-leip\u00e4<br \/>\nn-Moro de Guandule (Dominikaaninen riisi) kookosp\u00e4hkin\u00e4n kanssa<br \/>\nn- Pasta tomaattikastikkeessa<br \/>\nn-Yucapata<br \/>\nn-Kala ja grillattu kana (dorado) + valinnainen kookosmaitokastike<br \/>\nn-Tuoreet hedelm\u00e4t<br \/>\nn-1 alkoholiton juoma (sooda tai vesi)<br \/>\nn-Coffee<br \/>\nn<br \/>\nn<strong>Lis\u00e4hummeripalvelu + kookoskarkki $19 USD (lis\u00e4maksusta).<\/strong><br \/>\nn<br \/>\nn<\/div>\n<p>n<label>Sis\u00e4lt\u00e4\u00e4:<\/label>\u00a0Mukana muut palvelut (miehist\u00f6, polttoaine ja j\u00e4\u00e4hdytin j\u00e4\u00e4ll\u00e4)<br \/>\nn<br \/>\nn<label>Ei sis\u00e4lly:<\/label>\u00a0Juomat tai ruoat EIV\u00c4T sis\u00e4lly hintaan<br \/>\nn<br \/>\nn<label>Sis\u00e4lt\u00e4\u00e4 polttoainetta:<\/label>\u00a0Joo<br \/>\nn<br \/>\nn<\/div>\n<p>nOta meihin yhteytt\u00e4 Whatsappilla: +1-809-720-6035. Paras hinta netiss\u00e4\u2026<br \/>\nn<br \/>\nn&nbsp;<br \/>\nn<\/p>\n<h4><b><i>Peruutusehdot<\/i><\/b><\/h4>\n<p>nLue peruutusk\u00e4yt\u00e4nt\u00f6mme, jos haluat t\u00e4yden hyvityksen.\u00a0<a href=\"https:\/\/www.boattoursamana.com\/fi\/online-varaukset\/\" target=\"_blank\" rel=\"noopener\" data-saferedirecturl=\"https:\/\/www.google.com\/url?q=https:\/\/www.boattoursamana.com\/online-booking\/&amp;source=gmail&amp;ust=1672449202351000&amp;usg=AOvVaw1yAeVAPktmaVCqDujgUn90\">Klikkaa t\u00e4st\u00e4<\/a>. Varat menetet\u00e4\u00e4n, jos varaus peruutetaan samana matkap\u00e4iv\u00e4n\u00e4.<\/p>\n\n\t\t<\/div>\n\t<\/div>\n<\/div><\/div><\/div><\/div><div class=\"vc_row wpb_row vc_row-fluid\" ><div class=\"wpb_column vc_column_container vc_col-sm-12\"><div class=\"vc_column-inner\"><div class=\"wpb_wrapper\"><div class=\"vc_btn3-container vc_btn3-inline\" ><button class=\"vc_general vc_btn3 vc_btn3-size-md vc_btn3-shape-rounded vc_btn3-style-modern vc_btn3-color-green\">VARAA NYT<\/button><\/div><\/div><\/div><\/div><\/div>","protected":false},"excerpt":{"rendered":"<p>Private Speed Boat ( Lancha) Samana Bay Rent this fabulous speed boat\u00a0 for the full day for up to 5 people to visit the Haitises and Cayo Levantado. Also in whale watching season you can use the boat to see the whales in Samana bay. &nbsp;<\/p>","protected":false},"author":2,"featured_media":0,"parent":0,"menu_order":0,"comment_status":"open","ping_status":"closed","template":"","meta":{"footnotes":""},"class_list":["post-15853","page","type-page","status-publish","hentry"],"_links":{"self":[{"href":"https:\/\/www.boattoursamana.com\/fi\/wp-json\/wp\/v2\/pages\/15853","targetHints":{"allow":["GET"]}}],"collection":[{"href":"https:\/\/www.boattoursamana.com\/fi\/wp-json\/wp\/v2\/pages"}],"about":[{"href":"https:\/\/www.boattoursamana.com\/fi\/wp-json\/wp\/v2\/types\/page"}],"author":[{"embeddable":true,"href":"https:\/\/www.boattoursamana.com\/fi\/wp-json\/wp\/v2\/users\/2"}],"replies":[{"embeddable":true,"href":"https:\/\/www.boattoursamana.com\/fi\/wp-json\/wp\/v2\/comments?post=15853"}],"version-history":[{"count":0,"href":"https:\/\/www.boattoursamana.com\/fi\/wp-json\/wp\/v2\/pages\/15853\/revisions"}],"wp:attachment":[{"href":"https:\/\/www.boattoursamana.com\/fi\/wp-json\/wp\/v2\/media?parent=15853"}],"curies":[{"name":"wp","href":"https:\/\/api.w.org\/{rel}","templated":true}]}}