{"id":11524,"date":"2020-09-08T10:03:31","date_gmt":"2020-09-08T10:03:31","guid":{"rendered":"https:\/\/www.ticketswhales.com\/Tours-Excursions\/uncategorized\/import-placeholder-for-302174\/"},"modified":"2023-11-10T13:47:26","modified_gmt":"2023-11-10T13:47:26","slug":"saona-island-private-tour-from-punta-cana-hotels-punta-cana-lobby","status":"publish","type":"product","link":"https:\/\/www.boattoursamana.com\/fi\/kiertue\/saona-island-private-tour-punta-cana-hotels-punta-cana-lobby-2","title":{"rendered":"Saona Island Private Tour Punta Canan hotelleista - Punta Cana Lobby - Punta Cana Lobby"},"content":{"rendered":"<div class=\"vc_row wpb_row vc_row-fluid\" ><div class=\"wpb_column vc_column_container vc_col-sm-12\"><div class=\"vc_column-inner\"><div class=\"wpb_wrapper\"><div class=\"vc_btn3-container vc_btn3-inline\" ><a class=\"vc_general vc_btn3 vc_btn3-size-md vc_btn3-shape-rounded vc_btn3-style-modern vc_btn3-color-green\" href=\"https:\/\/bookingadventures.tours\/booking.php?tour_id=8b86c0abbfbae1c1c9782c709a48c939\" title=\"\" rel=\"noopener\">VARAA NYT<\/a><\/div>\n\t<div class=\"wpb_text_column wpb_content_element\" >\n\t\t<div class=\"wpb_wrapper\">\n\t\t\t<h2><b><i>Saonan saaren yksityinen retki\u00a0<\/i><\/b><\/h2>\n<h4><b><i>Yleiskatsaus<\/i><\/b><\/h4>\n<div>L\u00e4ht\u00f6 tapahtuu p\u00e4\u00e4laiturilta <strong>Bayahibe<\/strong> klo 9.00 ja paluu klo 17.00. Jos\u00a0<b>( lis\u00e4\u00e4t yksityisen kuljetuksen muista l\u00e4hd\u00f6ist\u00e4 t\u00e4lle matkalle aika voi muuttua)<\/b> <span style=\"font-size: 16px;\">T\u00e4m\u00e4 matka vie sinut parhaille rannoille <strong>Saonan saari<\/strong> (Isla Saona) Bayahiben kaupungista alkaen, lounas on saarella ja pys\u00e4hdytte luonnonaltaiden luona.<strong> Cotubanaman kansallispuisto<\/strong>. Nauti Dominikaanisen tasavallan kauniista kaakkoisrannikosta, jossa veneen ottamisen j\u00e4lkeen purjehdit rannikkoa pitkin ja tarkkailet t\u00e4m\u00e4n ainutlaatuisen paikan erilaisia rantoja, maisemia, mangrovemets\u00e4\u00e4 ja kalkkikivimuodostelmia.\u00a0<\/span><\/div>\n<div>\n<p><span style=\"font-weight: 400;\">Saareen p\u00e4\u00e4seminen kest\u00e4\u00e4 noin 45 minuuttia, ja retken aikana sinulla on mahdollisuus n\u00e4hd\u00e4 seuraavat n\u00e4ht\u00e4vyydet <strong>Mano Juan<\/strong>, joka on ainoa yhteis\u00f6, joka on perustettu saarella, t\u00e4ss\u00e4 samassa paikassa sinulla on mahdollisuus ottaa lounasta, jos et p\u00e4\u00e4se Mano Juaniin, Vierailet alueen eri rannoilla ja lounas on rannalla, sinulla on my\u00f6s mahdollisuus snorklata saarella.<\/span><\/p>\n<p><span style=\"font-weight: 400;\">Kun matkasi on p\u00e4\u00e4ttynyt saaren eri paikoissa, palaat takaisin paikkaan, jossa tapaat matkaoppaan.<\/span><\/p>\n<ul>\n<li style=\"font-weight: 400;\"><span style=\"font-weight: 400;\">Sis\u00e4lt\u00e4\u00e4 buffetlounaan rannalla.<\/span><\/li>\n<li style=\"font-weight: 400;\"><span style=\"font-weight: 400;\">Luonnollinen allas<\/span><\/li>\n<li style=\"font-weight: 400;\"><span style=\"font-weight: 400;\">Siirto veneell\u00e4 tai katamaraanilla<\/span><\/li>\n<li style=\"font-weight: 400;\"><span style=\"font-weight: 400;\">Kapteeni antaa ohjeita ja valvoo<\/span><\/li>\n<\/ul>\n<\/div>\n<p>&nbsp;<\/p>\n<h2><b>Sis\u00e4llytykset ja poissulkemiset<\/b><\/h2>\n<p><b>Sis\u00e4llytykset<\/b><\/p>\n<ol>\n<li>Speed Boat tai katamaraanimatka (kaikki riippuu ryhm\u00e4n koosta).<\/li>\n<li style=\"font-weight: 400;\"><span style=\"font-weight: 400;\">Lounasbuffet rannalla<\/span><\/li>\n<li>Luonnollinen allas<\/li>\n<li style=\"font-weight: 400;\"><span style=\"font-weight: 400;\">Kaikki verot, maksut ja k\u00e4sittelykulut<\/span><\/li>\n<li style=\"font-weight: 400;\"><span style=\"font-weight: 400;\">Paikalliset verot<\/span><\/li>\n<li style=\"font-weight: 400;\"><span style=\"font-weight: 400;\">Juomat<\/span><\/li>\n<\/ol>\n<p><b> Poikkeukset<\/b><\/p>\n<ol>\n<li style=\"font-weight: 400;\"><span style=\"font-weight: 400;\">Juomarahat<\/span><\/li>\n<li>Paikallinen opas<\/li>\n<\/ol>\n<p>&nbsp;<\/p>\n<h4><em><strong>L\u00e4ht\u00f6 &amp; paluu<\/strong><\/em><\/h4>\n<p><span style=\"font-weight: 400;\">Meill\u00e4 on aikataulu, joka on suunniteltu noutamaan sinut ja j\u00e4tt\u00e4m\u00e4\u00e4n sinut pois alueesi mukaan. <\/span><span style=\"font-weight: 400;\">Matkustaja saa tapaamispaikan varausprosessin j\u00e4lkeen. Kierrokset alkavat ja p\u00e4\u00e4ttyv\u00e4t kohtaamispaikoissamme.<\/span><\/p>\n<p>&nbsp;<\/p>\n<h4><b><i>Mit\u00e4 odottaa?<\/i><\/b><\/h4>\n<p>&nbsp;<\/p>\n<p><em><strong>Hanki liput<\/strong><\/em> p\u00e4iv\u00e4kortti Saonan saarelle ( Isla Saona ) Bayahibessa sek\u00e4 ihana lounas ja ranta-aika.<\/p>\n<p><span style=\"font-weight: 400;\">Booking Adventuresin j\u00e4rjest\u00e4m\u00e4 p\u00e4iv\u00e4retki alkaa matkanjohtajan kanssa sovitusta tapaamispaikasta. <\/span>Lounas rannalla ja voit viipy\u00e4 niin kauan kuin haluat uida. Jos olet vegaani, voimme my\u00f6s laittaa sinulle ruokaa.<\/p>\n<p>T\u00e4m\u00e4 veneretki alkaa Bayahibesta, mutta tarjoamme yksityisen kuljetuksen lis\u00e4maksusta riippuen siit\u00e4, miss\u00e4 ryhm\u00e4 on.<\/p>\n<p><strong>Aikataulu:<\/strong><\/p>\n<p>7:45 - 18:00<\/p>\n<p>&nbsp;<\/p>\n<h4><em><strong>Mit\u00e4 kannattaa ottaa mukaan?<\/strong><\/em><\/h4>\n<ul>\n<li style=\"font-weight: 400;\"><span style=\"font-weight: 400;\">Kamera<\/span><\/li>\n<li style=\"font-weight: 400;\"><span style=\"font-weight: 400;\">Hylkiv\u00e4 silmut<\/span><\/li>\n<li style=\"font-weight: 400;\"><span style=\"font-weight: 400;\">aurinkovoide<\/span><\/li>\n<li style=\"font-weight: 400;\"><span style=\"font-weight: 400;\">Hattu<\/span><\/li>\n<li style=\"font-weight: 400;\"><span style=\"font-weight: 400;\">Mukavat housut<\/span><\/li>\n<li style=\"font-weight: 400;\"><span style=\"font-weight: 400;\">Vaelluskeng\u00e4t mets\u00e4\u00e4n<\/span><\/li>\n<li style=\"font-weight: 400;\"><span style=\"font-weight: 400;\">Sandaalit rannalle<\/span><\/li>\n<li style=\"font-weight: 400;\"><span style=\"font-weight: 400;\">Uima-asu<\/span><\/li>\n<li>K\u00e4teist\u00e4 matkamuistoja varten<\/li>\n<\/ul>\n<p>&nbsp;<\/p>\n<h2><b><i>Hotellin nouto Saonan saaren p\u00e4iv\u00e4retkelle<\/i><\/b><\/h2>\n<p><span style=\"font-weight: 400;\">T\u00e4m\u00e4 on ohjelma, jonka olemme asettaneet sijaintinne perusteella. Ilmoittakaa meille tietty hotelli, niin otamme teihin yhteytt\u00e4 ja kerromme, miss\u00e4 tapaamme teid\u00e4t. T\u00e4m\u00e4 Transfer vaihtoehtoja sovelletaan lis\u00e4maksua. T\u00e4m\u00e4 matka alkaa Bayahibesta.<\/span><\/p>\n<table style=\"height: 487px;\" width=\"420\">\n<tbody>\n<tr>\n<td><b>Paikka<\/b><\/td>\n<td><b>Aika<\/b><\/td>\n<\/tr>\n<tr>\n<td><b>Punta Cana<\/b><\/td>\n<td><b>7:45<\/b><\/td>\n<\/tr>\n<tr>\n<td><b>B\u00e1varo<\/b><\/td>\n<td><b>7:30 aamulla<\/b><\/td>\n<\/tr>\n<tr>\n<td><b>Uvero Altos<\/b><\/td>\n<td><b>7:00 aamulla<\/b><\/td>\n<\/tr>\n<tr>\n<td><b>Club Med<\/b><\/td>\n<td><b>7:00 aamulla<\/b><\/td>\n<\/tr>\n<tr>\n<td><b>Boca Chica<\/b><\/td>\n<td><b>7:00 aamulla<\/b><\/td>\n<\/tr>\n<tr>\n<td><b>Santo Domingo<\/b><\/td>\n<td><b>6:40 am<\/b><\/td>\n<\/tr>\n<tr>\n<td><b>Juan Doli\u00f3<\/b><\/td>\n<td><b>7:00 aamulla<\/b><\/td>\n<\/tr>\n<\/tbody>\n<\/table>\n<p>&nbsp;<\/p>\n<p><b>Huom:<\/b><span style=\"font-weight: 400;\"> jos varaus tehd\u00e4\u00e4n 24 tunnin kuluessa matkan\/retken l\u00e4ht\u00f6ajasta, voimme j\u00e4rjest\u00e4\u00e4 hotellin noutoa lis\u00e4maksusta. Kun ostoksesi on tehty, l\u00e4het\u00e4mme sinulle t\u00e4ydelliset yhteystiedot (puhelinnumero, s\u00e4hk\u00f6postiosoite jne.) paikalliselle matkaoppaallemme noutoj\u00e4rjestelyjen j\u00e4rjest\u00e4miseksi.<\/span><\/p>\n<h4><b><i>Lis\u00e4tietoja Vahvistus <\/i><\/b><\/h4>\n<ol>\n<li>Liput ovat kuitti maksettuasi t\u00e4m\u00e4n Tour. Voit n\u00e4ytt\u00e4\u00e4 maksun puhelimellasi.<\/li>\n<li style=\"font-weight: 400;\"><span style=\"font-weight: 400;\">Kokouspaikka saadaan varausprosessin j\u00e4lkeen.<\/span><\/li>\n<li style=\"font-weight: 400;\"><span style=\"font-weight: 400;\">Lasten mukana on oltava aikuinen.<\/span><\/li>\n<li style=\"font-weight: 400;\"><span style=\"font-weight: 400;\">esteet\u00f6n py\u00f6r\u00e4tuolilla <\/span><\/li>\n<li style=\"font-weight: 400;\"><span style=\"font-weight: 400;\">Pikkulasten on istuttava syliss\u00e4 <\/span><\/li>\n<li style=\"font-weight: 400;\"><span style=\"font-weight: 400;\">Useimmat matkustajat voivat osallistua<\/span><\/li>\n<\/ol>\n<h4><b><i>Peruutusehdot<\/i><\/b><\/h4>\n<p>Jos haluat t\u00e4yden hyvityksen, lue peruutusk\u00e4yt\u00e4nt\u00f6mme.\u00a0<a href=\"https:\/\/www.boattoursamana.com\/fi\/online-varaukset\/\" target=\"_blank\" rel=\"noopener\" data-saferedirecturl=\"https:\/\/www.google.com\/url?q=https:\/\/www.boattoursamana.com\/online-booking\/&amp;source=gmail&amp;ust=1672449202351000&amp;usg=AOvVaw1yAeVAPktmaVCqDujgUn90\">Klikkaa t\u00e4st\u00e4<\/a>. Varat menetet\u00e4\u00e4n, jos varaus peruutetaan samana matkap\u00e4iv\u00e4n\u00e4.<\/p>\n<p>HUOMAUTUS: Jos haluat tehd\u00e4 t\u00e4m\u00e4n retken ja haluat tiet\u00e4\u00e4 lis\u00e4tietoja, voitte<a href=\"mailto:info@bookingadventures.com.do\">\u00a0Ota yhteytt\u00e4 s\u00e4hk\u00f6postitse<\/a>l<strong>\u00a0<\/strong>tai suoran palvelukeskustelumme kautta Whatsappissa t\u00e4ss\u00e4 numerossa:\u00a0<strong>+1 809-720-6035<\/strong>. Olemme paikalla heti ja voimme tehd\u00e4 sinulle tarjouksen, jossa hinta mukautetaan henkil\u00f6m\u00e4\u00e4r\u00e4n mukaan.<\/p>\n<p>(Vaadimme v\u00e4hint\u00e4\u00e4n 4 henkil\u00f6\u00e4 j\u00e4rjest\u00e4m\u00e4\u00e4n kierroksen yksityisesti.) V\u00e4hemm\u00e4lle henkil\u00f6m\u00e4\u00e4r\u00e4lle voimme j\u00e4rjest\u00e4\u00e4 puoliyksityisen kierroksen, johon osallistuu enint\u00e4\u00e4n 15 henkil\u00f6\u00e4).<\/p>\n<div id=\"gtx-trans\" style=\"position: absolute; left: -1px; top: 1055.03px;\">\n<div class=\"gtx-trans-icon\"><\/div>\n<\/div>\n\n\t\t<\/div>\n\t<\/div>\n<\/div><\/div><\/div><\/div><div class=\"vc_row wpb_row vc_row-fluid\" ><div class=\"wpb_column vc_column_container vc_col-sm-12\"><div class=\"vc_column-inner\"><div class=\"wpb_wrapper\"><div class=\"vc_btn3-container vc_btn3-inline\" ><a class=\"vc_general vc_btn3 vc_btn3-size-md vc_btn3-shape-rounded vc_btn3-style-modern vc_btn3-color-green\" href=\"https:\/\/bookingadventures.tours\/booking.php?tour_id=8b86c0abbfbae1c1c9782c709a48c939\" title=\"\" rel=\"noopener\">VARAA NYT<\/a><\/div><\/div><\/div><\/div><\/div><div class=\"vc_row wpb_row vc_row-fluid\" ><div class=\"wpb_column vc_column_container vc_col-sm-12\"><div class=\"vc_column-inner\"><div class=\"wpb_wrapper\"><div class=\"vc_empty_space\"   style=\"height: 32px\"><span class=\"vc_empty_space_inner\"><\/span><\/div>\n\t<div class=\"wpb_video_widget wpb_content_element vc_clearfix   vc_video-aspect-ratio-169 vc_video-el-width-100 vc_video-align-left\" >\n\t\t<div class=\"wpb_wrapper\">\n\t\t\t<h2 class=\"wpb_heading wpb_video_heading\">Saona Island Tours &amp; Excursions video:<\/h2>\n\t\t\t<div class=\"wpb_video_wrapper\"><iframe loading=\"lazy\" title=\"Saola Island Full day menness\u00e4 Booking Adventures, Travel Dominikaaninen tasavalta\" width=\"1100\" height=\"619\" src=\"https:\/\/www.youtube.com\/embed\/sas91N4zMHo?feature=oembed\" frameborder=\"0\" allow=\"accelerometer; autoplay; encrypted-media; gyroscope; picture-in-picture\" allowfullscreen><\/iframe><\/div>\n\t\t<\/div>\n\t<\/div>\n<div class=\"vc_empty_space\"   style=\"height: 32px\"><span class=\"vc_empty_space_inner\"><\/span><\/div><div class=\"vc_btn3-container vc_btn3-inline\" ><a class=\"vc_general vc_btn3 vc_btn3-size-md vc_btn3-shape-rounded vc_btn3-style-modern vc_btn3-color-green\" href=\"https:\/\/bookingadventures.tours\/booking.php?tour_id=8b86c0abbfbae1c1c9782c709a48c939\" title=\"\" rel=\"noopener\">VARAA NYT<\/a><\/div><\/div><\/div><\/div><\/div><div class=\"vc_row wpb_row vc_row-fluid\" ><\/div><div class=\"wpb_column vc_column_container vc_col-sm-12\"><div class=\"vc_column-inner\"><div class=\"wpb_wrapper\"><\/div><\/div><\/div><div class=\"vc_empty_space\"   style=\"height: 32px\"><span class=\"vc_empty_space_inner\"><\/span><\/div><div class=\"vc_empty_space\"   style=\"height: 32px\"><span class=\"vc_empty_space_inner\"><\/span><\/div>","protected":false},"excerpt":{"rendered":"<p>P\u00e4iv\u00e4lippu Saonan saarelle Bayahiben satamasta. Lounas ja luonnonaltaat sis\u00e4ltyv\u00e4t hintaan. Tarvittaessa siirto mist\u00e4 tahansa Dominikaanisen tasavallan osasta. Ota meihin yhteytt\u00e4, niin koetaan paras kokemus Isla Saonasta.<\/p>\n<p>&nbsp;<\/p>\n<p><strong>Valitse kiertueen p\u00e4iv\u00e4m\u00e4\u00e4r\u00e4:<\/strong><\/p>","protected":false},"featured_media":11546,"template":"","meta":[],"product_cat":[948,971,965,821,822],"product_tag":[400,244,242,395,272,823,690,241,243,315,398,824,825,314],"class_list":["post-11524","product","type-product","status-publish","has-post-thumbnail","hentry","product_cat-1-punta-cana","product_cat-punta-cana-private-tours","product_cat-punta-cana-saona-island","product_cat-saona-island-offers","product_cat-saona-island-private-tour-from-punta-cana-hotels-punta-cana-lobby","product_tag-all-inclusive-trip-to-saona-island-by-speedboat-catamaran","product_tag-bayahibe","product_tag-catamaran","product_tag-how-to-get-to-saona-island","product_tag-isla-saona","product_tag-private-day-trip-saona","product_tag-private-tours","product_tag-saona","product_tag-saona-island","product_tag-saona-island-excursion","product_tag-saona-island-hotels","product_tag-saona-island-private","product_tag-saona-island-private-tour-from-punta-cana-hotels-punta-cana-lobby","product_tag-saona-island-tour"],"_links":{"self":[{"href":"https:\/\/www.boattoursamana.com\/fi\/wp-json\/wp\/v2\/product\/11524","targetHints":{"allow":["GET"]}}],"collection":[{"href":"https:\/\/www.boattoursamana.com\/fi\/wp-json\/wp\/v2\/product"}],"about":[{"href":"https:\/\/www.boattoursamana.com\/fi\/wp-json\/wp\/v2\/types\/product"}],"wp:featuredmedia":[{"embeddable":true,"href":"https:\/\/www.boattoursamana.com\/fi\/wp-json\/wp\/v2\/media\/11546"}],"wp:attachment":[{"href":"https:\/\/www.boattoursamana.com\/fi\/wp-json\/wp\/v2\/media?parent=11524"}],"wp:term":[{"taxonomy":"product_cat","embeddable":true,"href":"https:\/\/www.boattoursamana.com\/fi\/wp-json\/wp\/v2\/product_cat?post=11524"},{"taxonomy":"product_tag","embeddable":true,"href":"https:\/\/www.boattoursamana.com\/fi\/wp-json\/wp\/v2\/product_tag?post=11524"}],"curies":[{"name":"wp","href":"https:\/\/api.w.org\/{rel}","templated":true}]}}