{"id":11566,"date":"2020-10-09T08:06:39","date_gmt":"2020-10-09T08:06:39","guid":{"rendered":"https:\/\/www.ticketswhales.com\/?post_type=product&#038;p=11566"},"modified":"2023-11-07T21:59:08","modified_gmt":"2023-11-07T21:59:08","slug":"samana-day-trip-from-bayahibe-el-limon-waterfall-and-bacardi-island","status":"publish","type":"product","link":"https:\/\/www.boattoursamana.com\/fi\/kiertue\/samanan-paivaretki-bayahibe-el-limonin-vesiputoukselta-ja-bacardin-saarelta-2","title":{"rendered":"Saman\u00e1 P\u00e4iv\u00e4retki Bayahibesta - El Lim\u00f3nin vesiputous ja Bacardin saari"},"content":{"rendered":"<div class=\"vc_row wpb_row vc_row-fluid\" ><div class=\"wpb_column vc_column_container vc_col-sm-12\"><div class=\"vc_column-inner\"><div class=\"wpb_wrapper\"><div class=\"mkdf-section-title-holder\" style=\"text-align: left\">\n\t<div class=\"mkdf-st-inner\">\n\t\t\t\t\t<h5 class=\"mkdf-st-subtitle\" >\n\t\t\t\t(Nouto Bayahibe Hotelsista)\t\t\t<\/h5>\n\t\t\t\t\t\t\t<h3 class=\"mkdf-st-title\" >\n\t\t\t\tSamana-p\u00e4iv\u00e4retki Bayahibesta - El Limonin vesiputous ja Bacardi Island\t\t\t<\/h3>\n\t\t\t\t\t<\/div>\n<\/div><\/div><\/div><\/div><\/div><div class=\"vc_row wpb_row vc_row-fluid\" ><div class=\"wpb_column vc_column_container vc_col-sm-12\"><div class=\"vc_column-inner\"><div class=\"wpb_wrapper\"><div class=\"vc_btn3-container vc_btn3-inline\" ><button class=\"vc_general vc_btn3 vc_btn3-size-md vc_btn3-shape-rounded vc_btn3-style-modern vc_btn3-color-green\">VARAA NYT<\/button><\/div>\n\t<div class=\"wpb_text_column wpb_content_element\" >\n\t\t<div class=\"wpb_wrapper\">\n\t\t\t<h4><b><i>Yleiskatsaus <\/i><\/b><\/h4>\n<p>Jos olet Punta Canassa tai Bavarossa ja haluat tehd\u00e4 p\u00e4iv\u00e4retken, joka maksaa v\u00e4hemm\u00e4n kuin tavallisesti, varaa t\u00e4m\u00e4 matka. T\u00e4m\u00e4n matkan aikana viemme sinut Samanaan, jossa sinut vied\u00e4\u00e4n katamaraanilla Sabana de la Mariin, Hato Mayorin kyl\u00e4\u00e4n, Los Haitisesin kansallispuiston taloon. T\u00e4m\u00e4 matka sis\u00e4lt\u00e4\u00e4 vierailun Samanan ja El Limonin yhteis\u00f6iss\u00e4, joissa voit ratsastaa tai patikoida vesiputoukselle heti Samana Bayn ylityksen j\u00e4lkeen. Lounas tarjoillaan Bacardi Islandilla. Matkat alkavat klo 6.00 ja p\u00e4\u00e4ttyv\u00e4t klo 18.30. Tee varauksesi nyt!<\/p>\n<p>T\u00e4m\u00e4n kokemuksen j\u00e4lkeen viemme sinut hotelliisi.<\/p>\n<ul>\n<li style=\"font-weight: 400;\">Maksut sis\u00e4ltyv\u00e4t<\/li>\n<li>Lounas rannalla sis\u00e4ltyy hintaan<\/li>\n<li>Siirto sis\u00e4ltyy hintaan<\/li>\n<li style=\"font-weight: 400;\"><span style=\"font-weight: 400;\">Oppaassa annetaan ohjeita ja valvontaa<\/span><\/li>\n<\/ul>\n<p>&nbsp;<\/p>\n<h4><b>Sis\u00e4llytykset ja poissulkemiset<\/b><\/h4>\n<p>&nbsp;<\/p>\n<p><b>Sis\u00e4llytykset<\/b><\/p>\n<p>&nbsp;<\/p>\n<ol>\n<li style=\"font-weight: 400;\">Hotellin nouto<\/li>\n<li style=\"font-weight: 400;\">Saman\u00e1 Bay<\/li>\n<li>Bacardi-saari, ranta ja lounas<\/li>\n<li>Safari kohteeseen El Lim\u00f3n<\/li>\n<li>Ratsastus tai vaellus vesiputouksille<\/li>\n<li>Dominikaaniset cocktailit<\/li>\n<li style=\"font-weight: 400;\"><span style=\"font-weight: 400;\">Kaikki verot, maksut ja k\u00e4sittelykulut<\/span><\/li>\n<li style=\"font-weight: 400;\"><span style=\"font-weight: 400;\">Paikalliset verot<\/span><\/li>\n<li style=\"font-weight: 400;\"><span style=\"font-weight: 400;\">Juomat<\/span><\/li>\n<li style=\"font-weight: 400;\"><span style=\"font-weight: 400;\">Kaikki toiminnot<\/span><\/li>\n<li style=\"font-weight: 400;\"><span style=\"font-weight: 400;\">Paikallinen opas<\/span><\/li>\n<\/ol>\n<p><b> Poikkeukset<\/b><\/p>\n<ol>\n<li style=\"font-weight: 400;\"><span style=\"font-weight: 400;\">Juomarahat<\/span><\/li>\n<li style=\"font-weight: 400;\"><span style=\"font-weight: 400;\">Alkoholijuomat cocktailien j\u00e4lkeen\u00a0<\/span><\/li>\n<\/ol>\n<p>&nbsp;<\/p>\n<h4><em><strong>L\u00e4ht\u00f6 &amp; paluu<\/strong><\/em><\/h4>\n<p><span style=\"font-weight: 400;\">Matkustaja saa tapaamispaikan varausprosessin j\u00e4lkeen. Kierrokset alkavat ja p\u00e4\u00e4ttyv\u00e4t kohtaamispaikoissamme.<\/span><\/p>\n<p>&nbsp;<\/p>\n<h3>Samana-p\u00e4iv\u00e4retki Bayahibesta - El Limonin vesiputous ja Bacardi Island<\/h3>\n<h4><b><i>Mit\u00e4 odottaa?<\/i><\/b><\/h4>\n<p>&nbsp;<\/p>\n<p><strong>Hanki lippusi nyt<\/strong>. Vesiputoukset, ratsastus, vaellus ja safarikierros, uinti Natural Springsiss\u00e4, lounas Bacardi Islandilla ja muut hauskat aktiviteetit odottavat sinua.<\/p>\n<p>L\u00e4hdemme Bayahibesta bussilla ja suuntaamme Samana Bayn satamaan. Satamassa saavuttuamme nousemme veneeseen tai katamaraaniin paikallisten matkaoppaiden kanssa, jotka ohjaavat sinut Samanan yhteis\u00f6\u00f6n. T\u00e4ss\u00e4 yhteis\u00f6ss\u00e4 Safari Tour vie sinut ymp\u00e4ri ja opettaa sinulle t\u00e4m\u00e4n kaupungin historiasta. Mutta t\u00e4ss\u00e4 ei viel\u00e4 kaikki, El Limonin vesiputous on seuraava, t\u00e4\u00e4ll\u00e4 voit uida ja vaeltaa tai ratsastaa. El Limonin vesiputous on upea luonnonmuistomerkki, jossa on trooppista mets\u00e4\u00e4 ja kirkkaita luonnonl\u00e4hteit\u00e4. Paluumatkalla Samanaan pys\u00e4hdymme Bacardin saarella, jossa tarjoillaan lounas ja p\u00e4\u00e4set uimaan yhdess\u00e4 Dominikaanisen tasavallan luonnollisimmista uima-altaista.<\/p>\n<p>&nbsp;<\/p>\n<p>Jos haluat muuttaa t\u00e4t\u00e4 matkaa lyhyemm\u00e4ksi tai pidemm\u00e4ksi, ota meihin yhteytt\u00e4.<\/p>\n<p>&nbsp;<\/p>\n<h4><em><strong>Mit\u00e4 kannattaa ottaa mukaan?<\/strong><\/em><\/h4>\n<ul>\n<li style=\"font-weight: 400;\"><span style=\"font-weight: 400;\">Kamera<\/span><\/li>\n<li style=\"font-weight: 400;\"><span style=\"font-weight: 400;\">Hylkiv\u00e4 silmut<\/span><\/li>\n<li style=\"font-weight: 400;\"><span style=\"font-weight: 400;\">aurinkovoide<\/span><\/li>\n<li style=\"font-weight: 400;\"><span style=\"font-weight: 400;\">Hattu<\/span><\/li>\n<li style=\"font-weight: 400;\"><span style=\"font-weight: 400;\">Mukavat housut<\/span><\/li>\n<li style=\"font-weight: 400;\"><span style=\"font-weight: 400;\">Vaelluskeng\u00e4t mets\u00e4\u00e4n<\/span><\/li>\n<li style=\"font-weight: 400;\"><span style=\"font-weight: 400;\">Sandaalit kev\u00e4\u00e4n alueille.<\/span><\/li>\n<li style=\"font-weight: 400;\"><span style=\"font-weight: 400;\">Uima-asu<\/span><\/li>\n<\/ul>\n<p>&nbsp;<\/p>\n<h4><b><i>Hotellin nouto <\/i><\/b><\/h4>\n<p><span style=\"font-weight: 400;\">Matkustajan nouto on tarjolla!<\/span><\/p>\n<p><span style=\"font-weight: 400;\">Noutamme kaikista Bayahiben hotelleista. Noutopaikka on Hotel Lobby<br \/>\nJos majoitut alueella sijaitsevassa huoneistossa, noudamme sinut huoneistosta tai l\u00e4himm\u00e4n lomakeskuksen sis\u00e4\u00e4nk\u00e4ynnilt\u00e4... Asetamme Poimi yhteytt\u00e4 meihin Whatsappilla.<\/span><\/p>\n<p><b>Huom:<\/b><span style=\"font-weight: 400;\"> Jos varaus tehd\u00e4\u00e4n 24 tunnin kuluessa matkan\/retken l\u00e4ht\u00f6ajasta, voimme j\u00e4rjest\u00e4\u00e4 noutoj\u00e4rjestelyj\u00e4 hotellista. Kun ostoksesi on tehty, l\u00e4het\u00e4mme sinulle t\u00e4ydelliset yhteystiedot (puhelinnumero, s\u00e4hk\u00f6postiosoite jne.) paikalliselle matkaoppaallemme noutoj\u00e4rjestelyjen j\u00e4rjest\u00e4miseksi.<\/span><\/p>\n<h4><b><i>Lis\u00e4tietoja Vahvistus <\/i><\/b><\/h4>\n<ol>\n<li>Liput ovat kuitti maksettuasi t\u00e4m\u00e4n Tour. Voit n\u00e4ytt\u00e4\u00e4 maksun puhelimellasi.<\/li>\n<li style=\"font-weight: 400;\"><span style=\"font-weight: 400;\">Kokouspaikka saadaan varausprosessin j\u00e4lkeen.<\/span><\/li>\n<li style=\"font-weight: 400;\"><span style=\"font-weight: 400;\">Lasten mukana on oltava aikuinen.<\/span><\/li>\n<li style=\"font-weight: 400;\"><span style=\"font-weight: 400;\"> Ei esteet\u00f6n py\u00f6r\u00e4tuolilla <\/span><\/li>\n<li style=\"font-weight: 400;\"><span style=\"font-weight: 400;\">Pikkulasten on istuttava syliss\u00e4 <\/span><\/li>\n<li style=\"font-weight: 400;\"><span style=\"font-weight: 400;\">Ei suositella matkustajille, joilla on selk\u00e4vaivoja<\/span><\/li>\n<li style=\"font-weight: 400;\"><span style=\"font-weight: 400;\">Ei suositella raskaana oleville matkustajille <\/span><\/li>\n<li style=\"font-weight: 400;\"><span style=\"font-weight: 400;\"> Ei syd\u00e4nongelmia tai muita vakavia sairauksia <\/span><\/li>\n<li style=\"font-weight: 400;\"><span style=\"font-weight: 400;\">Useimmat matkustajat voivat osallistua<\/span><\/li>\n<\/ol>\n<h4><b><i>Peruutusehdot<\/i><\/b><\/h4>\n<p>Jos haluat t\u00e4yden hyvityksen, lue peruutusk\u00e4yt\u00e4nt\u00f6mme.\u00a0<a href=\"https:\/\/www.boattoursamana.com\/fi\/online-varaukset\/\" target=\"_blank\" rel=\"noopener\" data-saferedirecturl=\"https:\/\/www.google.com\/url?q=https:\/\/www.boattoursamana.com\/online-booking\/&amp;source=gmail&amp;ust=1672449202351000&amp;usg=AOvVaw1yAeVAPktmaVCqDujgUn90\">Klikkaa t\u00e4st\u00e4<\/a>. Varat menetet\u00e4\u00e4n, jos varaus peruutetaan samana matkap\u00e4iv\u00e4n\u00e4.<\/p>\n\n\t\t<\/div>\n\t<\/div>\n<\/div><\/div><\/div><\/div><div class=\"vc_row wpb_row vc_row-fluid\" ><\/div><div class=\"wpb_column vc_column_container vc_col-sm-12\"><div class=\"vc_column-inner\"><div class=\"wpb_wrapper\"><\/div><\/div><\/div><div class=\"vc_empty_space\"   style=\"height: 32px\"><span class=\"vc_empty_space_inner\"><\/span><\/div><div class=\"vc_empty_space\"   style=\"height: 32px\"><span class=\"vc_empty_space_inner\"><\/span><\/div><div class=\"vc_row wpb_row vc_row-fluid\" ><div class=\"wpb_column vc_column_container vc_col-sm-12\"><div class=\"vc_column-inner\"><div class=\"wpb_wrapper\"><div class=\"vc_btn3-container vc_btn3-inline\" ><button class=\"vc_general vc_btn3 vc_btn3-size-md vc_btn3-shape-rounded vc_btn3-style-modern vc_btn3-color-green\">VARAA NYT<\/button><\/div><\/div><\/div><\/div><\/div>","protected":false},"excerpt":{"rendered":"<p>Jos olet Punta Canassa tai Bavarossa ja haluat tehd\u00e4 p\u00e4iv\u00e4retken tavallista v\u00e4hemm\u00e4n maksamalla, varaa t\u00e4m\u00e4 matka. T\u00e4m\u00e4n matkan aikana viemme sinut Samanaan, jossa sinut vied\u00e4\u00e4n katamaraanilla Sabana de la Mariin, Hato Mayorin kuntaan, Los Haitisesin kansallispuiston kotipaikkaan. T\u00e4m\u00e4 matka sis\u00e4lt\u00e4\u00e4 safarikierroksen, katamaraanin, vesiputous- ja rantauinnin ja paljon muuta. Matka alkaa klo 6.00 ja p\u00e4\u00e4ttyy klo 18.30.<\/p>\n<p><em><strong>Valitse kiertueen p\u00e4iv\u00e4m\u00e4\u00e4r\u00e4:<\/strong><\/em><\/p>","protected":false},"featured_media":6947,"template":"","meta":[],"product_cat":[831,948,961,959,253],"product_tag":[184,183,384,223,382,380,185,381,222,175,383,186,458,457,200,187],"class_list":["post-11566","product","type-product","status-publish","has-post-thumbnail","hentry","product_cat-bayahibe-to-samana","product_cat-1-punta-cana","product_cat-el-limon-horseback-riding","product_cat-el-limon-punta-cana","product_cat-tours-and-excursions","product_tag-bacardi-island","product_tag-beach-time","product_tag-cascada-el-limon-salto-el-limon-samana-republica-dominicana","product_tag-cayo-levantado","product_tag-el-limon-waterfall-bacardi-island-from-punta-cana","product_tag-el-limon-waterfall-and-bacardi-island-tour-from-punta-cana","product_tag-el-limon-waterfalls","product_tag-guided-adventures","product_tag-punta-cana","product_tag-sabana-de-la-mar","product_tag-salto-de-limon-punta-cana","product_tag-samana","product_tag-samana-day-trip-from-punta-cana","product_tag-samana-day-trip-from-punta-cana-el-limon-waterfall-and-bacardi-island","product_tag-samana-excursions","product_tag-samana-tours"],"_links":{"self":[{"href":"https:\/\/www.boattoursamana.com\/fi\/wp-json\/wp\/v2\/product\/11566","targetHints":{"allow":["GET"]}}],"collection":[{"href":"https:\/\/www.boattoursamana.com\/fi\/wp-json\/wp\/v2\/product"}],"about":[{"href":"https:\/\/www.boattoursamana.com\/fi\/wp-json\/wp\/v2\/types\/product"}],"wp:featuredmedia":[{"embeddable":true,"href":"https:\/\/www.boattoursamana.com\/fi\/wp-json\/wp\/v2\/media\/6947"}],"wp:attachment":[{"href":"https:\/\/www.boattoursamana.com\/fi\/wp-json\/wp\/v2\/media?parent=11566"}],"wp:term":[{"taxonomy":"product_cat","embeddable":true,"href":"https:\/\/www.boattoursamana.com\/fi\/wp-json\/wp\/v2\/product_cat?post=11566"},{"taxonomy":"product_tag","embeddable":true,"href":"https:\/\/www.boattoursamana.com\/fi\/wp-json\/wp\/v2\/product_tag?post=11566"}],"curies":[{"name":"wp","href":"https:\/\/api.w.org\/{rel}","templated":true}]}}