{"id":11569,"date":"2020-10-10T15:42:33","date_gmt":"2020-10-10T15:42:33","guid":{"rendered":"https:\/\/www.ticketswhales.com\/?post_type=product&#038;p=11569"},"modified":"2023-11-07T21:53:32","modified_gmt":"2023-11-07T21:53:32","slug":"private-kayaking-snorkeling-with-lunch-on-cayo-levantado-island","status":"publish","type":"product","link":"https:\/\/www.boattoursamana.com\/fi\/kiertue\/yksityinen-melonta-snorklausta-lounaalla-cayo-levantado-saarella","title":{"rendered":"Samana: Cayo Levantado ja melonta + snorklaus"},"content":{"rendered":"<div class=\"wpb_column vc_column_container vc_col-sm-12\"><div class=\"vc_column-inner\"><div class=\"wpb_wrapper\"><\/div><\/div><\/div><div class=\"vc_row wpb_row vc_row-fluid\" ><div class=\"wpb_column vc_column_container vc_col-sm-12\"><div class=\"vc_column-inner\"><div class=\"wpb_wrapper\">\n\t<div class=\"wpb_text_column wpb_content_element\" >\n\t\t<div class=\"wpb_wrapper\">\n\t\t\t<div class=\"vc_row wpb_row vc_row-fluid\">\n<div class=\"wpb_column vc_column_container vc_col-sm-12\">\n<div class=\"vc_column-inner\">\n<div class=\"wpb_wrapper\">\n<div class=\"mkdf-section-title-holder\">\n<div class=\"mkdf-st-inner\">\n<h5 class=\"mkdf-st-subtitle\">Samanan satamasta: Yksityinen kiertue<\/h5>\n<h3 class=\"mkdf-st-title\">Yksityinen kajakki ja snorklaus lounaalla Cayo Levantado -saarella<\/h3>\n<\/div>\n<\/div>\n<div class=\"vc_empty_space\"><\/div>\n<\/div>\n<\/div>\n<\/div>\n<\/div>\n<div class=\"vc_row wpb_row vc_row-fluid\"><\/div>\n<div class=\"wpb_column vc_column_container vc_col-sm-12\">\n<div class=\"vc_column-inner\">\n<div class=\"wpb_wrapper\"><\/div>\n<\/div>\n<\/div>\n<div class=\"wpb_text_column wpb_content_element\">\n<div class=\"wpb_wrapper\"><\/div>\n<\/div>\n<div class=\"vc_row wpb_row vc_row-fluid\">\n<div class=\"wpb_column vc_column_container vc_col-sm-12\">\n<div class=\"vc_column-inner\">\n<div class=\"wpb_wrapper\">\n<div class=\"wpb_text_column wpb_content_element\">\n<div class=\"wpb_wrapper\">\n<div class=\"vc_row wpb_row vc_row-fluid\">\n<div class=\"wpb_column vc_column_container vc_col-sm-12\">\n<div class=\"vc_column-inner\">\n<div class=\"wpb_wrapper\">\n<div class=\"wpb_text_column wpb_content_element\">\n<div class=\"wpb_wrapper\">\n<h4><b><i>Yleiskatsaus\ud83d\udc33<\/i><\/b><\/h4>\n<p><strong>V\u00e4lt\u00e4 suuria turistiryhmi\u00e4.<\/strong>\u00a0ja ota yksityinen kajakki- ja snorkkelikierros Saman\u00e1n lahdella, joka l\u00e4htee Saman\u00e1n satamasta.<\/p>\n<p>Ihaile 40 minuuttia vertaansa vailla olevaa panoraaman\u00e4kymi\u00e4 Samana Baylle merelt\u00e4 kajakilla ja snorklaamalla kristallinkirkkaissa vesiss\u00e4 l\u00e4heisell\u00e4 rannalla kuuluisalla Cayo Levantado\/Bacardi -saarella. Miss\u00e4 voimme venytell\u00e4 jalkojamme ja k\u00e4ytt\u00e4\u00e4 snorkkelisarjojamme, on toinen maailma tutkittavana!<br \/>\nSnorklauksen j\u00e4lkeen menemme tyypilliselle dominikaaniselle lounaalle rannalla ja l\u00f6yd\u00e4mme Dominikaanisen tasavallan kauneimman saaren. Kotipaikka on kaunis luksushotelli, valkoiset hiekkarannat, vehre\u00e4 sademets\u00e4 ja uskomattomia taitavia taiteilijoita, jotka tarjoavat k\u00e4sintehtyj\u00e4 maalauksiaan ja muita tuotteitaan.<\/p>\n<p>Mit\u00e4 saarella voi tehd\u00e4?<br \/>\nUiminen, vaellus, lentopallon pelaaminen, valokuvaaminen, snorklaus, rannalla nauttiminen tai vain rentoutuminen varjossa ja virkist\u00e4v\u00e4n drinkin nauttiminen (Pi\u00f1a Colada, Coco Loco, Cuba Libre jne.) Vaihtoehtoja saaren nauttimiseen riitt\u00e4\u00e4 kaikille. !<\/p>\n<p>Matkalla takaisin Saman\u00e1an vaihdamme perspektiivi\u00e4 ja huomiomme vangitsee yksityiskohdat, joita emme olleet aiemmin huomanneet, nauttien jokaisesta metrist\u00e4 noin 40 minuuttia.<\/p>\n<p>Olemme ainoat, jotka tarjoavat t\u00e4m\u00e4n kiertueen koko Dominikaanisessa tasavallassa! T\u00e4m\u00e4 ainutlaatuinen kokemus on luonnon ja meren yst\u00e4vien unelmien t\u00e4yttymys.<\/p>\n<p><strong>Huom:<\/strong>\u00a0T\u00e4m\u00e4 kiertue on yksityinen. (Vain sin\u00e4 ja perheesi tai yst\u00e4v\u00e4si ja matkaopas).<\/p>\n<p>&nbsp;<\/p>\n<h4><b>Sis\u00e4llytykset ja poissulkemiset<\/b><\/h4>\n<p>&nbsp;<\/p>\n<p><b>Sis\u00e4llytykset<\/b><\/p>\n<p>&nbsp;<\/p>\n<ol>\n<li>Buffet lounas rannalla.<\/li>\n<li>Matkaopas<\/li>\n<li>kajakit, meloa<\/li>\n<li>Pelastusliivi<\/li>\n<li>Snorkkelisarja<\/li>\n<li>Kaikki verot, maksut ja k\u00e4sittelykulut.<\/li>\n<li>Paikalliset verot<\/li>\n<li>Juomat (pullo vett\u00e4 per henkil\u00f6)<\/li>\n<\/ol>\n<p><b>Poikkeukset<\/b><\/p>\n<ol>\n<li>Vinkkej\u00e4<\/li>\n<li>Auton siirto<\/li>\n<li>Alkoholi<\/li>\n<\/ol>\n<p>&nbsp;<\/p>\n<h4><em><strong>L\u00e4ht\u00f6 ja paluu<\/strong><\/em><\/h4>\n<p>T\u00e4m\u00e4 matka alkaa klo 8.00 ja p\u00e4\u00e4ttyy noin klo 16.00. Mutta koska kyseess\u00e4 on yksityinen matka, voit asettaa alkamis- ja lopetusajan.<\/p>\n<p>Matkustaja saa kohtaamispaikan varausprosessin j\u00e4lkeen. Kierrokset alkavat ja p\u00e4\u00e4ttyv\u00e4t kohtaamispisteiss\u00e4mme.<\/p>\n<p>&nbsp;<\/p>\n<h4><b><i>Mit\u00e4 odottaa?<\/i><\/b><\/h4>\n<p>&nbsp;<\/p>\n<p><em><strong>Hanki liput<\/strong><\/em>\u00a0melontaa ja snorklausta varten Samana Bayss\u00e4. 40 minuuttia vertaansa vailla olevaa panoraaman\u00e4kym\u00e4\u00e4 Samanan lahdelle merelt\u00e4 kajakilla ja snorklaamalla l\u00e4heisen kuuluisan Cayo Levantadon\/Bacardin rannan kristallinkirkkaissa vesiss\u00e4. Tyypillinen dominikaaninen lounas rannalla. Valaiden katselukaudella on mahdollisuus n\u00e4hd\u00e4 ryh\u00e4valaita.<\/p>\n<p>Booking Adventuresin j\u00e4rjest\u00e4m\u00e4 Kayak &amp; Snorkel Tour alkaa matkaoppaan asettamista kohtaamispaikasta. Lounas rannalla ja voit olla niin kauan kuin haluat uida. Jos olet vegaani, voimme my\u00f6s valmistaa sinulle ruokaa.<\/p>\n<p><strong>Kalenteri:<\/strong><\/p>\n<p>8.00\u201316.00<\/p>\n<p>&nbsp;<\/p>\n<h4><em><strong>Mit\u00e4 kannattaa ottaa mukaan?<\/strong><\/em><\/h4>\n<ul>\n<li>Kamera<\/li>\n<li>Pyyhe<\/li>\n<li>Auringonsuojaus<\/li>\n<li>Hattu<\/li>\n<li>Mukavat housut ja keng\u00e4t.<\/li>\n<li>Sandaalit rantaan<\/li>\n<li>Uimarin mekko<\/li>\n<li>K\u00e4teist\u00e4 matkamuistoja varten<\/li>\n<\/ul>\n<p>&nbsp;<\/p>\n<h4><b><i>Hotellin nouto<\/i><\/b><\/h4>\n<p>Noutoa hotellilta ei tarjota t\u00e4lle kiertueelle.<\/p>\n<p>&nbsp;<\/p>\n<p><b>Huom:<\/b>\u00a0Jos teet varauksen 24 tunnin sis\u00e4ll\u00e4 ennen matkan\/retken l\u00e4ht\u00f6aikaa, voimme j\u00e4rjest\u00e4\u00e4 noudon hotellilta lis\u00e4maksulla. Kun osto on valmis, l\u00e4het\u00e4mme sinulle paikallisen oppaamme t\u00e4ydelliset yhteystiedot (puhelinnumero, s\u00e4hk\u00f6postiosoite jne.) noutoj\u00e4rjestelyjen j\u00e4rjest\u00e4miseksi.<\/p>\n<h4><b><i>Lis\u00e4tietojen vahvistus<\/i><\/b><\/h4>\n<ol>\n<li>Liput ovat kuitti t\u00e4m\u00e4n kiertueen maksamisen j\u00e4lkeen. Voit n\u00e4ytt\u00e4\u00e4 maksun puhelimessasi.<\/li>\n<li>Tapaamispaikka vastaanotetaan varausprosessin j\u00e4lkeen.<\/li>\n<li>Lasten mukana on oltava aikuinen.<\/li>\n<li>P\u00e4\u00e4sy py\u00f6r\u00e4tuolilla<\/li>\n<li>Vauvojen tulee istua syliss\u00e4.<\/li>\n<li>Suurin osa matkustajista on oikeutettu osallistumaan.<\/li>\n<\/ol>\n<h4><b><i>Peruutusehdot<\/i><\/b><\/h4>\n<p>Saat t\u00e4yden hyvityksen peruuttamalla v\u00e4hint\u00e4\u00e4n 24 tuntia ennen kokemuksen alkamisp\u00e4iv\u00e4\u00e4.<\/p>\n<\/div>\n<\/div>\n<\/div>\n<\/div>\n<\/div>\n<\/div>\n<\/div>\n<\/div>\n<\/div>\n<\/div>\n<\/div>\n<\/div>\n<div class=\"vc_row wpb_row vc_row-fluid\">\n<div class=\"wpb_column vc_column_container vc_col-sm-12\">\n<div class=\"vc_column-inner\">\n<div class=\"wpb_wrapper\">\n<div class=\"vc_empty_space\"><\/div>\n<div class=\"wpb_text_column wpb_content_element\">\n<div class=\"wpb_wrapper\">\n<h4>Ota yhteytt\u00e4?<\/h4>\n<h5><b><i>Seikkailuvaraukset<\/i><\/b><\/h5>\n<p><em>Matkaoppaat ja vieraspalvelut.\u00a0<strong>paikallinen<\/strong>\u00a0ja\u00a0<strong>kansallinen<\/strong><\/em><\/p>\n<p><span class=\"text-turquoise\">Varaukset:<\/span>\u00a0Retket ja retket Domissa. edustajat.<\/p>\n<p>\ud83d\udcde Puhelin\/Whatsapp\u00a0<a href=\"tel: 1-809-720-6035\">+ 1-809-720-6035<\/a>\u00a0.<\/p>\n<p>\ud83d\udce9\u00a0<a href=\"mailto:info@bookingadventures.com.do\">info@bookingadventures.com.do<\/a><\/p>\n<p><strong>Olemme yksityisi\u00e4 retki\u00e4 joustavalla kokoonpanolla Whatsappilla:\u00a0<a href=\"tel: 18097206035\">+18097206035.<\/a><\/strong><\/p>\n<\/div>\n<\/div>\n<\/div>\n<\/div>\n<\/div>\n<\/div>\n\n\t\t<\/div>\n\t<\/div>\n<\/div><\/div><\/div><\/div>","protected":false},"excerpt":{"rendered":"<p>Yksityinen kajakki- ja snorklauskierros Samana Bayss\u00e4, Dominikaanisessa tasavallassa paikallisten matkaoppaiden kanssa. Voit vapaasti asettaa sinulle sopivimman aloitusajan. Varaa t\u00e4m\u00e4 Samana Bay Excursion nyt el\u00e4\u00e4ksesi todellisen Karibian seikkailun.<\/p>\n<p>Huomaa: T\u00e4m\u00e4 kiertue on yksityinen!<\/p>\n<p>&nbsp;<\/p>\n<p><em><strong>Valitse kiertueen p\u00e4iv\u00e4m\u00e4\u00e4r\u00e4:<\/strong><\/em><\/p>","protected":false},"featured_media":13413,"template":"","meta":[],"product_cat":[255,946,655],"product_tag":[184,328,208,327,187,342,433,276],"class_list":["post-11569","product","type-product","status-publish","has-post-thumbnail","hentry","product_cat-tours-excursions-samana-bay-dominican-republic","product_cat-1-sabana-de-la-mar","product_cat-1-samana","product_tag-bacardi-island","product_tag-cayo-levantado-day-pass","product_tag-kayaking-dominican-republic","product_tag-private-tours-samana","product_tag-samana-tours","product_tag-samana-whale-watching","product_tag-snorkeling","product_tag-whale-samana"],"_links":{"self":[{"href":"https:\/\/www.boattoursamana.com\/fi\/wp-json\/wp\/v2\/product\/11569","targetHints":{"allow":["GET"]}}],"collection":[{"href":"https:\/\/www.boattoursamana.com\/fi\/wp-json\/wp\/v2\/product"}],"about":[{"href":"https:\/\/www.boattoursamana.com\/fi\/wp-json\/wp\/v2\/types\/product"}],"wp:featuredmedia":[{"embeddable":true,"href":"https:\/\/www.boattoursamana.com\/fi\/wp-json\/wp\/v2\/media\/13413"}],"wp:attachment":[{"href":"https:\/\/www.boattoursamana.com\/fi\/wp-json\/wp\/v2\/media?parent=11569"}],"wp:term":[{"taxonomy":"product_cat","embeddable":true,"href":"https:\/\/www.boattoursamana.com\/fi\/wp-json\/wp\/v2\/product_cat?post=11569"},{"taxonomy":"product_tag","embeddable":true,"href":"https:\/\/www.boattoursamana.com\/fi\/wp-json\/wp\/v2\/product_tag?post=11569"}],"curies":[{"name":"wp","href":"https:\/\/api.w.org\/{rel}","templated":true}]}}