{"id":11778,"date":"2020-12-13T08:28:52","date_gmt":"2020-12-13T08:28:52","guid":{"rendered":"https:\/\/www.ticketswhales.com\/?post_type=product&#038;p=11778"},"modified":"2023-11-07T21:16:27","modified_gmt":"2023-11-07T21:16:27","slug":"hiking-trails-in-barahona-dominican-republic-cachote-mountains-tropical-fruits-swim","status":"publish","type":"product","link":"https:\/\/www.boattoursamana.com\/fi\/kiertue\/vaellusreitit-barahonassa-dominikaaninen-julkinen-cachote-vuoristo-trooppiset-hedelmat-uinti-2","title":{"rendered":"Patikointireittej\u00e4 Barahona (Dominikaaninen tasavalta). Cachote-vuoret, trooppiset hedelm\u00e4t ja uinti"},"content":{"rendered":"<div class=\"vc_row wpb_row vc_row-fluid\" ><div class=\"wpb_column vc_column_container vc_col-sm-12\"><div class=\"vc_column-inner\"><div class=\"wpb_wrapper\">\n\t<div class=\"wpb_text_column wpb_content_element\" >\n\t\t<div class=\"wpb_wrapper\">\n\t\t\t<p><span style=\"vertical-align: inherit;\"><span style=\"vertical-align: inherit;\"><\/p>\n\n\t\t<\/div>\n\t<\/div>\n<div class=\"vc_btn3-container vc_btn3-inline\" ><button class=\"vc_general vc_btn3 vc_btn3-size-md vc_btn3-shape-rounded vc_btn3-style-modern vc_btn3-color-green\">VARAA NYT<\/button><\/div>\n\t<div class=\"wpb_text_column wpb_content_element\" >\n\t\t<div class=\"wpb_wrapper\">\n\t\t\t<p><\/span><\/span><\/p>\n<div class=\"vc_row wpb_row vc_row-fluid\">\n<div class=\"wpb_column vc_column_container vc_col-sm-12\">\n<div class=\"vc_column-inner\">\n<div class=\"wpb_wrapper\">\n<div class=\"mkdf-section-title-holder\">\n<div class=\"mkdf-st-inner\">\n<h5 class=\"mkdf-st-subtitle\">Cachote-vuoret, trooppiset hedelm\u00e4t ja uinti<\/h5>\n<h3 class=\"mkdf-st-title\">Vaellusreitit Barahonassa (Dominikaaninen tasavalta).<\/h3>\n<\/div>\n<\/div>\n<\/div>\n<\/div>\n<\/div>\n<\/div>\n<div class=\"vc_row wpb_row vc_row-fluid\">\n<div class=\"wpb_column vc_column_container vc_col-sm-12\">\n<div class=\"vc_column-inner\">\n<div class=\"wpb_wrapper\">\n<div class=\"wpb_text_column wpb_content_element\">\n<div class=\"wpb_wrapper\">\n<h4><b><i>Yleiskatsaus<\/i><\/b><\/h4>\n<p>Nauti vaellusp\u00e4iv\u00e4st\u00e4 Cachoten vuoristossa Barahonassa. Alkaen Paraiso Communityst\u00e4. Tutustutaan kahviviljelm\u00e4alueisiin. Uinti luonnonl\u00e4hteiss\u00e4 ja yksi Dominikaanisen tasavallan kauneimmista rannoista luonnonkauniilla kuvilla.<\/p>\n<h4><b>Sis\u00e4llytykset ja poissulkemiset<\/b><\/h4>\n<p>&nbsp;<\/p>\n<p><b>Sis\u00e4llytykset<\/b><\/p>\n<ol>\n<li>Paikallinen opas, jolla on turvallisuuskokemusta alueelta.<\/li>\n<li>Yksityinen kuljetus pienille ryhmille<\/li>\n<li>Kaikki verot, maksut ja k\u00e4sittelykulut<\/li>\n<li>Nouto \/ kuljetus hotellistasi (Barahona \/ Para\u00edso \/ Los Patos alue)<\/li>\n<li>Paikallinen opas, joka puhuu englantia tai ranskaa<\/li>\n<li>Tyypillinen lounas (voileip\u00e4tyyppinen) ja vesipullo<\/li>\n<li>Paikalliset verot<\/li>\n<li>Vaellus<\/li>\n<li>Luonnolliset altaat<\/li>\n<\/ol>\n<p><b>Poikkeukset<\/b><\/p>\n<ol>\n<li>Juomarahat<\/li>\n<li>Kaikki juomat<\/li>\n<li>Kaikki palvelut, joita ei ole erikseen mainittu<\/li>\n<li>Henkil\u00f6kohtaiset kulut ja vinkit<\/li>\n<\/ol>\n<h4><em><strong>L\u00e4ht\u00f6 &amp; paluu<\/strong><\/em><\/h4>\n<p>Matkustaja saa tapaamispaikan varausprosessin j\u00e4lkeen. Kierrokset alkavat ja p\u00e4\u00e4ttyv\u00e4t tapaamispaikoissa.<\/p>\n<p>Vaikeustaso: Keskivaikea<br \/>\nK\u00e4velyn kesto: 5-6 tuntia<br \/>\nKorkeus: 800 metri\u00e4<br \/>\nL\u00e4ht\u00f6 hotellilta: 08.00<br \/>\nPaluu hotellille: klo 17.00<\/p>\n<h2 class=\"styles__heading___mD4_3\" data-radium=\"true\">Patikointireittej\u00e4 Barahona (Dominikaaninen tasavalta). Cachote-vuoret, trooppiset hedelm\u00e4t ja uinti<\/h2>\n<h4><em>Mit\u00e4 odottaa?<\/em><\/h4>\n<p>Aloitamme t\u00e4m\u00e4n k\u00e4velyn Ojedan kaupungista, joka on kuuluisa erinomaisesta tyypillisten karibialaisten hedelmien ja vihannesten tuotannosta. Matkan varrella voimme maistaa avokadoja, appelsiineja, greippej\u00e4, sitruunoita, guavoja, mangoja, papaijaa, sapoteja ja soursop!<\/p>\n<p>Puolentoista tunnin kiipeilyn j\u00e4lkeen saavutamme vaikuttavan n\u00e4k\u00f6alan Para\u00edson kaupunkiin, Riositolle ja Cachoten korkeille vuorille.<\/p>\n<p>Jatkamme kiipeily\u00e4 kylmemm\u00e4ss\u00e4 ja kosteammassa ilmastossa, kunnes saavumme Barrio Nuevon kaupunkiin, jossa nautimme lounaan.<\/p>\n<p>Iltap\u00e4iv\u00e4ll\u00e4 ylit\u00e4mme upean kahvitilan vuoren huipulla 800 metri\u00e4 merenpinnan yl\u00e4puolella. Sitten laskeudumme 1 tunnin ajan, kunnes saavutamme Riositon rotkon, jossa voimme kylpe\u00e4 kauniissa luonnonaltaassa, jota ymp\u00e4r\u00f6i trooppinen mets\u00e4.<\/p>\n<p>Jatka k\u00e4vely\u00e4 Riositon laakson l\u00e4pi p\u00e4\u00e4tt\u00e4\u00e4ksesi p\u00e4iv\u00e4n uimisesta Paraison rannalla.<\/p>\n<h4><em><strong>Mit\u00e4 kannattaa ottaa mukaan?<\/strong><\/em><\/h4>\n<ul>\n<li>Kamera<\/li>\n<li>Hylkiv\u00e4 silmut<\/li>\n<li>Aurinkovoide<\/li>\n<li>WC<\/li>\n<li>Hattu<\/li>\n<li>Mukavat housut<\/li>\n<li>Vaelluskeng\u00e4t mets\u00e4\u00e4n<\/li>\n<li>Sandaalit kev\u00e4\u00e4n alueille.<\/li>\n<li>Uima-asu<\/li>\n<\/ul>\n<p>&nbsp;<\/p>\n<h4><b><i>Nouto hotelli<\/i><\/b><\/h4>\n<p>T\u00e4lle kiertueelle tarjotaan hotellinouto. Nouto\/kuljetus hotelliltasi (Barahonan\/Paraison\/Los Patoksen alue).<\/p>\n<p><b>Huom:<\/b>\u00a0Jos olet varattu 24 tunnin sis\u00e4ll\u00e4 kiertueen\/retken l\u00e4ht\u00f6ajasta, voimme j\u00e4rjest\u00e4\u00e4 noudon hotellilta. Noutamme vain Barahonan alueilta. Kun osto on valmis, l\u00e4het\u00e4mme sinulle t\u00e4ydelliset yhteystiedot (puhelinnumero, s\u00e4hk\u00f6postiosoite jne.) paikallista opastamme varten noutoj\u00e4rjestelyjen j\u00e4rjest\u00e4miseksi.<\/p>\n<h4><b><i>Lis\u00e4tietoja Vahvistus<\/i><\/b><\/h4>\n<ol>\n<li>Liput ovat kuitti maksettuasi t\u00e4m\u00e4n Tour. Voit n\u00e4ytt\u00e4\u00e4 maksun puhelimellasi.<\/li>\n<li>Tapaamispaikka vastaanotetaan Varausprosessin j\u00e4lkeen.<\/li>\n<li>Lasten mukana on oltava aikuinen.<\/li>\n<li>Ei esteet\u00f6n py\u00f6r\u00e4tuolilla<\/li>\n<li>Pikkulasten on istuttava syliss\u00e4<\/li>\n<li>Ei suositella matkustajille, joilla on selk\u00e4vaivoja<\/li>\n<li>Ei suositella raskaana oleville matkustajille<\/li>\n<li>Ei syd\u00e4nongelmia tai muita vakavia sairauksia<\/li>\n<li>Useimmat matkustajat voivat osallistua<\/li>\n<\/ol>\n<h4><b><i>Peruutusehdot<\/i><\/b><\/h4>\n<p>Saat t\u00e4yden hyvityksen peruuttamalla v\u00e4hint\u00e4\u00e4n 72 tuntia ennen kokemuksen alkamisp\u00e4iv\u00e4\u00e4. Varat menetet\u00e4\u00e4n, jos varaus peruutetaan samana matkap\u00e4iv\u00e4n\u00e4.<\/p>\n<\/div>\n<\/div>\n<\/div>\n<\/div>\n<\/div>\n<\/div>\n\n\t\t<\/div>\n\t<\/div>\n<\/div><\/div><\/div><\/div><div class=\"wpb_column vc_column_container vc_col-sm-12\"><div class=\"vc_column-inner\"><div class=\"wpb_wrapper\"><\/div><\/div><\/div><div class=\"wpb_column vc_column_container vc_col-sm-12\"><div class=\"vc_column-inner\"><div class=\"wpb_wrapper\"><\/div><\/div><\/div>","protected":false},"excerpt":{"rendered":"<p>Osta p\u00e4iv\u00e4liput Bahia las Aguilasiin Barahonalta. Aja Jaraguan kansallispuiston l\u00e4pi ja suuntaa Cabo Rojolle, jossa sinua odottaa vene. 15 minuutin venematkan j\u00e4lkeen saavut kauniille ja eristetylle Bah\u00eda de las \u00c1guilasille, jota pidet\u00e4\u00e4n maan kauneimpana rannana. Lounas tarjoillaan rannalla ja sinulla on mahdollisuus k\u00e4yd\u00e4 uimassa tai vain rentoutua rannalla. Nauti t\u00e4m\u00e4n 8 km pitk\u00e4n rannan koskemattoman valkoisesta hiekasta.<\/p>\n<p>&nbsp;<\/p>\n<p><strong>Valitse p\u00e4iv\u00e4 t\u00e4lle matkalle:<\/strong><\/p>","protected":false},"featured_media":11651,"template":"","meta":[],"product_cat":[160,847],"product_tag":[850,566,849,848],"class_list":["post-11778","product","type-product","status-publish","has-post-thumbnail","hentry","product_cat-lunch","product_cat-barahona","product_tag-barahona-hiking","product_tag-barahona-tours","product_tag-cachote-tour","product_tag-paraiso-tour"],"_links":{"self":[{"href":"https:\/\/www.boattoursamana.com\/fi\/wp-json\/wp\/v2\/product\/11778","targetHints":{"allow":["GET"]}}],"collection":[{"href":"https:\/\/www.boattoursamana.com\/fi\/wp-json\/wp\/v2\/product"}],"about":[{"href":"https:\/\/www.boattoursamana.com\/fi\/wp-json\/wp\/v2\/types\/product"}],"wp:featuredmedia":[{"embeddable":true,"href":"https:\/\/www.boattoursamana.com\/fi\/wp-json\/wp\/v2\/media\/11651"}],"wp:attachment":[{"href":"https:\/\/www.boattoursamana.com\/fi\/wp-json\/wp\/v2\/media?parent=11778"}],"wp:term":[{"taxonomy":"product_cat","embeddable":true,"href":"https:\/\/www.boattoursamana.com\/fi\/wp-json\/wp\/v2\/product_cat?post=11778"},{"taxonomy":"product_tag","embeddable":true,"href":"https:\/\/www.boattoursamana.com\/fi\/wp-json\/wp\/v2\/product_tag?post=11778"}],"curies":[{"name":"wp","href":"https:\/\/api.w.org\/{rel}","templated":true}]}}