{"id":12627,"date":"2021-07-23T06:32:47","date_gmt":"2021-07-23T06:32:47","guid":{"rendered":"https:\/\/www.ticketswhales.com\/?post_type=product&#038;p=12627"},"modified":"2023-10-06T11:10:45","modified_gmt":"2023-10-06T11:10:45","slug":"hike-kayak-los-haitises-national-park-from-bayahibe","status":"publish","type":"product","link":"https:\/\/www.boattoursamana.com\/fi\/kiertue\/vaellus-kajakki-los-haitisesin-kansallispuisto-bayahibesta-kasin-2","title":{"rendered":"Vaellus + melonta Los Haitisesin kansallispuistossa Bayahibesta k\u00e4sin"},"content":{"rendered":"<div class=\"vc_row wpb_row vc_row-fluid\" ><div class=\"wpb_column vc_column_container vc_col-sm-12\"><div class=\"vc_column-inner\"><div class=\"wpb_wrapper\"><div class=\"vc_btn3-container vc_btn3-inline\" ><a class=\"vc_general vc_btn3 vc_btn3-size-md vc_btn3-shape-rounded vc_btn3-style-modern vc_btn3-color-green\" href=\"https:\/\/bookingadventures.tours\/booking.php?tour_id=4d91e5052701a6dae872e0b48e830d4f\" title=\"\" rel=\"noopener\">VARAA NYT<\/a><\/div>\n\t<div class=\"wpb_text_column wpb_content_element\" >\n\t\t<div class=\"wpb_wrapper\">\n\t\t\t<p><span style=\"vertical-align: inherit;\"><span style=\"vertical-align: inherit;\"><\/p>\n\n\t\t<\/div>\n\t<\/div>\n<\/div><\/div><\/div><\/div><div class=\"vc_row wpb_row vc_row-fluid\" ><div class=\"wpb_column vc_column_container vc_col-sm-12\"><div class=\"vc_column-inner\"><div class=\"wpb_wrapper\">\n\t<div class=\"wpb_text_column wpb_content_element\" >\n\t\t<div class=\"wpb_wrapper\">\n\t\t\t<p>\u00a0<\/span><\/span><\/p>\n<h4><b><i><span style=\"vertical-align: inherit;\"><span style=\"vertical-align: inherit;\">Yleinen n\u00e4kym\u00e4 <\/span><\/span><\/i><\/b><\/h4>\n<p>T\u00e4m\u00e4 vaellusreitti + melontaretki alkaa Juan Doliosta kuljetuksella hotelleista. T\u00e4m\u00e4n j\u00e4lkeen saavumme puistoon, jossa vaeltelemme noin 2 tuntia pitkin Kosteaa mets\u00e4\u00e4 Los Haitisesin kansallispuistossa. Opit t\u00e4m\u00e4n alueen l\u00e4\u00e4kekasveista, n\u00e4et leve\u00e4lehtisten metsien perus- ja toissijaiset Los Haitisesin kansallispuiston vuoret ja saavutat samalla Jivales-joen l\u00e4hteen, josta Eco-lodge Ca\u00f1o Hondon luonnollisten altaiden vedet. Sitten otamme turvallisuutesi edellytt\u00e4m\u00e4t varusteet (pelastusliivit jne.), kajakit ja mangrove-suiden l\u00e4pi kulkemisen. N\u00e4et lintujen t\u00e4ytt\u00e4mi\u00e4 mangrovemetsi\u00e4, vehre\u00e4n kasvillisuuden kumpuilevia kukkuloita. Mangrovemetsien ja Landin l\u00e4pi avoimella San Lorenzon lahdella, josta voit kuvata karua mets\u00e4maisemaa.<\/p>\n<p>T\u00e4m\u00e4n kokemuksen j\u00e4lkeen p\u00e4\u00e4set takaisin Cano Hondoon tai Sabana de la mariin takaisin Bayahiben alueille.<\/p>\n<ul>\n<li style=\"font-weight: 400;\">Maksut sis\u00e4ltyv\u00e4t<\/li>\n<li>Los Haitisesin kansallispuisto Vaellusmatka<\/li>\n<li style=\"font-weight: 400;\"><span style=\"font-weight: 400;\">Oppaassa annetaan ohjeita ja valvontaa<\/span><\/li>\n<\/ul>\n<p>&nbsp;<\/p>\n<h4><b>Sis\u00e4llytykset ja poissulkemiset<\/b><\/h4>\n<p>&nbsp;<\/p>\n<p><b>Sis\u00e4llytykset<\/b><\/p>\n<p>&nbsp;<\/p>\n<ol>\n<li style=\"font-weight: 400;\">Los Haitisesin kansallispuisto<\/li>\n<li>Vaellus + melonta<\/li>\n<li style=\"font-weight: 400;\"><span style=\"font-weight: 400;\">Kaikki verot, maksut ja k\u00e4sittelykulut<\/span><\/li>\n<li style=\"font-weight: 400;\"><span style=\"font-weight: 400;\">Paikalliset verot<\/span><\/li>\n<li style=\"font-weight: 400;\"><span style=\"font-weight: 400;\">Juomat<\/span><\/li>\n<li style=\"font-weight: 400;\"><span style=\"font-weight: 400;\">Kaikki toiminnot<\/span><\/li>\n<li style=\"font-weight: 400;\"><span style=\"font-weight: 400;\">Paikallinen opas<\/span><\/li>\n<li><span style=\"font-weight: 400;\">Siirto<\/span><\/li>\n<li>Lounas paikallisten kanssa<\/li>\n<\/ol>\n<p><b> Poikkeukset<\/b><\/p>\n<ol>\n<li style=\"font-weight: 400;\"><span style=\"font-weight: 400;\">Juomarahat<\/span><\/li>\n<li style=\"font-weight: 400;\"><span style=\"font-weight: 400;\">Alkoholijuomat<\/span><\/li>\n<\/ol>\n<p>&nbsp;<\/p>\n<h4><em><strong>L\u00e4ht\u00f6 &amp; paluu<\/strong><\/em><\/h4>\n<p><span style=\"font-weight: 400;\">Matkustaja saa kohtaamispaikan varausprosessin j\u00e4lkeen. Kierrokset alkavat ja p\u00e4\u00e4ttyv\u00e4t kohtaamispisteiss\u00e4mme.<\/span><\/p>\n<p>&nbsp;<\/p>\n<h2>Vaellus + melonta Los Haitisesin kansallispuistossa Bayahibesta k\u00e4sin<\/h2>\n<h4><b><i>Mit\u00e4 odottaa?<\/i><\/b><\/h4>\n<p>Kansallispuiston nimi tulee sen alkuper\u00e4isilt\u00e4 asukkailta, taino-intiaaneilta. Heid\u00e4n kielell\u00e4\u00e4n \"Haitises\" tarkoittaa yl\u00e4nk\u00f6\u00e4 tai kukkuloita, mik\u00e4 viittaa rannikon jyrkkiin geologisiin muodostelmiin, joissa on kalkkikivi\u00e4. Melontaan menee 2 tuntia.<\/p>\n<p>Historiasta ja luonnosta oppiminen paikallisten kanssa ohjaa oppaita, jotka kasvavat ymp\u00e4rist\u00f6nsuojelijaksi ja vapaaehtoisiksi t\u00e4ll\u00e4 projektialueella. &quot;Booking Adventuresin&quot; j\u00e4rjest\u00e4m\u00e4 kiertue alkaa matkaoppaan kanssa sovitusta kohtaamispaikasta.<\/p>\n<p>Kun olet k\u00e4vellyt aluksi peltojen ja viljelysmaiden l\u00e4pi, alat k\u00e4vell\u00e4 kookos- ja kaakaomets\u00e4n l\u00e4pi.  P\u00e4\u00e4set joka minuutti Los Haitisesin kansallispuiston ensisijaisen ja ainutlaatuisen suojelumets\u00e4alueen sis\u00e4lle. Tule Booking Adventuresin kanssa ja aloita er\u00e4iden endeemisten lintu-, nis\u00e4k\u00e4s- ja kasvilajien, rehev\u00e4n kasvillisuuden kumpuilevien kukkuloiden ja luolien tarkastaminen. <em><strong>Los Haitisesin kansallispuisto<\/strong><\/em>.<\/p>\n<div class=\"body-description secondary\">\n<p>Kansallispuiston nimi tulee sen alkuper\u00e4isasukkaiden, taino-intiaanien, mukaan. Heid\u00e4n kielell\u00e4\u00e4n \"Haitises\" tarkoittaa yl\u00e4nk\u00f6\u00e4 tai kukkuloita, mik\u00e4 viittaa rannikon jyrkkiin geologisiin muodostelmiin, joissa on kalkkikivi\u00e4. Seikkaile syvemm\u00e4lle puistoon ja tutustu luoliin, kuten esimerkiksi <em><strong>Cueva de la Arena<\/strong><\/em> ja <strong><em>Cueva de la L\u00ednea. Voit yhdist\u00e4\u00e4 veneretken vaellusretkeen. Ota meihin yhteytt\u00e4.<\/em><\/strong><\/p>\n<p>Taino-intiaanit ja my\u00f6hemmin piilossa olevat merirosvot k\u00e4yttiv\u00e4t suojelualueen luolia suojana. Etsi intialaisten piirustuksia, jotka koristavat joitain seini\u00e4. Sademets\u00e4ss\u00e4 on yli 700 sataa kasvilajia, pyrimme opettamaan vierailijoille kaikki tuntemamme l\u00e4\u00e4kekasvit t\u00e4ll\u00e4 vaellusreitill\u00e4.<\/p>\n<p>Tule oppimaan, patikoimaan ja nauttimaan Los Haitisesin kansallispuiston todellisesta luonnosta.<\/p>\n<\/div>\n<p>&nbsp;<\/p>\n<h4><em><strong>Mit\u00e4 kannattaa ottaa mukaan?<\/strong><\/em><\/h4>\n<ul>\n<li style=\"font-weight: 400;\"><span style=\"font-weight: 400;\">Kamera<\/span><\/li>\n<li style=\"font-weight: 400;\"><span style=\"font-weight: 400;\">Hylkiv\u00e4 silmut<\/span><\/li>\n<li style=\"font-weight: 400;\"><span style=\"font-weight: 400;\">Aurinkovoide<\/span><\/li>\n<li style=\"font-weight: 400;\"><span style=\"font-weight: 400;\">Hattu<\/span><\/li>\n<li style=\"font-weight: 400;\"><span style=\"font-weight: 400;\">Mukavat housut<\/span><\/li>\n<li style=\"font-weight: 400;\"><span style=\"font-weight: 400;\">Vaelluskeng\u00e4t mets\u00e4\u00e4n<\/span><\/li>\n<li style=\"font-weight: 400;\"><span style=\"font-weight: 400;\">Sandaalit kev\u00e4\u00e4n alueille.<\/span><\/li>\n<li style=\"font-weight: 400;\"><span style=\"font-weight: 400;\">Uima-asu<\/span><\/li>\n<\/ul>\n<p>&nbsp;<\/p>\n<h4><b><i>Hotellin nouto <\/i><\/b><\/h4>\n<p><span style=\"font-weight: 400;\">Hotellin nouto on tarjolla t\u00e4lle kiertueelle.\u00a0<\/span><\/p>\n<p><b>Huom:<\/b><span style=\"font-weight: 400;\"> Jos teet varauksen 24 tunnin sis\u00e4ll\u00e4 kiertueen\/retken l\u00e4ht\u00f6ajasta, voimme j\u00e4rjest\u00e4\u00e4 noudon Juan Dolion alueilta. Kun osto on valmis, l\u00e4het\u00e4mme sinulle t\u00e4ydelliset yhteystiedot (puhelinnumero, s\u00e4hk\u00f6postiosoite jne.) paikallista opastamme varten noutoj\u00e4rjestelyjen j\u00e4rjest\u00e4miseksi.<\/span><\/p>\n<h4><b><i>Lis\u00e4tietoja Vahvistus <\/i><\/b><\/h4>\n<ol>\n<li>Liput ovat kuitti, kun olet maksanut t\u00e4st\u00e4 kiertueesta. Voit n\u00e4ytt\u00e4\u00e4 maksun puhelimellasi.<\/li>\n<li style=\"font-weight: 400;\"><span style=\"font-weight: 400;\">Kokouspaikka saadaan varausprosessin j\u00e4lkeen.<\/span><\/li>\n<li style=\"font-weight: 400;\"><span style=\"font-weight: 400;\">Lasten mukana on oltava aikuinen.<\/span><\/li>\n<li style=\"font-weight: 400;\"><span style=\"font-weight: 400;\"> Ei esteet\u00f6n py\u00f6r\u00e4tuolilla <\/span><\/li>\n<li style=\"font-weight: 400;\"><span style=\"font-weight: 400;\">Pikkulasten on istuttava syliss\u00e4 <\/span><\/li>\n<li style=\"font-weight: 400;\"><span style=\"font-weight: 400;\">Ei suositella matkustajille, joilla on selk\u00e4vaivoja<\/span><\/li>\n<li style=\"font-weight: 400;\"><span style=\"font-weight: 400;\">Ei suositella raskaana oleville matkustajille <\/span><\/li>\n<li style=\"font-weight: 400;\"><span style=\"font-weight: 400;\"> Ei syd\u00e4nongelmia tai muita vakavia sairauksia <\/span><\/li>\n<li style=\"font-weight: 400;\"><span style=\"font-weight: 400;\">Useimmat matkustajat voivat osallistua<\/span><\/li>\n<\/ol>\n<h4><b><i>Peruutusehdot<\/i><\/b><\/h4>\n<p>Jos haluat t\u00e4yden hyvityksen, lue peruutusk\u00e4yt\u00e4nt\u00f6mme.\u00a0<a href=\"https:\/\/www.boattoursamana.com\/fi\/online-varaukset\/\" target=\"_blank\" rel=\"noopener\" data-saferedirecturl=\"https:\/\/www.google.com\/url?q=https:\/\/www.boattoursamana.com\/online-booking\/&amp;source=gmail&amp;ust=1672449202351000&amp;usg=AOvVaw1yAeVAPktmaVCqDujgUn90\">Klikkaa t\u00e4st\u00e4<\/a>. Varat menetet\u00e4\u00e4n, jos varaus peruutetaan samana matkap\u00e4iv\u00e4n\u00e4.<\/p>\n\n\t\t<\/div>\n\t<\/div>\n<\/div><\/div><\/div><\/div><div class=\"vc_row wpb_row vc_row-fluid\" ><\/div><div class=\"wpb_column vc_column_container vc_col-sm-12\"><div class=\"vc_column-inner\"><div class=\"wpb_wrapper\"><\/div><\/div><\/div><div class=\"vc_empty_space\"   style=\"height: 32px\"><span class=\"vc_empty_space_inner\"><\/span><\/div><div class=\"vc_empty_space\"   style=\"height: 32px\"><span class=\"vc_empty_space_inner\"><\/span><\/div><div class=\"vc_row wpb_row vc_row-fluid\" ><div class=\"wpb_column vc_column_container vc_col-sm-12\"><div class=\"vc_column-inner\"><div class=\"wpb_wrapper\">\n\t<div class=\"wpb_video_widget wpb_content_element vc_clearfix   vc_video-aspect-ratio-169 vc_video-el-width-100 vc_video-align-left\" >\n\t\t<div class=\"wpb_wrapper\">\n\t\t\t<h2 class=\"wpb_heading wpb_video_heading\">Kajakki Los Haitises <\/h2>\n\t\t\t<div class=\"wpb_video_wrapper\"><iframe loading=\"lazy\" title=\"Melonta- ja luolaretki Los Haitisesin kansallispuistossa, Dominikaanisessa tasavallassa\" width=\"1100\" height=\"619\" src=\"https:\/\/www.youtube.com\/embed\/ucU1uwB57wQ?feature=oembed\" frameborder=\"0\" allow=\"accelerometer; autoplay; clipboard-write; encrypted-media; gyroscope; picture-in-picture; web-share\" allowfullscreen><\/iframe><\/div>\n\t\t<\/div>\n\t<\/div>\n<div class=\"vc_btn3-container vc_btn3-inline\" ><a class=\"vc_general vc_btn3 vc_btn3-size-md vc_btn3-shape-rounded vc_btn3-style-modern vc_btn3-color-green\" href=\"https:\/\/bookingadventures.tours\/booking.php?tour_id=4d91e5052701a6dae872e0b48e830d4f\" title=\"\" rel=\"noopener\">VARAA NYT<\/a><\/div><\/div><\/div><\/div><\/div>","protected":false},"excerpt":{"rendered":"<div>3 tunnin vaellus ja kajakki mangrovemetsiss\u00e4 Los Haitisesin kansallispuistossa paikallisen oppaan kanssa Sabana de la Marista. Vierailu sademets\u00e4n, kookosp\u00e4hkin\u00f6iden, kahvin ja kaakaon alueilla. Opi Los Haitisesin kansallispuiston alkuper\u00e4isest\u00e4 historiasta.<\/div>\n<div><\/div>\n<div>Valitse vaellusretken p\u00e4iv\u00e4m\u00e4\u00e4r\u00e4:<\/div>","protected":false},"featured_media":9808,"template":"","meta":[],"product_cat":[456,946,178,927,934,254,255],"product_tag":[422,268,174,173,577,576,571,570,569,317,316,206,899,209,575,441,574,572,499,175,498,200,187,573],"class_list":["post-12627","product","type-product","status-publish","has-post-thumbnail","hentry","product_cat-day-trips","product_cat-1-sabana-de-la-mar","product_cat-hiking","product_cat-hiking-los-haitises","product_cat-kayaking-los-haitises","product_cat-tours-excursions-los-haitises-national-park","product_cat-tours-excursions-samana-bay-dominican-republic","product_tag-cano-hondo-sabana-de-la-mar","product_tag-caves-los-haitises","product_tag-eco-tours","product_tag-excursion","product_tag-hike-kayak","product_tag-hike-kayak-los-haitises-national-park","product_tag-hiking-los-haitises","product_tag-hiking-sabana-de-la-mar","product_tag-hiking-samana","product_tag-kayak-tour","product_tag-kayaking","product_tag-kayaking-los-haitises","product_tag-los-haitises-juan-dolio","product_tag-los-haitises-national-park","product_tag-los-haitises-national-park-entrance-fee","product_tag-los-haitises-national-park-tour-from-las-terrenas","product_tag-los-haitises-national-park-tour-from-santo-domingo","product_tag-los-haitises-national-park-weather","product_tag-los-haitises-sabana-de-la-mar","product_tag-sabana-de-la-mar","product_tag-sabana-de-la-mar-tour","product_tag-samana-excursions","product_tag-samana-tours","product_tag-secrets-of-los-haitises"],"_links":{"self":[{"href":"https:\/\/www.boattoursamana.com\/fi\/wp-json\/wp\/v2\/product\/12627","targetHints":{"allow":["GET"]}}],"collection":[{"href":"https:\/\/www.boattoursamana.com\/fi\/wp-json\/wp\/v2\/product"}],"about":[{"href":"https:\/\/www.boattoursamana.com\/fi\/wp-json\/wp\/v2\/types\/product"}],"wp:featuredmedia":[{"embeddable":true,"href":"https:\/\/www.boattoursamana.com\/fi\/wp-json\/wp\/v2\/media\/9808"}],"wp:attachment":[{"href":"https:\/\/www.boattoursamana.com\/fi\/wp-json\/wp\/v2\/media?parent=12627"}],"wp:term":[{"taxonomy":"product_cat","embeddable":true,"href":"https:\/\/www.boattoursamana.com\/fi\/wp-json\/wp\/v2\/product_cat?post=12627"},{"taxonomy":"product_tag","embeddable":true,"href":"https:\/\/www.boattoursamana.com\/fi\/wp-json\/wp\/v2\/product_tag?post=12627"}],"curies":[{"name":"wp","href":"https:\/\/api.w.org\/{rel}","templated":true}]}}