{"id":12749,"date":"2021-08-25T07:19:45","date_gmt":"2021-08-25T07:19:45","guid":{"rendered":"https:\/\/www.ticketswhales.com\/?post_type=product&#038;p=12749"},"modified":"2023-11-06T13:28:29","modified_gmt":"2023-11-06T13:28:29","slug":"las-7-playas-escondidas-de-samana-the-7-hidden-beaches-in-samana","status":"publish","type":"product","link":"https:\/\/www.boattoursamana.com\/fi\/kiertue\/las-7-playas-escondidas-de-samana-samanan-7-piilotettu-partaat-samanassa","title":{"rendered":"Las Galeras: Las 7 Playas Escondidas de Saman\u00e1 - Saman\u00e1n 7 piilotettua rantaa: Las 7 Playas Escondidas de Saman\u00e1 - The 7 Hidden Beaches in Saman\u00e1"},"content":{"rendered":"<div class=\"vc_row wpb_row vc_row-fluid\" ><div class=\"wpb_column vc_column_container vc_col-sm-12\"><div class=\"vc_column-inner\"><div class=\"wpb_wrapper\"><div class=\"vc_btn3-container vc_btn3-inline\" ><button class=\"vc_general vc_btn3 vc_btn3-size-md vc_btn3-shape-rounded vc_btn3-style-modern vc_btn3-color-green\">VARAA NYT<\/button><\/div><div class=\"mkdf-section-title-holder\" style=\"text-align: left\">\n\t<div class=\"mkdf-st-inner\">\n\t\t\t\t\t<h5 class=\"mkdf-st-subtitle\" >\n\t\t\t\tLounas, veneajelu ja yksityinen kuljetus hotellilta.\t\t\t<\/h5>\n\t\t\t\t\t\t\t<h3 class=\"mkdf-st-title\" >\n\t\t\t\tPlaya Rinc\u00f3n, Playa Fronton + Playa Madame Beach, Saman\u00e1 - Dominikaaninen tasavalta.\t\t\t<\/h3>\n\t\t\t\t\t<\/div>\n<\/div>\n\t<div class=\"wpb_text_column wpb_content_element\" >\n\t\t<div class=\"wpb_wrapper\">\n\t\t\t<h3>Playa Calet\u00f3n, Playa Escondida, Playa Colorado, Playa del Amor, Playa La Vaca, Playa la Playita Playa Brem\u00e1n.<\/h3>\n<h4><b><i>Yleiskatsaus <\/i><\/b><\/h4>\n<p>Yksi Saman\u00e1n niemimaan kauneimmista retkist\u00e4.<\/p>\n<p><span class=\"Y2IQFc\" lang=\"en\">Saman\u00e1n 7 piilotettua rantaa sijaitsevat Saman\u00e1n niemimaalla ja s\u00e4ilytt\u00e4v\u00e4t kauniita historian salaisuuksia, ja tiet\u00e4en n\u00e4m\u00e4 paikat edist\u00e4mme my\u00f6s paikallista taloutta, joka on elint\u00e4rke\u00e4 ihmisten toimeentulon kannalta.<\/span><\/p>\n<p>Anna ainutlaatuinen tunnelma vierailemalla 7 rannat veneell\u00e4, My\u00f6s vaellus yksi pieni luola rannikolla. Jotkut rannat ovat vain saavutettavissa veneell\u00e4 ymp\u00e4r\u00f6i koralliriutta, jonka ymp\u00e4rill\u00e4 voit snorklailla, uida kalojen kanssa ja l\u00f6yt\u00e4\u00e4 sen koralleja ja rentoutua ja nauttia h\u00e4mm\u00e4stytt\u00e4v\u00e4st\u00e4 maisemasta. Rentoutuminen, uinti, ja sitten l\u00e4ht\u00f6 Playa colorado, toinen ja eristetty t\u00e4ydellinen ranta snorklausta, jossa voit my\u00f6s k\u00e4yd\u00e4 luolassa ja ottaa upeita videoita tai valokuvia mahtavia muistoja.<\/p>\n<p>Lounasta varpaat hiekassa Merenguen ja Bachatan tahtiin El Paraisossa - viimeisess\u00e4 ravintolassa ennen viidakkoa - jossa sinulle tarjoillaan t\u00e4ydellinen ateria, mukaan lukien kalaruoka, sek\u00e4 paikallisia juomia ja cocktaileja. Paluumatkalla pys\u00e4hdymme El Rinconin rannalla, josta l\u00f6yd\u00e4t luonnonhelmen, jota pidet\u00e4\u00e4n yhten\u00e4 maan kauneimmista rannoista. Valkoinen, hieno hiekka, turkoosi meri ja metrin korkuiset palmut puhuvat puolestaan.<\/p>\n<p>&nbsp;<\/p>\n<ul>\n<li><span style=\"font-weight: 400;\">Paikallinen opas, jolla on turvallisuuskokemusta alueelta.<\/span><\/li>\n<li style=\"font-weight: 400;\">Maksut sis\u00e4ltyv\u00e4t<\/li>\n<li>Lounas rannalla<\/li>\n<li>Veneajelu<\/li>\n<li style=\"font-weight: 400;\">Paikallinen matkaopas espanjaksi, englanniksi tai ranskaksi.<\/li>\n<li>Vaellus<\/li>\n<li>uinti<\/li>\n<\/ul>\n<p>&nbsp;<\/p>\n<h4><b>Sis\u00e4llytykset ja poissulkemiset<\/b><\/h4>\n<p>&nbsp;<\/p>\n<p><b>Sis\u00e4llytykset<\/b><\/p>\n<ol>\n<li><span style=\"font-weight: 400;\">Paikallinen opas, jolla on turvallisuuskokemusta alueelta.<\/span><\/li>\n<li style=\"font-weight: 400;\">El Rinconin ranta<\/li>\n<li>Colorado Beach<\/li>\n<li>La Playitan ranta<\/li>\n<li>La Vacan ranta<\/li>\n<li>Breman Beach<\/li>\n<li>Mariano Beach<\/li>\n<li>Caleton Beach<\/li>\n<li style=\"font-weight: 400;\"><span style=\"font-weight: 400;\">Kaikki verot, maksut ja k\u00e4sittelykulut<\/span><\/li>\n<li style=\"font-weight: 400;\"><span style=\"font-weight: 400;\">Paikalliset verot<\/span><\/li>\n<li>Lounas rannalla<\/li>\n<li>Vaellus<\/li>\n<li style=\"font-weight: 400;\"><span style=\"font-weight: 400;\">Kaikki toiminnot<\/span><\/li>\n<\/ol>\n<p><b> Poikkeukset<\/b><\/p>\n<ol>\n<li style=\"font-weight: 400;\"><span style=\"font-weight: 400;\">Juomarahat<\/span><\/li>\n<\/ol>\n<h4><em><strong>L\u00e4ht\u00f6 &amp; paluu<\/strong><\/em><\/h4>\n<p><span style=\"font-weight: 400;\">Matkustaja saa tapaamispaikan varausprosessin j\u00e4lkeen. Kierrokset alkavat ja p\u00e4\u00e4ttyv\u00e4t tapaamispaikoissa.<\/span><\/p>\n<h3>Playa Calet\u00f3n, Playa Escondida, Playa Colorado, Playa del Amor, Playa La Vaca, Playa la Playita Playa Brem\u00e1n.<\/h3>\n<h4><b><i>Mit\u00e4 odottaa?<\/i><\/b><\/h4>\n<p><em><strong>Hanki liput<\/strong><\/em> 7 ainutlaatuisinta rantaa Dominikaanisessa tasavallassa.  L\u00e4ht\u00f6matka kokouspaikka on Las Galerasin alueella vaellus ja uinti yhdess\u00e4 p\u00e4iv\u00e4ss\u00e4 7 rantaa plus el Rinconin ranta.  Ensin k\u00e4ymme Duarten luolassa, patikoimassa ja katsomassa kauneinta luolaa Las Galerasissa. T\u00e4m\u00e4 luola on 900 metri\u00e4, jossa on 2 eri sis\u00e4\u00e4nk\u00e4ynti\u00e4, jotta v\u00e4ltyt\u00e4\u00e4n toistamasta samoja maisemia.<\/p>\n<p>Luolassa k\u00e4ynnin j\u00e4lkeen palaamme pikaveneeseen ja k\u00e4ymme Playa Caletonissa, joka on yksi Samanan mainituimmista rannoista kirkkaiden vesiens\u00e4 vuoksi. Uimme ja nautimme ensin t\u00e4st\u00e4 rannasta jatkaaksemme matkaamme Playa del Amoriin.<\/p>\n<p><strong>playa 7<\/strong><\/p>\n<p>Playa Rinc\u00f3n on koskematon kaistale valkoista hiekkaa, joka ulottuu noin 4 kilometrin (2,5 mailin) p\u00e4\u00e4h\u00e4n rannikon rakentamattomalle osalle. T\u00e4t\u00e4 syrj\u00e4ist\u00e4 rantaa reunustaa kookospalmujen reunus, ja sen molemmissa p\u00e4iss\u00e4 on vuorten ja kallioiden huiput, joten se tuntuu todelliselta utopialta, joka on eristyksiss\u00e4 sivilisaatiosta.<\/p>\n<p>El Rinconin rannan j\u00e4lkeen palaamme pikaveneell\u00e4 Las Galerasin tapaamispaikkaan!<\/p>\n<p>\"Booking Adventuresin\" j\u00e4rjest\u00e4m\u00e4 retki alkaa tapaamispaikasta, joka on sovittu matkanjohtajamme kanssa. Tule Booking Adventuresin kanssa sy\u00f6m\u00e4\u00e4n lounasta rannalla ja nauttimaan Samanan, Dominikaanisen tasavallan 7 upeimmasta rannasta.<\/p>\n<div class=\"body-description secondary\">\n<p>&nbsp;<\/p>\n<\/div>\n<h4><em><strong>Mit\u00e4 kannattaa ottaa mukaan?<\/strong><\/em><\/h4>\n<ul>\n<li style=\"font-weight: 400;\"><span style=\"font-weight: 400;\">Kamera<\/span><\/li>\n<li style=\"font-weight: 400;\"><span style=\"font-weight: 400;\">Hylkiv\u00e4 silmut<\/span><\/li>\n<li style=\"font-weight: 400;\"><span style=\"font-weight: 400;\">Aurinkovoide<\/span><\/li>\n<li>Vesi<\/li>\n<li style=\"font-weight: 400;\"><span style=\"font-weight: 400;\">Hattu<\/span><\/li>\n<li style=\"font-weight: 400;\"><span style=\"font-weight: 400;\">Mukavat housut<\/span><\/li>\n<li style=\"font-weight: 400;\"><span style=\"font-weight: 400;\">Vaelluskeng\u00e4t mets\u00e4\u00e4n<\/span><\/li>\n<li style=\"font-weight: 400;\"><span style=\"font-weight: 400;\">Sandaalit kev\u00e4\u00e4n alueille.<\/span><\/li>\n<li style=\"font-weight: 400;\"><span style=\"font-weight: 400;\">Uima-asu<\/span><\/li>\n<\/ul>\n<p>&nbsp;<\/p>\n<h4><b><i>Hotellin nouto <\/i><\/b><\/h4>\n<p><span style=\"font-weight: 400;\">Hotellin nouto ei sis\u00e4lly t\u00e4h\u00e4n retkeen. <\/span><\/p>\n<p>&nbsp;<\/p>\n<p><b>Huom:<\/b><span style=\"font-weight: 400;\"> Jos varaus tehd\u00e4\u00e4n 24 tunnin sis\u00e4ll\u00e4 retken\/retken l\u00e4ht\u00f6ajasta, voimme j\u00e4rjest\u00e4\u00e4 nouto hotellista lis\u00e4maksusta. Me vain noudamme sen Samanan alueelta. Kun ostoksesi on tehty, l\u00e4het\u00e4mme sinulle t\u00e4ydelliset yhteystiedot (puhelinnumero, s\u00e4hk\u00f6postiosoite jne.), jotta paikallinen matkaoppaamme voi j\u00e4rjest\u00e4\u00e4 noutoj\u00e4rjestelyt.<\/span><\/p>\n<h4><b><i>Lis\u00e4tietoja Vahvistus <\/i><\/b><\/h4>\n<ol>\n<li>Liput ovat kuitti maksettuasi t\u00e4m\u00e4n Tour. Voit n\u00e4ytt\u00e4\u00e4 maksun puhelimellasi.<\/li>\n<li style=\"font-weight: 400;\"><span style=\"font-weight: 400;\">Kokouspaikka saadaan varausprosessin j\u00e4lkeen.<\/span><\/li>\n<li style=\"font-weight: 400;\"><span style=\"font-weight: 400;\">Lasten mukana on oltava aikuinen.<\/span><\/li>\n<li style=\"font-weight: 400;\"><span style=\"font-weight: 400;\"> Ei esteet\u00f6n py\u00f6r\u00e4tuolilla <\/span><\/li>\n<li style=\"font-weight: 400;\"><span style=\"font-weight: 400;\">Pikkulasten on istuttava syliss\u00e4 <\/span><\/li>\n<li style=\"font-weight: 400;\"><span style=\"font-weight: 400;\">Ei suositella matkustajille, joilla on selk\u00e4vaivoja<\/span><\/li>\n<li style=\"font-weight: 400;\"><span style=\"font-weight: 400;\">Ei suositella raskaana oleville matkustajille <\/span><\/li>\n<li style=\"font-weight: 400;\"><span style=\"font-weight: 400;\"> Ei syd\u00e4nongelmia tai muita vakavia sairauksia <\/span><\/li>\n<li style=\"font-weight: 400;\"><span style=\"font-weight: 400;\">Useimmat matkustajat voivat osallistua<\/span><\/li>\n<\/ol>\n<h4><b><i>Peruutusehdot<\/i><\/b><\/h4>\n<p>Jos haluat t\u00e4yden hyvityksen, lue peruutusk\u00e4yt\u00e4nt\u00f6mme.\u00a0<a href=\"https:\/\/www.boattoursamana.com\/fi\/online-varaukset\/\" target=\"_blank\" rel=\"noopener\" data-saferedirecturl=\"https:\/\/www.google.com\/url?q=https:\/\/www.boattoursamana.com\/online-booking\/&amp;source=gmail&amp;ust=1672449202351000&amp;usg=AOvVaw1yAeVAPktmaVCqDujgUn90\">Klikkaa t\u00e4st\u00e4<\/a>. Varat menetet\u00e4\u00e4n, jos varaus peruutetaan samana matkap\u00e4iv\u00e4n\u00e4.<\/p>\n\n\t\t<\/div>\n\t<\/div>\n<div class=\"vc_btn3-container vc_btn3-inline\" ><button class=\"vc_general vc_btn3 vc_btn3-size-md vc_btn3-shape-rounded vc_btn3-style-modern vc_btn3-color-green\">VARAA NYT<\/button><\/div><\/div><\/div><\/div><\/div><div class=\"vc_row wpb_row vc_row-fluid\" ><div class=\"wpb_column vc_column_container vc_col-sm-12\"><div class=\"vc_column-inner\"><div class=\"wpb_wrapper\">\n\t<div class=\"wpb_video_widget wpb_content_element vc_clearfix   vc_video-aspect-ratio-169 vc_video-el-width-100 vc_video-align-left\" >\n\t\t<div class=\"wpb_wrapper\">\n\t\t\t<h2 class=\"wpb_heading wpb_video_heading\">Boca del diablo ja Frontonin ranta<\/h2>\n\t\t\t<div class=\"wpb_video_wrapper\"><iframe loading=\"lazy\" title=\"Saman\u00e1 Peninsula, Dominikaaninen tasavalta (DJI Phantom 4 4K)\" width=\"1100\" height=\"619\" src=\"https:\/\/www.youtube.com\/embed\/DYDXVm8Q_iM?feature=oembed\" frameborder=\"0\" allow=\"accelerometer; autoplay; encrypted-media; gyroscope; picture-in-picture\" allowfullscreen><\/iframe><\/div>\n\t\t<\/div>\n\t<\/div>\n<\/div><\/div><\/div><\/div><div class=\"vc_row wpb_row vc_row-fluid\" ><\/div><div class=\"wpb_column vc_column_container vc_col-sm-12\"><div class=\"vc_column-inner\"><div class=\"wpb_wrapper\"><\/div><\/div><\/div><div class=\"vc_empty_space\"   style=\"height: 32px\"><span class=\"vc_empty_space_inner\"><\/span><\/div><div class=\"vc_empty_space\"   style=\"height: 32px\"><span class=\"vc_empty_space_inner\"><\/span><\/div><div class=\"vc_row wpb_row vc_row-fluid\" ><div class=\"wpb_column vc_column_container vc_col-sm-12\"><div class=\"vc_column-inner\"><div class=\"wpb_wrapper\"><div class=\"vc_btn3-container vc_btn3-inline\" ><button class=\"vc_general vc_btn3 vc_btn3-size-md vc_btn3-shape-rounded vc_btn3-style-modern vc_btn3-color-green\">VARAA NYT<\/button><\/div><\/div><\/div><\/div><\/div>","protected":false},"excerpt":{"rendered":"<p>Jos vierailet Samanassa ja haluat todellisen paikallisen vaelluskokemuksen, venematkan ja lounaan Rincon Beachill\u00e4, t\u00e4m\u00e4 on matka, joka sinun on teht\u00e4v\u00e4. Vieraile Samanan 7 piilotetulla rannalla Las Galerasin alueella, jossa voit my\u00f6s vierailla luolassa ja ottaa upeita videoita tai valokuvia upeita muistoja varten.<\/p>\n<p><em><strong>Valitse kiertueen p\u00e4iv\u00e4m\u00e4\u00e4r\u00e4:\u00a0<\/strong><\/em><\/p>","protected":false},"featured_media":9382,"template":"","meta":[],"product_cat":[160,255],"product_tag":[925,204,378,924,923,279,912,377,913,915,916,914,374,918,917,373,379,327,376,375,200,187],"class_list":["post-12749","product","type-product","status-publish","has-post-thumbnail","hentry","product_cat-lunch","product_cat-tours-excursions-samana-bay-dominican-republic","product_tag-boat-trip-las-galeras","product_tag-el-rincon-beach","product_tag-fronton-beach","product_tag-hike-las-galeras","product_tag-hiking-las-galeras","product_tag-las-galeras","product_tag-las-galeras-tour","product_tag-madame-beach","product_tag-playa-caleton","product_tag-playa-colorado","product_tag-playa-del-amor","product_tag-playa-escondida","product_tag-playa-fronton-playa-madame-beach","product_tag-playa-la-playita-playa-breman","product_tag-playa-la-vaca","product_tag-playa-rincon","product_tag-playa-rincon-tours","product_tag-private-tours-samana","product_tag-rincon-beach-tour","product_tag-samana-dominican-republic","product_tag-samana-excursions","product_tag-samana-tours"],"_links":{"self":[{"href":"https:\/\/www.boattoursamana.com\/fi\/wp-json\/wp\/v2\/product\/12749","targetHints":{"allow":["GET"]}}],"collection":[{"href":"https:\/\/www.boattoursamana.com\/fi\/wp-json\/wp\/v2\/product"}],"about":[{"href":"https:\/\/www.boattoursamana.com\/fi\/wp-json\/wp\/v2\/types\/product"}],"wp:featuredmedia":[{"embeddable":true,"href":"https:\/\/www.boattoursamana.com\/fi\/wp-json\/wp\/v2\/media\/9382"}],"wp:attachment":[{"href":"https:\/\/www.boattoursamana.com\/fi\/wp-json\/wp\/v2\/media?parent=12749"}],"wp:term":[{"taxonomy":"product_cat","embeddable":true,"href":"https:\/\/www.boattoursamana.com\/fi\/wp-json\/wp\/v2\/product_cat?post=12749"},{"taxonomy":"product_tag","embeddable":true,"href":"https:\/\/www.boattoursamana.com\/fi\/wp-json\/wp\/v2\/product_tag?post=12749"}],"curies":[{"name":"wp","href":"https:\/\/api.w.org\/{rel}","templated":true}]}}