{"id":12911,"date":"2021-09-01T21:33:32","date_gmt":"2021-09-01T21:33:32","guid":{"rendered":"https:\/\/www.ticketswhales.com\/?post_type=product&#038;p=12911"},"modified":"2023-11-06T10:30:33","modified_gmt":"2023-11-06T10:30:33","slug":"samana-whales-tour-with-bacardi-island-and-limon-waterfall","status":"publish","type":"product","link":"https:\/\/www.boattoursamana.com\/fi\/kiertue\/samana-valaiden-kierros-bacardi-saarella-ja-limon-vesiputouksella","title":{"rendered":"Saman\u00e1 Whales Tour Bacardin saaren ja Lim\u00f3nin vesiputouksen kanssa"},"content":{"rendered":"<div class=\"wpb_column vc_column_container vc_col-sm-12\"><div class=\"vc_column-inner\"><div class=\"wpb_wrapper\"><\/div><\/div><\/div><div class=\"vc_row wpb_row vc_row-fluid\" ><div class=\"wpb_column vc_column_container vc_col-sm-12\"><div class=\"vc_column-inner\"><div class=\"wpb_wrapper\">\n\t<div class=\"wpb_text_column wpb_content_element\" >\n\t\t<div class=\"wpb_wrapper\">\n\t\t\t<div class=\"vc_row wpb_row vc_row-fluid\">\n<div class=\"wpb_column vc_column_container vc_col-sm-12\">\n<div class=\"vc_column-inner\">\n<div class=\"wpb_wrapper\">\n<div class=\"wpb_text_column wpb_content_element\">\n<div class=\"wpb_wrapper\">\n<div class=\"vc_row wpb_row vc_row-fluid\">\n<div class=\"wpb_column vc_column_container vc_col-sm-12\">\n<div class=\"vc_column-inner\">\n<div class=\"wpb_wrapper\">\n<div class=\"wpb_text_column wpb_content_element\">\n<div class=\"wpb_wrapper\">\n<h2>Cayo Levantado ja Safari El limonin vesiputouksille<\/h2>\n<h4><b><i>YLEISKATSAUS \ud83d\udc33<\/i><\/b><\/h4>\n<p>Whale Punta Cana, valaiden katselu Saman\u00e1 Baylla ja vierailu Cayo Levantadolla sek\u00e4 safari El limonin vesiputouksille t\u00e4m\u00e4n kokop\u00e4iv\u00e4retken aikana Punta Canan hotelleista. Matkusta Saman\u00e1 Bayhin mukavassa, ilmastoidussa linja-autossa ja siirry sitten Michesiss\u00e4 katamaraaniveneeseen. Risteile avoimille vesille etsim\u00e4\u00e4n ryh\u00e4valaslaumoja, jotka k\u00e4yv\u00e4t alueella lis\u00e4\u00e4ntym\u00e4ss\u00e4 ja synnytt\u00e4m\u00e4ss\u00e4 vasojaan. Opi n\u00e4iden merinis\u00e4kk\u00e4iden k\u00e4ytt\u00e4ytymisest\u00e4 ja biologiasta asiantuntevalta luonnontieteilij\u00e4oppaaltasi. Jatka Cayo Levantadolle \/ Bacardin saarelle lounaalle rannalla ja pulahda taivaansinisiin vesiin t\u00e4m\u00e4n safariretken j\u00e4lkeen el Limonin vesiputouksille, jossa ratsastetaan hevosilla kookosp\u00e4hkin\u00e4mets\u00e4n \u00e4\u00e4rell\u00e4, ennen kuin palaat Punta Canaan.<\/p>\n<p>&nbsp;<\/p>\n<p><strong>Huom:<\/strong>\u00a0T\u00e4m\u00e4 kierros ei ole yksityinen. T\u00e4m\u00e4 kiertue on sis\u00e4lt\u00e4nyt pys\u00e4hdyksen\u00a0<strong>Limonin vesiputous<\/strong>. Jos haluat varata saman matkan ja ei mene vesiputouksia ota\u00a0<a href=\"https:\/\/www.boattoursamana.com\/fi\/Tours-Excursions\/tours-excursions-samana-bay-dominican-republic\/whale-watching-2020-in-punta-cana-to-samana-bay-cayo-levantado-bacardi-island-from-hotels\/\">KLIKKAA T\u00c4ST\u00c4.<\/a><\/p>\n<ul>\n<li>Whale Watching matka<\/li>\n<li>Bacardin saari \/ Cayo Levantado<\/li>\n<li>P\u00e4\u00e4symaksut observatorioon<\/li>\n<li>Samana Safari<\/li>\n<li>El Limon vesiputoukset Hevoset Ratsastus<\/li>\n<li>Sis\u00e4lt\u00e4\u00e4 buffetlounaan rannalla<\/li>\n<li>Veneen siirto<\/li>\n<li>Kapteeni antaa ohjeita ja valvoo<\/li>\n<li>Matkaopas<\/li>\n<\/ul>\n<p>&nbsp;<\/p>\n<h4><b>Sis\u00e4llytykset ja poissulkemiset<\/b><\/h4>\n<p>&nbsp;<\/p>\n<p><b>Sis\u00e4llytykset<\/b><\/p>\n<p>&nbsp;<\/p>\n<ol>\n<li>Lounasbuffet rannalla<\/li>\n<li>Kuljetus hotelleista<\/li>\n<li>Matkaopas<\/li>\n<li>Katamaraani tai veneretki<\/li>\n<li>Kaikki verot, maksut ja k\u00e4sittelykulut<\/li>\n<li>Paikalliset verot<\/li>\n<li>Juomat<\/li>\n<\/ol>\n<p><b>Poikkeukset<\/b><\/p>\n<ol>\n<li>Juomarahat<\/li>\n<\/ol>\n<p>&nbsp;<\/p>\n<h4><em><strong>L\u00e4ht\u00f6 &amp; paluu<\/strong><\/em><\/h4>\n<p>Hotellin nouto on tarjolla t\u00e4lle kiertueelle. Kirjoita muistiinpanoihin vain hotellin nimi, josta sinut noudetaan. Me noudamme kaikista Punta Canan hotelleista.<\/p>\n<p>&nbsp;<\/p>\n<h3>Samana Whale Watching + Cayo Levantado (Bacardi-saari) + Limonin vesiputoukset Punta Canan hotelleista.<\/h3>\n<h4><b><i>Mit\u00e4 odottaa?<\/i><\/b><\/h4>\n<p>P\u00e4\u00e4set l\u00e4helle Dominikaanisen tasavallan lempe\u00e4\u00e4 meren j\u00e4ttil\u00e4ist\u00e4 t\u00e4ll\u00e4 12 tunnin pituisella ryh\u00e4valaiden tarkkailuretkell\u00e4 S\u00e1mana Baylla. Viet\u00e4 unohtumaton p\u00e4iv\u00e4 tarkkailemalla tuhansia valaita, jotka saapuvat saarelle vuosittain parveilemaan, ruokailemaan ja leikkim\u00e4\u00e4n sen l\u00e4mpimiss\u00e4 trooppisissa vesiss\u00e4. Tarkkaillessasi n\u00e4it\u00e4 kauniita otuksia saat ainutlaatuisia n\u00e4kemyksi\u00e4 asiantuntevalta valaidenbongausoppaaltasi. P\u00e4\u00e4t\u00e4 p\u00e4iv\u00e4 lounaalla ja rantael\u00e4myksell\u00e4 kauniilla Cayo Levantadon saarella. My\u00f6s edestakainen hotellikuljetus sis\u00e4ltyy hintaan.<\/p>\n<p>Klo 9:00 - 12:00 - 12:00 Valaan tarkkailukeskus ja t\u00e4m\u00e4n valasretken j\u00e4lkeen vierailemme Bacardin saarella \/ Cayo Levantadossa. Bacardi-saarella tarjotaan lounasbuffet tyypilliseen dominikaaniseen tyyliin (riisi\u00e4, papuja, kalaa, salaatteja...). Kun lounas on valmis, voitte uida ja valmistautua El Limonin vesiputouksille klo 16:30 asti. Retki p\u00e4\u00e4ttyy klo 17:00 samassa satamassa, josta se alkaa katamaraanilla ja bussilla takaisin Punta Canan hotelleihin.<\/p>\n<p><strong>Aikataulu:<\/strong><\/p>\n<p>6:00 - 7:00 Asiakkaiden nouto eri hotelleista.<br \/>\n07:00 L\u00e4ht\u00f6 Las Canitasiin Sabana de la Marissa.<br \/>\n08:15 Saapuminen yksityiseen laituriin<br \/>\n08:15 - 8:40 Aamiaisaika (voileipi\u00e4, muffinsseja, teet\u00e4, kahvia, mehuja).<br \/>\n8:45 Laivaan nousu ja matkan aloittaminen Samanan ryh\u00e4valaiden suojelualueelle.<br \/>\n11:00 Valaiden etsiminen 45 minuutin ajan - t\u00e4m\u00e4 on hallituksen s\u00e4\u00e4nt\u00f6jen mukainen ajoitus.<br \/>\n11:45 Suunta Cayo Levantadolle Samanan lahdella.<br \/>\n12:30 Saapuminen Cayo Levantadoon<br \/>\n13:00 Lounasaika (lounasbuffet, tyypillinen dominikaaninen lounas)*.<br \/>\n13:45 - 15:30 Vapaa-aikaa Cayo Levantadossa.<br \/>\n15:00 - 15:45 Laivalla takaisin Michesiin.<br \/>\n17:00 Saapuminen Michesiin ja l\u00e4ht\u00f6 Punta Canan hotelleihin.<br \/>\n19:30 - 20:00 Saapuminen hotelleihin Punta Canassa.<\/p>\n<p><strong>*Lounasmenu (tyypillinen dominikaaninen)<br \/>\n<\/strong>Riisi\u00e4, grillattua kanaa tai grillattua kalaa, salaattia, vihanneksia, tuoreita hedelmi\u00e4.<\/p>\n<p><strong>*Asiakkaat, jotka haluavat lis\u00e4t\u00e4 pys\u00e4hdyksen El Limonin vesiputouksella valaiden katselun j\u00e4lkeen, siirtyv\u00e4t vesiputoukselle ja saavat v\u00e4hemm\u00e4n aikaa Cayo Levantadossa.<\/strong><\/p>\n<p>T\u00e4m\u00e4 kiertue on sis\u00e4lt\u00e4nyt pys\u00e4hdyksen\u00a0<strong>Limonin vesiputous<\/strong>. Jos haluat varata saman matkan ja ei mene vesiputouksia ota\u00a0<a href=\"https:\/\/www.boattoursamana.com\/fi\/Tours-Excursions\/tours-excursions-samana-bay-dominican-republic\/whale-watching-2020-in-punta-cana-to-samana-bay-cayo-levantado-bacardi-island-from-hotels\/\">KLIKKAA T\u00c4ST\u00c4.<\/a><\/p>\n<p>&nbsp;<\/p>\n<h4><em><strong>Mit\u00e4 kannattaa ottaa mukaan?<\/strong><\/em><\/h4>\n<ul>\n<li>Kamera<\/li>\n<li>Hylkiv\u00e4 silmut<\/li>\n<li>aurinkovoide<\/li>\n<li>Hattu<\/li>\n<li>Mukavat housut<\/li>\n<li>Sandaalit rannalle<\/li>\n<li>Uima-asu<\/li>\n<li>K\u00e4teist\u00e4 matkamuistoja ja juomarahaa varten<\/li>\n<\/ul>\n<p>&nbsp;<\/p>\n<h4><b><i>Hotellin nouto<\/i><\/b><\/h4>\n<p>Hotellin nouto on tarjolla t\u00e4lle kiertueelle. Kirjoita muistiinpanoihin vain hotellin nimi, josta sinut noudetaan. Me noudamme kaikista Punta Canan hotelleista.<\/p>\n<p>&nbsp;<\/p>\n<p><b>Huom:<\/b>\u00a0jos varaus tehd\u00e4\u00e4n 24 tunnin kuluessa matkan\/retken l\u00e4ht\u00f6ajasta, voimme j\u00e4rjest\u00e4\u00e4 nouto hotellilta. Kun ostoksesi on tehty, l\u00e4het\u00e4mme sinulle t\u00e4ydelliset yhteystiedot (puhelinnumero, s\u00e4hk\u00f6postiosoite jne.) paikalliselle matkaoppaallemme noutoj\u00e4rjestelyjen j\u00e4rjest\u00e4miseksi.<\/p>\n<h4><b><i>Lis\u00e4tietoja Vahvistus<\/i><\/b><\/h4>\n<ol>\n<li>Liput ovat kuitti maksettuasi t\u00e4m\u00e4n Tour. Voit n\u00e4ytt\u00e4\u00e4 maksun puhelimellasi.<\/li>\n<li>Kokouspaikka saadaan varausprosessin j\u00e4lkeen.<\/li>\n<li>Lasten mukana on oltava aikuinen.<\/li>\n<li>esteet\u00f6n py\u00f6r\u00e4tuolilla<\/li>\n<li>Pikkulasten on istuttava syliss\u00e4<\/li>\n<li>Useimmat matkustajat voivat osallistua<\/li>\n<\/ol>\n<h4><b><i>Peruutusehdot<\/i><\/b><\/h4>\n<p>Jos haluat t\u00e4yden hyvityksen, lue peruutusk\u00e4yt\u00e4nt\u00f6mme.\u00a0<a href=\"https:\/\/www.boattoursamana.com\/fi\/online-varaukset\/\" target=\"_blank\" rel=\"noopener\" data-saferedirecturl=\"https:\/\/www.google.com\/url?q=https:\/\/www.boattoursamana.com\/online-booking\/&amp;source=gmail&amp;ust=1672449202351000&amp;usg=AOvVaw1yAeVAPktmaVCqDujgUn90\">Klikkaa t\u00e4st\u00e4<\/a>. Varat menetet\u00e4\u00e4n, jos varaus peruutetaan samana matkap\u00e4iv\u00e4n\u00e4.<\/p>\n<\/div>\n<\/div>\n<\/div>\n<\/div>\n<\/div>\n<\/div>\n<\/div>\n<\/div>\n<\/div>\n<\/div>\n<\/div>\n<\/div>\n<div class=\"vc_row wpb_row vc_row-fluid\">\n<div class=\"wpb_column vc_column_container vc_col-sm-12\">\n<div class=\"vc_column-inner\">\n<div class=\"wpb_wrapper\">\n<div class=\"vc_empty_space\"><\/div>\n<div class=\"wpb_text_column wpb_content_element\">\n<div class=\"wpb_wrapper\">\n<h4>Ota yhteytt\u00e4?<\/h4>\n<h5><b><i>KIERTUE VALAITA SAMANA<\/i><\/b><\/h5>\n<p><em><strong>Paikalliset<\/strong>\u00a0ja\u00a0<strong>Kansalliset<\/strong>\u00a0Matkaoppaat &amp; vieraspalvelut<\/em><\/p>\n<p><span class=\"text-turquoise\">Varaukset:<\/span>\u00a0Retket ja retket Dom. Rep.<\/p>\n<p>\ud83d\udcde Puh \/ Whatsapp\u00a0\u00a0<a href=\"tel:+1-809-720-6035\">+1-809-720-6035<\/a>.<\/p>\n<p>\ud83d\udce9\u00a0<a href=\"mailto:info@bookingadventures.com.do\">info@bookingadventures.com.do<\/a><\/p>\n<p><strong>Olemme joustavia Asetukset Yksityiset matkat Whatsappilla:\u00a0<a href=\"tel:+18097206035\">+18097206035.<\/a><\/strong><\/p>\n<\/div>\n<\/div>\n<\/div>\n<\/div>\n<\/div>\n<\/div>\n\n\t\t<\/div>\n\t<\/div>\n<\/div><\/div><\/div><\/div>","protected":false},"excerpt":{"rendered":"<p><span style=\"vertical-align: inherit;\"><span style=\"vertical-align: inherit;\">Punta Canan hotelleista nautimme Cordillera Orientalin kauniista maisemista ajaessamme Punta Canasta pohjoiseen ennen kuin saavumme pieneen Michesin kalastajakyl\u00e4\u00e4n Samana Bayn etel\u00e4rannalla. Siell\u00e4 voit nauttia nopean aamiaisen ennen kuin nouset veneeseen Samanaan. Purjehdimme lahden syvyyksiin valaiden katseluun. Ensin saavumme Cayo Levantadoon, joka tunnetaan my\u00f6s nimell\u00e4 Bacardi Island, koska se muistuttaa vahvasti rantoja, joita k\u00e4ytettiin aikoinaan sen kuuluisissa mainoksissa. Cayo Levantado on trooppinen keidas, pieni saari keskell\u00e4 merta, jossa on turkoosi vesi ja valkoinen hiekka. T\u00e4m\u00e4n j\u00e4lkeen safari Samanan yhteis\u00f6ss\u00e4 vesiputouksille. Fallsilla Limon valmistautuu ratsastukseen tai patikointiin. T\u00e4m\u00e4 on t\u00e4ydellinen ainutlaatuinen seikkailu.<\/span><\/span><\/p>\n<p><em><strong>Valitse kiertueen p\u00e4iv\u00e4m\u00e4\u00e4r\u00e4:<\/strong><\/em><\/p>","protected":false},"featured_media":12052,"template":"","meta":[],"product_cat":[159,948,655,960,956,664],"product_tag":[631,184,328,480,296,380,428,649,327,222,527,313,199,526,458,342,650,524,276,529,528,274,525],"class_list":["post-12911","product","type-product","status-publish","has-post-thumbnail","hentry","product_cat-fees-entrace","product_cat-1-punta-cana","product_cat-1-samana","product_cat-el-limon-hiking","product_cat-el-limon-samana","product_cat-whale-watching-punta-cana","product_tag-631","product_tag-bacardi-island","product_tag-cayo-levantado-day-pass","product_tag-cheap-punta-cana-excursions","product_tag-day-trip-punta-cana","product_tag-el-limon-waterfall-and-bacardi-island-tour-from-punta-cana","product_tag-half-day-whale-watching-miches","product_tag-limon-from-punta-cana","product_tag-private-tours-samana","product_tag-punta-cana","product_tag-punta-cana-activities","product_tag-punta-cana-tours","product_tag-samana-bay","product_tag-samana-day-trip","product_tag-samana-day-trip-from-punta-cana","product_tag-samana-whale-watching","product_tag-waterfalls-punta-cana","product_tag-whale-punta-cana","product_tag-whale-samana","product_tag-whale-watching-2020","product_tag-whale-watching-2020-in-punta-cana-to-samana-bay-cayo-levantado-bacardi-island-from-hotels","product_tag-whale-watching-dominican-republic","product_tag-whale-watching-punta-cana"],"_links":{"self":[{"href":"https:\/\/www.boattoursamana.com\/fi\/wp-json\/wp\/v2\/product\/12911","targetHints":{"allow":["GET"]}}],"collection":[{"href":"https:\/\/www.boattoursamana.com\/fi\/wp-json\/wp\/v2\/product"}],"about":[{"href":"https:\/\/www.boattoursamana.com\/fi\/wp-json\/wp\/v2\/types\/product"}],"wp:featuredmedia":[{"embeddable":true,"href":"https:\/\/www.boattoursamana.com\/fi\/wp-json\/wp\/v2\/media\/12052"}],"wp:attachment":[{"href":"https:\/\/www.boattoursamana.com\/fi\/wp-json\/wp\/v2\/media?parent=12911"}],"wp:term":[{"taxonomy":"product_cat","embeddable":true,"href":"https:\/\/www.boattoursamana.com\/fi\/wp-json\/wp\/v2\/product_cat?post=12911"},{"taxonomy":"product_tag","embeddable":true,"href":"https:\/\/www.boattoursamana.com\/fi\/wp-json\/wp\/v2\/product_tag?post=12911"}],"curies":[{"name":"wp","href":"https:\/\/api.w.org\/{rel}","templated":true}]}}