{"id":12996,"date":"2021-09-16T15:48:58","date_gmt":"2021-09-16T15:48:58","guid":{"rendered":"https:\/\/www.ticketswhales.com\/?post_type=product&#038;p=12996"},"modified":"2023-10-16T08:39:25","modified_gmt":"2023-10-16T08:39:25","slug":"los-haitises-mountain-bike-private-boat-trip-copy","status":"publish","type":"product","link":"https:\/\/www.boattoursamana.com\/fi\/kiertue\/los-haitises-vuoristopyoraily-yksityisvenematkan-kopio-2","title":{"rendered":"Los Haitises Mountain Bike + Yksityinen veneretki"},"content":{"rendered":"<div class=\"vc_row wpb_row vc_row-fluid\" ><div class=\"wpb_column vc_column_container vc_col-sm-12\"><div class=\"vc_column-inner\"><div class=\"wpb_wrapper\"><div class=\"vc_btn3-container vc_btn3-inline\" ><a class=\"vc_general vc_btn3 vc_btn3-size-md vc_btn3-shape-rounded vc_btn3-style-modern vc_btn3-color-green\" href=\"https:\/\/bookingadventures.tours\/booking.php?tour_id=a7eaf8f70968fc40037fc986faa80770\" title=\"\" rel=\"noopener\">VARAA NYT<\/a><\/div><div class=\"vc_empty_space\"   style=\"height: 32px\"><span class=\"vc_empty_space_inner\"><\/span><\/div>\n\t<div class=\"wpb_text_column wpb_content_element\" >\n\t\t<div class=\"wpb_wrapper\">\n\t\t\t<div class=\"vc_row wpb_row vc_row-fluid\">\n<div class=\"wpb_column vc_column_container vc_col-sm-12\">\n<div class=\"vc_column-inner\">\n<div class=\"wpb_wrapper\">\n<div class=\"mkdf-section-title-holder\">\n<div class=\"mkdf-st-inner\">\n<h5 class=\"mkdf-st-subtitle\">Py\u00f6r\u00e4, mangrove, veneretki, luolia ja paljon muuta.<\/h5>\n<h3 class=\"mkdf-st-title\">Los Haitises Mountain Bike + Yksityinen veneretki<\/h3>\n<\/div>\n<\/div>\n<\/div>\n<\/div>\n<\/div>\n<\/div>\n<div class=\"vc_row wpb_row vc_row-fluid\">\n<div class=\"wpb_column vc_column_container vc_col-sm-12\">\n<div class=\"vc_column-inner\">\n<div class=\"wpb_wrapper\">\n<div class=\"vc_empty_space\"><\/div>\n<\/div>\n<\/div>\n<\/div>\n<\/div>\n<div class=\"vc_row wpb_row vc_row-fluid\">\n<div class=\"wpb_column vc_column_container vc_col-sm-12\">\n<div class=\"vc_column-inner\">\n<div class=\"wpb_wrapper\">\n<div class=\"wpb_text_column wpb_content_element\">\n<div class=\"wpb_wrapper\">\n<h5><strong>Yleiskatsaus<\/strong><\/h5>\n<p>Matkusta paikallisen asiantuntijan kanssa ja saat ainutlaatuisen py\u00f6r\u00e4ilykokemuksen Sabana de la Marista alkaen, t\u00e4m\u00e4 retki vie sinut ymp\u00e4riins\u00e4 katsomaan Dominikaanisen tasavallan maaseudun kauniita maisemia. Kun ajat py\u00f6r\u00e4ll\u00e4 voit sanoa hei! maanviljelij\u00e4t ratsastus heid\u00e4n hevosia tai moottoripy\u00f6r\u00e4 heid\u00e4n omaisuuttaan ja kiertueen aikana, voit synty\u00e4 seikkailu ja paikallinen kulttuuri Sabana de la Mar. Joitakin faktoja Los Haitises: on yksi suurimmista kalkkikivimuodostelma maailmassa, paikka s\u00e4ilytt\u00e4miseen endeemisten lajien, Paikka, jossa suurin osa biologisen monimuotoisuuden saaren ja siell\u00e4 on yksi suurimmista mangrovemets\u00e4t Quisqueya.<\/p>\n<p>&nbsp;<\/p>\n<p><strong>Sis\u00e4llytykset ja poissulkemiset<\/strong><\/p>\n<p>&nbsp;<\/p>\n<p><strong>Sis\u00e4llytykset<\/strong><\/p>\n<p>Py\u00f6r\u00e4ily<\/p>\n<p>Veneretki<\/p>\n<p>V\u00e4lipalat<\/p>\n<p>1 vesipullo<\/p>\n<p>Ensiapupakkaus<\/p>\n<p>Kaikki verot, maksut ja k\u00e4sittelykulut<\/p>\n<p>Paikalliset verot<\/p>\n<p>Virkamiehet Ekologi matkaoppaat englanti\/espanja<\/p>\n<p>&nbsp;<\/p>\n<p><strong>Poikkeukset<\/strong><\/p>\n<p>Juomarahat<\/p>\n<p>Siirto<\/p>\n<p>Juomat<\/p>\n<p>&nbsp;<\/p>\n<p>&nbsp;<\/p>\n<p>L\u00e4ht\u00f6 &amp; paluu<\/p>\n<p>&nbsp;<\/p>\n<p>\"Booking Adventuresin\" j\u00e4rjest\u00e4m\u00e4 kierros alkaa matkanjohtajan kanssa sovitusta tapaamispaikasta. Matkailija saa tapaamispaikan varausprosessin j\u00e4lkeen. Kierrokset alkavat ja p\u00e4\u00e4ttyv\u00e4t tapaamispaikoissamme.<\/p>\n<p>&nbsp;<\/p>\n<p>Mit\u00e4 odottaa?<\/p>\n<p>Hanki lippusi py\u00f6r\u00e4ilyyn ja veneilyyn Sabana de la Marista<\/p>\n<p>&nbsp;<\/p>\n<p>T\u00e4m\u00e4 retki alkaa tapaamispaikasta, joka sinun on vahvistettava matkatoimistoltamme tai matkanjohtajaltasi ennen kuin suuntaat mihink\u00e4\u00e4n paikkaan. Kun tapaat oppaasi, saat selostuksen retkest\u00e4 ja kaikesta p\u00e4iv\u00e4\u00e4nne liittyv\u00e4st\u00e4.<\/p>\n<p>&nbsp;<\/p>\n<p>Kun kaikki ovat valmiita, suuntaamme Los Haitisesin kansallispuiston satamaan, jossa aloitat veneilyn Cano Hondo -joella, joka p\u00e4\u00e4ttyy San Lorenzon lahdelle. T\u00e4m\u00e4 on pieni, vain 10 km2:n lahti, ja kahdeksi tunniksi tulet esiin. Los Haitisesin eri ekosysteemeiss\u00e4.<\/p>\n<p>&nbsp;<\/p>\n<p>T\u00e4m\u00e4n matkan osan aikana navigoit mangrovemets\u00e4ss\u00e4, joka on saaren toiseksi suurin yli 90 km2:lla, ja kun saavut San Lorenzon lahdelle, n\u00e4et Samanan niemimaan ja lahden.<\/p>\n<p>&nbsp;<\/p>\n<p>Melonnan aikana on mahdollista n\u00e4hd\u00e4 delfiinej\u00e4, lintuja, kuten sinihaikaroita, harmaahaikaroita, variksia, ruskeapelikaaneja, kuninkaallisia tiiroja, upeita fregattilintuja ja ainutlaatuisia n\u00e4kymi\u00e4 Los Haitisesin kansallispuistoon. Los Haitisesin kansallispuistossa ja Sabana de la Marissa 4 tunnin ja puolen tunnin aktiviteettien j\u00e4lkeen t\u00e4m\u00e4 retki p\u00e4\u00e4ttyy samaan paikkaan, josta se alkoi.<\/p>\n<p>&nbsp;<\/p>\n<p>Huomautus: N\u00e4m\u00e4 kierrokset ovat virkamiesten ekologisten oppaiden kanssa. Varaa ajoissa, koska puistossa ei ole liikaa asiantuntijoita.<\/p>\n<p>&nbsp;<\/p>\n<p>&nbsp;<\/p>\n<p>Mit\u00e4 kannattaa ottaa mukaan?<\/p>\n<ul>\n<li aria-level=\"1\">Kamera<\/li>\n<li aria-level=\"1\">Hylkiv\u00e4 silmut<\/li>\n<li aria-level=\"1\">aurinkovoide<\/li>\n<li aria-level=\"1\">Hattu<\/li>\n<li aria-level=\"1\">Mukavat housut<\/li>\n<li aria-level=\"1\">Juoksukeng\u00e4t<\/li>\n<li aria-level=\"1\">Sandaalit melontaa varten<\/li>\n<li aria-level=\"1\">Uima-asu<\/li>\n<li aria-level=\"1\">Pyyhkeet<\/li>\n<\/ul>\n<p>&nbsp;<\/p>\n<h4><b><i>Hotellin nouto<\/i><\/b><\/h4>\n<p>Hotellin noutoa ei tarjota t\u00e4ll\u00e4 kiertueella.<\/p>\n<p>&nbsp;<\/p>\n<p><b>Huom:<\/b>\u00a0jos varaus tehd\u00e4\u00e4n 24 tunnin kuluessa kiertueen\/retken l\u00e4ht\u00f6ajasta, voimme j\u00e4rjest\u00e4\u00e4 hotellin nouto lis\u00e4maksusta. Kun ostoksesi on tehty, l\u00e4het\u00e4mme sinulle t\u00e4ydelliset yhteystiedot (puhelinnumero, s\u00e4hk\u00f6postiosoite jne.) paikalliselle matkanjohtajallemme noutoj\u00e4rjestelyjen j\u00e4rjest\u00e4miseksi.<\/p>\n<h4><b><i>Lis\u00e4tietoja Vahvistus<\/i><\/b><\/h4>\n<ol>\n<li>Liput ovat kuitti, kun olet maksanut t\u00e4st\u00e4 kiertueesta. Voit n\u00e4ytt\u00e4\u00e4 maksun puhelimellasi.<\/li>\n<li>Kokouspaikka saadaan varausprosessin j\u00e4lkeen.<\/li>\n<li>Lasten mukana on oltava aikuinen.<\/li>\n<li>Ei esteet\u00f6n py\u00f6r\u00e4tuolilla<\/li>\n<li>Pikkulasten on istuttava syliss\u00e4<\/li>\n<li>Ei suositella matkustajille, joilla on selk\u00e4vaivoja<\/li>\n<li>Ei suositella raskaana oleville matkustajille<\/li>\n<li>Ei syd\u00e4nongelmia tai muita vakavia sairauksia<\/li>\n<li>Useimmat matkustajat voivat osallistua<\/li>\n<\/ol>\n<h4><b><i>Peruutusehdot<\/i><\/b><\/h4>\n<p>Jos haluat t\u00e4yden hyvityksen, peruuntuminen on teht\u00e4v\u00e4 v\u00e4hint\u00e4\u00e4n 24 tuntia ennen kokemuksen alkamisp\u00e4iv\u00e4\u00e4.<\/p>\n<\/div>\n<\/div>\n<\/div>\n<\/div>\n<\/div>\n<\/div>\n<div class=\"vc_row wpb_row vc_row-fluid\">\n<div class=\"wpb_column vc_column_container vc_col-sm-12\">\n<div class=\"vc_column-inner\">\n<div class=\"wpb_wrapper\">\n<div class=\"vc_empty_space\"><\/div>\n<div class=\"wpb_text_column wpb_content_element\">\n<div class=\"wpb_wrapper\">\n<h4>Ota yhteytt\u00e4?<\/h4>\n<h5>Seikkailujen varaaminen<\/h5>\n<p><em><strong>Paikalliset<\/strong>\u00a0ja\u00a0<strong>Kansalliset<\/strong>\u00a0Matkaoppaat &amp; vieraspalvelut<\/em><\/p>\n<p><span class=\"text-turquoise\">Varaukset:<\/span>\u00a0Retket ja retket Dom. Rep.<\/p>\n<p>\ud83d\udcde Puh \/ Whatsapp\u00a0\u00a0<a href=\"tel:+1-809-720-6035\">+1-809-720-6035<\/a>.<\/p>\n<p>\ud83d\udce9\u00a0<a href=\"mailto:info@bookingadventures.com.do\">info@bookingadventures.com.do<\/a><\/p>\n<p><strong>Olemme joustavia Asetukset Yksityiset matkat Whatsappilla:\u00a0<a href=\"tel:+18097206035\">+18097206035.<\/a><\/strong><\/p>\n<\/div>\n<\/div>\n<\/div>\n<\/div>\n<\/div>\n<\/div>\n\n\t\t<\/div>\n\t<\/div>\n<\/div><\/div><\/div><\/div><div class=\"wpb_column vc_column_container vc_col-sm-12\"><div class=\"vc_column-inner\"><div class=\"wpb_wrapper\"><\/div><\/div><\/div><div class=\"wpb_column vc_column_container vc_col-sm-12\"><div class=\"vc_column-inner\"><div class=\"wpb_wrapper\"><\/div><\/div><\/div>","protected":false},"excerpt":{"rendered":"<div class=\"woocommerce-product-details__short-description\">\n<p>Matkusta paikallisen asiantuntijan kanssa ja hanki ainutlaatuinen py\u00f6r\u00e4ilykokemus Sabana de la Marista alkaen. T\u00e4m\u00e4 kiertue vie sinut n\u00e4kem\u00e4\u00e4n Dominikaanisen tasavallan maaseudun kauniita maisemia. Kun ajat py\u00f6r\u00e4ll\u00e4si, voit tervehti\u00e4! maanviljelij\u00e4t, jotka ratsastavat hevosillaan tai moottoripy\u00f6r\u00e4ll\u00e4\u00e4n kiinteist\u00f6lleen, ja kiertueen aikana p\u00e4\u00e4set tutustumaan Sabana de la Marin seikkailuun ja paikalliseen kulttuuriin. Ainutlaatuinen maastopy\u00f6r\u00e4kokemus!<\/p>\n<p>&nbsp;<\/p>\n<p><strong>Valitse kiertueen p\u00e4iv\u00e4m\u00e4\u00e4r\u00e4 :<\/strong><\/p>\n<\/div>","protected":false},"featured_media":12428,"template":"","meta":[],"product_cat":[870,946,928,838,930,254,255],"product_tag":[176,211,192,171,209,426,327,175,199,200],"class_list":["post-12996","product","type-product","status-publish","has-post-thumbnail","hentry","product_cat-private-boat-trip-los-haitises","product_cat-1-sabana-de-la-mar","product_cat-boat-trip-los-haitises","product_cat-mangroves-projects","product_cat-mountain-bike-los-haitises","product_cat-tours-excursions-los-haitises-national-park","product_cat-tours-excursions-samana-bay-dominican-republic","product_tag-cano-hondo","product_tag-cano-hondo-hotel","product_tag-day-tour-cano-hondo","product_tag-los-haitises","product_tag-los-haitises-national-park","product_tag-los-haitises-tours","product_tag-private-tours-samana","product_tag-sabana-de-la-mar","product_tag-samana-bay","product_tag-samana-excursions"],"_links":{"self":[{"href":"https:\/\/www.boattoursamana.com\/fi\/wp-json\/wp\/v2\/product\/12996","targetHints":{"allow":["GET"]}}],"collection":[{"href":"https:\/\/www.boattoursamana.com\/fi\/wp-json\/wp\/v2\/product"}],"about":[{"href":"https:\/\/www.boattoursamana.com\/fi\/wp-json\/wp\/v2\/types\/product"}],"wp:featuredmedia":[{"embeddable":true,"href":"https:\/\/www.boattoursamana.com\/fi\/wp-json\/wp\/v2\/media\/12428"}],"wp:attachment":[{"href":"https:\/\/www.boattoursamana.com\/fi\/wp-json\/wp\/v2\/media?parent=12996"}],"wp:term":[{"taxonomy":"product_cat","embeddable":true,"href":"https:\/\/www.boattoursamana.com\/fi\/wp-json\/wp\/v2\/product_cat?post=12996"},{"taxonomy":"product_tag","embeddable":true,"href":"https:\/\/www.boattoursamana.com\/fi\/wp-json\/wp\/v2\/product_tag?post=12996"}],"curies":[{"name":"wp","href":"https:\/\/api.w.org\/{rel}","templated":true}]}}