{"id":13290,"date":"2021-11-06T08:14:25","date_gmt":"2021-11-06T08:14:25","guid":{"rendered":"https:\/\/www.ticketswhales.com\/?post_type=product&#038;p=13290"},"modified":"2023-02-26T04:25:06","modified_gmt":"2023-02-26T04:25:06","slug":"el-limon-waterfall-cayo-levantado-from-sosua-or-cabarete-private-tour","status":"publish","type":"product","link":"https:\/\/www.boattoursamana.com\/fi\/kiertue\/el-limonin-vesiputous-cayo-levantado-sosuasta-tai-cabarete-yksityinen-kiertue","title":{"rendered":"El Lim\u00f3nin vesiputous ja Cayo Levantado Sosualta tai Cabaretesta Yksityinen retki"},"content":{"rendered":"<div class=\"vc_row wpb_row vc_row-fluid\" ><div class=\"wpb_column vc_column_container vc_col-sm-12\"><div class=\"vc_column-inner\"><div class=\"wpb_wrapper\"><div class=\"vc_btn3-container vc_btn3-inline\" ><button class=\"vc_general vc_btn3 vc_btn3-size-md vc_btn3-shape-rounded vc_btn3-style-modern vc_btn3-color-green\">VARAA NYT<\/button><\/div><div class=\"mkdf-section-title-holder\" style=\"text-align: left\">\n\t<div class=\"mkdf-st-inner\">\n\t\t\t\t\t<h5 class=\"mkdf-st-subtitle\" >\n\t\t\t\tKuljetus ja lounas sis\u00e4ltyv\u00e4t hintaan\t\t\t<\/h5>\n\t\t\t\t\t\t\t<h3 class=\"mkdf-st-title\" >\n\t\t\t\tEl Lim\u00f3nin vesiputous ja Cayo Levantado Sosuasta tai Cabaretesta Yksityinen retki\t\t\t<\/h3>\n\t\t\t\t\t<\/div>\n<\/div><\/div><\/div><\/div><\/div><div class=\"vc_row wpb_row vc_row-fluid\" ><div class=\"wpb_column vc_column_container vc_col-sm-12\"><div class=\"vc_column-inner\"><div class=\"wpb_wrapper\">\n\t<div class=\"wpb_text_column wpb_content_element\" >\n\t\t<div class=\"wpb_wrapper\">\n\t\t\t<h3 class=\"LC20lb\"><\/h3>\n<h4><b><i>Yleiskatsaus <\/i><\/b><\/h4>\n<p>Yksityinen retki vierailemaan El Limonin vesiputouksilla ja Cayo Levantadolla (Bacardin saari) Puerto Platasta. Kaksi aktiviteettia yhdess\u00e4 p\u00e4iv\u00e4ss\u00e4, vierailu paikallisen kiertueen kanssa Opas kauneus mets\u00e4st\u00e4 ja vesiputouksia El limon Communityst\u00e4. Voit tehd\u00e4 t\u00e4m\u00e4n matkan patikoimalla tai ratsastamalla kahvi- ja kookospolkuja pitkin. Vierailun j\u00e4lkeen El limonin vesiputouksilla ajamme Samanan keskustan laiturille ja matkustamme veneell\u00e4 Cayo Levantadoon, joka tunnetaan my\u00f6s nimell\u00e4 Bacardi Island. Siell\u00e4 meill\u00e4 on buffetlounas ja iltap\u00e4iv\u00e4uinti Cayo Levantadon rannalla sek\u00e4 mahdollisuus snorklata koralliriutoilla.<\/p>\n<p>T\u00e4m\u00e4n kokemuksen j\u00e4lkeen p\u00e4\u00e4set takaisin kohtaamispaikkaamme, josta noutamme sinut Puerto Plataan<\/p>\n<ul>\n<li style=\"font-weight: 400;\">Maksut sis\u00e4ltyv\u00e4t<\/li>\n<li>Lounas<\/li>\n<li>V\u00e4lipalat<\/li>\n<li style=\"font-weight: 400;\">Paikallinen matkaopas englanniksi tai ranskaksi<\/li>\n<li>Kuljetus<\/li>\n<li>Venematka<\/li>\n<\/ul>\n<p>&nbsp;<\/p>\n<h4><b>Sis\u00e4llytykset ja poissulkemiset<\/b><\/h4>\n<p>&nbsp;<\/p>\n<p><b>Sis\u00e4llytykset<\/b><\/p>\n<ol>\n<li style=\"font-weight: 400;\">El Limonin vesiputoukset Patikointi tai hevosratsastus<\/li>\n<li>Lounas<\/li>\n<li style=\"font-weight: 400;\"><span style=\"font-weight: 400;\">Kaikki verot, maksut ja k\u00e4sittelykulut<\/span><\/li>\n<li style=\"font-weight: 400;\"><span style=\"font-weight: 400;\">Paikalliset verot<\/span><\/li>\n<li style=\"font-weight: 400;\"><span style=\"font-weight: 400;\">Juomat<\/span><\/li>\n<li>V\u00e4lipalat<\/li>\n<li style=\"font-weight: 400;\"><span style=\"font-weight: 400;\">Kaikki toiminnot<\/span><\/li>\n<li style=\"font-weight: 400;\"><span style=\"font-weight: 400;\">Paikallinen opas<\/span><\/li>\n<\/ol>\n<p><b> Poikkeukset<\/b><\/p>\n<ol>\n<li style=\"font-weight: 400;\"><span style=\"font-weight: 400;\">Juomarahat<\/span><\/li>\n<li style=\"font-weight: 400;\"><span style=\"font-weight: 400;\">Alkoholijuomat<\/span><\/li>\n<\/ol>\n<p>&nbsp;<\/p>\n<h4><em><strong>L\u00e4ht\u00f6 &amp; paluu<\/strong><\/em><\/h4>\n<p><span style=\"font-weight: 400;\">Matkustaja saa tapaamispaikan varausprosessin j\u00e4lkeen. Kierrokset alkavat ja p\u00e4\u00e4ttyv\u00e4t tapaamispaikoissa.<\/span><\/p>\n<h4><\/h4>\n<h3 class=\"LC20lb\">El Lim\u00f3nin vesiputous + Cayo Levantado \u2013 retki Saman\u00e1ssa<\/h3>\n<h4><b><i>Mit\u00e4 odottaa?<\/i><\/b><\/h4>\n<p><em><strong>Hanki liput<\/strong><\/em> vierailemaan El limonin vesiputouksilla ja Cayo Levantadon saarella kuljetuksella Puerto Platasta. Koko p\u00e4iv\u00e4n matka. Alkaen Saman\u00e1sta kuljetuksella El limonin vesiputouksiin.<\/p>\n<p>&quot;Booking Adventuresin&quot; j\u00e4rjest\u00e4m\u00e4 retki alkaa matkaoppaan kanssa sovitusta kohtaamispaikasta. Tule varaamaan seikkailuja yksityisill\u00e4 retkill\u00e4 El Limonin vesiputouksille paikallisen oppaan johdolla. Ratsastus- tai vaellusretki Mets\u00e4ss\u00e4 Sitruunajoen reunan ymp\u00e4ri, kaakao- ja kahviviljelmill\u00e4 k\u00e4yminen kookosp\u00e4hkin\u00f6iden varjojen palmujen alla. Pys\u00e4hdy ensin Pieness\u00e4 vesiputouksessa, jossa yleens\u00e4 ei ole paljon ihmisi\u00e4 ja voit uida ymp\u00e4riins\u00e4. Sen j\u00e4lkeen jatkamme suurelle vesiputoukselle, jossa viivymme tunnin tai enemm\u00e4nkin, jos haluat.<\/p>\n<p>Hevosten saaminen tai vaellus takaisin autolle ja ajaminen takaisin Samanan satamaan. Laivaan p\u00e4\u00e4seminen Visit Bacardi islandille, sill\u00e4 Grillikalat tostoneilla ja salaatilla odottavat meit\u00e4 makulounaalle tai voit saada ruokalistalta muita vaihtoehtoja, kuten hummerit lis\u00e4maksusta.<\/p>\n<p>Voit vapaasti uida yhdell\u00e4 Dominikaanisen tasavallan kauneimmista rannoista. Ja aseta aika lopettaa matkaoppaamme kanssa.<\/p>\n<p>&nbsp;<\/p>\n<h4><em><strong>Mit\u00e4 kannattaa ottaa mukaan?<\/strong><\/em><\/h4>\n<ul>\n<li style=\"font-weight: 400;\"><span style=\"font-weight: 400;\">Kamera<\/span><\/li>\n<li style=\"font-weight: 400;\"><span style=\"font-weight: 400;\">Hylkiv\u00e4 silmut<\/span><\/li>\n<li style=\"font-weight: 400;\"><span style=\"font-weight: 400;\">Aurinkovoide<\/span><\/li>\n<li style=\"font-weight: 400;\"><span style=\"font-weight: 400;\">Hattu<\/span><\/li>\n<li style=\"font-weight: 400;\"><span style=\"font-weight: 400;\">Mukavat housut<\/span><\/li>\n<li style=\"font-weight: 400;\"><span style=\"font-weight: 400;\">Vaelluskeng\u00e4t mets\u00e4\u00e4n<\/span><\/li>\n<li style=\"font-weight: 400;\"><span style=\"font-weight: 400;\">Sandaalit kev\u00e4\u00e4n alueille.<\/span><\/li>\n<li style=\"font-weight: 400;\"><span style=\"font-weight: 400;\">Uima-asu<\/span><\/li>\n<\/ul>\n<p>&nbsp;<\/p>\n<h4><b><i>Hotellin nouto <\/i><\/b><\/h4>\n<p><span style=\"font-weight: 400;\">Hotellin noutoa ei tarjota t\u00e4ll\u00e4 kiertueella. <\/span><\/p>\n<p>&nbsp;<\/p>\n<p><b>Huom:<\/b><span style=\"font-weight: 400;\"> Jos varaus tehd\u00e4\u00e4n 24 tunnin kuluessa kiertueen\/retken l\u00e4ht\u00f6ajasta, voimme j\u00e4rjest\u00e4\u00e4 hotellin noutoj\u00e4rjestelyj\u00e4 lis\u00e4maksusta. Kun ostoksesi on tehty, l\u00e4het\u00e4mme sinulle t\u00e4ydelliset yhteystiedot (puhelinnumero, s\u00e4hk\u00f6postiosoite jne.) paikalliselle matkaoppaallemme noutoj\u00e4rjestelyjen j\u00e4rjest\u00e4miseksi.<\/span><\/p>\n<h4><b><i>Lis\u00e4tietoja Vahvistus <\/i><\/b><\/h4>\n<ol>\n<li>Liput ovat kuitti maksettuasi t\u00e4m\u00e4n Tour. Voit n\u00e4ytt\u00e4\u00e4 maksun puhelimellasi.<\/li>\n<li style=\"font-weight: 400;\"><span style=\"font-weight: 400;\">Kokouspaikka saadaan varausprosessin j\u00e4lkeen.<\/span><\/li>\n<li style=\"font-weight: 400;\"><span style=\"font-weight: 400;\">Lasten mukana on oltava aikuinen.<\/span><\/li>\n<li style=\"font-weight: 400;\"><span style=\"font-weight: 400;\"> Ei esteet\u00f6n py\u00f6r\u00e4tuolilla <\/span><\/li>\n<li style=\"font-weight: 400;\"><span style=\"font-weight: 400;\">Pikkulasten on istuttava syliss\u00e4 <\/span><\/li>\n<li style=\"font-weight: 400;\"><span style=\"font-weight: 400;\">Ei suositella matkustajille, joilla on selk\u00e4vaivoja<\/span><\/li>\n<li style=\"font-weight: 400;\"><span style=\"font-weight: 400;\">Ei suositella raskaana oleville matkustajille <\/span><\/li>\n<li style=\"font-weight: 400;\"><span style=\"font-weight: 400;\"> Ei syd\u00e4nongelmia tai muita vakavia sairauksia <\/span><\/li>\n<li style=\"font-weight: 400;\"><span style=\"font-weight: 400;\">Useimmat matkustajat voivat osallistua<\/span><\/li>\n<\/ol>\n<h4><b><i>Peruutusehdot<\/i><\/b><\/h4>\n<p>Jos haluat t\u00e4yden hyvityksen, lue peruutusk\u00e4yt\u00e4nt\u00f6mme.\u00a0<a href=\"https:\/\/www.boattoursamana.com\/fi\/online-varaukset\/\" target=\"_blank\" rel=\"noopener\" data-saferedirecturl=\"https:\/\/www.google.com\/url?q=https:\/\/www.boattoursamana.com\/online-booking\/&amp;source=gmail&amp;ust=1672449202351000&amp;usg=AOvVaw1yAeVAPktmaVCqDujgUn90\">Klikkaa t\u00e4st\u00e4<\/a>. Varat menetet\u00e4\u00e4n, jos varaus peruutetaan samana matkap\u00e4iv\u00e4n\u00e4.<\/p>\n\n\t\t<\/div>\n\t<\/div>\n<div class=\"vc_btn3-container vc_btn3-inline\" ><button class=\"vc_general vc_btn3 vc_btn3-size-md vc_btn3-shape-rounded vc_btn3-style-modern vc_btn3-color-green\">VARAA NYT<\/button><\/div><\/div><\/div><\/div><\/div><div class=\"vc_row wpb_row vc_row-fluid\" ><div class=\"wpb_column vc_column_container vc_col-sm-12\"><div class=\"vc_column-inner\"><div class=\"wpb_wrapper\">\n\t<div class=\"wpb_video_widget wpb_content_element vc_clearfix   vc_video-aspect-ratio-169 vc_video-el-width-100 vc_video-align-left\" >\n\t\t<div class=\"wpb_wrapper\">\n\t\t\t\n\t\t\t<div class=\"wpb_video_wrapper\"><iframe loading=\"lazy\" title=\"Saman\u00e1 Has It - Dominikaanisessa tasavallassa on kaikki kaikessa mukana\" width=\"1100\" height=\"619\" src=\"https:\/\/www.youtube.com\/embed\/oWlwxZLQnVU?feature=oembed\" frameborder=\"0\" allow=\"accelerometer; autoplay; encrypted-media; gyroscope; picture-in-picture\" allowfullscreen><\/iframe><\/div>\n\t\t<\/div>\n\t<\/div>\n<\/div><\/div><\/div><\/div><div class=\"vc_row wpb_row vc_row-fluid\" ><div class=\"wpb_column vc_column_container vc_col-sm-12\"><div class=\"vc_column-inner\"><div class=\"wpb_wrapper\"><div class=\"vc_empty_space\"   style=\"height: 32px\"><span class=\"vc_empty_space_inner\"><\/span><\/div>\n\t<div class=\"wpb_text_column wpb_content_element\" >\n\t\t<div class=\"wpb_wrapper\">\n\t\t\t<h4>Ota yhteytt\u00e4?<\/h4>\n<h5>Seikkailujen varaaminen<\/h5>\n<p><em><strong>Paikalliset<\/strong>\u00a0ja\u00a0<strong>Kansalliset<\/strong>\u00a0Matkaoppaat &amp; vieraspalvelut<\/em><\/p>\n<p><span class=\"text-turquoise\">Varaukset:<\/span>\u00a0Retket ja retket Dom. Rep.<\/p>\n<p><img decoding=\"async\" class=\"emoji\" draggable=\"false\" src=\"https:\/\/s.w.org\/images\/core\/emoji\/11.2.0\/svg\/1f4de.svg\" alt=\"\ud83d\udcde\" title=\"\">\u00a0Puh \/ Whatsapp\u00a0\u00a0<a href=\"tel:+1-809-720-6035\">+1-809-720-6035<\/a>.<\/p>\n<p><img decoding=\"async\" class=\"emoji\" draggable=\"false\" src=\"https:\/\/s.w.org\/images\/core\/emoji\/11.2.0\/svg\/1f4e9.svg\" alt=\"\ud83d\udce9\" title=\"\">\u00a0<a href=\"mailto:info@bookingadventures.com.do\">info@bookingadventures.com.do<\/a><\/p>\n<p><strong>Olemme joustavia Asetukset Yksityiset matkat Whatsappilla:\u00a0<a href=\"tel:+18097206035\">+18097206035.<\/a><\/strong><\/p>\n\n\t\t<\/div>\n\t<\/div>\n<div class=\"vc_empty_space\"   style=\"height: 32px\"><span class=\"vc_empty_space_inner\"><\/span><\/div><\/div><\/div><\/div><\/div><div class=\"vc_row wpb_row vc_row-fluid\" ><div class=\"wpb_column vc_column_container vc_col-sm-12\"><div class=\"vc_column-inner\"><div class=\"wpb_wrapper\"><div class=\"vc_btn3-container vc_btn3-inline\" ><button class=\"vc_general vc_btn3 vc_btn3-size-md vc_btn3-shape-rounded vc_btn3-style-modern vc_btn3-color-green\">VARAA NYT<\/button><\/div><\/div><\/div><\/div><\/div>","protected":false},"excerpt":{"rendered":"<p><span class=\"Y2IQFc\" lang=\"en\">Yksityinen retki El Lim\u00f3nin ja Cayo Levantadon vesiputouksille (Bacardin saari) Sosuasta tai Cabaretesta. Kaksi aktiviteettia yhdess\u00e4 p\u00e4iv\u00e4ss\u00e4, tutustuminen mets\u00e4n kauneuteen ja El Lim\u00f3nin yhteis\u00f6n vesiputouksiin paikallisen oppaan kanssa. Voit tehd\u00e4 t\u00e4m\u00e4n matkan k\u00e4vellen tai hevosen sel\u00e4ss\u00e4 kahvi- ja kookosreittej\u00e4 pitkin. Vierailun j\u00e4lkeen El Lim\u00f3nin vesiputouksilla menemme Saman\u00e1n kaupungin keskustassa sijaitsevalle laiturille ja matkustamme veneell\u00e4 Cayo Levantadoon, jota kutsutaan my\u00f6s Bacardi-saareksi. Siell\u00e4 meill\u00e4 on buffetlounas ja iltap\u00e4iv\u00e4uinti Cayo Levantadon rannalla sek\u00e4 mahdollisuus snorklata koralliriutoilla.<\/span><\/p>\n<p>&nbsp;<\/p>\n<p><b>Valitse matkan p\u00e4iv\u00e4m\u00e4\u00e4r\u00e4:\u00a0<\/b><\/p>","protected":false},"featured_media":12588,"template":"","meta":[],"product_cat":[985,961,956,982,307,253,255,1000],"product_tag":[223,311,606,986,185,267,984,983,309,310,312,186,200,187],"class_list":["post-13290","product","type-product","status-publish","has-post-thumbnail","hentry","product_cat-sosua-cabarete","product_cat-el-limon-horseback-riding","product_cat-el-limon-samana","product_cat-puerto-plata-tour","product_cat-salto-el-limon-and-bacardi-island","product_cat-tours-and-excursions","product_cat-tours-excursions-samana-bay-dominican-republic","product_cat-ultimo2022","product_tag-cayo-levantado","product_tag-cayo-levantado-tour","product_tag-el-limon-tours","product_tag-el-limon-waterfall-cayo-levantado-from-sosua-or-cabarete-private-tour","product_tag-el-limon-waterfalls","product_tag-las-terrenas","product_tag-puerto-plata-excursion","product_tag-puerto-plata-tour","product_tag-salto-el-limon","product_tag-salto-el-limon-hiking","product_tag-salto-el-limon-tour","product_tag-samana","product_tag-samana-excursions","product_tag-samana-tours"],"_links":{"self":[{"href":"https:\/\/www.boattoursamana.com\/fi\/wp-json\/wp\/v2\/product\/13290","targetHints":{"allow":["GET"]}}],"collection":[{"href":"https:\/\/www.boattoursamana.com\/fi\/wp-json\/wp\/v2\/product"}],"about":[{"href":"https:\/\/www.boattoursamana.com\/fi\/wp-json\/wp\/v2\/types\/product"}],"wp:featuredmedia":[{"embeddable":true,"href":"https:\/\/www.boattoursamana.com\/fi\/wp-json\/wp\/v2\/media\/12588"}],"wp:attachment":[{"href":"https:\/\/www.boattoursamana.com\/fi\/wp-json\/wp\/v2\/media?parent=13290"}],"wp:term":[{"taxonomy":"product_cat","embeddable":true,"href":"https:\/\/www.boattoursamana.com\/fi\/wp-json\/wp\/v2\/product_cat?post=13290"},{"taxonomy":"product_tag","embeddable":true,"href":"https:\/\/www.boattoursamana.com\/fi\/wp-json\/wp\/v2\/product_tag?post=13290"}],"curies":[{"name":"wp","href":"https:\/\/api.w.org\/{rel}","templated":true}]}}