{"id":14264,"date":"2017-08-26T15:47:04","date_gmt":"2017-08-26T15:47:04","guid":{"rendered":"https:\/\/www.ticketswhales.com\/?post_type=product&#038;p=14264"},"modified":"2023-10-06T11:37:36","modified_gmt":"2023-10-06T11:37:36","slug":"los-haitises-all-in-one-from-las-terrenas","status":"publish","type":"product","link":"https:\/\/www.boattoursamana.com\/fi\/kiertue\/los-haitises-all-in-one-from-las-terrenas","title":{"rendered":"Los Haitises All In One (melonta, patikointi, veneily, luolastelu, uinti luonnonaltaassa ja lounas) Las Terrenasista k\u00e4sin"},"content":{"rendered":"<div class=\"vc_row wpb_row vc_row-fluid\" ><div class=\"wpb_column vc_column_container vc_col-sm-12\"><div class=\"vc_column-inner\"><div class=\"wpb_wrapper\">\n\t<div class=\"wpb_text_column wpb_content_element\" >\n\t\t<div class=\"wpb_wrapper\">\n\t\t\t<h2>Los Haitises All In One (melonta, patikointi, veneily, luolastelu, uinti luonnonaltaassa ja lounas) Las Terrenasista k\u00e4sin<\/h2>\n<h4><b><i>Yleiskatsaus <\/i><\/b><\/h4>\n<p><span style=\"font-weight: 400;\">Los Haitises All In One on pakomatka kaupungista, jossa voit uppoutua Sanchezin historiallisen ja kalastajakaupungin ja Los Haitisesin p\u00e4\u00e4kaupungin Sabana de la Marin v\u00e4lille. Sanchez tunnetaan vientikeskuksena ja siit\u00e4, ett\u00e4 siell\u00e4 oli La Vegan maakunnasta tuleva juna, joka rakennettiin 1800-luvun lopulla. Tule mukaamme ja nauti raikkaista vesist\u00e4 yhdell\u00e4 Los Haitisesin kansallispuiston tutkimattomista rannoista, jossa San Lorenzon lahti sijaitsee. <\/span><\/p>\n<p><span style=\"font-weight: 400;\">Paikalle p\u00e4\u00e4see veneell\u00e4, ja sit\u00e4 ymp\u00e4r\u00f6i sademets\u00e4 ja mangrovemets\u00e4t. Navigoidessasi Sanchezista Los Haitisesiin p\u00e4\u00e4set kosketuksiin luonnon ja t\u00e4m\u00e4n puiston unohtumattomien maisemien kanssa. T\u00e4m\u00e4 retki on sekoitus melontaa, veneily\u00e4, k\u00e4ynti\u00e4 yhdess\u00e4 luolassa ja uintia yhdess\u00e4 maan t\u00e4rkeimmist\u00e4 kansallispuistoista, t\u00e4\u00e4ll\u00e4 on suurin osa saaren biologisesta monimuotoisuudesta ja toiseksi suurin mangrovemets\u00e4, jossa on yli 98 km2.\u00a0<\/span><\/p>\n<p><span style=\"font-weight: 400;\">Paikallinen ja asiantunteva henkil\u00f6kuntamme pit\u00e4\u00e4 huolen siit\u00e4, ett\u00e4 todella tutustut Tainon kulttuuriin, Los Haitisesin historiaan ja heid\u00e4n yhteyteens\u00e4 luontoon. T\u00e4m\u00e4 retki on ekomatkailumieless\u00e4, jossa yhteis\u00f6ll\u00e4 on hyvin t\u00e4rke\u00e4 rooli, he ovat oppaita, Capitan-veneet ja kuljettajat.<\/span><\/p>\n<p><span style=\"font-weight: 400;\">Booking Adventuren ensisijaisena tavoitteena on varmistaa, ett\u00e4 saat parasta parhaista parhaista aina lipun ostohetkest\u00e4 matkasi loppuun asti. Matkoillamme keskityt\u00e4\u00e4n ymp\u00e4rist\u00f6kasvatukseen, seikkailuun ja paikallishistoriaan, ja t\u00e4m\u00e4n matkan aikana saat n\u00e4hd\u00e4 v\u00e4h\u00e4n kaikkea.\u00a0<\/span><\/p>\n<h3><span style=\"font-weight: 400;\">Sis\u00e4llytykset ja poissulkemiset<\/span><\/h3>\n<h6><strong>Sis\u00e4llytykset<\/strong><\/h6>\n<ul>\n<li><span style=\"font-weight: 400;\">Pikavene ja kapteeni\u00a0<\/span><\/li>\n<li><span style=\"font-weight: 400;\">Melonta\u00a0<\/span><\/li>\n<li>Vaellusreitti<\/li>\n<li><span style=\"font-weight: 400;\">V\u00e4lipaloja (vett\u00e4, hedelmi\u00e4, limsaa).<\/span><\/li>\n<li>Paikallinen lounas<\/li>\n<li><span style=\"font-weight: 400;\">Kaikki verot, maksut ja k\u00e4sittelykulut<\/span><\/li>\n<li><span style=\"font-weight: 400;\">Virkamiehet Ekologi matkaoppaat englanti\/espanja<\/span><\/li>\n<li><span style=\"font-weight: 400;\">Uiminen luonnonaltaissa tai tutkimattomalla rannalla\u00a0<\/span><\/li>\n<li><span style=\"font-weight: 400;\">Luolaaminen<\/span><\/li>\n<li>Nouto hotellista<\/li>\n<\/ul>\n<h6><strong>Poikkeukset<\/strong><\/h6>\n<ul>\n<li><span style=\"font-weight: 400;\">Juomarahat<\/span><\/li>\n<li><span style=\"font-weight: 400;\">Juomat<\/span><\/li>\n<\/ul>\n<h6><strong>L\u00e4ht\u00f6 &amp; paluu<\/strong><\/h6>\n<p><span style=\"font-weight: 400;\">\"Booking Adventuresin\" j\u00e4rjest\u00e4m\u00e4 kierros alkaa matkanjohtajan tai henkil\u00f6kunnan j\u00e4senen kanssa sovitusta tapaamispaikasta. Matkailija saa tapaamispaikan varausprosessin j\u00e4lkeen. Kierrokset alkavat ja p\u00e4\u00e4ttyv\u00e4t kokouspisteiss\u00e4mme.<\/span><\/p>\n<h2>Los Haitises All In One (melonta, patikointi, veneily, luolastelu, uinti luonnonaltaassa ja lounas) Las Terrenasista k\u00e4sin<\/h2>\n<p><span style=\"font-weight: 400;\">Mit\u00e4 odottaa?<\/span><\/p>\n<p><span style=\"font-weight: 400;\">Hanki lippu Eco-Adventure Tour Los Haitisesin kansallispuisto All In One -retkelle.\u00a0<\/span><\/p>\n<p><span style=\"font-weight: 400;\">T\u00e4m\u00e4 retki alkaa tapaamispaikasta, joka sinun on vahvistettava matkatoimistoltamme tai matkaoppaaltasi ennen kuin l\u00e4hdet mihink\u00e4\u00e4n paikkaan. Kun tapaat oppaasi, saatte debriefin retkest\u00e4 ja kaikesta, mik\u00e4 liittyy p\u00e4iv\u00e4\u00e4nne.<\/span><\/p>\n<p><span style=\"font-weight: 400;\">Kun kaikki ovat valmiita, l\u00e4hdemme ensimm\u00e4iselle kohteelle, joka on Los Haitises -polku, jossa teill\u00e4 on 30 minuutin vaellus, jonka aikana n\u00e4emme erilaisia endeemisi\u00e4 kasvi- ja lintulajeja.\u00a0<\/span><\/p>\n<p><span style=\"font-weight: 400;\">Patikoinnin j\u00e4lkeen p\u00e4\u00e4semme takaisin veneeseen ja ratsastaa Playita Las Almejas, jossa luonnon altaat ovat, kun navigoimme l\u00e4pi mangrovemets\u00e4n ja takki San Lorenzo Bay jaamme kanssasi tarinoita Los Haitises, Geologia ja menn\u00e4 yli mangrovemets\u00e4t lajeja, joilla on noin San Lorenzo Bay.\u00a0<\/span><\/p>\n<p><span style=\"font-weight: 400;\">Kun saavumme Las Almejasiin, sinun pit\u00e4isi saada uimapukusi valmiiksi kajakkiisi ja meloa opastajasi kanssa linjan luolaan, muu henkil\u00f6kunta odottaa sinua, kunnes olet lopettanut aktiviteetin ensimm\u00e4isen osan.<\/span><\/p>\n<p><span style=\"font-weight: 400;\">T\u00e4m\u00e4n matkan aikana voit kiert\u00e4\u00e4 Las Perlasin vanhan sataman, joka on yksi ensimm\u00e4isist\u00e4 eurooppalaisista rakennuksista, jotka eurooppalaiset rakensivat alueelle noin vuonna 1876, ja siihen liittyi junarata, joka oli kahvin, banaanien ja kaiken muun sellaisen kuljetus, jota t\u00e4m\u00e4 eurooppalainen ryhm\u00e4 viljeli nykyisess\u00e4 Los Haitisesissa.\u00a0<\/span><\/p>\n<p><span style=\"font-weight: 400;\">Vierailemassasi luolassa on yli 1200 tainojen maalaamaa kuvakirjoitusta, jotka olivat tapa ilmaista itse\u00e4\u00e4n, ja nyky\u00e4\u00e4n t\u00e4m\u00e4 taide kertoo meille tarinoita, joita emme koskaan uskonneet l\u00f6yt\u00e4v\u00e4mme nyky\u00e4\u00e4n. Kun olette lopettaneet t\u00e4\u00e4ll\u00e4, suuntaamme takaisin Playa de las Almejasiin v\u00e4lipalaa ja uintia varten.\u00a0<\/span><\/p>\n<p><span style=\"font-weight: 400;\">Paluumatkalla tuolta alueelta n\u00e4yt\u00e4mme sinulle muutamia mangrovemets\u00e4lajeja ja kerromme mangrovemets\u00e4n merkityksest\u00e4 ekologiselle ekosysteemille.<\/span><\/p>\n<p><span style=\"font-weight: 400;\">Kun olemme lopettaneet melonnan ja uinnin, pid\u00e4mme tauon ja sy\u00f6mme paikallisen lounaan, jossa voimme nauttia paikallisesta keitti\u00f6st\u00e4 ja maistaa Karibian saaren parasta valkoista riisi\u00e4 ja punaisia papuja.\u00a0<\/span><\/p>\n<p><span style=\"font-weight: 400;\">Lounaan ja Los Haitisesin kansallispuiston uinnin j\u00e4lkeen palaamme takaisin Sancheziin, ja paluumatkalla nauti 30 minuutin ajelusta Samanan niemimaalle, t\u00e4m\u00e4 retki p\u00e4\u00e4ttyy samaan paikkaan kuin se alkoi.<\/span><\/p>\n<p><span style=\"font-weight: 400;\">Huomautus: N\u00e4m\u00e4 kierrokset ovat virkamiesten ekologisten oppaiden kanssa. Varaa ajoissa, koska puistossa ei ole liikaa asiantuntijoita.<\/span><\/p>\n<h6><strong>Mit\u00e4 kannattaa ottaa mukaan?<\/strong><\/h6>\n<ul>\n<li style=\"font-weight: 400;\" aria-level=\"1\"><span style=\"font-weight: 400;\">Kamera<\/span><\/li>\n<li style=\"font-weight: 400;\" aria-level=\"1\"><span style=\"font-weight: 400;\">Bug Spray\u00a0<\/span><\/li>\n<li style=\"font-weight: 400;\" aria-level=\"1\"><span style=\"font-weight: 400;\">Aurinkovoide<\/span><\/li>\n<li style=\"font-weight: 400;\" aria-level=\"1\"><span style=\"font-weight: 400;\">Mukavat housut<\/span><\/li>\n<li style=\"font-weight: 400;\" aria-level=\"1\"><span style=\"font-weight: 400;\">Vaelluskeng\u00e4t<\/span><\/li>\n<li style=\"font-weight: 400;\" aria-level=\"1\"><span style=\"font-weight: 400;\">Sadetakki\u00a0<\/span><\/li>\n<li style=\"font-weight: 400;\" aria-level=\"1\"><span style=\"font-weight: 400;\">Uimapuku\u00a0<\/span><\/li>\n<li style=\"font-weight: 400;\" aria-level=\"1\"><span style=\"font-weight: 400;\">Pyyhe<\/span><\/li>\n<li style=\"font-weight: 400;\" aria-level=\"1\"><span style=\"font-weight: 400;\">Kuivapussi\u00a0\u00a0<\/span><\/li>\n<\/ul>\n<h4><b><i>Hotellin nouto <\/i><\/b><\/h4>\n<p><span style=\"font-weight: 400;\">Hotellin nouto on tarjolla t\u00e4lle kiertueelle. Vain olet Santa Barbara de Samana, Las Terrenas, Las Galeras &amp; Sanchez...\u00a0<\/span><\/p>\n<p><b>Huom:<\/b><span style=\"font-weight: 400;\"> Jos teet varauksen 24 tunnin kuluessa matkan\/retken l\u00e4ht\u00f6ajasta, voimme j\u00e4rjest\u00e4\u00e4 hotellin noudon lis\u00e4maksusta mist\u00e4 tahansa Dominikaanisen tasavallan alueelta. Kun ostoksesi on tehty, l\u00e4het\u00e4mme sinulle t\u00e4ydelliset yhteystiedot (puhelinnumero, s\u00e4hk\u00f6postiosoite jne.) paikalliselle matkaoppaallemme noutoj\u00e4rjestelyjen j\u00e4rjest\u00e4miseksi.<\/span><\/p>\n<h4><b><i>Lis\u00e4tietoja Vahvistus <\/i><\/b><\/h4>\n<ol>\n<li>Liput ovat kuitti, kun olet maksanut t\u00e4st\u00e4 kiertueesta. Voit n\u00e4ytt\u00e4\u00e4 maksun puhelimellasi.<\/li>\n<li style=\"font-weight: 400;\"><span style=\"font-weight: 400;\">Kokouspaikka saadaan varausprosessin j\u00e4lkeen.<\/span><\/li>\n<li style=\"font-weight: 400;\"><span style=\"font-weight: 400;\">Lasten mukana on oltava aikuinen.<\/span><\/li>\n<li style=\"font-weight: 400;\"><span style=\"font-weight: 400;\"> Ei esteet\u00f6n py\u00f6r\u00e4tuolilla <\/span><\/li>\n<li style=\"font-weight: 400;\"><span style=\"font-weight: 400;\">Pikkulasten on istuttava syliss\u00e4 <\/span><\/li>\n<li style=\"font-weight: 400;\"><span style=\"font-weight: 400;\">Ei suositella matkustajille, joilla on selk\u00e4vaivoja<\/span><\/li>\n<li style=\"font-weight: 400;\"><span style=\"font-weight: 400;\">Ei suositella raskaana oleville matkustajille <\/span><\/li>\n<li style=\"font-weight: 400;\"><span style=\"font-weight: 400;\"> Ei syd\u00e4nongelmia tai muita vakavia sairauksia <\/span><\/li>\n<li style=\"font-weight: 400;\"><span style=\"font-weight: 400;\">Useimmat matkustajat voivat osallistua<\/span><\/li>\n<\/ol>\n<h4><b><i>Peruutusehdot<\/i><\/b><\/h4>\n<p><span style=\"font-weight: 400;\">Jos haluat t\u00e4yden hyvityksen, lue peruutusk\u00e4yt\u00e4nt\u00f6mme.\u00a0<a href=\"https:\/\/www.boattoursamana.com\/fi\/online-varaukset\/\" target=\"_blank\" rel=\"noopener\" data-saferedirecturl=\"https:\/\/www.google.com\/url?q=https:\/\/www.boattoursamana.com\/online-booking\/&amp;source=gmail&amp;ust=1672449202351000&amp;usg=AOvVaw1yAeVAPktmaVCqDujgUn90\">Klikkaa t\u00e4st\u00e4<\/a>. Varat menetet\u00e4\u00e4n, jos varaus peruutetaan samana matkap\u00e4iv\u00e4n\u00e4.<\/span><\/p>\n\n\t\t<\/div>\n\t<\/div>\n<div class=\"mkdf-section-title-holder\" style=\"text-align: left\">\n\t<div class=\"mkdf-st-inner\">\n\t\t\t\t\t<h5 class=\"mkdf-st-subtitle\" >\n\t\t\t\t( All in One )\t\t\t<\/h5>\n\t\t\t\t\t\t\t<h3 class=\"mkdf-st-title\" >\n\t\t\t\tHaitises All In One (melonta, patikointi, veneily, luolastelu, uinti luonnon uima-altaassa ja lounas) Las Terrenasista k\u00e4sin\t\t\t<\/h3>\n\t\t\t\t\t\t\t<p class=\"mkdf-st-text\" >\n\t\t\t\tT\u00e4h\u00e4n kokemukseen tarvitaan v\u00e4hint\u00e4\u00e4n 4 osallistujaa. Jos teit\u00e4 ei ole 4 ota rohkeasti yhteytt\u00e4!\t\t\t<\/p>\n\t\t\t<\/div>\n<\/div><\/div><\/div><\/div><\/div><div class=\"vc_row wpb_row vc_row-fluid\" ><div class=\"wpb_column vc_column_container vc_col-sm-12\"><div class=\"vc_column-inner\"><div class=\"wpb_wrapper\">\n\t<div class=\"wpb_video_widget wpb_content_element vc_clearfix   vc_video-aspect-ratio-169 vc_video-el-width-100 vc_video-align-left\" >\n\t\t<div class=\"wpb_wrapper\">\n\t\t\t<h2 class=\"wpb_heading wpb_video_heading\">Kajakki Los Haitises <\/h2>\n\t\t\t<div class=\"wpb_video_wrapper\"><iframe loading=\"lazy\" title=\"Melonta- ja luolaretki Los Haitisesin kansallispuistossa, Dominikaanisessa tasavallassa\" width=\"1100\" height=\"619\" src=\"https:\/\/www.youtube.com\/embed\/ucU1uwB57wQ?feature=oembed\" frameborder=\"0\" allow=\"accelerometer; autoplay; clipboard-write; encrypted-media; gyroscope; picture-in-picture; web-share\" allowfullscreen><\/iframe><\/div>\n\t\t<\/div>\n\t<\/div>\n<\/div><\/div><\/div><\/div><div class=\"vc_row wpb_row vc_row-fluid\" ><\/div><div class=\"wpb_column vc_column_container vc_col-sm-12\"><div class=\"vc_column-inner\"><div class=\"wpb_wrapper\"><\/div><\/div><\/div><div class=\"vc_empty_space\"   style=\"height: 32px\"><span class=\"vc_empty_space_inner\"><\/span><\/div><div class=\"vc_empty_space\"   style=\"height: 32px\"><span class=\"vc_empty_space_inner\"><\/span><\/div>","protected":false},"excerpt":{"rendered":"<p><span style=\"font-weight: 400;\">Pakene kaupunkia ja uppoa Sanchezin historiallisen ja kalastajakaupungin ja Los Haitisesin p\u00e4\u00e4kaupungin Sabana de la Marin v\u00e4lille. Sanchez tunnetaan vientikeskuksena ja siit\u00e4, ett\u00e4 sinne rakennettiin 1800-luvun lopulla juna La Vegan maakunnasta. Tule mukaamme ja nauti raikkaista vesist\u00e4 yhdell\u00e4 Los Haitisesin kansallispuiston tutkimattomista rannoista, jossa San Lorenzon lahti sijaitsee. Paikkaan p\u00e4\u00e4see veneell\u00e4, jota ymp\u00e4r\u00f6i sademets\u00e4 ja mangrovemets\u00e4t. Navigoidessasi Sanchezista Los Haitisesiin p\u00e4\u00e4set kosketuksiin luonnon ja t\u00e4m\u00e4n puiston unohtumattomien maisemien kanssa. T\u00e4m\u00e4 retki on sekoitus melontaa, veneily\u00e4, k\u00e4ynti\u00e4 yhdess\u00e4 luolassa ja uintia yhdess\u00e4 maan t\u00e4rkeimmist\u00e4 kansallispuistoista, t\u00e4\u00e4ll\u00e4 on suurin osa saaren biologisesta monimuotoisuudesta ja toiseksi suurin mangrovemets\u00e4, jossa on yli 98 km2.\u00a0<\/span><\/p>\n<p>&nbsp;<\/p>\n<p><strong><span style=\"vertical-align: inherit;\"><span style=\"vertical-align: inherit;\">Valitse p\u00e4iv\u00e4m\u00e4\u00e4r\u00e4 t\u00e4lle seikkailulle:<\/span><\/span><\/strong><\/p>","protected":false},"featured_media":14267,"template":"","meta":[],"product_cat":[456,946,878,928,168,920,927,934,1046,862,160,773,254,255],"product_tag":[422,268,174,173,577,576,571,570,569,317,316,206,1047,522,209,575,441,574,572,499,175,498,200,187,573],"class_list":["post-14264","product","type-product","status-publish","has-post-thumbnail","hentry","product_cat-day-trips","product_cat-1-sabana-de-la-mar","product_cat-altos-de-cano-hondo","product_cat-boat-trip-los-haitises","product_cat-caves","product_cat-group-tours","product_cat-hiking-los-haitises","product_cat-kayaking-los-haitises","product_cat-las-terrenas","product_cat-los-haitises-national-park","product_cat-lunch","product_cat-private-tours-excursions","product_cat-tours-excursions-los-haitises-national-park","product_cat-tours-excursions-samana-bay-dominican-republic","product_tag-cano-hondo-sabana-de-la-mar","product_tag-caves-los-haitises","product_tag-eco-tours","product_tag-excursion","product_tag-hike-kayak","product_tag-hike-kayak-los-haitises-national-park","product_tag-hiking-los-haitises","product_tag-hiking-sabana-de-la-mar","product_tag-hiking-samana","product_tag-kayak-tour","product_tag-kayaking","product_tag-kayaking-los-haitises","product_tag-las-galeras-excursions","product_tag-las-terrenas-excursions","product_tag-los-haitises-national-park","product_tag-los-haitises-national-park-entrance-fee","product_tag-los-haitises-national-park-tour-from-las-terrenas","product_tag-los-haitises-national-park-tour-from-santo-domingo","product_tag-los-haitises-national-park-weather","product_tag-los-haitises-sabana-de-la-mar","product_tag-sabana-de-la-mar","product_tag-sabana-de-la-mar-tour","product_tag-samana-excursions","product_tag-samana-tours","product_tag-secrets-of-los-haitises"],"_links":{"self":[{"href":"https:\/\/www.boattoursamana.com\/fi\/wp-json\/wp\/v2\/product\/14264","targetHints":{"allow":["GET"]}}],"collection":[{"href":"https:\/\/www.boattoursamana.com\/fi\/wp-json\/wp\/v2\/product"}],"about":[{"href":"https:\/\/www.boattoursamana.com\/fi\/wp-json\/wp\/v2\/types\/product"}],"wp:featuredmedia":[{"embeddable":true,"href":"https:\/\/www.boattoursamana.com\/fi\/wp-json\/wp\/v2\/media\/14267"}],"wp:attachment":[{"href":"https:\/\/www.boattoursamana.com\/fi\/wp-json\/wp\/v2\/media?parent=14264"}],"wp:term":[{"taxonomy":"product_cat","embeddable":true,"href":"https:\/\/www.boattoursamana.com\/fi\/wp-json\/wp\/v2\/product_cat?post=14264"},{"taxonomy":"product_tag","embeddable":true,"href":"https:\/\/www.boattoursamana.com\/fi\/wp-json\/wp\/v2\/product_tag?post=14264"}],"curies":[{"name":"wp","href":"https:\/\/api.w.org\/{rel}","templated":true}]}}