{"id":14291,"date":"2022-11-02T08:35:02","date_gmt":"2022-11-02T08:35:02","guid":{"rendered":"https:\/\/www.ticketswhales.com\/?post_type=product&#038;p=14291"},"modified":"2023-10-12T02:05:54","modified_gmt":"2023-10-12T02:05:54","slug":"punta-cana-los-haitises-national-park-yanigua-waterfalls-montana-redonda","status":"publish","type":"product","link":"https:\/\/www.boattoursamana.com\/fi\/kiertue\/punta-cana-los-haitisesin-kansallispuisto-yaniguan-vesiputoukset-montana-redonda","title":{"rendered":"Punta Cana: Punta Cana: Los Haitisesin kansallispuisto, Yaniguan vesiputoukset ja Montana Redonda"},"content":{"rendered":"<div class=\"vc_row wpb_row vc_row-fluid\" ><div class=\"wpb_column vc_column_container vc_col-sm-12\"><div class=\"vc_column-inner\"><div class=\"wpb_wrapper\"><div class=\"mkdf-section-title-holder\" style=\"text-align: left\">\n\t<div class=\"mkdf-st-inner\">\n\t\t\t\t\t<h5 class=\"mkdf-st-subtitle\" >\n\t\t\t\tKuljetus ja lounas sis\u00e4ltyv\u00e4t hintaan\t\t\t<\/h5>\n\t\t\t\t\t\t\t<h3 class=\"mkdf-st-title\" >\n\t\t\t\tPunta Cana: Punta Cana: Los Haitisesin kansallispuisto, Yaniguan vesiputoukset ja Montana Redonda\t\t\t<\/h3>\n\t\t\t\t\t<\/div>\n<\/div><\/div><\/div><\/div><\/div><div class=\"vc_row wpb_row vc_row-fluid\" ><div class=\"wpb_column vc_column_container vc_col-sm-12\"><div class=\"vc_column-inner\"><div class=\"wpb_wrapper\"><div class=\"vc_btn3-container vc_btn3-inline\" ><a class=\"vc_general vc_btn3 vc_btn3-size-md vc_btn3-shape-rounded vc_btn3-style-modern vc_btn3-color-green\" href=\"https:\/\/bookingadventures.tours\/booking.php?tour_id=8081df21d5fc51981b39e270d99ab5ab\" title=\"\" rel=\"noopener\">VARAA NYT <\/a><\/div>\n\t<div class=\"wpb_text_column wpb_content_element\" >\n\t\t<div class=\"wpb_wrapper\">\n\t\t\t<h3>Punta Cana: Punta Cana: Los Haitisesin kansallispuisto, Yaniguan vesiputoukset ja Montana Redonda<\/h3>\n<h4><b><i>Yleiskatsaus <\/i><\/b><\/h4>\n<p>Los Haitisesin kansallispuiston retki Punta Canasta p\u00e4iv\u00e4retki. L\u00e4ht\u00f6 hotelliltasi Punta Canassa tai Bavarossa. Ajamme matkaoppaamme kanssa Montana Redondaan. Jossa sinulla on aikaa ottaa upeita valokuvia yhdest\u00e4 Dominikaanisen tasavallan vaikuttavimmista n\u00e4kymist\u00e4. T\u00e4m\u00e4n ensimm\u00e4isen pys\u00e4hdyksen j\u00e4lkeen jatkamme matkaa Los Haitisesin kansallispuistoon, jossa nautimme v\u00e4lipalaa ja tyypillisi\u00e4 juomia samalla kun kiertelemme mangrovepuita, luolia ja kuuluisia kalliosaaria kuten Jurassic Parkissa. Los Haitisesin kansallispuiston vierailun j\u00e4lkeen meit\u00e4 odottaa lounas Ca\u00f1o Hondossa. Paikallisen ja gastronomisen lounaan j\u00e4lkeen sinulla on aikaa uida ainutlaatuisissa luonnonaltaissa, joiden vesi on per\u00e4isin Los Haitisesin kansallispuistosta.<\/p>\n<p>T\u00e4m\u00e4n kokemuksen j\u00e4lkeen p\u00e4\u00e4set takaisin Punta Canan yhteis\u00f6\u00f6n, josta noudamme sinut.<\/p>\n<ul>\n<li style=\"font-weight: 400;\">Maksut sis\u00e4ltyv\u00e4t<\/li>\n<li>Lounas<\/li>\n<li>V\u00e4lipalat<\/li>\n<li style=\"font-weight: 400;\">Paikallinen matkaopas englanniksi tai ranskaksi<\/li>\n<li>Kuljetus<\/li>\n<li>Venematka<\/li>\n<li>Montana Redonda<\/li>\n<li>Yaniguan vesiputous<\/li>\n<\/ul>\n<p>&nbsp;<\/p>\n<h4><b>Sis\u00e4llytykset ja poissulkemiset<\/b><\/h4>\n<p>&nbsp;<\/p>\n<p><b>Sis\u00e4llytykset<\/b><\/p>\n<ol>\n<li style=\"font-weight: 400;\">Los Haitisesin kierros + luolat ja piktografiat<\/li>\n<li>Montana Redonda<\/li>\n<li>Yaniguan vesiputoukset<\/li>\n<li>Lounas<\/li>\n<li>Hotellit Punta Canan alueilla.<\/li>\n<li style=\"font-weight: 400;\"><span style=\"font-weight: 400;\">Kaikki verot, maksut ja k\u00e4sittelykulut<\/span><\/li>\n<li style=\"font-weight: 400;\"><span style=\"font-weight: 400;\">Paikalliset verot<\/span><\/li>\n<li style=\"font-weight: 400;\"><span style=\"font-weight: 400;\">Juomat<\/span><\/li>\n<li>V\u00e4lipalat<\/li>\n<li style=\"font-weight: 400;\"><span style=\"font-weight: 400;\">Kaikki toiminnot<\/span><\/li>\n<li style=\"font-weight: 400;\"><span style=\"font-weight: 400;\">Paikallinen opas<\/span><\/li>\n<\/ol>\n<p><b> Poikkeukset<\/b><\/p>\n<ol>\n<li style=\"font-weight: 400;\"><span style=\"font-weight: 400;\">Juomarahat<\/span><\/li>\n<li style=\"font-weight: 400;\"><span style=\"font-weight: 400;\">Alkoholijuomat<\/span><\/li>\n<\/ol>\n<p>&nbsp;<\/p>\n<h4><em><strong>L\u00e4ht\u00f6 &amp; paluu<\/strong><\/em><\/h4>\n<p><span style=\"font-weight: 400;\">Matkustaja saa tapaamispaikan varausprosessin j\u00e4lkeen. Kierrokset alkavat ja p\u00e4\u00e4ttyv\u00e4t tapaamispaikoissa.<\/span><\/p>\n<h4><\/h4>\n<h3>Punta Cana: Punta Cana: Los Haitisesin kansallispuisto, Yaniguan vesiputoukset ja Montana Redonda<\/h3>\n<h4><b><i>Mit\u00e4 odottaa?<\/i><\/b><\/h4>\n<p><em><strong>Hanki liput<\/strong><\/em> Los Haitisesin kansallispuistokierrokselle Punta Canasta.<\/p>\n<p>The\u00a0<strong>Dominikaanisen tasavallan trooppinen luonto<\/strong>\u00a0on yksi t\u00e4rkeimmist\u00e4\u00a0<strong>matkailukohteita<\/strong>\u00a0maassa. T\u00e4n\u00e4\u00e4n haluamme ehdottaa sinulle a\u00a0<strong>ainutlaatuinen retki<\/strong>\u00a0jonka voit tehd\u00e4 Punta Canasta, ja se sis\u00e4lt\u00e4\u00e4 vierailun kolmeen paikkaan, joissa maisemat j\u00e4tt\u00e4v\u00e4t sinut sanattomaksi.<\/p>\n<p>Ensimm\u00e4inen niist\u00e4 on\u00a0<em>Py\u00f6re\u00e4 vuori<\/em>, paikka, josta on tullut viime vuosina kuuluisa\u00a0<strong>Panoraman\u00e4k\u00f6ala<\/strong>\u00a0Karibian yli, miss\u00e4\u00a0<strong>tilannekuvia keinussa<\/strong>\u00a0joka katsoo kohti horisonttia, on tehnyt siit\u00e4 yhden\u00a0<strong>eniten kuvatut paikat Dominikaanisessa tasavallassa<\/strong>.<\/p>\n<p><strong>Los Haitisesin kansallispuisto<\/strong>\u00a0on seuraava m\u00e4\u00e4r\u00e4np\u00e4\u00e4mme kartalla, alue, jossa\u00a0<strong>meri, mangrovemets\u00e4t, viidakot<\/strong>\u00a0ja jopa\u00a0<strong>arkeologiset j\u00e4\u00e4nn\u00f6kset<\/strong>\u00a0piilotettu luoliin, paljastaa kaikki\u00a0<strong>luonnollista vieh\u00e4tysvoimaa, jota maa tarjoaa<\/strong>. Sen pienet kukkulat t\u00e4ynn\u00e4 kasvillisuutta ovat my\u00f6s t\u00e4ydellinen paikka lintujen tarkkailuun, jonka l\u00f6yd\u00e4t vain t\u00e4\u00e4lt\u00e4.<\/p>\n<p>Puiston sis\u00e4ll\u00e4 on toinen\u00a0<strong>maaginen paikka: Yanigua Ranch Waterfalls<\/strong>. T\u00e4m\u00e4 upea vesiputous on\u00a0<strong>t\u00e4ydellinen paikka katkaista<\/strong>\u00a0Punta Canan turistijoukoista, jota ymp\u00e4r\u00f6i paksu kasvillisuus, joka saa meid\u00e4t ajattelemaan, ett\u00e4 olemme yli 100 kilometrin p\u00e4\u00e4ss\u00e4 l\u00e4himm\u00e4st\u00e4 kaupungista, vaikka se ei todellakaan ole sellaista.<\/p>\n<div class=\"body-description secondary\">\n<p>Lounaan j\u00e4lkeen palaamme takaisin Punta Canaan!!!<\/p>\n<h2 id=\"headline-62-1277\" class=\"ct-headline\">Kiertueen reittisuunnitelma<\/h2>\n<div id=\"_rich_text-77-1277\" class=\"oxy-rich-text\">\n<p>T\u00e4m\u00e4n retken reittisuunnitelma on seuraava:<\/p>\n<ul>\n<li><strong>06:50 aamulla<\/strong>\u00a0\u2013 Nouda sinut hotellillesi.<\/li>\n<li><strong>klo 08:30<\/strong>\u00a0\u2013 Saapuminen py\u00f6re\u00e4lle vuorelle, joka on ainutlaatuinen maisema koko maassa.<\/li>\n<li><strong>klo 10.30<\/strong>\u00a0\u2013 L\u00e4htee Sabana de la Marista kohti Haitisesin kansallispuistoa pikaveneell\u00e4. Matkalla n\u00e4hd\u00e4\u00e4n\u00a0<strong>eksoottisia lintuja<\/strong>, ja saavumme\u00a0<strong>luolat<\/strong>\u00a0miss\u00e4 voit n\u00e4hd\u00e4\u00a0<strong>alkuper\u00e4iskansojen maalauksia<\/strong>.<\/li>\n<li><strong>12:30<\/strong>\u00a0<strong>pm\u00a0<\/strong>\u2013 Mene syv\u00e4lle viidakkoon, kunnes saavutamme Yanigua Ranch Waterfalls -vesiputoukset, joka on t\u00e4ydellinen paikka lounastaa ja pulahtaa. Voit my\u00f6s ottaa terapeuttisen mutakylvyn.<\/li>\n<li><strong>02:00<\/strong>\u00a0<strong>pm<\/strong>\u00a0\u2013 Voit maistaa\u00a0<strong>kahvi ja kaakao<\/strong>\u00a0paikallisilta maatiloilta ja ranchesilta.<\/li>\n<li><strong>03:00<\/strong>\u00a0<strong>pm<\/strong>- Vieraile\u00a0<strong>sininen meripihka minun<\/strong>.<\/li>\n<li><strong>16:30<\/strong>\u00a0\u2013 Pys\u00e4hdy valokuvauspisteeseen, jossa n\u00e4et Haitisesin kansallispuiston loiston.<\/li>\n<li><strong>klo 17.00<\/strong>\u00a0\u2013 Lopuksi opas vie meid\u00e4t yhteen paikan omituisimmista rakennuksista,\u00a0<em>Tarzanin talo<\/em>, joka sijaitsee yli 100 jalkaa korkeassa puussa.<\/li>\n<li><strong>klo 18.00<\/strong>\u00a0\u2013 Paluu hotelleillamme kuljetuksellamme.<\/li>\n<\/ul>\n<p><em>* Yll\u00e4 ilmoitetut ajat ovat likim\u00e4\u00e4r\u00e4isi\u00e4<\/em><\/p>\n<\/div>\n<\/div>\n<p>Jos haluat t\u00e4m\u00e4n matkan pidemm\u00e4ksi tai lyhyemm\u00e4ksi, ota meihin yhteytt\u00e4.<\/p>\n<p>&nbsp;<\/p>\n<h4><em><strong>Mit\u00e4 kannattaa ottaa mukaan?<\/strong><\/em><\/h4>\n<ul>\n<li style=\"font-weight: 400;\"><span style=\"font-weight: 400;\">Kamera<\/span><\/li>\n<li style=\"font-weight: 400;\"><span style=\"font-weight: 400;\">Hylkiv\u00e4 silmut<\/span><\/li>\n<li style=\"font-weight: 400;\"><span style=\"font-weight: 400;\">Aurinkovoide<\/span><\/li>\n<li style=\"font-weight: 400;\"><span style=\"font-weight: 400;\">Hattu<\/span><\/li>\n<li style=\"font-weight: 400;\"><span style=\"font-weight: 400;\">Mukavat housut<\/span><\/li>\n<li style=\"font-weight: 400;\"><span style=\"font-weight: 400;\">Vaelluskeng\u00e4t mets\u00e4\u00e4n<\/span><\/li>\n<li style=\"font-weight: 400;\"><span style=\"font-weight: 400;\">Sandaalit kev\u00e4\u00e4n alueille.<\/span><\/li>\n<li style=\"font-weight: 400;\"><span style=\"font-weight: 400;\">Uima-asu<\/span><\/li>\n<\/ul>\n<p>&nbsp;<\/p>\n<h4><b><i>Hotellin nouto <\/i><\/b><\/h4>\n<p><span style=\"font-weight: 400;\">Hotellin nouto on tarjolla t\u00e4lle kiertueelle. Valitse hotellin nimi ja aika t\u00e4\u00e4ll\u00e4. Jos hotelli ei ole luettelossa, ota yhteytt\u00e4.<\/span><\/p>\n<p>&nbsp;<\/p>\n<p><b>Huom:<\/b><span style=\"font-weight: 400;\"> Jos varaus tehd\u00e4\u00e4n 24 tunnin kuluessa matkan\/retken l\u00e4ht\u00f6ajasta, voimme j\u00e4rjest\u00e4\u00e4 noutoj\u00e4rjestelyj\u00e4 hotellista. Kun ostoksesi on tehty, l\u00e4het\u00e4mme sinulle t\u00e4ydelliset yhteystiedot (puhelinnumero, s\u00e4hk\u00f6postiosoite jne.) paikalliselle matkaoppaallemme noutoj\u00e4rjestelyjen j\u00e4rjest\u00e4miseksi.<\/span><\/p>\n<h4><b><i>Lis\u00e4tietoja Vahvistus <\/i><\/b><\/h4>\n<ol>\n<li>Liput ovat kuitti maksettuasi t\u00e4m\u00e4n Tour. Voit n\u00e4ytt\u00e4\u00e4 maksun puhelimellasi.<\/li>\n<li style=\"font-weight: 400;\"><span style=\"font-weight: 400;\">Kokouspaikka saadaan varausprosessin j\u00e4lkeen.<\/span><\/li>\n<li style=\"font-weight: 400;\"><span style=\"font-weight: 400;\">Lasten mukana on oltava aikuinen.<\/span><\/li>\n<li style=\"font-weight: 400;\"><span style=\"font-weight: 400;\"> Ei esteet\u00f6n py\u00f6r\u00e4tuolilla <\/span><\/li>\n<li style=\"font-weight: 400;\"><span style=\"font-weight: 400;\">Pikkulasten on istuttava syliss\u00e4 <\/span><\/li>\n<li style=\"font-weight: 400;\"><span style=\"font-weight: 400;\">Ei suositella matkustajille, joilla on selk\u00e4vaivoja<\/span><\/li>\n<li style=\"font-weight: 400;\"><span style=\"font-weight: 400;\">Ei suositella raskaana oleville matkustajille <\/span><\/li>\n<li style=\"font-weight: 400;\"><span style=\"font-weight: 400;\"> Ei syd\u00e4nongelmia tai muita vakavia sairauksia <\/span><\/li>\n<li style=\"font-weight: 400;\"><span style=\"font-weight: 400;\">Useimmat matkustajat voivat osallistua<\/span><\/li>\n<\/ol>\n<h4><b><i>Peruutusehdot<\/i><\/b><\/h4>\n<p>Jos haluat t\u00e4yden hyvityksen, lue peruutusk\u00e4yt\u00e4nt\u00f6mme.\u00a0<a href=\"https:\/\/www.boattoursamana.com\/fi\/online-varaukset\/\" target=\"_blank\" rel=\"noopener\" data-saferedirecturl=\"https:\/\/www.google.com\/url?q=https:\/\/www.boattoursamana.com\/online-booking\/&amp;source=gmail&amp;ust=1672308980019000&amp;usg=AOvVaw26v5FL8g3-3hyHN76KOvdD\">Klikkaa t\u00e4st\u00e4<\/a>. Varat menetet\u00e4\u00e4n, jos varaus peruutetaan samana matkap\u00e4iv\u00e4n\u00e4.<\/p>\n\n\t\t<\/div>\n\t<\/div>\n<div class=\"vc_btn3-container vc_btn3-inline\" ><a class=\"vc_general vc_btn3 vc_btn3-size-md vc_btn3-shape-rounded vc_btn3-style-modern vc_btn3-color-green\" href=\"https:\/\/bookingadventures.tours\/booking.php?tour_id=8081df21d5fc51981b39e270d99ab5ab\" title=\"\" rel=\"noopener\">VARAA NYT <\/a><\/div><\/div><\/div><\/div><\/div><div class=\"vc_row wpb_row vc_row-fluid\" ><div class=\"wpb_column vc_column_container vc_col-sm-12\"><div class=\"vc_column-inner\"><div class=\"wpb_wrapper\"><div class=\"vc_empty_space\"   style=\"height: 32px\"><span class=\"vc_empty_space_inner\"><\/span><\/div>\n\t<div class=\"wpb_video_widget wpb_content_element vc_clearfix   vc_video-aspect-ratio-169 vc_video-el-width-100 vc_video-align-left\" >\n\t\t<div class=\"wpb_wrapper\">\n\t\t\t<h2 class=\"wpb_heading wpb_video_heading\">Los Haitisesin kansallispuisto Video:<\/h2>\n\t\t\t<div class=\"wpb_video_wrapper\"><iframe loading=\"lazy\" title=\"Los Haitisesin kansallispuisto, matkat ja retket Samanasta tai Sabana de la Marista. Varaa t\u00e4\u00e4lt\u00e4:\" src=\"https:\/\/player.vimeo.com\/video\/346508015?dnt=1&amp;app_id=122963\" width=\"1100\" height=\"619\" frameborder=\"0\" allow=\"autoplay; fullscreen\" allowfullscreen><\/iframe><\/div>\n\t\t<\/div>\n\t<\/div>\n<div class=\"vc_empty_space\"   style=\"height: 32px\"><span class=\"vc_empty_space_inner\"><\/span><\/div><\/div><\/div><\/div><\/div><div class=\"vc_row wpb_row vc_row-fluid\" ><div class=\"wpb_column vc_column_container vc_col-sm-12\"><div class=\"vc_column-inner\"><div class=\"wpb_wrapper\"><div class=\"vc_empty_space\"   style=\"height: 32px\"><span class=\"vc_empty_space_inner\"><\/span><\/div>\n\t<div class=\"wpb_text_column wpb_content_element\" >\n\t\t<div class=\"wpb_wrapper\">\n\t\t\t<h4>Ota yhteytt\u00e4?<\/h4>\n<h5><em><strong>Seikkailujen varaaminen<\/strong><\/em><\/h5>\n<p><em><strong>Paikalliset<\/strong>\u00a0ja\u00a0<strong>Kansalliset<\/strong>\u00a0Matkaoppaat &amp; vieraspalvelut<\/em><\/p>\n<p><span class=\"text-turquoise\">Varaukset:<\/span>\u00a0Retket ja retket Dom. Rep.<\/p>\n<p><img decoding=\"async\" class=\"emoji\" draggable=\"false\" src=\"https:\/\/s.w.org\/images\/core\/emoji\/11.2.0\/svg\/1f4de.svg\" alt=\"\ud83d\udcde\" title=\"\">\u00a0Puh \/ Whatsapp\u00a0\u00a0<a href=\"tel:+1-809-720-6035\">+1-809-720-6035<\/a>.<\/p>\n<p><img decoding=\"async\" class=\"emoji\" draggable=\"false\" src=\"https:\/\/s.w.org\/images\/core\/emoji\/11.2.0\/svg\/1f4e9.svg\" alt=\"\ud83d\udce9\" title=\"\">\u00a0<a href=\"mailto:info@bookingadventures.com.do\">info@bookingadventures.com.do<\/a><\/p>\n<p><strong>Olemme joustavia Asetukset Yksityiset matkat Whatsappilla:\u00a0<a href=\"tel:+18097206035\">+18097206035.<\/a><\/strong><\/p>\n\n\t\t<\/div>\n\t<\/div>\n<div class=\"vc_empty_space\"   style=\"height: 32px\"><span class=\"vc_empty_space_inner\"><\/span><\/div><\/div><\/div><\/div><\/div>","protected":false},"excerpt":{"rendered":"<p>Retki Punta Canasta: Los Haitisesin kansallispuisto, Yaniguan vesiputoukset ja Montana Redonda. Sis\u00e4lt\u00e4\u00e4 lounaan ja kuljetuksen kolmeen p\u00e4\u00e4luolaan tutustumista varten, 2 eri mangroveekosysteemin tutkimisen, n\u00e4kym\u00e4t ja Simming-altaat.<\/p>\n<p>Koko p\u00e4iv\u00e4n matka Los Haitisesin kansallispuistoon paikallisen oppaan kanssa. Vierailu Los Haitisesin kansallispuiston Caysissa, mangroveissa, kasvillisuudessa, lintujen luolassa, luolissa, kuvakirjoissa ja Sabana de la Marin historiallisilla alueilla Los Haitisesin kansallispuistossa. Upeat n\u00e4kym\u00e4t Montana Redondassa ja lounas sek\u00e4 uima-altaat Yaniguan vesiputouksilla.<\/p>\n<p>&nbsp;<\/p>\n<p><strong>Valitse kiertueen p\u00e4iv\u00e4m\u00e4\u00e4r\u00e4:\u00a0<\/strong><\/p>","protected":false},"featured_media":14278,"template":"","meta":[],"product_cat":[948,946,928,168,1050,1049],"product_tag":[268,296,267,171,209,440,441,299,1052,212,297,222,298,269,1053,1051],"class_list":["post-14291","product","type-product","status-publish","has-post-thumbnail","hentry","product_cat-1-punta-cana","product_cat-1-sabana-de-la-mar","product_cat-boat-trip-los-haitises","product_cat-caves","product_cat-waterfalls-los-haitises","product_cat-yanigua-waterfalls-montana-redonda","product_tag-caves-los-haitises","product_tag-day-trip-punta-cana","product_tag-las-terrenas","product_tag-los-haitises","product_tag-los-haitises-national-park","product_tag-los-haitises-national-park-map","product_tag-los-haitises-national-park-tour-from-las-terrenas","product_tag-los-haitises-national-park-tours-excursions","product_tag-los-haitises-waterfall","product_tag-mangroves-los-haitises","product_tag-montana-redonda-tours-excursion","product_tag-punta-cana","product_tag-punta-cana-tours-excursions","product_tag-transportation-los-haitises","product_tag-waterfalls-dominican-republic","product_tag-yanigua-waterfalls"],"_links":{"self":[{"href":"https:\/\/www.boattoursamana.com\/fi\/wp-json\/wp\/v2\/product\/14291","targetHints":{"allow":["GET"]}}],"collection":[{"href":"https:\/\/www.boattoursamana.com\/fi\/wp-json\/wp\/v2\/product"}],"about":[{"href":"https:\/\/www.boattoursamana.com\/fi\/wp-json\/wp\/v2\/types\/product"}],"wp:featuredmedia":[{"embeddable":true,"href":"https:\/\/www.boattoursamana.com\/fi\/wp-json\/wp\/v2\/media\/14278"}],"wp:attachment":[{"href":"https:\/\/www.boattoursamana.com\/fi\/wp-json\/wp\/v2\/media?parent=14291"}],"wp:term":[{"taxonomy":"product_cat","embeddable":true,"href":"https:\/\/www.boattoursamana.com\/fi\/wp-json\/wp\/v2\/product_cat?post=14291"},{"taxonomy":"product_tag","embeddable":true,"href":"https:\/\/www.boattoursamana.com\/fi\/wp-json\/wp\/v2\/product_tag?post=14291"}],"curies":[{"name":"wp","href":"https:\/\/api.w.org\/{rel}","templated":true}]}}