{"id":15361,"date":"2023-02-06T10:44:02","date_gmt":"2023-02-06T10:44:02","guid":{"rendered":"https:\/\/www.ticketswhales.com\/?post_type=product&#038;p=15361"},"modified":"2025-12-21T17:09:04","modified_gmt":"2025-12-21T17:09:04","slug":"miches-samana-whale-watching-cayo-levantado-bacardi-island-limon-waterfalls","status":"publish","type":"product","link":"https:\/\/www.boattoursamana.com\/fi\/kiertue\/miches-samana-whale-watching-cayo-levantado-bacardi-island-limon-waterfalls-2","title":{"rendered":"Miches: Cayo Levantado (Bacardin saari) + El Lim\u00f3nin vesiputoukset."},"content":{"rendered":"<div class=\"vc_row wpb_row vc_row-fluid\" ><div class=\"wpb_column vc_column_container vc_col-sm-12\"><div class=\"vc_column-inner\"><div class=\"wpb_wrapper\"><div class=\"vc_empty_space\"   style=\"height: 32px\"><span class=\"vc_empty_space_inner\"><\/span><\/div><div class=\"vc_btn3-container vc_btn3-inline\" ><a class=\"vc_general vc_btn3 vc_btn3-size-md vc_btn3-shape-rounded vc_btn3-style-modern vc_btn3-color-green\" href=\"https:\/\/bookingadventures.tours\/booking.php?tour_id=37eeb6616d6bfb8565c383bedf525a4c\" title=\"\" rel=\"noopener\">VARAA NYT<\/a><\/div><div class=\"vc_empty_space\"   style=\"height: 32px\"><span class=\"vc_empty_space_inner\"><\/span><\/div><\/div><\/div><\/div><\/div><div class=\"wpb_column vc_column_container vc_col-sm-12\"><div class=\"vc_column-inner\"><div class=\"wpb_wrapper\">\n\t<div class=\"wpb_text_column wpb_content_element\" >\n\t\t<div class=\"wpb_wrapper\">\n\t\t\t<div class=\"vc_row wpb_row vc_row-fluid\">\n<div class=\"wpb_column vc_column_container vc_col-sm-12\">\n<div class=\"vc_column-inner\">\n<div class=\"wpb_wrapper\">\n<div class=\"mkdf-section-title-holder\">\n<div class=\"mkdf-st-inner\">\n<h5 class=\"mkdf-st-subtitle\">Cayo Levantado (Bacardin saari) + El Lim\u00f3nin vesiputoukset Punta Cana Hotelsilta.<\/h5>\n<h3 class=\"mkdf-st-title\">Valaiden katselu Punta Canassa Saman\u00e1 Baylle<\/h3>\n<\/div>\n<\/div>\n<\/div>\n<\/div>\n<\/div>\n<\/div>\n<div class=\"vc_row wpb_row vc_row-fluid\"><\/div>\n<div class=\"wpb_column vc_column_container vc_col-sm-12\">\n<div class=\"vc_column-inner\">\n<div class=\"wpb_wrapper\"><\/div>\n<\/div>\n<\/div>\n<div class=\"wpb_text_column wpb_content_element\">\n<div class=\"wpb_wrapper\"><\/div>\n<\/div>\n<div class=\"vc_row wpb_row vc_row-fluid\">\n<div class=\"wpb_column vc_column_container vc_col-sm-12\">\n<div class=\"vc_column-inner\">\n<div class=\"wpb_wrapper\">\n<div class=\"wpb_text_column wpb_content_element\">\n<div class=\"wpb_wrapper\">\n<div class=\"vc_row wpb_row vc_row-fluid\">\n<div class=\"wpb_column vc_column_container vc_col-sm-12\">\n<div class=\"vc_column-inner\">\n<div class=\"wpb_wrapper\">\n<div class=\"wpb_text_column wpb_content_element\">\n<div class=\"wpb_wrapper\">\n<h4><b><i>Yleiskatsaus\ud83d\udc33<\/i><\/b><\/h4>\n<p>Whale Punta Cana, valaiden katselu Saman\u00e1 Baylla ja vierailu Cayo Levantadolla sek\u00e4 safari El limonin vesiputouksille t\u00e4m\u00e4n kokop\u00e4iv\u00e4retken aikana Punta Canan hotelleista. Matkusta Saman\u00e1 Bayhin mukavassa, ilmastoidussa linja-autossa ja siirry sitten Michesiss\u00e4 katamaraaniveneeseen. Risteile avoimille vesille etsim\u00e4\u00e4n ryh\u00e4valaslaumoja, jotka k\u00e4yv\u00e4t alueella lis\u00e4\u00e4ntym\u00e4ss\u00e4 ja synnytt\u00e4m\u00e4ss\u00e4 vasojaan. Opi n\u00e4iden merinis\u00e4kk\u00e4iden k\u00e4ytt\u00e4ytymisest\u00e4 ja biologiasta asiantuntevalta luonnontieteilij\u00e4oppaaltasi. Jatka Cayo Levantadolle \/ Bacardin saarelle lounaalle rannalla ja pulahda taivaansinisiin vesiin t\u00e4m\u00e4n safariretken j\u00e4lkeen el Limonin vesiputouksille, jossa ratsastetaan hevosilla kookosp\u00e4hkin\u00e4mets\u00e4n \u00e4\u00e4rell\u00e4, ennen kuin palaat Punta Canaan.<\/p>\n<p>&nbsp;<\/p>\n<p><strong>Huom:<\/strong> T\u00e4m\u00e4 kierros ei ole yksityinen. T\u00e4m\u00e4 kiertue on sis\u00e4lt\u00e4nyt pys\u00e4hdyksen <strong>El Lim\u00f3nin vesiputous<\/strong>. Jos haluat varata saman matkan ja ei mene vesiputouksia ota\u00a0<a href=\"https:\/\/www.boattoursamana.com\/fi\/Tours-Excursions\/tours-excursions-samana-bay-dominican-republic\/whale-watching-2020-in-punta-cana-to-samana-bay-cayo-levantado-bacardi-island-from-hotels\/\">KLIKKAA T\u00c4ST\u00c4.<\/a><\/p>\n<ul>\n<li>Whale Watching matka<\/li>\n<li>Bacardin saari \/ Cayo Levantado<\/li>\n<li>P\u00e4\u00e4symaksut observatorioon<\/li>\n<li>Samana Safari<\/li>\n<li>El Limon vesiputoukset Hevoset Ratsastus<\/li>\n<li>Sis\u00e4lt\u00e4\u00e4 buffetlounaan rannalla<\/li>\n<li>Veneen siirto<\/li>\n<li>Kapteeni antaa ohjeita ja valvoo<\/li>\n<li>Matkaopas<\/li>\n<\/ul>\n<p>&nbsp;<\/p>\n<h4><b>Sis\u00e4llytykset ja poissulkemiset<\/b><\/h4>\n<p>&nbsp;<\/p>\n<p><b>Sis\u00e4llytykset<\/b><\/p>\n<p>&nbsp;<\/p>\n<ol>\n<li>Lounasbuffet rannalla<\/li>\n<li>Kuljetus hotelleista<\/li>\n<li>Matkaopas<\/li>\n<li>Katamaraani tai veneretki<\/li>\n<li>Kaikki verot, maksut ja k\u00e4sittelykulut<\/li>\n<li>Paikalliset verot<\/li>\n<li>Juomat<\/li>\n<\/ol>\n<p><b>Poikkeukset<\/b><\/p>\n<ol>\n<li>Juomarahat<\/li>\n<\/ol>\n<p>&nbsp;<\/p>\n<h4><em><strong>L\u00e4ht\u00f6 &amp; paluu<\/strong><\/em><\/h4>\n<p>Hotellin nouto on tarjolla t\u00e4lle kiertueelle. Kirjoita muistiinpanoihin vain hotellin nimi, josta sinut noudetaan. Me noudamme kaikista Punta Canan hotelleista.<\/p>\n<p>&nbsp;<\/p>\n<h3>Saman\u00e1 valaiden katselu + Cayo Levantado (Bacardin saari) + Lim\u00f3nin vesiputoukset Michesist\u00e4.<\/h3>\n<h4><b><i>Mit\u00e4 odottaa?<\/i><\/b><\/h4>\n<p>P\u00e4\u00e4set l\u00e4helle Dominikaanisen tasavallan lempe\u00e4\u00e4 meren j\u00e4ttil\u00e4ist\u00e4 t\u00e4ll\u00e4 12 tunnin pituisella ryh\u00e4valaiden tarkkailuretkell\u00e4 S\u00e1mana Baylla. Viet\u00e4 unohtumaton p\u00e4iv\u00e4 tarkkailemalla tuhansia valaita, jotka saapuvat saarelle vuosittain parveilemaan, ruokailemaan ja leikkim\u00e4\u00e4n sen l\u00e4mpimiss\u00e4 trooppisissa vesiss\u00e4. Tarkkaillessasi n\u00e4it\u00e4 kauniita otuksia saat ainutlaatuisia n\u00e4kemyksi\u00e4 asiantuntevalta valaidenbongausoppaaltasi. P\u00e4\u00e4t\u00e4 p\u00e4iv\u00e4 lounaalla ja rantael\u00e4myksell\u00e4 kauniilla Cayo Levantadon saarella. My\u00f6s edestakainen hotellikuljetus sis\u00e4ltyy hintaan.<\/p>\n<p>Klo 9:00 - 12:00 - 12:00 Valaan tarkkailukeskus ja t\u00e4m\u00e4n valasretken j\u00e4lkeen vierailemme Bacardin saarella \/ Cayo Levantadossa. Bacardi-saarella tarjotaan lounasbuffet tyypilliseen dominikaaniseen tyyliin (riisi\u00e4, papuja, kalaa, salaatteja...). Kun lounas on valmis, voitte uida ja valmistautua El Limonin vesiputouksille klo 16:30 asti. Retki p\u00e4\u00e4ttyy klo 17:00 samassa satamassa, josta se alkaa katamaraanilla ja bussilla takaisin Punta Canan hotelleihin.<\/p>\n<p><strong>Aikataulu:<\/strong><\/p>\n<p>6:00 - 7:00 Asiakkaiden nouto eri hotelleista.<br \/>\n07:00 L\u00e4ht\u00f6 Las Canitasiin Sabana de la Marissa.<br \/>\n08:15 Saapuminen yksityiseen laituriin<br \/>\n08:15 - 8:40 Aamiaisaika (voileipi\u00e4, muffinsseja, teet\u00e4, kahvia, mehuja).<br \/>\n8:45 Laivaan nousu ja matkan aloittaminen Samanan ryh\u00e4valaiden suojelualueelle.<br \/>\n11:00 Valaiden etsiminen 45 minuutin ajan - t\u00e4m\u00e4 on hallituksen s\u00e4\u00e4nt\u00f6jen mukainen ajoitus.<br \/>\n11:45 Suunta Cayo Levantadolle Samanan lahdella.<br \/>\n12:30 Saapuminen Cayo Levantadoon<br \/>\n13:00 Lounasaika (lounasbuffet, tyypillinen dominikaaninen lounas)*.<br \/>\n13:45 - 15:30 Vapaa-aikaa Cayo Levantadossa.<br \/>\n15:00 - 15:45 Laivalla takaisin Michesiin.<br \/>\n17:00 Saapuminen Michesiin ja l\u00e4ht\u00f6 Punta Canan hotelleihin.<br \/>\n19:30 - 20:00 Saapuminen hotelleihin Punta Canassa.<\/p>\n<p><strong>*Lounasmenu (tyypillinen dominikaaninen)<br \/>\n<\/strong>Riisi\u00e4, grillattua kanaa tai grillattua kalaa, salaattia, vihanneksia, tuoreita hedelmi\u00e4.<\/p>\n<p><strong>*Asiakkaat, jotka haluavat lis\u00e4t\u00e4 pys\u00e4hdyksen El Limonin vesiputouksella valaiden katselun j\u00e4lkeen, siirtyv\u00e4t vesiputoukselle ja saavat v\u00e4hemm\u00e4n aikaa Cayo Levantadossa.<\/strong><\/p>\n<p>T\u00e4m\u00e4 kiertue on sis\u00e4lt\u00e4nyt pys\u00e4hdyksen <strong>El Lim\u00f3nin vesiputous<\/strong>. Jos haluat varata saman matkan ja ei mene vesiputouksia ota\u00a0<a href=\"https:\/\/www.boattoursamana.com\/fi\/Tours-Excursions\/tours-excursions-samana-bay-dominican-republic\/whale-watching-2020-in-punta-cana-to-samana-bay-cayo-levantado-bacardi-island-from-hotels\/\">KLIKKAA T\u00c4ST\u00c4.<\/a><\/p>\n<p>&nbsp;<\/p>\n<h4><em><strong>Mit\u00e4 kannattaa ottaa mukaan?<\/strong><\/em><\/h4>\n<ul>\n<li>Kamera<\/li>\n<li>Hylkiv\u00e4 silmut<\/li>\n<li>aurinkovoide<\/li>\n<li>Hattu<\/li>\n<li>Mukavat housut<\/li>\n<li>Sandaalit rannalle<\/li>\n<li>Uima-asu<\/li>\n<li>K\u00e4teist\u00e4 matkamuistoja ja juomarahaa varten<\/li>\n<\/ul>\n<p>&nbsp;<\/p>\n<h4><b><i>Hotellin nouto<\/i><\/b><\/h4>\n<p>Noutoa hotellilta ei tarjota t\u00e4lle kiertueelle. Notesissa Valitse vain lis\u00e4vaihtoehdot varauslomakkeesta noutoa varten Punta Canassa ja kirjoita hotellin nimi noutoa varten. Noudamme kaikista Punta Canan hotelleista.<\/p>\n<p>&nbsp;<\/p>\n<p><b>Huom:<\/b> jos teet varauksen 24 tunnin sis\u00e4ll\u00e4 kiertueen\/retken l\u00e4ht\u00f6ajasta, voimme j\u00e4rjest\u00e4\u00e4 noudon hotellilta. Kun osto on valmis, l\u00e4het\u00e4mme sinulle t\u00e4ydelliset yhteystiedot (puhelinnumero, s\u00e4hk\u00f6postiosoite jne.) paikallista opastamme varten noutoj\u00e4rjestelyjen j\u00e4rjest\u00e4miseksi.<\/p>\n<h4><b><i>Lis\u00e4tietoja Vahvistus<\/i><\/b><\/h4>\n<ol>\n<li>Liput ovat kuitti, kun olet maksanut t\u00e4st\u00e4 kiertueesta. Voit n\u00e4ytt\u00e4\u00e4 maksun puhelimellasi.<\/li>\n<li>Kokouspaikka saadaan varausprosessin j\u00e4lkeen.<\/li>\n<li>Lasten mukana on oltava aikuinen.<\/li>\n<li>esteet\u00f6n py\u00f6r\u00e4tuolilla<\/li>\n<li>Pikkulasten on istuttava syliss\u00e4<\/li>\n<li>Useimmat matkustajat voivat osallistua<\/li>\n<\/ol>\n<h4><b><i>Peruutusehdot<\/i><\/b><\/h4>\n<p>Jos haluat t\u00e4yden hyvityksen, peruuntuminen on teht\u00e4v\u00e4 v\u00e4hint\u00e4\u00e4n 24 tuntia ennen kokemuksen alkamisp\u00e4iv\u00e4\u00e4.<\/p>\n<\/div>\n<\/div>\n<\/div>\n<\/div>\n<\/div>\n<\/div>\n<\/div>\n<\/div>\n<\/div>\n<\/div>\n<\/div>\n<\/div>\n<div class=\"vc_row wpb_row vc_row-fluid\">\n<div class=\"wpb_column vc_column_container vc_col-sm-12\">\n<div class=\"vc_column-inner\">\n<div class=\"wpb_wrapper\">\n<div class=\"vc_empty_space\"><\/div>\n<div class=\"wpb_text_column wpb_content_element\">\n<div class=\"wpb_wrapper\">\n<h4>Ota yhteytt\u00e4?<\/h4>\n<h5><b><i>TOUR WHOLES SAMAN\u00c1<\/i><\/b><\/h5>\n<p><em><strong>Paikalliset<\/strong>\u00a0ja\u00a0<strong>Kansalliset<\/strong>\u00a0Matkaoppaat &amp; vieraspalvelut<\/em><\/p>\n<p><span class=\"text-turquoise\">Varaukset:<\/span> \u00a0Retket ja retket Domissa. Rep.<\/p>\n<p>\ud83d\udcde Puh \/ Whatsapp\u00a0\u00a0\u00a0<a href=\"tel:+1-809-720-6035\">+ 1-809-720-6035<\/a>\u00a0.<\/p>\n<p>\ud83d\udce9\u00a0<a href=\"mailto:info@bookingadventures.com.do\">info@bookingadventures.com.do<\/a><\/p>\n<p><strong>Somos tours privados de configuraci\u00f3n flexible por Whatsapp:\u00a0\u00a0<a href=\"tel:+18097206035\">+18097206035.<\/a><\/strong><\/p>\n<\/div>\n<\/div>\n<\/div>\n<\/div>\n<\/div>\n<\/div>\n\n\t\t<\/div>\n\t<\/div>\n<\/div><\/div><\/div>","protected":false},"excerpt":{"rendered":"<p>Michesin alueelta l\u00e4hdet\u00e4\u00e4n nauttimaan it\u00e4maisen vuorijonon kauniista maisemista ajaessamme Punta Canasta pohjoiseen ennen kuin saavumme pieneen Michesin kalastajakyl\u00e4\u00e4n Saman\u00e1-lahden etel\u00e4rannalla. Nautit nopean aamiaisen ennen kuin nouset veneeseen Saman\u00e1an. Risteilemme syv\u00e4lle lahteen valaskatseluun. Saavumme ensin Cayo Levantadoon, joka tunnetaan my\u00f6s nimell\u00e4 Bacardi Island, koska se muistuttaa l\u00e4heisesti Bacardi Rumin kuuluisia mainoksia aikoinaan k\u00e4ytt\u00e4mi\u00e4 rantoja.<\/p>\n<p>Cayo Levantado on suorastaan trooppinen keidas - pieni saari keskell\u00e4 valtamerta, jossa on turkoosia vett\u00e4 ja valkoista hiekkaa. T\u00e4m\u00e4n j\u00e4lkeen safari Samana Comunityn vesiputouksille. Vesiputouksilla el Limon valmistautuu ratsastukseen tai patikointiin. T\u00e4m\u00e4 on ainutlaatuinen t\u00e4ydellinen seikkailu.<\/p>\n<p>T\u00e4m\u00e4 kiertue sis\u00e4lt\u00e4\u00e4 pys\u00e4hdyksen Lim\u00f3nin vesiputoukselle. Jos haluat varata saman matkan ja olla menem\u00e4tt\u00e4 vesiputouksille, kiitos <a href=\"https:\/\/www.boattoursamana.com\/fi\/tours-excursions\/miches-samana-whale-watching-cayo-levantado-bacardi-island-limon-waterfalls-2\/\">KLIKKAA T\u00c4ST\u00c4<\/a>.<\/p>\n<p>&nbsp;<\/p>\n<p><strong><em>Valitse retken p\u00e4iv\u00e4m\u00e4\u00e4r\u00e4:<\/em><\/strong><\/p>","protected":false},"featured_media":12008,"template":"","meta":[],"product_cat":[159,948,655,961,959,972,963,968,664],"product_tag":[631,184,328,480,296,380,428,649,327,222,527,313,199,526,458,342,650,524,276,529,528,274,525],"class_list":["post-15361","product","type-product","status-publish","has-post-thumbnail","hentry","product_cat-fees-entrace","product_cat-1-punta-cana","product_cat-1-samana","product_cat-el-limon-horseback-riding","product_cat-el-limon-punta-cana","product_cat-punta-cana-group-tours","product_cat-punta-cana-samana-day-trips","product_cat-punta-cana-whale-watching","product_cat-whale-watching-punta-cana","product_tag-631","product_tag-bacardi-island","product_tag-cayo-levantado-day-pass","product_tag-cheap-punta-cana-excursions","product_tag-day-trip-punta-cana","product_tag-el-limon-waterfall-and-bacardi-island-tour-from-punta-cana","product_tag-half-day-whale-watching-miches","product_tag-limon-from-punta-cana","product_tag-private-tours-samana","product_tag-punta-cana","product_tag-punta-cana-activities","product_tag-punta-cana-tours","product_tag-samana-bay","product_tag-samana-day-trip","product_tag-samana-day-trip-from-punta-cana","product_tag-samana-whale-watching","product_tag-waterfalls-punta-cana","product_tag-whale-punta-cana","product_tag-whale-samana","product_tag-whale-watching-2020","product_tag-whale-watching-2020-in-punta-cana-to-samana-bay-cayo-levantado-bacardi-island-from-hotels","product_tag-whale-watching-dominican-republic","product_tag-whale-watching-punta-cana"],"_links":{"self":[{"href":"https:\/\/www.boattoursamana.com\/fi\/wp-json\/wp\/v2\/product\/15361","targetHints":{"allow":["GET"]}}],"collection":[{"href":"https:\/\/www.boattoursamana.com\/fi\/wp-json\/wp\/v2\/product"}],"about":[{"href":"https:\/\/www.boattoursamana.com\/fi\/wp-json\/wp\/v2\/types\/product"}],"wp:featuredmedia":[{"embeddable":true,"href":"https:\/\/www.boattoursamana.com\/fi\/wp-json\/wp\/v2\/media\/12008"}],"wp:attachment":[{"href":"https:\/\/www.boattoursamana.com\/fi\/wp-json\/wp\/v2\/media?parent=15361"}],"wp:term":[{"taxonomy":"product_cat","embeddable":true,"href":"https:\/\/www.boattoursamana.com\/fi\/wp-json\/wp\/v2\/product_cat?post=15361"},{"taxonomy":"product_tag","embeddable":true,"href":"https:\/\/www.boattoursamana.com\/fi\/wp-json\/wp\/v2\/product_tag?post=15361"}],"curies":[{"name":"wp","href":"https:\/\/api.w.org\/{rel}","templated":true}]}}