{"id":16647,"date":"2023-11-06T09:02:24","date_gmt":"2023-11-06T09:02:24","guid":{"rendered":"https:\/\/www.ticketswhales.com\/?post_type=product&#038;p=16647"},"modified":"2023-11-06T09:11:44","modified_gmt":"2023-11-06T09:11:44","slug":"los-haitises-cueva-el-naranjo-y-laguna-cristal-from-sabana-de-la-mar","status":"publish","type":"product","link":"https:\/\/www.boattoursamana.com\/fi\/kiertue\/los-haitises-cueva-el-naranjo-y-laguna-cristal-sabana-de-la-marista","title":{"rendered":"Los Haitises: Cueva el Naranjo y Laguna Cristal Sabana de la marista"},"content":{"rendered":"<div class=\"vc_row wpb_row vc_row-fluid\" ><div class=\"wpb_column vc_column_container vc_col-sm-12\"><div class=\"vc_column-inner\"><div class=\"wpb_wrapper\">\n\t<div class=\"wpb_text_column wpb_content_element\" >\n\t\t<div class=\"wpb_wrapper\">\n\t\t\t<h2><span style=\"font-weight: 400;\">Los Haitises: Cueva el Naranjo ja Laguna Cristal<\/span><\/h2>\n<p>Sabana de la mar<\/p>\n<p>&nbsp;<\/p>\n<p><b>Yleiskatsaus<\/b><span style=\"font-weight: 400;\">\u00a0<\/span><\/p>\n<p>&nbsp;<\/p>\n<p><span style=\"font-weight: 400;\">Los Haitisesin kansallispuisto on Dominikaanisen tasavallan luonnonaarre, jossa 25% makeasta vedest\u00e4 l\u00f6ytyy Hispaniolasta. T\u00e4m\u00e4n kokemuksen aikana kiertelemme t\u00e4m\u00e4n upean puiston t\u00e4rkeimpi\u00e4 paikkoja. Hanki lippusi tutustuaksesi Ojo de Cielon luolaan, Laguna Cristaliin, Barracote-jokeen ja Samana Bayhin.\u00a0<\/span><\/p>\n<p>&nbsp;<\/p>\n<p><span style=\"font-weight: 400;\">Hydrografian n\u00e4k\u00f6kulmasta<\/span><span style=\"font-weight: 400;\">, Los Haitises ja sen vaikutusalueet k\u00e4sitt\u00e4v\u00e4t kaksi aluetta: Yuna-joen alemman altaan sek\u00e4 Michesin ja Sabana de la Marin alueen. Yuna valuu kahden suun kautta: itse Yunan ja Barracoten. Lis\u00e4ksi alueella on Payabo-, Los Cocos- ja Naranjo-joet sek\u00e4 Cabirma-, Estero-, Prieto- ja muut kanavat.<\/span><\/p>\n<p>&nbsp;<\/p>\n<p><span style=\"font-weight: 400;\">Tietoja Los Haitises Landscapesta,<\/span><span style=\"font-weight: 400;\"> luolien lis\u00e4ksi ovat Ca\u00f1o Hondo, Punta Arena, Ca\u00f1o Salado, Bah\u00eda de San Lorenzo ja Cayo de los P\u00e1jaros, jotka ovat eritt\u00e4in vaikuttavia maisemaelementtej\u00e4. J\u00e4lkimm\u00e4inen, joka sijaitsee Boca del Infiernon ja El Naranjo Arriban v\u00e4liss\u00e4, on helppo tunnistaa korvahuukien ja pelikaanien l\u00e4hes pysyv\u00e4st\u00e4 l\u00e4sn\u00e4olosta.<\/span><\/p>\n<p>&nbsp;<\/p>\n<p><span style=\"font-weight: 400;\">Tietoja Sanchez Cityst\u00e4<\/span><span style=\"font-weight: 400;\"> Se oli aiemmin pikkukaupunki nimelt\u00e4 Las Ca\u00f1itas, mutta vuonna 1888 se nostettiin kunnan asemaksi, joka on nimetty yhden Dominikaanisen tasavallan perustajan Francisco del Rosario S\u00e1nchezin mukaan. Sen merkitys ja v\u00e4kiluku kasvoivat sen j\u00e4lkeen, kun rautatie perustettiin vuonna 1865. T\u00e4m\u00e4 linja ulottui Cibaon keskialueelle tehden t\u00e4st\u00e4 pienest\u00e4 Karibian yhteis\u00f6st\u00e4 maan t\u00e4rkeimm\u00e4n sataman 1800-luvun lopusta 1800-luvun alkuun. ensi vuosisadalla. .<\/span><\/p>\n<p>&nbsp;<\/p>\n<p><span style=\"font-weight: 400;\">Tietoja Laguna Cristalista<\/span><span style=\"font-weight: 400;\"> Laguna Cristal on kaunis makean veden l\u00e4hde Los Haitisesin kansallispuiston porteilla Monte Platan provinssin pohjoispuolella, joka on ainutlaatuinen kauneus luonnonn\u00e4ht\u00e4vyyksiens\u00e4 ja meille antamansa rauhan ansiosta. Laguunia ruokkii pohjavesi, joka tulee naapuripuistosta. Laguunista nousee muutaman sadan metrin p\u00e4\u00e4h\u00e4n pieni purjehduskelpoinen joki, joka ruokkii Barracote-jokea, joka virtaa sitten San Lorenzon lahteen. Se olisi noin 200 metri\u00e4 syv\u00e4 ja 70 metri\u00e4 halkaisijaltaan.\u00a0<\/span><\/p>\n<p>&nbsp;<\/p>\n<p><span style=\"font-weight: 400;\">El Naranjon luola<\/span><span style=\"font-weight: 400;\">, 120 metrin pituudestaan huolimatta purjehduskelpoinen El Naranjo -joki on per\u00e4isin luolasta ja sit\u00e4 voidaan pit\u00e4\u00e4 Los Haitisesin kansallispuiston luonnon helmina, Se on tuntemisen arvoinen n\u00e4ht\u00e4vyys, jonka avulla voit arvostaa alueen lyhint\u00e4 jokea saari, Veneess\u00e4 p\u00e4\u00e4set luolan p\u00e4\u00e4h\u00e4n, josta vesi tulee. Luola on lepakoiden ja swifts-allas, ja sen vesill\u00e4 asuu kotoper\u00e4isi\u00e4 kalalajeja, jotka muissa joissa ja puroissa ovat menneisyytt\u00e4, kuten guabinat, dajaot, karpiat, katkaravut ja raput.<\/span><\/p>\n<p>&nbsp;<\/p>\n<p><b>Sis\u00e4llytykset<\/b><\/p>\n<p><span style=\"font-weight: 400;\">Kaikki verot, maksut ja k\u00e4sittelykulut<\/span><\/p>\n<p><span style=\"font-weight: 400;\">Paikalliset verot<\/span><\/p>\n<p><span style=\"font-weight: 400;\">Virkamiehet Ekologi matkaoppaat englanti\/espanja<\/span><\/p>\n<p><span style=\"font-weight: 400;\">Paikallinen liikenne (nouto hotellilta)<\/span><\/p>\n<p><span style=\"font-weight: 400;\">Speed Boat<\/span><\/p>\n<p><span style=\"font-weight: 400;\">Paikallinen lounas<\/span><\/p>\n<p><span style=\"font-weight: 400;\">Laguna Cristal\u00a0\u00a0<\/span><\/p>\n<p><span style=\"font-weight: 400;\">Cueva del Naranjo\u00a0<\/span><\/p>\n<p>&nbsp;<\/p>\n<p><b>Poikkeukset<\/b><\/p>\n<p>&nbsp;<\/p>\n<p><span style=\"font-weight: 400;\">Juomarahat<\/span><\/p>\n<p><span style=\"font-weight: 400;\">Juomat<\/span><\/p>\n<p><span style=\"font-weight: 400;\">\u00a0<\/span><\/p>\n<p>&nbsp;<\/p>\n<p><b>L\u00e4ht\u00f6 &amp; paluu<\/b><\/p>\n<p><span style=\"font-weight: 400;\">Booking Adventuresin j\u00e4rjest\u00e4m\u00e4 kiertue alkaa oppaan kanssa sovitusta kohtaamispaikasta. Matkustaja saa kohtaamispaikan varausprosessin j\u00e4lkeen. Retket alkavat ja p\u00e4\u00e4ttyv\u00e4t kohtaamispisteiss\u00e4mme.<\/span><\/p>\n<p>&nbsp;<\/p>\n<p><b>Mit\u00e4 odottaa?<\/b><\/p>\n<p><span style=\"font-weight: 400;\">Hanki lippusi Searching For The Los Haitises: Los Haitises: Cueva el Naranjo y Laguna Cristal -tapahtumaan, t\u00e4m\u00e4 kokemus antaa sinulle mahdollisuuden n\u00e4hd\u00e4 suurin osa saaren biologisesta monimuotoisuudesta.\u00a0<\/span><\/p>\n<p>&nbsp;<\/p>\n<p><span style=\"font-weight: 400;\">T\u00e4m\u00e4 aktiviteetti alkaa, kun noudat majoituksestasi mill\u00e4 tahansa seuraavista alueista:<\/span><\/p>\n<ul>\n<li style=\"font-weight: 400;\" aria-level=\"1\"><span style=\"font-weight: 400;\">Las Terrenas\u00a0<\/span><\/li>\n<li style=\"font-weight: 400;\" aria-level=\"1\"><span style=\"font-weight: 400;\">Sanchez\u00a0<\/span><\/li>\n<li style=\"font-weight: 400;\" aria-level=\"1\"><span style=\"font-weight: 400;\">Las Galeras<\/span><\/li>\n<li style=\"font-weight: 400;\" aria-level=\"1\"><span style=\"font-weight: 400;\">Santa Barbara de Samana\u00a0<\/span><\/li>\n<\/ul>\n<h3><b>Ajoittaa<\/b><b>\u00a0<\/b><\/h3>\n<p><b>Sanchez Samana, uinti Laguna Cristalissa ja El Naranjo -joessa ja luolissa\u00a0<\/b><\/p>\n<p>&nbsp;<\/p>\n<p><span style=\"font-weight: 400;\">Nouto hotellilta: alkaa klo 7.00 (sijainnistasi riippuen). Varauslomakkeessa on erilaisia ajoitusvaihtoehtoja. Kierros kest\u00e4\u00e4 8 tuntia.\u00a0<\/span><\/p>\n<p>&nbsp;<\/p>\n<p><span style=\"font-weight: 400;\">T\u00e4m\u00e4 on aikaisin aamu, jolloin noutat sinut hotelliltasi ja viemme sinut Sanchez Samanaan kohtauspisteeseemme, jossa tapaat paikallisen oppaasi ennen kuin k\u00e4yt l\u00e4pi loppup\u00e4iv\u00e4n matkasuunnitelman.\u00a0<\/span><\/p>\n<p>&nbsp;<\/p>\n<p><span style=\"font-weight: 400;\">Kun olet valmistautunut, nousemme pikaveneellemme suunnataksemme El Naranjon, joka on p\u00e4iv\u00e4n ensimm\u00e4inen pys\u00e4kki, jossa menemme luolaan veneell\u00e4 ja uimme saaren lyhimm\u00e4n joen makeassa vedess\u00e4.\u00a0<\/span><\/p>\n<p>&nbsp;<\/p>\n<p><span style=\"font-weight: 400;\">Toinen venematkasi kulkee Barracote-joen l\u00e4pi p\u00e4\u00e4st\u00e4ksesi Laguna Cristaliin. Meid\u00e4n on navigoitava yksi suurimmista joista maan koillisosassa. Cristal Arealla pid\u00e4mme lounastauon ennen veteen hypp\u00e4\u00e4mist\u00e4.<\/span><\/p>\n<p>&nbsp;<\/p>\n<p><span style=\"font-weight: 400;\">Kun olet kokeillut paikallista lounasta, pid\u00e4mme siestan Cristal Lagoonin rannalla ja sitten uidaan ennen kuin suuntaamme takaisin Sanchez Samanaan.\u00a0<\/span><\/p>\n<p>&nbsp;<\/p>\n<p><span style=\"font-weight: 400;\">Hotellien l\u00e4ht\u00f6: klo 16.00 tai my\u00f6hemmin riippuen matkan alkamisajasta. Kierros kest\u00e4\u00e4 yhteens\u00e4 8 tuntia.\u00a0<\/span><\/p>\n<p>&nbsp;<\/p>\n<p><span style=\"font-weight: 400;\">Reittip\u00e4iv\u00e4t ja aktiviteetit voivat muuttua ilman erillist\u00e4 ilmoitusta odottamattomien olosuhteiden tai tapahtumien vuoksi. Katso t\u00e4ydelliset ehdot saadaksesi lis\u00e4tietoja.<\/span><\/p>\n\n\t\t<\/div>\n\t<\/div>\n<\/div><\/div><\/div><\/div>","protected":false},"excerpt":{"rendered":"<p>Vierailu El Naranjo-joella luolan kanssa ja Cristal Lagunissa Los Haitisesin kansallispuistossa paikallisen asiantuntijaoppaan kanssa. Lounas ja kuljetus sis\u00e4ltyv\u00e4t Sabana de la mariin.<\/p>","protected":false},"featured_media":16644,"template":"","meta":[],"product_cat":[1096],"product_tag":[1097],"class_list":["post-16647","product","type-product","status-publish","has-post-thumbnail","hentry","product_cat-haitises","product_tag-haitises"],"_links":{"self":[{"href":"https:\/\/www.boattoursamana.com\/fi\/wp-json\/wp\/v2\/product\/16647","targetHints":{"allow":["GET"]}}],"collection":[{"href":"https:\/\/www.boattoursamana.com\/fi\/wp-json\/wp\/v2\/product"}],"about":[{"href":"https:\/\/www.boattoursamana.com\/fi\/wp-json\/wp\/v2\/types\/product"}],"wp:featuredmedia":[{"embeddable":true,"href":"https:\/\/www.boattoursamana.com\/fi\/wp-json\/wp\/v2\/media\/16644"}],"wp:attachment":[{"href":"https:\/\/www.boattoursamana.com\/fi\/wp-json\/wp\/v2\/media?parent=16647"}],"wp:term":[{"taxonomy":"product_cat","embeddable":true,"href":"https:\/\/www.boattoursamana.com\/fi\/wp-json\/wp\/v2\/product_cat?post=16647"},{"taxonomy":"product_tag","embeddable":true,"href":"https:\/\/www.boattoursamana.com\/fi\/wp-json\/wp\/v2\/product_tag?post=16647"}],"curies":[{"name":"wp","href":"https:\/\/api.w.org\/{rel}","templated":true}]}}