{"id":8209,"date":"2019-03-15T16:41:53","date_gmt":"2019-03-15T16:41:53","guid":{"rendered":"https:\/\/www.ticketswhales.com\/?post_type=product&#038;p=8209"},"modified":"2023-03-20T09:33:32","modified_gmt":"2023-03-20T09:33:32","slug":"el-limon-waterfall-bacardi-island-cayo-levantado-excursion-from-punta-cana-areas-meeting-point-sabana-de-la-mar","status":"publish","type":"product","link":"https:\/\/www.boattoursamana.com\/fi\/kiertue\/el-limon-vesiputous-bacardi-saari-cayo-levantado-retki-punta-cana-alueilta-kohtaamispaikka-sabana-de-la-mar","title":{"rendered":"El Lim\u00f3nin vesiputoukset ja Bacardi-saari - retki Punta Canan alueelta (kokoontumispaikka Sabana de la Mar)"},"content":{"rendered":"<div class=\"vc_row wpb_row vc_row-fluid\" ><div class=\"wpb_column vc_column_container vc_col-sm-12\"><div class=\"vc_column-inner\"><div class=\"wpb_wrapper\"><div class=\"mkdf-section-title-holder\" style=\"text-align: left\">\n\t<div class=\"mkdf-st-inner\">\n\t\t\t\t\t<h5 class=\"mkdf-st-subtitle\" >\n\t\t\t\t(Kokoontumispaikka Sabana de la mar)\t\t\t<\/h5>\n\t\t\t\t\t\t\t<h3 class=\"mkdf-st-title\" >\n\t\t\t\tEl Limonin vesiputoukset ja Bacardin saari - retki Punta Canan alueelta k\u00e4sin\t\t\t<\/h3>\n\t\t\t\t\t<\/div>\n<\/div><\/div><\/div><\/div><\/div><div class=\"vc_row wpb_row vc_row-fluid\" ><div class=\"wpb_column vc_column_container vc_col-sm-12\"><div class=\"vc_column-inner\"><div class=\"wpb_wrapper\"><div class=\"vc_btn3-container vc_btn3-inline\" ><button class=\"vc_general vc_btn3 vc_btn3-size-md vc_btn3-shape-rounded vc_btn3-style-modern vc_btn3-color-green\">VARAA NYT<\/button><\/div>\n\t<div class=\"wpb_text_column wpb_content_element\" >\n\t\t<div class=\"wpb_wrapper\">\n\t\t\t<h4><b><i>Yleiskatsaus <\/i><\/b><\/h4>\n<p>Jos olet Punta Cana tai Bavaro, Etsitk\u00f6 p\u00e4iv\u00e4retki maksaa v\u00e4hemm\u00e4n kuin normaalisti. Varaa vain t\u00e4m\u00e4 matka, joka alkaa Sabana de la Marin alueelta. Vierailu Samana yhteis\u00f6ss\u00e4 Safari saapua El Lim\u00f3n yhteis\u00f6, ratsastus tai vaellus vesiputouksille j\u00e4lkeen ylitt\u00e4m\u00e4ll\u00e4 Samana Bay ja Luch aikaa Bacardi Island. T\u00e4m\u00e4 matka alkaa klo 9:00 ja p\u00e4\u00e4ttyy klo 16:30.<\/p>\n<p>T\u00e4m\u00e4n kokemuksen j\u00e4lkeen p\u00e4\u00e4set takaisin Sabana de la Marin satamaan.<\/p>\n<ul>\n<li style=\"font-weight: 400;\">Maksut sis\u00e4ltyv\u00e4t<\/li>\n<li>Lounas rannalla sis\u00e4ltyy hintaan<\/li>\n<li style=\"font-weight: 400;\"><span style=\"font-weight: 400;\">Oppaassa annetaan ohjeita ja valvontaa<\/span><\/li>\n<\/ul>\n<p>&nbsp;<\/p>\n<h4><b>Sis\u00e4llytykset ja poissulkemiset<\/b><\/h4>\n<p>&nbsp;<\/p>\n<p><b>Sis\u00e4llytykset<\/b><\/p>\n<ol>\n<li style=\"font-weight: 400;\">Saman\u00e1 Bay<\/li>\n<li>Bacardi-saari, ranta ja lounas<\/li>\n<li>Safari kohteeseen El Lim\u00f3n<\/li>\n<li>Ratsastus tai vaellus vesiputouksille<\/li>\n<li>Dominikaaniset cocktailit<\/li>\n<li style=\"font-weight: 400;\"><span style=\"font-weight: 400;\">Kaikki verot, maksut ja k\u00e4sittelykulut<\/span><\/li>\n<li style=\"font-weight: 400;\"><span style=\"font-weight: 400;\">Paikalliset verot<\/span><\/li>\n<li style=\"font-weight: 400;\"><span style=\"font-weight: 400;\">Juomat<\/span><\/li>\n<li style=\"font-weight: 400;\"><span style=\"font-weight: 400;\">Kaikki toiminnot<\/span><\/li>\n<li style=\"font-weight: 400;\"><span style=\"font-weight: 400;\">Paikallinen opas<\/span><\/li>\n<\/ol>\n<p><b> Poikkeukset<\/b><\/p>\n<ol>\n<li style=\"font-weight: 400;\"><span style=\"font-weight: 400;\">Juomarahat<\/span><\/li>\n<li style=\"font-weight: 400;\"><span style=\"font-weight: 400;\">Kuljetukset Punta Canasta eiv\u00e4t sis\u00e4lly<\/span><\/li>\n<li style=\"font-weight: 400;\"><span style=\"font-weight: 400;\">Alkoholijuomat cocktailien j\u00e4lkeen\u00a0<\/span><\/li>\n<\/ol>\n<p>&nbsp;<\/p>\n<h4><em><strong>L\u00e4ht\u00f6 &amp; paluu<\/strong><\/em><\/h4>\n<p><span style=\"font-weight: 400;\">Matkustaja saa tapaamispaikan varausprosessin j\u00e4lkeen. Kierrokset alkavat ja p\u00e4\u00e4ttyv\u00e4t kohtaamispaikoissamme.<\/span><\/p>\n<p>&nbsp;<\/p>\n<h4><b><i>Mit\u00e4 odottaa?<\/i><\/b><\/h4>\n<p>&nbsp;<\/p>\n<p><em><strong>Hanki liput<\/strong><\/em> vierailu Vesiputoukset hevosilla ratsastus tai vaellus, Safari Saman\u00e1, uinti luonnonl\u00e4hteist\u00e4 vesiputouksilta lounas Bacardin saarella sek\u00e4 Beach Time.<\/p>\n<p>Alkaen Sabana de la Marin satamista veneell\u00e4 tai katamaraanilla paikallisen oppaan johdolla kuljemme Saman\u00e1 Bayn ohi Saman\u00e1n yhteis\u00f6\u00f6n. Safari paikallisen oppaan kanssa, joka kertoo Saman\u00e1n historiasta, kunnes saavumme El Limon -yhteis\u00f6\u00f6n. El Lim\u00f3nin yhteis\u00f6ss\u00e4 aloitamme vaelluksen tai ratsastuksen El Lim\u00f3nin vesiputousten mets\u00e4n l\u00e4pi El Lim\u00f3nin vesiputouksille. Kun saavumme sinne, voimme uida!  Sen j\u00e4lkeen palaamme safarille ja l\u00e4hdemme Samanan satamaan. K\u00e4y Bacardin saarella lounaalla rannalla ja uimassa yhdell\u00e4 Dominikaanisen tasavallan kauneimmista saarista.<\/p>\n<p>Jos haluat t\u00e4m\u00e4n matkan pidemm\u00e4ksi tai lyhyemm\u00e4ksi, meill\u00e4 on n\u00e4m\u00e4 vaihtoehdot:<\/p>\n<ol>\n<li><a href=\"https:\/\/www.boattoursamana.com\/fi\/kiertue\/los-haitises-kansallispuisto-retki-samana-satamasta-2\/\">Los Haitises + Cayo Levantado Samanan satamasta.<\/a><\/li>\n<li><a href=\"https:\/\/www.boattoursamana.com\/fi\/kiertue\/los-haitises-kansallispuisto-lounas-cano-hondossa-samana-satamasta-2\/\">Los Haitises + Cano Hondo Samanan satamasta.<\/a><\/li>\n<\/ol>\n<p>&nbsp;<\/p>\n<h4><em><strong>Mit\u00e4 kannattaa ottaa mukaan?<\/strong><\/em><\/h4>\n<ul>\n<li style=\"font-weight: 400;\"><span style=\"font-weight: 400;\">Kamera<\/span><\/li>\n<li style=\"font-weight: 400;\"><span style=\"font-weight: 400;\">Hylkiv\u00e4 silmut<\/span><\/li>\n<li style=\"font-weight: 400;\"><span style=\"font-weight: 400;\">aurinkovoide<\/span><\/li>\n<li style=\"font-weight: 400;\"><span style=\"font-weight: 400;\">Hattu<\/span><\/li>\n<li style=\"font-weight: 400;\"><span style=\"font-weight: 400;\">Mukavat housut<\/span><\/li>\n<li style=\"font-weight: 400;\"><span style=\"font-weight: 400;\">Vaelluskeng\u00e4t mets\u00e4\u00e4n<\/span><\/li>\n<li style=\"font-weight: 400;\"><span style=\"font-weight: 400;\">Sandaalit kev\u00e4\u00e4n alueille.<\/span><\/li>\n<li style=\"font-weight: 400;\"><span style=\"font-weight: 400;\">Uima-asu<\/span><\/li>\n<\/ul>\n<p>&nbsp;<\/p>\n<h4><b><i>Hotellin nouto <\/i><\/b><\/h4>\n<p><span style=\"font-weight: 400;\">Hotellin noutoa ei tarjota t\u00e4ll\u00e4 kiertueella. Mutta jos otat meihin yhteytt\u00e4, voimme keskustella siit\u00e4.<\/span><\/p>\n<p>&nbsp;<\/p>\n<p><b>Huom:<\/b><span style=\"font-weight: 400;\"> Jos varaus tehd\u00e4\u00e4n 24 tunnin kuluessa kiertueen\/retken l\u00e4ht\u00f6ajasta, voimme j\u00e4rjest\u00e4\u00e4 hotellin noutoj\u00e4rjestelyj\u00e4 lis\u00e4maksusta. Kun ostoksesi on tehty, l\u00e4het\u00e4mme sinulle t\u00e4ydelliset yhteystiedot (puhelinnumero, s\u00e4hk\u00f6postiosoite jne.) paikalliselle matkaoppaallemme noutoj\u00e4rjestelyjen j\u00e4rjest\u00e4miseksi.<\/span><\/p>\n<h4><b><i>Lis\u00e4tietoja Vahvistus <\/i><\/b><\/h4>\n<ol>\n<li>Liput ovat kuitti maksettuasi t\u00e4m\u00e4n Tour. Voit n\u00e4ytt\u00e4\u00e4 maksun puhelimellasi.<\/li>\n<li style=\"font-weight: 400;\"><span style=\"font-weight: 400;\">Kokouspaikka saadaan varausprosessin j\u00e4lkeen.<\/span><\/li>\n<li style=\"font-weight: 400;\"><span style=\"font-weight: 400;\">Lasten mukana on oltava aikuinen.<\/span><\/li>\n<li style=\"font-weight: 400;\"><span style=\"font-weight: 400;\"> Ei esteet\u00f6n py\u00f6r\u00e4tuolilla <\/span><\/li>\n<li style=\"font-weight: 400;\"><span style=\"font-weight: 400;\">Pikkulasten on istuttava syliss\u00e4 <\/span><\/li>\n<li style=\"font-weight: 400;\"><span style=\"font-weight: 400;\">Ei suositella matkustajille, joilla on selk\u00e4vaivoja<\/span><\/li>\n<li style=\"font-weight: 400;\"><span style=\"font-weight: 400;\">Ei suositella raskaana oleville matkustajille <\/span><\/li>\n<li style=\"font-weight: 400;\"><span style=\"font-weight: 400;\"> Ei syd\u00e4nongelmia tai muita vakavia sairauksia <\/span><\/li>\n<li style=\"font-weight: 400;\"><span style=\"font-weight: 400;\">Useimmat matkustajat voivat osallistua<\/span><\/li>\n<\/ol>\n<h4><b><i>Peruutusehdot<\/i><\/b><\/h4>\n<p>Jos haluat t\u00e4yden hyvityksen, lue peruutusk\u00e4yt\u00e4nt\u00f6mme.\u00a0<a href=\"https:\/\/www.boattoursamana.com\/fi\/online-varaukset\/\" target=\"_blank\" rel=\"noopener\" data-saferedirecturl=\"https:\/\/www.google.com\/url?q=https:\/\/www.boattoursamana.com\/online-booking\/&amp;source=gmail&amp;ust=1672449202351000&amp;usg=AOvVaw1yAeVAPktmaVCqDujgUn90\">Klikkaa t\u00e4st\u00e4<\/a>. Varat menetet\u00e4\u00e4n, jos varaus peruutetaan samana matkap\u00e4iv\u00e4n\u00e4.<\/p>\n\n\t\t<\/div>\n\t<\/div>\n<div class=\"vc_btn3-container vc_btn3-inline\" ><button class=\"vc_general vc_btn3 vc_btn3-size-md vc_btn3-shape-rounded vc_btn3-style-modern vc_btn3-color-green\">VARAA NYT<\/button><\/div><\/div><\/div><\/div><\/div><div class=\"vc_row wpb_row vc_row-fluid\" ><div class=\"wpb_column vc_column_container vc_col-sm-12\"><div class=\"vc_column-inner\"><div class=\"wpb_wrapper\"><div class=\"vc_empty_space\"   style=\"height: 32px\"><span class=\"vc_empty_space_inner\"><\/span><\/div>\n\t<div class=\"wpb_text_column wpb_content_element\" >\n\t\t<div class=\"wpb_wrapper\">\n\t\t\t<h4>Ota yhteytt\u00e4?<\/h4>\n<h5><em><strong>Seikkailujen varaaminen<\/strong><\/em><\/h5>\n<p><em><strong>Paikalliset<\/strong> ja <strong>Kansalliset<\/strong> Matkaoppaat &amp; vieraspalvelut<\/em><\/p>\n<p><span class=\"text-turquoise\">Varaukset:<\/span> Retket ja retket Dom. Rep.<\/p>\n<p><img decoding=\"async\" class=\"emoji\" draggable=\"false\" src=\"https:\/\/s.w.org\/images\/core\/emoji\/11.2.0\/svg\/1f4de.svg\" alt=\"\ud83d\udcde\" title=\"\"> Puh \/ Whatsapp\u00a0 <a href=\"tel:+1-809-720-6035\">+1-809-720-6035<\/a>.<\/p>\n<p><img decoding=\"async\" class=\"emoji\" draggable=\"false\" src=\"https:\/\/s.w.org\/images\/core\/emoji\/11.2.0\/svg\/1f4e9.svg\" alt=\"\ud83d\udce9\" title=\"\"> <a href=\"mailto:info@bookingadventures.com.do\">info@bookingadventures.com.do<\/a><\/p>\n<p><strong>Olemme joustavia Asetukset Yksityiset matkat Whatsappilla: <a href=\"tel:+18097206035\">+18097206035.<\/a><\/strong><\/p>\n\n\t\t<\/div>\n\t<\/div>\n<div class=\"vc_empty_space\"   style=\"height: 32px\"><span class=\"vc_empty_space_inner\"><\/span><\/div><\/div><\/div><\/div><\/div><div class=\"vc_row wpb_row vc_row-fluid\" ><div class=\"wpb_column vc_column_container vc_col-sm-12\"><div class=\"vc_column-inner\"><div class=\"wpb_wrapper\"><div class=\"vc_btn3-container vc_btn3-inline\" ><button class=\"vc_general vc_btn3 vc_btn3-size-md vc_btn3-shape-rounded vc_btn3-style-modern vc_btn3-color-green\">VARAA NYT<\/button><\/div><\/div><\/div><\/div><\/div>","protected":false},"excerpt":{"rendered":"<p><strong>Valitse p\u00e4iv\u00e4m\u00e4\u00e4r\u00e4 kiertueelle\u00a0<\/strong><\/p>","protected":false},"featured_media":8269,"template":"","meta":[],"product_cat":[255,961,962,178,189,160,972,963,190,253,254],"product_tag":[184,183,223,185,222,175,186,187],"class_list":["post-8209","product","type-product","status-publish","has-post-thumbnail","hentry","product_cat-tours-excursions-samana-bay-dominican-republic","product_cat-el-limon-horseback-riding","product_cat-el-limon-sabana-de-la-mar-miches","product_cat-hiking","product_cat-horse-riding-to-waterfalls","product_cat-lunch","product_cat-punta-cana-group-tours","product_cat-punta-cana-samana-day-trips","product_cat-safari-samana","product_cat-tours-and-excursions","product_cat-tours-excursions-los-haitises-national-park","product_tag-bacardi-island","product_tag-beach-time","product_tag-cayo-levantado","product_tag-el-limon-waterfalls","product_tag-punta-cana","product_tag-sabana-de-la-mar","product_tag-samana","product_tag-samana-tours"],"_links":{"self":[{"href":"https:\/\/www.boattoursamana.com\/fi\/wp-json\/wp\/v2\/product\/8209","targetHints":{"allow":["GET"]}}],"collection":[{"href":"https:\/\/www.boattoursamana.com\/fi\/wp-json\/wp\/v2\/product"}],"about":[{"href":"https:\/\/www.boattoursamana.com\/fi\/wp-json\/wp\/v2\/types\/product"}],"wp:featuredmedia":[{"embeddable":true,"href":"https:\/\/www.boattoursamana.com\/fi\/wp-json\/wp\/v2\/media\/8269"}],"wp:attachment":[{"href":"https:\/\/www.boattoursamana.com\/fi\/wp-json\/wp\/v2\/media?parent=8209"}],"wp:term":[{"taxonomy":"product_cat","embeddable":true,"href":"https:\/\/www.boattoursamana.com\/fi\/wp-json\/wp\/v2\/product_cat?post=8209"},{"taxonomy":"product_tag","embeddable":true,"href":"https:\/\/www.boattoursamana.com\/fi\/wp-json\/wp\/v2\/product_tag?post=8209"}],"curies":[{"name":"wp","href":"https:\/\/api.w.org\/{rel}","templated":true}]}}