{"id":9630,"date":"2019-10-14T14:05:44","date_gmt":"2019-10-14T14:05:44","guid":{"rendered":"https:\/\/www.ticketswhales.com\/?post_type=product&#038;p=9630"},"modified":"2023-11-10T17:32:15","modified_gmt":"2023-11-10T17:32:15","slug":"parasailing-tour-from-punta-cana","status":"publish","type":"product","link":"https:\/\/www.boattoursamana.com\/fi\/kiertue\/parasailing-tour-from-punta-cana","title":{"rendered":"Laskuvarjohyppykierros Punta Canasta 95 USD."},"content":{"rendered":"<div class=\"vc_row wpb_row vc_row-fluid\" ><div class=\"wpb_column vc_column_container vc_col-sm-12\"><div class=\"vc_column-inner\"><div class=\"wpb_wrapper\"><div class=\"mkdf-section-title-holder\" style=\"text-align: left\">\n\t<div class=\"mkdf-st-inner\">\n\t\t\t\t\t<h5 class=\"mkdf-st-subtitle\" >\n\t\t\t\tAlkaen Punta Cana Hotellit\t\t\t<\/h5>\n\t\t\t\t\t\t\t<h3 class=\"mkdf-st-title\" >\n\t\t\t\tLaskuvarjohyppykierros Punta Canasta\t\t\t<\/h3>\n\t\t\t\t\t\t\t<p class=\"mkdf-st-text\" >\n\t\t\t\tHuomautus: T\u00e4m\u00e4 kiertue alkaa klo 7:00 riippuen siit\u00e4, miss\u00e4 on Pickup Hotellit Aika voi muuttua. Lis\u00e4maksuja kustannukset Pick up alueilla, joita ei ole lueteltu meid\u00e4n kuvaus.\t\t\t<\/p>\n\t\t\t<\/div>\n<\/div><\/div><\/div><\/div><\/div><div class=\"vc_row wpb_row vc_row-fluid\" ><div class=\"wpb_column vc_column_container vc_col-sm-12\"><div class=\"vc_column-inner\"><div class=\"wpb_wrapper\"><div class=\"vc_empty_space\"   style=\"height: 32px\"><span class=\"vc_empty_space_inner\"><\/span><\/div><\/div><\/div><\/div><\/div><div class=\"vc_row wpb_row vc_row-fluid\" ><div class=\"wpb_column vc_column_container vc_col-sm-12\"><div class=\"vc_column-inner\"><div class=\"wpb_wrapper\"><div class=\"vc_btn3-container vc_btn3-inline\" ><button class=\"vc_general vc_btn3 vc_btn3-size-md vc_btn3-shape-rounded vc_btn3-style-modern vc_btn3-color-green\">VARAA NYT<\/button><\/div>\n\t<div class=\"wpb_text_column wpb_content_element\" >\n\t\t<div class=\"wpb_wrapper\">\n\t\t\t<h4><b><i>Yleiskatsaus <\/i><\/b><\/h4>\n<div>\n<p>Laskuvarjopurjehdus Punta Canan\/Bavaron rannikon yll\u00e4 t\u00e4m\u00e4n 40 minuutin aktiviteetin aikana, joka l\u00e4htee Punta Canasta. Hy\u00f6dy yhden Dominikaanisen tasavallan kokeneimman laskuvarjohyppyyrityksen asiantuntemuksesta, sill\u00e4 se on lent\u00e4nyt yli 60 000 kertaa vuodesta 2001 l\u00e4htien. Saat henke\u00e4salpaavat n\u00e4kym\u00e4t rannoille, turkooseille vesille ja rantaviivaa reunustaville lomakohteille, kun lenn\u00e4t satojen metrien korkeudessa. Ota mukaan aurinkovoide, uimapuku ja seikkailumielt\u00e4. Maalauksellinen lentomatka Matkusta veneell\u00e4 ja n\u00e4e n\u00e4ht\u00e4vyydet vedest\u00e4 k\u00e4sin Valitse l\u00e4ht\u00f6 aamu- tai iltap\u00e4iv\u00e4ll\u00e4 Mukana ilmainen nouto ja kyyditys hotellista.<\/p>\n<\/div>\n<ul class=\"vcs-highlights\">\n<li>Valittavanasi on useita l\u00e4ht\u00f6j\u00e4 p\u00e4iv\u00e4n aikana<\/li>\n<li>Nauti upeista ilmasta avautuvista n\u00e4kymist\u00e4<\/li>\n<li>Perheyst\u00e4v\u00e4llinen<\/li>\n<li>Nouto keskeisell\u00e4 paikalla sijaitsevasta kokouspaikasta<\/li>\n<li>Romanttinen kokemus, t\u00e4ydellinen pariskunnille<\/li>\n<\/ul>\n<p>&nbsp;<\/p>\n<h4><b>Sis\u00e4llytykset ja poissulkemiset<\/b><\/h4>\n<p>&nbsp;<\/p>\n<p><b>Sis\u00e4llytykset<\/b><\/p>\n<p>&nbsp;<\/p>\n<ol>\n<li>Parasaling Tour<\/li>\n<li>Bussin nouto hotellista<\/li>\n<li style=\"font-weight: 400;\"><span style=\"font-weight: 400;\">Kaikki verot, maksut ja k\u00e4sittelykulut<\/span><\/li>\n<li style=\"font-weight: 400;\"><span style=\"font-weight: 400;\">Paikalliset verot<\/span><\/li>\n<li style=\"font-weight: 400;\"><span style=\"font-weight: 400;\">Juomat<\/span><\/li>\n<\/ol>\n<p><b> Poikkeukset<\/b><\/p>\n<ol>\n<li style=\"font-weight: 400;\"><span style=\"font-weight: 400;\">Juomarahat<\/span><\/li>\n<li>Lounas<\/li>\n<\/ol>\n<p>&nbsp;<\/p>\n<h4><em><strong>L\u00e4ht\u00f6 &amp; paluu<\/strong><\/em><\/h4>\n<p><span style=\"font-weight: 400;\">Matkustaja saa tapaamispaikan varausprosessin j\u00e4lkeen. Kierrokset alkavat ja p\u00e4\u00e4ttyv\u00e4t kohtaamispaikoissamme.<\/span><\/p>\n<p>&nbsp;<\/p>\n<h4><b><i>Mit\u00e4 odottaa?<\/i><\/b><\/h4>\n<p>Kuvittele, ett\u00e4 sinut nostetaan 150 jalkaa ilmaan, viile\u00e4 tuuli hyv\u00e4ilee kasvojasi ja rentoudut samalla, kun nautit upeasta n\u00e4k\u00f6alasta Bavaron ja Punta Canan rannikolle. Lakkaa kuvittelemasta ja tule mukaan j\u00e4nnitt\u00e4v\u00e4\u00e4n laskuvarjohyppyyn, joka on todella unohtumaton kokemus. Tarvitset vain aurinkovoidetta ja uimapuvun, kun nautit ajelun j\u00e4nnityksest\u00e4. Lenn\u00e4 Dominikaanisen tasavallan ensiluokkaisen parasail-yrityksen kanssa. Vuodesta 2001 l\u00e4htien on lennetty yli 60 000 lentoa, ja ammattitaitoiset kapteenimme ja miehist\u00f6mme ovat alan kokeneimpia.<\/p>\n<p><strong>Aikataulu:<\/strong><\/p>\n<p>7:00 AM - 7:00 PM... Aika vaihtelee sen mukaan, miss\u00e4 p\u00e4in Punta Canaa olet.<\/p>\n<p>&nbsp;<\/p>\n<h4><em><strong>Mit\u00e4 kannattaa ottaa mukaan?<\/strong><\/em><\/h4>\n<ul>\n<li style=\"font-weight: 400;\"><span style=\"font-weight: 400;\">Kamera<\/span><\/li>\n<li style=\"font-weight: 400;\"><span style=\"font-weight: 400;\">Hylkiv\u00e4 silmut<\/span><\/li>\n<li style=\"font-weight: 400;\"><span style=\"font-weight: 400;\">aurinkovoide<\/span><\/li>\n<li style=\"font-weight: 400;\"><span style=\"font-weight: 400;\">Hattu<\/span><\/li>\n<li style=\"font-weight: 400;\"><span style=\"font-weight: 400;\">Mukavat housut<\/span><\/li>\n<li style=\"font-weight: 400;\"><span style=\"font-weight: 400;\">Vaelluskeng\u00e4t mets\u00e4\u00e4n<\/span><\/li>\n<li style=\"font-weight: 400;\"><span style=\"font-weight: 400;\">Sandaalit rannalle<\/span><\/li>\n<li style=\"font-weight: 400;\"><span style=\"font-weight: 400;\">Uima-asu<\/span><\/li>\n<li>K\u00e4teist\u00e4 matkamuistoja varten<\/li>\n<\/ul>\n<p>&nbsp;<\/p>\n<h4><b><i>Hotellin nouto <\/i><\/b><\/h4>\n<p><span style=\"font-weight: 400;\">Matkustajan nouto on tarjolla!<\/span><\/p>\n<p><span style=\"font-weight: 400;\">Teemme nouto kaikista hotelleista Punta Canassa. Noutopaikka on hotellin aula<br \/>\nJos majoitut alueella sijaitsevassa huoneistossa, noudamme sinut huoneistosta tai l\u00e4himm\u00e4n lomakeskuksen sis\u00e4\u00e4nk\u00e4ynnilt\u00e4... Asetamme Poimi yhteytt\u00e4 meihin Whatsappilla.<\/span><\/p>\n<p><b>Huom:<\/b><span style=\"font-weight: 400;\"> Jos varaus tehd\u00e4\u00e4n 24 tunnin kuluessa matkan\/retken l\u00e4ht\u00f6ajasta, voimme j\u00e4rjest\u00e4\u00e4 noutoj\u00e4rjestelyj\u00e4 hotellista. Kun ostoksesi on tehty, l\u00e4het\u00e4mme sinulle t\u00e4ydelliset yhteystiedot (puhelinnumero, s\u00e4hk\u00f6postiosoite jne.) paikalliselle matkaoppaallemme noutoj\u00e4rjestelyjen j\u00e4rjest\u00e4miseksi.<\/span><\/p>\n<h4><b><i>Lis\u00e4tietoja Vahvistus <\/i><\/b><\/h4>\n<ol>\n<li>Liput ovat kuitti maksettuasi t\u00e4m\u00e4n Tour. Voit n\u00e4ytt\u00e4\u00e4 maksun puhelimellasi.<\/li>\n<li style=\"font-weight: 400;\"><span style=\"font-weight: 400;\">Kokouspaikka saadaan varausprosessin j\u00e4lkeen.<\/span><\/li>\n<li style=\"font-weight: 400;\"><span style=\"font-weight: 400;\">Lasten mukana on oltava aikuinen.<\/span><\/li>\n<li style=\"font-weight: 400;\"><span style=\"font-weight: 400;\">esteet\u00f6n py\u00f6r\u00e4tuolilla <\/span><\/li>\n<li style=\"font-weight: 400;\"><span style=\"font-weight: 400;\">Pikkulasten on istuttava syliss\u00e4 <\/span><\/li>\n<li style=\"font-weight: 400;\"><span style=\"font-weight: 400;\">Useimmat matkustajat voivat osallistua<\/span><\/li>\n<\/ol>\n<h4><b><i>Peruutusehdot<\/i><\/b><\/h4>\n<p>Jos haluat t\u00e4yden hyvityksen, lue peruutusk\u00e4yt\u00e4nt\u00f6mme.\u00a0<a href=\"https:\/\/www.boattoursamana.com\/fi\/online-varaukset\/\" target=\"_blank\" rel=\"noopener\" data-saferedirecturl=\"https:\/\/www.google.com\/url?q=https:\/\/www.boattoursamana.com\/online-booking\/&amp;source=gmail&amp;ust=1672532492004000&amp;usg=AOvVaw3ylqI1cdbIPTimEqEWneyd\">Klikkaa t\u00e4st\u00e4<\/a>. Varat menetet\u00e4\u00e4n, jos varaus peruutetaan samana matkap\u00e4iv\u00e4n\u00e4.<\/p>\n\n\t\t<\/div>\n\t<\/div>\n<\/div><\/div><\/div><\/div><div class=\"vc_row wpb_row vc_row-fluid\" ><div class=\"wpb_column vc_column_container vc_col-sm-12\"><div class=\"vc_column-inner\"><div class=\"wpb_wrapper\">\n\t<div class=\"wpb_text_column wpb_content_element\" >\n\t\t<div class=\"wpb_wrapper\">\n\t\t\t<h4>Ota yhteytt\u00e4?<\/h4>\n<h5><em><strong>Seikkailujen varaaminen<\/strong><\/em><\/h5>\n<p><em><strong>Paikalliset<\/strong> ja <strong>Kansalliset<\/strong> Matkaoppaat &amp; vieraspalvelut<\/em><\/p>\n<p><span class=\"text-turquoise\">Varaukset:<\/span> Retket ja retket Dom. Rep.<\/p>\n\n\t\t<\/div>\n\t<\/div>\n<\/div><\/div><\/div><\/div><div class=\"vc_row wpb_row vc_row-fluid\" ><\/div><div class=\"wpb_column vc_column_container vc_col-sm-12\"><div class=\"vc_column-inner\"><div class=\"wpb_wrapper\"><\/div><\/div><\/div><div class=\"vc_empty_space\"   style=\"height: 32px\"><span class=\"vc_empty_space_inner\"><\/span><\/div><div class=\"vc_row wpb_row vc_row-fluid\" ><div class=\"wpb_column vc_column_container vc_col-sm-12\"><div class=\"vc_column-inner\"><div class=\"wpb_wrapper\"><div class=\"vc_btn3-container vc_btn3-inline\" ><button class=\"vc_general vc_btn3 vc_btn3-size-md vc_btn3-shape-rounded vc_btn3-style-modern vc_btn3-color-green\">VARAA NYT<\/button><\/div><\/div><\/div><\/div><\/div>","protected":false},"excerpt":{"rendered":"<p>Purjelautailu Punta Canassa on uskomaton seikkailu ja yksi parhaista asioista Punta Canassa. Rantaviiva 200 metrin korkeudesta ilmassa purjehtiessasi on aivan upea.<\/p>\n<p>Purjelautailu on yksinkertainen ja hauska kokemus kaikille perheenj\u00e4senille. Dominikaanisen tasavallan johtavana purjelautailu- ja seikkailuyrityksen\u00e4 purjelautailutiimimme on yksi Punta Canan kokeneimmista, ja sill\u00e4 on yli 16 vuoden lentokokemus.<span style=\"vertical-align: inherit;\"><span style=\"vertical-align: inherit;\">.<\/span><\/span><\/p>\n<p>Voit nauttia noin 15 minuutin lennosta samalla kun nautit kauniista panoraaman\u00e4kymist\u00e4.<\/p>\n<p><strong>Valitse kiertueen p\u00e4iv\u00e4m\u00e4\u00e4r\u00e4:\u00a0<\/strong><\/p>","protected":false},"featured_media":9634,"template":"","meta":[],"product_cat":[253,948,468,972,349,294],"product_tag":[242,470,469,222,471,313,243],"class_list":["post-9630","product","type-product","status-publish","has-post-thumbnail","hentry","product_cat-tours-and-excursions","product_cat-1-punta-cana","product_cat-parasaling","product_cat-punta-cana-group-tours","product_cat-tours-and-excursion-punta-cana","product_cat-tours-excursions-punta-cana-dominican-republic","product_tag-catamaran","product_tag-parasail-punta-cana","product_tag-parasailing-in-punta-cana","product_tag-punta-cana","product_tag-punta-cana-catamaran-party-with-snorkeling-and-parasailing","product_tag-punta-cana-tours","product_tag-saona-island"],"_links":{"self":[{"href":"https:\/\/www.boattoursamana.com\/fi\/wp-json\/wp\/v2\/product\/9630","targetHints":{"allow":["GET"]}}],"collection":[{"href":"https:\/\/www.boattoursamana.com\/fi\/wp-json\/wp\/v2\/product"}],"about":[{"href":"https:\/\/www.boattoursamana.com\/fi\/wp-json\/wp\/v2\/types\/product"}],"wp:featuredmedia":[{"embeddable":true,"href":"https:\/\/www.boattoursamana.com\/fi\/wp-json\/wp\/v2\/media\/9634"}],"wp:attachment":[{"href":"https:\/\/www.boattoursamana.com\/fi\/wp-json\/wp\/v2\/media?parent=9630"}],"wp:term":[{"taxonomy":"product_cat","embeddable":true,"href":"https:\/\/www.boattoursamana.com\/fi\/wp-json\/wp\/v2\/product_cat?post=9630"},{"taxonomy":"product_tag","embeddable":true,"href":"https:\/\/www.boattoursamana.com\/fi\/wp-json\/wp\/v2\/product_tag?post=9630"}],"curies":[{"name":"wp","href":"https:\/\/api.w.org\/{rel}","templated":true}]}}