{"id":9639,"date":"2019-10-14T16:35:48","date_gmt":"2019-10-14T16:35:48","guid":{"rendered":"https:\/\/www.ticketswhales.com\/?post_type=product&#038;p=9639"},"modified":"2023-02-21T17:56:59","modified_gmt":"2023-02-21T17:56:59","slug":"four-adventures-parasailing-snorkeling-cruise-sharks-rays-in-natural-pools-from-punta-cana","status":"publish","type":"product","link":"https:\/\/www.boattoursamana.com\/fi\/kiertue\/nelja-seikkailua-punta-canasta-kasin-laskuvarjohyppy-snorkkeliristeily-hait-ja-rauskut-luonnonaltaissa-2","title":{"rendered":"Nelj\u00e4 seikkailua: Punta Canasta k\u00e4sin: Laskuvarjohyppy, Snorkkeliristeily, Hait ja Rauskut luonnonaltaissa"},"content":{"rendered":"<div class=\"vc_row wpb_row vc_row-fluid\" ><div class=\"wpb_column vc_column_container vc_col-sm-12\"><div class=\"vc_column-inner\"><div class=\"wpb_wrapper\"><div class=\"mkdf-section-title-holder\" style=\"text-align: left\">\n\t<div class=\"mkdf-st-inner\">\n\t\t\t\t\t<h5 class=\"mkdf-st-subtitle\" >\n\t\t\t\tAlkaen Punta Cana Hotellit\t\t\t<\/h5>\n\t\t\t\t\t\t\t<h3 class=\"mkdf-st-title\" >\n\t\t\t\tNelj\u00e4 seikkailua: Punta Canasta k\u00e4sin: Laskuvarjohyppy, Snorkkeliristeily, Hait ja Rauskut luonnonaltaissa\t\t\t<\/h3>\n\t\t\t\t\t\t\t<p class=\"mkdf-st-text\" >\n\t\t\t\tHuomautus: T\u00e4m\u00e4 kiertue alkaa eri aikoina klo 7.00\u201316.00. Voit my\u00f6s n\u00e4hd\u00e4 delfiinej\u00e4, mutta et Uintia delfiinien kanssa. Noutohotellien paikasta riippuen aika voi muuttua. Lis\u00e4maksut noutoalueilta, joita ei ole mainittu kuvauksessamme.\t\t\t<\/p>\n\t\t\t<\/div>\n<\/div><\/div><\/div><\/div><\/div><div class=\"vc_row wpb_row vc_row-fluid\" ><div class=\"wpb_column vc_column_container vc_col-sm-12\"><div class=\"vc_column-inner\"><div class=\"wpb_wrapper\"><div class=\"vc_empty_space\"   style=\"height: 32px\"><span class=\"vc_empty_space_inner\"><\/span><\/div><\/div><\/div><\/div><\/div><div class=\"vc_row wpb_row vc_row-fluid\" ><div class=\"wpb_column vc_column_container vc_col-sm-12\"><div class=\"vc_column-inner\"><div class=\"wpb_wrapper\"><div class=\"vc_btn3-container vc_btn3-inline\" ><button class=\"vc_general vc_btn3 vc_btn3-size-md vc_btn3-shape-rounded vc_btn3-style-modern vc_btn3-color-green\">VARAA NYT<\/button><\/div>\n\t<div class=\"wpb_text_column wpb_content_element\" >\n\t\t<div class=\"wpb_wrapper\">\n\t\t\t<h4><b><i>Yleiskatsaus <\/i><\/b><\/h4>\n<div>\n<p>nKoe nelj\u00e4n seikkailun j\u00e4nnitys yhdess\u00e4 t\u00e4ll\u00e4 eeppisell\u00e4 Punta Canan kiertueella. Rentoudu kaksikerroksisessa katamaraanissa, l\u00f6yd\u00e4 meren ihmeit\u00e4 ja nauti l\u00e4heisist\u00e4 kohtaamisista meren el\u00e4m\u00e4n kanssa. Snorklaat upealla valliriutalla, jota ymp\u00e4r\u00f6iv\u00e4t trooppiset kalat, ja koet interaktiivisen merishown hauskanpitoa haiden ja rauskujen kanssa. T\u00e4m\u00e4 suosittu kiertuevaihtoehto sis\u00e4lt\u00e4\u00e4 rajoittamattomasti juomia parhaalla juhlaveneell\u00e4 ja sopii t\u00e4ydellisesti hauskanpitoon perheen ja yst\u00e4vien kanssa. Kun olet saanut maistaa el\u00e4m\u00e4st\u00e4 veden alla, tutki sit\u00e4 ylh\u00e4\u00e4lt\u00e4 j\u00e4nnitt\u00e4v\u00e4ll\u00e4 parasaililla 500 jalkaa veden pinnan yl\u00e4puolella!<\/p>\n<\/div>\n<ul class=\"vcs-highlights\">\n<li>Valittavanasi on useita l\u00e4ht\u00f6j\u00e4 p\u00e4iv\u00e4n aikana<\/li>\n<li>Meren yst\u00e4ville<\/li>\n<li>Nauti upeista ilmasta avautuvista n\u00e4kymist\u00e4<\/li>\n<li>Perheyst\u00e4v\u00e4llinen<\/li>\n<li>Nouto keskeisell\u00e4 paikalla sijaitsevasta kokouspaikasta<\/li>\n<li>Romanttinen kokemus, t\u00e4ydellinen pariskunnille<\/li>\n<\/ul>\n<p>&nbsp;<\/p>\n<h4><b>Sis\u00e4llytykset ja poissulkemiset<\/b><\/h4>\n<p>&nbsp;<\/p>\n<p><b>Sis\u00e4llytykset<\/b><\/p>\n<p>&nbsp;<\/p>\n<ol>\n<li>Parasaling Tour<\/li>\n<li>Snorklausristeily, hait ja rauskut luonnonaltaissa<\/li>\n<li>Bussin nouto hotellista<\/li>\n<li style=\"font-weight: 400;\"><span style=\"font-weight: 400;\">Kaikki verot, maksut ja k\u00e4sittelykulut<\/span><\/li>\n<li style=\"font-weight: 400;\"><span style=\"font-weight: 400;\">Paikalliset verot<\/span><\/li>\n<li style=\"font-weight: 400;\"><span style=\"font-weight: 400;\">Juomat<\/span><\/li>\n<\/ol>\n<p><b> Poikkeukset<\/b><\/p>\n<ol>\n<li style=\"font-weight: 400;\"><span style=\"font-weight: 400;\">Juomarahat<\/span><\/li>\n<li>Lounas<\/li>\n<\/ol>\n<p>&nbsp;<\/p>\n<h4><em><strong>L\u00e4ht\u00f6 &amp; paluu<\/strong><\/em><\/h4>\n<p><span style=\"font-weight: 400;\">Matkustaja saa tapaamispaikan varausprosessin j\u00e4lkeen. Kierrokset alkavat ja p\u00e4\u00e4ttyv\u00e4t kohtaamispaikoissamme.<\/span><\/p>\n<p>&nbsp;<\/p>\n<h4><b><i>Mit\u00e4 odottaa?<\/i><\/b><\/h4>\n<p>nMatka ilmastoiduissa mukavuksissa Punta Cana -hotellistasi kauniiseen kaksikerroksiseen katamaraaniin ja matkusta Punta Canan upeaan kauneuteen ammattitaitoisen miehist\u00f6n kanssa. Kiertele Bavaro-rannalla ja snorklaa koralliriuttojen ja trooppisten kalojen l\u00e4pi ammattisukeltajien valvonnassa. Suuntaa seuraavaksi meripuistoon, jossa kohtaat l\u00e4hist\u00f6ll\u00e4 rauskuja ja tottelevia haita. Ui ja snorklaa n\u00e4iden j\u00e4ttil\u00e4isten olentojen ymp\u00e4r\u00f6im\u00e4n\u00e4 ja hanki opastiimilt\u00e4si syvemp\u00e4\u00e4 tietoa.<\/p>\n<p>nSitten voit nauttia ajasta virkist\u00e4v\u00e4ss\u00e4 luonnonaltaassa, jossa voit uida ja rentoutua kylm\u00e4n oluen kanssa. Nauti kelluvasta baarista ja kuuntele paikallisen DJ:n ly\u00f6mist\u00e4 t\u00e4ss\u00e4 uskomattomassa saariymp\u00e4rist\u00f6ss\u00e4.<\/p>\n<p>nKoe valtameren kristallinkirkkaiden vesien j\u00e4nnitys pelien, juomien ja viihteen kera. Kiertueesi p\u00e4\u00e4ttyy eeppiseen purjelautailuseikkailuun Cortesiton rannalta. Turvallisuuskatsauksen j\u00e4lkeen lenn\u00e4t taivaalla upeiden sinisten vesien yl\u00e4puolella ja ihailet uskomattomia trooppisia n\u00e4kymi\u00e4 samalla kun nouset paratiisin halki. Sinut palautetaan turvallisesti rantaan ennen kuin l\u00e4hdet takaisin hotellillesi kuljetuksesi kanssa.<\/p>\n<p><strong>Aikataulu:<\/strong><\/p>\n<p>Klo 7.00 \u2013 16.00\u2026 Aika muuttuu sen mukaan, miss\u00e4 Punta Canassa olet. Ota yhteytt\u00e4 niin sovitaan aika.<\/p>\n<p>&nbsp;<\/p>\n<h4><em><strong>Mit\u00e4 kannattaa ottaa mukaan?<\/strong><\/em><\/h4>\n<ul>\n<li style=\"font-weight: 400;\"><span style=\"font-weight: 400;\">Kamera<\/span><\/li>\n<li style=\"font-weight: 400;\"><span style=\"font-weight: 400;\">Hylkiv\u00e4 silmut<\/span><\/li>\n<li style=\"font-weight: 400;\"><span style=\"font-weight: 400;\">aurinkovoide<\/span><\/li>\n<li style=\"font-weight: 400;\"><span style=\"font-weight: 400;\">Hattu<\/span><\/li>\n<li style=\"font-weight: 400;\"><span style=\"font-weight: 400;\">Mukavat housut<\/span><\/li>\n<li style=\"font-weight: 400;\"><span style=\"font-weight: 400;\">Vaelluskeng\u00e4t mets\u00e4\u00e4n<\/span><\/li>\n<li style=\"font-weight: 400;\"><span style=\"font-weight: 400;\">Sandaalit rannalle<\/span><\/li>\n<li style=\"font-weight: 400;\"><span style=\"font-weight: 400;\">Uima-asu<\/span><\/li>\n<li>K\u00e4teist\u00e4 matkamuistoja varten<\/li>\n<\/ul>\n<p>&nbsp;<\/p>\n<h4><b><i>Hotellin nouto <\/i><\/b><\/h4>\n<p><span style=\"font-weight: 400;\">Matkustajan nouto on tarjolla!<\/span><\/p>\n<p><span style=\"font-weight: 400;\">Teemme nouto kaikista hotelleista Punta Canassa. Noutopaikka on hotellin aula<br \/>\nJos majoitut alueella sijaitsevassa huoneistossa, noudamme sinut huoneistosta tai l\u00e4himm\u00e4n lomakeskuksen sis\u00e4\u00e4nk\u00e4ynnilt\u00e4... Asetamme Poimi yhteytt\u00e4 meihin Whatsappilla.<\/span><\/p>\n<p><b>Huom:<\/b><span style=\"font-weight: 400;\"> Jos varaus tehd\u00e4\u00e4n 24 tunnin kuluessa matkan\/retken l\u00e4ht\u00f6ajasta, voimme j\u00e4rjest\u00e4\u00e4 noutoj\u00e4rjestelyj\u00e4 hotellista. Kun ostoksesi on tehty, l\u00e4het\u00e4mme sinulle t\u00e4ydelliset yhteystiedot (puhelinnumero, s\u00e4hk\u00f6postiosoite jne.) paikalliselle matkaoppaallemme noutoj\u00e4rjestelyjen j\u00e4rjest\u00e4miseksi.<\/span><\/p>\n<h4><b><i>Lis\u00e4tietoja Vahvistus <\/i><\/b><\/h4>\n<ol>\n<li>Liput ovat kuitti maksettuasi t\u00e4m\u00e4n Tour. Voit n\u00e4ytt\u00e4\u00e4 maksun puhelimellasi.<\/li>\n<li style=\"font-weight: 400;\"><span style=\"font-weight: 400;\">Kokouspaikka saadaan varausprosessin j\u00e4lkeen.<\/span><\/li>\n<li style=\"font-weight: 400;\"><span style=\"font-weight: 400;\">Lasten mukana on oltava aikuinen.<\/span><\/li>\n<li style=\"font-weight: 400;\"><span style=\"font-weight: 400;\">esteet\u00f6n py\u00f6r\u00e4tuolilla <\/span><\/li>\n<li style=\"font-weight: 400;\"><span style=\"font-weight: 400;\">Pikkulasten on istuttava syliss\u00e4 <\/span><\/li>\n<li style=\"font-weight: 400;\"><span style=\"font-weight: 400;\">Useimmat matkustajat voivat osallistua<\/span><\/li>\n<\/ol>\n<h4><b><i>Peruutusehdot<\/i><\/b><\/h4>\n<p>Jos haluat t\u00e4yden hyvityksen, lue peruutusk\u00e4yt\u00e4nt\u00f6mme.\u00a0<a href=\"https:\/\/www.boattoursamana.com\/fi\/online-varaukset\/\" target=\"_blank\" rel=\"noopener\" data-saferedirecturl=\"https:\/\/www.google.com\/url?q=https:\/\/www.boattoursamana.com\/online-booking\/&amp;source=gmail&amp;ust=1672532492004000&amp;usg=AOvVaw3ylqI1cdbIPTimEqEWneyd\">Klikkaa t\u00e4st\u00e4<\/a>. Varat menetet\u00e4\u00e4n, jos varaus peruutetaan samana matkap\u00e4iv\u00e4n\u00e4.<\/p>\n\n\t\t<\/div>\n\t<\/div>\n<\/div><\/div><\/div><\/div><div class=\"vc_row wpb_row vc_row-fluid\" ><div class=\"wpb_column vc_column_container vc_col-sm-12\"><div class=\"vc_column-inner\"><div class=\"wpb_wrapper\">\n\t<div class=\"wpb_text_column wpb_content_element\" >\n\t\t<div class=\"wpb_wrapper\">\n\t\t\t<h4>Ota yhteytt\u00e4?<\/h4>\n<h5><em><strong>Seikkailujen varaaminen<\/strong><\/em><\/h5>\n<p><em><strong>Paikalliset<\/strong> ja <strong>Kansalliset<\/strong> Matkaoppaat &amp; vieraspalvelut<\/em><\/p>\n<p><span class=\"text-turquoise\">Varaukset:<\/span> Retket ja retket Dom. Rep.<\/p>\n\n\t\t<\/div>\n\t<\/div>\n<\/div><\/div><\/div><\/div><div class=\"vc_row wpb_row vc_row-fluid\" ><\/div><div class=\"wpb_column vc_column_container vc_col-sm-12\"><div class=\"vc_column-inner\"><div class=\"wpb_wrapper\"><\/div><\/div><\/div><div class=\"vc_empty_space\"   style=\"height: 32px\"><span class=\"vc_empty_space_inner\"><\/span><\/div><div class=\"vc_empty_space\"   style=\"height: 32px\"><span class=\"vc_empty_space_inner\"><\/span><\/div><div class=\"vc_row wpb_row vc_row-fluid\" ><div class=\"wpb_column vc_column_container vc_col-sm-12\"><div class=\"vc_column-inner\"><div class=\"wpb_wrapper\"><div class=\"vc_btn3-container vc_btn3-inline\" ><button class=\"vc_general vc_btn3 vc_btn3-size-md vc_btn3-shape-rounded vc_btn3-style-modern vc_btn3-color-green\">VARAA NYT<\/button><\/div><\/div><\/div><\/div><\/div>","protected":false},"excerpt":{"rendered":"<p><span style=\"vertical-align: inherit;\"><span style=\"vertical-align: inherit;\"><span style=\"vertical-align: inherit;\"><span style=\"vertical-align: inherit;\">Parasailing en Punta Cana es una aventura incre\u00edble y una de las mejores cosas para hacer en Punta Cana. <\/span><\/span><\/span><span style=\"vertical-align: inherit;\"><span style=\"vertical-align: inherit;\"><span style=\"vertical-align: inherit;\">La costa desde 200 pies en el aire, mientras navega, es absolutamente impresionante.<\/span><\/span><\/span><\/span><\/p>\n<p><span style=\"vertical-align: inherit;\"><span style=\"vertical-align: inherit;\"><span style=\"vertical-align: inherit;\"><span style=\"vertical-align: inherit;\">El parasailing es una experiencia sencilla y divertida para todos los miembros de la familia. <\/span><\/span><\/span><span style=\"vertical-align: inherit;\"><span style=\"vertical-align: inherit;\"><span style=\"vertical-align: inherit;\">Dominikaanisessa tasavallassa toimivana p\u00e4\u00e4asiallisena laskuvarjohyppy- ja seikkailualan yrityksen\u00e4 laskuvarjohypp\u00e4\u00e4j\u00e4joukkomme on yksi Punta Canan kokeneimmista, ja meill\u00e4 on 16 vuoden kokemus laskuvarjohypp\u00e4\u00e4misest\u00e4. <\/span><\/span><\/span><span style=\"vertical-align: inherit;\"><span style=\"vertical-align: inherit;\"><span style=\"vertical-align: inherit;\">Puede disfrutar de unos 15 minutos de vuelo mientras disfruta de la hermosa vista panor\u00e1mica.<\/span><\/span><\/span><\/span><\/p>\n<p>&nbsp;<\/p>\n<p><em><strong><span style=\"vertical-align: inherit;\"><span style=\"vertical-align: inherit;\"><span style=\"vertical-align: inherit;\"><span style=\"vertical-align: inherit;\">Seleccione la fecha para el tour\u00a0<\/span><\/span><\/span><\/span><\/strong><\/em><\/p>","protected":false},"featured_media":11681,"template":"","meta":[],"product_cat":[253,948,468,473,349,294],"product_tag":[242,480,474,478,477,470,469,222,471,479,313,482,243,476,475,481],"class_list":["post-9639","product","type-product","status-publish","has-post-thumbnail","hentry","product_cat-tours-and-excursions","product_cat-1-punta-cana","product_cat-parasaling","product_cat-sharks-rays-in-natural-pools","product_cat-tours-and-excursion-punta-cana","product_cat-tours-excursions-punta-cana-dominican-republic","product_tag-catamaran","product_tag-cheap-punta-cana-excursions","product_tag-four-adventures-parasailing","product_tag-natural-pool-punta-cana","product_tag-natural-swimming-pool-punta-cana","product_tag-parasail-punta-cana","product_tag-parasailing-in-punta-cana","product_tag-punta-cana","product_tag-punta-cana-catamaran-party-with-snorkeling-and-parasailing","product_tag-punta-cana-sharks","product_tag-punta-cana-tours","product_tag-rays-from-punta-cana","product_tag-saona-island","product_tag-sharks-rays-in-natural-pools-from-punta-cana","product_tag-snorkeling-cruise","product_tag-swimming-with-sharks-punta-cana"],"_links":{"self":[{"href":"https:\/\/www.boattoursamana.com\/fi\/wp-json\/wp\/v2\/product\/9639","targetHints":{"allow":["GET"]}}],"collection":[{"href":"https:\/\/www.boattoursamana.com\/fi\/wp-json\/wp\/v2\/product"}],"about":[{"href":"https:\/\/www.boattoursamana.com\/fi\/wp-json\/wp\/v2\/types\/product"}],"wp:featuredmedia":[{"embeddable":true,"href":"https:\/\/www.boattoursamana.com\/fi\/wp-json\/wp\/v2\/media\/11681"}],"wp:attachment":[{"href":"https:\/\/www.boattoursamana.com\/fi\/wp-json\/wp\/v2\/media?parent=9639"}],"wp:term":[{"taxonomy":"product_cat","embeddable":true,"href":"https:\/\/www.boattoursamana.com\/fi\/wp-json\/wp\/v2\/product_cat?post=9639"},{"taxonomy":"product_tag","embeddable":true,"href":"https:\/\/www.boattoursamana.com\/fi\/wp-json\/wp\/v2\/product_tag?post=9639"}],"curies":[{"name":"wp","href":"https:\/\/api.w.org\/{rel}","templated":true}]}}