{"id":9653,"date":"2019-10-15T08:33:05","date_gmt":"2019-10-15T08:33:05","guid":{"rendered":"https:\/\/www.ticketswhales.com\/?post_type=product&#038;p=9653"},"modified":"2023-11-10T17:27:37","modified_gmt":"2023-11-10T17:27:37","slug":"catalina-island-altos-de-chavon-from-punta-cana-snorkeling-with-catamaran-party","status":"publish","type":"product","link":"https:\/\/www.boattoursamana.com\/fi\/kiertue\/catalina-island-altos-de-chavon-from-punta-cana-snorklausta-katamaraanilla-party-2","title":{"rendered":"Catalinan saari &amp; Altos de Chavon Punta Canasta (snorklausta katamaraanilla)"},"content":{"rendered":"<div class=\"vc_row wpb_row vc_row-fluid\" ><div class=\"wpb_column vc_column_container vc_col-sm-12\"><div class=\"vc_column-inner\"><div class=\"wpb_wrapper\"><div class=\"mkdf-section-title-holder\" style=\"text-align: left\">\n\t<div class=\"mkdf-st-inner\">\n\t\t\t\t\t<h5 class=\"mkdf-st-subtitle\" >\n\t\t\t\tPuolen p\u00e4iv\u00e4n kokemus\t\t\t<\/h5>\n\t\t\t\t\t\t\t<h3 class=\"mkdf-st-title\" >\n\t\t\t\tCatalinan saari ja snorklaus katamaraanilla Punta Canasta k\u00e4sin\t\t\t<\/h3>\n\t\t\t\t\t<\/div>\n<\/div><div class=\"vc_btn3-container vc_btn3-inline\" ><button class=\"vc_general vc_btn3 vc_btn3-size-md vc_btn3-shape-rounded vc_btn3-style-modern vc_btn3-color-green\">VARAA NYT<\/button><\/div><\/div><\/div><\/div><\/div><div class=\"vc_row wpb_row vc_row-fluid\" ><div class=\"wpb_column vc_column_container vc_col-sm-12\"><div class=\"vc_column-inner\"><div class=\"wpb_wrapper\">\n\t<div class=\"wpb_text_column wpb_content_element\" >\n\t\t<div class=\"wpb_wrapper\">\n\t\t\t<div class=\"vc_row wpb_row vc_row-fluid\">\n<div class=\"wpb_column vc_column_container vc_col-sm-12\">\n<div class=\"vc_column-inner\">\n<div class=\"wpb_wrapper\">\n<div class=\"wpb_text_column wpb_content_element\">\n<div class=\"wpb_wrapper\">\n<div class=\"vc_row wpb_row vc_row-fluid\">\n<div class=\"wpb_column vc_column_container vc_col-sm-12\">\n<div class=\"vc_column-inner\">\n<div class=\"wpb_wrapper\">\n<div class=\"wpb_text_column wpb_content_element\">\n<div class=\"wpb_wrapper\">\n<h4><b><i>Yleiskatsaus<\/i><\/b><\/h4>\n<p>Nautimme katamaraaniretkest\u00e4 kristallinkirkkaiden vesien poikki Catalina-saarelle, Dominikaanisen tasavallan tunnetuimmalle snorklausalueelle.<\/p>\n<p>P\u00e4iv\u00e4si alkaa noutamisella hotellisi p\u00e4\u00e4aulasta tai m\u00e4\u00e4r\u00e4tyst\u00e4 tapaamispaikasta. Sitten jatkamme Catalinan saarelle nauttimaan virkist\u00e4v\u00e4st\u00e4 kylvyst\u00e4 ja juomista, kun taas kuka tahansa voi suorittaa 2 erilaista snorklausta ohjaajan kanssa, ja sen j\u00e4lkeen sy\u00f6mme herkullisen lounasbuffetin rannalla ja otamme joitakin Salsan ja Bachatan luokkia, samalla kun valmistamme herkullisia juomia. Kun olet kyll\u00e4stynyt laiskotteluun rannalla, nappaa snorklausv\u00e4lineet ja ihaile Catalinan vedenalaista maailmaa.<\/p>\n<p>Meri, joka on niin uskomattoman kirkas, ja rannan valkoinen hiekka odottavat sinua. Rentoudu aurinkotuolilla tai snorklaamalla kaikki sis\u00e4ltyy sinulle. Nautit, jossa n\u00e4et perinteit\u00e4 meid\u00e4n musiikkia ja tanssia.<\/p>\n<p>T\u00e4m\u00e4n j\u00e4lkeen menemme Altos de Chavonin karjaan ja jokeen!<\/p>\n<p><strong>Huom:<\/strong> T\u00e4m\u00e4 kierros ei ole yksityinen. Jos haluat j\u00e4rjest\u00e4\u00e4 yksityisen kierroksen, ota yhteytt\u00e4!<\/p>\n<ul>\n<li>\n<div class=\"py-1 inclusions-exclusions-item d-flex\" lang=\"en-x-mtfrom-en\">\n<div class=\"d-inline-block inclusions-exclusions-text\">Yksityinen kuljetus<\/div>\n<\/div>\n<\/li>\n<li>Luonnollinen uima-allas StarFish Watching varten<\/li>\n<li>Snorklaus<\/li>\n<li>Lounas<\/li>\n<li>Vene Katamaraani Siirto<\/li>\n<li>Kapteeni antaa ohjeita ja valvoo<\/li>\n<li>Matkaopas<\/li>\n<\/ul>\n<p>&nbsp;<\/p>\n<h4><b>Sis\u00e4llytykset ja poissulkemiset<\/b><\/h4>\n<p><b>Sis\u00e4llytykset<\/b><\/p>\n<ol>\n<li>Matkaopas<\/li>\n<li>snorklaus<\/li>\n<li>Lounas<\/li>\n<li>Nouto hotelleista<\/li>\n<li>Katamaraani tai veneretki<\/li>\n<li>Kaikki verot, maksut ja k\u00e4sittelykulut<\/li>\n<li>Paikalliset verot<\/li>\n<li>Juomat<\/li>\n<\/ol>\n<p><b>Poikkeukset<\/b><\/p>\n<ol>\n<li>Juomarahat<\/li>\n<li>Kuvat<\/li>\n<\/ol>\n<h4><em><strong>L\u00e4ht\u00f6 &amp; paluu<\/strong><\/em><\/h4>\n<p>Matkustaja saa tapaamispaikan varausprosessin j\u00e4lkeen. Kierrokset alkavat ja p\u00e4\u00e4ttyv\u00e4t kokouspaikoissamme.<\/p>\n<h3>Catalinan saari ja snorklaus katamaraanilla Punta Canasta - puolip\u00e4iv\u00e4inen kokemus.<\/h3>\n<h4><b><i>Mit\u00e4 odottaa?<\/i><\/b><\/h4>\n<p>Punta Canasta l\u00e4htev\u00e4n Catalinan saaren retken aikana vierailla on mahdollisuus snorklata Catalinan elinvoimaisilla koralliriutoilla, uida vilkkaiden kalakantojen keskell\u00e4 ja nauttia Karibian upeasta vedenalaisesta el\u00e4imist\u00f6st\u00e4.<\/p>\n<p>Aloitamme snorklausretken aamulla kohti La Romanaa. Ajon aikana ohitamme sokeriruokopeltoja, kun oppaasi antaa mielenkiintoista tietoa alueen historiasta, yleisest\u00e4 kulttuurista ja maan romminvalmistustekniikoista. Saavuttuamme La Romanaan nousemme katamaraanillemme ja l\u00e4hdemme kohti Catalinaa. Ensimm\u00e4inen pys\u00e4hdyspaikkamme saarella on \"The Wall\", majesteettinen korallisein\u00e4, joka ulottuu saarelta Karibianmerelle.<\/p>\n<p>Snorklauksen j\u00e4lkeen jatkat polkua Catalinan kauniille rannalle, joka on eksklusiivinen paikka. Saavuttuaan sinne vieraat p\u00e4\u00e4sev\u00e4t 2 kilometrin pituiselle valkoiselle hiekkarannalle ja kristallinkirkkaaseen veteen, rantabaariin, jossa on juomia ja herkullinen dominikaaninen lounasbuffet grilliruoalla. Nousemme katamaraaniin noin klo 15.30 palataksemme Punta Canaan uskomattoman snorklaus- ja rentoutumisp\u00e4iv\u00e4n j\u00e4lkeen Catalinan saarella. SaariPunta Canasta l\u00e4htev\u00e4n Catalinan saaren retken aikana vierailla on mahdollisuus snorklata Catalinan elinvoimaisilla koralliriutoilla, uida vilkkaiden kalaparvien keskell\u00e4 nauttien upeasta Karibian vedenalaisesta el\u00e4imist\u00f6st\u00e4.<\/p>\n<p>Aloitamme snorklausretken aamulla kohti La Romanaa. Ajon aikana ohitamme sokeriruokopeltoja, kun oppaasi antaa mielenkiintoista tietoa alueen historiasta, yleisest\u00e4 kulttuurista ja maan romminvalmistustekniikoista. Saavuttuamme La Romanaan nousemme katamaraanillemme ja l\u00e4hdemme kohti Catalinaa.<\/p>\n<p>Ensimm\u00e4inen pys\u00e4hdyspaikkamme saarella on \"The Wall\", majesteettinen korallisein\u00e4, joka ulottuu saarelta Karibianmerelle. Snorklauksen j\u00e4lkeen jatkamme matkaa Catalinan kauniille rannalle, joka on eksklusiivinen paikka. Saavuttuaan sinne vieraat p\u00e4\u00e4sev\u00e4t 2 kilometrin pituiselle valkoiselle hiekkarannalle ja kristallinkirkkaaseen veteen, rantabaariin, jossa on juomia, ja herkulliseen dominikaaniseen lounasbuffetiin, jossa on grilliruokaa. Nousemme katamaraaniin noin klo 15.30 palataksemme Punta Canaan uskomattoman snorklaus- ja rentoutumisp\u00e4iv\u00e4n j\u00e4lkeen Catalinan saarella.<\/p>\n<div class=\"a-text--first-content _for-copy-large l-hide-for-large\">\n<p>Anna<strong>\u00a0Catalinan saaren karibialainen paratiisi valloittaa sinut\u00a0<\/strong>ja tutkia vieh\u00e4tt\u00e4v\u00e4\u00e4\u00a0<strong>Altos de Chav\u00f3n<\/strong>\u00a0t\u00e4ll\u00e4 unohtumattomalla p\u00e4iv\u00e4retkell\u00e4 La Romanasta.<\/p>\n<\/div>\n<div id=\"o-slider--activity-detail__container\" class=\"o-slider js-module-slider is-photos\"><\/div>\n<div id=\"l-768-calendar-anchor\"><\/div>\n<div id=\"new-fading-text\" class=\"new-fading-text _loaded u-no-before show-hidden-elements\">\n<div class=\"o-activity-description\">\n<h2>Catalinan saari ja Altos de Chav\u00f3nin p\u00e4iv\u00e4retki<\/h2>\n<p>Sinut haetaan hotellista heti aamulla, ja l\u00e4hdet seikkailuun, jonka ensimm\u00e4inen pys\u00e4hdyspaikka on\u00a0<strong>Altos de Chav\u00f3n<\/strong>. Sinulla on 40 minuuttia aikaa tutkia t\u00e4t\u00e4<strong>\u00a0V\u00e4limeren tyyliin rakennetun kyl\u00e4n kaunis uudelleenluominen<\/strong>\u00a0ja ihailla sen vieress\u00e4 virtaavan Chav\u00f3n-joen n\u00e4kymi\u00e4. Todella lumoavaa!<\/p>\n<p class=\"new-fading-text__hidden-element\">Kierroksen jatkuessa teid\u00e4t vied\u00e4\u00e4n laiturille, joka sijaitsee\u00a0<strong>Salado-joki\u00a0<\/strong>jossa sinun\u00a0<strong>katamaraani\u00a0<\/strong>odottaa sinua purjehtimaan Isla Catalinalle. Noin 40 minuuttia kest\u00e4v\u00e4n risteilyn aikana nautit juomia aluksella ja ihailet samalla maisemia.\u00a0<strong>kimaltelevan Karibianmeren l\u00e4vist\u00e4v\u00e4 sinisyys<\/strong>.<\/p>\n<p class=\"new-fading-text__hidden-element\">L\u00e4hestyess\u00e4si m\u00e4\u00e4r\u00e4np\u00e4\u00e4t\u00e4si suuntaat suoraan koralliriutalle, joka tunnetaan nimell\u00e4 La Pared eli Sein\u00e4, jossa sinulla on mahdollisuus tutustua\u00a0<strong>viilenty\u00e4 virkist\u00e4v\u00e4ll\u00e4 uinnilla meress\u00e4 ja snorklata uskomattoman meriel\u00e4imist\u00f6n keskell\u00e4.<\/strong>. Viet\u00e4 40 minuuttia tutkimalla vedenalaista el\u00e4m\u00e4\u00e4, ennen kuin palaat katamaraanille ja ankkuroit Catalina Islandin laituriin.<\/p>\n<p class=\"new-fading-text__hidden-element\">Kun jalat ovat kuivalla maalla, teid\u00e4t vied\u00e4\u00e4n pieneen ravintolaan, josta on upeat merin\u00e4k\u00f6alat, ja siell\u00e4 teille tarjotaan\u00a0<strong>herkullinen buffet-lounas<\/strong>. Sen j\u00e4lkeen sinulla on kolme tuntia vapaa-aikaa, jonka aikana voit ottaa kaiken irti kaikesta.\u00a0<strong>paratiisi valkoiset hiekkarannat<\/strong>. Halusitpa sitten rentoutua ja ottaa aurinkoa tai kokeilla jotain hauskaa aktiviteettia, kuten melontasurffausta, nautit unohtumattomasta iltap\u00e4iv\u00e4st\u00e4.<\/p>\n<p class=\"new-fading-text__hidden-element\">P\u00e4iv\u00e4n p\u00e4\u00e4tteeksi palaat katamaraanille ja purjehdit takaisin La Romanaan, josta sinut vied\u00e4\u00e4n hotellillesi.<\/p>\n<\/div>\n<\/div>\n<p>&nbsp;<\/p>\n<p><strong>Aikataulu:<\/strong><\/p>\n<p>7:00 - 16:30<\/p>\n<p>&nbsp;<\/p>\n<\/div>\n<p>Aika voi muuttua riippuen l\u00e4ht\u00f6ajasta hotelleista.<\/p>\n<div class=\"wpb_wrapper\">\n<p>&nbsp;<\/p>\n<h4><em><strong>Mit\u00e4 kannattaa ottaa mukaan?<\/strong><\/em><\/h4>\n<ul>\n<li>Kamera<\/li>\n<li>Hylkiv\u00e4 silmut<\/li>\n<li>aurinkovoide<\/li>\n<li>Hattu<\/li>\n<li>Mukavat housut<\/li>\n<li>Uima-asu<\/li>\n<li>K\u00e4teist\u00e4 matkamuistoja varten<\/li>\n<\/ul>\n<p>&nbsp;<\/p>\n<h4><b><i>Hotellin nouto<\/i><\/b><\/h4>\n<p>Hotellin nouto on tarjolla t\u00e4lle kiertueelle. Voimme asettaa sen Via- Whatsapp. La Romana, Punta Cana, Bavaro ja Bayahibe Hotellit.<\/p>\n<p>&nbsp;<\/p>\n<p><b>Huom:<\/b> jos varaus tehd\u00e4\u00e4n 24 tunnin sis\u00e4ll\u00e4 retken\/retken l\u00e4ht\u00f6ajasta, voimme j\u00e4rjest\u00e4\u00e4 nouto hotellilta. Kun ostoksesi on tehty, l\u00e4het\u00e4mme sinulle t\u00e4ydelliset yhteystiedot (puhelinnumero, s\u00e4hk\u00f6postiosoite jne.) paikalliselle matkaoppaallemme noutoj\u00e4rjestelyjen j\u00e4rjest\u00e4miseksi.<\/p>\n<h4><b><i>Lis\u00e4tietoja Vahvistus<\/i><\/b><\/h4>\n<ol>\n<li>Liput ovat kuitti maksettuasi t\u00e4m\u00e4n Tour. Voit n\u00e4ytt\u00e4\u00e4 maksun puhelimellasi.<\/li>\n<li>Kokouspaikka saadaan varausprosessin j\u00e4lkeen.<\/li>\n<li>Lasten mukana on oltava aikuinen.<\/li>\n<li>esteet\u00f6n py\u00f6r\u00e4tuolilla<\/li>\n<li>Pikkulasten on istuttava syliss\u00e4<\/li>\n<li>Useimmat matkustajat voivat osallistua<\/li>\n<\/ol>\n<h4><b><i>Peruutusehdot<\/i><\/b><\/h4>\n<p>Jos haluat t\u00e4yden hyvityksen, lue peruutusk\u00e4yt\u00e4nt\u00f6mme.\u00a0<a href=\"https:\/\/www.boattoursamana.com\/fi\/online-varaukset\/\" target=\"_blank\" rel=\"noopener\" data-saferedirecturl=\"https:\/\/www.google.com\/url?q=https:\/\/www.boattoursamana.com\/online-booking\/&amp;source=gmail&amp;ust=1672532492004000&amp;usg=AOvVaw3ylqI1cdbIPTimEqEWneyd\">Klikkaa t\u00e4st\u00e4<\/a>. Varat menetet\u00e4\u00e4n, jos varaus peruutetaan samana matkap\u00e4iv\u00e4n\u00e4.<\/p>\n<\/div>\n<\/div>\n<\/div>\n<\/div>\n<\/div>\n<\/div>\n<\/div>\n<\/div>\n<\/div>\n<\/div>\n<\/div>\n<\/div>\n<div class=\"vc_row wpb_row vc_row-fluid\">\n<div class=\"wpb_column vc_column_container vc_col-sm-12\">\n<div class=\"vc_column-inner\">\n<div class=\"wpb_wrapper\">\n<div class=\"vc_empty_space\"><\/div>\n<div class=\"wpb_text_column wpb_content_element\">\n<div class=\"wpb_wrapper\">\n<h4>Ota yhteytt\u00e4?<\/h4>\n<h5><b><i>Seikkailujen varaaminen<\/i><\/b><\/h5>\n<p><em><strong>Paikalliset<\/strong>\u00a0ja\u00a0<strong>Kansalliset<\/strong>\u00a0Matkaoppaat &amp; vieraspalvelut<\/em><\/p>\n<p><span class=\"text-turquoise\">Varaukset:<\/span>\u00a0Retket ja retket Dom. Rep.<\/p>\n<p><img decoding=\"async\" class=\"emoji\" src=\"https:\/\/s.w.org\/images\/core\/emoji\/11.2.0\/svg\/1f4de.svg\" alt=\"\ud83d\udcde\" title=\"\">\u00a0Puh \/ Whatsapp\u00a0\u00a0<a href=\"tel:+1-809-720-6035\">+1-809-720-6035<\/a>.<\/p>\n<p><img decoding=\"async\" class=\"emoji\" src=\"https:\/\/s.w.org\/images\/core\/emoji\/11.2.0\/svg\/1f4e9.svg\" alt=\"\ud83d\udce9\" title=\"\">\u00a0<a href=\"mailto:info@bookingadventures.com.do\">info@bookingadventures.com.do<\/a><\/p>\n<p><strong>Olemme joustavia Asetukset Yksityiset matkat Whatsappilla:\u00a0<a href=\"tel:+18097206035\">+18097206035.<\/a><\/strong><\/p>\n<\/div>\n<\/div>\n<\/div>\n<\/div>\n<\/div>\n<\/div>\n\n\t\t<\/div>\n\t<\/div>\n<div class=\"vc_btn3-container vc_btn3-inline\" ><button class=\"vc_general vc_btn3 vc_btn3-size-md vc_btn3-shape-rounded vc_btn3-style-modern vc_btn3-color-green\">VARAA NYT<\/button><\/div><\/div><\/div><\/div><\/div><div class=\"vc_row wpb_row vc_row-fluid\" ><div class=\"wpb_column vc_column_container vc_col-sm-12\"><div class=\"vc_column-inner\"><div class=\"wpb_wrapper\"><\/div><\/div><\/div><\/div>","protected":false},"excerpt":{"rendered":"<p>Pikkuruinen Catalinan saari (Isla Catalina), vain 1,5 mailia (2,4 kilometri\u00e4) Dominikaanisen tasavallan mantereesta, on idyllinen hiekkapilkku turkoosissa Karibianmeress\u00e4. Catalina on tunnettu runsaslukuisista koralliriutoistaan, ja se on rauhallinen lepopaikka niille, jotka haluavat paeta vilkasta Punta Canaa ja La Romanaa.<\/p>\n<p>Varaa p\u00e4iv\u00e4retki kanssamme. Catalinan saari juhlakatamaraanilla ja snorklausta!<\/p>\n<p>&nbsp;<\/p>\n<p>Valitse retken p\u00e4iv\u00e4m\u00e4\u00e4r\u00e4:<\/p>","protected":false},"featured_media":9658,"template":"","meta":[],"product_cat":[483,948,160,972,967,349,253,255],"product_tag":[973,974,975,485,976,480,296,471,484],"class_list":["post-9653","product","type-product","status-publish","has-post-thumbnail","hentry","product_cat-catalina-island-catamaran-and-snorkeling","product_cat-1-punta-cana","product_cat-lunch","product_cat-punta-cana-group-tours","product_cat-punta-cana-catalina-island","product_cat-tours-and-excursion-punta-cana","product_cat-tours-and-excursions","product_cat-tours-excursions-samana-bay-dominican-republic","product_tag-catalina-island","product_tag-catalina-island-dominican-republic-snorkeling","product_tag-catalina-island-packages","product_tag-catalina-island-snorkeling-dominican-republic","product_tag-catalina-island-tour","product_tag-cheap-punta-cana-excursions","product_tag-day-trip-punta-cana","product_tag-punta-cana-catamaran-party-with-snorkeling-and-parasailing","product_tag-talina-island-snorkeling"],"_links":{"self":[{"href":"https:\/\/www.boattoursamana.com\/fi\/wp-json\/wp\/v2\/product\/9653","targetHints":{"allow":["GET"]}}],"collection":[{"href":"https:\/\/www.boattoursamana.com\/fi\/wp-json\/wp\/v2\/product"}],"about":[{"href":"https:\/\/www.boattoursamana.com\/fi\/wp-json\/wp\/v2\/types\/product"}],"wp:featuredmedia":[{"embeddable":true,"href":"https:\/\/www.boattoursamana.com\/fi\/wp-json\/wp\/v2\/media\/9658"}],"wp:attachment":[{"href":"https:\/\/www.boattoursamana.com\/fi\/wp-json\/wp\/v2\/media?parent=9653"}],"wp:term":[{"taxonomy":"product_cat","embeddable":true,"href":"https:\/\/www.boattoursamana.com\/fi\/wp-json\/wp\/v2\/product_cat?post=9653"},{"taxonomy":"product_tag","embeddable":true,"href":"https:\/\/www.boattoursamana.com\/fi\/wp-json\/wp\/v2\/product_tag?post=9653"}],"curies":[{"name":"wp","href":"https:\/\/api.w.org\/{rel}","templated":true}]}}