{"id":9918,"date":"2020-03-29T08:08:03","date_gmt":"2020-03-29T08:08:03","guid":{"rendered":"https:\/\/www.ticketswhales.com\/Tours-Excursions\/uncategorized\/import-placeholder-for-9917\/"},"modified":"2023-11-10T16:12:30","modified_gmt":"2023-11-10T16:12:30","slug":"birdwatching-punta-cana-birding-tours-from-punta-cana-to-los-haitises-national-park","status":"publish","type":"product","link":"https:\/\/www.boattoursamana.com\/fi\/kiertue\/birdwatching-punta-cana-birding-tours-from-punta-cana-to-los-haitises-national-park-2","title":{"rendered":"Birdwatching Punta Cana - Linturetket Punta Canasta Los Haitisesin kansallispuistoon"},"content":{"rendered":"<div class=\"vc_row wpb_row vc_row-fluid\" ><div class=\"wpb_column vc_column_container vc_col-sm-12\"><div class=\"vc_column-inner\"><div class=\"wpb_wrapper\">\n\t<div class=\"wpb_text_column wpb_content_element\" >\n\t\t<div class=\"wpb_wrapper\">\n\t\t\t<div class=\"vc_row wpb_row vc_row-fluid\">\n<div class=\"wpb_column vc_column_container vc_col-sm-12\">\n<div class=\"vc_column-inner\">\n<div class=\"wpb_wrapper\">\n<div class=\"mkdf-section-title-holder\">\n<div class=\"mkdf-st-inner\">\n<h5 class=\"mkdf-st-subtitle\">Lintujen tarkkailu Los Haitisesin kansallispuistossa<\/h5>\n<h2 class=\"mkdf-st-title\">Linturetket Punta Canasta Los Haitisesin kansallispuistoon<\/h2>\n<\/div>\n<\/div>\n<\/div>\n<\/div>\n<\/div>\n<\/div>\n<div class=\"vc_row wpb_row vc_row-fluid\">\n<div class=\"wpb_column vc_column_container vc_col-sm-12\">\n<div class=\"vc_column-inner\">\n<div class=\"wpb_wrapper\">\n<div class=\"wpb_text_column wpb_content_element\">\n<div class=\"wpb_wrapper\">\n<h4><b><i>Yleiskatsaus<\/i><\/b><\/h4>\n<section><\/section>\n<p>Vain Dominikaanisessa tasavallassa tarjotaan vierailuja Dominikaanisen tasavallan matkailuministeri\u00f6n hyv\u00e4ksymien kansallisten ja paikallisten matkaoppaiden kanssa. Ota yhteytt\u00e4 suoriin paikallisiin asiantuntijoihin ja vieraile Los Haitisesin kansallispuistossa. Useimmat ihmiset l\u00e4htev\u00e4t veneell\u00e4 tutustumaan puistoon ja sen luoliin ja saariin. Keskitymme Los Haitisesin kansallispuiston lintutieteilij\u00f6ihin. Nautitaan ja opitaan luonnonsuojeluprojekteista yksityisill\u00e4 matkoilla.<\/p>\n<p>Suojelemme 110 lintulajia, jotka l\u00f6ytyv\u00e4t Los Haitisesin kansallispuistosta. K\u00e4vele t\u00e4m\u00e4n maagisen mets\u00e4n l\u00e4pi etsim\u00e4ss\u00e4 papukaijoja, Todyja, Ridgway&#039;s Hawkeja, tanagereita, hummingbirdej\u00e4 ja paljon muuta. Tarjoaa mielenkiintoista historiaa kaikista n\u00e4ist\u00e4 linnuista, joita voit n\u00e4hd\u00e4 Humit-polulla. Tunnemme Ridgwayn, Ashy Faced Owls -p\u00f6ll\u00f6jen ja muiden endeemisten lajien elinymp\u00e4rist\u00f6t. T\u00e4m\u00e4 kiertue keskittyy luontoon ja keskittyy enemm\u00e4n villiel\u00e4imi\u00e4 koskevaan tietoon. Odotettavissa on paikallisia ornitologi-sertifioituja oppaita.<\/p>\n<p><strong>Yleens\u00e4 se on yksityinen kiertue todella korkealaatuista kokemusta varten.<\/strong><\/p>\n<p>Katso t\u00e4st\u00e4 luettelo matkoillamme yleisimmist\u00e4 linnuista:\u00a0<a href=\"https:\/\/avibase.bsc-eoc.org\/checklist.jsp?lang=ES&amp;p2=1&amp;list=clements&amp;synlang=EN&amp;region=DO0005&amp;version=text&amp;lifelist=&amp;highlight=0\" target=\"_blank\" rel=\"noopener\"><strong>KLIKKAA T\u00c4ST\u00c4<\/strong><\/a><\/p>\n<h4><\/h4>\n<h4><b>Sis\u00e4llytykset ja poissulkemiset<\/b><\/h4>\n<p><b>Sis\u00e4llytykset<\/b><\/p>\n<ol>\n<li>3 tunnin lintuk\u00e4vely puiston poluilla<\/li>\n<li>Kaikki verot, maksut ja k\u00e4sittelykulut<\/li>\n<li>Paikalliset verot<\/li>\n<li>Lounas<\/li>\n<li>Virkamiehet Ekologi matkaoppaat englanti\/espanja<\/li>\n<li>Kuljetus Punta Canasta<\/li>\n<\/ol>\n<p><b>Poikkeukset<\/b><\/p>\n<ol>\n<li>Juomarahat<\/li>\n<li>Alkoholijuomat<\/li>\n<\/ol>\n<p>&nbsp;<\/p>\n<h4><a id=\"departure-return\" class=\"aal_anchor\" href=\"https:\/\/www.boattoursamana.com\/fi\/tours-excursions\/fees-entrace\/birdwatching-punta-cana-birding-tours-from-punta-cana-to-los-haitises-national-park-2\/#departure-return\" target=\"_blank\" rel=\"noopener\" aria-hidden=\"true\"><\/a><em><strong>L\u00e4ht\u00f6 &amp; paluu<\/strong><\/em><\/h4>\n<p>&quot;Booking Adventures locals Ornithologist Tour Guides&quot; j\u00e4rjest\u00e4m\u00e4 kiertue alkaa matkaoppaan kanssa sovitusta kohtaamispaikasta. Matkustaja saa kohtaamispaikan varausprosessin j\u00e4lkeen. Kierrokset alkavat ja p\u00e4\u00e4ttyv\u00e4t kohtaamispisteiss\u00e4mme.<\/p>\n<p>&nbsp;<\/p>\n<h4><a id=\"what-to-expect\" class=\"aal_anchor\" href=\"https:\/\/www.boattoursamana.com\/fi\/tours-excursions\/fees-entrace\/birdwatching-punta-cana-birding-tours-from-punta-cana-to-los-haitises-national-park-2\/#what-to-expect\" target=\"_blank\" rel=\"noopener\" aria-hidden=\"true\"><\/a><b><i>Mit\u00e4 odottaa?<\/i><\/b><\/h4>\n<p><em><strong>Hanki lippusi<\/strong><\/em>\u00a0lintujen tarkkailuun Los Haitisesin kansallispuistossa Punta Canasta. Matka Punta canasta kansallispuistoon kest\u00e4\u00e4 noin 1:45 minuuttia. Kun saavut puistoon, meill\u00e4 on 30 minuutin vaellus ja Hawkeja katsellen, meill\u00e4 on mahdollisuus jatkaa vaellusta ymp\u00e4riins\u00e4 ja tarkistaa papukaijoja, piculetteja ja muita endeemisi\u00e4 lajeja Los Haitisesin kansallispuistossa.<\/p>\n<p>Los Haitisesin kansallispuistossa on vain kaksi reitti\u00e4 Sabana de la Marin linnustukseen. Matkalla Los Hiatisesin kansallispuistoon pys\u00e4hdymme muutamissa paikoissa n\u00e4hd\u00e4ksemme lis\u00e4\u00e4 lintuja.<\/p>\n<p>Nelj\u00e4n ja puolen tunnin oppimisen j\u00e4lkeen linnuista Los Haitisesin kansallispuistossa t\u00e4m\u00e4 retki p\u00e4\u00e4ttyy samaan paikkaan, josta se alkoi.<\/p>\n<p><strong>Huomautus: N\u00e4m\u00e4 kierrokset ovat virkamiesten ekologisten oppaiden kanssa. Varaa ajoissa, koska puistossa ei ole liikaa asiantuntijoita.<\/strong><\/p>\n<p>&nbsp;<\/p>\n<h4><a id=\"what-you-should-bring\" class=\"aal_anchor\" href=\"https:\/\/www.boattoursamana.com\/fi\/tours-excursions\/fees-entrace\/birdwatching-punta-cana-birding-tours-from-punta-cana-to-los-haitises-national-park-2\/#what-you-should-bring\" target=\"_blank\" rel=\"noopener\" aria-hidden=\"true\"><\/a><em><strong>Mit\u00e4 kannattaa ottaa mukaan?<\/strong><\/em><\/h4>\n<ul>\n<li>Kamera<\/li>\n<li>Binokulaari<\/li>\n<li>Hylkiv\u00e4 silmut<\/li>\n<li>aurinkovoide<\/li>\n<li>Hattu<\/li>\n<li>Mukavat housut<\/li>\n<li>Vaelluskeng\u00e4t mets\u00e4\u00e4n<\/li>\n<li>Sandaalit kev\u00e4\u00e4n alueille.<\/li>\n<li>Uima-asu<\/li>\n<\/ul>\n<p>&nbsp;<\/p>\n<h4><a id=\"hotel-pickup\" class=\"aal_anchor\" href=\"https:\/\/www.boattoursamana.com\/fi\/tours-excursions\/fees-entrace\/birdwatching-punta-cana-birding-tours-from-punta-cana-to-los-haitises-national-park-2\/#hotel-pickup\" target=\"_blank\" rel=\"noopener\" aria-hidden=\"true\"><\/a><b><i>Nouto hotelli<\/i><\/b><\/h4>\n<p>Hotellin nouto on tarjolla t\u00e4lle kiertueelle.<\/p>\n<p><b>Huom:<\/b>\u00a0Jos teet varauksen 24 tunnin sis\u00e4ll\u00e4 kiertueen\/retken l\u00e4ht\u00f6ajasta, voimme j\u00e4rjest\u00e4\u00e4 noudon Punta Canassa. Kun osto on valmis, l\u00e4het\u00e4mme sinulle t\u00e4ydelliset yhteystiedot (puhelinnumero, s\u00e4hk\u00f6postiosoite jne.) paikallista opastamme varten noutoj\u00e4rjestelyjen j\u00e4rjest\u00e4miseksi.<\/p>\n<h4><a id=\"additional-info-confirmation\" class=\"aal_anchor\" href=\"https:\/\/www.boattoursamana.com\/fi\/tours-excursions\/fees-entrace\/birdwatching-punta-cana-birding-tours-from-punta-cana-to-los-haitises-national-park-2\/#additional-info-confirmation\" target=\"_blank\" rel=\"noopener\" aria-hidden=\"true\"><\/a><b><i>Lis\u00e4tietoja Vahvistus<\/i><\/b><\/h4>\n<ol>\n<li>Liput ovat kuitti, kun olet maksanut t\u00e4st\u00e4 kiertueesta. Voit n\u00e4ytt\u00e4\u00e4 maksun puhelimellasi.<\/li>\n<li>Tapaamispaikka vastaanotetaan Varausprosessin j\u00e4lkeen.<\/li>\n<li>Lasten mukana on oltava aikuinen.<\/li>\n<li>Ei esteet\u00f6n py\u00f6r\u00e4tuolilla<\/li>\n<li>Pikkulasten on istuttava syliss\u00e4<\/li>\n<li>Ei suositella matkustajille, joilla on selk\u00e4vaivoja<\/li>\n<li>Ei suositella raskaana oleville matkustajille<\/li>\n<li>Ei syd\u00e4nongelmia tai muita vakavia sairauksia<\/li>\n<li>Useimmat matkustajat voivat osallistua<\/li>\n<\/ol>\n<p>T\u00e4m\u00e4 kiertue tarjotaan v\u00e4hint\u00e4\u00e4n 2 hengelle ja enint\u00e4\u00e4n 15 hengelle. Jos henkil\u00f6it\u00e4 on v\u00e4hemm\u00e4n, ota meihin yhteytt\u00e4.<\/p>\n<h4><a id=\"cancellation-policy\" class=\"aal_anchor\" href=\"https:\/\/www.boattoursamana.com\/fi\/tours-excursions\/fees-entrace\/birdwatching-punta-cana-birding-tours-from-punta-cana-to-los-haitises-national-park-2\/#cancellation-policy\" target=\"_blank\" rel=\"noopener\" aria-hidden=\"true\"><\/a><b><i>Peruutusehdot<\/i><\/b><\/h4>\n<p>Jos haluat t\u00e4yden hyvityksen, peruuntuminen on teht\u00e4v\u00e4 v\u00e4hint\u00e4\u00e4n 24 tuntia ennen kokemuksen alkamisp\u00e4iv\u00e4\u00e4.<\/p>\n<\/div>\n<\/div>\n<\/div>\n<\/div>\n<\/div>\n<\/div>\n<div class=\"vc_row wpb_row vc_row-fluid\">\n<div class=\"wpb_column vc_column_container vc_col-sm-12\">\n<div class=\"vc_column-inner\">\n<div class=\"wpb_wrapper\">\n<div class=\"wpb_text_column wpb_content_element\">\n<div class=\"wpb_wrapper\">\n<h4>Ota yhteytt\u00e4?<\/h4>\n<h5><em><strong>Seikkailujen varaaminen<\/strong><\/em><\/h5>\n<p><em><strong>Paikalliset<\/strong>\u00a0ja\u00a0<strong>Kansalliset<\/strong>\u00a0Matkaoppaat &amp; vieraspalvelut<\/em><\/p>\n<p><span class=\"text-turquoise\">Varaukset:<\/span>\u00a0Retket ja retket Dom. Rep.<\/p>\n<p>\ud83d\udcde Puh \/ Whatsapp\u00a0\u00a0<a href=\"tel: 1-809-720-6035\">+1-809-720-6035<\/a>.<\/p>\n<p>\ud83d\udce9\u00a0<a href=\"mailto:info@bookingadventures.com.do\">info@bookingadventures.com.do<\/a><\/p>\n<p><strong>Olemme joustavia Asetukset Yksityiset matkat Whatsappilla:\u00a0<a href=\"tel: 18097206035\">+18097206035.<\/a><\/strong><\/p>\n<\/div>\n<\/div>\n<\/div>\n<\/div>\n<\/div>\n<\/div>\n\n\t\t<\/div>\n\t<\/div>\n<\/div><\/div><\/div><\/div><div class=\"wpb_column vc_column_container vc_col-sm-12\"><div class=\"vc_column-inner\"><div class=\"wpb_wrapper\"><\/div><\/div><\/div><div class=\"wpb_column vc_column_container vc_col-sm-12\"><div class=\"vc_column-inner\"><div class=\"wpb_wrapper\"><\/div><\/div><\/div>","protected":false},"excerpt":{"rendered":"<p><span style=\"vertical-align: inherit;\"><span style=\"vertical-align: inherit;\">Lintujen tarkkailu: Koko aamup\u00e4iv\u00e4 Los Haitisesin kansallispuiston sademets\u00e4poluilla. T\u00e4ss\u00e4 puistossa on laaja valikoima lintu- ja el\u00e4inlajeja, ja se on lintuharrastajien suosikki. Vaikka luku saattaa olla suurempi kuin muualla, Cano Hondon sijainti maan hieman kostealla alueella tarkoittaa, ett\u00e4 sademets\u00e4 on avoimempi ja v\u00e4hemm\u00e4n kaakao- ja kahviviljelmi\u00e4, mik\u00e4 helpottaa villiel\u00e4inten havaitsemista.<\/span><\/span><\/p>\n<p>T\u00e4m\u00e4 on yksityinen matka. Voit valita lintukokemuksen alkamisajankohdan ja milloin palaat Punta Canaan.<\/p>\n<p><strong>Valitse toiminnan p\u00e4iv\u00e4m\u00e4\u00e4r\u00e4:<\/strong><\/p>","protected":false},"featured_media":9763,"template":"","meta":[],"product_cat":[178,948,946,932,168,159,927,170,169,773,971,964,253,254,255],"product_tag":[586,237,582,584,628,236,583,625,630,629,585,171,624,209,627,239,238,175,240],"class_list":["post-9918","product","type-product","status-publish","has-post-thumbnail","hentry","product_cat-hiking","product_cat-1-punta-cana","product_cat-1-sabana-de-la-mar","product_cat-birdwatching-los-haitises","product_cat-caves","product_cat-fees-entrace","product_cat-hiking-los-haitises","product_cat-local-tour-guides","product_cat-mangroves","product_cat-private-tours-excursions","product_cat-punta-cana-private-tours","product_cat-punta-cana-los-haitises","product_cat-tours-and-excursions","product_cat-tours-excursions-los-haitises-national-park","product_cat-tours-excursions-samana-bay-dominican-republic","product_tag-biding-sabana-de-la-mar","product_tag-birding","product_tag-birding-dominican-republic","product_tag-birding-in-los-haitises","product_tag-los-haitises-national-park-birding-tour-from-punta-cana","product_tag-birdwatching","product_tag-birdwatching-dominicana","product_tag-birdwtaching","product_tag-carretera-cano-hondo","product_tag-eco-lodge-paraiso-cano-hondo","product_tag-hire-a-guide-in-los-haitises","product_tag-los-haitises","product_tag-los-haitises-birding","product_tag-los-haitises-national-park","product_tag-los-haitises-national-park-cano-hondo","product_tag-nature","product_tag-ridgways-hawk","product_tag-sabana-de-la-mar","product_tag-wildlife"],"_links":{"self":[{"href":"https:\/\/www.boattoursamana.com\/fi\/wp-json\/wp\/v2\/product\/9918","targetHints":{"allow":["GET"]}}],"collection":[{"href":"https:\/\/www.boattoursamana.com\/fi\/wp-json\/wp\/v2\/product"}],"about":[{"href":"https:\/\/www.boattoursamana.com\/fi\/wp-json\/wp\/v2\/types\/product"}],"wp:featuredmedia":[{"embeddable":true,"href":"https:\/\/www.boattoursamana.com\/fi\/wp-json\/wp\/v2\/media\/9763"}],"wp:attachment":[{"href":"https:\/\/www.boattoursamana.com\/fi\/wp-json\/wp\/v2\/media?parent=9918"}],"wp:term":[{"taxonomy":"product_cat","embeddable":true,"href":"https:\/\/www.boattoursamana.com\/fi\/wp-json\/wp\/v2\/product_cat?post=9918"},{"taxonomy":"product_tag","embeddable":true,"href":"https:\/\/www.boattoursamana.com\/fi\/wp-json\/wp\/v2\/product_tag?post=9918"}],"curies":[{"name":"wp","href":"https:\/\/api.w.org\/{rel}","templated":true}]}}