{"id":9919,"date":"2020-03-29T08:08:03","date_gmt":"2020-03-29T08:08:03","guid":{"rendered":"https:\/\/www.ticketswhales.com\/Tours-Excursions\/uncategorized\/import-placeholder-for-9972\/"},"modified":"2023-11-10T16:19:38","modified_gmt":"2023-11-10T16:19:38","slug":"los-haitises-national-park-tour-from-las-terrenas-samana-half-day-trip-lunch-at-cano-hondo","status":"publish","type":"product","link":"https:\/\/www.boattoursamana.com\/fi\/kiertue\/los-haitises-kansallispuisto-retki-las-terrenas-samana-puolipaivaretki-lounas-cano-hondossa-2","title":{"rendered":"Los Haitisesin kansallispuiston retki Las Terrenasista, Saman\u00e1. Puolen p\u00e4iv\u00e4n retki. Lounas Ca\u00f1o Hondossa."},"content":{"rendered":"<div class=\"vc_row wpb_row vc_row-fluid\" ><div class=\"wpb_column vc_column_container vc_col-sm-12\"><div class=\"vc_column-inner\"><div class=\"wpb_wrapper\"><div class=\"vc_btn3-container vc_btn3-inline\" ><button class=\"vc_general vc_btn3 vc_btn3-size-md vc_btn3-shape-rounded vc_btn3-style-modern vc_btn3-color-green\">VARAA NYT<\/button><\/div><div class=\"mkdf-section-title-holder\" style=\"text-align: left\">\n\t<div class=\"mkdf-st-inner\">\n\t\t\t\t\t<h5 class=\"mkdf-st-subtitle\" >\n\t\t\t\tKuljetus ja lounas sis\u00e4ltyv\u00e4t hintaan\t\t\t<\/h5>\n\t\t\t\t\t\t\t<h3 class=\"mkdf-st-title\" >\n\t\t\t\tLos Haitisesin kansallispuiston retki Las Terrenas de Samanasta. Puolip\u00e4iv\u00e4retki.\t\t\t<\/h3>\n\t\t\t\t\t<\/div>\n<\/div>\n\t<div class=\"wpb_text_column wpb_content_element\" >\n\t\t<div class=\"wpb_wrapper\">\n\t\t\t<h3>Los Haitisesin kansallispuiston retki Las Terrenas de Samanasta. Puolip\u00e4iv\u00e4retki.<\/h3>\n<h4><b><i>Yleiskatsaus<\/i><\/b><\/h4>\n<p>Los Haitisesin kansallispuistokierros Las Terrenas de Samanasta. Puolen p\u00e4iv\u00e4n matka. Alkaen hotellistasi Las Terrenasissa Samanassa. Ajamme Sanchez Comunityyn, jossa vene kuljetetaan Samana Bayn yli. Vierailu Rio Naranjossa, kalastajayhteis\u00f6n ohittaminen Los Haitisesin kansallispuistoon, 3 luolaan, Boca Tiburonin luolaan, Birding Key Islandiin sek\u00e4 mangrovepuuhun Saman\u00e1 Bayssa.<\/p>\n<p>T\u00e4m\u00e4n kokemuksen j\u00e4lkeen p\u00e4\u00e4set takaisin Las Terrenasin yhteis\u00f6\u00f6n, josta noudamme sinut.<\/p>\n<ul>\n<li>Maksut sis\u00e4ltyv\u00e4t<\/li>\n<li>Lounas<\/li>\n<li>V\u00e4lipalat<\/li>\n<li>Paikallinen matkaopas englanniksi tai ranskaksi<\/li>\n<li>Kuljetus<\/li>\n<li>Venematka<\/li>\n<\/ul>\n<p>&nbsp;<\/p>\n<h4><b>Sis\u00e4llytykset ja poissulkemiset<\/b><\/h4>\n<p>&nbsp;<\/p>\n<p><b>Sis\u00e4llytykset<\/b><\/p>\n<ol>\n<li>Los Haitisesin kierros + luolat ja piktografiat<\/li>\n<li>Lounas<\/li>\n<li>Kaikki verot, maksut ja k\u00e4sittelykulut<\/li>\n<li>Paikalliset verot<\/li>\n<li>Juomat<\/li>\n<li>V\u00e4lipalat<\/li>\n<li>Kaikki toiminnot<\/li>\n<li>Paikallinen opas<\/li>\n<\/ol>\n<p><b>Poikkeukset<\/b><\/p>\n<ol>\n<li>Juomarahat<\/li>\n<li>Alkoholijuomat<\/li>\n<\/ol>\n<p>&nbsp;<\/p>\n<h4><em><strong>L\u00e4ht\u00f6 &amp; paluu<\/strong><\/em><\/h4>\n<p>Matkustaja saa tapaamispaikan varausprosessin j\u00e4lkeen. Kierrokset alkavat ja p\u00e4\u00e4ttyv\u00e4t tapaamispaikoissa.<\/p>\n<p>&nbsp;<\/p>\n<h4><\/h4>\n<h4><\/h4>\n<h4><\/h4>\n<h4><\/h4>\n<h3>Los Haitisesin kansallispuisto Las Terrenasista<\/h3>\n<h4><b><i>Mit\u00e4 odottaa?<\/i><\/b><\/h4>\n<p><em><strong>Hanki liput<\/strong><\/em>\u00a0Los Haitisesin kansallispuistokierrokselle Las Terrenas de Samanasta. Puolen p\u00e4iv\u00e4n matka. Alkaen Las Terrenasista, Saman\u00e1sta ja kuljetamme satamaan veneell\u00e4 paikallisen oppaan kanssa, ohitamme Samanan lahden Los Haitisesille, Sabana de la Marin puolelle vieraillaksemme yhdess\u00e4 Dominikaanisen tasavallan kauneimmista kansallispuistoista.\u00a0<strong>Los<em>\u00a0Haitisen kansallispuisto<\/em>.<\/strong><\/p>\n<p>Booking Adventuresin j\u00e4rjest\u00e4m\u00e4 kiertue alkaa oppaan kanssa sovitusta kohtaamispaikasta. Tule mukaan Booking Adventures -ohjelmaan ja aloita lintujen t\u00e4ytt\u00e4mien mangrovemetsien, rehev\u00e4n kasvillisuuden kumpuilevien kukkuloiden ja\u00a0<em><strong>Los Haitisesin kansallispuisto<\/strong><\/em>. Vierailu saarella, jossa on lintuja. Pesim\u00e4kaudella voimme jopa n\u00e4hd\u00e4 Pelecanosin poikasia pesiss\u00e4. Tutustuminen kalliosaariin ja vierailu luoliin, joissa on alkuper\u00e4iskansojen kuvakirjoituksia ja kivikirjoituksia.<\/p>\n<p>Kautta mangrovemets\u00e4t ja maa avoimella San Lorenzon lahdella, Sabana de la Marissa, josta voit kuvata karua mets\u00e4maisemaa. Katso veteen n\u00e4hd\u00e4ksesi\u00a0<em><strong>Manaatit<\/strong><\/em>, \u00e4yri\u00e4iset ja\u00a0<em><strong>delfiinej\u00e4.<\/strong><\/em><\/p>\n<div class=\"body-description secondary\">\n<p>Kansallispuiston nimi tulee sen alkuper\u00e4isasukkaiden, taino-intiaanien, mukaan. Heid\u00e4n kielell\u00e4\u00e4n \"Haitises\" tarkoittaa yl\u00e4nk\u00f6\u00e4 tai kukkuloita, mik\u00e4 viittaa rannikon jyrkkiin geologisiin muodostelmiin, joissa on kalkkikivi\u00e4. Seikkaile syvemm\u00e4lle puistoon tutkimaan Cueva San Gabrielin kaltaisia luolia,\u00a0<em><strong>Cueva de la Arena,\u00a0<\/strong><\/em>ja\u00a0<strong><em>Cueva de la L\u00ednea.<\/em><\/strong><\/p>\n<p>Taino-intiaanit ja my\u00f6hemmin piilossa olevat merirosvot k\u00e4yttiv\u00e4t n\u00e4it\u00e4 suojelualueen luolia suojana. Etsi intialaisten piirustuksia, jotka koristavat joitain seini\u00e4. Vierailun j\u00e4lkeen Los Haitisesin kansallispuistossa palaamme Sancheziin Saman\u00e1an.<\/p>\n<p>Samanan lahden ohittaminen 30 min. Meill\u00e4 on tyypillinen lounas, jos olet vegaani ei h\u00e4t\u00e4\u00e4, meill\u00e4 on my\u00f6s ruokaa sinulle!<\/p>\n<p>Lounaan j\u00e4lkeen palaamme Las Terrenasiin!!<\/p>\n<\/div>\n<p>Jos haluat t\u00e4m\u00e4n matkan pidemm\u00e4ksi tai lyhyemm\u00e4ksi, meill\u00e4 on n\u00e4m\u00e4 vaihtoehdot:<\/p>\n<ol>\n<li><a href=\"https:\/\/www.boattoursamana.com\/fi\/kiertue\/the-haitises-national-park-tour-from-samana-port\/\" target=\"_blank\" rel=\"noopener\">Vain Los Haitises Saman\u00e1n satamasta.<\/a><\/li>\n<li><a href=\"https:\/\/www.boattoursamana.com\/fi\/kiertue\/los-haitises-kansallispuisto-lounas-cano-hondossa-samana-satamasta-2\/\" target=\"_blank\" rel=\"noopener\">Los Haitises + Ca\u00f1o Hondo Saman\u00e1n satamasta.<\/a><\/li>\n<\/ol>\n<p>&nbsp;<\/p>\n<h4><em><strong>Mit\u00e4 kannattaa ottaa mukaan?<\/strong><\/em><\/h4>\n<ul>\n<li>Kamera<\/li>\n<li>Hylkiv\u00e4 silmut<\/li>\n<li>Aurinkovoide<\/li>\n<li>Hattu<\/li>\n<li>Mukavat housut<\/li>\n<li>Vaelluskeng\u00e4t mets\u00e4\u00e4n<\/li>\n<li>Sandaalit kev\u00e4\u00e4n alueille.<\/li>\n<li>Uima-asu<\/li>\n<\/ul>\n<p>&nbsp;<\/p>\n<h4><b><i>Hotellin nouto<\/i><\/b><\/h4>\n<p>Hotellin noutoa ei tarjota t\u00e4ll\u00e4 kiertueella.<\/p>\n<p>&nbsp;<\/p>\n<p><b>Huom:<\/b>\u00a0Jos varaus tehd\u00e4\u00e4n 24 tunnin kuluessa kiertueen\/retken l\u00e4ht\u00f6ajasta, voimme j\u00e4rjest\u00e4\u00e4 hotellin noutoj\u00e4rjestelyj\u00e4 lis\u00e4maksusta. Kun ostoksesi on tehty, l\u00e4het\u00e4mme sinulle t\u00e4ydelliset yhteystiedot (puhelinnumero, s\u00e4hk\u00f6postiosoite jne.) paikalliselle matkaoppaallemme noutoj\u00e4rjestelyjen j\u00e4rjest\u00e4miseksi.<\/p>\n<h4><b><i>Lis\u00e4tietoja Vahvistus<\/i><\/b><\/h4>\n<ol>\n<li>Liput ovat kuitti maksettuasi t\u00e4m\u00e4n Tour. Voit n\u00e4ytt\u00e4\u00e4 maksun puhelimellasi.<\/li>\n<li>Kokouspaikka saadaan varausprosessin j\u00e4lkeen.<\/li>\n<li>Lasten mukana on oltava aikuinen.<\/li>\n<li>Ei esteet\u00f6n py\u00f6r\u00e4tuolilla<\/li>\n<li>Pikkulasten on istuttava syliss\u00e4<\/li>\n<li>Ei suositella matkustajille, joilla on selk\u00e4vaivoja<\/li>\n<li>Ei suositella raskaana oleville matkustajille<\/li>\n<li>Ei syd\u00e4nongelmia tai muita vakavia sairauksia<\/li>\n<li>Useimmat matkustajat voivat osallistua<\/li>\n<\/ol>\n<h4><b><i>Peruutusehdot<\/i><\/b><\/h4>\n<p>Saadaksesi t\u00e4yden hyvityksen, peruuta v\u00e4hint\u00e4\u00e4n 24 tuntia ennen kokemuksen alkamisp\u00e4iv\u00e4\u00e4. Varat menetet\u00e4\u00e4n, jos varaus peruutetaan samana matkap\u00e4iv\u00e4n\u00e4.<\/p>\n\n\t\t<\/div>\n\t<\/div>\n<div class=\"vc_empty_space\"   style=\"height: 32px\"><span class=\"vc_empty_space_inner\"><\/span><\/div>\n\t<div class=\"wpb_video_widget wpb_content_element vc_clearfix   vc_video-aspect-ratio-169 vc_video-el-width-100 vc_video-align-left\" >\n\t\t<div class=\"wpb_wrapper\">\n\t\t\t<h2 class=\"wpb_heading wpb_video_heading\">Los Haitises Las Terrenasista<\/h2>\n\t\t\t<div class=\"wpb_video_wrapper\"><iframe loading=\"lazy\" title=\"Los Haitisesin kansallispuisto, matkat ja retket Samanasta tai Sabana de la Marista. Varaa t\u00e4\u00e4lt\u00e4:\" src=\"https:\/\/player.vimeo.com\/video\/346508015?dnt=1&amp;app_id=122963\" width=\"1100\" height=\"619\" frameborder=\"0\" allow=\"autoplay; fullscreen\" allowfullscreen><\/iframe><\/div>\n\t\t<\/div>\n\t<\/div>\n<div class=\"vc_empty_space\"   style=\"height: 32px\"><span class=\"vc_empty_space_inner\"><\/span><\/div><\/div><\/div><\/div><\/div><div class=\"wpb_column vc_column_container vc_col-sm-12\"><div class=\"vc_column-inner\"><div class=\"wpb_wrapper\"><\/div><\/div><\/div><div class=\"wpb_column vc_column_container vc_col-sm-12\"><div class=\"vc_column-inner\"><div class=\"wpb_wrapper\"><\/div><\/div><\/div><div class=\"wpb_column vc_column_container vc_col-sm-12\"><div class=\"vc_column-inner\"><div class=\"wpb_wrapper\"><\/div><\/div><\/div>","protected":false},"excerpt":{"rendered":"<p>T\u00e4m\u00e4 retki Las Terrenasista Los Haitisesin kansallispuistoon sis\u00e4lt\u00e4\u00e4 lounaan ja kuljetuksen vierailulle 3 t\u00e4rkeimp\u00e4\u00e4n luolaan, tutustumisen kahteen eri mangrovepuistoon ja tietysti lintujen tarkkailun.<\/p>\n<p><span style=\"vertical-align: inherit;\"><span style=\"vertical-align: inherit;\">Viaje ecol\u00f3gico al Parque Nacional Los Haitises con un gu\u00eda tur\u00edstico local. <\/span><span style=\"vertical-align: inherit;\">Visitando los Cayos en el Parque Nacional Los Haitises, Manglares, Vegetaci\u00f3n, Observaci\u00f3n de aves, Cuevas, Pictogramas y las \u00e1reas hist\u00f3ricas de Sabana de la Mar en el Parque Nacional Los Haitises.<\/span><\/span><\/p>\n<p>&nbsp;<\/p>\n<p><strong><span style=\"vertical-align: inherit;\"><span style=\"vertical-align: inherit;\">Seleccione la fecha para el Tour:\u00a0<\/span><\/span><\/strong><\/p>","protected":false},"featured_media":8201,"template":"","meta":[],"product_cat":[255,655,928,933,253],"product_tag":[684,268,267,685,521,171,209,212,269],"class_list":["post-9919","product","type-product","status-publish","has-post-thumbnail","hentry","product_cat-tours-excursions-samana-bay-dominican-republic","product_cat-1-samana","product_cat-boat-trip-los-haitises","product_cat-natural-pools-los-haitises","product_cat-tours-and-excursions","product_tag-cano-hondo-lunch","product_tag-caves-los-haitises","product_tag-las-terrenas","product_tag-las-terrenas-los-haitises","product_tag-las-terrenas-tours","product_tag-los-haitises","product_tag-los-haitises-national-park","product_tag-mangroves-los-haitises","product_tag-transportation-los-haitises"],"_links":{"self":[{"href":"https:\/\/www.boattoursamana.com\/fi\/wp-json\/wp\/v2\/product\/9919","targetHints":{"allow":["GET"]}}],"collection":[{"href":"https:\/\/www.boattoursamana.com\/fi\/wp-json\/wp\/v2\/product"}],"about":[{"href":"https:\/\/www.boattoursamana.com\/fi\/wp-json\/wp\/v2\/types\/product"}],"wp:featuredmedia":[{"embeddable":true,"href":"https:\/\/www.boattoursamana.com\/fi\/wp-json\/wp\/v2\/media\/8201"}],"wp:attachment":[{"href":"https:\/\/www.boattoursamana.com\/fi\/wp-json\/wp\/v2\/media?parent=9919"}],"wp:term":[{"taxonomy":"product_cat","embeddable":true,"href":"https:\/\/www.boattoursamana.com\/fi\/wp-json\/wp\/v2\/product_cat?post=9919"},{"taxonomy":"product_tag","embeddable":true,"href":"https:\/\/www.boattoursamana.com\/fi\/wp-json\/wp\/v2\/product_tag?post=9919"}],"curies":[{"name":"wp","href":"https:\/\/api.w.org\/{rel}","templated":true}]}}