{"id":12084,"date":"2021-02-01T10:31:28","date_gmt":"2021-02-01T10:31:28","guid":{"rendered":"https:\/\/www.ticketswhales.com\/?page_id=12084"},"modified":"2021-02-01T10:34:48","modified_gmt":"2021-02-01T10:34:48","slug":"best-whale-watching-company-in-dominican-republic","status":"publish","type":"page","link":"https:\/\/www.boattoursamana.com\/fr\/meilleure-entreprise-dobservation-des-baleines-en-republique-dominicaine","title":{"rendered":"Meilleure entreprise d&#039;observation des baleines en R\u00e9publique dominicaine"},"content":{"rendered":"<div class=\"vc_row wpb_row vc_row-fluid\" ><div class=\"wpb_column vc_column_container vc_col-sm-12\"><div class=\"vc_column-inner\"><div class=\"wpb_wrapper\"><div class=\"mkdf-section-title-holder\" style=\"text-align: left\">\n\t<div class=\"mkdf-st-inner\">\n\t\t\t\t\t<h5 class=\"mkdf-st-subtitle\" >\n\t\t\t\tL&#039;observation des baleines\t\t\t<\/h5>\n\t\t\t\t\t\t\t<h3 class=\"mkdf-st-title\" >\n\t\t\t\tMeilleure entreprise d&#039;observation des baleines en R\u00e9publique dominicaine\t\t\t<\/h3>\n\t\t\t\t\t<\/div>\n<\/div>\n\t<div class=\"wpb_text_column wpb_content_element\" >\n\t\t<div class=\"wpb_wrapper\">\n\t\t\t<p>Booking Adventures est l&#039;un des meilleurs tarifs des entreprises d&#039;avis pour l&#039;observation des baleines. Pourquoi? La seule entreprise avec des bateaux priv\u00e9s et des horaires de changement flexibles ou des d\u00e9tails de fixation sur les options de transfert priv\u00e9. V\u00e9rifier les avis <a href=\"https:\/\/www.tripadvisor.com\/Attraction_Review-g6210316-d15610920-Reviews-Booking_Adventures-Sabana_de_la_Mar_Hato_Mayor_Province_Dominican_Republic.html\" rel=\"noopener\">Ici.\u00a0<\/a><\/p>\n\n\t\t<\/div>\n\t<\/div>\n<div class=\"vc_empty_space\"   style=\"height: 32px\"><span class=\"vc_empty_space_inner\"><\/span><\/div><div class=\"woocommerce columns-4\"><ul class=\"products columns-4\">\n<li class=\"product type-product post-12064 status-publish first instock product_cat-1-samana product_cat-boat-trip-los-haitises product_cat-cano-hondo product_cat-cano-hondo-2021 product_cat-los-haitises-national-park product_cat-natural-pools-los-haitises product_cat-tour-excursion product_cat-tours-excursions product_cat-tours-excursions-whale-watching-samana-bay-dominican-republic product_cat-whale-miches product_cat-whale-sabana-de-la-mar product_cat-whale-samana product_cat-whale-watching product_cat-whale-watching-puerto-plata product_cat-whale-watching-punta-cana product_cat-whale-watching-samana product_cat-whale-watching-samana-bay product_tag-bacardi-island product_tag-cano-hondo product_tag-cayo-levantado product_tag-los-haitises product_tag-samana product_tag-samana-tour product_tag-whale product_tag-whale-punta-cana product_tag-whale-sabana-de-la-mar product_tag-whale-samana product_tag-whale-watching-dominican-republic product_tag-whales-in-samana product_tag-whales-trips has-post-thumbnail sale shipping-taxable product-type-external\">\n\t<div class=\"mkdf-pl-inner\"><div class=\"mkdf-pl-image\"><div class=\"mkdf-pl-text\"><div class=\"mkdf-pl-text-outer\"><div class=\"mkdf-pl-text-inner\"><a href=\"https:\/\/bookingadventures.tours\/booking.php?tour_id=a8609b0dc47afd9765cb567eec23d162\" data-quantity=\"1\" class=\"button wp-element-button product_type_external\" data-product_id=\"12064\" data-product_sku=\"\" aria-label=\"RESERVE MAINTENANT\" rel=\"nofollow noopener\">RESERVE MAINTENANT<\/a><\/div><\/div><\/div><\/div><a href=\"https:\/\/www.boattoursamana.com\/fr\/tournee\/excursion-observation-des-baleines-baie-de-samana-cano-hondo-los-haitises-depuis-le-port-de-samana-2\" class=\"woocommerce-LoopProduct-link woocommerce-loop-product__link\"><\/a><\/div><div class=\"mkdf-pl-text-wrapper\"><h4 class=\"mkdf-product-list-title\"><a href=\"https:\/\/www.boattoursamana.com\/fr\/tournee\/excursion-observation-des-baleines-baie-de-samana-cano-hondo-los-haitises-depuis-le-port-de-samana-2\">Excursion Observation des baleines Baie de Saman\u00e1 + Ca\u00f1o Hondo + Los Haitises depuis le port de Saman\u00e1<\/a><\/h4>\n\t<span class=\"price\"><del aria-hidden=\"true\"><span class=\"woocommerce-Price-amount amount\"><bdi><span class=\"woocommerce-Price-currencySymbol\">&#36;<\/span>195.00<\/bdi><\/span><\/del> <ins><span class=\"woocommerce-Price-amount amount\"><bdi><span class=\"woocommerce-Price-currencySymbol\">&#36;<\/span>140.00<\/bdi><\/span><\/ins><\/span>\n<\/div><\/li><li class=\"product type-product post-12043 status-publish instock product_cat-1-puerto-plata product_cat-1-samana product_cat-puerto-plata-2021 product_cat-tours-excursions product_cat-tours-excursions-whale-watching-samana-bay-dominican-republic product_cat-whale-miches product_cat-whale-sabana-de-la-mar product_cat-whale-samana product_cat-whale-watching product_cat-whale-watching-puerto-plata product_cat-whale-watching-punta-cana product_tag-samana product_tag-samana-tour product_tag-whale product_tag-whale-punta-cana product_tag-whale-sabana-de-la-mar product_tag-whale-samana product_tag-whale-watching-dominican-republic product_tag-whales-trips has-post-thumbnail sale shipping-taxable product-type-external\">\n\t<div class=\"mkdf-pl-inner\"><div class=\"mkdf-pl-image\"><div class=\"mkdf-pl-text\"><div class=\"mkdf-pl-text-outer\"><div class=\"mkdf-pl-text-inner\"><a href=\"https:\/\/bookingadventures.tours\/booking.php?tour_id=381616b316c12dad6e9924dbbde497b4\" data-quantity=\"1\" class=\"button wp-element-button product_type_external\" data-product_id=\"12043\" data-product_sku=\"\" aria-label=\"RESERVE MAINTENANT\" rel=\"nofollow noopener\">RESERVE MAINTENANT<\/a><\/div><\/div><\/div><\/div><a href=\"https:\/\/www.boattoursamana.com\/fr\/tournee\/excursion-observation-des-baleines-baie-de-samana-cayo-levantado-depuis-puerto-plata-transport-prive-2\" class=\"woocommerce-LoopProduct-link woocommerce-loop-product__link\"><\/a><\/div><div class=\"mkdf-pl-text-wrapper\"><h4 class=\"mkdf-product-list-title\"><a href=\"https:\/\/www.boattoursamana.com\/fr\/tournee\/excursion-observation-des-baleines-baie-de-samana-cayo-levantado-depuis-puerto-plata-transport-prive-2\">Excursion observation des baleines baie de Saman\u00e1 + Cayo Levantado depuis Puerto Plata (transport priv\u00e9)<\/a><\/h4>\n\t<span class=\"price\"><del aria-hidden=\"true\"><span class=\"woocommerce-Price-amount amount\"><bdi><span class=\"woocommerce-Price-currencySymbol\">&#36;<\/span>160.00<\/bdi><\/span><\/del> <ins><span class=\"woocommerce-Price-amount amount\"><bdi><span class=\"woocommerce-Price-currencySymbol\">&#36;<\/span>137.99<\/bdi><\/span><\/ins><\/span>\n<\/div><\/li><li class=\"product type-product post-9395 status-publish instock product_cat-tours-excursions-samana-bay-dominican-republic product_cat-1-samana product_cat-half-day-whale-watching-samana-in-catamaran product_cat-whale-watching-samana product_tag-half-day-whale-watching-samana-in-catamaran-morning-or-afternoon product_tag-private-tours-samana product_tag-samana-whale-watching product_tag-whale-samana product_tag-whale-tours product_tag-whale-watching-dominican-republic product_tag-whale-watching-las-galeras product_tag-whale-watching-las-terrenas product_tag-whale-watching-samana has-post-thumbnail sale shipping-taxable product-type-external\">\n\t<div class=\"mkdf-pl-inner\"><div class=\"mkdf-pl-image\"><div class=\"mkdf-pl-text\"><div class=\"mkdf-pl-text-outer\"><div class=\"mkdf-pl-text-inner\"><a href=\"https:\/\/bookingadventures.tours\/booking.php?tour_id=951358329cd315ed50468dc2c60a5a18\" data-quantity=\"1\" class=\"button wp-element-button product_type_external\" data-product_id=\"9395\" data-product_sku=\"\" aria-label=\"RESERVE MAINTENANT\" rel=\"nofollow noopener\">RESERVE MAINTENANT<\/a><\/div><\/div><\/div><\/div><a href=\"https:\/\/www.boattoursamana.com\/fr\/tournee\/demi-journee-baleines-samana-en-catamaran-matin-ou-apres-midi\" class=\"woocommerce-LoopProduct-link woocommerce-loop-product__link\"><\/a><\/div><div class=\"mkdf-pl-text-wrapper\"><div class=\"mkdf-pl-rating-holder\"><\/div><h4 class=\"mkdf-product-list-title\"><a href=\"https:\/\/www.boattoursamana.com\/fr\/tournee\/demi-journee-baleines-samana-en-catamaran-matin-ou-apres-midi\">Demi-journ\u00e9e d&#039;observation des baleines \u00e0 Saman\u00e1 en catamaran-matin<\/a><\/h4>\n\t<span class=\"price\"><del aria-hidden=\"true\"><span class=\"woocommerce-Price-amount amount\"><bdi><span class=\"woocommerce-Price-currencySymbol\">&#36;<\/span>65.00<\/bdi><\/span><\/del> <ins><span class=\"woocommerce-Price-amount amount\"><bdi><span class=\"woocommerce-Price-currencySymbol\">&#36;<\/span>64.50<\/bdi><\/span><\/ins><\/span>\n<\/div><\/li><li class=\"product type-product post-9228 status-publish last instock product_cat-tours-excursions-samana-bay-dominican-republic product_cat-1-samana product_cat-whale-watching-private-tours product_cat-whale-watching-samana product_tag-bacardi-island product_tag-cayo-levantado-day-pass product_tag-private-tours-samana product_tag-samana-tours product_tag-samana-whale product_tag-samana-whale-watching product_tag-samana-whale-watching-excursions product_tag-whale-samana product_tag-whale-watching product_tag-whale-watching-2020 product_tag-whale-watching-dominican-republic has-post-thumbnail sale shipping-taxable product-type-external\">\n\t<div class=\"mkdf-pl-inner\"><div class=\"mkdf-pl-image\"><div class=\"mkdf-pl-text\"><div class=\"mkdf-pl-text-outer\"><div class=\"mkdf-pl-text-inner\"><a href=\"https:\/\/bookingadventures.tours\/booking.php?tour_id=ca38c1361b978f1cbced1eaddcec5b99\" data-quantity=\"1\" class=\"button wp-element-button product_type_external\" data-product_id=\"9228\" data-product_sku=\"\" aria-label=\"RESERVE MAINTENANT\" rel=\"nofollow noopener\">RESERVE MAINTENANT<\/a><\/div><\/div><\/div><\/div><a href=\"https:\/\/www.boattoursamana.com\/fr\/tournee\/cayo-levantado-observation-des-baleines-depuis-le-port-de-samana-excursion-en-bateau-prive\" class=\"woocommerce-LoopProduct-link woocommerce-loop-product__link\"><\/a><\/div><div class=\"mkdf-pl-text-wrapper\"><div class=\"mkdf-pl-rating-holder\"><\/div><h4 class=\"mkdf-product-list-title\"><a href=\"https:\/\/www.boattoursamana.com\/fr\/tournee\/cayo-levantado-observation-des-baleines-depuis-le-port-de-samana-excursion-en-bateau-prive\">Visite priv\u00e9e d&#039;observation des baleines \u00e0 Saman\u00e1 + Cayo Levantado (\u00eele Bacardi) depuis le port de Saman\u00e1<\/a><\/h4>\n\t<span class=\"price\"><del aria-hidden=\"true\"><span class=\"woocommerce-Price-amount amount\"><bdi><span class=\"woocommerce-Price-currencySymbol\">&#36;<\/span>99.00<\/bdi><\/span><\/del> <ins><span class=\"woocommerce-Price-amount amount\"><bdi><span class=\"woocommerce-Price-currencySymbol\">&#36;<\/span>90.00<\/bdi><\/span><\/ins><\/span>\n<\/div><\/li><li class=\"product type-product post-12004 status-publish first instock product_cat-1-punta-cana product_cat-1-samana product_cat-cap-cana-whale-watching product_cat-outdoor-activities product_cat-punta-cana-private-tours product_cat-punta-cana-whale-watching product_cat-water-activities product_cat-whale-watching product_cat-whale-watching-private-tours product_cat-whale-watching-punta-cana product_tag-day-trip-punta-cana product_tag-private-punta-cana product_tag-punta-cana-whale-watching product_tag-samana product_tag-samana-tour product_tag-samana-whale-watching product_tag-whale product_tag-whale-punta-cana product_tag-whale-sabana-de-la-mar product_tag-whale-samana product_tag-whale-watching-dominican-republic product_tag-whale-watching-punta-cana product_tag-whales-trips has-post-thumbnail sale sold-individually shipping-taxable product-type-external\">\n\t<div class=\"mkdf-pl-inner\"><div class=\"mkdf-pl-image\"><div class=\"mkdf-pl-text\"><div class=\"mkdf-pl-text-outer\"><div class=\"mkdf-pl-text-inner\"><a href=\"https:\/\/bookingadventures.tours\/booking.php?tour_id=6ed21424a849c63fc6398949d1f80266\" data-quantity=\"1\" class=\"button wp-element-button product_type_external\" data-product_id=\"12004\" data-product_sku=\"\" aria-label=\"RESERVE MAINTENANT\" rel=\"nofollow noopener\">RESERVE MAINTENANT<\/a><\/div><\/div><\/div><\/div><a href=\"https:\/\/www.boattoursamana.com\/fr\/tournee\/excursion-observation-baleines-cayo-levantado-depuis-cap-cana-visite-privee\" class=\"woocommerce-LoopProduct-link woocommerce-loop-product__link\"><\/a><\/div><div class=\"mkdf-pl-text-wrapper\"><h4 class=\"mkdf-product-list-title\"><a href=\"https:\/\/www.boattoursamana.com\/fr\/tournee\/excursion-observation-baleines-cayo-levantado-depuis-cap-cana-visite-privee\">Punta Cana \/ Cap Cana : excursion observation des baleines + Cayo Levantado (visite priv\u00e9e)<\/a><\/h4>\n\t<span class=\"price\"><del aria-hidden=\"true\"><span class=\"woocommerce-Price-amount amount\"><bdi><span class=\"woocommerce-Price-currencySymbol\">&#36;<\/span>160.00<\/bdi><\/span><\/del> <ins><span class=\"woocommerce-Price-amount amount\"><bdi><span class=\"woocommerce-Price-currencySymbol\">&#36;<\/span>150.00<\/bdi><\/span><\/ins><\/span>\n<\/div><\/li><li class=\"product type-product post-9912 status-publish instock product_cat-fees-entrace product_cat-1-punta-cana product_cat-1-samana product_cat-el-limon-horseback-riding product_cat-el-limon-punta-cana product_cat-punta-cana-group-tours product_cat-punta-cana-samana-day-trips product_cat-punta-cana-whale-watching product_cat-whale-watching-punta-cana product_tag-631 product_tag-bacardi-island product_tag-cayo-levantado-day-pass product_tag-cheap-punta-cana-excursions product_tag-day-trip-punta-cana product_tag-el-limon-waterfall-and-bacardi-island-tour-from-punta-cana product_tag-half-day-whale-watching-miches product_tag-limon-from-punta-cana product_tag-private-tours-samana product_tag-punta-cana product_tag-punta-cana-activities product_tag-punta-cana-tours product_tag-samana-bay product_tag-samana-day-trip product_tag-samana-day-trip-from-punta-cana product_tag-samana-whale-watching product_tag-waterfalls-punta-cana product_tag-whale-punta-cana product_tag-whale-samana product_tag-whale-watching-2020 product_tag-whale-watching-2020-in-punta-cana-to-samana-bay-cayo-levantado-bacardi-island-from-hotels product_tag-whale-watching-dominican-republic product_tag-whale-watching-punta-cana has-post-thumbnail sale shipping-taxable product-type-external\">\n\t<div class=\"mkdf-pl-inner\"><div class=\"mkdf-pl-image\"><div class=\"mkdf-pl-text\"><div class=\"mkdf-pl-text-outer\"><div class=\"mkdf-pl-text-inner\"><a href=\"https:\/\/bookingadventures.tours\/booking.php?tour_id=01ff052b441a674729c1b831875aa68f\" data-quantity=\"1\" class=\"button wp-element-button product_type_external\" data-product_id=\"9912\" data-product_sku=\"\" aria-label=\"RESERVE MAINTENANT\" rel=\"nofollow noopener\">RESERVE MAINTENANT<\/a><\/div><\/div><\/div><\/div><a href=\"https:\/\/www.boattoursamana.com\/fr\/tournee\/samana-whale-watching-cayo-levantado-bacardi-island-limon-waterfalls-depuis-punta-cana-hotels\" class=\"woocommerce-LoopProduct-link woocommerce-loop-product__link\"><\/a><\/div><div class=\"mkdf-pl-text-wrapper\"><h4 class=\"mkdf-product-list-title\"><a href=\"https:\/\/www.boattoursamana.com\/fr\/tournee\/samana-whale-watching-cayo-levantado-bacardi-island-limon-waterfalls-depuis-punta-cana-hotels\">Punta Cana : observation des baleines \u00e0 Saman\u00e1 + Cayo Levantado (\u00eele Bacardi) + cascades de Lim\u00f3n<\/a><\/h4>\n\t<span class=\"price\"><del aria-hidden=\"true\"><span class=\"woocommerce-Price-amount amount\"><bdi><span class=\"woocommerce-Price-currencySymbol\">&#36;<\/span>169.00<\/bdi><\/span><\/del> <ins><span class=\"woocommerce-Price-amount amount\"><bdi><span class=\"woocommerce-Price-currencySymbol\">&#36;<\/span>130.00<\/bdi><\/span><\/ins><\/span>\n<\/div><\/li><li class=\"product type-product post-9218 status-publish instock product_cat-tours-excursions-samana-bay-dominican-republic product_cat-whale-watching-miches product_tag-miches-whale-watching product_tag-samana-dominican-republic product_tag-samana-whale-watching product_tag-samana-whale-watching-price product_tag-things-to-do-in-dominican-republic product_tag-whale-samana product_tag-whale-watching-dominican-republic product_tag-whale-watching-miches product_tag-whale-watching-miches-dominican-republic product_tag-when-to-see-whales-dominican-republic has-post-thumbnail sale shipping-taxable product-type-external\">\n\t<div class=\"mkdf-pl-inner\"><div class=\"mkdf-pl-image\"><div class=\"mkdf-pl-text\"><div class=\"mkdf-pl-text-outer\"><div class=\"mkdf-pl-text-inner\"><a href=\"\" data-quantity=\"1\" class=\"button wp-element-button product_type_external\" data-product_id=\"9218\" data-product_sku=\"\" aria-label=\"Acheter \u201cSaman\u00e1 Cayo Levantado (Bacardi Island) and Whale Watching from Miches in Catamaran\u201d\" rel=\"nofollow\" data-no-translation=\"\" data-trp-gettext=\"\" data-no-translation-aria-label=\"\">Acheter le produit<\/a><\/div><\/div><\/div><\/div><a href=\"https:\/\/www.boattoursamana.com\/fr\/tournee\/samana-cayo-levantado-ile-bacardi-et-observation-des-baleines-depuis-miches-en-catamaran-2\" class=\"woocommerce-LoopProduct-link woocommerce-loop-product__link\"><\/a><\/div><div class=\"mkdf-pl-text-wrapper\"><div class=\"mkdf-pl-rating-holder\"><\/div><h4 class=\"mkdf-product-list-title\"><a href=\"https:\/\/www.boattoursamana.com\/fr\/tournee\/samana-cayo-levantado-ile-bacardi-et-observation-des-baleines-depuis-miches-en-catamaran-2\">Saman\u00e1 Cayo Levantado (\u00eele Bacardi) et observation des baleines depuis Miches en catamaran<\/a><\/h4>\n\t<span class=\"price\"><del aria-hidden=\"true\"><span class=\"woocommerce-Price-amount amount\"><bdi><span class=\"woocommerce-Price-currencySymbol\">&#36;<\/span>95.00<\/bdi><\/span><\/del> <ins><span class=\"woocommerce-Price-amount amount\"><bdi><span class=\"woocommerce-Price-currencySymbol\">&#36;<\/span>85.00<\/bdi><\/span><\/ins><\/span>\n<\/div><\/li><li class=\"product type-product post-9913 status-publish last instock product_cat-fees-entrace product_cat-1-samana product_cat-whale-watching-samana product_tag-631 product_tag-bacardi-island product_tag-cayo-levantado-day-pass product_tag-cheap-punta-cana-excursions product_tag-el-limon-waterfall-and-bacardi-island-tour-from-punta-cana product_tag-half-day-whale-watching-las-terrenas product_tag-las-terrenas product_tag-las-terrenas-excursions product_tag-las-terrenas-whale-watching product_tag-limon-from-punta-cana product_tag-private-tours-samana product_tag-samana-bay product_tag-samana-day-trip product_tag-samana-whale-watching product_tag-whale-las-terrenas product_tag-whale-samana product_tag-whale-watching-2020 product_tag-whale-watching-dominican-republic product_tag-whale-watching-trips-las-terrenas has-post-thumbnail sale sold-individually shipping-taxable product-type-external\">\n\t<div class=\"mkdf-pl-inner\"><div class=\"mkdf-pl-image\"><div class=\"mkdf-pl-text\"><div class=\"mkdf-pl-text-outer\"><div class=\"mkdf-pl-text-inner\"><a href=\"https:\/\/bookingadventures.tours\/booking.php?tour_id=1fac9dad475945457a173ae31c2897d2\" data-quantity=\"1\" class=\"button wp-element-button product_type_external\" data-product_id=\"9913\" data-product_sku=\"\" aria-label=\"RESERVE MAINTENANT\" rel=\"nofollow noopener\">RESERVE MAINTENANT<\/a><\/div><\/div><\/div><\/div><a href=\"https:\/\/www.boattoursamana.com\/fr\/tournee\/samana-observation-des-baleines-depuis-las-terrenas-hotels-excursion-demi-journee-pour-observation-des-baleines-2\" class=\"woocommerce-LoopProduct-link woocommerce-loop-product__link\"><\/a><\/div><div class=\"mkdf-pl-text-wrapper\"><h4 class=\"mkdf-product-list-title\"><a href=\"https:\/\/www.boattoursamana.com\/fr\/tournee\/samana-observation-des-baleines-depuis-las-terrenas-hotels-excursion-demi-journee-pour-observation-des-baleines-2\">Observation des baleines \u00e0 Saman\u00e1 depuis les h\u00f4tels de Las Terrenas. Excursion d&#039;une demi-journ\u00e9e pour l&#039;observation des baleines.<\/a><\/h4>\n\t<span class=\"price\"><del aria-hidden=\"true\"><span class=\"woocommerce-Price-amount amount\"><bdi><span class=\"woocommerce-Price-currencySymbol\">&#36;<\/span>100.00<\/bdi><\/span><\/del> <ins><span class=\"woocommerce-Price-amount amount\"><bdi><span class=\"woocommerce-Price-currencySymbol\">&#36;<\/span>79.99<\/bdi><\/span><\/ins><\/span>\n<\/div><\/li><li class=\"product type-product post-8984 status-publish first instock product_cat-tours-excursions-samana-bay-dominican-republic product_cat-1-samana product_cat-tours-and-excursions product_cat-w product_cat-whale-watching-samana product_tag-bacardi-island product_tag-best-time-for-whale-watching-in-punta-cana product_tag-cayo-levantado product_tag-dominican-republic product_tag-las-galeras product_tag-las-terrenas product_tag-samana product_tag-samana-bay product_tag-samana-excursions product_tag-samana-tours product_tag-samana-whale-watching product_tag-samana-whale-watching-price product_tag-samana-whale-watching-season product_tag-whale-samana product_tag-whale-tours product_tag-whale-watching-dominican-republic product_tag-whale-watching-excursion product_tag-whale-watching-samana has-post-thumbnail sold-individually shipping-taxable product-type-external\">\n\t<div class=\"mkdf-pl-inner\"><div class=\"mkdf-pl-image\"><div class=\"mkdf-pl-text\"><div class=\"mkdf-pl-text-outer\"><div class=\"mkdf-pl-text-inner\"><a href=\"https:\/\/bookingadventures.tours\/booking.php?tour_id=bca652950c86d0e3def5bdf6893c5721\" data-quantity=\"1\" class=\"button wp-element-button product_type_external\" data-product_id=\"8984\" data-product_sku=\"\" aria-label=\"RESERVE MAINTENANT\" rel=\"nofollow noopener\">RESERVE MAINTENANT<\/a><\/div><\/div><\/div><\/div><a href=\"https:\/\/www.boattoursamana.com\/fr\/tournee\/samana-whale-watching-cayo-levantado\" class=\"woocommerce-LoopProduct-link woocommerce-loop-product__link\"><\/a><\/div><div class=\"mkdf-pl-text-wrapper\"><div class=\"mkdf-pl-rating-holder\"><\/div><h4 class=\"mkdf-product-list-title\"><a href=\"https:\/\/www.boattoursamana.com\/fr\/tournee\/samana-whale-watching-cayo-levantado\">Saman\u00e1\u00a0: Cayo Levantado et observation des baleines<\/a><\/h4>\n\t<span class=\"price\"><span class=\"woocommerce-Price-amount amount\"><bdi><span class=\"woocommerce-Price-currencySymbol\">&#36;<\/span>45.00<\/bdi><\/span><\/span>\n<\/div><\/li><li class=\"product type-product post-9717 status-publish instock product_cat-tours-excursions-punta-cana-dominican-republic product_cat-1-punta-cana product_cat-punta-cana-group-tours product_cat-punta-cana-whale-watching product_cat-tours-excursions-samana-bay-dominican-republic product_cat-whale-watching-punta-cana product_tag-631 product_tag-bacardi-island product_tag-cayo-levantado-day-pass product_tag-cheap-punta-cana-excursions product_tag-day-trip-punta-cana product_tag-half-day-whale-watching-miches product_tag-private-tours-samana product_tag-punta-cana product_tag-punta-cana-activities product_tag-punta-cana-tours product_tag-samana-bay product_tag-samana-day-trip product_tag-samana-day-trip-from-punta-cana product_tag-samana-whale-watching product_tag-whale-punta-cana product_tag-whale-samana product_tag-whale-watching-2020 product_tag-whale-watching-2020-in-punta-cana-to-samana-bay-cayo-levantado-bacardi-island-from-hotels product_tag-whale-watching-dominican-republic product_tag-whale-watching-punta-cana has-post-thumbnail sale sold-individually shipping-taxable product-type-external\">\n\t<div class=\"mkdf-pl-inner\"><div class=\"mkdf-pl-image\"><div class=\"mkdf-pl-text\"><div class=\"mkdf-pl-text-outer\"><div class=\"mkdf-pl-text-inner\"><a href=\"https:\/\/bookingadventures.tours\/booking.php?tour_id=12bda3a0265d54c1fc45afafb62ebef0\" data-quantity=\"1\" class=\"button wp-element-button product_type_external\" data-product_id=\"9717\" data-product_sku=\"\" aria-label=\"RESERVE MAINTENANT\" rel=\"nofollow noopener\">RESERVE MAINTENANT<\/a><\/div><\/div><\/div><\/div><a href=\"https:\/\/www.boattoursamana.com\/fr\/tournee\/observation-des-baleines-de-punta-cana-a-la-baie-de-samana-cayo-levantado-bacardi-island-depuis-les-hotels\" class=\"woocommerce-LoopProduct-link woocommerce-loop-product__link\"><\/a><\/div><div class=\"mkdf-pl-text-wrapper\"><div class=\"mkdf-pl-rating-holder\"><\/div><h4 class=\"mkdf-product-list-title\"><a href=\"https:\/\/www.boattoursamana.com\/fr\/tournee\/observation-des-baleines-de-punta-cana-a-la-baie-de-samana-cayo-levantado-bacardi-island-depuis-les-hotels\">Observation des baleines \u00e0 Punta Cana \/ Cap Cana jusqu&#039;\u00e0 la baie de Saman\u00e1 + Cayo Levantado (\u00eele Bacardi) depuis les h\u00f4tels.<\/a><\/h4>\n\t<span class=\"price\"><del aria-hidden=\"true\"><span class=\"woocommerce-Price-amount amount\"><bdi><span class=\"woocommerce-Price-currencySymbol\">&#36;<\/span>125.00<\/bdi><\/span><\/del> <ins><span class=\"woocommerce-Price-amount amount\"><bdi><span class=\"woocommerce-Price-currencySymbol\">&#36;<\/span>119.99<\/bdi><\/span><\/ins><\/span>\n<\/div><\/li><\/ul>\n<\/div><\/div><\/div><\/div><\/div>","protected":false},"excerpt":{"rendered":"Whale Watching Best Whale Watching company in Dominican Republic One of the Best rates in Reviews Companies for Whale Watching is Booking Adventures. Why?\u00a0 The only company with Private Boats and flexible changing time or Fixing details about\u00a0 Private transfer options. Check Reviews Here.\u00a0 BOOK NOWExcursion Whale Watching Saman\u00e1 Bay + Ca\u00f1o Hondo + Los Haitises from Saman\u00e1 port &#36;195.00 &#36;140.00 BOOK NOWExcursion Whale Watching Saman\u00e1 bay + Cayo Levantado from Puerto Plata (Private Transportation) &#36;160.00 &#36;137.99 BOOK NOWHalf Day [...]","protected":false},"author":2,"featured_media":12071,"parent":0,"menu_order":0,"comment_status":"closed","ping_status":"closed","template":"","meta":{"footnotes":""},"class_list":["post-12084","page","type-page","status-publish","has-post-thumbnail","hentry"],"_links":{"self":[{"href":"https:\/\/www.boattoursamana.com\/fr\/wp-json\/wp\/v2\/pages\/12084","targetHints":{"allow":["GET"]}}],"collection":[{"href":"https:\/\/www.boattoursamana.com\/fr\/wp-json\/wp\/v2\/pages"}],"about":[{"href":"https:\/\/www.boattoursamana.com\/fr\/wp-json\/wp\/v2\/types\/page"}],"author":[{"embeddable":true,"href":"https:\/\/www.boattoursamana.com\/fr\/wp-json\/wp\/v2\/users\/2"}],"replies":[{"embeddable":true,"href":"https:\/\/www.boattoursamana.com\/fr\/wp-json\/wp\/v2\/comments?post=12084"}],"version-history":[{"count":0,"href":"https:\/\/www.boattoursamana.com\/fr\/wp-json\/wp\/v2\/pages\/12084\/revisions"}],"wp:featuredmedia":[{"embeddable":true,"href":"https:\/\/www.boattoursamana.com\/fr\/wp-json\/wp\/v2\/media\/12071"}],"wp:attachment":[{"href":"https:\/\/www.boattoursamana.com\/fr\/wp-json\/wp\/v2\/media?parent=12084"}],"curies":[{"name":"wp","href":"https:\/\/api.w.org\/{rel}","templated":true}]}}