{"id":15758,"date":"2023-07-15T07:43:13","date_gmt":"2023-07-15T07:43:13","guid":{"rendered":"https:\/\/www.ticketswhales.com\/los-haitises-tour-from-santo-domingo-samana-or-sabana-de-la-mar-full-day-trip\/"},"modified":"2023-07-15T07:43:13","modified_gmt":"2023-07-15T07:43:13","slug":"los-haitises-tour-from-santo-domingo-samana-or-sabana-de-la-mar-full-day-trip","status":"publish","type":"page","link":"https:\/\/www.boattoursamana.com\/fr\/los-haitises-tour-de-santo-domingo-samana-or-sabana-de-la-mar-excursion-journee-complete-2","title":{"rendered":"Visite de Los Haitises au d\u00e9part de Saint-Domingue, Saman\u00e1 ou Sabana de la Mar. Excursion d&#039;une journ\u00e9e compl\u00e8te."},"content":{"rendered":"<p>Cette excursion de Saint-Domingue au parc national Los Haitises comprend le d\u00e9jeuner et le transport pour une visite des principales grottes, une exploration de 2 \u00e9cosyst\u00e8mes de mangroves diff\u00e9rents et bien s\u00fbr l&#039;observation des oiseaux de p\u00eache.<br \/>\nn<br \/>\nExcursion dans le parc national de Los Haitises avec un guide naturaliste. Visite des cayes du parc national de Los Haitises, des mangroves, de la v\u00e9g\u00e9tation, des oiseaux, des grottes, des pictogrammes et des zones historiques de Sabana de la Mar dans le parc national de Los Haitises.<br \/>\nn<br \/>\nn&nbsp;<br \/>\nn<br \/>\nn<strong>Veuillez s\u00e9lectionner la date de la visite\u00a0:\u00a0<\/strong><\/p>\n<p>&nbsp;<\/p>\n<div class=\"vc_row wpb_row vc_row-fluid\" ><div class=\"wpb_column vc_column_container vc_col-sm-12\"><div class=\"vc_column-inner\"><div class=\"wpb_wrapper\"><div class=\"mkdf-section-title-holder\" style=\"text-align: left\">\n\t<div class=\"mkdf-st-inner\">\n\t\t\t\t\t<h5 class=\"mkdf-st-subtitle\" >\n\t\t\t\tTransport et d\u00e9jeuner inclus\t\t\t<\/h5>\n\t\t\t\t\t\t\t<h3 class=\"mkdf-st-title\" >\n\t\t\t\tVisite du parc national Los Haitises au d\u00e9part de Saint-Domingue. Excursion d&#039;une journ\u00e9e compl\u00e8te.\t\t\t<\/h3>\n\t\t\t\t\t<\/div>\n<\/div><\/div><\/div><\/div><\/div><div class=\"vc_row wpb_row vc_row-fluid\" ><div class=\"wpb_column vc_column_container vc_col-sm-12\"><div class=\"vc_column-inner\"><div class=\"wpb_wrapper\"><div class=\"vc_btn3-container vc_btn3-inline\" ><button class=\"vc_general vc_btn3 vc_btn3-size-md vc_btn3-shape-rounded vc_btn3-style-modern vc_btn3-color-green\">RESERVE MAINTENANT<\/button><\/div>\n\t<div class=\"wpb_text_column wpb_content_element\" >\n\t\t<div class=\"wpb_wrapper\">\n\t\t\t<p>\nn<\/p>\n<h3><\/h3>\n<p>n<\/p>\n<h4><b><i>Aper\u00e7u <\/i><\/b><\/h4>\n<p>nVisite du parc national de Los Haitises depuis Santo Domingo. Excursion d'une journ\u00e9e compl\u00e8te. D\u00e9part de votre h\u00f4tel \u00e0 Santo Domingo, Boca Chica ou Juan Dolio. Nous nous dirigerons vers la baie de Samana o\u00f9 un bateau ou un catamaran nous emm\u00e8nera au parc national de Los Haitises. Visite des mangroves, des grottes, des pictogrammes et de tous les sites les plus beaux du parc national de Los Haitises avec un guide local.<br \/>\nn<br \/>\nnApr\u00e8s cette exp\u00e9rience, vous retournerez \u00e0 Saint-Domingue o\u00f9 nous viendrons vous chercher.<br \/>\nn<\/p>\n<ul>\nn \t<\/p>\n<li style=\"font-weight: 400;\">Frais inclus<\/li>\n<p>n \t<\/p>\n<li>D\u00e9jeuner<\/li>\n<p>n \t<\/p>\n<li>Collations<\/li>\n<p>n \t<\/p>\n<li style=\"font-weight: 400;\">Guide touristique local en anglais ou en fran\u00e7ais<\/li>\n<p>n \t<\/p>\n<li>Le transport<\/li>\n<p>n \t<\/p>\n<li>Voyage en bateau<\/li>\n<p>n<\/ul>\n<p>n&nbsp;<br \/>\nn<\/p>\n<h4><b>Inclusions et exclusions<\/b><\/h4>\n<p>n&nbsp;<br \/>\nn<br \/>\nn<b>Inclusions<\/b><br \/>\nn<\/p>\n<ol>\nn \t<\/p>\n<li style=\"font-weight: 400;\">Visite Los Haitises + Grottes et Pictogrammes<\/li>\n<p>n \t<\/p>\n<li>D\u00e9jeuner<\/li>\n<p>n \t<\/p>\n<li style=\"font-weight: 400;\"><span style=\"font-weight: 400;\">Toutes les taxes, frais et frais de traitement<\/span><\/li>\n<p>n \t<\/p>\n<li style=\"font-weight: 400;\"><span style=\"font-weight: 400;\">Taxes locales<\/span><\/li>\n<p>n \t<\/p>\n<li style=\"font-weight: 400;\"><span style=\"font-weight: 400;\">Breuvages<\/span><\/li>\n<p>n \t<\/p>\n<li>Collations<\/li>\n<p>n \t<\/p>\n<li style=\"font-weight: 400;\"><span style=\"font-weight: 400;\">L&#039;ensemble des Activit\u00e9s<\/span><\/li>\n<p>n \t<\/p>\n<li style=\"font-weight: 400;\"><span style=\"font-weight: 400;\">Guide local<\/span><\/li>\n<p>n<\/ol>\n<p>n<b> Exclusions<\/b><br \/>\nn<\/p>\n<ol>\nn \t<\/p>\n<li style=\"font-weight: 400;\"><span style=\"font-weight: 400;\">Pourboires<\/span><\/li>\n<p>n \t<\/p>\n<li style=\"font-weight: 400;\"><span style=\"font-weight: 400;\">Boissons alcoolis\u00e9es<\/span><\/li>\n<p>n<\/ol>\n<p>n<\/p>\n<h4><strong>Priv\u00e9 <em>Visite &amp; Excursion <\/em>Tarifs depuis Saint-Domingue :<\/strong><\/h4>\n<p>n<strong><em>*Les enfants de 10 ans et moins voyagent gratuitement. (2 adultes minimum)<br \/>\nn<\/em><\/strong><br \/>\nn<\/p>\n<ul>\nn \t<\/p>\n<li><strong><em>Tour priv\u00e9 et excursion pour 2 personnes : $210 USD par personne<\/em><\/strong><strong><em><br \/>\nn<\/em><\/strong><\/li>\n<p>n \t<\/p>\n<li><strong><em>Visite priv\u00e9e et excursion pour 3 personnes : $160 USD par personne<\/em><\/strong><\/li>\n<p>n \t<\/p>\n<li><strong><em>Tour priv\u00e9 et excursion pour 4 personnes : $130 USD par personne<\/em><\/strong><\/li>\n<p>n \t<\/p>\n<li><strong><em>Tour priv\u00e9 et excursion pour 5 personnes : $105 USD par personne<\/em><\/strong><\/li>\n<p>n \t<\/p>\n<li><strong><em>Visite priv\u00e9e et excursion pour 6 personnes : $100 USD par personne<\/em><\/strong><\/li>\n<p>n \t<\/p>\n<li><strong><em>Visite priv\u00e9e et excursion pour 7 personnes : $90 USD par personne<\/em><\/strong><\/li>\n<p>n \t<\/p>\n<li><strong><em>Tour priv\u00e9 et excursion pour 8 personnes : $80 USD par personne<\/em><\/strong><\/li>\n<p>n \t<\/p>\n<li><strong><em>9 personnes ou plus Tour &amp; Excursion: <a href=\"https:\/\/www.boattoursamana.com\/fr\/nous-contacter\/\">Contactez-nous<\/a><\/em><\/strong><\/li>\n<p>n<\/ul>\n<p>n<strong><em>* L&#039;excursion commence \u00e0 l&#039;heure que vous avez d\u00e9finie\u00a0\u00a0<\/em><\/strong><br \/>\nn<\/p>\n<h4><em><strong>D\u00e9part &amp; Retour<\/strong><\/em><\/h4>\n<p>n<span style=\"font-weight: 400;\">Le voyageur obtiendra un point de rendez-vous apr\u00e8s le processus de r\u00e9servation. Les visites commencent et se terminent \u00e0 vos points de rendez-vous.<\/span><br \/>\nn<\/p>\n<h4><\/h4>\n<p>n<\/p>\n<h4><\/h4>\n<p>n<\/p>\n<h3>Parc national Los Haitises depuis Saint-Domingue<\/h3>\n<p>n<\/p>\n<h4><b><i>\u00c0 quoi s&#039;attendre?<\/i><\/b><\/h4>\n<p>n<em><strong>Obtenez vos billets<\/strong><\/em> pour visiter le parc national Los Haitises au d\u00e9part de Saint-Domingue. Excursion d&#039;une journ\u00e9e compl\u00e8te. D\u00e9part de Saint-Domingue dans un transfert confortable vers la baie de Saman\u00e1. transport au port \u00e0 bord d&#039;un bateau ou d&#039;un catamaran avec un guide local, nous visitons Los Haitises, c\u00f4t\u00e9 Sabana de la Mar pour visiter l&#039;un des plus beaux parcs nationaux de la R\u00e9publique dominicaine. <strong>Los<em>\u00a0Parc National des Ha\u00eftises<\/em>.<\/strong><br \/>\nn<br \/>\nL'excursion, organis\u00e9e par Booking Adventures, commence au point de rendez-vous fix\u00e9 par le guide touristique. Venez avec Booking Adventures et commencez \u00e0 d\u00e9couvrir des mangroves pleines d'oiseaux, des collines ondulantes \u00e0 la v\u00e9g\u00e9tation luxuriante et des grottes d'une beaut\u00e9 inou\u00efe. <em><strong>Parc National Los Haitises<\/strong><\/em>. Visiter l&#039;\u00eele avec des oiseaux autour. Pendant la saison de nidification, on peut m\u00eame voir les poussins Pelecanos sur les nids. D\u00e9couvrez les \u00eeles Rocheuses et visitez les grottes avec des pictogrammes et des p\u00e9trographies des peuples autochtones.<br \/>\nn<br \/>\ntravers les mangroves, atterrissez dans la baie ouverte de San Lorenzo, \u00e0 Sabana de la Mar, d'o\u00f9 vous pourrez photographier le paysage forestier accident\u00e9. Regardez l'eau pour apercevoir <em><strong>Lamantins<\/strong><\/em>, crustac\u00e9s et <em><strong>dauphins.<\/strong><\/em><br \/>\nn<\/p>\n<div class=\"body-description secondary\">\nn<br \/>\nnLe nom du parc national vient de ses premiers habitants, les Indiens Taino. Dans leur langue, \"Haitises\" se traduit par hautes terres ou collines, en r\u00e9f\u00e9rence aux formations g\u00e9ologiques escarp\u00e9es de calcaire du littoral. Aventurez-vous plus profond\u00e9ment dans le parc pour explorer des grottes telles que la Cueva San Gabriel, <em><strong>Cueva de la Arena, <\/strong><\/em>et <strong><em>Cueva de la Linea.<\/em><\/strong><br \/>\nn<br \/>\nnCes grottes de la r\u00e9serve servaient d'abri aux Indiens Taino et, plus tard, aux pirates qui s'y cachaient. Observez les dessins des Indiens qui d\u00e9corent certaines parois. Apr\u00e8s la visite du parc national de Los Haitises, nous retournerons \u00e0 Samana ou Sabana de la mar pour d\u00e9jeuner.<br \/>\nn<br \/>\nSi vous \u00eates v\u00e9g\u00e9talien, ne vous inqui\u00e9tez pas, nous avons aussi de la nourriture pour vous !<br \/>\nn<br \/>\nnApr\u00e8s le d\u00e9jeuner, nous retournons \u00e0 Saint-Domingue !<br \/>\nn<br \/>\nn<\/div>\n<p>Au cas o\u00f9 vous souhaiteriez que ce voyage soit plus long ou plus court, nous vous proposons les options suivantes :<br \/>\nn<\/p>\n<ol>\nn \t<\/p>\n<li><a href=\"https:\/\/www.boattoursamana.com\/fr\/tournee\/the-haitises-national-park-tour-from-samana-port\/\">Juste Los Haitises depuis le port de Saman\u00e1.<\/a><\/li>\n<p>n \t<\/p>\n<li><a href=\"https:\/\/www.boattoursamana.com\/fr\/tournee\/parc-national-de-los-haitises-dejeuner-au-cano-hondo-depuis-le-port-de-samana-2\/\">Los Haitises + Ca\u00f1o Hondo depuis le port de Saman\u00e1.<\/a><\/li>\n<p>n<\/ol>\n<p>n&nbsp;<br \/>\nn<\/p>\n<h4><em><strong>Que devez-vous apporter?<\/strong><\/em><\/h4>\n<p>n<\/p>\n<ul>\nn \t<\/p>\n<li style=\"font-weight: 400;\"><span style=\"font-weight: 400;\">Appareil photo<\/span><\/li>\n<p>n \t<\/p>\n<li style=\"font-weight: 400;\"><span style=\"font-weight: 400;\">Bourgeons r\u00e9pulsifs<\/span><\/li>\n<p>n \t<\/p>\n<li style=\"font-weight: 400;\"><span style=\"font-weight: 400;\">Cr\u00eame solaire<\/span><\/li>\n<p>n \t<\/p>\n<li style=\"font-weight: 400;\"><span style=\"font-weight: 400;\">Chapeau<\/span><\/li>\n<p>n \t<\/p>\n<li style=\"font-weight: 400;\"><span style=\"font-weight: 400;\">Pantalon confortable<\/span><\/li>\n<p>n \t<\/p>\n<li style=\"font-weight: 400;\"><span style=\"font-weight: 400;\">Chaussures de randonn\u00e9e pour la for\u00eat<\/span><\/li>\n<p>n \t<\/p>\n<li style=\"font-weight: 400;\"><span style=\"font-weight: 400;\">Sandales aux zones de printemps.<\/span><\/li>\n<p>n \t<\/p>\n<li style=\"font-weight: 400;\"><span style=\"font-weight: 400;\">Maillot de bain<\/span><\/li>\n<p>n<\/ul>\n<p>n&nbsp;<br \/>\nn<\/p>\n<h4><b><i>Prise en charge \u00e0 l&#039;h\u00f4tel <\/i><\/b><\/h4>\n<p>n<span style=\"font-weight: 400;\">La prise en charge \u00e0 l&#039;h\u00f4tel n&#039;est pas propos\u00e9e pour cette excursion. <\/span><br \/>\nn<br \/>\nn&nbsp;<br \/>\nn<br \/>\nn<b>Note:<\/b><span style=\"font-weight: 400;\"> Si vous r\u00e9servez dans les 24 heures suivant l&#039;heure de d\u00e9part de la visite \/ excursion, nous pouvons organiser la prise en charge \u00e0 l&#039;h\u00f4tel moyennant des frais suppl\u00e9mentaires. Une fois votre achat termin\u00e9, nous vous enverrons les coordonn\u00e9es compl\u00e8tes (num\u00e9ro de t\u00e9l\u00e9phone, adresse e-mail, etc.) de notre guide local pour organiser la prise en charge.<\/span><br \/>\nn<\/p>\n<h4><b><i>Confirmation d&#039;informations suppl\u00e9mentaires <\/i><\/b><\/h4>\n<p>n<\/p>\n<ol>\nn \t<\/p>\n<li>Les billets sont le re\u00e7u apr\u00e8s avoir pay\u00e9 ce tour. Vous pouvez afficher le paiement sur votre t\u00e9l\u00e9phone.<\/li>\n<p>n \t<\/p>\n<li style=\"font-weight: 400;\"><span style=\"font-weight: 400;\">Le point de rencontre sera re\u00e7u apr\u00e8s le processus de r\u00e9servation.<\/span><\/li>\n<p>n \t<\/p>\n<li style=\"font-weight: 400;\"><span style=\"font-weight: 400;\">Les enfants doivent \u00eatre accompagn\u00e9s par un adulte.<\/span><\/li>\n<p>n \t<\/p>\n<li style=\"font-weight: 400;\"><span style=\"font-weight: 400;\"> Non accessible aux fauteuils roulants <\/span><\/li>\n<p>n \t<\/p>\n<li style=\"font-weight: 400;\"><span style=\"font-weight: 400;\">Les b\u00e9b\u00e9s doivent s&#039;asseoir sur les genoux <\/span><\/li>\n<p>n \t<\/p>\n<li style=\"font-weight: 400;\"><span style=\"font-weight: 400;\">Non recommand\u00e9 pour les voyageurs ayant des probl\u00e8mes de dos<\/span><\/li>\n<p>n \t<\/p>\n<li style=\"font-weight: 400;\"><span style=\"font-weight: 400;\">D\u00e9conseill\u00e9 aux voyageuses enceintes <\/span><\/li>\n<p>n \t<\/p>\n<li style=\"font-weight: 400;\"><span style=\"font-weight: 400;\"> Pas de probl\u00e8mes cardiaques ou d&#039;autres conditions m\u00e9dicales graves <\/span><\/li>\n<p>n \t<\/p>\n<li style=\"font-weight: 400;\"><span style=\"font-weight: 400;\">La plupart des voyageurs peuvent participer<\/span><\/li>\n<p>n<\/ol>\n<p>n<\/p>\n<h4><b><i>Politique d&#039;annulation<\/i><\/b><\/h4>\n<p>nPour un remboursement complet, veuillez lire nos politiques d'annulation.\u00a0<a href=\"https:\/\/www.boattoursamana.com\/fr\/reservation-en-ligne\/\" target=\"_blank\" rel=\"noopener\" data-saferedirecturl=\"https:\/\/www.google.com\/url?q=https:\/\/www.boattoursamana.com\/online-booking\/&amp;source=gmail&amp;ust=1672449202351000&amp;usg=AOvVaw1yAeVAPktmaVCqDujgUn90\">Cliquez ici<\/a>. Les fonds seront perdus si la r\u00e9servation est annul\u00e9e le jour m\u00eame du voyage.<\/p>\n\n\t\t<\/div>\n\t<\/div>\n<div class=\"vc_btn3-container vc_btn3-inline\" ><button class=\"vc_general vc_btn3 vc_btn3-size-md vc_btn3-shape-rounded vc_btn3-style-modern vc_btn3-color-green\">RESERVE MAINTENANT<\/button><\/div><\/div><\/div><\/div><\/div><div class=\"vc_row wpb_row vc_row-fluid\" ><div class=\"wpb_column vc_column_container vc_col-sm-12\"><div class=\"vc_column-inner\"><div class=\"wpb_wrapper\">\n\t<div class=\"wpb_video_widget wpb_content_element vc_clearfix   vc_video-aspect-ratio-169 vc_video-el-width-100 vc_video-align-left\" >\n\t\t<div class=\"wpb_wrapper\">\n\t\t\t\n\t\t\t<div class=\"wpb_video_wrapper\"><iframe loading=\"lazy\" title=\"Parc National Los Haitises, Tours &amp; Excursion De Samana ou Sabana de la Mar. R\u00e9servez ici:\" src=\"https:\/\/player.vimeo.com\/video\/346508015?dnt=1&amp;app_id=122963\" width=\"1100\" height=\"619\" frameborder=\"0\" allow=\"autoplay; fullscreen; picture-in-picture\" allowfullscreen><\/iframe><\/div>\n\t\t<\/div>\n\t<\/div>\n<\/div><\/div><\/div><\/div><div class=\"vc_row wpb_row vc_row-fluid\" ><div class=\"wpb_column vc_column_container vc_col-sm-12\"><div class=\"vc_column-inner\"><div class=\"wpb_wrapper\"><div class=\"vc_empty_space\"   style=\"height: 32px\"><span class=\"vc_empty_space_inner\"><\/span><\/div>\n\t<div class=\"wpb_text_column wpb_content_element\" >\n\t\t<div class=\"wpb_wrapper\">\n\t\t\t<p>\nn<\/p>\n<h4>Nous contacter?<\/h4>\n<p>n<\/p>\n<h5>Aventures de r\u00e9servation<\/h5>\n<p>n<em><strong>des locaux<\/strong>\u00a0et\u00a0<strong>Nationaux<\/strong>\u00a0Guides touristiques et services aux invit\u00e9s<\/em><br \/>\nn<br \/>\nn<span class=\"text-turquoise\">R\u00e9servations:<\/span>\u00a0Visites et excursions \u00e0 Dom. repr\u00e9sentant<br \/>\nn<br \/>\nn<img decoding=\"async\" class=\"emoji\" draggable=\"false\" src=\"https:\/\/s.w.org\/images\/core\/emoji\/11.2.0\/svg\/1f4de.svg\" alt=\" \" title=\"\">\u00a0T\u00e9l \/ Whatsapp\u00a0\u00a0<a href=\"tel:+1-809-720-6035\">+1-809-720-6035<\/a>.<br \/>\nn<br \/>\nn<img decoding=\"async\" class=\"emoji\" draggable=\"false\" src=\"https:\/\/s.w.org\/images\/core\/emoji\/11.2.0\/svg\/1f4e9.svg\" alt=\" \" title=\"\">\u00a0<a href=\"mailto:info@bookingadventures.com.do\">info@bookingadventures.com.do<\/a><br \/>\nn<br \/>\nn<strong>Nous sommes des visites priv\u00e9es \u00e0 configuration flexible par Whatsapp\u00a0:\u00a0<a href=\"tel:+18097206035\">+18097206035.<\/a><\/strong><\/p>\n\n\t\t<\/div>\n\t<\/div>\n<div class=\"vc_empty_space\"   style=\"height: 32px\"><span class=\"vc_empty_space_inner\"><\/span><\/div><\/div><\/div><\/div><\/div><div class=\"vc_row wpb_row vc_row-fluid\" ><div class=\"wpb_column vc_column_container vc_col-sm-12\"><div class=\"vc_column-inner\"><div class=\"wpb_wrapper\"><div class=\"vc_btn3-container vc_btn3-inline\" ><button class=\"vc_general vc_btn3 vc_btn3-size-md vc_btn3-shape-rounded vc_btn3-style-modern vc_btn3-color-green\">RESERVE MAINTENANT<\/button><\/div><\/div><\/div><\/div><\/div>","protected":false},"excerpt":{"rendered":"<p>This excursion from Santo Domingo to Los Haitises National Park includes Lunch and Transportation for a visit to the main caves, an exploration of 2 different mangroves ecosystems and of course fishing bird watching. n nTrip to Los Haitises National Park with a naturalist Tour guide. Visiting the Cays in Los Haitises National Park, Mangroves, Vegetation, Birding, Caves, Pictographs and the historical areas of Sabana de la Mar in Los Haitises National Park. n n&nbsp; n nPlease Select the date [&hellip;]<\/p>\n","protected":false},"author":2,"featured_media":0,"parent":0,"menu_order":0,"comment_status":"open","ping_status":"closed","template":"","meta":{"footnotes":""},"class_list":["post-15758","page","type-page","status-publish","hentry"],"_links":{"self":[{"href":"https:\/\/www.boattoursamana.com\/fr\/wp-json\/wp\/v2\/pages\/15758","targetHints":{"allow":["GET"]}}],"collection":[{"href":"https:\/\/www.boattoursamana.com\/fr\/wp-json\/wp\/v2\/pages"}],"about":[{"href":"https:\/\/www.boattoursamana.com\/fr\/wp-json\/wp\/v2\/types\/page"}],"author":[{"embeddable":true,"href":"https:\/\/www.boattoursamana.com\/fr\/wp-json\/wp\/v2\/users\/2"}],"replies":[{"embeddable":true,"href":"https:\/\/www.boattoursamana.com\/fr\/wp-json\/wp\/v2\/comments?post=15758"}],"version-history":[{"count":0,"href":"https:\/\/www.boattoursamana.com\/fr\/wp-json\/wp\/v2\/pages\/15758\/revisions"}],"wp:attachment":[{"href":"https:\/\/www.boattoursamana.com\/fr\/wp-json\/wp\/v2\/media?parent=15758"}],"curies":[{"name":"wp","href":"https:\/\/api.w.org\/{rel}","templated":true}]}}