{"id":15774,"date":"2023-07-15T07:43:40","date_gmt":"2023-07-15T07:43:40","guid":{"rendered":"https:\/\/www.ticketswhales.com\/whale-watching-2023-in-punta-cana-cap-cana-to-samana-bay-cayo-levantado-bacardi-island-from-hotels\/"},"modified":"2023-07-15T07:43:40","modified_gmt":"2023-07-15T07:43:40","slug":"whale-watching-2023-in-punta-cana-cap-cana-to-samana-bay-cayo-levantado-bacardi-island-from-hotels","status":"publish","type":"page","link":"https:\/\/www.boattoursamana.com\/fr\/whale-watching-2023-in-punta-cana-cap-cana-to-samana-bay-cayo-levantado-bacardi-island-from-hotels","title":{"rendered":"Observation des baleines 2023 de Punta Cana \/ Cap Cana \u00e0 la baie de Saman\u00e1 + Cayo Levantado (\u00eele Bacardi) depuis les h\u00f4tels."},"content":{"rendered":"<p>Depuis les h\u00f4tels de Punta Cana, nous profiterons des magnifiques paysages de la cha\u00eene de montagnes orientales en conduisant au nord de Punta Cana avant d&#039;arriver dans le petit village de p\u00eacheurs de Miches sur la rive sud de la baie de Samana. Vous y d\u00e9gusterez un petit-d\u00e9jeuner rapide avant d&#039;embarquer sur le bateau pour Samana. Nous naviguerons profond\u00e9ment dans la baie pour observer les baleines. Nous atteindrons d&#039;abord Cayo Levantado, \u00e9galement connue sous le nom d&#039;\u00eele Bacardi en raison de sa ressemblance avec les plages Bacardi Rum autrefois utilis\u00e9es pour ses c\u00e9l\u00e8bres publicit\u00e9s. Cayo Levantado n&#039;est rien de moins qu&#039;une oasis tropicale - une petite \u00eele au milieu de l&#039;oc\u00e9an avec des eaux turquoises et du sable blanc.<br \/>\nn<br \/>\nnThis tour can or not include the stop at\u00a0<strong>Cascade de Lim\u00f3n<\/strong>. Pour r\u00e9server le m\u00eame voyage avec les cascades, veuillez <a href=\"https:\/\/www.boattoursamana.com\/fr\/tours-excursions\/fees-entrace\/samana-whale-watching-cayo-levantado-bacardi-island-limon-waterfalls-depuis-punta-cana-hotels\/\">CLIQUEZ ICI.<\/a><br \/>\nn<br \/>\nn&nbsp;<br \/>\nn<br \/>\nn&nbsp;<br \/>\nn<br \/>\nn<em><strong>Veuillez s\u00e9lectionner la date de l&#039;excursion\u00a0:<\/strong><\/em><\/p>\n<p>&nbsp;<\/p>\n<div class=\"vc_row wpb_row vc_row-fluid\" ><div class=\"wpb_column vc_column_container vc_col-sm-12\"><div class=\"vc_column-inner\"><div class=\"wpb_wrapper\"><div class=\"mkdf-section-title-holder\" style=\"text-align: left\">\n\t<div class=\"mkdf-st-inner\">\n\t\t\t\t\t<h5 class=\"mkdf-st-subtitle\" >\n\t\t\t\tPrise en charge depuis les h\u00f4tels et Cayo Levantado (\u00eele Bacardi).\t\t\t<\/h5>\n\t\t\t\t\t\t\t<h3 class=\"mkdf-st-title\" >\n\t\t\t\tObservation des baleines 2023 de Punta Cana \/ Cap Cana \u00e0 la baie de Samana\t\t\t<\/h3>\n\t\t\t\t\t<\/div>\n<\/div><\/div><\/div><\/div><\/div><div class=\"vc_row wpb_row vc_row-fluid\" ><div class=\"wpb_column vc_column_container vc_col-sm-12\"><div class=\"vc_column-inner\"><div class=\"wpb_wrapper\"><div class=\"vc_btn3-container vc_btn3-inline\" ><button class=\"vc_general vc_btn3 vc_btn3-size-md vc_btn3-shape-rounded vc_btn3-style-modern vc_btn3-color-green\">RESERVE MAINTENANT<\/button><\/div>\n\t<div class=\"wpb_text_column wpb_content_element\" >\n\t\t<div class=\"wpb_wrapper\">\n\t\t\t<p>\nn<\/p>\n<div class=\"vc_row wpb_row vc_row-fluid\">\nn<\/p>\n<div class=\"wpb_column vc_column_container vc_col-sm-12\">\nn<\/p>\n<div class=\"vc_column-inner\">\nn<\/p>\n<div class=\"wpb_wrapper\">\nn<\/p>\n<div class=\"wpb_text_column wpb_content_element\">\nn<\/p>\n<div class=\"wpb_wrapper\">\nn<\/p>\n<div class=\"vc_row wpb_row vc_row-fluid\">\nn<\/p>\n<div class=\"wpb_column vc_column_container vc_col-sm-12\">\nn<\/p>\n<div class=\"vc_column-inner\">\nn<\/p>\n<div class=\"wpb_wrapper\">\nn<\/p>\n<div class=\"wpb_text_column wpb_content_element\">\nn<\/p>\n<div class=\"wpb_wrapper\">\nn<\/p>\n<h4><b><i>Aper\u00e7u<img decoding=\"async\" class=\"emoji\" draggable=\"false\" src=\"https:\/\/s.w.org\/images\/core\/emoji\/12.0.0-1\/svg\/1f433.svg\" alt=\" \" title=\"\"><\/i><\/b><\/h4>\n<p>nWhale Punta Cana, whale watching in Saman\u00e1 Bay and visit Cayo Levantado during this full-day excursion from Punta Cana hotels. Travel to Saman\u00e1 bay aboard a comfortable, air-conditioned coach, then transfer to a boat Catamaran\u00a0 at Miches. Cruise out into the open waters to look for the pods of humpback whales who visit to breed and have their calves in the area. Learn about the behavior and biology of these marine mammals from your expert naturalist guide. Continue to Cayo Levantado, or Bacardi Island, for lunch on the beach and a dip in the azure waters before returning to Punta Cana.<br \/>\nn<br \/>\nn&nbsp;<br \/>\nn<br \/>\nn<strong>Note: <\/strong>Cette visite peut inclure ou non l&#039;arr\u00eat \u00e0\u00a0<strong>Cascade de Lim\u00f3n<\/strong>. Pour r\u00e9server le m\u00eame voyage avec les cascades, veuillez <a href=\"https:\/\/www.boattoursamana.com\/fr\/tours-excursions\/fees-entrace\/samana-whale-watching-cayo-levantado-bacardi-island-limon-waterfalls-depuis-punta-cana-hotels\/\">CLIQUEZ ICI.<\/a><br \/>\nn<br \/>\nn&nbsp;<br \/>\nn<\/p>\n<ul>\nn \t<\/p>\n<li>Voyage d&#039;observation des baleines<\/li>\n<p>n \t<\/p>\n<li>Frais d&#039;entr\u00e9e \u00e0 l&#039;Observatoire<\/li>\n<p>n \t<\/p>\n<li>Comprend un d\u00e9jeuner buffet sur la plage<\/li>\n<p>n \t<\/p>\n<li>Transfert en bateau<\/li>\n<p>n \t<\/p>\n<li>Transfert depuis les h\u00f4tels de Punta Cana<\/li>\n<p>n \t<\/p>\n<li>Le capitaine assure l&#039;instruction et la supervision<\/li>\n<p>n \t<\/p>\n<li>Guide touristique<\/li>\n<p>n<\/ul>\n<p>n&nbsp;<br \/>\nn<\/p>\n<h4><b>Inclusions et exclusions<\/b><\/h4>\n<p>n&nbsp;<br \/>\nn<br \/>\nn<b>Inclusions<\/b><br \/>\nn<br \/>\nn&nbsp;<br \/>\nn<\/p>\n<ol>\nn \t<\/p>\n<li>D\u00e9jeuner buffet sur la plage<\/li>\n<p>n \t<\/p>\n<li>Guide touristique<\/li>\n<p>n \t<\/p>\n<li>Excursion en catamaran ou en bateau<\/li>\n<p>n \t<\/p>\n<li>Toutes les taxes, frais et frais de traitement<\/li>\n<p>n \t<\/p>\n<li>Taxes locales<\/li>\n<p>n \t<\/p>\n<li>Breuvages<\/li>\n<p>n<\/ol>\n<p>n<b>Exclusions<\/b><br \/>\nn<\/p>\n<ol>\nn \t<\/p>\n<li>Pourboires<\/li>\n<p>n<\/ol>\n<p>n&nbsp;<br \/>\nn<\/p>\n<h4><em><strong>D\u00e9part &amp; Retour<\/strong><\/em><\/h4>\n<p>nLa prise en charge \u00e0 l&#039;h\u00f4tel est offerte pour cette visite. Dans Notes, \u00e9crivez simplement le nom de l&#039;h\u00f4tel pour venir vous chercher. Nous r\u00e9cup\u00e9rons dans tous les h\u00f4tels de Punta Cana.<br \/>\nn<br \/>\nn&nbsp;<br \/>\nn<\/p>\n<h3>Observation des baleines 2023 de Punta Cana \/ Cap Cana \u00e0 la baie de Samana + Cayo Levantado (\u00eele Bacardi) depuis les h\u00f4tels.<\/h3>\n<p>n<\/p>\n<h4><b><i>\u00c0 quoi s&#039;attendre?<\/i><\/b><\/h4>\n<p>nRapprochez-vous des gentils g\u00e9ants des mers de la R\u00e9publique dominicaine lors de cette excursion d&#039;observation des baleines \u00e0 bosse de 12 heures dans la baie de S\u00e1mana. Passez une journ\u00e9e inoubliable \u00e0 observer les milliers de baleines qui affluent chaque ann\u00e9e sur l&#039;\u00eele pour s&#039;accoupler, se nourrir et jouer dans ses eaux tropicales chaudes. En observant ces magnifiques cr\u00e9atures, vous b\u00e9n\u00e9ficierez des informations uniques de votre guide expert en observation des baleines. Terminez la journ\u00e9e avec un d\u00e9jeuner inclus et une plage sur la magnifique \u00eele de Cayo Levantado. Le transport aller-retour \u00e0 l&#039;h\u00f4tel est \u00e9galement inclus.<br \/>\nn<br \/>\nnFrom 9:00 Am until 12:00-noon Whale watching observatory and After this Whale trip we will visit Bacardi Island \/ Cayo Levantado. In Bacardi Island, Lunch Buffet from typical Dominican Style will be provided (Rice, Beans, Fish, Salads\u2026). When lunch is finished you are allowed to swim until 4:30 pm. Tour will be finished at 5:00 pm at the same port from where it will start onboad our Catamaran and them bus back to Punta Cana Hotels.<br \/>\nn<br \/>\nnThis tour can or not include the stop at\u00a0<strong>Cascade de Lim\u00f3n<\/strong>. Pour r\u00e9server le m\u00eame voyage avec les cascades, veuillez <a href=\"https:\/\/www.boattoursamana.com\/fr\/tours-excursions\/fees-entrace\/samana-whale-watching-cayo-levantado-bacardi-island-limon-waterfalls-depuis-punta-cana-hotels\/\">CLIQUEZ ICI.<\/a><br \/>\nn<br \/>\nn<strong>Calendrier:<\/strong><br \/>\nn<br \/>\nn6h00 \u2013 7h00 Prise en charge des clients dans les diff\u00e9rents h\u00f4tels<br \/>\nn07h00 D\u00e9part pour Las Canitas \u00e0 Sabana de la mar<br \/>\nn08:15 Arriv\u00e9e au quai priv\u00e9<br \/>\nn08h15 \u2013 8h40 Heure du petit-d\u00e9jeuner (sandwichs, muffins, th\u00e9, caf\u00e9, jus de fruits)<br \/>\nn8h45 Embarquement pour commencer notre voyage vers le sanctuaire des baleines \u00e0 bosse \u00e0 Samana<br \/>\nn11h00 Recherche des baleines pendant une p\u00e9riode de 45 minutes. C&#039;est le timing suivi par les r\u00e8gles du gouvernement.<br \/>\nn11h45 Direction Cayo Levantado dans la baie de Samana<br \/>\nn12h30 Arriv\u00e9e \u00e0 Cayo Levantado<br \/>\nn13h00 D\u00e9jeuner (buffet du d\u00e9jeuner, typiquement dominicain)*<br \/>\nn13h45 \u2013 15h30 Temps libre \u00e0 Cayo Levantado<br \/>\nn15h00 \u2013 15h45 Retour \u00e0 bord vers Miches<br \/>\nn17h00 Arriv\u00e9e \u00e0 Miches et d\u00e9part vers les h\u00f4tels de Punta Cana<br \/>\nn19h30 \u2013 20h00 Arriv\u00e9e aux h\u00f4tels de Punta Cana<br \/>\nn<br \/>\nn<strong>*Menu du midi (typique dominicain)<br \/>\nn<\/strong>Riz, poulet grill\u00e9 ou poisson grill\u00e9, salade, l\u00e9gumes, fruits frais.<br \/>\nn<br \/>\nn<strong>*Les clients qui choisissent d&#039;ajouter l&#039;arr\u00eat \u00e0 la cascade El Limon apr\u00e8s l&#039;observation des baleines se d\u00e9placeront vers la cascade et auront moins de temps \u00e0 passer \u00e0 Cayo Levantado.<\/strong><br \/>\nn<br \/>\nnThis tour can or not include the stop at\u00a0<strong>Cascade de Lim\u00f3n<\/strong>. Pour r\u00e9server le m\u00eame voyage avec les cascades, veuillez <a href=\"https:\/\/www.boattoursamana.com\/fr\/tours-excursions\/fees-entrace\/samana-whale-watching-cayo-levantado-bacardi-island-limon-waterfalls-depuis-punta-cana-hotels\/\">CLIQUEZ ICI.<\/a><br \/>\nn<br \/>\nn&nbsp;<br \/>\nn<\/p>\n<h4><em><strong>Que devez-vous apporter?<\/strong><\/em><\/h4>\n<p>n<\/p>\n<ul>\nn \t<\/p>\n<li>Appareil photo<\/li>\n<p>n \t<\/p>\n<li>Bourgeons r\u00e9pulsifs<\/li>\n<p>n \t<\/p>\n<li>cr\u00eame solaire<\/li>\n<p>n \t<\/p>\n<li>Chapeau<\/li>\n<p>n \t<\/p>\n<li>Pantalon confortable<\/li>\n<p>n \t<\/p>\n<li>Sandales \u00e0 la plage<\/li>\n<p>n \t<\/p>\n<li>Maillot de bain<\/li>\n<p>n \t<\/p>\n<li>De l&#039;argent pour des souvenirs<\/li>\n<p>n<\/ul>\n<p>n&nbsp;<br \/>\nn<\/p>\n<h4><b><i>Prise en charge \u00e0 l&#039;h\u00f4tel<\/i><\/b><\/h4>\n<p>nLa prise en charge \u00e0 l&#039;h\u00f4tel est offerte pour cette visite. Dans Notes, \u00e9crivez simplement le nom de l&#039;h\u00f4tel pour venir vous chercher. Nous r\u00e9cup\u00e9rons dans tous les h\u00f4tels de Punta Cana.<br \/>\nn<br \/>\nn&nbsp;<br \/>\nn<br \/>\nn<b>Note:<\/b> si vous r\u00e9servez dans les 24 heures suivant l&#039;heure de d\u00e9part de la visite\/excursion, nous pouvons organiser la prise en charge \u00e0 l&#039;h\u00f4tel. Une fois votre achat termin\u00e9, nous vous enverrons les coordonn\u00e9es compl\u00e8tes (num\u00e9ro de t\u00e9l\u00e9phone, adresse e-mail, etc.) de notre guide local pour organiser la prise en charge.<br \/>\nn<\/p>\n<h4><b><i>Confirmation d&#039;informations suppl\u00e9mentaires<\/i><\/b><\/h4>\n<p>n<\/p>\n<ol>\nn \t<\/p>\n<li>Les billets sont le re\u00e7u apr\u00e8s avoir pay\u00e9 ce tour. Vous pouvez afficher le paiement sur votre t\u00e9l\u00e9phone.<\/li>\n<p>n \t<\/p>\n<li>Le point de rencontre sera re\u00e7u apr\u00e8s le processus de r\u00e9servation.<\/li>\n<p>n \t<\/p>\n<li>Les enfants doivent \u00eatre accompagn\u00e9s par un adulte.<\/li>\n<p>n \t<\/p>\n<li>Accessible aux fauteuils roulants<\/li>\n<p>n \t<\/p>\n<li>Les b\u00e9b\u00e9s doivent s&#039;asseoir sur les genoux<\/li>\n<p>n \t<\/p>\n<li>La plupart des voyageurs peuvent participer<\/li>\n<p>n<\/ol>\n<p>n<\/p>\n<h5><b><i>Politique d&#039;annulation<\/i><\/b><\/h5>\n<p>nPour un remboursement complet, veuillez lire nos politiques d'annulation.\u00a0<a href=\"https:\/\/www.boattoursamana.com\/fr\/reservation-en-ligne\/\" target=\"_blank\" rel=\"noopener\" data-saferedirecturl=\"https:\/\/www.google.com\/url?q=https:\/\/www.boattoursamana.com\/online-booking\/&amp;source=gmail&amp;ust=1672532492004000&amp;usg=AOvVaw3ylqI1cdbIPTimEqEWneyd\">Cliquez ici<\/a>. Les fonds seront perdus si la r\u00e9servation est annul\u00e9e le jour m\u00eame du voyage.<br \/>\nn<br \/>\nn<\/div>\n<p>n\n<\/p><\/div>\n<p>n\n<\/p><\/div>\n<p>n\n<\/p><\/div>\n<p>n\n<\/p><\/div>\n<p>n\n<\/p><\/div>\n<p>n\n<\/p><\/div>\n<p>n\n<\/p><\/div>\n<p>n\n<\/p><\/div>\n<p>n\n<\/p><\/div>\n<p>n\n<\/p><\/div>\n<p>n\n<\/p><\/div>\n<p>n<\/p>\n<div class=\"vc_row wpb_row vc_row-fluid\">\nn<\/p>\n<div class=\"wpb_column vc_column_container vc_col-sm-12\">\nn<\/p>\n<div class=\"vc_column-inner\">\nn<\/p>\n<div class=\"wpb_wrapper\">\nn<\/p>\n<div class=\"vc_empty_space\"><\/div>\n<p>n<\/p>\n<div class=\"wpb_text_column wpb_content_element\">\nn<\/p>\n<div class=\"wpb_wrapper\">\nn<\/p>\n<h4>Nous contacter?<\/h4>\n<p>n<\/p>\n<h5><b><i>TOUR BALEINES SAMANA<\/i><\/b><\/h5>\n<p>n<em><strong>des locaux<\/strong>\u00a0et\u00a0<strong>Nationaux<\/strong>\u00a0Guides touristiques et services aux invit\u00e9s<\/em><br \/>\nn<br \/>\nn<span class=\"text-turquoise\">R\u00e9servations:<\/span>\u00a0Visites et excursions \u00e0 Dom. repr\u00e9sentant<br \/>\nn<br \/>\nn<img decoding=\"async\" class=\"emoji\" draggable=\"false\" src=\"https:\/\/s.w.org\/images\/core\/emoji\/11.2.0\/svg\/1f4de.svg\" alt=\" \" title=\"\">\u00a0T\u00e9l \/ Whatsapp\u00a0\u00a0<a href=\"tel:+1-809-720-6035\">+1-809-720-6035<\/a>.<br \/>\nn<br \/>\nn<img decoding=\"async\" class=\"emoji\" draggable=\"false\" src=\"https:\/\/s.w.org\/images\/core\/emoji\/11.2.0\/svg\/1f4e9.svg\" alt=\" \" title=\"\">\u00a0<a href=\"mailto:info@bookingadventures.com.do\">info@bookingadventures.com.do<\/a><br \/>\nn<br \/>\nn<strong>Nous sommes des visites priv\u00e9es \u00e0 configuration flexible par Whatsapp\u00a0:\u00a0<a href=\"tel:+18097206035\">+18097206035.<\/a><\/strong><br \/>\nn<br \/>\nn<\/div>\n<p>n\n<\/p><\/div>\n<p>n\n<\/p><\/div>\n<p>n\n<\/p><\/div>\n<p>n\n<\/p><\/div>\n<p>n\n<\/p><\/div>\n<p>n<\/p>\n\n\t\t<\/div>\n\t<\/div>\n<\/div><\/div><\/div><\/div><div class=\"vc_row wpb_row vc_row-fluid\" ><div class=\"wpb_column vc_column_container vc_col-sm-12\"><div class=\"vc_column-inner\"><div class=\"wpb_wrapper\"><div class=\"vc_btn3-container vc_btn3-inline\" ><button class=\"vc_general vc_btn3 vc_btn3-size-md vc_btn3-shape-rounded vc_btn3-style-modern vc_btn3-color-green\">RESERVE MAINTENANT<\/button><\/div><\/div><\/div><\/div><\/div>","protected":false},"excerpt":{"rendered":"<p>From the Punta Cana hotels, we&#8217;ll enjoy the beautiful landscapes of the Oriental Mountain Range as we drive north of Punta Cana before arriving in the small fishing village of Miches at the southern shores of Samana Bay. There you will enjoy a quick breakfast prior to boarding the boat to Samana. We&#8217;ll cruise deep into the bay to whale watch. We will first reach Cayo Levantado, also known as Bacardi Island because of its close resemblance to the beaches [&hellip;]<\/p>\n","protected":false},"author":2,"featured_media":0,"parent":0,"menu_order":0,"comment_status":"open","ping_status":"closed","template":"","meta":{"footnotes":""},"class_list":["post-15774","page","type-page","status-publish","hentry"],"_links":{"self":[{"href":"https:\/\/www.boattoursamana.com\/fr\/wp-json\/wp\/v2\/pages\/15774","targetHints":{"allow":["GET"]}}],"collection":[{"href":"https:\/\/www.boattoursamana.com\/fr\/wp-json\/wp\/v2\/pages"}],"about":[{"href":"https:\/\/www.boattoursamana.com\/fr\/wp-json\/wp\/v2\/types\/page"}],"author":[{"embeddable":true,"href":"https:\/\/www.boattoursamana.com\/fr\/wp-json\/wp\/v2\/users\/2"}],"replies":[{"embeddable":true,"href":"https:\/\/www.boattoursamana.com\/fr\/wp-json\/wp\/v2\/comments?post=15774"}],"version-history":[{"count":0,"href":"https:\/\/www.boattoursamana.com\/fr\/wp-json\/wp\/v2\/pages\/15774\/revisions"}],"wp:attachment":[{"href":"https:\/\/www.boattoursamana.com\/fr\/wp-json\/wp\/v2\/media?parent=15774"}],"curies":[{"name":"wp","href":"https:\/\/api.w.org\/{rel}","templated":true}]}}