{"id":15798,"date":"2023-07-15T07:43:59","date_gmt":"2023-07-15T07:43:59","guid":{"rendered":"https:\/\/www.ticketswhales.com\/bahia-de-las-aguilas-beach-day-trip-by-boat-day-pass-pedernales\/"},"modified":"2023-07-15T07:43:59","modified_gmt":"2023-07-15T07:43:59","slug":"bahia-de-las-aguilas-beach-day-trip-by-boat-day-pass-pedernales","status":"publish","type":"page","link":"https:\/\/www.boattoursamana.com\/fr\/bahia-de-las-aguilas-plage-journee-en-bateau-pass-journee-pedernales-2","title":{"rendered":"Bah\u00eda de las Aguilas: excursion d&#039;une journ\u00e9e \u00e0 la plage en bateau - Pass journalier - Pedernales"},"content":{"rendered":"<p><span style=\"vertical-align: inherit;\"><span style=\"vertical-align: inherit;\">Compre un boleto de un d\u00eda a Bah\u00eda las \u00c1guilas desde las \u00e1reas de Pedernales. <\/span><span style=\"vertical-align: inherit;\">Disfruta de un d\u00eda de playa y deja fluir el \u00e1nimo, lejos de las zonas tur\u00edsticas y de todo el estr\u00e9s. <\/span><span style=\"vertical-align: inherit;\">Venir et d\u00e9couvrir le Parque Nacional Jaragua y Bah\u00eda de las \u00c1guilas. <\/span><span style=\"vertical-align: inherit;\">Conduzca por una hermosa carretera con impresionantes vistas del peque\u00f1o puerto y el pueblo pesquero de Cabo Rojo. <\/span><span style=\"vertical-align: inherit;\">\u00c0 Las Cuevas, abordar\u00e1 un bote que lo llevar\u00e1 en un viaje de 15 minutes \u00e0 una de las playas naturales m\u00e1s hermosas del mundo. <\/span><span style=\"vertical-align: inherit;\">Las arenas de la Bah\u00eda de las \u00c1guilas son v\u00edrgenes y la bah\u00eda cubre 8 km. <\/span><span style=\"vertical-align: inherit;\">Experimente un paisaje costero excepcional con aguas cristalinas que brillan en tonos que van del turquesa al azul \u00f3palo que se derrite en el horizonte. <\/span><span style=\"vertical-align: inherit;\">El almuerzo se sirve en la playa, nadar o bucear y explorar este para\u00edso natural virgen.<\/span><\/span><br \/>\nn<br \/>\nn&nbsp;<br \/>\nn<br \/>\nn<strong><span style=\"vertical-align: inherit;\"><span style=\"vertical-align: inherit;\">Seleccione el d\u00eda para este viaje:<\/span><\/span><\/strong><\/p>\n<p>&nbsp;<\/p>\n<div class=\"vc_row wpb_row vc_row-fluid\" ><div class=\"wpb_column vc_column_container vc_col-sm-12\"><div class=\"vc_column-inner\"><div class=\"wpb_wrapper\"><div class=\"mkdf-section-title-holder\" style=\"text-align: left\">\n\t<div class=\"mkdf-st-inner\">\n\t\t\t\t\t<h5 class=\"mkdf-st-subtitle\" >\n\t\t\t\tPass journalier - Plong\u00e9e en apn\u00e9e et d\u00e9jeuner\t\t\t<\/h5>\n\t\t\t\t\t\t\t<h3 class=\"mkdf-st-title\" >\n\t\t\t\tBah\u00eda de las Aguilas : excursion d&#039;une journ\u00e9e \u00e0 la plage en bateau\t\t\t<\/h3>\n\t\t\t\t\t<\/div>\n<\/div><\/div><\/div><\/div><\/div><div class=\"vc_row wpb_row vc_row-fluid\" ><div class=\"wpb_column vc_column_container vc_col-sm-12\"><div class=\"vc_column-inner\"><div class=\"wpb_wrapper\">\n\t<div class=\"wpb_text_column wpb_content_element\" >\n\t\t<div class=\"wpb_wrapper\">\n\t\t\t<p>\nn<\/p>\n<h4><b><i>Aper\u00e7u<\/i><\/b><\/h4>\n<p>nProfitez d'une journ\u00e9e \u00e0 la plage et laissez votre esprit s'exprimer, loin des zones touristiques et du stress. Venez d\u00e9couvrir le parc national de Jaragua et la Bahia de las \u00c1guilas. Empruntez une belle route qui offre une vue imprenable sur le petit port et le village de p\u00eacheurs de Cabo Rojo. \u00c0 Las Cuevas, vous montez \u00e0 bord d'un bateau qui vous emm\u00e8ne en 15 minutes sur l'une des plus belles plages naturelles du monde. Le sable de la Bah\u00eda de las Aguilas est immacul\u00e9 et la baie s'\u00e9tend sur 8 km. Vous d\u00e9couvrirez un paysage c\u00f4tier exceptionnel, avec une eau cristalline qui brille dans des tons allant du turquoise au bleu opale et qui se fond dans l'horizon. Le d\u00e9jeuner est servi sur la plage. Nagez ou faites de la plong\u00e9e avec masque et tuba et explorez ce paradis naturel intact.<br \/>\nn<br \/>\nn&nbsp;<br \/>\nn<\/p>\n<ul>\nn \t<\/p>\n<li>Guide local avec exp\u00e9rience en s\u00e9curit\u00e9 dans la r\u00e9gion.<\/li>\n<p>n \t<\/p>\n<li>Transport priv\u00e9<\/li>\n<p>n \t<\/p>\n<li>Frais inclus<\/li>\n<p>n \t<\/p>\n<li>D\u00e9jeuner<\/li>\n<p>n \t<\/p>\n<li>Guide touristique local en espagnol, anglais ou fran\u00e7ais.<\/li>\n<p>n \t<\/p>\n<li>Randonn\u00e9e<\/li>\n<p>n \t<\/p>\n<li>Plong\u00e9e en apn\u00e9e<\/li>\n<p>n<\/ul>\n<p>n<\/p>\n<h4><b>Inclusions et exclusions<\/b><\/h4>\n<p>n&nbsp;<br \/>\nn<br \/>\nn<b>Inclusions<\/b><br \/>\nn<\/p>\n<ol>\nn \t<\/p>\n<li>Guide local avec exp\u00e9rience en mati\u00e8re de s\u00e9curit\u00e9 dans la r\u00e9gion.<\/li>\n<p>n \t<\/p>\n<li>Transport priv\u00e9 pour petits groupes<\/li>\n<p>n \t<\/p>\n<li>Toutes les taxes, frais et frais de traitement<\/li>\n<p>n \t<\/p>\n<li>Taxes locales<\/li>\n<p>n \t<\/p>\n<li>D\u00e9jeuner<\/li>\n<p>n \t<\/p>\n<li>Randonn\u00e9e<\/li>\n<p>n \t<\/p>\n<li>Piscines Naturelles<\/li>\n<p>n \t<\/p>\n<li>Plong\u00e9e en apn\u00e9e<\/li>\n<p>n \t<\/p>\n<li>L&#039;ensemble des Activit\u00e9s<\/li>\n<p>n<\/ol>\n<p>n<b>Exclusions<\/b><br \/>\nn<\/p>\n<ol>\nn \t<\/p>\n<li>Pourboires<\/li>\n<p>n \t<\/p>\n<li>Toutes les boissons<\/li>\n<p>n<\/ol>\n<p>n<\/p>\n<h4><em><strong>D\u00e9part &amp; Retour<\/strong><\/em><\/h4>\n<p>Le voyageur obtiendra un point de rencontre apr\u00e8s le processus de r\u00e9servation. Les circuits commencent et se terminent \u00e0 votre point de rencontre.<br \/>\nn<\/p>\n<h2 class=\"styles__heading___mD4_3\" data-radium=\"true\">Bah\u00eda de las Aguilas : excursion d&#039;une journ\u00e9e \u00e0 la plage en bateau - Pass journalier - Plong\u00e9e en apn\u00e9e et d\u00e9jeuner<\/h2>\n<p>n<\/p>\n<h4><em>\u00c0 quoi s&#039;attendre?<\/em><\/h4>\n<p>nPlaya de las Aguilas a \u00e9t\u00e9 nomm\u00e9e d'apr\u00e8s l'aigle indig\u00e8ne. L'excursion se fait en transport priv\u00e9 depuis la Bahia de las Aguilas et vous permet de d\u00e9couvrir les merveilles naturelles de cette plage aphrodisiaque d'une mani\u00e8re tr\u00e8s diff\u00e9rente et durable. Passez la journ\u00e9e \u00e0 visiter la nature dans le sud du pays o\u00f9 vous apprendrez \u00e0 conna\u00eetre la Bahia de las Aguila, l'une des plus belles plages de la R\u00e9publique dominicaine, o\u00f9 nous arriverons en hors-bord \u00e0 cette plage paradisiaque, une zone enti\u00e8rement prot\u00e9g\u00e9e par la loi environnementale. Passez un moment de d\u00e9tente \u00e0 la Bahia de las Aguilas, une r\u00e9serve naturelle et un parc national inhabit\u00e9s, et profitez d'un d\u00e9jeuner de type barbecue dans les grottes.<br \/>\nn<br \/>\nnLa mer calme et le vent l\u00e9ger vous \u00e9viteront de trop souffrir du soleil et de la chaleur. Devenez explorateur d'un jour et d\u00e9couvrez un paradis \u00e9cologique, naturel et totalement pr\u00e9serv\u00e9. Vous pourrez observer plus de 130 esp\u00e8ces d'oiseaux, dont 76 vivent en permanence dans la baie, 10 sont end\u00e9miques et 47 sont migrateurs.<br \/>\nn<br \/>\nn08.30 - D\u00e9part du point de rencontre<br \/>\nn08.45 - D\u00e9part en bateau du village de La Cueva vers la Bahia de las Aguilas<br \/>\nn12.30 - D\u00e9jeuner typique sur la plage<br \/>\nn03.00 - Retour \u00e0 La Cueva<br \/>\nn05.30 - Arriv\u00e9e au point de rencontre<br \/>\nn<\/p>\n<h4><em><strong>Que devez-vous apporter?<\/strong><\/em><\/h4>\n<p>n<\/p>\n<ul>\nn \t<\/p>\n<li>Appareil photo<\/li>\n<p>n \t<\/p>\n<li>Bourgeons r\u00e9pulsifs<\/li>\n<p>n \t<\/p>\n<li>Cr\u00eame solaire<\/li>\n<p>n \t<\/p>\n<li>L&#039;eau<\/li>\n<p>n \t<\/p>\n<li>Chapeau<\/li>\n<p>n \t<\/p>\n<li>Pantalon confortable<\/li>\n<p>n \t<\/p>\n<li>Chaussures de randonn\u00e9e pour la for\u00eat<\/li>\n<p>n \t<\/p>\n<li>Sandales aux zones de printemps.<\/li>\n<p>n \t<\/p>\n<li>Maillot de bain<\/li>\n<p>n<\/ul>\n<p>n&nbsp;<br \/>\nn<\/p>\n<h4><b><i>Prise en charge \u00e0 l&#039;h\u00f4tel<\/i><\/b><\/h4>\n<p>La prise en charge \u00e0 l'h\u00f4tel est propos\u00e9e pour ce circuit avec un co\u00fbt suppl\u00e9mentaire.<br \/>\nn<br \/>\nn<b>Note:<\/b> Si vous r\u00e9servez dans les 24 heures suivant l&#039;heure de d\u00e9part de la visite\/excursion, nous pouvons organiser la prise en charge \u00e0 l&#039;h\u00f4tel. Nous venons de ramasser dans la r\u00e9gion de Pedernales. Une fois votre achat termin\u00e9, nous vous enverrons les coordonn\u00e9es compl\u00e8tes (num\u00e9ro de t\u00e9l\u00e9phone, adresse e-mail, etc.) de notre guide local pour organiser la prise en charge.<br \/>\nn<\/p>\n<h4><b><i>Confirmation d&#039;informations suppl\u00e9mentaires<\/i><\/b><\/h4>\n<p>n<\/p>\n<ol>\nn \t<\/p>\n<li>Les billets sont le re\u00e7u apr\u00e8s avoir pay\u00e9 pour ce tour. Vous pouvez afficher le paiement sur votre t\u00e9l\u00e9phone.<\/li>\n<p>n \t<\/p>\n<li>Le point de rencontre sera re\u00e7u apr\u00e8s le processus de r\u00e9servation.<\/li>\n<p>n \t<\/p>\n<li>Les enfants doivent \u00eatre accompagn\u00e9s par un adulte.<\/li>\n<p>n \t<\/p>\n<li>Non accessible aux fauteuils roulants<\/li>\n<p>n \t<\/p>\n<li>Les b\u00e9b\u00e9s doivent s&#039;asseoir sur les genoux<\/li>\n<p>n \t<\/p>\n<li>Non recommand\u00e9 pour les voyageurs ayant des probl\u00e8mes de dos<\/li>\n<p>n \t<\/p>\n<li>D\u00e9conseill\u00e9 aux voyageuses enceintes<\/li>\n<p>n \t<\/p>\n<li>Pas de probl\u00e8mes cardiaques ou d&#039;autres conditions m\u00e9dicales graves<\/li>\n<p>n \t<\/p>\n<li>La plupart des voyageurs peuvent participer<\/li>\n<p>n<\/ol>\n<p>n<\/p>\n<h4><b><i>Politique d&#039;annulation<\/i><\/b><\/h4>\n<p>nPour un remboursement complet, veuillez lire nos politiques d'annulation.\u00a0<a href=\"https:\/\/www.boattoursamana.com\/fr\/reservation-en-ligne\/\" target=\"_blank\" rel=\"noopener\" data-saferedirecturl=\"https:\/\/www.google.com\/url?q=https:\/\/www.boattoursamana.com\/online-booking\/&amp;source=gmail&amp;ust=1672449202351000&amp;usg=AOvVaw1yAeVAPktmaVCqDujgUn90\">Cliquez ici<\/a>. Les fonds seront perdus si la r\u00e9servation est annul\u00e9e le jour m\u00eame du voyage.<\/p>\n\n\t\t<\/div>\n\t<\/div>\n<\/div><\/div><\/div><\/div>","protected":false},"excerpt":{"rendered":"<p>Compre un boleto de un d\u00eda a Bah\u00eda las \u00c1guilas desde las \u00e1reas de Pedernales. Disfruta de un d\u00eda de playa y deja fluir el \u00e1nimo, lejos de las zonas tur\u00edsticas y de todo el estr\u00e9s. Ven y descubre el Parque Nacional Jaragua y Bah\u00eda de las \u00c1guilas. Conduzca por una hermosa carretera con impresionantes vistas del peque\u00f1o puerto y el pueblo pesquero de Cabo Rojo. En Las Cuevas, abordar\u00e1 un bote que lo llevar\u00e1 en un viaje de 15 [&hellip;]<\/p>\n","protected":false},"author":2,"featured_media":0,"parent":0,"menu_order":0,"comment_status":"open","ping_status":"closed","template":"","meta":{"footnotes":""},"class_list":["post-15798","page","type-page","status-publish","hentry"],"_links":{"self":[{"href":"https:\/\/www.boattoursamana.com\/fr\/wp-json\/wp\/v2\/pages\/15798","targetHints":{"allow":["GET"]}}],"collection":[{"href":"https:\/\/www.boattoursamana.com\/fr\/wp-json\/wp\/v2\/pages"}],"about":[{"href":"https:\/\/www.boattoursamana.com\/fr\/wp-json\/wp\/v2\/types\/page"}],"author":[{"embeddable":true,"href":"https:\/\/www.boattoursamana.com\/fr\/wp-json\/wp\/v2\/users\/2"}],"replies":[{"embeddable":true,"href":"https:\/\/www.boattoursamana.com\/fr\/wp-json\/wp\/v2\/comments?post=15798"}],"version-history":[{"count":0,"href":"https:\/\/www.boattoursamana.com\/fr\/wp-json\/wp\/v2\/pages\/15798\/revisions"}],"wp:attachment":[{"href":"https:\/\/www.boattoursamana.com\/fr\/wp-json\/wp\/v2\/media?parent=15798"}],"curies":[{"name":"wp","href":"https:\/\/api.w.org\/{rel}","templated":true}]}}