{"id":15802,"date":"2023-07-15T07:43:59","date_gmt":"2023-07-15T07:43:59","guid":{"rendered":"https:\/\/www.ticketswhales.com\/excursion-whale-watching-samana-bay-cano-hondo-los-haitises-from-samana-port\/"},"modified":"2023-07-15T07:43:59","modified_gmt":"2023-07-15T07:43:59","slug":"excursion-whale-watching-samana-bay-cano-hondo-los-haitises-from-samana-port","status":"publish","type":"page","link":"https:\/\/www.boattoursamana.com\/fr\/excursion-observation-des-baleines-baie-de-samana-cano-hondo-los-haitises-depuis-le-port-de-samana-2","title":{"rendered":"Excursion Observation des baleines Baie de Saman\u00e1 + Ca\u00f1o Hondo + Los Haitises depuis le port de Saman\u00e1"},"content":{"rendered":"<p><span style=\"vertical-align: inherit;\"><span style=\"vertical-align: inherit;\">Esta es une excursion priv\u00e9e \u00e0 l&#039;observatoire d&#039;avistamiento de ballenas despu\u00e9s del almuerzo en el albergue ecol\u00f3gico Ca\u00f1o Hondo y el Parque Nacional Los Haitises. <\/span><span style=\"vertical-align: inherit;\">Nadie m\u00e1s ofrece esta incre\u00edble experiencia en un viaje de un solo d\u00eda con gu\u00edas profesionales ecologistas en el avistamiento de ballenas. <\/span><span style=\"vertical-align: inherit;\">Si desea ponerse en contacto con nosotros para recibir asesoramiento, env\u00ede un correo electr\u00f3nico, Whatsapp o Llamadas disponibles. <\/span><span style=\"vertical-align: inherit;\">Por favor r\u00e9server sus boletos con tiempo.<\/span><\/span><br \/>\nn<br \/>\nn&nbsp;<br \/>\nn<br \/>\nn<em><strong><span style=\"vertical-align: inherit;\"><span style=\"vertical-align: inherit;\">Seleccione la fecha de l&#039;excursion:<\/span><\/span><\/strong><\/em><\/p>\n<p>&nbsp;<\/p>\n<div class=\"vc_row wpb_row vc_row-fluid\" ><\/div><div class=\"wpb_column vc_column_container vc_col-sm-12\"><div class=\"vc_column-inner\"><div class=\"wpb_wrapper\"><\/div><\/div><\/div><div class=\"mkdf-section-title-holder\" style=\"text-align: left\">\n\t<div class=\"mkdf-st-inner\">\n\t\t\t\t\t<h5 class=\"mkdf-st-subtitle\" >\n\t\t\t\tVisites &amp; Excursions\t\t\t<\/h5>\n\t\t\t\t\t\t\t<h3 class=\"mkdf-st-title\" >\n\t\t\t\tExcursion Whale Watching Baie de Samana + Cano Hondo + Los Haitises depuis le port de Samana\t\t\t<\/h3>\n\t\t\t\t\t<\/div>\n<\/div>\n\t<div class=\"wpb_text_column wpb_content_element\" >\n\t\t<div class=\"wpb_wrapper\">\n\t\t\t<p>\nn<\/p>\n<div class=\"vc_row wpb_row vc_row-fluid\">\nn<\/p>\n<div class=\"wpb_column vc_column_container vc_col-sm-12\">\nn<\/p>\n<div class=\"vc_column-inner\">\nn<\/p>\n<div class=\"wpb_wrapper\">\nn<\/p>\n<div class=\"wpb_text_column wpb_content_element\">\nn<\/p>\n<div class=\"wpb_wrapper\">\nn<\/p>\n<h3><\/h3>\n<p>nL&#039;observation des baleines \u00e0 Saman\u00e1 commence au port de Saman\u00e1. Apr\u00e8s l&#039;observation des baleines, nous traverserons la baie pour visiter les piscines naturelles de Ca\u00f1o Hondo, ainsi que le d\u00e9jeuner et le voyage complet dans le parc national Los Haitises.<br \/>\nn<br \/>\nnCe voyage commencera \u00e0 9h00 et se terminera \u00e0 17h00. Rendez-vous avant dans notre bureau. Apr\u00e8s avoir abandonn\u00e9 notre bateau priv\u00e9 pour visiter les baleines dans leur propre habitat. De 9h00 \u00e0 11h00, observatoire des baleines et apr\u00e8s ce voyage d&#039;observation des baleines, nous visiterons Ca\u00f1o Hondo pour le d\u00e9jeuner, nagerons dans des piscines naturelles et terminerons par un voyage complet au parc national Los Haitises. Cette excursion se terminera au m\u00eame port d&#039;o\u00f9 d\u00e9butera \u00e0 17h00.<br \/>\nn<br \/>\nn<strong>Remarque\u00a0: Il s&#039;agit d&#039;une excursion priv\u00e9e.\u00a0<\/strong><br \/>\nn<\/p>\n<ul>\nn \t<\/p>\n<li>Voyage d&#039;observation des baleines<\/li>\n<p>n \t<\/p>\n<li>Visite du parc national Los Haities<\/li>\n<p>n \t<\/p>\n<li>Ca\u00f1o Hondo, d\u00e9jeuner et piscines<\/li>\n<p>n \t<\/p>\n<li>Frais d&#039;entr\u00e9e \u00e0 l&#039;Observatoire<\/li>\n<p>n \t<\/p>\n<li>Transfert en bateau<\/li>\n<p>n \t<\/p>\n<li>Le capitaine assure l&#039;instruction et la supervision<\/li>\n<p>n \t<\/p>\n<li>Guide touristique<\/li>\n<p>n<\/ul>\n<p>n&nbsp;<br \/>\nn<\/p>\n<h4><b>Inclusions et exclusions<\/b><\/h4>\n<p>n&nbsp;<br \/>\nn<br \/>\nn<b>Inclusions<\/b><br \/>\nn<\/p>\n<ol>\nn \t<\/p>\n<li>D\u00e9jeuner buffet au Ca\u00f1o Hondo<\/li>\n<p>n \t<\/p>\n<li>Piscines Naturelles<\/li>\n<p>n \t<\/p>\n<li>Observation des baleines dans la baie de Saman\u00e1<\/li>\n<p>n \t<\/p>\n<li>Parc national Los Haitises, grottes, mangroves et baie de San Lorenzo<\/li>\n<p>n \t<\/p>\n<li>Guide touristique<\/li>\n<p>n \t<\/p>\n<li>Excursion en catamaran ou en bateau<\/li>\n<p>n \t<\/p>\n<li>Toutes les taxes, frais et frais de traitement<\/li>\n<p>n \t<\/p>\n<li>Taxes locales<\/li>\n<p>n \t<\/p>\n<li>Breuvages<\/li>\n<p>n<\/ol>\n<p>n<b>Exclusions<\/b><br \/>\nn<\/p>\n<ol>\nn \t<\/p>\n<li>Pourboires<\/li>\n<p>n \t<\/p>\n<li>Voiture de transfert<\/li>\n<p>n \t<\/p>\n<li>Boissons alcoolis\u00e9es<\/li>\n<p>n<\/ol>\n<p>n&nbsp;<br \/>\nn<\/p>\n<h4><em><strong>D\u00e9part &amp; Retour<\/strong><\/em><\/h4>\n<p>nLe voyageur obtiendra un point de rendez-vous apr\u00e8s le processus de r\u00e9servation. Les visites commencent et se terminent dans nos points de rendez-vous.<br \/>\nn<br \/>\nn&nbsp;<br \/>\nn<\/p>\n<h4><b><i>\u00c0 quoi s&#039;attendre?<\/i><\/b><\/h4>\n<p>n&nbsp;<br \/>\nn<br \/>\nn<em><strong>Obtenez vos billets<\/strong><\/em> pour une journ\u00e9e d&#039;observation des baleines dans la baie de Samana, un merveilleux d\u00e9jeuner et une plage et une visite du parc national Los Haitises.<br \/>\nn<br \/>\nnLe Daypass pour l&#039;observation des baleines, organis\u00e9 par \u00ab Booking Adventures \u00bb, d\u00e9marre au point de rendez-vous fix\u00e9 avec le Guide Touristique. D\u00e9jeuner \u00e0 la plage et vous pouvez rester aussi longtemps que vous le souhaitez pour nager. Si vous \u00eates v\u00e9g\u00e9talien, nous pouvons \u00e9galement vous pr\u00e9parer de la nourriture.<br \/>\nn<br \/>\nn<strong>Calendrier:<\/strong><br \/>\nn<br \/>\nn8h45 \u2013 17h00<br \/>\nn<br \/>\nn&nbsp;<br \/>\nn<\/p>\n<h4><em><strong>Que devez-vous apporter?<\/strong><\/em><\/h4>\n<p>n<\/p>\n<ul>\nn \t<\/p>\n<li>Appareil photo<\/li>\n<p>n \t<\/p>\n<li>Bourgeons r\u00e9pulsifs<\/li>\n<p>n \t<\/p>\n<li>cr\u00eame solaire<\/li>\n<p>n \t<\/p>\n<li>Chapeau<\/li>\n<p>n \t<\/p>\n<li>Pantalon confortable<\/li>\n<p>n \t<\/p>\n<li>Sandales \u00e0 la plage<\/li>\n<p>n \t<\/p>\n<li>Maillot de bain<\/li>\n<p>n \t<\/p>\n<li>De l&#039;argent pour des souvenirs<\/li>\n<p>n<\/ul>\n<p>n&nbsp;<br \/>\nn<\/p>\n<h4><b><i>Prise en charge \u00e0 l&#039;h\u00f4tel<\/i><\/b><\/h4>\n<p>nLa prise en charge \u00e0 l&#039;h\u00f4tel n&#039;est pas propos\u00e9e pour cette visite.<br \/>\nn<br \/>\nn&nbsp;<br \/>\nn<br \/>\nn<b>Note:<\/b>\u00a0si vous r\u00e9servez dans les 24 heures suivant l&#039;heure de d\u00e9part de la visite \/ excursion, nous pouvons organiser la prise en charge \u00e0 l&#039;h\u00f4tel moyennant des frais suppl\u00e9mentaires. Une fois votre achat termin\u00e9, nous vous enverrons les coordonn\u00e9es compl\u00e8tes (num\u00e9ro de t\u00e9l\u00e9phone, adresse e-mail, etc.) de notre guide local pour organiser la prise en charge.<br \/>\nn<\/p>\n<h4><b><i>Confirmation d&#039;informations suppl\u00e9mentaires<\/i><\/b><\/h4>\n<p>n<\/p>\n<ol>\nn \t<\/p>\n<li>Les billets sont le re\u00e7u apr\u00e8s avoir pay\u00e9 ce tour. Vous pouvez afficher le paiement sur votre t\u00e9l\u00e9phone.<\/li>\n<p>n \t<\/p>\n<li>Le point de rencontre sera re\u00e7u apr\u00e8s le processus de r\u00e9servation.<\/li>\n<p>n \t<\/p>\n<li>Les enfants doivent \u00eatre accompagn\u00e9s par un adulte.<\/li>\n<p>n \t<\/p>\n<li>Accessible aux fauteuils roulants<\/li>\n<p>n \t<\/p>\n<li>Les b\u00e9b\u00e9s doivent s&#039;asseoir sur les genoux<\/li>\n<p>n \t<\/p>\n<li>La plupart des voyageurs peuvent participer<\/li>\n<p>n<\/ol>\n<p>n<\/p>\n<h4><b><i>Politique d&#039;annulation<\/i><\/b><\/h4>\n<p>nPour un remboursement complet, veuillez lire nos politiques d'annulation.\u00a0<a href=\"https:\/\/www.boattoursamana.com\/fr\/reservation-en-ligne\/\" target=\"_blank\" rel=\"noopener\" data-saferedirecturl=\"https:\/\/www.google.com\/url?q=https:\/\/www.boattoursamana.com\/online-booking\/&amp;source=gmail&amp;ust=1672449202351000&amp;usg=AOvVaw1yAeVAPktmaVCqDujgUn90\">Cliquez ici<\/a>. Les fonds seront perdus si la r\u00e9servation est annul\u00e9e le jour m\u00eame du voyage.<br \/>\nn<br \/>\nn<\/div>\n<p>n\n<\/p><\/div>\n<p>n\n<\/p><\/div>\n<p>n\n<\/p><\/div>\n<p>n\n<\/p><\/div>\n<p>n\n<\/p><\/div>\n<p>n<\/p>\n<div class=\"vc_row wpb_row vc_row-fluid\">\nn<\/p>\n<div class=\"wpb_column vc_column_container vc_col-sm-12\">\nn<\/p>\n<div class=\"vc_column-inner\">\nn<\/p>\n<div class=\"wpb_wrapper\">\nn<\/p>\n<div class=\"wpb_text_column wpb_content_element\">\nn<\/p>\n<div class=\"wpb_wrapper\">\nn<\/p>\n<h4>Nous contacter?<\/h4>\n<p>n<\/p>\n<h5><b><i>TOUR BALEINES SAMANA<\/i><\/b><\/h5>\n<p>n<em><strong>des locaux<\/strong>\u00a0et\u00a0<strong>Nationaux<\/strong>\u00a0Guides touristiques et services aux invit\u00e9s<\/em><br \/>\nn<br \/>\nn<span class=\"text-turquoise\">R\u00e9servations:<\/span>\u00a0Visites et excursions \u00e0 Dom. repr\u00e9sentant<br \/>\nn<br \/>\nn<img decoding=\"async\" class=\"emoji\" draggable=\"false\" src=\"https:\/\/s.w.org\/images\/core\/emoji\/11.2.0\/svg\/1f4de.svg\" alt=\" \" title=\"\">\u00a0T\u00e9l \/ Whatsapp\u00a0\u00a0<a href=\"tel:+1-809-720-6035\">+1-809-720-6035<\/a>.<br \/>\nn<br \/>\nn<img decoding=\"async\" class=\"emoji\" draggable=\"false\" src=\"https:\/\/s.w.org\/images\/core\/emoji\/11.2.0\/svg\/1f4e9.svg\" alt=\" \" title=\"\">\u00a0<a href=\"mailto:info@bookingadventures.com.do\">info@bookingadventures.com.do<\/a><br \/>\nn<br \/>\nn<strong>Nous sommes des visites priv\u00e9es \u00e0 configuration flexible par Whatsapp\u00a0:\u00a0<a href=\"tel:+18097206035\">+18097206035.<\/a><\/strong><br \/>\nn<br \/>\nn<\/div>\n<p>n\n<\/p><\/div>\n<p>n\n<\/p><\/div>\n<p>n\n<\/p><\/div>\n<p>n\n<\/p><\/div>\n<p>n\n<\/p><\/div>\n<p>n<\/p>\n\n\t\t<\/div>\n\t<\/div>\n<div class=\"mkdf-section-title-holder\" style=\"text-align: left\">\n\t<div class=\"mkdf-st-inner\">\n\t\t\t\t\t<h5 class=\"mkdf-st-subtitle\" >\n\t\t\t\tVisites et excursions priv\u00e9es\t\t\t<\/h5>\n\t\t\t\t\t\t\t<h3 class=\"mkdf-st-title\" >\n\t\t\t\tExcursion priv\u00e9e Observation des baleines Baie de Samana + Cano Hondo + Los Haitises depuis le port de Samana\t\t\t<\/h3>\n\t\t\t\t\t<\/div>\n<\/div>\n\t<div class=\"wpb_text_column wpb_content_element\" >\n\t\t<div class=\"wpb_wrapper\">\n\t\t\t<p>\nn<br \/>\nJe suis un bloc de texte. Cliquez sur le bouton d'\u00e9dition pour modifier ce texte. Lorem ipsum dolor sit amet, consectetur adipiscing elit. Ut elit tellus, luctus nec ullamcorper mattis, pulvinar dapibus leo.<br \/>\nn<br \/>\nn<\/p>\n\n\t\t<\/div>\n\t<\/div>","protected":false},"excerpt":{"rendered":"<p>Esta es una excursi\u00f3n privada al observatorio de avistamiento de ballenas despu\u00e9s del almuerzo en el albergue ecol\u00f3gico Ca\u00f1o Hondo y el Parque Nacional Los Haitises. Nadie m\u00e1s ofrece esta incre\u00edble experiencia en un viaje de un solo d\u00eda con gu\u00edas profesionales ecologistas en el avistamiento de ballenas. Si desea ponerse en contacto con nosotros para recibir asesoramiento, env\u00ede un correo electr\u00f3nico, Whatsapp o Llamadas disponibles. Por favor reserve sus boletos con tiempo. n n&nbsp; n nSeleccione la fecha de [&hellip;]<\/p>\n","protected":false},"author":2,"featured_media":0,"parent":0,"menu_order":0,"comment_status":"open","ping_status":"closed","template":"","meta":{"footnotes":""},"class_list":["post-15802","page","type-page","status-publish","hentry"],"_links":{"self":[{"href":"https:\/\/www.boattoursamana.com\/fr\/wp-json\/wp\/v2\/pages\/15802","targetHints":{"allow":["GET"]}}],"collection":[{"href":"https:\/\/www.boattoursamana.com\/fr\/wp-json\/wp\/v2\/pages"}],"about":[{"href":"https:\/\/www.boattoursamana.com\/fr\/wp-json\/wp\/v2\/types\/page"}],"author":[{"embeddable":true,"href":"https:\/\/www.boattoursamana.com\/fr\/wp-json\/wp\/v2\/users\/2"}],"replies":[{"embeddable":true,"href":"https:\/\/www.boattoursamana.com\/fr\/wp-json\/wp\/v2\/comments?post=15802"}],"version-history":[{"count":0,"href":"https:\/\/www.boattoursamana.com\/fr\/wp-json\/wp\/v2\/pages\/15802\/revisions"}],"wp:attachment":[{"href":"https:\/\/www.boattoursamana.com\/fr\/wp-json\/wp\/v2\/media?parent=15802"}],"curies":[{"name":"wp","href":"https:\/\/api.w.org\/{rel}","templated":true}]}}