{"id":15804,"date":"2023-07-15T07:43:59","date_gmt":"2023-07-15T07:43:59","guid":{"rendered":"https:\/\/www.ticketswhales.com\/tainos-canoe-los-haitises\/"},"modified":"2023-07-15T07:43:59","modified_gmt":"2023-07-15T07:43:59","slug":"tainos-canoe-los-haitises","status":"publish","type":"page","link":"https:\/\/www.boattoursamana.com\/fr\/tainos-canoe-los-haitises","title":{"rendered":"Taino&#039;s Canoe Los Haitises"},"content":{"rendered":"<p><span style=\"font-weight: 400;\">Dans cette activit\u00e9, vous partirez dans les cano\u00ebs fabriqu\u00e9s \u00e0 la main, tout comme le faisaient les Ta\u00ednos. Vous entendrez de nombreux sons qui ont marqu\u00e9 leur lien avec la nature\u00a0: l&#039;appel des grues, le plongeon des crabes dans l&#039;eau et le doux clapotis des vagues contre les formations rocheuses naturelles. Les arches des racines de la mangrove vous rappelleront les cath\u00e9drales, et en effet, les Ta\u00ednos (bien qu&#039;ils n&#039;aient pas d&#039;\u00e9glises) \u00e9taient profond\u00e9ment spirituels. Une fois que vous serez parti avec notre guide, vous appr\u00e9cierez la riche vari\u00e9t\u00e9 d&#039;oiseaux, de reptiles et de poissons des mangroves. \u00c9bloui par le scintillement des vagues qui clignotent dans la lumi\u00e8re du matin, les montagnes de Saman\u00e1 au loin et le vert \u00e9meraude des palmiers qui se balancent.\u00a0 <\/span><br \/>\nn<br \/>\nn&nbsp;<br \/>\nn<br \/>\nn<strong>Veuillez s\u00e9lectionner la date du Tour\u00a0:<\/strong><\/p>\n<p>&nbsp;<\/p>\n<div class=\"vc_row wpb_row vc_row-fluid\" ><div class=\"wpb_column vc_column_container vc_col-sm-12\"><div class=\"vc_column-inner\"><div class=\"wpb_wrapper\"><div class=\"vc_empty_space\"   style=\"height: 32px\"><span class=\"vc_empty_space_inner\"><\/span><\/div><\/div><\/div><\/div><\/div><div class=\"vc_row wpb_row vc_row-fluid\" ><div class=\"wpb_column vc_column_container vc_col-sm-12\"><div class=\"vc_column-inner\"><div class=\"wpb_wrapper\"><div class=\"mkdf-section-title-holder\" style=\"text-align: left\">\n\t<div class=\"mkdf-st-inner\">\n\t\t\t\t\t<h5 class=\"mkdf-st-subtitle\" >\n\t\t\t\tCano\u00ebs Aventure\t\t\t<\/h5>\n\t\t\t\t\t\t\t<h3 class=\"mkdf-st-title\" >\n\t\t\t\tCano\u00eb de Taino dans le parc national Los Haitises\t\t\t<\/h3>\n\t\t\t\t\t<\/div>\n<\/div><\/div><\/div><\/div><\/div><div class=\"vc_row wpb_row vc_row-fluid\" ><div class=\"wpb_column vc_column_container vc_col-sm-12\"><div class=\"vc_column-inner\"><div class=\"wpb_wrapper\"><div class=\"vc_empty_space\"   style=\"height: 32px\"><span class=\"vc_empty_space_inner\"><\/span><\/div><\/div><\/div><\/div><\/div><div class=\"vc_row wpb_row vc_row-fluid\" ><div class=\"wpb_column vc_column_container vc_col-sm-12\"><div class=\"vc_column-inner\"><div class=\"wpb_wrapper\">\n\t<div class=\"wpb_text_column wpb_content_element\" >\n\t\t<div class=\"wpb_wrapper\">\n\t\t\t<p>\nn<\/p>\n<h4><b><i>Aper\u00e7u <\/i><\/b><\/h4>\n<p>n<span style=\"font-weight: 400;\">Curieux de conna\u00eetre la vie quotidienne des Ta\u00ednos ? Avec l&#039;activit\u00e9 Taino Adventure, vous serez transport\u00e9 dans le temps pour d\u00e9couvrir le monde des peuples autochtones de la R\u00e9publique dominicaine.\u00a0<\/span><br \/>\nn<br \/>\nn<span style=\"font-weight: 400;\">Le cano\u00eb \u00e9tait sans doute la partie la plus importante de la vie des Ta\u00ednos. Avec lui, ils p\u00eachaient, voyageaient vers des \u00eeles plus petites, communiquaient avec d&#039;autres tribus et rendaient visite \u00e0 des chamans pour des rituels, des gu\u00e9risons et des proph\u00e9ties. Chez Booking Adventures, nous voulons vous immerger dans le monde des Ta\u00ednos.\u00a0 <\/span><br \/>\nn<br \/>\nn&nbsp;<br \/>\nn<\/p>\n<h4><b>Inclusions et exclusions<\/b><\/h4>\n<p>n<b>Inclusions<\/b><br \/>\nn<\/p>\n<ol>\nn \t<\/p>\n<li style=\"font-weight: 400;\">Balade en cano\u00ebs<\/li>\n<p>n \t<\/p>\n<li>T-shirt gratuit avec le pictogramme de Taino<\/li>\n<p>n \t<\/p>\n<li>Go\u00fbt pain Casabe<\/li>\n<p>n \t<\/p>\n<li>Visites des grottes<\/li>\n<p>n \t<\/p>\n<li style=\"font-weight: 400;\"><span style=\"font-weight: 400;\">Toutes les taxes, frais et frais de traitement<\/span><\/li>\n<p>n \t<\/p>\n<li style=\"font-weight: 400;\"><span style=\"font-weight: 400;\">Taxes locales<\/span><\/li>\n<p>n \t<\/p>\n<li style=\"font-weight: 400;\"><span style=\"font-weight: 400;\">Guide local<\/span><\/li>\n<p>n<\/ol>\n<p>n<b> Exclusions<\/b><br \/>\nn<\/p>\n<ol>\nn \t<\/p>\n<li style=\"font-weight: 400;\"><span style=\"font-weight: 400;\">Pourboires<\/span><\/li>\n<p>n \t<\/p>\n<li style=\"font-weight: 400;\"><span style=\"font-weight: 400;\">Transfert<\/span><\/li>\n<p>n \t<\/p>\n<li>Le d\u00e9jeuner n&#039;est pas inclus<\/li>\n<p>n \t<\/p>\n<li style=\"font-weight: 400;\"><span style=\"font-weight: 400;\">Boissons alcoolis\u00e9es<\/span><\/li>\n<p>n<\/ol>\n<p>n&nbsp;<br \/>\nn<\/p>\n<h4><em><strong>D\u00e9part &amp; Retour<\/strong><\/em><\/h4>\n<p>n<span style=\"font-weight: 400;\">Le voyageur obtiendra un point de rendez-vous apr\u00e8s le processus de r\u00e9servation. Les visites commencent et se terminent \u00e0 nos points de rendez-vous.<\/span><br \/>\nn<\/p>\n<h4><b><i>\u00c0 quoi s&#039;attendre?<\/i><\/b><\/h4>\n<p>n<span style=\"font-weight: 400;\">Dans cette activit\u00e9, vous partirez dans les cano\u00ebs fabriqu\u00e9s \u00e0 la main, tout comme le faisaient les Ta\u00ednos. Vous entendrez de nombreux sons qui ont marqu\u00e9 leur lien avec la nature\u00a0: l&#039;appel des grues, le plongeon des crabes dans l&#039;eau et le doux clapotis des vagues contre les formations rocheuses naturelles. Les arches des racines de la mangrove vous rappelleront les cath\u00e9drales, et en effet, les Ta\u00ednos (bien qu&#039;ils n&#039;aient pas d&#039;\u00e9glises) \u00e9taient profond\u00e9ment spirituels. Une fois que vous serez parti avec notre guide, vous appr\u00e9cierez la riche vari\u00e9t\u00e9 d&#039;oiseaux, de reptiles et de poissons des mangroves. \u00c9bloui par le scintillement des vagues qui clignotent dans la lumi\u00e8re du matin, les montagnes de Saman\u00e1 au loin et le vert \u00e9meraude des palmiers qui se balancent.\u00a0\u00a0<\/span><br \/>\nn<br \/>\nn<span style=\"font-weight: 400;\">Ensuite, vous pourrez visiter certaines des grottes qui \u00e9taient particuli\u00e8rement importantes pour les Ta\u00ednos. Ils ont voyag\u00e9 de grotte en grotte pour rendre visite aux sages, se mettre \u00e0 l&#039;abri des ouragans et servir de points de rencontre avec d&#039;autres tribus. Une fois dans les grottes, vous pourrez appr\u00e9cier le silence et l&#039;aura sacr\u00e9e de l&#039;espace. Vous verrez certaines des gravures rupestres, appel\u00e9es p\u00e9troglyphes, qui repr\u00e9sentent leurs divinit\u00e9s et leurs esprits. Enfin, vous pourrez d\u00e9guster certains des m\u00eames fruits tropicaux que Ta\u00ednos a cueillis avant de retourner au point de rendez-vous.\u00a0<\/span><br \/>\nn<br \/>\nn<span style=\"font-weight: 400;\">Au cours de cette visite, nos guides experts d\u00e9criront les nombreuses utilisations du cano\u00eb, comment les Ta\u00ednos vivaient avant l&#039;\u00e9poque de Christophe Colomb et comment la for\u00eat de mangrove est essentielle \u00e0 la sant\u00e9 de l&#039;environnement.\u00a0<\/span><br \/>\nn<br \/>\nn&nbsp;<br \/>\nn<\/p>\n<h4><em><strong>Que devez-vous apporter?<\/strong><\/em><\/h4>\n<p>n<\/p>\n<ul>\nn \t<\/p>\n<li style=\"font-weight: 400;\"><span style=\"font-weight: 400;\">Appareil photo<\/span><\/li>\n<p>n \t<\/p>\n<li style=\"font-weight: 400;\"><span style=\"font-weight: 400;\">Bourgeons r\u00e9pulsifs<\/span><\/li>\n<p>n \t<\/p>\n<li style=\"font-weight: 400;\"><span style=\"font-weight: 400;\">cr\u00eame solaire<\/span><\/li>\n<p>n \t<\/p>\n<li style=\"font-weight: 400;\"><span style=\"font-weight: 400;\">Chapeau<\/span><\/li>\n<p>n \t<\/p>\n<li style=\"font-weight: 400;\"><span style=\"font-weight: 400;\">Pantalon confortable<\/span><\/li>\n<p>n \t<\/p>\n<li style=\"font-weight: 400;\"><span style=\"font-weight: 400;\">Sandales ou chaussures pour les zones boueuses.\u00a0<\/span><\/li>\n<p>n \t<\/p>\n<li style=\"font-weight: 400;\"><span style=\"font-weight: 400;\">Maillot de bain<\/span><\/li>\n<p>n<\/ul>\n<p>n&nbsp;<br \/>\nn<\/p>\n<h4><b><i>Prise en charge \u00e0 l&#039;h\u00f4tel <\/i><\/b><\/h4>\n<p>n<span style=\"font-weight: 400;\">La prise en charge \u00e0 l&#039;h\u00f4tel n&#039;est pas propos\u00e9e pour cette excursion. <\/span><br \/>\nn<br \/>\nn<b>Note:<\/b><span style=\"font-weight: 400;\"> si vous r\u00e9servez dans les 24 heures suivant l&#039;heure de d\u00e9part de la visite \/ excursion, nous pouvons organiser la prise en charge \u00e0 l&#039;h\u00f4tel moyennant des frais suppl\u00e9mentaires. Une fois votre achat termin\u00e9, nous vous enverrons les coordonn\u00e9es compl\u00e8tes (num\u00e9ro de t\u00e9l\u00e9phone, adresse e-mail, etc.) de notre guide local pour organiser la prise en charge.<\/span><br \/>\nn<\/p>\n<h4><b><i>Confirmation d&#039;informations suppl\u00e9mentaires <\/i><\/b><\/h4>\n<p>n<\/p>\n<ol>\nn \t<\/p>\n<li>Les billets sont le re\u00e7u apr\u00e8s avoir pay\u00e9 pour ce tour. Vous pouvez afficher le paiement sur votre t\u00e9l\u00e9phone.<\/li>\n<p>n \t<\/p>\n<li style=\"font-weight: 400;\"><span style=\"font-weight: 400;\">Le point de rencontre sera re\u00e7u apr\u00e8s le processus de r\u00e9servation.<\/span><\/li>\n<p>n \t<\/p>\n<li style=\"font-weight: 400;\"><span style=\"font-weight: 400;\">Les enfants doivent \u00eatre accompagn\u00e9s par un adulte.<\/span><\/li>\n<p>n \t<\/p>\n<li style=\"font-weight: 400;\"><span style=\"font-weight: 400;\"> Non accessible aux fauteuils roulants <\/span><\/li>\n<p>n \t<\/p>\n<li style=\"font-weight: 400;\"><span style=\"font-weight: 400;\">Les b\u00e9b\u00e9s doivent s&#039;asseoir sur les genoux <\/span><\/li>\n<p>n \t<\/p>\n<li style=\"font-weight: 400;\"><span style=\"font-weight: 400;\">Non recommand\u00e9 pour les voyageurs ayant des probl\u00e8mes de dos<\/span><\/li>\n<p>n \t<\/p>\n<li style=\"font-weight: 400;\"><span style=\"font-weight: 400;\">D\u00e9conseill\u00e9 aux voyageuses enceintes <\/span><\/li>\n<p>n \t<\/p>\n<li style=\"font-weight: 400;\"><span style=\"font-weight: 400;\"> Pas de probl\u00e8mes cardiaques ou d&#039;autres conditions m\u00e9dicales graves <\/span><\/li>\n<p>n \t<\/p>\n<li style=\"font-weight: 400;\"><span style=\"font-weight: 400;\">La plupart des voyageurs peuvent participer<\/span><\/li>\n<p>n<\/ol>\n<p>n<\/p>\n<h4><b><i>Politique d&#039;annulation<\/i><\/b><\/h4>\n<p>nPour un remboursement complet, veuillez lire nos politiques d'annulation.\u00a0<a href=\"https:\/\/www.boattoursamana.com\/fr\/reservation-en-ligne\/\" target=\"_blank\" rel=\"noopener\" data-saferedirecturl=\"https:\/\/www.google.com\/url?q=https:\/\/www.boattoursamana.com\/online-booking\/&amp;source=gmail&amp;ust=1672449202351000&amp;usg=AOvVaw1yAeVAPktmaVCqDujgUn90\">Cliquez ici<\/a>. Les fonds seront perdus si la r\u00e9servation est annul\u00e9e le jour m\u00eame du voyage.<\/p>\n\n\t\t<\/div>\n\t<\/div>\n<\/div><\/div><\/div><\/div><div class=\"vc_row wpb_row vc_row-fluid\" ><div class=\"wpb_column vc_column_container vc_col-sm-12\"><div class=\"vc_column-inner\"><div class=\"wpb_wrapper\"><div class=\"vc_empty_space\"   style=\"height: 32px\"><span class=\"vc_empty_space_inner\"><\/span><\/div>\n\t<div class=\"wpb_text_column wpb_content_element\" >\n\t\t<div class=\"wpb_wrapper\">\n\t\t\t<p>\nn<\/p>\n<h4>Nous contacter?<\/h4>\n<p>n<\/p>\n<h5>Aventures de r\u00e9servation<\/h5>\n<p>n<em><strong>des locaux<\/strong>\u00a0et\u00a0<strong>Nationaux<\/strong>\u00a0Guides touristiques et services aux invit\u00e9s<\/em><br \/>\nn<br \/>\nn<span class=\"text-turquoise\">R\u00e9servations:<\/span>\u00a0Visites et excursions \u00e0 Dom. repr\u00e9sentant<br \/>\nn<br \/>\nn<img decoding=\"async\" class=\"emoji\" draggable=\"false\" src=\"https:\/\/s.w.org\/images\/core\/emoji\/11.2.0\/svg\/1f4de.svg\" alt=\" \" title=\"\">\u00a0T\u00e9l \/ Whatsapp\u00a0\u00a0<a href=\"tel:+1-809-720-6035\">+1-809-720-6035<\/a>.<br \/>\nn<br \/>\nn<img decoding=\"async\" class=\"emoji\" draggable=\"false\" src=\"https:\/\/s.w.org\/images\/core\/emoji\/11.2.0\/svg\/1f4e9.svg\" alt=\" \" title=\"\">\u00a0<a href=\"mailto:info@bookingadventures.com.do\">info@bookingadventures.com.do<\/a><br \/>\nn<br \/>\nn<strong>Nous sommes des visites priv\u00e9es \u00e0 configuration flexible par Whatsapp\u00a0:\u00a0<a href=\"tel:+18097206035\">+18097206035.<\/a><\/strong><\/p>\n\n\t\t<\/div>\n\t<\/div>\n<div class=\"vc_empty_space\"   style=\"height: 32px\"><span class=\"vc_empty_space_inner\"><\/span><\/div><\/div><\/div><\/div><\/div>","protected":false},"excerpt":{"rendered":"<p>In this activity, you\u2019ll set out in the hand-crafted canoes, just as the Ta\u00ednos did. You\u2019ll hear many of the sounds that marked their connection with nature: the call of cranes, the dip of crabs into the water, and the gentle lapping of waves against natural rock formations. The arches of the mangrove roots will remind you of cathedrals, and indeed, the Ta\u00ednos (although they didn\u2019t have churches) were deeply spiritual. Once you\u2019ve set out with our guide, you\u2019ll enjoy [&hellip;]<\/p>\n","protected":false},"author":2,"featured_media":0,"parent":0,"menu_order":0,"comment_status":"open","ping_status":"closed","template":"","meta":{"footnotes":""},"class_list":["post-15804","page","type-page","status-publish","hentry"],"_links":{"self":[{"href":"https:\/\/www.boattoursamana.com\/fr\/wp-json\/wp\/v2\/pages\/15804","targetHints":{"allow":["GET"]}}],"collection":[{"href":"https:\/\/www.boattoursamana.com\/fr\/wp-json\/wp\/v2\/pages"}],"about":[{"href":"https:\/\/www.boattoursamana.com\/fr\/wp-json\/wp\/v2\/types\/page"}],"author":[{"embeddable":true,"href":"https:\/\/www.boattoursamana.com\/fr\/wp-json\/wp\/v2\/users\/2"}],"replies":[{"embeddable":true,"href":"https:\/\/www.boattoursamana.com\/fr\/wp-json\/wp\/v2\/comments?post=15804"}],"version-history":[{"count":0,"href":"https:\/\/www.boattoursamana.com\/fr\/wp-json\/wp\/v2\/pages\/15804\/revisions"}],"wp:attachment":[{"href":"https:\/\/www.boattoursamana.com\/fr\/wp-json\/wp\/v2\/media?parent=15804"}],"curies":[{"name":"wp","href":"https:\/\/api.w.org\/{rel}","templated":true}]}}