{"id":15814,"date":"2023-07-15T07:44:18","date_gmt":"2023-07-15T07:44:18","guid":{"rendered":"https:\/\/www.ticketswhales.com\/jarabacoa-buggy-with-baiguate-waterfall\/"},"modified":"2023-07-15T07:44:18","modified_gmt":"2023-07-15T07:44:18","slug":"jarabacoa-buggy-with-baiguate-waterfall","status":"publish","type":"page","link":"https:\/\/www.boattoursamana.com\/fr\/jarabacoa-buggy-with-baiguate-waterfall","title":{"rendered":"Buggy Jarabacoa avec cascade Baiguate"},"content":{"rendered":"<p><span style=\"font-weight: 400;\"><span style=\"vertical-align: inherit;\"><span style=\"vertical-align: inherit;\">\u00danase a nosotros y viaje con un experto local de Jarabacoa y obtenga la experiencia \u00fanica de visitar los mejores lugares de la capital del ecoturismo a partir de Jarabacoa, este tour lo llevar\u00e1 a conocer el hermoso paisaje del rancho monta\u00f1oso m\u00e1s grande de la Rep\u00fablica Dominicana. <\/span><span style=\"vertical-align: inherit;\">Mientras conduce por los diferentes lugares, sentir\u00e1 el aire de la monta\u00f1a y disfrutar\u00e1 de la belleza del campo.\u00a0<\/span><\/span><\/span><br \/>\nn<br \/>\nn<strong><span style=\"vertical-align: inherit;\"><span style=\"vertical-align: inherit;\">Seleccione la fecha para el Tour:\u00a0<\/span><\/span><\/strong><\/p>\n<p>&nbsp;<\/p>\n<div class=\"vc_row wpb_row vc_row-fluid\" ><div class=\"wpb_column vc_column_container vc_col-sm-12\"><div class=\"vc_column-inner\"><div class=\"wpb_wrapper\">\n\t<div class=\"wpb_text_column wpb_content_element\" >\n\t\t<div class=\"wpb_wrapper\">\n\t\t\t<p>Jarabacoa avec les cascades de Jimenoa et BaiguateBuggy<\/p>\n\n\t\t<\/div>\n\t<\/div>\n<div class=\"vc_btn3-container vc_btn3-inline\" ><button class=\"vc_general vc_btn3 vc_btn3-size-md vc_btn3-shape-rounded vc_btn3-style-modern vc_btn3-color-green\">RESERVE MAINTENANT<\/button><\/div><\/div><\/div><\/div><\/div><div class=\"vc_row wpb_row vc_row-fluid\" ><div class=\"wpb_column vc_column_container vc_col-sm-12\"><div class=\"vc_column-inner\"><div class=\"wpb_wrapper\">\n\t<div class=\"wpb_text_column wpb_content_element\" >\n\t\t<div class=\"wpb_wrapper\">\n\t\t\t<p>\nn<\/p>\n<h3 class=\"ui_header h1 attractions-product-info-ProductTitle__title--1qM0o\">Buggy de Jarabacoa et cascade de Baiguate<\/h3>\n<p>n<\/p>\n<h4><b><i>Aper\u00e7u <\/i><\/b><\/h4>\n<p>n<span style=\"font-weight: 400;\">Rejoignez-nous et voyagez avec un expert local de Jarabacoa et vivez l&#039;exp\u00e9rience unique de visiter les meilleurs endroits de la capitale de l&#039;\u00e9cotourisme \u00e0 partir de Jarabacoa, cette visite vous fera d\u00e9couvrir le magnifique paysage du plus grand ranch de montagne de la R\u00e9publique dominicaine. En vous d\u00e9pla\u00e7ant vers les diff\u00e9rents endroits, vous sentirez l&#039;air de la montagne et profiterez de la beaut\u00e9 de la campagne.\u00a0<\/span><br \/>\nn<br \/>\nn<span style=\"font-weight: 400;\">Nous pouvons nous rendre aux diff\u00e9rents endroits pour cette tourn\u00e9e. Vous aurez le choix entre le v\u00e9lo, l&#039;\u00e9quitation, le safari, le quad ou le buggy. Achetez votre billet en ligne maintenant et amusons-nous \u00e0 d\u00e9couvrir la culture de Jarabacoa et de la R\u00e9publique dominicaine tout en voyageant dans les meilleurs endroits de la ville.<\/span><br \/>\nn<br \/>\nn<span style=\"font-weight: 400;\">Jarabacoa est la ville des \u00e9ternelles vacances de printemps en raison de la m\u00e9t\u00e9o et la deuxi\u00e8me municipalit\u00e9 la plus importante de la province de la Vega. Selon l&#039;histoire, Jarabacoa signifie \u00ablieu de beaucoup d&#039;eau\u00bb. Le 27 septembre 1858, Jarabacoa a commenc\u00e9 sa vie en tant que municipalit\u00e9, cat\u00e9gorie obtenue apr\u00e8s une carri\u00e8re qui remonte au d\u00e9but du XIXe si\u00e8cle. Voyagez avec nous et apprenez-en plus sur les montagnes, la nature, la culture et les habitants de la r\u00e9gion nord de la R\u00e9publique dominicaine.\u00a0<\/span><br \/>\nn<\/p>\n<ul>\nn \t<\/p>\n<li style=\"font-weight: 400;\">Frais inclus<\/li>\n<p>n \t<\/p>\n<li>D\u00e9jeuner<\/li>\n<p>n \t<\/p>\n<li>Collations<\/li>\n<p>n \t<\/p>\n<li style=\"font-weight: 400;\">Guide touristique local en anglais<\/li>\n<p>n<\/ul>\n<p>n<\/p>\n<h4><b>Inclusions et exclusions<\/b><\/h4>\n<p>n<b>Inclusions<\/b><br \/>\nn<\/p>\n<ol>\nn \t<\/p>\n<li>D\u00e9jeuner<\/li>\n<p>n \t<\/p>\n<li style=\"font-weight: 400;\"><span style=\"font-weight: 400;\">Toutes les taxes, frais et frais de traitement<\/span><\/li>\n<p>n \t<\/p>\n<li style=\"font-weight: 400;\"><span style=\"font-weight: 400;\">Taxes locales<\/span><\/li>\n<p>n \t<\/p>\n<li style=\"font-weight: 400;\"><span style=\"font-weight: 400;\">Breuvages<\/span><\/li>\n<p>n \t<\/p>\n<li>Collations<\/li>\n<p>n \t<\/p>\n<li style=\"font-weight: 400;\"><span style=\"font-weight: 400;\">L&#039;ensemble des Activit\u00e9s<\/span><\/li>\n<p>n \t<\/p>\n<li style=\"font-weight: 400;\"><span style=\"font-weight: 400;\">Guide local<\/span><\/li>\n<p>n<\/ol>\n<p>n<b> Exclusions<\/b><br \/>\nn<\/p>\n<ol>\nn \t<\/p>\n<li style=\"font-weight: 400;\"><span style=\"font-weight: 400;\">Pourboires<\/span><\/li>\n<p>n \t<\/p>\n<li>transport (D\u00e9fini en nous contactant)<\/li>\n<p>n \t<\/p>\n<li style=\"font-weight: 400;\"><span style=\"font-weight: 400;\">Boissons alcoolis\u00e9es<\/span><\/li>\n<p>n<\/ol>\n<p>n<\/p>\n<h4><em><strong>D\u00e9part &amp; Retour<\/strong><\/em><\/h4>\n<p>n<span style=\"font-weight: 400;\">Le voyageur obtiendra un point de rendez-vous apr\u00e8s le processus de r\u00e9servation. Les visites commencent et se terminent \u00e0 vos points de rendez-vous.<\/span><br \/>\nn<\/p>\n<h3 class=\"ui_header h1 attractions-product-info-ProductTitle__title--1qM0o\">Buggy Jarabacoa et cascade Baiguate<\/h3>\n<p>n<\/p>\n<h4><b><i>\u00c0 quoi s&#039;attendre?<\/i><\/b><\/h4>\n<p>n<span style=\"font-weight: 400;\">Obtenez votre billet pour les cascades de Baiguate depuis la ville de Jarabacoa en buggy.\u00a0<\/span><br \/>\nn<br \/>\nn<span style=\"font-weight: 400;\">Lorsque nous parlons de poussettes, nous parlons d&#039;un v\u00e9hicule tout-terrain qui offre s\u00e9curit\u00e9 et facilit\u00e9 de conduite, tout en permettant \u00e0 l&#039;utilisateur un meilleur contact avec le terrain et la nature qui l&#039;entoure pendant la conduite. Sentez la brise, le soleil, la pluie, voyez le paysage \u00e0 vos c\u00f4t\u00e9s dans un appareil confortable et s\u00fbr con\u00e7u pour profiter de la piste foresti\u00e8re et du tout-terrain.<\/span><br \/>\nn<br \/>\nn<span style=\"font-weight: 400;\">Cette excursion commence \u00e0 partir d&#039;un point de rendez-vous que vous devez confirmer aupr\u00e8s de nos agents de voyage ou de votre guide touristique avant de vous rendre \u00e0 n&#039;importe quel endroit. Une fois que vous aurez rencontr\u00e9 votre guide, vous aurez un d\u00e9briefing de la visite et de tout ce qui concerne votre journ\u00e9e.<\/span><br \/>\nn<br \/>\nn<span style=\"font-weight: 400;\">Lorsque tout le monde sera pr\u00eat, nous commencerons notre balade vers certaines zones rurales de la ville de Jarabacoa, tout en conduisant votre buggy sur les routes cahoteuses et l&#039;air montagnard de la campagne du centre-nord du pays vous montrera la beaut\u00e9 et la nature \u00e0 travers cette aventure.<\/span><br \/>\nn<br \/>\nn<span style=\"font-weight: 400;\">Certains des endroits que vous visiterez au cours de ce voyage sont La Confluencia o\u00f9 les rivi\u00e8res Jimenoa et Yaque Del Norte se rencontrent, Cieneguita et Monte Arriba.\u00a0<\/span><br \/>\nn<br \/>\nn<span style=\"font-weight: 400;\">Apr\u00e8s avoir parcouru environ 30 kilom\u00e8tres, nous nous dirigerons vers la cascade Baiguate pour une randonn\u00e9e de 10 minutes et nager dans des piscines naturelles.\u00a0<\/span><br \/>\nn<br \/>\nn<span style=\"font-weight: 400;\">Pendant cette partie de votre voyage, vous pourrez vous baigner pendant environ 1 heure et faire une pause pour go\u00fbter chaque jour aux fruits frais r\u00e9colt\u00e9s sur les terres des agriculteurs de Jarabacoa. Baiguate a une chute de 82 pieds de haut et est l&#039;endroit id\u00e9al pour se d\u00e9tendre un peu avant de retourner en ville.\u00a0\u00a0<\/span><br \/>\nn<br \/>\nn<span style=\"font-weight: 400;\">Pendant cette partie de votre voyage, vous pourrez vous baigner pendant environ 1 heure et faire une pause pour go\u00fbter chaque jour aux fruits frais r\u00e9colt\u00e9s sur les terres des agriculteurs de Jarabacoa. Baiguate a une chute de 82 pieds de haut et est l&#039;endroit id\u00e9al pour se d\u00e9tendre un peu avant de retourner en ville.\u00a0\u00a0<\/span><br \/>\nn<br \/>\nn<span style=\"font-weight: 400;\">Plus tard, apr\u00e8s la cascade de Baiguate, nous nous dirigerons vers Ivon pour essayer la meilleure saveur de cr\u00e8me glac\u00e9e locale, faite maison par un expert local, et marcherons jusqu&#039;au parc central de Duarte pour la derni\u00e8re partie de votre voyage. Il s&#039;agit d&#039;une visite de 6 heures qui vous donne l&#039;opportunit\u00e9 de surveiller Jarabacoa, cette excursion se termine au m\u00eame endroit qu&#039;elle a commenc\u00e9.<\/span><br \/>\nn<br \/>\nn<span style=\"font-weight: 400;\">Remarque\u00a0: Ces visites sont effectu\u00e9es avec des guides touristiques \u00e9cologistes officiels. Veuillez r\u00e9server avec le temps car dans le parc il n&#039;y a pas trop de sp\u00e9cialistes.<\/span><br \/>\nn<\/p>\n<h4><em><strong>Que devez-vous apporter?<\/strong><\/em><\/h4>\n<p>n<\/p>\n<ul>\nn \t<\/p>\n<li style=\"font-weight: 400;\"><span style=\"font-weight: 400;\">Appareil photo<\/span><\/li>\n<p>n \t<\/p>\n<li style=\"font-weight: 400;\"><span style=\"font-weight: 400;\">Bourgeons r\u00e9pulsifs<\/span><\/li>\n<p>n \t<\/p>\n<li style=\"font-weight: 400;\"><span style=\"font-weight: 400;\">Cr\u00eame solaire<\/span><\/li>\n<p>n \t<\/p>\n<li style=\"font-weight: 400;\"><span style=\"font-weight: 400;\">Chapeau<\/span><\/li>\n<p>n \t<\/p>\n<li style=\"font-weight: 400;\"><span style=\"font-weight: 400;\">Pantalon confortable<\/span><\/li>\n<p>n \t<\/p>\n<li style=\"font-weight: 400;\"><span style=\"font-weight: 400;\">Chaussures de randonn\u00e9e pour la for\u00eat<\/span><\/li>\n<p>n \t<\/p>\n<li style=\"font-weight: 400;\"><span style=\"font-weight: 400;\">Sandales aux zones de printemps.<\/span><\/li>\n<p>n \t<\/p>\n<li style=\"font-weight: 400;\"><span style=\"font-weight: 400;\">Maillot de bain<\/span><\/li>\n<p>n<\/ul>\n<p>n<\/p>\n<h4><b><i>Prise en charge \u00e0 l&#039;h\u00f4tel <\/i><\/b><\/h4>\n<p>n<span style=\"font-weight: 400;\">La prise en charge \u00e0 l&#039;h\u00f4tel n&#039;est pas propos\u00e9e pour cette excursion. Nous mettons en place le Pick up en nous contactant par Whatsapp.<\/span><br \/>\nn<br \/>\nn<b>Note:<\/b><span style=\"font-weight: 400;\"> Si vous r\u00e9servez dans les 24 heures suivant l&#039;heure de d\u00e9part de la visite \/ excursion, nous pouvons organiser la prise en charge \u00e0 l&#039;h\u00f4tel moyennant des frais suppl\u00e9mentaires. Une fois votre achat termin\u00e9, nous vous enverrons les coordonn\u00e9es compl\u00e8tes (num\u00e9ro de t\u00e9l\u00e9phone, adresse e-mail, etc.) de notre guide local pour organiser la prise en charge.<\/span><br \/>\nn<\/p>\n<h4><b><i>Confirmation d&#039;informations suppl\u00e9mentaires <\/i><\/b><\/h4>\n<p>n<\/p>\n<ol>\nn \t<\/p>\n<li>Les billets sont le re\u00e7u apr\u00e8s avoir pay\u00e9 pour ce tour. Vous pouvez afficher le paiement sur votre t\u00e9l\u00e9phone.<\/li>\n<p>n \t<\/p>\n<li style=\"font-weight: 400;\"><span style=\"font-weight: 400;\">Le point de rencontre sera re\u00e7u apr\u00e8s le processus de r\u00e9servation.<\/span><\/li>\n<p>n \t<\/p>\n<li style=\"font-weight: 400;\"><span style=\"font-weight: 400;\">Les enfants doivent \u00eatre accompagn\u00e9s par un adulte.<\/span><\/li>\n<p>n \t<\/p>\n<li style=\"font-weight: 400;\"><span style=\"font-weight: 400;\"> Non accessible aux fauteuils roulants <\/span><\/li>\n<p>n \t<\/p>\n<li style=\"font-weight: 400;\"><span style=\"font-weight: 400;\">Les b\u00e9b\u00e9s doivent s&#039;asseoir sur les genoux <\/span><\/li>\n<p>n \t<\/p>\n<li style=\"font-weight: 400;\"><span style=\"font-weight: 400;\">Non recommand\u00e9 pour les voyageurs ayant des probl\u00e8mes de dos<\/span><\/li>\n<p>n \t<\/p>\n<li style=\"font-weight: 400;\"><span style=\"font-weight: 400;\">D\u00e9conseill\u00e9 aux voyageuses enceintes <\/span><\/li>\n<p>n \t<\/p>\n<li style=\"font-weight: 400;\"><span style=\"font-weight: 400;\"> Pas de probl\u00e8mes cardiaques ou d&#039;autres conditions m\u00e9dicales graves <\/span><\/li>\n<p>n \t<\/p>\n<li style=\"font-weight: 400;\"><span style=\"font-weight: 400;\">La plupart des voyageurs peuvent participer<\/span><\/li>\n<p>n<\/ol>\n<p>n<\/p>\n<h4><b><i>Politique d&#039;annulation<\/i><\/b><\/h4>\n<p>nPour un remboursement complet, veuillez lire nos politiques d'annulation.\u00a0<a href=\"https:\/\/www.boattoursamana.com\/fr\/reservation-en-ligne\/\" target=\"_blank\" rel=\"noopener\" data-saferedirecturl=\"https:\/\/www.google.com\/url?q=https:\/\/www.boattoursamana.com\/online-booking\/&amp;source=gmail&amp;ust=1672449202351000&amp;usg=AOvVaw1yAeVAPktmaVCqDujgUn90\">Cliquez ici<\/a>. Les fonds seront perdus si la r\u00e9servation est annul\u00e9e le jour m\u00eame du voyage.<\/p>\n\n\t\t<\/div>\n\t<\/div>\n<div class=\"vc_btn3-container vc_btn3-inline\" ><button class=\"vc_general vc_btn3 vc_btn3-size-md vc_btn3-shape-rounded vc_btn3-style-modern vc_btn3-color-green\">RESERVE MAINTENANT<\/button><\/div><\/div><\/div><\/div><\/div><div class=\"vc_row wpb_row vc_row-fluid\" ><div class=\"wpb_column vc_column_container vc_col-sm-12\"><div class=\"vc_column-inner\"><div class=\"wpb_wrapper\">\n\t<div class=\"wpb_video_widget wpb_content_element vc_clearfix   vc_video-aspect-ratio-169 vc_video-el-width-100 vc_video-align-left\" >\n\t\t<div class=\"wpb_wrapper\">\n\t\t\t<h2 class=\"wpb_heading wpb_video_heading\">Vid\u00e9o de la ville de Jarabacoa\u00a0:<\/h2>\n\t\t\t<div class=\"wpb_video_wrapper\"><iframe loading=\"lazy\" title=\"Jarabacoa | Puro Turismo de Montagne\" width=\"1100\" height=\"619\" src=\"https:\/\/www.youtube.com\/embed\/FRHfK4RS39A?feature=oembed\" frameborder=\"0\" allow=\"accelerometer; autoplay; clipboard-write; encrypted-media; gyroscope; picture-in-picture; web-share\" allowfullscreen><\/iframe><\/div>\n\t\t<\/div>\n\t<\/div>\n<\/div><\/div><\/div><\/div><div class=\"vc_row wpb_row vc_row-fluid\" ><\/div><div class=\"wpb_column vc_column_container vc_col-sm-12\"><div class=\"vc_column-inner\"><div class=\"wpb_wrapper\"><\/div><\/div><\/div><div class=\"vc_empty_space\"   style=\"height: 32px\"><span class=\"vc_empty_space_inner\"><\/span><\/div><div class=\"vc_empty_space\"   style=\"height: 32px\"><span class=\"vc_empty_space_inner\"><\/span><\/div><div class=\"vc_row wpb_row vc_row-fluid\" ><div class=\"wpb_column vc_column_container vc_col-sm-12\"><div class=\"vc_column-inner\"><div class=\"wpb_wrapper\"><div class=\"vc_btn3-container vc_btn3-inline\" ><button class=\"vc_general vc_btn3 vc_btn3-size-md vc_btn3-shape-rounded vc_btn3-style-modern vc_btn3-color-green\">RESERVE MAINTENANT<\/button><\/div><\/div><\/div><\/div><\/div>","protected":false},"excerpt":{"rendered":"<p>Partez avec nous et voyagez avec un expert local de Jarabacoa et obtenez l&#039;exp\u00e9rience unique de visiter les meilleurs endroits de la capitale de l&#039;\u00e9cotourisme \u00e0 partir de Jarabacoa, cette visite vous permettra de d\u00e9couvrir le beau paysage du rancho montagneux le plus grand de la R\u00e9publique Dominicaine. Ces moments vous permettront de sentir l&#039;air de la montagne et de profiter de la beaut\u00e9 du camp. n nS\u00e9lectionnez la date du tour\u00a0:\u00a0 &nbsp;<\/p>","protected":false},"author":2,"featured_media":0,"parent":0,"menu_order":0,"comment_status":"open","ping_status":"closed","template":"","meta":{"footnotes":""},"class_list":["post-15814","page","type-page","status-publish","hentry"],"_links":{"self":[{"href":"https:\/\/www.boattoursamana.com\/fr\/wp-json\/wp\/v2\/pages\/15814","targetHints":{"allow":["GET"]}}],"collection":[{"href":"https:\/\/www.boattoursamana.com\/fr\/wp-json\/wp\/v2\/pages"}],"about":[{"href":"https:\/\/www.boattoursamana.com\/fr\/wp-json\/wp\/v2\/types\/page"}],"author":[{"embeddable":true,"href":"https:\/\/www.boattoursamana.com\/fr\/wp-json\/wp\/v2\/users\/2"}],"replies":[{"embeddable":true,"href":"https:\/\/www.boattoursamana.com\/fr\/wp-json\/wp\/v2\/comments?post=15814"}],"version-history":[{"count":0,"href":"https:\/\/www.boattoursamana.com\/fr\/wp-json\/wp\/v2\/pages\/15814\/revisions"}],"wp:attachment":[{"href":"https:\/\/www.boattoursamana.com\/fr\/wp-json\/wp\/v2\/media?parent=15814"}],"curies":[{"name":"wp","href":"https:\/\/api.w.org\/{rel}","templated":true}]}}