{"id":15821,"date":"2023-07-15T07:44:18","date_gmt":"2023-07-15T07:44:18","guid":{"rendered":"https:\/\/www.ticketswhales.com\/los-haitises-kayaking-boat-trip-caves-and-swimming-at-private-beach-all-in-one\/"},"modified":"2023-07-15T07:44:18","modified_gmt":"2023-07-15T07:44:18","slug":"los-haitises-kayaking-boat-trip-caves-and-swimming-at-private-beach-all-in-one","status":"publish","type":"page","link":"https:\/\/www.boattoursamana.com\/fr\/los-haitises-excursion-en-bateau-kayak-grottes-et-baignade-sur-une-plage-privee-tout-en-un","title":{"rendered":"Kayak \u00e0 Los Haitises + excursion en bateau + grottes et baignade sur une plage priv\u00e9e (tout en un)."},"content":{"rendered":"<p><span style=\"vertical-align: inherit;\"><span style=\"vertical-align: inherit;\">Kayak + Paseo en Barco + Cuevas y Playa para Nadar (Todo en Uno). <\/span><span style=\"vertical-align: inherit;\">Parque Nacional Los Haitises con un gu\u00eda tur\u00edstico local desde Sabana de la Mar. Visita a la selva tropical, la peque\u00f1a playa privada, las \u00e1reas de coco, caf\u00e9 y cacao. <\/span><span style=\"vertical-align: inherit;\">Aprendiendo sobre l&#039;histoire originale du Parque Nacional Los Haitises.<\/span><\/span><br \/>\nn<br \/>\nn&nbsp;<br \/>\nn<br \/>\nn<strong><span style=\"vertical-align: inherit;\"><span style=\"vertical-align: inherit;\">Seleccione la fecha para el viaje de aventura todo en uno\u00a0:<\/span><\/span><\/strong><\/p>\n<p>&nbsp;<\/p>\n<div class=\"vc_row wpb_row vc_row-fluid\" ><div class=\"wpb_column vc_column_container vc_col-sm-12\"><div class=\"vc_column-inner\"><div class=\"wpb_wrapper\"><div class=\"vc_btn3-container vc_btn3-inline\" ><button class=\"vc_general vc_btn3 vc_btn3-size-md vc_btn3-shape-rounded vc_btn3-style-modern vc_btn3-color-green\">RESERVE MAINTENANT<\/button><\/div>\n\t<div class=\"wpb_text_column wpb_content_element\" >\n\t\t<div class=\"wpb_wrapper\">\n\t\t\t<p>\nn<\/p>\n<h4><b><i>Aper\u00e7u <\/i><\/b><\/h4>\n<p>n<span style=\"font-weight: 400;\">\u00c9vadez-vous de la ville pour vous immerger dans l&#039;\u00e9cotourisme de la province de Hato Mayor, la premi\u00e8re province d&#039;\u00e9cotourisme de la R\u00e9publique dominicaine. Venez avec nous et profitez des eaux douces de l&#039;une des plages inexplor\u00e9es de Los Haitises, o\u00f9 se trouve la baie de San Lorenzo. L&#039;endroit est accessible en bateau, entour\u00e9 de for\u00eat tropicale et de for\u00eat de mangroves. Pendant que vous naviguez, vous entrerez en contact avec la nature et le paysage inoubliable de ce parc national. Cette visite sera un m\u00e9lange de kayak, de canotage, de visite d&#039;une grotte et de baignade dans l&#039;un des parcs nationaux les plus importants du pays, voici la majorit\u00e9 de la biodiversit\u00e9 de l&#039;\u00eele et la deuxi\u00e8me plus grande for\u00eat de mangroves avec plus de 98 km2.\u00a0<\/span><br \/>\nn<br \/>\nn&nbsp;<br \/>\nn<br \/>\nn<span style=\"font-weight: 400;\">Notre personnel local et expert veillera \u00e0 ce que vous connaissiez vraiment la culture Tainos, leur histoire \u00e0 Los Haitises et leur lien avec la nature. Cette visite est en mode \u00e9cotourisme o\u00f9 la communaut\u00e9 joue un r\u00f4le tr\u00e8s important, ce sont des guides, des capitaines de bateaux et des chauffeurs.<\/span><br \/>\nn<br \/>\nn&nbsp;<br \/>\nn<br \/>\nn<span style=\"font-weight: 400;\">La priorit\u00e9 de Booking Adventure est de s&#039;assurer que vous obtenez le meilleur des meilleurs, du moment o\u00f9 vous achetez le billet jusqu&#039;\u00e0 la fin de votre voyage. Nos visites sont ax\u00e9es sur l&#039;\u00e9ducation environnementale, l&#039;aventure et l&#039;histoire locale et pendant ce voyage, vous pourrez voir un peu de tout.\u00a0<\/span><br \/>\nn<\/p>\n<h3><span style=\"font-weight: 400;\">Inclusions et exclusions<\/span><\/h3>\n<p>n<\/p>\n<h6><strong>Inclusions<\/strong><\/h6>\n<p>n<\/p>\n<ul>\nn \t<\/p>\n<li><span style=\"font-weight: 400;\">Bateau et Capitaine\u00a0<\/span><\/li>\n<p>n \t<\/p>\n<li><span style=\"font-weight: 400;\">Kayaks\u00a0<\/span><\/li>\n<p>n \t<\/p>\n<li><span style=\"font-weight: 400;\">Collations (eau, fruits, sandwichs et soda)<\/span><\/li>\n<p>n \t<\/p>\n<li><span style=\"font-weight: 400;\">Toutes les taxes, frais et frais de traitement<\/span><\/li>\n<p>n \t<\/p>\n<li><span style=\"font-weight: 400;\">Taxes locales<\/span><\/li>\n<p>n \t<\/p>\n<li><span style=\"font-weight: 400;\">Officiels Guides touristiques \u00e9cologistes anglais\/espagnol<\/span><\/li>\n<p>n \t<\/p>\n<li><span style=\"font-weight: 400;\">Piscines naturelles et plage inexplor\u00e9e\u00a0<\/span><\/li>\n<p>n \t<\/p>\n<li><span style=\"font-weight: 400;\">Une grotte\u00a0<\/span><\/li>\n<p>n<\/ul>\n<p>n&nbsp;<br \/>\nn<\/p>\n<h6><strong>Exclusions<\/strong><\/h6>\n<p>n&nbsp;<br \/>\nn<\/p>\n<ul>\nn \t<\/p>\n<li><span style=\"font-weight: 400;\">Pourboires<\/span><\/li>\n<p>n \t<\/p>\n<li><span style=\"font-weight: 400;\">Boisson<\/span><\/li>\n<p>n \t<\/p>\n<li><span style=\"font-weight: 400;\">Transfert\u00a0<\/span><\/li>\n<p>n<\/ul>\n<p>n<span style=\"font-weight: 400;\">\u00a0<\/span><br \/>\nn<\/p>\n<h6><strong>D\u00e9part &amp; Retour<\/strong><\/h6>\n<p>n&nbsp;<br \/>\nn<br \/>\nn<span style=\"font-weight: 400;\">La visite, organis\u00e9e par &quot;Booking Adventures&quot; commence au point de rendez-vous fix\u00e9 avec le guide touristique ou le membre du personnel. Le voyageur obtiendra un point de rendez-vous apr\u00e8s le processus de r\u00e9servation. Les visites commencent et se terminent \u00e0 nos points de rendez-vous.<\/span><br \/>\nn<\/p>\n<h2>Kayak \u00e0 Los Haitises + excursion en bateau + grottes et plage de baignade (tout en un).<\/h2>\n<p>n<span style=\"font-weight: 400;\">\u00c0 quoi s&#039;attendre?<\/span><br \/>\nn<br \/>\nn&nbsp;<br \/>\nn<br \/>\nn<span style=\"font-weight: 400;\">Obtenez votre billet pour le circuit \u00e9co-aventure du parc national Los Haitises All In One\u00a0<\/span><br \/>\nn<br \/>\nn&nbsp;<br \/>\nn<br \/>\nn<span style=\"font-weight: 400;\">Cette excursion commence \u00e0 partir d&#039;un point de rendez-vous que vous devez confirmer aupr\u00e8s de nos agents de voyage ou de votre guide touristique avant de vous rendre \u00e0 n&#039;importe quel endroit. Une fois que vous aurez rencontr\u00e9 votre guide, vous aurez un d\u00e9briefing de la visite et de tout ce qui concerne votre journ\u00e9e.<\/span><br \/>\nn<br \/>\nn&nbsp;<br \/>\nn<br \/>\nn<span style=\"font-weight: 400;\">Lorsque tout le monde est pr\u00eat et que nous r\u00e9cup\u00e9rons les kayaks, nous nous dirigeons vers le premier endroit qui est Playita Las Almejas o\u00f9 se trouvent des piscines naturelles, tandis que nous naviguons \u00e0 travers la for\u00eat de mangrove et le manteau de la baie de San Lorenzo, nous partagerons avec vous des histoires sur Los Haitises, G\u00e9ologie et parcourir les esp\u00e8ces de mangroves ayant autour de la baie de San Lorenzo.\u00a0<\/span><br \/>\nn<br \/>\nn&nbsp;<br \/>\nn<br \/>\nn<span style=\"font-weight: 400;\">Lorsque nous arrivons au premier endroit, vous devez pr\u00e9parer votre maillot de bain pour aller sur votre kayak et pagayer jusqu&#039;\u00e0 la grotte de la ligne avec votre guide, le reste du personnel vous attendra jusqu&#039;\u00e0 ce que vous ayez termin\u00e9 la premi\u00e8re partie de l&#039;activit\u00e9.<\/span><br \/>\nn<br \/>\nn&nbsp;<br \/>\nn<br \/>\nn<span style=\"font-weight: 400;\">Au cours de cette partie de votre voyage, vous pourrez faire le tour du vieux port de Las Perlas qui est l&#039;une des premi\u00e8res structures construites par les Europ\u00e9ens dans la r\u00e9gion, vers 1866, et qui \u00e9tait reli\u00e9e \u00e0 une ligne de train qui servait de transport pour le du caf\u00e9, des bananes et tout ce que ce groupe d&#039;Europ\u00e9ens cultivait dans ce qui est aujourd&#039;hui Los Haitises.\u00a0<\/span><br \/>\nn<br \/>\nn&nbsp;<br \/>\nn<br \/>\nn<span style=\"font-weight: 400;\">Dans la grotte que vous visiterez, il y a plus de 1200 pictogrammes peints par les Tainos, c&#039;\u00e9tait une fa\u00e7on de s&#039;exprimer, et aujourd&#039;hui ces \u0153uvres d&#039;art nous racontent des histoires que nous n&#039;aurions jamais pens\u00e9 trouver de nos jours. Lorsque vous aurez termin\u00e9 ici, nous retournerons \u00e0 Playa de las Almejas pour des collations et une baignade.\u00a0<\/span><br \/>\nn<br \/>\nn&nbsp;<br \/>\nn<br \/>\nn<span style=\"font-weight: 400;\">Apr\u00e8s avoir nag\u00e9 \u00e0 la piscine naturelle, nous allons retourner au port principal de la r\u00e9gion de Cano Hondo, il s&#039;agit d&#039;une visite de 5 heures qui vous donne l&#039;occasion de surveiller la majeure partie de Sabana de la Mar et du parc national Los Haitises, cette excursion se termine par au m\u00eame endroit qu&#039;il a commenc\u00e9.<\/span><br \/>\nn<br \/>\nn&nbsp;<br \/>\nn<br \/>\nn<span style=\"font-weight: 400;\">Remarque\u00a0: Ces visites sont effectu\u00e9es avec des guides touristiques \u00e9cologistes officiels. Veuillez r\u00e9server avec le temps car dans le parc il n&#039;y a pas trop de sp\u00e9cialistes.<\/span><br \/>\nn<br \/>\nn&nbsp;<br \/>\nn<\/p>\n<h6><strong>Que devez-vous apporter?<\/strong><\/h6>\n<p>n<\/p>\n<ul>\nn \t<\/p>\n<li style=\"font-weight: 400;\" aria-level=\"1\"><span style=\"font-weight: 400;\">Appareil photo<\/span><\/li>\n<p>n \t<\/p>\n<li style=\"font-weight: 400;\" aria-level=\"1\"><span style=\"font-weight: 400;\">Insectifuge\u00a0<\/span><\/li>\n<p>n \t<\/p>\n<li style=\"font-weight: 400;\" aria-level=\"1\"><span style=\"font-weight: 400;\">Cr\u00eame solaire<\/span><\/li>\n<p>n \t<\/p>\n<li style=\"font-weight: 400;\" aria-level=\"1\"><span style=\"font-weight: 400;\">Pantalon confortable<\/span><\/li>\n<p>n \t<\/p>\n<li style=\"font-weight: 400;\" aria-level=\"1\"><span style=\"font-weight: 400;\">Chaussures de course<\/span><\/li>\n<p>n \t<\/p>\n<li style=\"font-weight: 400;\" aria-level=\"1\"><span style=\"font-weight: 400;\">Imperm\u00e9able\u00a0<\/span><\/li>\n<p>n \t<\/p>\n<li style=\"font-weight: 400;\" aria-level=\"1\"><span style=\"font-weight: 400;\">Maillot de bain\u00a0<\/span><\/li>\n<p>n \t<\/p>\n<li style=\"font-weight: 400;\" aria-level=\"1\"><span style=\"font-weight: 400;\">Serviette\u00a0<\/span><\/li>\n<p>n<\/ul>\n<p>n<\/p>\n<h4><b><i>Prise en charge \u00e0 l&#039;h\u00f4tel <\/i><\/b><\/h4>\n<p>n<span style=\"font-weight: 400;\">La prise en charge \u00e0 l&#039;h\u00f4tel n&#039;est pas propos\u00e9e pour cette excursion. Juste si vous \u00eates \u00e0 l&#039;h\u00f4tel Cano Hondo ou aux h\u00f4tels de la r\u00e9gion de Sabana de la mar.<\/span><br \/>\nn<br \/>\nn<b>Note:<\/b><span style=\"font-weight: 400;\"> Si vous r\u00e9servez dans les 24 heures suivant l&#039;heure de d\u00e9part de la visite \/ excursion, nous pouvons organiser la prise en charge \u00e0 l&#039;h\u00f4tel moyennant des frais suppl\u00e9mentaires depuis n&#039;importe quel endroit de la R\u00e9publique dominicaine. Une fois votre achat termin\u00e9, nous vous enverrons les coordonn\u00e9es compl\u00e8tes (num\u00e9ro de t\u00e9l\u00e9phone, adresse e-mail, etc.) de notre guide local pour organiser la prise en charge.<\/span><br \/>\nn<\/p>\n<h4><b><i>Confirmation d&#039;informations suppl\u00e9mentaires <\/i><\/b><\/h4>\n<p>n<\/p>\n<ol>\nn \t<\/p>\n<li>Les billets sont le re\u00e7u apr\u00e8s avoir pay\u00e9 ce tour. Vous pouvez afficher le paiement sur votre t\u00e9l\u00e9phone.<\/li>\n<p>n \t<\/p>\n<li style=\"font-weight: 400;\"><span style=\"font-weight: 400;\">Le point de rencontre sera re\u00e7u apr\u00e8s le processus de r\u00e9servation.<\/span><\/li>\n<p>n \t<\/p>\n<li style=\"font-weight: 400;\"><span style=\"font-weight: 400;\">Les enfants doivent \u00eatre accompagn\u00e9s par un adulte.<\/span><\/li>\n<p>n \t<\/p>\n<li style=\"font-weight: 400;\"><span style=\"font-weight: 400;\"> Non accessible aux fauteuils roulants <\/span><\/li>\n<p>n \t<\/p>\n<li style=\"font-weight: 400;\"><span style=\"font-weight: 400;\">Les b\u00e9b\u00e9s doivent s&#039;asseoir sur les genoux <\/span><\/li>\n<p>n \t<\/p>\n<li style=\"font-weight: 400;\"><span style=\"font-weight: 400;\">Non recommand\u00e9 pour les voyageurs ayant des probl\u00e8mes de dos<\/span><\/li>\n<p>n \t<\/p>\n<li style=\"font-weight: 400;\"><span style=\"font-weight: 400;\">D\u00e9conseill\u00e9 aux voyageuses enceintes <\/span><\/li>\n<p>n \t<\/p>\n<li style=\"font-weight: 400;\"><span style=\"font-weight: 400;\"> Pas de probl\u00e8mes cardiaques ou d&#039;autres conditions m\u00e9dicales graves <\/span><\/li>\n<p>n \t<\/p>\n<li style=\"font-weight: 400;\"><span style=\"font-weight: 400;\">La plupart des voyageurs peuvent participer<\/span><\/li>\n<p>n<\/ol>\n<p>n<\/p>\n<h4><b><i>Politique d&#039;annulation<\/i><\/b><\/h4>\n<p>nPour un remboursement complet, veuillez lire nos politiques d'annulation.\u00a0<a href=\"https:\/\/www.boattoursamana.com\/fr\/reservation-en-ligne\/\" target=\"_blank\" rel=\"noopener\" data-saferedirecturl=\"https:\/\/www.google.com\/url?q=https:\/\/www.boattoursamana.com\/online-booking\/&amp;source=gmail&amp;ust=1672449202351000&amp;usg=AOvVaw1yAeVAPktmaVCqDujgUn90\">Cliquez ici<\/a>. Les fonds seront perdus si la r\u00e9servation est annul\u00e9e le jour m\u00eame du voyage.<\/p>\n\n\t\t<\/div>\n\t<\/div>\n<\/div><\/div><\/div><\/div><div class=\"vc_row wpb_row vc_row-fluid\" ><div class=\"wpb_column vc_column_container vc_col-sm-12\"><div class=\"vc_column-inner\"><div class=\"wpb_wrapper\"><\/div><\/div><\/div><\/div><div class=\"vc_row wpb_row vc_row-fluid\" ><\/div><div class=\"wpb_column vc_column_container vc_col-sm-12\"><div class=\"vc_column-inner\"><div class=\"wpb_wrapper\"><\/div><\/div><\/div><div class=\"vc_empty_space\"   style=\"height: 32px\"><span class=\"vc_empty_space_inner\"><\/span><\/div><div class=\"vc_empty_space\"   style=\"height: 32px\"><span class=\"vc_empty_space_inner\"><\/span><\/div><div class=\"vc_row wpb_row vc_row-fluid\" ><div class=\"wpb_column vc_column_container vc_col-sm-12\"><div class=\"vc_column-inner\"><div class=\"wpb_wrapper\"><div class=\"vc_btn3-container vc_btn3-inline\" ><button class=\"vc_general vc_btn3 vc_btn3-size-md vc_btn3-shape-rounded vc_btn3-style-modern vc_btn3-color-green\">RESERVE MAINTENANT<\/button><\/div><\/div><\/div><\/div><\/div>","protected":false},"excerpt":{"rendered":"<p>Kayak + Paseo en Barco + Cuevas et Playa para Nadar (Todo en Uno). Parc national Los Haitises avec un guide touristique local depuis Sabana de la Mar. Visitez la for\u00eat tropicale, la petite plage priv\u00e9e, les zones de coco, de caf\u00e9 et de cacao. Apprenez l&#039;histoire originale du parc national Los Haitises. n n n nS\u00e9lectionnez la date pour le voyage d&#039;aventure tout en un : &nbsp;<\/p>","protected":false},"author":2,"featured_media":0,"parent":0,"menu_order":0,"comment_status":"open","ping_status":"closed","template":"","meta":{"footnotes":""},"class_list":["post-15821","page","type-page","status-publish","hentry"],"_links":{"self":[{"href":"https:\/\/www.boattoursamana.com\/fr\/wp-json\/wp\/v2\/pages\/15821","targetHints":{"allow":["GET"]}}],"collection":[{"href":"https:\/\/www.boattoursamana.com\/fr\/wp-json\/wp\/v2\/pages"}],"about":[{"href":"https:\/\/www.boattoursamana.com\/fr\/wp-json\/wp\/v2\/types\/page"}],"author":[{"embeddable":true,"href":"https:\/\/www.boattoursamana.com\/fr\/wp-json\/wp\/v2\/users\/2"}],"replies":[{"embeddable":true,"href":"https:\/\/www.boattoursamana.com\/fr\/wp-json\/wp\/v2\/comments?post=15821"}],"version-history":[{"count":0,"href":"https:\/\/www.boattoursamana.com\/fr\/wp-json\/wp\/v2\/pages\/15821\/revisions"}],"wp:attachment":[{"href":"https:\/\/www.boattoursamana.com\/fr\/wp-json\/wp\/v2\/media?parent=15821"}],"curies":[{"name":"wp","href":"https:\/\/api.w.org\/{rel}","templated":true}]}}