{"id":15828,"date":"2023-07-15T07:44:18","date_gmt":"2023-07-15T07:44:18","guid":{"rendered":"https:\/\/www.ticketswhales.com\/hike-kayak-los-haitises-national-park-from-boca-chica\/"},"modified":"2023-07-15T07:44:18","modified_gmt":"2023-07-15T07:44:18","slug":"hike-kayak-los-haitises-national-park-from-boca-chica","status":"publish","type":"page","link":"https:\/\/www.boattoursamana.com\/fr\/randonnee-kayak-los-haitises-parc-national-de-boca-chica-2","title":{"rendered":"Randonn\u00e9e + Kayak Parc National Los Haitises de Boca Chica"},"content":{"rendered":"<p><span style=\"vertical-align: inherit;\"><span style=\"vertical-align: inherit;\">Caminata de 3 heures en kayak et manglares dans le Parque Nacional Los Haitises avec un guide touristique local desde Sabana de la mar. <\/span><span style=\"vertical-align: inherit;\">Visitez les zones de Selva Tropical, Cocos, Caf\u00e9 et Cacao. <\/span><span style=\"vertical-align: inherit;\">Aprendiendo sobre l&#039;histoire originale du Parque Nacional Los Haitises.<\/span><\/span><br \/>\nn<br \/>\nn&nbsp;<br \/>\nn<br \/>\nn<strong><span style=\"vertical-align: inherit;\"><span style=\"vertical-align: inherit;\">Seleccione la fecha para el viaje de senderismo\u00a0:<\/span><\/span><\/strong><\/p>\n<p>&nbsp;<\/p>\n<div class=\"vc_row wpb_row vc_row-fluid\" ><div class=\"wpb_column vc_column_container vc_col-sm-12\"><div class=\"vc_column-inner\"><div class=\"wpb_wrapper\">\n\t<div class=\"wpb_text_column wpb_content_element\" >\n\t\t<div class=\"wpb_wrapper\">\n\t\t\t<p>\nn<\/p>\n<h4><b><i>Aper\u00e7u <\/i><\/b><\/h4>\n<p>nCe sentier de randonn\u00e9e + excursion en kayak commence \u00e0 <strong>Boca Chica<\/strong> avec un transfert depuis les h\u00f4tels. Apr\u00e8s cela, nous arrivons au parc o\u00f9 nous marcherons pendant environ 2 heures le long de la for\u00eat humide du parc national Los Haitises. Vous d\u00e9couvrirez les plantes m\u00e9dicinales de cette r\u00e9gion, verrez les montagnes primaires et secondaires de la for\u00eat de feuillus du parc national Los Haitises et atteindrez en m\u00eame temps la source de la rivi\u00e8re Jivales d&#039;o\u00f9 proviennent les eaux des piscines naturelles de l&#039;Eco-lodge Ca\u00f1o Hondo. Ensuite, nous prenons le mat\u00e9riel n\u00e9cessaire \u00e0 votre s\u00e9curit\u00e9 (gilets de sauvetage, etc), kayaks, et traversons les mangroves. Vous verrez des mangroves remplies d&#039;oiseaux, des collines de v\u00e9g\u00e9tation luxuriante. \u00c0 travers les mangroves et la terre dans la baie ouverte de San Lorenzo, d&#039;o\u00f9 vous pourrez photographier le paysage forestier accident\u00e9.<br \/>\nn<br \/>\nnApr\u00e8s cette exp\u00e9rience, vous retournerez \u00e0 Cano Hondo ou Sabana de la mar en voiture pour retourner dans les r\u00e9gions de Bayahibe.<br \/>\nn<\/p>\n<ul>\nn \t<\/p>\n<li style=\"font-weight: 400;\">Frais inclus<\/li>\n<p>n \t<\/p>\n<li>Randonn\u00e9e dans le parc national Los Haitises<\/li>\n<p>n \t<\/p>\n<li style=\"font-weight: 400;\"><span style=\"font-weight: 400;\">Le guide fournit des instructions et une supervision<\/span><\/li>\n<p>n<\/ul>\n<p>n&nbsp;<br \/>\nn<\/p>\n<h4><b>Inclusions et exclusions<\/b><\/h4>\n<p>n&nbsp;<br \/>\nn<br \/>\nn<b>Inclusions<\/b><br \/>\nn<br \/>\nn&nbsp;<br \/>\nn<\/p>\n<ol>\nn \t<\/p>\n<li style=\"font-weight: 400;\">Parc National Los Haitises<\/li>\n<p>n \t<\/p>\n<li>Randonn\u00e9e + Kayak<\/li>\n<p>n \t<\/p>\n<li style=\"font-weight: 400;\"><span style=\"font-weight: 400;\">Toutes les taxes, frais et frais de traitement<\/span><\/li>\n<p>n \t<\/p>\n<li style=\"font-weight: 400;\"><span style=\"font-weight: 400;\">Taxes locales<\/span><\/li>\n<p>n \t<\/p>\n<li style=\"font-weight: 400;\"><span style=\"font-weight: 400;\">Breuvages<\/span><\/li>\n<p>n \t<\/p>\n<li style=\"font-weight: 400;\"><span style=\"font-weight: 400;\">L&#039;ensemble des Activit\u00e9s<\/span><\/li>\n<p>n \t<\/p>\n<li style=\"font-weight: 400;\"><span style=\"font-weight: 400;\">Guide local<\/span><\/li>\n<p>n \t<\/p>\n<li><span style=\"font-weight: 400;\">Transfert<\/span><\/li>\n<p>n \t<\/p>\n<li>D\u00e9jeuner avec les habitants<\/li>\n<p>n<\/ol>\n<p>n<b> Exclusions<\/b><br \/>\nn<\/p>\n<ol>\nn \t<\/p>\n<li style=\"font-weight: 400;\"><span style=\"font-weight: 400;\">Pourboires<\/span><\/li>\n<p>n \t<\/p>\n<li style=\"font-weight: 400;\"><span style=\"font-weight: 400;\">Boissons alcoolis\u00e9es<\/span><\/li>\n<p>n<\/ol>\n<p>n&nbsp;<br \/>\nn<\/p>\n<h4><em><strong>D\u00e9part &amp; Retour<\/strong><\/em><\/h4>\n<p>n<span style=\"font-weight: 400;\">Le voyageur obtiendra un point de rendez-vous apr\u00e8s le processus de r\u00e9servation. Les visites commencent et se terminent \u00e0 nos points de rendez-vous.<\/span><br \/>\nn<br \/>\nn&nbsp;<br \/>\nn<\/p>\n<h2>Randonn\u00e9e + Kayak Parc National Los Haitises de Boca Chica<\/h2>\n<p>n<\/p>\n<h4><b><i>\u00c0 quoi s&#039;attendre?<\/i><\/b><\/h4>\n<p>nLe nom du parc national vient de ses premiers habitants, les Indiens Taino. Dans leur langue, \u00ab Haitises \u00bb se traduit par hauts plateaux ou collines, une r\u00e9f\u00e9rence aux formations g\u00e9ologiques abruptes et calcaires du littoral. Le kayak dure 2 heures.<br \/>\nn<br \/>\nnApprentissage de l&#039;histoire et de la nature avec des guides touristiques locaux qui ont grandi en tant que protecteurs de l&#039;environnement et b\u00e9n\u00e9voles \u00e0 l&#039;int\u00e9rieur de cette zone de projet. La visite, organis\u00e9e par \u00abBooking Adventures\u00bb, commence au point de rendez-vous fix\u00e9 avec le guide touristique.<br \/>\nn<br \/>\nnApr\u00e8s une premi\u00e8re promenade \u00e0 travers les champs et les terres agricoles, vous commencerez \u00e0 marcher pr\u00e8s de la for\u00eat de noix de coco et de cacao. Obtenir chaque minute \u00e0 l&#039;int\u00e9rieur de la zone foresti\u00e8re principale et unique pour conserver \u00e0 l&#039;int\u00e9rieur du parc national Los Haitises. Venez avec Booking Adventures et commencez \u00e0 v\u00e9rifier quelques esp\u00e8ces d&#039;oiseaux, de mammif\u00e8res et de plantes end\u00e9miques, des collines de v\u00e9g\u00e9tation luxuriante et des grottes de <em><strong>Parc National Los Haitises<\/strong><\/em>.<br \/>\nn<\/p>\n<div class=\"body-description secondary\">\nn<br \/>\nnLe nom du parc national vient de ses premiers habitants, les Indiens Taino. Dans leur langue, \"Haitises\" signifie \"hautes terres\" ou \"collines\", en r\u00e9f\u00e9rence aux formations g\u00e9ologiques escarp\u00e9es de calcaire du littoral. Aventurez-vous plus profond\u00e9ment dans le parc pour explorer des grottes telles que la <em><strong>Cueva de la Arena<\/strong><\/em> et <strong><em>Cueva de la Linea. Vous pouvez combiner le tour en bateau avec le voyage de randonn\u00e9e. Contactez-nous.<\/em><\/strong><br \/>\nn<br \/>\nLes grottes de la r\u00e9serve servaient d&#039;abri aux Indiens Taino et, plus tard, aux pirates qui se cachaient. Recherchez les dessins d&#039;Indiens qui d\u00e9corent certains murs. Dans la for\u00eat tropicale, il existe plus de 700 esp\u00e8ces de plantes, nous essayons de faire d\u00e9couvrir aux visiteurs toutes les plantes m\u00e9dicinales que nous connaissons dans ce sentier de randonn\u00e9e.<br \/>\nn<br \/>\nnVenez apprendre, faire de la randonn\u00e9e et profiter de la vraie nature du parc national Los Haitises.<br \/>\nn<br \/>\nn<\/div>\n<p>n&nbsp;<br \/>\nn<\/p>\n<h4><em><strong>Que devez-vous apporter?<\/strong><\/em><\/h4>\n<p>n<\/p>\n<ul>\nn \t<\/p>\n<li style=\"font-weight: 400;\"><span style=\"font-weight: 400;\">Appareil photo<\/span><\/li>\n<p>n \t<\/p>\n<li style=\"font-weight: 400;\"><span style=\"font-weight: 400;\">Bourgeons r\u00e9pulsifs<\/span><\/li>\n<p>n \t<\/p>\n<li style=\"font-weight: 400;\"><span style=\"font-weight: 400;\">Cr\u00eame solaire<\/span><\/li>\n<p>n \t<\/p>\n<li style=\"font-weight: 400;\"><span style=\"font-weight: 400;\">Chapeau<\/span><\/li>\n<p>n \t<\/p>\n<li style=\"font-weight: 400;\"><span style=\"font-weight: 400;\">Pantalon confortable<\/span><\/li>\n<p>n \t<\/p>\n<li style=\"font-weight: 400;\"><span style=\"font-weight: 400;\">Chaussures de randonn\u00e9e pour la for\u00eat<\/span><\/li>\n<p>n \t<\/p>\n<li style=\"font-weight: 400;\"><span style=\"font-weight: 400;\">Sandales aux zones de printemps.<\/span><\/li>\n<p>n \t<\/p>\n<li style=\"font-weight: 400;\"><span style=\"font-weight: 400;\">Maillot de bain<\/span><\/li>\n<p>n<\/ul>\n<p>n&nbsp;<br \/>\nn<\/p>\n<h4><b><i>Prise en charge \u00e0 l&#039;h\u00f4tel <\/i><\/b><\/h4>\n<p>n<span style=\"font-weight: 400;\">La prise en charge \u00e0 l&#039;h\u00f4tel est offerte pour cette visite.\u00a0<\/span><br \/>\nn<br \/>\nn<b>Note:<\/b><span style=\"font-weight: 400;\"> Si vous r\u00e9servez dans les 24 heures suivant l&#039;heure de d\u00e9part de la visite \/ excursion, nous pouvons organiser la prise en charge \u00e0 l&#039;h\u00f4tel depuis les zones de Boca Chica. Une fois votre achat termin\u00e9, nous vous enverrons les coordonn\u00e9es compl\u00e8tes (num\u00e9ro de t\u00e9l\u00e9phone, adresse e-mail, etc.) de notre guide local pour organiser la prise en charge.<\/span><br \/>\nn<\/p>\n<h4><b><i>Confirmation d&#039;informations suppl\u00e9mentaires <\/i><\/b><\/h4>\n<p>n<\/p>\n<ol>\nn \t<\/p>\n<li>Les billets sont le re\u00e7u apr\u00e8s avoir pay\u00e9 pour ce tour. Vous pouvez afficher le paiement sur votre t\u00e9l\u00e9phone.<\/li>\n<p>n \t<\/p>\n<li style=\"font-weight: 400;\"><span style=\"font-weight: 400;\">Le point de rencontre sera re\u00e7u apr\u00e8s le processus de r\u00e9servation.<\/span><\/li>\n<p>n \t<\/p>\n<li style=\"font-weight: 400;\"><span style=\"font-weight: 400;\">Les enfants doivent \u00eatre accompagn\u00e9s par un adulte.<\/span><\/li>\n<p>n \t<\/p>\n<li style=\"font-weight: 400;\"><span style=\"font-weight: 400;\"> Non accessible aux fauteuils roulants <\/span><\/li>\n<p>n \t<\/p>\n<li style=\"font-weight: 400;\"><span style=\"font-weight: 400;\">Les b\u00e9b\u00e9s doivent s&#039;asseoir sur les genoux <\/span><\/li>\n<p>n \t<\/p>\n<li style=\"font-weight: 400;\"><span style=\"font-weight: 400;\">Non recommand\u00e9 pour les voyageurs ayant des probl\u00e8mes de dos<\/span><\/li>\n<p>n \t<\/p>\n<li style=\"font-weight: 400;\"><span style=\"font-weight: 400;\">D\u00e9conseill\u00e9 aux voyageuses enceintes <\/span><\/li>\n<p>n \t<\/p>\n<li style=\"font-weight: 400;\"><span style=\"font-weight: 400;\"> Pas de probl\u00e8mes cardiaques ou d&#039;autres conditions m\u00e9dicales graves <\/span><\/li>\n<p>n \t<\/p>\n<li style=\"font-weight: 400;\"><span style=\"font-weight: 400;\">La plupart des voyageurs peuvent participer<\/span><\/li>\n<p>n<\/ol>\n<p>n<\/p>\n<h4><b><i>Politique d&#039;annulation<\/i><\/b><\/h4>\n<p>nPour un remboursement complet, veuillez lire nos politiques d'annulation.\u00a0<a href=\"https:\/\/www.boattoursamana.com\/fr\/reservation-en-ligne\/\" target=\"_blank\" rel=\"noopener\" data-saferedirecturl=\"https:\/\/www.google.com\/url?q=https:\/\/www.boattoursamana.com\/online-booking\/&amp;source=gmail&amp;ust=1672449202351000&amp;usg=AOvVaw1yAeVAPktmaVCqDujgUn90\">Cliquez ici<\/a>. Les fonds seront perdus si la r\u00e9servation est annul\u00e9e le jour m\u00eame du voyage.<\/p>\n\n\t\t<\/div>\n\t<\/div>\n<div class=\"mkdf-section-title-holder\" style=\"text-align: left\">\n\t<div class=\"mkdf-st-inner\">\n\t\t\t\t\t<h5 class=\"mkdf-st-subtitle\" >\n\t\t\t\tRandonn\u00e9e dans la for\u00eat tropicale et kayak\t\t\t<\/h5>\n\t\t\t\t\t\t\t<h3 class=\"mkdf-st-title\" >\n\t\t\t\tRandonn\u00e9e + Kayak Parc National Los Haitises\t\t\t<\/h3>\n\t\t\t\t\t\t\t<p class=\"mkdf-st-text\" >\n\t\t\t\tCette exp\u00e9rience n\u00e9cessite un minimum de 2 participants. Si vous n&#039;\u00eates pas 2, n&#039;h\u00e9sitez pas \u00e0 nous contacter !\t\t\t<\/p>\n\t\t\t<\/div>\n<\/div><\/div><\/div><\/div><\/div><div class=\"vc_row wpb_row vc_row-fluid\" ><div class=\"wpb_column vc_column_container vc_col-sm-12\"><div class=\"vc_column-inner\"><div class=\"wpb_wrapper\"><\/div><\/div><\/div><\/div><div class=\"vc_row wpb_row vc_row-fluid\" ><\/div><div class=\"wpb_column vc_column_container vc_col-sm-12\"><div class=\"vc_column-inner\"><div class=\"wpb_wrapper\"><\/div><\/div><\/div><div class=\"vc_empty_space\"   style=\"height: 32px\"><span class=\"vc_empty_space_inner\"><\/span><\/div>\n\t<div class=\"wpb_text_column wpb_content_element\" >\n\t\t<div class=\"wpb_wrapper\">\n\t\t\t<p>\nn<br \/>\nJe suis un bloc de texte. Cliquez sur le bouton d'\u00e9dition pour modifier ce texte. Lorem ipsum dolor sit amet, consectetur adipiscing elit. Ut elit tellus, luctus nec ullamcorper mattis, pulvinar dapibus leo.<br \/>\nn<br \/>\nn<\/p>\n\n\t\t<\/div>\n\t<\/div>\n<div class=\"vc_empty_space\"   style=\"height: 32px\"><span class=\"vc_empty_space_inner\"><\/span><\/div>","protected":false},"excerpt":{"rendered":"<p>Caminata de 3 horas y kayak en manglares en el Parque Nacional Los Haitises con un gu\u00eda tur\u00edstico local desde Sabana de la mar. Visitando las \u00e1reas de Selva Tropical, Cocos, Caf\u00e9 y Cacao. Aprendiendo sobre la historia original del Parque Nacional Los Haitises. n n&nbsp; n nSeleccione la fecha para el viaje de senderismo: &nbsp;<\/p>","protected":false},"author":2,"featured_media":0,"parent":0,"menu_order":0,"comment_status":"open","ping_status":"closed","template":"","meta":{"footnotes":""},"class_list":["post-15828","page","type-page","status-publish","hentry"],"_links":{"self":[{"href":"https:\/\/www.boattoursamana.com\/fr\/wp-json\/wp\/v2\/pages\/15828","targetHints":{"allow":["GET"]}}],"collection":[{"href":"https:\/\/www.boattoursamana.com\/fr\/wp-json\/wp\/v2\/pages"}],"about":[{"href":"https:\/\/www.boattoursamana.com\/fr\/wp-json\/wp\/v2\/types\/page"}],"author":[{"embeddable":true,"href":"https:\/\/www.boattoursamana.com\/fr\/wp-json\/wp\/v2\/users\/2"}],"replies":[{"embeddable":true,"href":"https:\/\/www.boattoursamana.com\/fr\/wp-json\/wp\/v2\/comments?post=15828"}],"version-history":[{"count":0,"href":"https:\/\/www.boattoursamana.com\/fr\/wp-json\/wp\/v2\/pages\/15828\/revisions"}],"wp:attachment":[{"href":"https:\/\/www.boattoursamana.com\/fr\/wp-json\/wp\/v2\/media?parent=15828"}],"curies":[{"name":"wp","href":"https:\/\/api.w.org\/{rel}","templated":true}]}}