{"id":15861,"date":"2023-07-15T07:45:08","date_gmt":"2023-07-15T07:45:08","guid":{"rendered":"https:\/\/www.ticketswhales.com\/27-waterfalls-from-santo-domingo-private-or-small-group-trip\/"},"modified":"2023-07-15T07:45:08","modified_gmt":"2023-07-15T07:45:08","slug":"27-waterfalls-from-santo-domingo-private-or-small-group-trip","status":"publish","type":"page","link":"https:\/\/www.boattoursamana.com\/fr\/27-cascades-de-saint-domingue-voyage-prive-ou-petit-groupe","title":{"rendered":"27 cascades de Saint-Domingue - Voyage priv\u00e9 ou en petit groupe"},"content":{"rendered":"<p id=\"tw-target-text\" class=\"tw-data-text tw-text-large tw-ta\" dir=\"ltr\" data-placeholder=\"Translation\"><span class=\"Y2IQFc\" lang=\"en\">Cette excursion de Saint-Domingue aux 27 cascades de Damajagua \u00e0 Puerto Plata, d\u00e9jeuner et excursion \u00e0 travers les 27 cascades, marche et saute vers la rivi\u00e8re. Voyage \u00e9cologique aux 27 cascades de Puerto Plata. Obtenez vos billets pour une excursion d&#039;une journ\u00e9e compl\u00e8te de la r\u00e9gion de Punta Cana \u00e0 Cascada 27 depuis Damajagua. <\/span><\/p>\n<p>n<\/p>\n<p class=\"tw-data-text tw-text-large tw-ta\" dir=\"ltr\" data-placeholder=\"Translation\"><span class=\"Y2IQFc\" lang=\"en\">Billets d&#039;entr\u00e9e avec d\u00e9jeuner et excursion Ils comprennent des sauts et des baignades dans les plus belles cascades de la R\u00e9publique dominicaine. Marchez et nagez avec un \u00e9quipement de s\u00e9curit\u00e9 pour vivre la meilleure exp\u00e9rience!<\/span><\/p>\n<p>n<\/p>\n<p class=\"tw-data-text tw-text-large tw-ta\" dir=\"ltr\" data-placeholder=\"Translation\"><strong><span class=\"Y2IQFc\" lang=\"en\">S\u00e9lectionnez la date du Tour\u00a0:<\/span><\/strong><\/p>\n<p>&nbsp;<\/p>\n<div class=\"vc_row wpb_row vc_row-fluid\" ><div class=\"wpb_column vc_column_container vc_col-sm-12\"><div class=\"vc_column-inner\"><div class=\"wpb_wrapper\"><div class=\"vc_btn3-container vc_btn3-inline\" ><button class=\"vc_general vc_btn3 vc_btn3-size-md vc_btn3-shape-rounded vc_btn3-style-modern vc_btn3-color-green\">RESERVE MAINTENANT<\/button><\/div><div class=\"mkdf-section-title-holder\" style=\"text-align: left\">\n\t<div class=\"mkdf-st-inner\">\n\t\t\t\t\t<h5 class=\"mkdf-st-subtitle\" >\n\t\t\t\tD\u00e9jeuner et transport inclus\t\t\t<\/h5>\n\t\t\t\t\t\t\t<h3 class=\"mkdf-st-title\" >\n\t\t\t\t27 cascades de Saint-Domingue - Voyage priv\u00e9 ou en petit groupe\t\t\t<\/h3>\n\t\t\t\t\t<\/div>\n<\/div><\/div><\/div><\/div><\/div><div class=\"vc_row wpb_row vc_row-fluid\" ><div class=\"wpb_column vc_column_container vc_col-sm-12\"><div class=\"vc_column-inner\"><div class=\"wpb_wrapper\">\n\t<div class=\"wpb_text_column wpb_content_element\" >\n\t\t<div class=\"wpb_wrapper\">\n\t\t\t<p>\nn<\/p>\n<h3 class=\"ui_header h1 attractions-product-info-ProductTitle__title--1qM0o\"><\/h3>\n<p>n<\/p>\n<h4><b><i>Aper\u00e7u <\/i><\/b><\/h4>\n<p>nObtenez vos billets pour une excursion d&#039;une journ\u00e9e compl\u00e8te au d\u00e9part de Saint-Domingue jusqu&#039;\u00e0 la cascade 27 de Damajagua. Billets d&#039;entr\u00e9e avec d\u00e9jeuner et excursion Incluent le saut et la natation dans les plus belles cascades de la R\u00e9publique dominicaine. Randonn\u00e9e et natation avec \u00e9quipement de s\u00e9curit\u00e9 pour vivre la meilleure exp\u00e9rience de tous les temps !!<br \/>\nn<br \/>\nnApr\u00e8s cette exp\u00e9rience, vous retournerez \u00e0 Saint-Domingue au lieu o\u00f9 vous rencontrerez le guide touristique ou l&#039;h\u00f4tel.<br \/>\nn<\/p>\n<ul>\nn \t<\/p>\n<li style=\"font-weight: 400;\">Frais inclus<\/li>\n<p>n \t<\/p>\n<li>D\u00e9jeuner<\/li>\n<p>n \t<\/p>\n<li>Collations<\/li>\n<p>n \t<\/p>\n<li style=\"font-weight: 400;\">Guide touristique local en anglais<\/li>\n<p>n<\/ul>\n<p>n&nbsp;<br \/>\nn<\/p>\n<h4><b>Inclusions et exclusions<\/b><\/h4>\n<p>n&nbsp;<br \/>\nn<br \/>\nn<b>Inclusions<\/b><br \/>\nn<\/p>\n<ol>\nn \t<\/p>\n<li style=\"font-weight: 400;\">27 Cascades de Damajagua<\/li>\n<p>n \t<\/p>\n<li>D\u00e9jeuner<\/li>\n<p>n \t<\/p>\n<li style=\"font-weight: 400;\"><span style=\"font-weight: 400;\">Toutes les taxes, frais et frais de traitement<\/span><\/li>\n<p>n \t<\/p>\n<li style=\"font-weight: 400;\"><span style=\"font-weight: 400;\">Taxes locales<\/span><\/li>\n<p>n \t<\/p>\n<li style=\"font-weight: 400;\"><span style=\"font-weight: 400;\">Breuvages<\/span><\/li>\n<p>n \t<\/p>\n<li>Collations<\/li>\n<p>n \t<\/p>\n<li style=\"font-weight: 400;\"><span style=\"font-weight: 400;\">L&#039;ensemble des Activit\u00e9s<\/span><\/li>\n<p>n \t<\/p>\n<li style=\"font-weight: 400;\"><span style=\"font-weight: 400;\">Guide local<\/span><\/li>\n<p>n \t<\/p>\n<li>Le transport<\/li>\n<p>n<\/ol>\n<p>n<b> Exclusions<\/b><br \/>\nn<\/p>\n<ol>\nn \t<\/p>\n<li style=\"font-weight: 400;\"><span style=\"font-weight: 400;\">Pourboires<\/span><\/li>\n<p>n \t<\/p>\n<li style=\"font-weight: 400;\"><span style=\"font-weight: 400;\">Boissons alcoolis\u00e9es<\/span><\/li>\n<p>n<\/ol>\n<p>n&nbsp;<br \/>\nn<\/p>\n<h4><em><strong>D\u00e9part &amp; Retour<\/strong><\/em><\/h4>\n<p>n<span style=\"font-weight: 400;\">Le voyageur sera pris en charge dans les h\u00f4tels de Saint-Domingue. Les visites commencent et se terminent \u00e0 vos points de rendez-vous.<\/span><br \/>\nn<\/p>\n<h4><\/h4>\n<p>n<\/p>\n<h3 class=\"ui_header h1 attractions-product-info-ProductTitle__title--1qM0o\">27 Cascades de Damajagua Tour de Saint-Domingue.<\/h3>\n<p>n<\/p>\n<h4><b><i>\u00c0 quoi s&#039;attendre?<\/i><\/b><\/h4>\n<p>n<\/p>\n<div class=\"apd_content_block\" data-tab=\"TABS_OVERVIEW\">\nn<\/p>\n<div class=\"ui_card section attractions-product-details-Overview__sectionMargin--uHktd attractions-product-details-Overview__cleanslateOverrideDT--39Ov7\"><strong>Note:<\/strong> Le trajet aller simple de Saint-Domingue \u00e0 Puerto Plata dure environ 3 heures. Nous partons de Saint-Domingue vers 7h00. Retour \u00e0 Saint-Domingue vers 19h00.<\/div>\n<p>n\n<\/p><\/div>\n<p>n<\/p>\n<div data-tab=\"TABS_WHAT_TO_EXPECT\">\nn<\/p>\n<div class=\"ui_card attractions-card-CollapsibleProductDetailsCard__cardContainer--3r2wk attractions-card-CollapsibleProductDetailsCard__cleanslateOverrideDT--2AJh0\">\nn<\/p>\n<div class=\"attractions-card-CollapsibleCard__header--IDA3r\">\nn<\/p>\n<div class=\"attractions-card-CollapsibleCard__headerSection--3gTKb\"><\/div>\n<p>n\n<\/p><\/div>\n<p>n<\/p>\n<div class=\"attractions-card-CollapsibleCard__content--2Ws8q\">\nn<\/p>\n<div class=\"attractions-card-CollapsibleCard__contentWrap--374jk attractions-card-CollapsibleCard__titleUnderline--1uHze\">\nn<\/p>\n<div>D\u00e9couvrez les cascades isol\u00e9es de Damajagua, nich\u00e9es dans les collines du corridor nord de la R\u00e9publique dominicaine, lors de cette excursion d&#039;une journ\u00e9e compl\u00e8te au d\u00e9part de Puerto Plata. Explorez les vingt-sept chutes immacul\u00e9es, en cascade sur du calcaire, avec votre guide local. Obtenez un bref briefing sur la s\u00e9curit\u00e9, puis sautez, nagez et glissez sur des toboggans naturels.<\/div>\n<p>n<\/p>\n<div><\/div>\n<p>n<\/p>\n<div>D\u00e9jeuner, les boissons sont comprises. Une randonn\u00e9e en mont\u00e9e mod\u00e9r\u00e9e de 40 minutes \u00e0 travers un magnifique paysage de jungle vous am\u00e8ne \u00e0 la 12e cascade ou, si vous \u00eates en excellente forme physique, choisissez de marcher jusqu&#039;au sommet des 27 cascades (environ 70 minutes) et de tout d\u00e9couvrir .<\/div>\n<p>n<\/p>\n<div class=\"attractions-card-CollapsibleProductDetailsCard__cardContent--23ext\">\nn<\/p>\n<div class=\"common-text-ReadMore__readMore--3Iu8c common-text-ReadMore__variantFadeOut--1tInd\">\nn<\/p>\n<div class=\"common-text-ReadMore__content--2X4LR\">\nn<\/p>\n<div class=\"ui_columns is-desktop\">\nn<\/p>\n<div><\/div>\n<p>n<\/p>\n<div class=\"ui_column\">Quoi qu&#039;il en soit, votre vrai plaisir commence lorsque nous redescendons en aval et que vous sautez, glissez et nagez \u00e0 travers une s\u00e9rie de cascades spectaculaires, de canyons et de piscines azur, \u00e9mergeant avec un sourire idiot sur le visage et des souvenirs incroyables \u00e0 ch\u00e9rir ! Les circuits incluent des sauts jusqu&#039;\u00e0 25 pieds (8 m\u00e8tres) mais ne vous inqui\u00e9tez pas, les grands ont un autre chemin si vous ne voulez pas sauter.<\/div>\n<p>n<\/p>\n<div><\/div>\n<p>n<\/p>\n<div class=\"ui_column\">Apr\u00e8s une marche de 15 minutes pour retourner au camp de base et enfiler vos v\u00eatements secs, savourez un d\u00e9jeuner buffet dominicain d\u00e9licieux et vari\u00e9, qui comprend des plats comme du poulet et du porc au barbecue, des rago\u00fbts, du riz, des p\u00e2tes et des salades.<\/div>\n<p>n<\/p>\n<div><\/div>\n<p>n<\/p>\n<div class=\"ui_column\">Les boissons locales au rhum, les sodas et l&#039;eau sont inclus (la bi\u00e8re est disponible mais non incluse). Apr\u00e8s le repas, dites au revoir aux guides locaux et votre meilleure exp\u00e9rience sera gard\u00e9e \u00e0 l&#039;esprit et des photos ou des vid\u00e9os pour le reste de votre vie.<\/div>\n<p>n<\/p>\n<div class=\"ui_column\">Apr\u00e8s cela, nous retournons \u00e0 Saint-Domingue.<\/div>\n<p>n\n<\/p><\/div>\n<p>n\n<\/p><\/div>\n<p>n\n<\/p><\/div>\n<p>n\n<\/p><\/div>\n<p>n\n<\/p><\/div>\n<p>n\n<\/p><\/div>\n<p>n\n<\/p><\/div>\n<p>n\n<\/p><\/div>\n<p>n<\/p>\n<h4><em><strong>Que devez-vous apporter?<\/strong><\/em><\/h4>\n<p>n<\/p>\n<ul>\nn \t<\/p>\n<li style=\"font-weight: 400;\"><span style=\"font-weight: 400;\">Appareil photo<\/span><\/li>\n<p>n \t<\/p>\n<li style=\"font-weight: 400;\"><span style=\"font-weight: 400;\">Bourgeons r\u00e9pulsifs<\/span><\/li>\n<p>n \t<\/p>\n<li style=\"font-weight: 400;\"><span style=\"font-weight: 400;\">Cr\u00eame solaire<\/span><\/li>\n<p>n \t<\/p>\n<li style=\"font-weight: 400;\"><span style=\"font-weight: 400;\">Chapeau<\/span><\/li>\n<p>n \t<\/p>\n<li style=\"font-weight: 400;\"><span style=\"font-weight: 400;\">Pantalon confortable<\/span><\/li>\n<p>n \t<\/p>\n<li style=\"font-weight: 400;\"><span style=\"font-weight: 400;\">Chaussures de randonn\u00e9e pour la for\u00eat<\/span><\/li>\n<p>n \t<\/p>\n<li style=\"font-weight: 400;\"><span style=\"font-weight: 400;\">Sandales aux zones de printemps.<\/span><\/li>\n<p>n \t<\/p>\n<li style=\"font-weight: 400;\"><span style=\"font-weight: 400;\">Maillot de bain<\/span><\/li>\n<p>n<\/ul>\n<p>n&nbsp;<br \/>\nn<\/p>\n<h4><b><i>Prise en charge \u00e0 l&#039;h\u00f4tel <\/i><\/b><\/h4>\n<p>n<span style=\"font-weight: 400;\">La prise en charge \u00e0 l&#039;h\u00f4tel est offerte pour cette visite. Nous avons mis en place Pick up en nous contactant par Whatsapp.<\/span><br \/>\nn<br \/>\nn&nbsp;<br \/>\nn<br \/>\nn<b>Note:<\/b><span style=\"font-weight: 400;\"> Si vous r\u00e9servez dans les 24 heures suivant l&#039;heure de d\u00e9part de la visite\/excursion, nous pouvons organiser la prise en charge \u00e0 l&#039;h\u00f4tel. Une fois votre achat termin\u00e9, nous vous enverrons les coordonn\u00e9es compl\u00e8tes (num\u00e9ro de t\u00e9l\u00e9phone, adresse e-mail, etc.) de notre guide local pour organiser la prise en charge.<\/span><br \/>\nn<\/p>\n<h4><b><i>Confirmation d&#039;informations suppl\u00e9mentaires <\/i><\/b><\/h4>\n<p>n<\/p>\n<ol>\nn \t<\/p>\n<li>Les billets sont le re\u00e7u apr\u00e8s avoir pay\u00e9 pour ce tour. Vous pouvez afficher le paiement sur votre t\u00e9l\u00e9phone.<\/li>\n<p>n \t<\/p>\n<li style=\"font-weight: 400;\"><span style=\"font-weight: 400;\">Le point de rencontre sera re\u00e7u apr\u00e8s le processus de r\u00e9servation.<\/span><\/li>\n<p>n \t<\/p>\n<li style=\"font-weight: 400;\"><span style=\"font-weight: 400;\">Les enfants doivent \u00eatre accompagn\u00e9s par un adulte.<\/span><\/li>\n<p>n \t<\/p>\n<li style=\"font-weight: 400;\"><span style=\"font-weight: 400;\"> Non accessible aux fauteuils roulants <\/span><\/li>\n<p>n \t<\/p>\n<li style=\"font-weight: 400;\"><span style=\"font-weight: 400;\">Les b\u00e9b\u00e9s doivent s&#039;asseoir sur les genoux <\/span><\/li>\n<p>n \t<\/p>\n<li style=\"font-weight: 400;\"><span style=\"font-weight: 400;\">Non recommand\u00e9 pour les voyageurs ayant des probl\u00e8mes de dos<\/span><\/li>\n<p>n \t<\/p>\n<li style=\"font-weight: 400;\"><span style=\"font-weight: 400;\">D\u00e9conseill\u00e9 aux voyageuses enceintes <\/span><\/li>\n<p>n \t<\/p>\n<li style=\"font-weight: 400;\"><span style=\"font-weight: 400;\"> Pas de probl\u00e8mes cardiaques ou d&#039;autres conditions m\u00e9dicales graves <\/span><\/li>\n<p>n \t<\/p>\n<li style=\"font-weight: 400;\"><span style=\"font-weight: 400;\">La plupart des voyageurs peuvent participer<\/span><\/li>\n<p>n<\/ol>\n<p>n<\/p>\n<h4><b><i>Politique d&#039;annulation<\/i><\/b><\/h4>\n<p>nPour un remboursement complet, veuillez lire nos politiques d'annulation.\u00a0<a href=\"https:\/\/www.boattoursamana.com\/fr\/reservation-en-ligne\/\" target=\"_blank\" rel=\"noopener\" data-saferedirecturl=\"https:\/\/www.google.com\/url?q=https:\/\/www.boattoursamana.com\/online-booking\/&amp;source=gmail&amp;ust=1672449202351000&amp;usg=AOvVaw1yAeVAPktmaVCqDujgUn90\">Cliquez ici<\/a>. Les fonds seront perdus si la r\u00e9servation est annul\u00e9e le jour m\u00eame du voyage.<\/p>\n\n\t\t<\/div>\n\t<\/div>\n<div class=\"vc_btn3-container vc_btn3-inline\" ><button class=\"vc_general vc_btn3 vc_btn3-size-md vc_btn3-shape-rounded vc_btn3-style-modern vc_btn3-color-green\">RESERVE MAINTENANT<\/button><\/div><\/div><\/div><\/div><\/div><div class=\"vc_row wpb_row vc_row-fluid\" ><div class=\"wpb_column vc_column_container vc_col-sm-12\"><div class=\"vc_column-inner\"><div class=\"wpb_wrapper\">\n\t<div class=\"wpb_video_widget wpb_content_element vc_clearfix   vc_video-aspect-ratio-169 vc_video-el-width-100 vc_video-align-left\" >\n\t\t<div class=\"wpb_wrapper\">\n\t\t\t<h2 class=\"wpb_heading wpb_video_heading\">27 Cascades de Damajagua Tour de Puerto Plata:<\/h2>\n\t\t\t<div class=\"wpb_video_wrapper\"><iframe loading=\"lazy\" title=\"27 Cascades de Damajagua par Booking Adventures &amp; Travel R\u00e9publique Dominicaine\" width=\"1100\" height=\"619\" src=\"https:\/\/www.youtube.com\/embed\/AVNh_we_RQE?start=17&feature=oembed\" frameborder=\"0\" allow=\"accelerometer; autoplay; clipboard-write; encrypted-media; gyroscope; picture-in-picture; web-share\" allowfullscreen><\/iframe><\/div>\n\t\t<\/div>\n\t<\/div>\n<\/div><\/div><\/div><\/div><div class=\"wpb_column vc_column_container vc_col-sm-12\"><div class=\"vc_column-inner\"><div class=\"wpb_wrapper\"><\/div><\/div><\/div><div class=\"vc_row wpb_row vc_row-fluid\" ><div class=\"wpb_column vc_column_container vc_col-sm-12\"><div class=\"vc_column-inner\"><div class=\"wpb_wrapper\"><div class=\"vc_btn3-container vc_btn3-inline\" ><button class=\"vc_general vc_btn3 vc_btn3-size-md vc_btn3-shape-rounded vc_btn3-style-modern vc_btn3-color-green\">RESERVE MAINTENANT<\/button><\/div><\/div><\/div><\/div><\/div>","protected":false},"excerpt":{"rendered":"<p>This excursion from Santo Domingo to 27 waterfalls of Damajagua in Puerto Plata, Lunch and Excursion through the 27 waterfalls, walk and jump to the river. Ecological trip to the 27 waterfalls of Puerto Plata. Get your tickets for a full-day excursion from the Punta Cana area to Cascada 27 from Damajagua. n Entrance tickets with lunch and excursion They include jumps and swimming in the most beautiful waterfalls in the Dominican Republic. Hike and swim with safety equipment to [&hellip;]<\/p>\n","protected":false},"author":2,"featured_media":0,"parent":0,"menu_order":0,"comment_status":"open","ping_status":"closed","template":"","meta":{"footnotes":""},"class_list":["post-15861","page","type-page","status-publish","hentry"],"_links":{"self":[{"href":"https:\/\/www.boattoursamana.com\/fr\/wp-json\/wp\/v2\/pages\/15861","targetHints":{"allow":["GET"]}}],"collection":[{"href":"https:\/\/www.boattoursamana.com\/fr\/wp-json\/wp\/v2\/pages"}],"about":[{"href":"https:\/\/www.boattoursamana.com\/fr\/wp-json\/wp\/v2\/types\/page"}],"author":[{"embeddable":true,"href":"https:\/\/www.boattoursamana.com\/fr\/wp-json\/wp\/v2\/users\/2"}],"replies":[{"embeddable":true,"href":"https:\/\/www.boattoursamana.com\/fr\/wp-json\/wp\/v2\/comments?post=15861"}],"version-history":[{"count":0,"href":"https:\/\/www.boattoursamana.com\/fr\/wp-json\/wp\/v2\/pages\/15861\/revisions"}],"wp:attachment":[{"href":"https:\/\/www.boattoursamana.com\/fr\/wp-json\/wp\/v2\/media?parent=15861"}],"curies":[{"name":"wp","href":"https:\/\/api.w.org\/{rel}","templated":true}]}}