{"id":15875,"date":"2023-07-15T07:45:29","date_gmt":"2023-07-15T07:45:29","guid":{"rendered":"https:\/\/www.ticketswhales.com\/private-catamaran-samana-bay-tour-marina\/"},"modified":"2023-07-15T07:45:29","modified_gmt":"2023-07-15T07:45:29","slug":"private-catamaran-samana-bay-tour-marina","status":"publish","type":"page","link":"https:\/\/www.boattoursamana.com\/fr\/catamaran-prive-baie-de-samana-tour-marina-2","title":{"rendered":"Catamaran Priv\u00e9 Baie de Saman\u00e1 \u2013 Tour Marina"},"content":{"rendered":"<p>&nbsp;<\/p>\n<div class=\"vc_row wpb_row vc_row-fluid\" ><div class=\"wpb_column vc_column_container vc_col-sm-12\"><div class=\"vc_column-inner\"><div class=\"wpb_wrapper\"><div class=\"vc_btn3-container vc_btn3-inline\" ><button class=\"vc_general vc_btn3 vc_btn3-size-md vc_btn3-shape-rounded vc_btn3-style-modern vc_btn3-color-green\">RESERVE MAINTENANT<\/button><\/div><div class=\"vc_tta-container\" data-vc-action=\"collapse\"><div class=\"vc_general vc_tta vc_tta-tabs vc_tta-color-sandy-brown vc_tta-style-modern vc_tta-shape-square vc_tta-spacing-1 vc_tta-tabs-position-top vc_tta-controls-align-left\"><div class=\"vc_tta-tabs-container\"><ul class=\"vc_tta-tabs-list\"><li class=\"vc_tta-tab vc_active\" data-vc-tab><a href=\"#1658558043421-55144174-f505\" data-vc-tabs data-vc-container=\".vc_tta\"><span class=\"vc_tta-title-text\">\u00c0 propos du bateau<\/span><\/a><\/li><li class=\"vc_tta-tab\" data-vc-tab><a href=\"#1658558043429-9adef37c-3c9f\" data-vc-tabs data-vc-container=\".vc_tta\"><span class=\"vc_tta-title-text\">\u00c9quipement de bateau<\/span><\/a><\/li><li class=\"vc_tta-tab\" data-vc-tab><a href=\"#1658558311759-f1fb6ddd-50cd\" data-vc-tabs data-vc-container=\".vc_tta\"><span class=\"vc_tta-title-text\">Suite<\/span><\/a><\/li><\/ul><\/div><div class=\"vc_tta-panels-container\"><div class=\"vc_tta-panels\"><div class=\"vc_tta-panel vc_active\" id=\"1658558043421-55144174-f505\" data-vc-content=\".vc_tta-panel-body\"><div class=\"vc_tta-panel-heading\"><h4 class=\"vc_tta-panel-title\"><a href=\"#1658558043421-55144174-f505\" data-vc-accordion data-vc-container=\".vc_tta-container\"><span class=\"vc_tta-title-text\">\u00c0 propos du bateau<\/span><\/a><\/h4><\/div><div class=\"vc_tta-panel-body\">\n\t<div class=\"wpb_text_column wpb_content_element\" >\n\t\t<div class=\"wpb_wrapper\">\n\t\t\t<p>\nn<\/p>\n<h6>Nom: Tour Marina<\/h6>\n<p>n<\/p>\n<h6>Mod\u00e8le:<\/h6>\n<p>n<\/p>\n<h6>Ann\u00e9e:<\/h6>\n<p>n<\/p>\n<h6>Longueur:<\/h6>\n<p>n<\/p>\n<h6>Nombre de moteurs : 2<\/h6>\n<p>n<\/p>\n<h6>Puissance : 600 CV<\/h6>\n<p>n<\/p>\n\n\t\t<\/div>\n\t<\/div>\n<\/div><\/div><div class=\"vc_tta-panel\" id=\"1658558043429-9adef37c-3c9f\" data-vc-content=\".vc_tta-panel-body\"><div class=\"vc_tta-panel-heading\"><h4 class=\"vc_tta-panel-title\"><a href=\"#1658558043429-9adef37c-3c9f\" data-vc-accordion data-vc-container=\".vc_tta-container\"><span class=\"vc_tta-title-text\">\u00c9quipement de bateau<\/span><\/a><\/h4><\/div><div class=\"vc_tta-panel-body\">\n\t<div class=\"wpb_text_column wpb_content_element\" >\n\t\t<div class=\"wpb_wrapper\">\n\t\t\t<p>\nn<\/p>\n<h6>Radio VHS<\/h6>\n<p>n<\/p>\n<h6>Toilette<\/h6>\n<p>n<\/p>\n<h6>Glaci\u00e8re<\/h6>\n<p>n<\/p>\n<h6>Gilets de sauvetage<\/h6>\n<p>n<\/p>\n<h6>\u00c9quipement de musique<\/h6>\n<p>n<\/p>\n\n\t\t<\/div>\n\t<\/div>\n<\/div><\/div><div class=\"vc_tta-panel\" id=\"1658558311759-f1fb6ddd-50cd\" data-vc-content=\".vc_tta-panel-body\"><div class=\"vc_tta-panel-heading\"><h4 class=\"vc_tta-panel-title\"><a href=\"#1658558311759-f1fb6ddd-50cd\" data-vc-accordion data-vc-container=\".vc_tta-container\"><span class=\"vc_tta-title-text\">Suite<\/span><\/a><\/h4><\/div><div class=\"vc_tta-panel-body\">\n\t<div class=\"wpb_text_column wpb_content_element\" >\n\t\t<div class=\"wpb_wrapper\">\n\t\t\t<p>\nn<\/p>\n<div class=\"info_content_label\">\nn<\/p>\n<h4>Inclus:<\/h4>\n<p>n<\/p>\n<h6>\u00c9quipage \u00e0 bord<\/h6>\n<p>n<\/p>\n<h6>Carburant<\/h6>\n<p>n<\/p>\n<h4>Autre info:<\/h4>\n<p>n<\/p>\n<h6>Le bateau est disponible de 6 h 00 \u00e0 16 h 30.<\/h6>\n<p>n<strong>Des options de boissons et de nourriture sont disponibles moyennant des frais suppl\u00e9mentaires\u00a0:<\/strong><br \/>\nn<br \/>\nnD\u00e9tails du d\u00e9jeuner buffet traditionnel sur l'\u00eele de Cayo Levantado, $15 USD\/ pp.<br \/>\nn<br \/>\nn-Salade verte<br \/>\nn-Pain<br \/>\nn-Moro de Guandule (riz \u00e0 la dominicaine) \u00e0 la noix de coco<br \/>\nn- P\u00e2tes \u00e0 la sauce tomate<br \/>\nn-Casseroles de pois chiches<br \/>\nn-Poisson et poulet grill\u00e9 (dorado) + sauce au lait de coco facultative<br \/>\nn-Fruits frais<br \/>\nn-1 boisson non alcoolis\u00e9e (soda ou eau)<br \/>\nn-Caf\u00e9<br \/>\nn<br \/>\nn<strong>Service de homard suppl\u00e9mentaire + bonbons \u00e0 la noix de coco $19 USD (suppl\u00e9mentaire).<\/strong><br \/>\nn<br \/>\nn<\/div>\n<p>nDes boissons et de la nourriture peuvent \u00e9galement \u00eatre fournies \u00e0 bord moyennant un suppl\u00e9ment.<\/p>\n\n\t\t<\/div>\n\t<\/div>\n<\/div><\/div><\/div><\/div><\/div><\/div>\n\t<div class=\"wpb_text_column wpb_content_element\" >\n\t\t<div class=\"wpb_wrapper\">\n\t\t\t<p>\nn<\/p>\n<h4><b><i>Politique d&#039;annulation<\/i><\/b><\/h4>\n<p>nPour un remboursement complet, veuillez lire nos politiques d'annulation.\u00a0<a href=\"https:\/\/www.boattoursamana.com\/fr\/reservation-en-ligne\/\" target=\"_blank\" rel=\"noopener\" data-saferedirecturl=\"https:\/\/www.google.com\/url?q=https:\/\/www.boattoursamana.com\/online-booking\/&amp;source=gmail&amp;ust=1672449202351000&amp;usg=AOvVaw1yAeVAPktmaVCqDujgUn90\">Cliquez ici<\/a>. Les fonds seront perdus si la r\u00e9servation est annul\u00e9e le jour m\u00eame du voyage.<br \/>\nn<br \/>\nn&nbsp;<br \/>\nn<br \/>\nn<strong>Contactez-nous par Whatsapp : +1-809-720-6035 ou livechat.<\/strong><br \/>\nn<br \/>\nn<strong>La meilleure option en ligne \u00e0 Saman\u00e1\u00a0!<\/strong><\/p>\n\n\t\t<\/div>\n\t<\/div>\n<\/div><\/div><\/div><\/div><div class=\"vc_row wpb_row vc_row-fluid\" ><div class=\"wpb_column vc_column_container vc_col-sm-12\"><div class=\"vc_column-inner\"><div class=\"wpb_wrapper\"><div class=\"vc_empty_space\"   style=\"height: 32px\"><span class=\"vc_empty_space_inner\"><\/span><\/div><\/div><\/div><\/div><\/div><div class=\"vc_row wpb_row vc_row-fluid\" ><div class=\"wpb_column vc_column_container vc_col-sm-12\"><div class=\"vc_column-inner\"><div class=\"wpb_wrapper\">\n\t<div class=\"wpb_video_widget wpb_content_element vc_clearfix   vc_video-aspect-ratio-169 vc_video-el-width-100 vc_video-align-left\" >\n\t\t<div class=\"wpb_wrapper\">\n\t\t\t<h2 class=\"wpb_heading wpb_video_heading\">Louer un catamaran \u00e0 Samana, R\u00e9publique dominicaine - Courte vid\u00e9o<\/h2>\n\t\t\t<div class=\"wpb_video_wrapper\"><iframe loading=\"lazy\" title=\"Location Bateau Samana R\u00e9publique Dominicaine &amp; Tours &amp; Excursions\" width=\"1100\" height=\"619\" src=\"https:\/\/www.youtube.com\/embed\/2TA5TdrEZd0?feature=oembed\" frameborder=\"0\" allow=\"accelerometer; autoplay; clipboard-write; encrypted-media; gyroscope; picture-in-picture; web-share\" allowfullscreen><\/iframe><\/div>\n\t\t<\/div>\n\t<\/div>\n<\/div><\/div><\/div><\/div><div class=\"vc_row wpb_row vc_row-fluid\" ><div class=\"wpb_column vc_column_container vc_col-sm-12\"><div class=\"vc_column-inner\"><div class=\"wpb_wrapper\"><div class=\"vc_empty_space\"   style=\"height: 32px\"><span class=\"vc_empty_space_inner\"><\/span><\/div><div class=\"mkdf-section-title-holder\" style=\"text-align: center\">\n\t<div class=\"mkdf-st-inner\">\n\t\t\t\t\t<h5 class=\"mkdf-st-subtitle\" >\n\t\t\t\tSaman\u00e1, R\u00e9publique dominicaine\t\t\t<\/h5>\n\t\t\t\t\t\t\t<h3 class=\"mkdf-st-title\" >\n\t\t\t\tPlus d&#039;options de location de bateaux\t\t\t<\/h3>\n\t\t\t\t\t<\/div>\n<\/div><div class=\"vc_btn3-container vc_btn3-inline\" ><button class=\"vc_general vc_btn3 vc_btn3-size-md vc_btn3-shape-rounded vc_btn3-style-modern vc_btn3-color-green\">RESERVE MAINTENANT<\/button><\/div><\/div><\/div><\/div><\/div><div class=\"vc_row wpb_row vc_row-fluid\" ><div class=\"wpb_column vc_column_container vc_col-sm-12\"><div class=\"vc_column-inner\"><div class=\"wpb_wrapper\"><div class=\"vc_empty_space\"   style=\"height: 32px\"><span class=\"vc_empty_space_inner\"><\/span><\/div><div class=\"mkdf-section-title-holder\" style=\"text-align: center\">\n\t<div class=\"mkdf-st-inner\">\n\t\t\t\t\t<h5 class=\"mkdf-st-subtitle\" >\n\t\t\t\tOptions de groupe et priv\u00e9es\t\t\t<\/h5>\n\t\t\t\t\t\t\t<h3 class=\"mkdf-st-title\" >\n\t\t\t\tVisites Et Excursions\t\t\t<\/h3>\n\t\t\t\t\t<\/div>\n<\/div><\/div><\/div><\/div><\/div><div class=\"vc_row wpb_row vc_row-fluid\" ><div class=\"wpb_column vc_column_container vc_col-sm-12\"><div class=\"vc_column-inner\"><div class=\"wpb_wrapper\"><div class=\"vc_btn3-container vc_btn3-inline\" ><button class=\"vc_general vc_btn3 vc_btn3-size-md vc_btn3-shape-rounded vc_btn3-style-modern vc_btn3-color-green\">RESERVE MAINTENANT<\/button><\/div><\/div><\/div><\/div><\/div>","protected":false},"excerpt":{"rendered":"<p>&nbsp;<\/p>","protected":false},"author":2,"featured_media":0,"parent":0,"menu_order":0,"comment_status":"open","ping_status":"closed","template":"","meta":{"footnotes":""},"class_list":["post-15875","page","type-page","status-publish","hentry"],"_links":{"self":[{"href":"https:\/\/www.boattoursamana.com\/fr\/wp-json\/wp\/v2\/pages\/15875","targetHints":{"allow":["GET"]}}],"collection":[{"href":"https:\/\/www.boattoursamana.com\/fr\/wp-json\/wp\/v2\/pages"}],"about":[{"href":"https:\/\/www.boattoursamana.com\/fr\/wp-json\/wp\/v2\/types\/page"}],"author":[{"embeddable":true,"href":"https:\/\/www.boattoursamana.com\/fr\/wp-json\/wp\/v2\/users\/2"}],"replies":[{"embeddable":true,"href":"https:\/\/www.boattoursamana.com\/fr\/wp-json\/wp\/v2\/comments?post=15875"}],"version-history":[{"count":0,"href":"https:\/\/www.boattoursamana.com\/fr\/wp-json\/wp\/v2\/pages\/15875\/revisions"}],"wp:attachment":[{"href":"https:\/\/www.boattoursamana.com\/fr\/wp-json\/wp\/v2\/media?parent=15875"}],"curies":[{"name":"wp","href":"https:\/\/api.w.org\/{rel}","templated":true}]}}