{"id":11458,"date":"2014-08-03T18:52:12","date_gmt":"2014-08-03T18:52:12","guid":{"rendered":"https:\/\/www.ticketswhales.com\/?post_type=product&#038;p=11458"},"modified":"2023-03-28T22:35:23","modified_gmt":"2023-03-28T22:35:23","slug":"punta-cana-buggy-tour-pick-up-from-punta-cana-hotels","status":"publish","type":"product","link":"https:\/\/www.boattoursamana.com\/fr\/tournee\/punta-cana-buggy-tour-pick-up-depuis-les-hotels-de-punta-cana-2","title":{"rendered":"Excursion en buggy \u00e0 Punta Cana - Prise en charge depuis les h\u00f4tels de Punta Cana"},"content":{"rendered":"<div class=\"vc_row wpb_row vc_row-fluid\" ><div class=\"wpb_column vc_column_container vc_col-sm-12\"><div class=\"vc_column-inner\"><div class=\"wpb_wrapper\"><div class=\"mkdf-section-title-holder\" style=\"text-align: left\">\n\t<div class=\"mkdf-st-inner\">\n\t\t\t\t\t<h5 class=\"mkdf-st-subtitle\" >\n\t\t\t\tDepuis les h\u00f4tels de Punta Cana\t\t\t<\/h5>\n\t\t\t\t\t\t\t<h3 class=\"mkdf-st-title\" >\n\t\t\t\tBuggy \u00e0 Punta Cana - Buggy\t\t\t<\/h3>\n\t\t\t\t\t\t\t<p class=\"mkdf-st-text\" >\n\t\t\t\tRemarque\u00a0: Cette visite commence \u00e0 7h00. Selon l&#039;endroit o\u00f9 se trouve l&#039;heure de prise en charge des h\u00f4tels, l&#039;heure peut changer. Frais suppl\u00e9mentaires pour le ramassage dans les zones non r\u00e9pertori\u00e9es dans notre description.\t\t\t<\/p>\n\t\t\t<\/div>\n<\/div><\/div><\/div><\/div><\/div><div class=\"vc_row wpb_row vc_row-fluid\" ><div class=\"wpb_column vc_column_container vc_col-sm-12\"><div class=\"vc_column-inner\"><div class=\"wpb_wrapper\"><div class=\"vc_empty_space\"   style=\"height: 32px\"><span class=\"vc_empty_space_inner\"><\/span><\/div><div class=\"vc_btn3-container vc_btn3-inline\" ><button class=\"vc_general vc_btn3 vc_btn3-size-md vc_btn3-shape-rounded vc_btn3-style-modern vc_btn3-color-green\">RESERVE MAINTENANT<\/button><\/div><\/div><\/div><\/div><\/div><div class=\"vc_row wpb_row vc_row-fluid\" ><div class=\"wpb_column vc_column_container vc_col-sm-12\"><div class=\"vc_column-inner\"><div class=\"wpb_wrapper\">\n\t<div class=\"wpb_text_column wpb_content_element\" >\n\t\t<div class=\"wpb_wrapper\">\n\t\t\t<h4><b><i>Aper\u00e7u <\/i><\/b><\/h4>\n<div>\n<p>Visitez les paysages paradisiaques de Punta Cana, \u00e0 bord de votre propre buggy ! Vous allez <strong>d\u00e9couvrez le village de Macao et ses plages idylliques<\/strong>, ainsi que de se baigner dans un c\u00e9note indig\u00e8ne.<\/p>\n<\/div>\n<ul class=\"vcs-highlights\">\n<li>Choix de plusieurs d\u00e9parts tout au long de la journ\u00e9e<\/li>\n<li>Profitez de vues fantastiques<\/li>\n<li>Conviviale et familiale<\/li>\n<li>Prise en charge depuis un point de rendez-vous central<\/li>\n<li>Exp\u00e9rience romantique, parfaite pour les couples<\/li>\n<\/ul>\n<p>&nbsp;<\/p>\n<h4><b>Inclusions et exclusions<\/b><\/h4>\n<p>&nbsp;<\/p>\n<p><b>Inclusions<\/b><\/p>\n<p>&nbsp;<\/p>\n<ol>\n<li>Visite en buggies<\/li>\n<li>Prise en charge en bus depuis votre h\u00f4tel<\/li>\n<li style=\"font-weight: 400;\"><span style=\"font-weight: 400;\">Toutes les taxes, frais et frais de traitement<\/span><\/li>\n<li style=\"font-weight: 400;\"><span style=\"font-weight: 400;\">Taxes locales<\/span><\/li>\n<li style=\"font-weight: 400;\"><span style=\"font-weight: 400;\">Breuvages<\/span><\/li>\n<\/ol>\n<p><b> Exclusions<\/b><\/p>\n<ol>\n<li style=\"font-weight: 400;\"><span style=\"font-weight: 400;\">Pourboires<\/span><\/li>\n<li>D\u00e9jeuner<\/li>\n<\/ol>\n<p>&nbsp;<\/p>\n<h4><em><strong>D\u00e9part &amp; Retour<\/strong><\/em><\/h4>\n<p><span style=\"font-weight: 400;\">Le voyageur obtiendra un point de rendez-vous apr\u00e8s le processus de r\u00e9servation. Les visites commencent et se terminent dans nos points de rendez-vous.<\/span><\/p>\n<p>&nbsp;<\/p>\n<h4><b><i>\u00c0 quoi s&#039;attendre?<\/i><\/b><\/h4>\n<p>Apr\u00e8s \u00eatre venu vous chercher \u00e0 votre h\u00f4tel, nous nous dirigerons vers l&#039;int\u00e9rieur de Punta Cana. Entour\u00e9 par <strong>plantations de caf\u00e9 et de cacao<\/strong>, ton\u00a0<strong>guides locaux<\/strong>\u00a0vous expliquera la visite et tout ce que vous devez savoir pour conduire votre buggy.<\/p>\n<p>Ensuite, nous tournerons la cl\u00e9 dans le contact et commencerons l&#039;excitation en nous glissant dessus\u00a0<strong>collines, \u00e0 travers les plantations de caf\u00e9 et le long des sentiers de terre et des lits de rivi\u00e8res<\/strong>.<\/p>\n<p>Notre premier arr\u00eat sera \u00e0 la plage de Macao. Loin des grands h\u00f4tels et des zones touristiques, ce\u00a0<strong>paradis naturel<\/strong>\u00a0et son eau cristalline est l&#039;endroit id\u00e9al pour un plongeon, et ici vous aurez du temps libre pour\u00a0<strong>nager dans la magnifique mer des Cara\u00efbes<\/strong>.<\/p>\n<p>Ensuite, nous remonterons \u00e0 bord de notre buggy, en route vers les soi-disant \u00absources indig\u00e8nes\u00bb, d\u00e9couvrant l&#039;une des plus idylliques<strong>\u00a0c\u00e9notes<\/strong>\u00a0\u00e0 Punta Cana. Ici, vous aurez une demi-heure libre pour explorer cette piscine souterraine et nager dans ses eaux turquoises.<\/p>\n<p>Enfin, nous laisserons les buggies derri\u00e8re nous et nous vous raccompagnerons jusqu&#039;\u00e0 votre logement, mettant fin \u00e0 une journ\u00e9e inoubliable.<\/p>\n<p><strong>Calendrier:<\/strong><\/p>\n<p>7h00 \u2013 19h00\u2026 Changement d&#039;heure en fonction de l&#039;endroit o\u00f9 vous vous trouvez \u00e0 Punta Cana.<\/p>\n<h4>Solo ou Partage ?<\/h4>\n<p>Lors de votre r\u00e9servation, vous pouvez choisir si vous pr\u00e9f\u00e9rez conduire un buggy pour vous-m\u00eame ou partager un v\u00e9hicule avec un ou trois autres. Le prix indiqu\u00e9 est par personne.<\/p>\n<p>&nbsp;<\/p>\n<h4><em><strong>Que devez-vous apporter?<\/strong><\/em><\/h4>\n<ul>\n<li style=\"font-weight: 400;\"><span style=\"font-weight: 400;\">Appareil photo<\/span><\/li>\n<li style=\"font-weight: 400;\"><span style=\"font-weight: 400;\">Bourgeons r\u00e9pulsifs<\/span><\/li>\n<li style=\"font-weight: 400;\"><span style=\"font-weight: 400;\">cr\u00eame solaire<\/span><\/li>\n<li style=\"font-weight: 400;\"><span style=\"font-weight: 400;\">Chapeau<\/span><\/li>\n<li style=\"font-weight: 400;\"><span style=\"font-weight: 400;\">Pantalon confortable<\/span><\/li>\n<li style=\"font-weight: 400;\"><span style=\"font-weight: 400;\">Chaussures de randonn\u00e9e pour la for\u00eat<\/span><\/li>\n<li style=\"font-weight: 400;\"><span style=\"font-weight: 400;\">Sandales \u00e0 la plage<\/span><\/li>\n<li style=\"font-weight: 400;\"><span style=\"font-weight: 400;\">Maillot de bain<\/span><\/li>\n<li>De l&#039;argent pour des souvenirs<\/li>\n<\/ul>\n<p>&nbsp;<\/p>\n<h4><b><i>Prise en charge \u00e0 l&#039;h\u00f4tel <\/i><\/b><\/h4>\n<p><span style=\"font-weight: 400;\">Le ramassage des voyageurs est offert!<\/span><\/p>\n<p><span style=\"font-weight: 400;\">Nous venons vous chercher dans tous les h\u00f4tels de Punta Cana. Le lieu de prise en charge est le hall de l&#039;h\u00f4tel<br \/>\nSi vous s\u00e9journez dans un condo de la r\u00e9gion, nous viendrons vous chercher au condo ou \u00e0 l&#039;entr\u00e9e de la station baln\u00e9aire la plus proche. Nous organisons la prise en charge en nous contactant par Whatsapp.<\/span><\/p>\n<p><b>Note:<\/b><span style=\"font-weight: 400;\"> Si vous r\u00e9servez dans les 24 heures suivant l&#039;heure de d\u00e9part de la visite \/ excursion, nous pouvons organiser la prise en charge \u00e0 l&#039;h\u00f4tel. Une fois votre achat termin\u00e9, nous vous enverrons les coordonn\u00e9es compl\u00e8tes (num\u00e9ro de t\u00e9l\u00e9phone, adresse e-mail, etc.) de notre guide local pour organiser la prise en charge.<\/span><\/p>\n<h4><b><i>Confirmation d&#039;informations suppl\u00e9mentaires <\/i><\/b><\/h4>\n<ol>\n<li>Les billets sont le re\u00e7u apr\u00e8s avoir pay\u00e9 ce tour. Vous pouvez afficher le paiement sur votre t\u00e9l\u00e9phone.<\/li>\n<li style=\"font-weight: 400;\"><span style=\"font-weight: 400;\">Le point de rencontre sera re\u00e7u apr\u00e8s le processus de r\u00e9servation.<\/span><\/li>\n<li style=\"font-weight: 400;\"><strong>Enfants entre 5 et 11 ans<\/strong>\u00a0ne peuvent participer que s&#039;ils voyagent en buggy 2 ou 4 personnes, accompagn\u00e9s d&#039;un adulte, car ils ne sont pas en mesure de conduire les buggies.<\/li>\n<li style=\"font-weight: 400;\"><span style=\"font-weight: 400;\">Accessible aux fauteuils roulants <\/span><\/li>\n<li style=\"font-weight: 400;\"><span style=\"font-weight: 400;\">Les b\u00e9b\u00e9s doivent s&#039;asseoir sur les genoux <\/span><\/li>\n<li style=\"font-weight: 400;\"><span style=\"font-weight: 400;\">La plupart des voyageurs peuvent participer<\/span><\/li>\n<li><strong>Femmes enceintes<\/strong>\u00a0ne peuvent pas participer \u00e0 cette activit\u00e9.<\/li>\n<\/ol>\n<h4><b><i>Politique d&#039;annulation<\/i><\/b><\/h4>\n<p><span style=\"font-weight: 400;\">Pour un remboursement complet, veuillez lire nos Politiques d&#039;annulation\u00a0<a href=\"https:\/\/www.boattoursamana.com\/fr\/reservation-en-ligne\/\" target=\"_blank\" rel=\"noopener\" data-saferedirecturl=\"https:\/\/www.google.com\/url?q=https:\/\/www.boattoursamana.com\/online-booking\/&amp;source=gmail&amp;ust=1672449202351000&amp;usg=AOvVaw1yAeVAPktmaVCqDujgUn90\">Cliquez ici<\/a>. Les fonds seront perdus si la r\u00e9servation est annul\u00e9e le jour m\u00eame du voyage.<\/span><\/p>\n\n\t\t<\/div>\n\t<\/div>\n<\/div><\/div><\/div><\/div><div class=\"vc_row wpb_row vc_row-fluid\" ><div class=\"wpb_column vc_column_container vc_col-sm-12\"><div class=\"vc_column-inner\"><div class=\"wpb_wrapper\">\n\t<div class=\"wpb_text_column wpb_content_element\" >\n\t\t<div class=\"wpb_wrapper\">\n\t\t\t<h4>Nous contacter?<\/h4>\n<h5><em><strong>Aventures de r\u00e9servation<\/strong><\/em><\/h5>\n<p><em><strong>des locaux<\/strong> et <strong>Nationaux<\/strong> Guides touristiques et services aux invit\u00e9s<\/em><\/p>\n<p><span class=\"text-turquoise\">R\u00e9servations:<\/span> Visites et excursions \u00e0 Dom. repr\u00e9sentant<\/p>\n\n\t\t<\/div>\n\t<\/div>\n<\/div><\/div><\/div><\/div><div class=\"vc_row wpb_row vc_row-fluid\" ><div class=\"wpb_column vc_column_container vc_col-sm-12\"><div class=\"vc_column-inner\"><div class=\"wpb_wrapper\"><div class=\"vc_empty_space\"   style=\"height: 32px\"><span class=\"vc_empty_space_inner\"><\/span><\/div>\n\t<div class=\"wpb_text_column wpb_content_element\" >\n\t\t<div class=\"wpb_wrapper\">\n\t\t\t<h4>Nous contacter?<\/h4>\n<h5>Aventures de r\u00e9servation<\/h5>\n<p><em><strong>des locaux<\/strong>\u00a0et\u00a0<strong>Nationaux<\/strong>\u00a0Guides touristiques et services aux invit\u00e9s<\/em><\/p>\n<p><span class=\"text-turquoise\">R\u00e9servations:<\/span>\u00a0Visites et excursions \u00e0 Dom. repr\u00e9sentant<\/p>\n<p><img decoding=\"async\" class=\"emoji\" draggable=\"false\" src=\"https:\/\/s.w.org\/images\/core\/emoji\/11.2.0\/svg\/1f4de.svg\" alt=\"\ud83d\udcde\" title=\"\">\u00a0T\u00e9l \/ Whatsapp\u00a0\u00a0<a href=\"tel:+1-809-720-6035\">+1-809-720-6035<\/a>.<\/p>\n<p><img decoding=\"async\" class=\"emoji\" draggable=\"false\" src=\"https:\/\/s.w.org\/images\/core\/emoji\/11.2.0\/svg\/1f4e9.svg\" alt=\"\ud83d\udce9\" title=\"\">\u00a0<a href=\"mailto:info@bookingadventures.com.do\">info@bookingadventures.com.do<\/a><\/p>\n<p><strong>Nous sommes des visites priv\u00e9es \u00e0 configuration flexible par Whatsapp\u00a0:\u00a0<a href=\"tel:+18097206035\">+18097206035.<\/a><\/strong><\/p>\n\n\t\t<\/div>\n\t<\/div>\n<div class=\"vc_empty_space\"   style=\"height: 32px\"><span class=\"vc_empty_space_inner\"><\/span><\/div><\/div><\/div><\/div><\/div><div class=\"vc_row wpb_row vc_row-fluid\" ><div class=\"wpb_column vc_column_container vc_col-sm-12\"><div class=\"vc_column-inner\"><div class=\"wpb_wrapper\"><div class=\"vc_btn3-container vc_btn3-inline\" ><button class=\"vc_general vc_btn3 vc_btn3-size-md vc_btn3-shape-rounded vc_btn3-style-modern vc_btn3-color-green\">RESERVE MAINTENANT<\/button><\/div><\/div><\/div><\/div><\/div>","protected":false},"excerpt":{"rendered":"<p>Apr\u00e8s \u00eatre venu vous chercher \u00e0 votre h\u00f4tel, nous nous dirigerons vers l&#039;int\u00e9rieur de Punta Cana. Entour\u00e9 par\u00a0<strong>plantations de caf\u00e9 et de cacao<\/strong>, ton\u00a0<strong>guides locaux<\/strong>\u00a0vous expliquera la visite et tout ce que vous devez savoir pour conduire votre buggy.<\/p>\n<p>Ensuite, nous tournerons la cl\u00e9 dans le contact et commencerons l&#039;excitation en nous glissant dessus\u00a0<strong>collines, \u00e0 travers les plantations de caf\u00e9 et le long des sentiers de terre et des lits de rivi\u00e8res<\/strong>.<\/p>\n<p>&nbsp;<\/p>\n<p><em><strong>Veuillez s\u00e9lectionner une date pour la visite\u00a0<\/strong><\/em><\/p>","protected":false},"featured_media":11468,"template":"","meta":[],"product_cat":[253,948,808,972,969,349,294],"product_tag":[810,811,222,809,471,313],"class_list":["post-11458","product","type-product","status-publish","has-post-thumbnail","hentry","product_cat-tours-and-excursions","product_cat-1-punta-cana","product_cat-punta-cana-buggy-tour","product_cat-punta-cana-group-tours","product_cat-punta-cana-buggies","product_cat-tours-and-excursion-punta-cana","product_cat-tours-excursions-punta-cana-dominican-republic","product_tag-buggies","product_tag-buggies-punta-cana","product_tag-punta-cana","product_tag-punta-cana-buggy-tour-pick-up-from-punta-cana-hotels","product_tag-punta-cana-catamaran-party-with-snorkeling-and-parasailing","product_tag-punta-cana-tours"],"_links":{"self":[{"href":"https:\/\/www.boattoursamana.com\/fr\/wp-json\/wp\/v2\/product\/11458","targetHints":{"allow":["GET"]}}],"collection":[{"href":"https:\/\/www.boattoursamana.com\/fr\/wp-json\/wp\/v2\/product"}],"about":[{"href":"https:\/\/www.boattoursamana.com\/fr\/wp-json\/wp\/v2\/types\/product"}],"wp:featuredmedia":[{"embeddable":true,"href":"https:\/\/www.boattoursamana.com\/fr\/wp-json\/wp\/v2\/media\/11468"}],"wp:attachment":[{"href":"https:\/\/www.boattoursamana.com\/fr\/wp-json\/wp\/v2\/media?parent=11458"}],"wp:term":[{"taxonomy":"product_cat","embeddable":true,"href":"https:\/\/www.boattoursamana.com\/fr\/wp-json\/wp\/v2\/product_cat?post=11458"},{"taxonomy":"product_tag","embeddable":true,"href":"https:\/\/www.boattoursamana.com\/fr\/wp-json\/wp\/v2\/product_tag?post=11458"}],"curies":[{"name":"wp","href":"https:\/\/api.w.org\/{rel}","templated":true}]}}