{"id":12064,"date":"2021-01-29T09:07:31","date_gmt":"2021-01-29T09:07:31","guid":{"rendered":"https:\/\/www.ticketswhales.com\/Tours-Excursions\/uncategorized\/import-placeholder-for-8651\/"},"modified":"2023-10-03T11:26:02","modified_gmt":"2023-10-03T11:26:02","slug":"excursion-whale-watching-samana-bay-cano-hondo-los-haitises-from-samana-port","status":"publish","type":"product","link":"https:\/\/www.boattoursamana.com\/fr\/tournee\/excursion-observation-des-baleines-baie-de-samana-cano-hondo-los-haitises-depuis-le-port-de-samana-2","title":{"rendered":"Excursion Observation des baleines Baie de Saman\u00e1 + Ca\u00f1o Hondo + Los Haitises depuis le port de Saman\u00e1"},"content":{"rendered":"<div class=\"vc_row wpb_row vc_row-fluid\" ><\/div><div class=\"wpb_column vc_column_container vc_col-sm-12\"><div class=\"vc_column-inner\"><div class=\"wpb_wrapper\"><\/div><\/div><\/div><div class=\"mkdf-section-title-holder\" style=\"text-align: left\">\n\t<div class=\"mkdf-st-inner\">\n\t\t\t\t\t<h5 class=\"mkdf-st-subtitle\" >\n\t\t\t\tVisites &amp; Excursions\t\t\t<\/h5>\n\t\t\t\t\t\t\t<h3 class=\"mkdf-st-title\" >\n\t\t\t\tExcursion Whale Watching Baie de Samana + Cano Hondo + Los Haitises depuis le port de Samana\t\t\t<\/h3>\n\t\t\t\t\t<\/div>\n<\/div>\n\t<div class=\"wpb_text_column wpb_content_element\" >\n\t\t<div class=\"wpb_wrapper\">\n\t\t\t<div class=\"vc_row wpb_row vc_row-fluid\">\n<div class=\"wpb_column vc_column_container vc_col-sm-12\">\n<div class=\"vc_column-inner\">\n<div class=\"wpb_wrapper\">\n<div class=\"wpb_text_column wpb_content_element\">\n<div class=\"wpb_wrapper\">\n<h3><\/h3>\n<p>L&#039;observation des baleines \u00e0 Saman\u00e1 commence \u00e0 partir du port de Saman\u00e1 apr\u00e8s l&#039;observation des baleines, nous traverserons la baie pour visiter les piscines naturelles de Ca\u00f1o Hondo, plus le d\u00e9jeuner et le voyage complet dans le parc national Los Haitises.<\/p>\n<p>Ce voyage commencera \u00e0 9h00 et se terminera \u00e0 17h00. Rendez-vous avant dans notre bureau. Apr\u00e8s avoir interrompu notre bateau priv\u00e9 pour visiter les baleines dans leur propre habitat. De 9h00 \u00e0 11h00, observatoire des baleines et apr\u00e8s cette excursion d&#039;observation des baleines, nous visiterons Ca\u00f1o Hondo pour le d\u00e9jeuner, nager dans des piscines naturelles et terminer par un voyage complet au parc national Los Haitises. Cette excursion se terminera au m\u00eame port d&#039;o\u00f9 commencera \u00e0 17h00.<\/p>\n<p><strong>Remarque\u00a0: Il s&#039;agit d&#039;une excursion priv\u00e9e.\u00a0<\/strong><\/p>\n<ul>\n<li>Voyage d&#039;observation des baleines<\/li>\n<li>Visite du parc national Los Haities<\/li>\n<li>Ca\u00f1o Hondo, d\u00e9jeuner et piscines<\/li>\n<li>Frais d&#039;entr\u00e9e \u00e0 l&#039;Observatoire<\/li>\n<li>Transfert en bateau<\/li>\n<li>Le capitaine assure l&#039;instruction et la supervision<\/li>\n<li>Guide touristique<\/li>\n<\/ul>\n<p>&nbsp;<\/p>\n<h4><b>Inclusions et exclusions<\/b><\/h4>\n<p>&nbsp;<\/p>\n<p><b>Inclusions<\/b><\/p>\n<ol>\n<li>D\u00e9jeuner buffet au Ca\u00f1o Hondo<\/li>\n<li>Piscines Naturelles<\/li>\n<li>Observation des baleines dans la baie de Saman\u00e1<\/li>\n<li>Parc national Los Haitises, grottes, mangroves et baie de San Lorenzo<\/li>\n<li>Guide touristique<\/li>\n<li>Excursion en catamaran ou en bateau<\/li>\n<li>Toutes les taxes, frais et frais de traitement<\/li>\n<li>Taxes locales<\/li>\n<li>Breuvages<\/li>\n<\/ol>\n<p><b>Exclusions<\/b><\/p>\n<ol>\n<li>Pourboires<\/li>\n<li>Voiture de transfert<\/li>\n<li>Boissons alcoolis\u00e9es<\/li>\n<\/ol>\n<p>&nbsp;<\/p>\n<h4><em><strong>D\u00e9part &amp; Retour<\/strong><\/em><\/h4>\n<p>Le voyageur obtiendra un point de rendez-vous apr\u00e8s le processus de r\u00e9servation. Les visites commencent et se terminent dans nos points de rendez-vous.<\/p>\n<p>&nbsp;<\/p>\n<h4><b><i>\u00c0 quoi s&#039;attendre?<\/i><\/b><\/h4>\n<p>&nbsp;<\/p>\n<p><em><strong>Obtenez vos billets<\/strong><\/em> pour une journ\u00e9e d&#039;observation des baleines dans la baie de Samana, un merveilleux d\u00e9jeuner et une plage et une visite du parc national Los Haitises.<\/p>\n<p>Le Daypass pour l&#039;observation des baleines, organis\u00e9 par &quot;Booking Adventures&quot; commence au point de rendez-vous fix\u00e9 avec le guide touristique. D\u00e9jeunez \u00e0 la plage et vous pouvez rester aussi longtemps que vous le souhaitez pour vous baigner. Si vous \u00eates v\u00e9g\u00e9talien, nous pouvons \u00e9galement vous pr\u00e9parer de la nourriture.<\/p>\n<p><strong>Calendrier:<\/strong><\/p>\n<p>8h45 \u2013 17h00<\/p>\n<p>&nbsp;<\/p>\n<h4><em><strong>Que devez-vous apporter?<\/strong><\/em><\/h4>\n<ul>\n<li>Appareil photo<\/li>\n<li>Bourgeons r\u00e9pulsifs<\/li>\n<li>cr\u00eame solaire<\/li>\n<li>Chapeau<\/li>\n<li>Pantalon confortable<\/li>\n<li>Sandales \u00e0 la plage<\/li>\n<li>Maillot de bain<\/li>\n<li>De l&#039;argent pour des souvenirs<\/li>\n<\/ul>\n<p>&nbsp;<\/p>\n<h4><b><i>Prise en charge \u00e0 l&#039;h\u00f4tel<\/i><\/b><\/h4>\n<p>La prise en charge \u00e0 l&#039;h\u00f4tel n&#039;est pas propos\u00e9e pour cette excursion.<\/p>\n<p>&nbsp;<\/p>\n<p><b>Note:<\/b>\u00a0si vous r\u00e9servez dans les 24 heures suivant l&#039;heure de d\u00e9part de la visite \/ excursion, nous pouvons organiser la prise en charge \u00e0 l&#039;h\u00f4tel moyennant des frais suppl\u00e9mentaires. Une fois votre achat termin\u00e9, nous vous enverrons les coordonn\u00e9es compl\u00e8tes (num\u00e9ro de t\u00e9l\u00e9phone, adresse e-mail, etc.) de notre guide local pour organiser la prise en charge.<\/p>\n<h4><b><i>Confirmation d&#039;informations suppl\u00e9mentaires<\/i><\/b><\/h4>\n<ol>\n<li>Les billets sont le re\u00e7u apr\u00e8s avoir pay\u00e9 ce tour. Vous pouvez afficher le paiement sur votre t\u00e9l\u00e9phone.<\/li>\n<li>Le point de rencontre sera re\u00e7u apr\u00e8s le processus de r\u00e9servation.<\/li>\n<li>Les enfants doivent \u00eatre accompagn\u00e9s par un adulte.<\/li>\n<li>Accessible aux fauteuils roulants<\/li>\n<li>Les b\u00e9b\u00e9s doivent s&#039;asseoir sur les genoux<\/li>\n<li>La plupart des voyageurs peuvent participer<\/li>\n<\/ol>\n<h4><b><i>Politique d&#039;annulation<\/i><\/b><\/h4>\n<p>Pour un remboursement complet, veuillez lire nos Politiques d&#039;annulation\u00a0<a href=\"https:\/\/www.boattoursamana.com\/fr\/reservation-en-ligne\/\" target=\"_blank\" rel=\"noopener\" data-saferedirecturl=\"https:\/\/www.google.com\/url?q=https:\/\/www.boattoursamana.com\/online-booking\/&amp;source=gmail&amp;ust=1672449202351000&amp;usg=AOvVaw1yAeVAPktmaVCqDujgUn90\">Cliquez ici<\/a>. Les fonds seront perdus si la r\u00e9servation est annul\u00e9e le jour m\u00eame du voyage.<\/p>\n<\/div>\n<\/div>\n<\/div>\n<\/div>\n<\/div>\n<\/div>\n<div class=\"vc_row wpb_row vc_row-fluid\">\n<div class=\"wpb_column vc_column_container vc_col-sm-12\">\n<div class=\"vc_column-inner\">\n<div class=\"wpb_wrapper\">\n<div class=\"wpb_text_column wpb_content_element\">\n<div class=\"wpb_wrapper\">\n<h4>Nous contacter?<\/h4>\n<h5><b><i>TOUR BALEINES SAMANA<\/i><\/b><\/h5>\n<p><em><strong>des locaux<\/strong>\u00a0et\u00a0<strong>Nationaux<\/strong>\u00a0Guides touristiques et services aux invit\u00e9s<\/em><\/p>\n<p><span class=\"text-turquoise\">R\u00e9servations:<\/span>\u00a0Visites et excursions \u00e0 Dom. repr\u00e9sentant<\/p>\n<p><img decoding=\"async\" class=\"emoji\" draggable=\"false\" src=\"https:\/\/s.w.org\/images\/core\/emoji\/11.2.0\/svg\/1f4de.svg\" alt=\"\ud83d\udcde\" title=\"\">\u00a0T\u00e9l \/ Whatsapp\u00a0\u00a0<a href=\"tel:+1-809-720-6035\">+1-809-720-6035<\/a>.<\/p>\n<p><img decoding=\"async\" class=\"emoji\" draggable=\"false\" src=\"https:\/\/s.w.org\/images\/core\/emoji\/11.2.0\/svg\/1f4e9.svg\" alt=\"\ud83d\udce9\" title=\"\">\u00a0<a href=\"mailto:info@bookingadventures.com.do\">info@bookingadventures.com.do<\/a><\/p>\n<p><strong>Nous sommes des visites priv\u00e9es \u00e0 configuration flexible par Whatsapp\u00a0:\u00a0<a href=\"tel:+18097206035\">+18097206035.<\/a><\/strong><\/p>\n<\/div>\n<\/div>\n<\/div>\n<\/div>\n<\/div>\n<\/div>\n\n\t\t<\/div>\n\t<\/div>\n<div class=\"mkdf-section-title-holder\" style=\"text-align: left\">\n\t<div class=\"mkdf-st-inner\">\n\t\t\t\t\t<h5 class=\"mkdf-st-subtitle\" >\n\t\t\t\tVisites et excursions priv\u00e9es\t\t\t<\/h5>\n\t\t\t\t\t\t\t<h3 class=\"mkdf-st-title\" >\n\t\t\t\tExcursion priv\u00e9e Observation des baleines Baie de Samana + Cano Hondo + Los Haitises depuis le port de Samana\t\t\t<\/h3>\n\t\t\t\t\t<\/div>\n<\/div>\n\t<div class=\"wpb_text_column wpb_content_element\" >\n\t\t<div class=\"wpb_wrapper\">\n\t\t\t<p>Je suis un bloc de texte. Cliquez sur le bouton Modifier pour modifier ce texte. Lorem ipsum dolor sit amet, consectetur adipiscing elit. Ut elit tellus, luctus nec ullamcorper mattis, pulvinar dapibus leo.<\/p>\n\n\t\t<\/div>\n\t<\/div>","protected":false},"excerpt":{"rendered":"<p>Il s&#039;agit d&#039;une excursion priv\u00e9e \u00e0 l&#039;observatoire d&#039;observation des baleines apr\u00e8s le d\u00e9jeuner \u00e0 l&#039;\u00e9colodge Ca\u00f1o Hondo et au parc national Los Haitises. Personne d&#039;autre n&#039;offre cette exp\u00e9rience incroyable lors d&#039;une excursion d&#039;une journ\u00e9e avec des guides professionnels d&#039;observation des baleines respectueux de l&#039;environnement. Si vous souhaitez nous contacter pour obtenir des conseils, veuillez envoyer un e-mail, Whatsapp ou appels disponibles. Veuillez r\u00e9server vos billets \u00e0 temps.<\/p>\n<p>&nbsp;<\/p>\n<p><strong>S\u00e9lectionnez la date de l&#039;excursion :<\/strong><\/p>","protected":false},"featured_media":11955,"template":"","meta":[],"product_cat":[655,928,860,861,862,933,656,657,658,659,660,661,662,663,664,273,665],"product_tag":[184,176,223,171,186,667,668,524,669,276,274,863,670],"class_list":["post-12064","product","type-product","status-publish","has-post-thumbnail","hentry","product_cat-1-samana","product_cat-boat-trip-los-haitises","product_cat-cano-hondo","product_cat-cano-hondo-2021","product_cat-los-haitises-national-park","product_cat-natural-pools-los-haitises","product_cat-tour-excursion","product_cat-tours-excursions","product_cat-tours-excursions-whale-watching-samana-bay-dominican-republic","product_cat-whale-miches","product_cat-whale-sabana-de-la-mar","product_cat-whale-samana","product_cat-whale-watching","product_cat-whale-watching-puerto-plata","product_cat-whale-watching-punta-cana","product_cat-whale-watching-samana","product_cat-whale-watching-samana-bay","product_tag-bacardi-island","product_tag-cano-hondo","product_tag-cayo-levantado","product_tag-los-haitises","product_tag-samana","product_tag-samana-tour","product_tag-whale","product_tag-whale-punta-cana","product_tag-whale-sabana-de-la-mar","product_tag-whale-samana","product_tag-whale-watching-dominican-republic","product_tag-whales-in-samana","product_tag-whales-trips"],"_links":{"self":[{"href":"https:\/\/www.boattoursamana.com\/fr\/wp-json\/wp\/v2\/product\/12064","targetHints":{"allow":["GET"]}}],"collection":[{"href":"https:\/\/www.boattoursamana.com\/fr\/wp-json\/wp\/v2\/product"}],"about":[{"href":"https:\/\/www.boattoursamana.com\/fr\/wp-json\/wp\/v2\/types\/product"}],"wp:featuredmedia":[{"embeddable":true,"href":"https:\/\/www.boattoursamana.com\/fr\/wp-json\/wp\/v2\/media\/11955"}],"wp:attachment":[{"href":"https:\/\/www.boattoursamana.com\/fr\/wp-json\/wp\/v2\/media?parent=12064"}],"wp:term":[{"taxonomy":"product_cat","embeddable":true,"href":"https:\/\/www.boattoursamana.com\/fr\/wp-json\/wp\/v2\/product_cat?post=12064"},{"taxonomy":"product_tag","embeddable":true,"href":"https:\/\/www.boattoursamana.com\/fr\/wp-json\/wp\/v2\/product_tag?post=12064"}],"curies":[{"name":"wp","href":"https:\/\/api.w.org\/{rel}","templated":true}]}}