{"id":12450,"date":"2021-03-27T06:52:26","date_gmt":"2021-03-27T06:52:26","guid":{"rendered":"https:\/\/www.ticketswhales.com\/?post_type=product&#038;p=12450"},"modified":"2023-03-22T10:10:45","modified_gmt":"2023-03-22T10:10:45","slug":"saona-island-rentals-rent-a-private-boat-small","status":"publish","type":"product","link":"https:\/\/www.boattoursamana.com\/fr\/tournee\/saona-island-rentals-louer-un-petit-bateau-prive-2","title":{"rendered":"Saona Island Rentals \u2013 Louez un petit bateau priv\u00e9"},"content":{"rendered":"<div class=\"vc_row wpb_row vc_row-fluid\" ><div class=\"wpb_column vc_column_container vc_col-sm-12\"><div class=\"vc_column-inner\"><div class=\"wpb_wrapper\">\n\t<div class=\"wpb_text_column wpb_content_element\" >\n\t\t<div class=\"wpb_wrapper\">\n\t\t\t<p> <span style=\"vertical-align: inherit;\"><span style=\"vertical-align: inherit;\"><\/p>\n\n\t\t<\/div>\n\t<\/div>\n<\/div><\/div><\/div><\/div><div class=\"vc_row wpb_row vc_row-fluid\" ><\/div><div class=\"wpb_column vc_column_container vc_col-sm-12\"><div class=\"vc_column-inner\"><div class=\"wpb_wrapper\"><\/div><\/div><\/div><div class=\"vc_tta-container\" data-vc-action=\"collapse\"><div class=\"vc_general vc_tta vc_tta-tabs vc_tta-color-grey vc_tta-style-classic vc_tta-shape-rounded vc_tta-spacing-1 vc_tta-tabs-position-top vc_tta-controls-align-left\"><div class=\"vc_tta-tabs-container\"><ul class=\"vc_tta-tabs-list\"><\/ul><\/div><div class=\"vc_tta-panels-container\"><div class=\"vc_tta-panels\"><\/div><\/div><\/div><\/div><div class=\"vc_tta-panel vc_active\" id=\"1616582286467-74629ea8-fd69\" data-vc-content=\".vc_tta-panel-body\"><div class=\"vc_tta-panel-heading\"><h4 class=\"vc_tta-panel-title\"><a href=\"#1616582286467-74629ea8-fd69\" data-vc-accordion data-vc-container=\".vc_tta-container\"><span class=\"vc_tta-title-text\">Description<\/span><\/a><\/h4><\/div><div class=\"vc_tta-panel-body\"><div class=\"vc_btn3-container vc_btn3-inline\" ><a class=\"vc_general vc_btn3 vc_btn3-size-md vc_btn3-shape-rounded vc_btn3-style-modern vc_btn3-color-green\" href=\"https:\/\/bookingadventures.tours\/booking.php?tour_id=c5b4dcf89f4d6ad59b861fe6cfa59959\" title=\"\" rel=\"noopener\">RESERVE MAINTENANT<\/a><\/div>\n\t<div class=\"wpb_text_column wpb_content_element\" >\n\t\t<div class=\"wpb_wrapper\">\n\t\t\t<p>\u00a0<\/span><\/span><\/p>\n<div class=\"custom-left\">\n<div class=\"row\">\n<div class=\"col-md-12 cust-clas\">\n<div class=\"product-header alignleft\">\n<p><span style=\"vertical-align: inherit;\"><span style=\"vertical-align: inherit;\">ILE DE SAONA \u2013 BATEAU \u2013 LOCATION<\/span><\/span><\/p>\n<p><span style=\"vertical-align: inherit;\"><span style=\"vertical-align: inherit;\">JOURN\u00c9E COMPL\u00c8TE DE CHARTER PRIV\u00c9 VERS L'\u00ceLE DE SAONA<\/span><\/span><\/p>\n<p><span style=\"vertical-align: inherit;\"><span style=\"vertical-align: inherit;\">DUR\u00c9E FLEXIBLE \u2013 DU LUNDI AU DIMANCHE<\/span><\/span><\/p>\n<\/div>\n<\/div>\n<\/div>\n<\/div>\n<div class=\"custom-left para-p\">\n<div class=\"info_content_label\">\n<p>&nbsp;<\/p>\n<p>&nbsp;<\/p>\n<p>&nbsp;<\/p>\n<p>&nbsp;<\/p>\n<p>Louez ce fabuleux bateau pour une journ\u00e9e compl\u00e8te pouvant accueillir jusqu&#039;\u00e0 16 personnes pour visiter l&#039;\u00eele de Saona.<\/p>\n<p><strong>Y COMPRIS<\/strong><\/p>\n<ul>\n<li>\u00c9quipage (capitaine et assistant du capitaine)<\/li>\n<li>Carburant<\/li>\n<li>Glaci\u00e8re avec de la glace<\/li>\n<\/ul>\n<p>La nourriture est disponible moyennant un suppl\u00e9ment :<\/p>\n<p><strong>D\u00e9tails du d\u00e9jeuner buffet traditionnel, $15 USD p\/p\u00a0:<\/strong><\/p>\n<p>-Salade verte, salade russe<br \/>\n-Pain<br \/>\n-Moro de Guandule (Riz \u00e0 la Dominicaine) \u00e0 la Noix de Coco<br \/>\n-P\u00e2tes \u00e0 la sauce tomate<br \/>\n-Cassolettes de yucca<br \/>\n-Poisson et poulet grill\u00e9 (dorado) + sauce au lait de coco en option<br \/>\n-Fruit frais<br \/>\n-1 boisson non alcoolis\u00e9e (soda ou eau)<br \/>\n-Caf\u00e9<\/p>\n<p><strong>Service de homard suppl\u00e9mentaire + bonbons \u00e0 la noix de coco $19 USD (suppl\u00e9mentaire).<\/strong><\/p>\n<\/div>\n<p><strong><label>Non inclus:<\/label><\/strong> Les boissons et la nourriture ne sont PAS incluses et peuvent \u00eatre organis\u00e9es moyennant des frais suppl\u00e9mentaires.<\/p>\n<p>&nbsp;<\/p>\n<\/div>\n<p>Si vous avez besoin de plus d&#039;informations ou avez des questions, n&#039;h\u00e9sitez pas \u00e0 nous contacter par Whatsapp : +1-809-720-6035 ou chat en direct. Nous offrons le meilleur prix en ligne!<\/p>\n<p>&nbsp;<\/p>\n<h4><b><i>Politique d&#039;annulation<\/i><\/b><\/h4>\n<p>Pour un remboursement complet, veuillez lire nos Politiques d&#039;annulation <a href=\"https:\/\/www.boattoursamana.com\/fr\/reservation-en-ligne\/\" target=\"_blank\" rel=\"noopener\" data-saferedirecturl=\"https:\/\/www.google.com\/url?q=https:\/\/www.boattoursamana.com\/online-booking\/&amp;source=gmail&amp;ust=1672449202351000&amp;usg=AOvVaw1yAeVAPktmaVCqDujgUn90\">Cliquez ici<\/a>. Les fonds seront perdus si la r\u00e9servation est annul\u00e9e le jour m\u00eame du voyage.<\/p>\n\n\t\t<\/div>\n\t<\/div>\n<\/div><\/div><div class=\"vc_tta-panel\" id=\"1616580432722-00be9baf-46e3\" data-vc-content=\".vc_tta-panel-body\"><div class=\"vc_tta-panel-heading\"><h4 class=\"vc_tta-panel-title\"><a href=\"#1616580432722-00be9baf-46e3\" data-vc-accordion data-vc-container=\".vc_tta-container\"><span class=\"vc_tta-title-text\">Prix<\/span><\/a><\/h4><\/div><div class=\"vc_tta-panel-body\"> <\/div><\/div><div class=\"mkdf-section-title-holder\" style=\"text-align: center\">\n\t<div class=\"mkdf-st-inner\">\n\t\t\t\t\t\t\t<h3 class=\"mkdf-st-title\" >\n\t\t\t\tPRIX\t\t\t<\/h3>\n\t\t\t\t\t<\/div>\n<\/div><div class=\"vc_empty_space\"   style=\"height: 32px\"><span class=\"vc_empty_space_inner\"><\/span><\/div><div class=\"vc_row wpb_row vc_row-fluid\" ><div class=\"wpb_column vc_column_container vc_col-sm-12\"><div class=\"vc_column-inner\"><div class=\"wpb_wrapper\"><div class=\"vc_btn3-container vc_btn3-inline\" ><a class=\"vc_general vc_btn3 vc_btn3-size-md vc_btn3-shape-rounded vc_btn3-style-modern vc_btn3-color-green\" href=\"https:\/\/bookingadventures.tours\/booking.php?tour_id=c5b4dcf89f4d6ad59b861fe6cfa59959\" title=\"\" rel=\"noopener\">RESERVE MAINTENANT<\/a><\/div><\/div><\/div><\/div><\/div>","protected":false},"excerpt":{"rendered":"Descripci\u00f3nBOOK NOW \u00a0 SAONA ISLAND - BOAT - RENTAL FULL DAY PRIVATE CHARTER TO SAONA ISLAND FLEXIBLE DURATION - MONDAY TO SUNDAY &nbsp; &nbsp; &nbsp; &nbsp; Rent this fabulous boat for the full day for up to 16 people to visit the Saona Island. INCLUDING Crew (Capitan and Captain's Assistant) Fuel Ice cooler with ice Food is available for an extra price: Details of the Traditional Buffet lunch, $15 USD p\/p: -Green salad, Russian Salad -Bread -Moro de Guandule (Rice [...]","protected":false},"featured_media":12452,"template":"","meta":[],"product_cat":[871],"product_tag":[874,875,872,876,873],"class_list":["post-12450","product","type-product","status-publish","has-post-thumbnail","hentry","product_cat-rent-private-boat-saona-island","product_tag-saona-island-boat-rent","product_tag-saona-island-boat-rentals","product_tag-saona-island-boat-renting","product_tag-saona-island-private-boat","product_tag-saona-island-rentals"],"_links":{"self":[{"href":"https:\/\/www.boattoursamana.com\/fr\/wp-json\/wp\/v2\/product\/12450","targetHints":{"allow":["GET"]}}],"collection":[{"href":"https:\/\/www.boattoursamana.com\/fr\/wp-json\/wp\/v2\/product"}],"about":[{"href":"https:\/\/www.boattoursamana.com\/fr\/wp-json\/wp\/v2\/types\/product"}],"wp:featuredmedia":[{"embeddable":true,"href":"https:\/\/www.boattoursamana.com\/fr\/wp-json\/wp\/v2\/media\/12452"}],"wp:attachment":[{"href":"https:\/\/www.boattoursamana.com\/fr\/wp-json\/wp\/v2\/media?parent=12450"}],"wp:term":[{"taxonomy":"product_cat","embeddable":true,"href":"https:\/\/www.boattoursamana.com\/fr\/wp-json\/wp\/v2\/product_cat?post=12450"},{"taxonomy":"product_tag","embeddable":true,"href":"https:\/\/www.boattoursamana.com\/fr\/wp-json\/wp\/v2\/product_tag?post=12450"}],"curies":[{"name":"wp","href":"https:\/\/api.w.org\/{rel}","templated":true}]}}