{"id":12753,"date":"2021-08-25T18:55:24","date_gmt":"2021-08-25T18:55:24","guid":{"rendered":"https:\/\/www.ticketswhales.com\/?post_type=product&#038;p=12753"},"modified":"2023-11-06T10:40:26","modified_gmt":"2023-11-06T10:40:26","slug":"montana-redonda-miches-round-mountain-day-pass-lunch-incluided","status":"publish","type":"product","link":"https:\/\/www.boattoursamana.com\/fr\/tournee\/montana-redonda-miches-round-mountain-pass-journal-dejeuner-inclus","title":{"rendered":"Carte journali\u00e8re Montana Redonda Miches (montagne ronde). D\u00e9jeuner inclus."},"content":{"rendered":"<div class=\"vc_row wpb_row vc_row-fluid\" ><div class=\"wpb_column vc_column_container vc_col-sm-12\"><div class=\"vc_column-inner\"><div class=\"wpb_wrapper\"><div class=\"vc_btn3-container vc_btn3-inline\" ><button class=\"vc_general vc_btn3 vc_btn3-size-md vc_btn3-shape-rounded vc_btn3-style-modern vc_btn3-color-green\">RESERVE MAINTENANT<\/button><\/div>\n\t<div class=\"wpb_text_column wpb_content_element\" >\n\t\t<div class=\"wpb_wrapper\">\n\t\t\t<h2><strong>Montana Redonda Miches (Round Mountain) Carte journali\u00e8re.<\/strong><\/h2>\n\n\t\t<\/div>\n\t<\/div>\n<\/div><\/div><\/div><\/div><div class=\"vc_row wpb_row vc_row-fluid\" ><div class=\"wpb_column vc_column_container vc_col-sm-12\"><div class=\"vc_column-inner\"><div class=\"wpb_wrapper\">\n\t<div class=\"wpb_text_column wpb_content_element\" >\n\t\t<div class=\"wpb_wrapper\">\n\t\t\t<h3>Montana Redonda Miches (Round Mountain) Carte journali\u00e8re. D\u00e9jeuner inclus.<\/h3>\n<h4><b><i>Aper\u00e7u <\/i><\/b><\/h4>\n<p>Montez dans un camion zafari et emmenez-nous au sommet tout en profitant d&#039;une vue panoramique sur la nature et l&#039;oc\u00e9an. Lorsque vous atteignez le sommet, vous aurez l&#039;occasion de vous surprendre et de tomber amoureux de la beaut\u00e9 de la narutaleza tout en prenant des photos incroyables. Vous aurez le d\u00e9jeuner et le temps de vous d\u00e9tendre dans ce paradis. Suivez une vue panoramique \u00e0 360 degr\u00e9s sur la c\u00e9l\u00e8bre montagne Montana Redonda de 1000 pieds de haut o\u00f9 vous pourrez d\u00e9guster un repas en regardant les oiseaux voler et une vue spectaculaire sur la nature \u00e0 son meilleur.<\/p>\n<p>Apr\u00e8s cette exp\u00e9rience, vous retournerez au Safari pour vous emmener \u00e0 Notre Point de Rencontre.<\/p>\n<ul>\n<li style=\"font-weight: 400;\">Frais inclus<\/li>\n<li>D\u00e9jeuner<\/li>\n<li>Transport depuis le point de rencontre.<\/li>\n<li>Montana Redonda<\/li>\n<\/ul>\n<h4><b>Inclusions et exclusions<\/b><\/h4>\n<p><b>Inclusions<\/b><\/p>\n<ol>\n<li>Montana Redonda<\/li>\n<li>D\u00e9jeuner<\/li>\n<li style=\"font-weight: 400;\"><span style=\"font-weight: 400;\">Toutes les taxes, frais et frais de traitement<\/span><\/li>\n<li style=\"font-weight: 400;\"><span style=\"font-weight: 400;\">Taxes locales<\/span><\/li>\n<li style=\"font-weight: 400;\"><span style=\"font-weight: 400;\">Breuvages<\/span><\/li>\n<li style=\"font-weight: 400;\"><span style=\"font-weight: 400;\">L&#039;ensemble des Activit\u00e9s<\/span><\/li>\n<li style=\"font-weight: 400;\"><span style=\"font-weight: 400;\">Guide local<\/span><\/li>\n<\/ol>\n<p><b> Exclusions<\/b><\/p>\n<ol>\n<li style=\"font-weight: 400;\"><span style=\"font-weight: 400;\">Pourboires<\/span><\/li>\n<li style=\"font-weight: 400;\"><span style=\"font-weight: 400;\">Boissons alcoolis\u00e9es<\/span><\/li>\n<\/ol>\n<p>&nbsp;<\/p>\n<h4><em><strong>D\u00e9part &amp; Retour<\/strong><\/em><\/h4>\n<p><span style=\"font-weight: 400;\">Le voyageur obtiendra un point de rendez-vous apr\u00e8s le processus de r\u00e9servation. Les visites commencent et se terminent \u00e0 vos points de rendez-vous.<\/span><\/p>\n<h4><\/h4>\n<h3>Montana Redonda Miches (Round Mountain) Carte journali\u00e8re. D\u00e9jeuner inclus.<\/h3>\n<h4><b><i>\u00c0 quoi s&#039;attendre?<\/i><\/b><\/h4>\n<p><em><strong>Obtenez vos billets<\/strong><\/em> pour visiter Montana Redonda (Round Mountain) \u00e0 Miches, est un lieu inoubliable, entour\u00e9 par la nature de la campagne, profitez d&#039;une vue panoramique, o\u00f9 le reflet des lagons se combine avec le lever du soleil sur la plage et le coucher du soleil avec le vert de la montagnes, air pur et oiseaux chanteurs, paix et tranquillit\u00e9 qui nous donnent envie de rester.<\/p>\n<div class=\"body-description secondary\">\n<p>Ce lieu propose un d\u00e9jeuner typique. Si vous \u00eates v\u00e9g\u00e9talien, ne vous inqui\u00e9tez pas, nous avons \u00e9galement de la nourriture pour vous!<\/p>\n<p>Apr\u00e8s le d\u00e9jeuner, vous pouvez d\u00e9cider quand terminer le voyage.<\/p>\n<\/div>\n<p>Au cas o\u00f9 vous aimeriez ce voyage plus long ou plus court, contactez-nous.<\/p>\n<p>&nbsp;<\/p>\n<h4><em><strong>Que devez-vous apporter?<\/strong><\/em><\/h4>\n<ul>\n<li style=\"font-weight: 400;\"><span style=\"font-weight: 400;\">Appareil photo<\/span><\/li>\n<li style=\"font-weight: 400;\"><span style=\"font-weight: 400;\">Bourgeons r\u00e9pulsifs<\/span><\/li>\n<li style=\"font-weight: 400;\"><span style=\"font-weight: 400;\">Cr\u00eame solaire<\/span><\/li>\n<li style=\"font-weight: 400;\"><span style=\"font-weight: 400;\">Chapeau<\/span><\/li>\n<li style=\"font-weight: 400;\"><span style=\"font-weight: 400;\">Pantalon confortable<\/span><\/li>\n<li style=\"font-weight: 400;\"><span style=\"font-weight: 400;\">Chaussures de randonn\u00e9e pour la for\u00eat<\/span><\/li>\n<\/ul>\n<p>&nbsp;<\/p>\n<h4><b><i>Prise en charge \u00e0 l&#039;h\u00f4tel <\/i><\/b><\/h4>\n<p><span style=\"font-weight: 400;\">La prise en charge \u00e0 l&#039;h\u00f4tel n&#039;est pas propos\u00e9e pour cette excursion.<br \/>\n<\/span><\/p>\n<p>&nbsp;<\/p>\n<p><b>Note:<\/b><span style=\"font-weight: 400;\"> Si vous r\u00e9servez dans les 24 heures suivant l&#039;heure de d\u00e9part de la visite \/ excursion, nous pouvons organiser la prise en charge \u00e0 l&#039;h\u00f4tel moyennant des frais suppl\u00e9mentaires. Une fois votre achat termin\u00e9, nous vous enverrons les coordonn\u00e9es compl\u00e8tes (num\u00e9ro de t\u00e9l\u00e9phone, adresse e-mail, etc.) de notre guide local pour organiser la prise en charge.<\/span><\/p>\n<h4><b><i>Confirmation d&#039;informations suppl\u00e9mentaires <\/i><\/b><\/h4>\n<ol>\n<li>Les billets sont le re\u00e7u apr\u00e8s avoir pay\u00e9 ce tour. Vous pouvez afficher le paiement sur votre t\u00e9l\u00e9phone.<\/li>\n<li style=\"font-weight: 400;\"><span style=\"font-weight: 400;\">Le point de rencontre sera re\u00e7u apr\u00e8s le processus de r\u00e9servation.<\/span><\/li>\n<li style=\"font-weight: 400;\"><span style=\"font-weight: 400;\">Les enfants doivent \u00eatre accompagn\u00e9s par un adulte.<\/span><\/li>\n<li style=\"font-weight: 400;\"><span style=\"font-weight: 400;\"> Non accessible aux fauteuils roulants <\/span><\/li>\n<li style=\"font-weight: 400;\"><span style=\"font-weight: 400;\">Les b\u00e9b\u00e9s doivent s&#039;asseoir sur les genoux <\/span><\/li>\n<li style=\"font-weight: 400;\"><span style=\"font-weight: 400;\">Non recommand\u00e9 pour les voyageurs ayant des probl\u00e8mes de dos<\/span><\/li>\n<li style=\"font-weight: 400;\"><span style=\"font-weight: 400;\">D\u00e9conseill\u00e9 aux voyageuses enceintes <\/span><\/li>\n<li style=\"font-weight: 400;\"><span style=\"font-weight: 400;\"> Pas de probl\u00e8mes cardiaques ou d&#039;autres conditions m\u00e9dicales graves <\/span><\/li>\n<li style=\"font-weight: 400;\"><span style=\"font-weight: 400;\">La plupart des voyageurs peuvent participer<\/span><\/li>\n<\/ol>\n<h4><b><i>Politique d&#039;annulation<\/i><\/b><\/h4>\n<p>Pour un remboursement complet, veuillez lire nos Politiques d&#039;annulation\u00a0<a href=\"https:\/\/www.boattoursamana.com\/fr\/reservation-en-ligne\/\" target=\"_blank\" rel=\"noopener\" data-saferedirecturl=\"https:\/\/www.google.com\/url?q=https:\/\/www.boattoursamana.com\/online-booking\/&amp;source=gmail&amp;ust=1672449202351000&amp;usg=AOvVaw1yAeVAPktmaVCqDujgUn90\">Cliquez ici<\/a>. Les fonds seront perdus si la r\u00e9servation est annul\u00e9e le jour m\u00eame du voyage.<\/p>\n\n\t\t<\/div>\n\t<\/div>\n<\/div><\/div><\/div><\/div><div class=\"vc_row wpb_row vc_row-fluid\" ><div class=\"wpb_column vc_column_container vc_col-sm-12\"><div class=\"vc_column-inner\"><div class=\"wpb_wrapper\"><div class=\"vc_empty_space\"   style=\"height: 32px\"><span class=\"vc_empty_space_inner\"><\/span><\/div><div class=\"vc_btn3-container vc_btn3-inline\" ><button class=\"vc_general vc_btn3 vc_btn3-size-md vc_btn3-shape-rounded vc_btn3-style-modern vc_btn3-color-green\">RESERVE MAINTENANT<\/button><\/div>\n\t<div class=\"wpb_video_widget wpb_content_element vc_clearfix   vc_video-aspect-ratio-169 vc_video-el-width-100 vc_video-align-left\" >\n\t\t<div class=\"wpb_wrapper\">\n\t\t\t<h2 class=\"wpb_heading wpb_video_heading\">Montana Redonda Vid\u00e9o\u00a0:<\/h2>\n\t\t\t<div class=\"wpb_video_wrapper\"><iframe loading=\"lazy\" title=\"Montana Redonda | Punta ca\u00f1a | R\u00e9publique dominicaine | Miches\" width=\"1100\" height=\"619\" src=\"https:\/\/www.youtube.com\/embed\/VMXCABYGIYs?feature=oembed\" frameborder=\"0\" allow=\"accelerometer; autoplay; clipboard-write; encrypted-media; gyroscope; picture-in-picture\" allowfullscreen><\/iframe><\/div>\n\t\t<\/div>\n\t<\/div>\n<div class=\"vc_empty_space\"   style=\"height: 32px\"><span class=\"vc_empty_space_inner\"><\/span><\/div><\/div><\/div><\/div><\/div><div class=\"vc_row wpb_row vc_row-fluid\" ><\/div><div class=\"wpb_column vc_column_container vc_col-sm-12\"><div class=\"vc_column-inner\"><div class=\"wpb_wrapper\"><\/div><\/div><\/div><div class=\"vc_empty_space\"   style=\"height: 32px\"><span class=\"vc_empty_space_inner\"><\/span><\/div><div class=\"vc_empty_space\"   style=\"height: 32px\"><span class=\"vc_empty_space_inner\"><\/span><\/div><div class=\"vc_row wpb_row vc_row-fluid\" ><div class=\"wpb_column vc_column_container vc_col-sm-12\"><div class=\"vc_column-inner\"><div class=\"wpb_wrapper\"><div class=\"vc_btn3-container vc_btn3-inline\" ><button class=\"vc_general vc_btn3 vc_btn3-size-md vc_btn3-shape-rounded vc_btn3-style-modern vc_btn3-color-green\">RESERVE MAINTENANT<\/button><\/div><\/div><\/div><\/div><\/div>","protected":false},"excerpt":{"rendered":"<p>Obtenez vos billets journaliers pour Montana Redonda. R\u00e9servez votre voyage \u00e0 la montagne maintenant et d\u00e9jeunez avec nous tout en profitant de la vue imprenable et en r\u00e9alisant le meilleur voyage en toute s\u00e9curit\u00e9 de votre vie.<\/p>\n<p><em><strong>S\u00e9lectionnez la date du Tour\u00a0:\u00a0<\/strong><\/em><\/p>","protected":false},"featured_media":9163,"template":"","meta":[],"product_cat":[919,920,921,855,922],"product_tag":[176,211,210,268,192,296,267,171,209,440,441,299,212,297,222,298,269],"class_list":["post-12753","product","type-product","status-publish","has-post-thumbnail","hentry","product_cat-attractions","product_cat-group-tours","product_cat-mou","product_cat-outdoor-activities","product_cat-punta-cana-tours-and-excursions","product_tag-cano-hondo","product_tag-cano-hondo-hotel","product_tag-cano-hondo-tours","product_tag-caves-los-haitises","product_tag-day-tour-cano-hondo","product_tag-day-trip-punta-cana","product_tag-las-terrenas","product_tag-los-haitises","product_tag-los-haitises-national-park","product_tag-los-haitises-national-park-map","product_tag-los-haitises-national-park-tour-from-las-terrenas","product_tag-los-haitises-national-park-tours-excursions","product_tag-mangroves-los-haitises","product_tag-montana-redonda-tours-excursion","product_tag-punta-cana","product_tag-punta-cana-tours-excursions","product_tag-transportation-los-haitises"],"_links":{"self":[{"href":"https:\/\/www.boattoursamana.com\/fr\/wp-json\/wp\/v2\/product\/12753","targetHints":{"allow":["GET"]}}],"collection":[{"href":"https:\/\/www.boattoursamana.com\/fr\/wp-json\/wp\/v2\/product"}],"about":[{"href":"https:\/\/www.boattoursamana.com\/fr\/wp-json\/wp\/v2\/types\/product"}],"wp:featuredmedia":[{"embeddable":true,"href":"https:\/\/www.boattoursamana.com\/fr\/wp-json\/wp\/v2\/media\/9163"}],"wp:attachment":[{"href":"https:\/\/www.boattoursamana.com\/fr\/wp-json\/wp\/v2\/media?parent=12753"}],"wp:term":[{"taxonomy":"product_cat","embeddable":true,"href":"https:\/\/www.boattoursamana.com\/fr\/wp-json\/wp\/v2\/product_cat?post=12753"},{"taxonomy":"product_tag","embeddable":true,"href":"https:\/\/www.boattoursamana.com\/fr\/wp-json\/wp\/v2\/product_tag?post=12753"}],"curies":[{"name":"wp","href":"https:\/\/api.w.org\/{rel}","templated":true}]}}