{"id":13398,"date":"2021-11-23T10:25:21","date_gmt":"2021-11-23T10:25:21","guid":{"rendered":"https:\/\/www.ticketswhales.com\/?post_type=product&#038;p=13398"},"modified":"2023-02-26T03:44:21","modified_gmt":"2023-02-26T03:44:21","slug":"private-speed-boat-lancha-samana-bay","status":"publish","type":"product","link":"https:\/\/www.boattoursamana.com\/fr\/tournee\/bateau-rapide-prive-lancha-baie-de-samana","title":{"rendered":"Bateau rapide priv\u00e9 (Lancha) Baie de Saman\u00e1"},"content":{"rendered":"<div class=\"vc_row wpb_row vc_row-fluid\" ><div class=\"wpb_column vc_column_container vc_col-sm-12\"><div class=\"vc_column-inner\"><div class=\"wpb_wrapper\"><div class=\"vc_btn3-container vc_btn3-inline\" ><button class=\"vc_general vc_btn3 vc_btn3-size-md vc_btn3-shape-rounded vc_btn3-style-modern vc_btn3-color-green\">RESERVE MAINTENANT<\/button><\/div>\n\t<div class=\"wpb_text_column wpb_content_element\" >\n\t\t<div class=\"wpb_wrapper\">\n\t\t\t<div class=\"custom-left\">\n<div class=\"row\">\n<div class=\"col-md-12 cust-clas\">\n<div class=\"product-header alignleft\">\n<p>BATEAU SAMANA \u2013 LOCATION<\/p>\n<p>CHARTE PRIV\u00c9E D&#039;UNE JOURN\u00c9E COMPL\u00c8TE DANS LA BAIE DE SAMANA<\/p>\n<p>VOYAGE DE 8 HEURES - DU LUNDI AU DIMANCHE<\/p>\n<\/div>\n<\/div>\n<\/div>\n<\/div>\n<div class=\"custom-left para-p\">\n<div class=\"info_content_label\">\n<p><label>Info:<\/label><\/p>\n<p>Louez ce fabuleux hors-bord pour la journ\u00e9e compl\u00e8te jusqu&#039;\u00e0 5 personnes pour visiter le <a href=\"https:\/\/www.boattoursamana.com\/fr\/destinations\/los-haitises-national-park-tickets-tours\/\" target=\"_blank\" rel=\"noopener\" data-saferedirecturl=\"https:\/\/www.google.com\/url?q=https:\/\/www.boattoursamana.com\/destinations\/los-haitises-national-park-tickets-tours\/&amp;source=gmail&amp;ust=1637749313206000&amp;usg=AOvVaw2iM1LFDbYv-Gthna0qZt2n\">Ha\u00eftiens<\/a> et Cayo Levantado. Aussi pendant la saison d&#039;observation des baleines, vous pouvez utiliser le bateau pour voir les baleines dans la baie de Samana.<\/p>\n<p>Comprend l&#039;\u00e9quipage, le carburant et le refroidisseur de glace.<\/p>\n<p>Options de restauration disponibles moyennant un suppl\u00e9ment\u00a0:<\/p>\n<p><strong>D\u00e9tails du d\u00e9jeuner buffet traditionnel, $15 USD pp\u00a0:<\/strong><\/p>\n<p>-Salade verte<br \/>\n-Pain<br \/>\n-Moro de Guandule (Riz \u00e0 la Dominicaine) \u00e0 la Noix de Coco<br \/>\n\u2013 P\u00e2tes \u00e0 la sauce tomate<br \/>\n-Cassolettes de yucca<br \/>\n-Poisson et poulet grill\u00e9 (dorado) + sauce au lait de coco en option<br \/>\n-Fruit frais<br \/>\n-1 boisson non alcoolis\u00e9e (soda ou eau)<br \/>\n-Caf\u00e9<\/p>\n<p><strong>Service de homard suppl\u00e9mentaire + bonbons \u00e0 la noix de coco $19 USD (suppl\u00e9mentaire).<\/strong><\/p>\n<\/div>\n<p><label>Comprend\u00a0:<\/label>\u00a0Autres services inclus (\u00e9quipage, carburant et glaci\u00e8re avec glace inclus)<\/p>\n<p><label>Non inclus:<\/label>\u00a0Les boissons ou la nourriture ne sont PAS incluses<\/p>\n<p><label>Inclure le carburant\u00a0:<\/label>\u00a0Oui<\/p>\n<\/div>\n<p>Contactez-nous par Whatsapp : +1-809-720-6035. Meilleur prix en ligne\u2026<\/p>\n<p>&nbsp;<\/p>\n<h4><b><i>Politique d&#039;annulation<\/i><\/b><\/h4>\n<p>Pour un remboursement complet, veuillez lire nos Politiques d&#039;annulation\u00a0<a href=\"https:\/\/www.boattoursamana.com\/fr\/reservation-en-ligne\/\" target=\"_blank\" rel=\"noopener\" data-saferedirecturl=\"https:\/\/www.google.com\/url?q=https:\/\/www.boattoursamana.com\/online-booking\/&amp;source=gmail&amp;ust=1672449202351000&amp;usg=AOvVaw1yAeVAPktmaVCqDujgUn90\">Cliquez ici<\/a>. Les fonds seront perdus si la r\u00e9servation est annul\u00e9e le jour m\u00eame du voyage.<\/p>\n\n\t\t<\/div>\n\t<\/div>\n<\/div><\/div><\/div><\/div><div class=\"vc_row wpb_row vc_row-fluid\" ><div class=\"wpb_column vc_column_container vc_col-sm-12\"><div class=\"vc_column-inner\"><div class=\"wpb_wrapper\"><div class=\"vc_btn3-container vc_btn3-inline\" ><button class=\"vc_general vc_btn3 vc_btn3-size-md vc_btn3-shape-rounded vc_btn3-style-modern vc_btn3-color-green\">RESERVE MAINTENANT<\/button><\/div><\/div><\/div><\/div><\/div>","protected":false},"excerpt":{"rendered":"<p>Bateau rapide priv\u00e9 ( Lancha) Baie de Samana Louez ce fabuleux bateau rapide pour la journ\u00e9e compl\u00e8te pouvant accueillir jusqu&#039;\u00e0 5 personnes pour visiter le <a href=\"https:\/\/www.boattoursamana.com\/fr\/destinations\/los-haitises-national-park-tickets-tours\/\" target=\"_blank\" rel=\"noopener\" data-saferedirecturl=\"https:\/\/www.google.com\/url?q=https:\/\/www.boattoursamana.com\/destinations\/los-haitises-national-park-tickets-tours\/&amp;source=gmail&amp;ust=1637749313206000&amp;usg=AOvVaw2iM1LFDbYv-Gthna0qZt2n\">Ha\u00eftiens<\/a> et Cayo Levantado. Aussi pendant la saison d&#039;observation des baleines, vous pouvez utiliser le bateau pour voir les baleines dans la baie de Samana.<\/p>","protected":false},"featured_media":12415,"template":"","meta":[],"product_cat":[1054,841,1000],"product_tag":[842,843,844,845],"class_list":["post-13398","product","type-product","status-publish","has-post-thumbnail","hentry","product_cat-private-speed-boat-lancha-samana-bay","product_cat-rent-catamaran-or-boat-samana","product_cat-ultimo2022","product_tag-catamaran-for-renting-samana","product_tag-samana-boat-rentals","product_tag-samana-catamaran","product_tag-samana-rentals"],"_links":{"self":[{"href":"https:\/\/www.boattoursamana.com\/fr\/wp-json\/wp\/v2\/product\/13398","targetHints":{"allow":["GET"]}}],"collection":[{"href":"https:\/\/www.boattoursamana.com\/fr\/wp-json\/wp\/v2\/product"}],"about":[{"href":"https:\/\/www.boattoursamana.com\/fr\/wp-json\/wp\/v2\/types\/product"}],"wp:featuredmedia":[{"embeddable":true,"href":"https:\/\/www.boattoursamana.com\/fr\/wp-json\/wp\/v2\/media\/12415"}],"wp:attachment":[{"href":"https:\/\/www.boattoursamana.com\/fr\/wp-json\/wp\/v2\/media?parent=13398"}],"wp:term":[{"taxonomy":"product_cat","embeddable":true,"href":"https:\/\/www.boattoursamana.com\/fr\/wp-json\/wp\/v2\/product_cat?post=13398"},{"taxonomy":"product_tag","embeddable":true,"href":"https:\/\/www.boattoursamana.com\/fr\/wp-json\/wp\/v2\/product_tag?post=13398"}],"curies":[{"name":"wp","href":"https:\/\/api.w.org\/{rel}","templated":true}]}}