{"id":14132,"date":"2022-07-23T07:34:07","date_gmt":"2022-07-23T07:34:07","guid":{"rendered":"https:\/\/www.ticketswhales.com\/?post_type=product&#038;p=14132"},"modified":"2023-10-04T07:28:46","modified_gmt":"2023-10-04T07:28:46","slug":"private-catamaran-samana-bay-celmira","status":"publish","type":"product","link":"https:\/\/www.boattoursamana.com\/fr\/tournee\/catamaran-prive-baie-de-samana-celmira-2","title":{"rendered":"Catamaran Priv\u00e9 Baie de Saman\u00e1 \u2013 Celmira"},"content":{"rendered":"<div class=\"vc_row wpb_row vc_row-fluid\" ><div class=\"wpb_column vc_column_container vc_col-sm-12\"><div class=\"vc_column-inner\"><div class=\"wpb_wrapper\"><div class=\"vc_btn3-container vc_btn3-inline\" ><a class=\"vc_general vc_btn3 vc_btn3-size-md vc_btn3-shape-rounded vc_btn3-style-modern vc_btn3-color-green\" href=\"https:\/\/bookingadventures.tours\/booking.php?tour_id=6ec50b68c12dad38f23859ed9400696e\" title=\"\" rel=\"noopener\">RESERVE MAINTENANT<\/a><\/div><div class=\"vc_tta-container\" data-vc-action=\"collapse\"><div class=\"vc_general vc_tta vc_tta-tabs vc_tta-color-sandy-brown vc_tta-style-modern vc_tta-shape-square vc_tta-spacing-1 vc_tta-tabs-position-top vc_tta-controls-align-left\"><div class=\"vc_tta-tabs-container\"><ul class=\"vc_tta-tabs-list\"><li class=\"vc_tta-tab vc_active\" data-vc-tab><a href=\"#1658558043421-55144174-f505\" data-vc-tabs data-vc-container=\".vc_tta\"><span class=\"vc_tta-title-text\">\u00c0 propos du bateau<\/span><\/a><\/li><li class=\"vc_tta-tab\" data-vc-tab><a href=\"#1658558043429-9adef37c-3c9f\" data-vc-tabs data-vc-container=\".vc_tta\"><span class=\"vc_tta-title-text\">\u00c9quipement de bateau<\/span><\/a><\/li><li class=\"vc_tta-tab\" data-vc-tab><a href=\"#1658558311759-f1fb6ddd-50cd\" data-vc-tabs data-vc-container=\".vc_tta\"><span class=\"vc_tta-title-text\">Suite<\/span><\/a><\/li><\/ul><\/div><div class=\"vc_tta-panels-container\"><div class=\"vc_tta-panels\"><div class=\"vc_tta-panel vc_active\" id=\"1658558043421-55144174-f505\" data-vc-content=\".vc_tta-panel-body\"><div class=\"vc_tta-panel-heading\"><h4 class=\"vc_tta-panel-title\"><a href=\"#1658558043421-55144174-f505\" data-vc-accordion data-vc-container=\".vc_tta-container\"><span class=\"vc_tta-title-text\">\u00c0 propos du bateau<\/span><\/a><\/h4><\/div><div class=\"vc_tta-panel-body\">\n\t<div class=\"wpb_text_column wpb_content_element\" >\n\t\t<div class=\"wpb_wrapper\">\n\t\t\t<h6>Nom : Celmira<\/h6>\n<h6>Mod\u00e8le:<\/h6>\n<h6>Ann\u00e9e:<\/h6>\n<h6>Longueur:<\/h6>\n<h6>Nombre de moteurs : 2<\/h6>\n<h6>Puissance : 400 CV<\/h6>\n\n\t\t<\/div>\n\t<\/div>\n<div class=\"vc_btn3-container vc_btn3-inline\" ><a class=\"vc_general vc_btn3 vc_btn3-size-md vc_btn3-shape-rounded vc_btn3-style-modern vc_btn3-color-green\" href=\"https:\/\/bookingadventures.tours\/booking.php?tour_id=6ec50b68c12dad38f23859ed9400696e\" title=\"\" rel=\"noopener\">RESERVE MAINTENANT<\/a><\/div><\/div><\/div><div class=\"vc_tta-panel\" id=\"1658558043429-9adef37c-3c9f\" data-vc-content=\".vc_tta-panel-body\"><div class=\"vc_tta-panel-heading\"><h4 class=\"vc_tta-panel-title\"><a href=\"#1658558043429-9adef37c-3c9f\" data-vc-accordion data-vc-container=\".vc_tta-container\"><span class=\"vc_tta-title-text\">\u00c9quipement de bateau<\/span><\/a><\/h4><\/div><div class=\"vc_tta-panel-body\">\n\t<div class=\"wpb_text_column wpb_content_element\" >\n\t\t<div class=\"wpb_wrapper\">\n\t\t\t<h6>Radio VHS<\/h6>\n<h6>Toilette<\/h6>\n<h6>Glaci\u00e8re<\/h6>\n<h6>Gilets de sauvetage<\/h6>\n<h6>\u00c9quipement de musique<\/h6>\n\n\t\t<\/div>\n\t<\/div>\n<\/div><\/div><div class=\"vc_tta-panel\" id=\"1658558311759-f1fb6ddd-50cd\" data-vc-content=\".vc_tta-panel-body\"><div class=\"vc_tta-panel-heading\"><h4 class=\"vc_tta-panel-title\"><a href=\"#1658558311759-f1fb6ddd-50cd\" data-vc-accordion data-vc-container=\".vc_tta-container\"><span class=\"vc_tta-title-text\">Suite<\/span><\/a><\/h4><\/div><div class=\"vc_tta-panel-body\">\n\t<div class=\"wpb_text_column wpb_content_element\" >\n\t\t<div class=\"wpb_wrapper\">\n\t\t\t<div class=\"info_content_label\">\n<h4>Inclus:<\/h4>\n<h6>\u00c9quipage \u00e0 bord<\/h6>\n<h6>Carburant<\/h6>\n<h4>Autre info:<\/h4>\n<h6>Le bateau est disponible de 6 h 00 \u00e0 16 h 30.<\/h6>\n<p><strong>Des options de boissons et de nourriture sont disponibles moyennant des frais suppl\u00e9mentaires\u00a0:<\/strong><\/p>\n<p>D\u00e9tails du d\u00e9jeuner buffet traditionnel sur l&#039;\u00eele de Cayo Levantado, $15 USD\/pp.<\/p>\n<p>-Salade verte<br \/>\n-Pain<br \/>\n-Moro de Guandule (Riz \u00e0 la Dominicaine) \u00e0 la Noix de Coco<br \/>\n\u2013 P\u00e2tes \u00e0 la sauce tomate<br \/>\n-Cassolettes de yucca<br \/>\n-Poisson et poulet grill\u00e9 (dorado) + sauce au lait de coco en option<br \/>\n-Fruit frais<br \/>\n-1 boisson non alcoolis\u00e9e (soda ou eau)<br \/>\n-Caf\u00e9<\/p>\n<p><strong>Service de homard suppl\u00e9mentaire + bonbons \u00e0 la noix de coco $19 USD (suppl\u00e9mentaire).<\/strong><\/p>\n<\/div>\n<p>Des boissons et de la nourriture peuvent \u00e9galement \u00eatre fournies \u00e0 bord moyennant des frais suppl\u00e9mentaires.<\/p>\n\n\t\t<\/div>\n\t<\/div>\n<\/div><\/div><\/div><\/div><\/div><\/div>\n\t<div class=\"wpb_text_column wpb_content_element\" >\n\t\t<div class=\"wpb_wrapper\">\n\t\t\t<h4><b><i>Politique d&#039;annulation<\/i><\/b><\/h4>\n<p>Pour un remboursement complet, veuillez lire nos Politiques d&#039;annulation\u00a0<a href=\"https:\/\/www.boattoursamana.com\/fr\/reservation-en-ligne\/\" target=\"_blank\" rel=\"noopener\" data-saferedirecturl=\"https:\/\/www.google.com\/url?q=https:\/\/www.boattoursamana.com\/online-booking\/&amp;source=gmail&amp;ust=1672449202351000&amp;usg=AOvVaw1yAeVAPktmaVCqDujgUn90\">Cliquez ici<\/a>. Les fonds seront perdus si la r\u00e9servation est annul\u00e9e le jour m\u00eame du voyage.<\/p>\n<p>&nbsp;<\/p>\n<p><strong>Contactez-nous par Whatsapp : +1-809-720-6035 ou livechat.<\/strong><\/p>\n<p><strong>La meilleure option en ligne \u00e0 Saman\u00e1\u00a0!<\/strong><\/p>\n\n\t\t<\/div>\n\t<\/div>\n<\/div><\/div><\/div><\/div><div class=\"vc_row wpb_row vc_row-fluid\" ><div class=\"wpb_column vc_column_container vc_col-sm-12\"><div class=\"vc_column-inner\"><div class=\"wpb_wrapper\"><div class=\"vc_empty_space\"   style=\"height: 32px\"><span class=\"vc_empty_space_inner\"><\/span><\/div><\/div><\/div><\/div><\/div><div class=\"vc_row wpb_row vc_row-fluid\" ><div class=\"wpb_column vc_column_container vc_col-sm-12\"><div class=\"vc_column-inner\"><div class=\"wpb_wrapper\">\n\t<div class=\"wpb_video_widget wpb_content_element vc_clearfix   vc_video-aspect-ratio-169 vc_video-el-width-100 vc_video-align-left\" >\n\t\t<div class=\"wpb_wrapper\">\n\t\t\t<h2 class=\"wpb_heading wpb_video_heading\">Louer un catamaran \u00e0 Samana, R\u00e9publique dominicaine - Courte vid\u00e9o<\/h2>\n\t\t\t<div class=\"wpb_video_wrapper\"><iframe loading=\"lazy\" title=\"Location Bateau Samana R\u00e9publique Dominicaine &amp; Tours &amp; Excursions\" width=\"1100\" height=\"619\" src=\"https:\/\/www.youtube.com\/embed\/9p-FAUp3hnA?feature=oembed\" frameborder=\"0\" allow=\"accelerometer; autoplay; clipboard-write; encrypted-media; gyroscope; picture-in-picture\" allowfullscreen><\/iframe><\/div>\n\t\t<\/div>\n\t<\/div>\n<\/div><\/div><\/div><\/div><div class=\"vc_row wpb_row vc_row-fluid\" ><div class=\"wpb_column vc_column_container vc_col-sm-12\"><div class=\"vc_column-inner\"><div class=\"wpb_wrapper\"><div class=\"vc_empty_space\"   style=\"height: 32px\"><span class=\"vc_empty_space_inner\"><\/span><\/div><div class=\"mkdf-section-title-holder\" style=\"text-align: center\">\n\t<div class=\"mkdf-st-inner\">\n\t\t\t\t\t<h5 class=\"mkdf-st-subtitle\" >\n\t\t\t\tSaman\u00e1, R\u00e9publique dominicaine\t\t\t<\/h5>\n\t\t\t\t\t\t\t<h3 class=\"mkdf-st-title\" >\n\t\t\t\tPlus d&#039;options de location de bateaux\t\t\t<\/h3>\n\t\t\t\t\t<\/div>\n<\/div><\/div><\/div><\/div><\/div><div class=\"vc_row wpb_row vc_row-fluid\" ><div class=\"wpb_column vc_column_container vc_col-sm-12\"><div class=\"vc_column-inner\"><div class=\"wpb_wrapper\"><div class=\"vc_empty_space\"   style=\"height: 32px\"><span class=\"vc_empty_space_inner\"><\/span><\/div><div class=\"mkdf-section-title-holder\" style=\"text-align: center\">\n\t<div class=\"mkdf-st-inner\">\n\t\t\t\t\t<h5 class=\"mkdf-st-subtitle\" >\n\t\t\t\tOptions de groupe et priv\u00e9es\t\t\t<\/h5>\n\t\t\t\t\t\t\t<h3 class=\"mkdf-st-title\" >\n\t\t\t\tVisites Et Excursions\t\t\t<\/h3>\n\t\t\t\t\t<\/div>\n<\/div><\/div><\/div><\/div><\/div>","protected":false},"excerpt":{"rendered":"BOOK NOWAbout BoatBoat EquipmentMoreAbout Boat Name: Celmira Model: Year: Lenght: Motors number: 2 Power: 400 HP BOOK NOWBoat Equipment VHS Radio Toilet Ice Cooler Life Jackets Music Equipment More Included: Crew onboard Fuel Other info: Boat is available from 6 AM until 4:30 PM. Drink and Food options are available for an extra cost: Details of the Traditional Buffet lunch on Cayo Levantado Island, $15 USD\/ pp. -Green salad -Bread -Moro de Guandule (Rice Dominican Style) with Coconut \u2013 Pasta [...]","protected":false},"featured_media":14133,"template":"","meta":[],"product_cat":[655,841],"product_tag":[842,843,844,845],"class_list":["post-14132","product","type-product","status-publish","has-post-thumbnail","hentry","product_cat-1-samana","product_cat-rent-catamaran-or-boat-samana","product_tag-catamaran-for-renting-samana","product_tag-samana-boat-rentals","product_tag-samana-catamaran","product_tag-samana-rentals"],"_links":{"self":[{"href":"https:\/\/www.boattoursamana.com\/fr\/wp-json\/wp\/v2\/product\/14132","targetHints":{"allow":["GET"]}}],"collection":[{"href":"https:\/\/www.boattoursamana.com\/fr\/wp-json\/wp\/v2\/product"}],"about":[{"href":"https:\/\/www.boattoursamana.com\/fr\/wp-json\/wp\/v2\/types\/product"}],"wp:featuredmedia":[{"embeddable":true,"href":"https:\/\/www.boattoursamana.com\/fr\/wp-json\/wp\/v2\/media\/14133"}],"wp:attachment":[{"href":"https:\/\/www.boattoursamana.com\/fr\/wp-json\/wp\/v2\/media?parent=14132"}],"wp:term":[{"taxonomy":"product_cat","embeddable":true,"href":"https:\/\/www.boattoursamana.com\/fr\/wp-json\/wp\/v2\/product_cat?post=14132"},{"taxonomy":"product_tag","embeddable":true,"href":"https:\/\/www.boattoursamana.com\/fr\/wp-json\/wp\/v2\/product_tag?post=14132"}],"curies":[{"name":"wp","href":"https:\/\/api.w.org\/{rel}","templated":true}]}}