{"id":14264,"date":"2017-08-26T15:47:04","date_gmt":"2017-08-26T15:47:04","guid":{"rendered":"https:\/\/www.ticketswhales.com\/?post_type=product&#038;p=14264"},"modified":"2023-10-06T11:37:36","modified_gmt":"2023-10-06T11:37:36","slug":"los-haitises-all-in-one-from-las-terrenas","status":"publish","type":"product","link":"https:\/\/www.boattoursamana.com\/fr\/tournee\/los-haitises-tout-en-un-depuis-las-terrenas","title":{"rendered":"Los Haitises All In One (Kayak, Randonn\u00e9e, Nautisme, Sp\u00e9l\u00e9ologie, Piscine Naturelle et D\u00e9jeuner) De Las Terrenas"},"content":{"rendered":"<div class=\"vc_row wpb_row vc_row-fluid\" ><div class=\"wpb_column vc_column_container vc_col-sm-12\"><div class=\"vc_column-inner\"><div class=\"wpb_wrapper\">\n\t<div class=\"wpb_text_column wpb_content_element\" >\n\t\t<div class=\"wpb_wrapper\">\n\t\t\t<h2>Los Haitises All In One (Kayak, Randonn\u00e9e, Nautisme, Sp\u00e9l\u00e9ologie, Piscine Naturelle et D\u00e9jeuner) De Las Terrenas<\/h2>\n<h4><b><i>Aper\u00e7u <\/i><\/b><\/h4>\n<p><span style=\"font-weight: 400;\">Los Haitises All In One est une \u00e9vasion de la ville pour vous immerger entre la ville historique et de p\u00eache de Sanchez et la capitale de Los Haitises Sabana de la Mar. Sanchez est connue comme un centre d&#039;exportation et pour avoir un train qui venait de La province de La Vega a \u00e9t\u00e9 construite \u00e0 la fin de 1800. Venez avec nous et profitez des eaux douces de l&#039;une des plages inexplor\u00e9es du parc national Los Haitises, o\u00f9 se trouve la baie de San Lorenzo. <\/span><\/p>\n<p><span style=\"font-weight: 400;\">L&#039;endroit est accessible en bateau, entour\u00e9 de for\u00eats tropicales et de mangroves. Pendant que vous naviguez de Sanchez \u00e0 Los Haitises, vous entrerez en contact avec la nature et le paysage inoubliable de ce parc. Cette visite sera un m\u00e9lange de kayak, de navigation de plaisance, de visite d&#039;une grotte et de baignade dans l&#039;un des parcs nationaux les plus importants du pays, voici la majorit\u00e9 de la biodiversit\u00e9 de l&#039;\u00eele et la deuxi\u00e8me plus grande for\u00eat de mangroves avec plus de 98 km2.\u00a0<\/span><\/p>\n<p><span style=\"font-weight: 400;\">Notre personnel local et expert veillera \u00e0 ce que vous connaissiez vraiment la culture des Taino, leur histoire \u00e0 Los Haitises et leur lien avec la nature. Cette visite est en mode \u00e9cotourisme o\u00f9 la communaut\u00e9 joue un r\u00f4le tr\u00e8s important, ce sont des guides, des bateaux Capitan et des chauffeurs.<\/span><\/p>\n<p><span style=\"font-weight: 400;\">La priorit\u00e9 de Booking Adventure est de s&#039;assurer que vous obtenez le meilleur des meilleurs, du moment o\u00f9 vous achetez le billet jusqu&#039;\u00e0 la fin de votre voyage. Nos visites sont ax\u00e9es sur l&#039;\u00e9ducation environnementale, l&#039;aventure et l&#039;histoire locale et pendant ce voyage, vous pourrez voir un peu de tout.\u00a0<\/span><\/p>\n<h3><span style=\"font-weight: 400;\">Inclusions et exclusions<\/span><\/h3>\n<h6><strong>Inclusions<\/strong><\/h6>\n<ul>\n<li><span style=\"font-weight: 400;\">Bateau rapide et capitaine\u00a0<\/span><\/li>\n<li><span style=\"font-weight: 400;\">Kayak\u00a0<\/span><\/li>\n<li>Sentier de randonn\u00e9e<\/li>\n<li><span style=\"font-weight: 400;\">Snacks, (eau, fruits, Soda)<\/span><\/li>\n<li>D\u00e9jeuner local<\/li>\n<li><span style=\"font-weight: 400;\">Toutes les taxes, frais et frais de traitement<\/span><\/li>\n<li><span style=\"font-weight: 400;\">Officiels Guides touristiques \u00e9cologistes anglais\/espagnol<\/span><\/li>\n<li><span style=\"font-weight: 400;\">Nager dans des piscines naturelles ou sur une plage inexplor\u00e9e\u00a0<\/span><\/li>\n<li><span style=\"font-weight: 400;\">Sp\u00e9l\u00e9ologie<\/span><\/li>\n<li>Prise en charge \u00e0 l&#039;h\u00f4tel<\/li>\n<\/ul>\n<h6><strong>Exclusions<\/strong><\/h6>\n<ul>\n<li><span style=\"font-weight: 400;\">Pourboires<\/span><\/li>\n<li><span style=\"font-weight: 400;\">Boisson<\/span><\/li>\n<\/ul>\n<h6><strong>D\u00e9part &amp; Retour<\/strong><\/h6>\n<p><span style=\"font-weight: 400;\">La visite, organis\u00e9e par &quot;Booking Adventures&quot; commence au point de rendez-vous fix\u00e9 avec le guide touristique ou le membre du personnel. Le voyageur obtiendra un point de rendez-vous apr\u00e8s le processus de r\u00e9servation. Les visites commencent et se terminent \u00e0 nos points de rendez-vous.<\/span><\/p>\n<h2>Los Haitises All In One (Kayak, Randonn\u00e9e, Nautisme, Sp\u00e9l\u00e9ologie, Piscine Naturelle et D\u00e9jeuner) De Las Terrenas<\/h2>\n<p><span style=\"font-weight: 400;\">\u00c0 quoi s&#039;attendre?<\/span><\/p>\n<p><span style=\"font-weight: 400;\">Obtenez votre billet pour le circuit \u00e9co-aventure du parc national Los Haitises All In One\u00a0<\/span><\/p>\n<p><span style=\"font-weight: 400;\">Cette excursion commence \u00e0 partir d&#039;un point de rendez-vous que vous devez confirmer aupr\u00e8s de nos agents de voyage ou de votre guide touristique avant de vous rendre \u00e0 n&#039;importe quel endroit. Une fois que vous aurez rencontr\u00e9 votre guide, vous aurez un d\u00e9briefing de la visite et de tout ce qui concerne votre journ\u00e9e.<\/span><\/p>\n<p><span style=\"font-weight: 400;\">Lorsque tout le monde sera pr\u00eat, nous nous dirigerons vers le premier endroit qui est le sentier Los Haitises o\u00f9 vous aurez une randonn\u00e9e de 30 minutes, pendant la randonn\u00e9e, nous verrons diff\u00e9rentes esp\u00e8ces de plantes et d&#039;oiseaux end\u00e9miques.\u00a0<\/span><\/p>\n<p><span style=\"font-weight: 400;\">Apr\u00e8s la randonn\u00e9e, nous retournons au bateau et montons \u00e0 Playita Las Almejas o\u00f9 se trouvent des piscines naturelles, tandis que nous naviguons \u00e0 travers la for\u00eat de mangroves et le manteau de la baie de San Lorenzo, nous partagerons avec vous des histoires sur Los Haitises, la g\u00e9ologie et passerons en revue les esp\u00e8ces de mangroves avec autour de la baie de San Lorenzo.\u00a0<\/span><\/p>\n<p><span style=\"font-weight: 400;\">Lorsque nous arrivons \u00e0 Las Almejas, vous devez pr\u00e9parer votre maillot de bain pour aller sur votre kayak et pagayer jusqu&#039;\u00e0 la grotte de la ligne avec votre guide, le reste du personnel vous attendra jusqu&#039;\u00e0 ce que vous ayez termin\u00e9 la premi\u00e8re partie de l&#039;activit\u00e9.<\/span><\/p>\n<p><span style=\"font-weight: 400;\">Au cours de cette partie de votre voyage, vous pourrez faire le tour du vieux port de Las Perlas qui est l&#039;une des premi\u00e8res structures construites par les Europ\u00e9ens dans la r\u00e9gion, vers 1876, et qui \u00e9tait reli\u00e9e \u00e0 une ligne de train qui servait de transport pour le du caf\u00e9, des bananes et tout ce que ce groupe d&#039;Europ\u00e9ens cultivait dans ce qui est aujourd&#039;hui Los Haitises.\u00a0<\/span><\/p>\n<p><span style=\"font-weight: 400;\">Dans la grotte que vous visiterez, il y a plus de 1200 pictogrammes peints par les Tainos, c&#039;\u00e9tait une fa\u00e7on de s&#039;exprimer, et aujourd&#039;hui cet art nous raconte des histoires que nous n&#039;aurions jamais pens\u00e9 trouver de nos jours. Lorsque vous aurez termin\u00e9 ici, nous retournerons \u00e0 Playa de las Almejas pour des collations et une baignade.\u00a0<\/span><\/p>\n<p><span style=\"font-weight: 400;\">Sur le chemin du retour de cette zone, nous vous montrerons quelques esp\u00e8ces de mangroves et parlerons de l&#039;importance de la for\u00eat de mangrove pour l&#039;\u00e9cologie en tant qu&#039;\u00e9cosyst\u00e8me.<\/span><\/p>\n<p><span style=\"font-weight: 400;\">Lorsque nous aurons fini de faire du kayak et de nager, nous ferons une pause pour prendre un d\u00e9jeuner local afin d&#039;embrasser la cuisine locale et de go\u00fbter le meilleur riz blanc et haricots rouges de l&#039;\u00eele des Cara\u00efbes.\u00a0<\/span><\/p>\n<p><span style=\"font-weight: 400;\">Apr\u00e8s le d\u00e9jeuner et quelques baignades au parc national Los Haitises, nous retournons \u00e0 Sanchez, sur le chemin du retour, profitez de 30 minutes de trajet jusqu&#039;\u00e0 la p\u00e9ninsule de Samana, cette excursion se termine au m\u00eame endroit qu&#039;elle a commenc\u00e9.<\/span><\/p>\n<p><span style=\"font-weight: 400;\">Remarque\u00a0: Ces visites sont effectu\u00e9es avec des guides touristiques \u00e9cologistes officiels. Veuillez r\u00e9server avec le temps car dans le parc il n&#039;y a pas trop de sp\u00e9cialistes.<\/span><\/p>\n<h6><strong>Que devez-vous apporter?<\/strong><\/h6>\n<ul>\n<li style=\"font-weight: 400;\" aria-level=\"1\"><span style=\"font-weight: 400;\">Appareil photo<\/span><\/li>\n<li style=\"font-weight: 400;\" aria-level=\"1\"><span style=\"font-weight: 400;\">Insectifuge\u00a0<\/span><\/li>\n<li style=\"font-weight: 400;\" aria-level=\"1\"><span style=\"font-weight: 400;\">Cr\u00eame solaire<\/span><\/li>\n<li style=\"font-weight: 400;\" aria-level=\"1\"><span style=\"font-weight: 400;\">Pantalon confortable<\/span><\/li>\n<li style=\"font-weight: 400;\" aria-level=\"1\"><span style=\"font-weight: 400;\">Chaussures de randonn\u00e9e<\/span><\/li>\n<li style=\"font-weight: 400;\" aria-level=\"1\"><span style=\"font-weight: 400;\">Imperm\u00e9able\u00a0<\/span><\/li>\n<li style=\"font-weight: 400;\" aria-level=\"1\"><span style=\"font-weight: 400;\">Maillot de bain\u00a0<\/span><\/li>\n<li style=\"font-weight: 400;\" aria-level=\"1\"><span style=\"font-weight: 400;\">Serviette<\/span><\/li>\n<li style=\"font-weight: 400;\" aria-level=\"1\"><span style=\"font-weight: 400;\">Sac \u00e9tanche\u00a0\u00a0<\/span><\/li>\n<\/ul>\n<h4><b><i>Prise en charge \u00e0 l&#039;h\u00f4tel <\/i><\/b><\/h4>\n<p><span style=\"font-weight: 400;\">La prise en charge \u00e0 l&#039;h\u00f4tel est offerte pour cette visite. Juste vous \u00eates \u00e0 Santa Barbara de Samana, Las Terrenas, Las Galeras &amp; Sanchez\u00a0<\/span><\/p>\n<p><b>Note:<\/b><span style=\"font-weight: 400;\"> Si vous r\u00e9servez dans les 24 heures suivant l&#039;heure de d\u00e9part de la visite \/ excursion, nous pouvons organiser la prise en charge \u00e0 l&#039;h\u00f4tel moyennant des frais suppl\u00e9mentaires depuis n&#039;importe quel endroit en R\u00e9publique dominicaine. Une fois votre achat termin\u00e9, nous vous enverrons les coordonn\u00e9es compl\u00e8tes (num\u00e9ro de t\u00e9l\u00e9phone, adresse e-mail, etc.) de notre guide local pour organiser la prise en charge.<\/span><\/p>\n<h4><b><i>Confirmation d&#039;informations suppl\u00e9mentaires <\/i><\/b><\/h4>\n<ol>\n<li>Les billets sont le re\u00e7u apr\u00e8s avoir pay\u00e9 pour ce tour. Vous pouvez afficher le paiement sur votre t\u00e9l\u00e9phone.<\/li>\n<li style=\"font-weight: 400;\"><span style=\"font-weight: 400;\">Le point de rencontre sera re\u00e7u apr\u00e8s le processus de r\u00e9servation.<\/span><\/li>\n<li style=\"font-weight: 400;\"><span style=\"font-weight: 400;\">Les enfants doivent \u00eatre accompagn\u00e9s par un adulte.<\/span><\/li>\n<li style=\"font-weight: 400;\"><span style=\"font-weight: 400;\"> Non accessible aux fauteuils roulants <\/span><\/li>\n<li style=\"font-weight: 400;\"><span style=\"font-weight: 400;\">Les b\u00e9b\u00e9s doivent s&#039;asseoir sur les genoux <\/span><\/li>\n<li style=\"font-weight: 400;\"><span style=\"font-weight: 400;\">Non recommand\u00e9 pour les voyageurs ayant des probl\u00e8mes de dos<\/span><\/li>\n<li style=\"font-weight: 400;\"><span style=\"font-weight: 400;\">D\u00e9conseill\u00e9 aux voyageuses enceintes <\/span><\/li>\n<li style=\"font-weight: 400;\"><span style=\"font-weight: 400;\"> Pas de probl\u00e8mes cardiaques ou d&#039;autres conditions m\u00e9dicales graves <\/span><\/li>\n<li style=\"font-weight: 400;\"><span style=\"font-weight: 400;\">La plupart des voyageurs peuvent participer<\/span><\/li>\n<\/ol>\n<h4><b><i>Politique d&#039;annulation<\/i><\/b><\/h4>\n<p><span style=\"font-weight: 400;\">Pour un remboursement complet, veuillez lire nos Politiques d&#039;annulation\u00a0<a href=\"https:\/\/www.boattoursamana.com\/fr\/reservation-en-ligne\/\" target=\"_blank\" rel=\"noopener\" data-saferedirecturl=\"https:\/\/www.google.com\/url?q=https:\/\/www.boattoursamana.com\/online-booking\/&amp;source=gmail&amp;ust=1672449202351000&amp;usg=AOvVaw1yAeVAPktmaVCqDujgUn90\">Cliquez ici<\/a>. Les fonds seront perdus si la r\u00e9servation est annul\u00e9e le jour m\u00eame du voyage.<\/span><\/p>\n\n\t\t<\/div>\n\t<\/div>\n<div class=\"mkdf-section-title-holder\" style=\"text-align: left\">\n\t<div class=\"mkdf-st-inner\">\n\t\t\t\t\t<h5 class=\"mkdf-st-subtitle\" >\n\t\t\t\t( Tout en un )\t\t\t<\/h5>\n\t\t\t\t\t\t\t<h3 class=\"mkdf-st-title\" >\n\t\t\t\tHaitises All In One (Kayak, Randonn\u00e9e, Nautisme, Sp\u00e9l\u00e9ologie, Piscine Naturelle &amp; D\u00e9jeuner) De Las Terrenas\t\t\t<\/h3>\n\t\t\t\t\t\t\t<p class=\"mkdf-st-text\" >\n\t\t\t\tCette exp\u00e9rience n\u00e9cessite un minimum de 4 participants. Si vous n&#039;\u00eates pas 4, n&#039;h\u00e9sitez pas \u00e0 nous contacter !\t\t\t<\/p>\n\t\t\t<\/div>\n<\/div><\/div><\/div><\/div><\/div><div class=\"vc_row wpb_row vc_row-fluid\" ><div class=\"wpb_column vc_column_container vc_col-sm-12\"><div class=\"vc_column-inner\"><div class=\"wpb_wrapper\">\n\t<div class=\"wpb_video_widget wpb_content_element vc_clearfix   vc_video-aspect-ratio-169 vc_video-el-width-100 vc_video-align-left\" >\n\t\t<div class=\"wpb_wrapper\">\n\t\t\t<h2 class=\"wpb_heading wpb_video_heading\">Kayak Los Haitises <\/h2>\n\t\t\t<div class=\"wpb_video_wrapper\"><iframe loading=\"lazy\" title=\"Excursion En Kayak Et Sp\u00e9l\u00e9ologie Dans Le Parc National Los Haitises, R\u00e9publique Dominicaine\" width=\"1100\" height=\"619\" src=\"https:\/\/www.youtube.com\/embed\/ucU1uwB57wQ?feature=oembed\" frameborder=\"0\" allow=\"accelerometer; autoplay; clipboard-write; encrypted-media; gyroscope; picture-in-picture; web-share\" allowfullscreen><\/iframe><\/div>\n\t\t<\/div>\n\t<\/div>\n<\/div><\/div><\/div><\/div><div class=\"vc_row wpb_row vc_row-fluid\" ><\/div><div class=\"wpb_column vc_column_container vc_col-sm-12\"><div class=\"vc_column-inner\"><div class=\"wpb_wrapper\"><\/div><\/div><\/div><div class=\"vc_empty_space\"   style=\"height: 32px\"><span class=\"vc_empty_space_inner\"><\/span><\/div><div class=\"vc_empty_space\"   style=\"height: 32px\"><span class=\"vc_empty_space_inner\"><\/span><\/div>","protected":false},"excerpt":{"rendered":"<p><span style=\"font-weight: 400;\">\u00c9vadez-vous de la ville pour vous immerger entre la ville historique et de p\u00eache de Sanchez et la capitale de Los HaitisesSabana de la Mar. Sanchez est connue comme un centre d&#039;exportation et pour avoir construit un train en provenance de la province de La Vega \u00e0 la fin de 1800 Venez avec nous et profitez des eaux douces de l&#039;une des plages inexplor\u00e9es du parc national Los Haitises, o\u00f9 se trouve la baie de San Lorenzo. L&#039;endroit est accessible en bateau, entour\u00e9 de for\u00eats tropicales et de mangroves. Pendant que vous naviguez de Sanchez \u00e0 Los Haitises, vous entrerez en contact avec la nature et le paysage inoubliable de ce parc. Cette visite sera un m\u00e9lange de kayak, de navigation de plaisance, de visite d&#039;une grotte et de baignade dans l&#039;un des parcs nationaux les plus importants du pays, voici la majorit\u00e9 de la biodiversit\u00e9 de l&#039;\u00eele et la deuxi\u00e8me plus grande for\u00eat de mangroves avec plus de 98 km2.\u00a0<\/span><\/p>\n<p>&nbsp;<\/p>\n<p><strong><span style=\"vertical-align: inherit;\"><span style=\"vertical-align: inherit;\">Choisissez une date pour cette aventure\u00a0:<\/span><\/span><\/strong><\/p>","protected":false},"featured_media":14267,"template":"","meta":[],"product_cat":[456,946,878,928,168,920,927,934,1046,862,160,773,254,255],"product_tag":[422,268,174,173,577,576,571,570,569,317,316,206,1047,522,209,575,441,574,572,499,175,498,200,187,573],"class_list":["post-14264","product","type-product","status-publish","has-post-thumbnail","hentry","product_cat-day-trips","product_cat-1-sabana-de-la-mar","product_cat-altos-de-cano-hondo","product_cat-boat-trip-los-haitises","product_cat-caves","product_cat-group-tours","product_cat-hiking-los-haitises","product_cat-kayaking-los-haitises","product_cat-las-terrenas","product_cat-los-haitises-national-park","product_cat-lunch","product_cat-private-tours-excursions","product_cat-tours-excursions-los-haitises-national-park","product_cat-tours-excursions-samana-bay-dominican-republic","product_tag-cano-hondo-sabana-de-la-mar","product_tag-caves-los-haitises","product_tag-eco-tours","product_tag-excursion","product_tag-hike-kayak","product_tag-hike-kayak-los-haitises-national-park","product_tag-hiking-los-haitises","product_tag-hiking-sabana-de-la-mar","product_tag-hiking-samana","product_tag-kayak-tour","product_tag-kayaking","product_tag-kayaking-los-haitises","product_tag-las-galeras-excursions","product_tag-las-terrenas-excursions","product_tag-los-haitises-national-park","product_tag-los-haitises-national-park-entrance-fee","product_tag-los-haitises-national-park-tour-from-las-terrenas","product_tag-los-haitises-national-park-tour-from-santo-domingo","product_tag-los-haitises-national-park-weather","product_tag-los-haitises-sabana-de-la-mar","product_tag-sabana-de-la-mar","product_tag-sabana-de-la-mar-tour","product_tag-samana-excursions","product_tag-samana-tours","product_tag-secrets-of-los-haitises"],"_links":{"self":[{"href":"https:\/\/www.boattoursamana.com\/fr\/wp-json\/wp\/v2\/product\/14264","targetHints":{"allow":["GET"]}}],"collection":[{"href":"https:\/\/www.boattoursamana.com\/fr\/wp-json\/wp\/v2\/product"}],"about":[{"href":"https:\/\/www.boattoursamana.com\/fr\/wp-json\/wp\/v2\/types\/product"}],"wp:featuredmedia":[{"embeddable":true,"href":"https:\/\/www.boattoursamana.com\/fr\/wp-json\/wp\/v2\/media\/14267"}],"wp:attachment":[{"href":"https:\/\/www.boattoursamana.com\/fr\/wp-json\/wp\/v2\/media?parent=14264"}],"wp:term":[{"taxonomy":"product_cat","embeddable":true,"href":"https:\/\/www.boattoursamana.com\/fr\/wp-json\/wp\/v2\/product_cat?post=14264"},{"taxonomy":"product_tag","embeddable":true,"href":"https:\/\/www.boattoursamana.com\/fr\/wp-json\/wp\/v2\/product_tag?post=14264"}],"curies":[{"name":"wp","href":"https:\/\/api.w.org\/{rel}","templated":true}]}}